{"id":5858,"date":"2022-02-22T07:31:17","date_gmt":"2022-02-22T07:31:17","guid":{"rendered":"https:\/\/medicinasinc.com\/cs\/?post_type=product&#038;p=5858"},"modified":"2022-03-14T11:25:32","modified_gmt":"2022-03-14T11:25:32","slug":"koupit-gama-hydroxybutyrat-ghb-liquid","status":"publish","type":"product","link":"https:\/\/medicinasinc.com\/cs\/product\/koupit-gama-hydroxybutyrat-ghb-liquid\/","title":{"rendered":"Koupit gama hydroxybutyr\u00e1t (GHB) Liquid"},"content":{"rendered":"<p>Gamma-Hydroxybutyric GHB na prodej ve Spojen\u00e9m kr\u00e1lovstv\u00ed, Evrop\u011b, Japonsku, Spojen\u00fdch arabsk\u00fdch emir\u00e1tech, \u010c\u00edn\u011b a Asii od p\u0159edn\u00edho velkoobchodn\u00edho zdroje GHB. Slibujeme diskr\u00e9tn\u00ed mezin\u00e1rodn\u00ed p\u0159epravu.<\/p>\n<p>-Kyselina hydroxym\u00e1seln\u00e1 (GHB), tak\u00e9 zn\u00e1m\u00e1 jako kyselina 4-hydroxybutanov\u00e1, je p\u0159irozen\u011b se vyskytuj\u00edc\u00ed neurotransmiter a halucinogenn\u00ed l\u00e1tka. V ur\u010dit\u00fdch m\u00edstech mozku p\u016fsob\u00ed jako prekurzor GABA, glutam\u00e1tu a glycinu. Je to m\u00edrn\u00fd agonista na receptoru GABAB a p\u016fsob\u00ed na receptor GHB. GHB se pou\u017e\u00edv\u00e1 jako celkov\u00e9 anestetikum a jako l\u00e9\u010dba kataplexie, narkolepsie a alkoholismu v l\u00e9ka\u0159sk\u00e9m prost\u0159ed\u00ed. Krom\u011b toho se neleg\u00e1ln\u011b pou\u017e\u00edv\u00e1 jako omamn\u00e1 l\u00e1tka, zlep\u0161uj\u00edc\u00ed v\u00fdkon, droga proti zn\u00e1siln\u011bn\u00ed a rekrea\u010dn\u00ed l\u00e1tka.<\/p>\n<p>\u010casto se pou\u017e\u00edv\u00e1 jako s\u016fl ve form\u011b hydroxybutyr\u00e1tu sodn\u00e9ho (NaGHB, sod\u00edk oxybutyr\u00e1t nebo Xyrem) nebo hydroxybutyr\u00e1t draseln\u00fd (KGHB, oxybutyr\u00e1t draseln\u00fd). GHB se tak\u00e9 vytv\u00e1\u0159\u00ed b\u011bhem fermentace a nach\u00e1z\u00ed se ve stopov\u00fdch mno\u017estv\u00edch v r\u016fzn\u00fdch pivech a v\u00ednech, stejn\u011b jako v hov\u011bz\u00edm mase a drobn\u00fdch citrusov\u00fdch plodech.<\/p>\n<p>GHB se v l\u00e9ka\u0159stv\u00ed pou\u017e\u00edv\u00e1 k l\u00e9\u010db\u011b narkolepsie a m\u00e9n\u011b \u010dasto i alkoholismu, i kdy\u017e jeho \u00fa\u010dinnost ve srovn\u00e1n\u00ed s jin\u00fdmi farmakoterapiemi alkoholismu z\u016fst\u00e1v\u00e1 nezn\u00e1m\u00e1.<\/p>\n<p>P\u0159\u00edle\u017eitostn\u011b se pou\u017e\u00edv\u00e1 off-label k l\u00e9\u010db\u011b fibromyalgie.<\/p>\n<p>Natrium-oxybutyr\u00e1t je l\u00e9k na p\u0159edpis, kter\u00fd obsahuje aktivn\u00ed slo\u017eku GHB (Xyrem). Americk\u00fd \u00fa\u0159ad pro potraviny a l\u00e9\u010diva schv\u00e1lil oxybutyr\u00e1t sodn\u00fd pro l\u00e9\u010dbu kataplexie spojen\u00e9 s narkolepsi\u00ed a nadm\u011brn\u00e9 denn\u00ed ospalosti (EDS) spojen\u00e9 s narkolepsi\u00ed.<\/p>\n<p>V modifikovan\u00fdch testech v\u00edcen\u00e1sobn\u00e9 latence sp\u00e1nku bylo zji\u0161t\u011bno, \u017ee GHB spolehliv\u011b zvy\u0161uje pomal\u00fd sp\u00e1nek a sni\u017euje sklon k REM sp\u00e1nku.<\/p>\n<p>Ozna\u010den\u00ed oxybutyr\u00e1tu sodn\u00e9ho schv\u00e1len\u00e9 FDA nazna\u010duje, \u017ee neexistuje \u017e\u00e1dn\u00fd d\u016fkaz, \u017ee GHB je karcinogenn\u00ed, teratogenn\u00ed nebo hepatotoxick\u00fd. Jeho lep\u0161\u00ed bezpe\u010dnostn\u00ed profil ne\u017e etanol m\u016f\u017ee vysv\u011btlit, pro\u010d je GHB st\u00e1le zkoum\u00e1n] jako mo\u017en\u00e1 n\u00e1hra\u017eka alkoholu.<\/p>\n","protected":false},"excerpt":{"rendered":"<p>Nakupte kapalinu Gamma-Hydroxybutyric GHB Liquid na prodej ve Velk\u00e9 Brit\u00e1nii, Evrop\u011b, Japonsku, Spojen\u00fdch arabsk\u00fdch emir\u00e1tech, \u010c\u00edn\u011b, Asii od nejlep\u0161\u00edho velkoobchodn\u00edho dodavatele GHB, garantujeme diskr\u00e9tn\u00ed doru\u010den\u00ed po cel\u00e9m sv\u011bt\u011b<\/p>\n<p>Minim\u00e1ln\u00ed mno\u017estv\u00ed\u00a0 200 ml<\/p>\n","protected":false},"featured_media":5868,"comment_status":"open","ping_status":"closed","template":"","meta":[],"product_brand":[],"product_cat":[2014],"product_tag":[4019,4016,4017,4020,4021,4022,4014,4015,4018],"class_list":{"0":"post-5858","1":"product","2":"type-product","3":"status-publish","4":"has-post-thumbnail","6":"product_cat-koupit-vyzkumne-chemikalie","7":"product_tag-antidepresivum-gama-hydroxymseln-kyseliny","8":"product_tag-buy-ghb-online","9":"product_tag-drug","10":"product_tag-gamma-hydroxybutyric-acid-bodybuilding","11":"product_tag-gamma-hydroxybutyric-acid-price","12":"product_tag-ghb-for-sale","13":"product_tag-koupit-gama-hydroxybutyrt-online","14":"product_tag-koupit-ghb","15":"product_tag-gama-hydroxymseln-kyselina-a-rstov-hormon","17":"first","18":"instock","19":"shipping-taxable","20":"purchasable","21":"product-type-variable"},"yoast_head":"<!-- This site is optimized with the Yoast SEO plugin v27.3 - https:\/\/yoast.com\/product\/yoast-seo-wordpress\/ -->\n<title>Koupit gama hydroxybutyr\u00e1t (GHB) \u2013 nejlep\u0161\u00ed nejlep\u0161\u00ed glob\u00e1ln\u00ed l\u00e9ky<\/title>\n<meta name=\"description\" content=\"Kupte si kapalinu Gamma-Hydroxybutyric GHB Liquid na prodej ve Velk\u00e9 Brit\u00e1nii, Evrop\u011b, Japonsku, Spojen\u00fdch arabsk\u00fdch emir\u00e1tech, \u010c\u00edn\u011b, Asii od nejlep\u0161\u00edho velkoobchodn\u00edho dodavatele GHB, garantujeme diskr\u00e9tn\u00ed doru\u010den\u00ed po cel\u00e9m sv\u011bt\u011b\" \/>\n<meta name=\"robots\" content=\"index, follow, max-snippet:-1, max-image-preview:large, max-video-preview:-1\" \/>\n<link rel=\"canonical\" href=\"https:\/\/medicinasinc.com\/cs\/product\/koupit-gama-hydroxybutyrat-ghb-liquid\/\" \/>\n<meta property=\"og:locale\" content=\"en_US\" \/>\n<meta property=\"og:type\" content=\"article\" \/>\n<meta property=\"og:title\" content=\"Koupit gama hydroxybutyr\u00e1t (GHB) \u2013 nejlep\u0161\u00ed nejlep\u0161\u00ed glob\u00e1ln\u00ed l\u00e9ky\" \/>\n<meta property=\"og:description\" content=\"Kupte si kapalinu Gamma-Hydroxybutyric GHB Liquid na prodej ve Velk\u00e9 Brit\u00e1nii, Evrop\u011b, Japonsku, Spojen\u00fdch arabsk\u00fdch emir\u00e1tech, \u010c\u00edn\u011b, Asii od nejlep\u0161\u00edho velkoobchodn\u00edho dodavatele GHB, garantujeme diskr\u00e9tn\u00ed doru\u010den\u00ed po cel\u00e9m sv\u011bt\u011b\" \/>\n<meta property=\"og:url\" content=\"https:\/\/medicinasinc.com\/cs\/product\/koupit-gama-hydroxybutyrat-ghb-liquid\/\" \/>\n<meta property=\"og:site_name\" content=\"Medicinas Inc\" \/>\n<meta property=\"article:modified_time\" content=\"2022-03-14T11:25:32+00:00\" \/>\n<meta property=\"og:image\" content=\"https:\/\/medicinasinc.com\/cs\/wp-content\/uploads\/sites\/2\/2022\/02\/Buy-gamma-hydroxybutyrate.jpg\" \/>\n\t<meta property=\"og:image:width\" content=\"600\" \/>\n\t<meta property=\"og:image:height\" content=\"450\" \/>\n\t<meta property=\"og:image:type\" content=\"image\/jpeg\" \/>\n<meta name=\"twitter:card\" content=\"summary_large_image\" \/>\n<meta name=\"twitter:label1\" content=\"Est. reading time\" \/>\n\t<meta name=\"twitter:data1\" content=\"2 minutes\" \/>\n<script type=\"application\/ld+json\" class=\"yoast-schema-graph\">{\"@context\":\"https:\\\/\\\/schema.org\",\"@graph\":[{\"@type\":\"WebPage\",\"@id\":\"https:\\\/\\\/medicinasinc.com\\\/cs\\\/product\\\/koupit-gama-hydroxybutyrat-ghb-liquid\\\/\",\"url\":\"https:\\\/\\\/medicinasinc.com\\\/cs\\\/product\\\/koupit-gama-hydroxybutyrat-ghb-liquid\\\/\",\"name\":\"Koupit gama hydroxybutyr\u00e1t (GHB) \u2013 nejlep\u0161\u00ed nejlep\u0161\u00ed glob\u00e1ln\u00ed l\u00e9ky\",\"isPartOf\":{\"@id\":\"https:\\\/\\\/medicinasinc.com\\\/cs\\\/#website\"},\"primaryImageOfPage\":{\"@id\":\"https:\\\/\\\/medicinasinc.com\\\/cs\\\/product\\\/koupit-gama-hydroxybutyrat-ghb-liquid\\\/#primaryimage\"},\"image\":{\"@id\":\"https:\\\/\\\/medicinasinc.com\\\/cs\\\/product\\\/koupit-gama-hydroxybutyrat-ghb-liquid\\\/#primaryimage\"},\"thumbnailUrl\":\"https:\\\/\\\/medicinasinc.com\\\/cs\\\/wp-content\\\/uploads\\\/sites\\\/2\\\/2022\\\/02\\\/Buy-gamma-hydroxybutyrate.jpg\",\"datePublished\":\"2022-02-22T07:31:17+00:00\",\"dateModified\":\"2022-03-14T11:25:32+00:00\",\"description\":\"Kupte si kapalinu Gamma-Hydroxybutyric GHB Liquid na prodej ve Velk\u00e9 Brit\u00e1nii, Evrop\u011b, Japonsku, Spojen\u00fdch arabsk\u00fdch emir\u00e1tech, \u010c\u00edn\u011b, Asii od nejlep\u0161\u00edho velkoobchodn\u00edho dodavatele GHB, garantujeme diskr\u00e9tn\u00ed doru\u010den\u00ed po cel\u00e9m sv\u011bt\u011b\",\"breadcrumb\":{\"@id\":\"https:\\\/\\\/medicinasinc.com\\\/cs\\\/product\\\/koupit-gama-hydroxybutyrat-ghb-liquid\\\/#breadcrumb\"},\"inLanguage\":\"en-US\",\"potentialAction\":[{\"@type\":\"ReadAction\",\"target\":[\"https:\\\/\\\/medicinasinc.com\\\/cs\\\/product\\\/koupit-gama-hydroxybutyrat-ghb-liquid\\\/\"]}]},{\"@type\":\"ImageObject\",\"inLanguage\":\"en-US\",\"@id\":\"https:\\\/\\\/medicinasinc.com\\\/cs\\\/product\\\/koupit-gama-hydroxybutyrat-ghb-liquid\\\/#primaryimage\",\"url\":\"https:\\\/\\\/medicinasinc.com\\\/cs\\\/wp-content\\\/uploads\\\/sites\\\/2\\\/2022\\\/02\\\/Buy-gamma-hydroxybutyrate.jpg\",\"contentUrl\":\"https:\\\/\\\/medicinasinc.com\\\/cs\\\/wp-content\\\/uploads\\\/sites\\\/2\\\/2022\\\/02\\\/Buy-gamma-hydroxybutyrate.jpg\",\"width\":600,\"height\":450},{\"@type\":\"BreadcrumbList\",\"@id\":\"https:\\\/\\\/medicinasinc.com\\\/cs\\\/product\\\/koupit-gama-hydroxybutyrat-ghb-liquid\\\/#breadcrumb\",\"itemListElement\":[{\"@type\":\"ListItem\",\"position\":1,\"name\":\"Obchod\",\"item\":\"https:\\\/\\\/medicinasinc.com\\\/cs\\\/obchod\\\/\"},{\"@type\":\"ListItem\",\"position\":2,\"name\":\"Koupit gama hydroxybutyr\u00e1t (GHB) Liquid\"}]},{\"@type\":\"WebSite\",\"@id\":\"https:\\\/\\\/medicinasinc.com\\\/cs\\\/#website\",\"url\":\"https:\\\/\\\/medicinasinc.com\\\/cs\\\/\",\"name\":\"Medicinas Inc\",\"description\":\"Health Medical Clinic\",\"potentialAction\":[{\"@type\":\"SearchAction\",\"target\":{\"@type\":\"EntryPoint\",\"urlTemplate\":\"https:\\\/\\\/medicinasinc.com\\\/cs\\\/?s={search_term_string}\"},\"query-input\":{\"@type\":\"PropertyValueSpecification\",\"valueRequired\":true,\"valueName\":\"search_term_string\"}}],\"inLanguage\":\"en-US\"}]}<\/script>\n<!-- \/ Yoast SEO plugin. -->","yoast_head_json":{"title":"Koupit gama hydroxybutyr\u00e1t (GHB) \u2013 nejlep\u0161\u00ed nejlep\u0161\u00ed glob\u00e1ln\u00ed l\u00e9ky","description":"Kupte si kapalinu Gamma-Hydroxybutyric GHB Liquid na prodej ve Velk\u00e9 Brit\u00e1nii, Evrop\u011b, Japonsku, Spojen\u00fdch arabsk\u00fdch emir\u00e1tech, \u010c\u00edn\u011b, Asii od nejlep\u0161\u00edho velkoobchodn\u00edho dodavatele GHB, garantujeme diskr\u00e9tn\u00ed doru\u010den\u00ed po cel\u00e9m sv\u011bt\u011b","robots":{"index":"index","follow":"follow","max-snippet":"max-snippet:-1","max-image-preview":"max-image-preview:large","max-video-preview":"max-video-preview:-1"},"canonical":"https:\/\/medicinasinc.com\/cs\/product\/koupit-gama-hydroxybutyrat-ghb-liquid\/","og_locale":"en_US","og_type":"article","og_title":"Koupit gama hydroxybutyr\u00e1t (GHB) \u2013 nejlep\u0161\u00ed nejlep\u0161\u00ed glob\u00e1ln\u00ed l\u00e9ky","og_description":"Kupte si kapalinu Gamma-Hydroxybutyric GHB Liquid na prodej ve Velk\u00e9 Brit\u00e1nii, Evrop\u011b, Japonsku, Spojen\u00fdch arabsk\u00fdch emir\u00e1tech, \u010c\u00edn\u011b, Asii od nejlep\u0161\u00edho velkoobchodn\u00edho dodavatele GHB, garantujeme diskr\u00e9tn\u00ed doru\u010den\u00ed po cel\u00e9m sv\u011bt\u011b","og_url":"https:\/\/medicinasinc.com\/cs\/product\/koupit-gama-hydroxybutyrat-ghb-liquid\/","og_site_name":"Medicinas Inc","article_modified_time":"2022-03-14T11:25:32+00:00","og_image":[{"width":600,"height":450,"url":"https:\/\/medicinasinc.com\/cs\/wp-content\/uploads\/sites\/2\/2022\/02\/Buy-gamma-hydroxybutyrate.jpg","type":"image\/jpeg"}],"twitter_card":"summary_large_image","twitter_misc":{"Est. reading time":"2 minutes"},"schema":{"@context":"https:\/\/schema.org","@graph":[{"@type":"WebPage","@id":"https:\/\/medicinasinc.com\/cs\/product\/koupit-gama-hydroxybutyrat-ghb-liquid\/","url":"https:\/\/medicinasinc.com\/cs\/product\/koupit-gama-hydroxybutyrat-ghb-liquid\/","name":"Koupit gama hydroxybutyr\u00e1t (GHB) \u2013 nejlep\u0161\u00ed nejlep\u0161\u00ed glob\u00e1ln\u00ed l\u00e9ky","isPartOf":{"@id":"https:\/\/medicinasinc.com\/cs\/#website"},"primaryImageOfPage":{"@id":"https:\/\/medicinasinc.com\/cs\/product\/koupit-gama-hydroxybutyrat-ghb-liquid\/#primaryimage"},"image":{"@id":"https:\/\/medicinasinc.com\/cs\/product\/koupit-gama-hydroxybutyrat-ghb-liquid\/#primaryimage"},"thumbnailUrl":"https:\/\/medicinasinc.com\/cs\/wp-content\/uploads\/sites\/2\/2022\/02\/Buy-gamma-hydroxybutyrate.jpg","datePublished":"2022-02-22T07:31:17+00:00","dateModified":"2022-03-14T11:25:32+00:00","description":"Kupte si kapalinu Gamma-Hydroxybutyric GHB Liquid na prodej ve Velk\u00e9 Brit\u00e1nii, Evrop\u011b, Japonsku, Spojen\u00fdch arabsk\u00fdch emir\u00e1tech, \u010c\u00edn\u011b, Asii od nejlep\u0161\u00edho velkoobchodn\u00edho dodavatele GHB, garantujeme diskr\u00e9tn\u00ed doru\u010den\u00ed po cel\u00e9m sv\u011bt\u011b","breadcrumb":{"@id":"https:\/\/medicinasinc.com\/cs\/product\/koupit-gama-hydroxybutyrat-ghb-liquid\/#breadcrumb"},"inLanguage":"en-US","potentialAction":[{"@type":"ReadAction","target":["https:\/\/medicinasinc.com\/cs\/product\/koupit-gama-hydroxybutyrat-ghb-liquid\/"]}]},{"@type":"ImageObject","inLanguage":"en-US","@id":"https:\/\/medicinasinc.com\/cs\/product\/koupit-gama-hydroxybutyrat-ghb-liquid\/#primaryimage","url":"https:\/\/medicinasinc.com\/cs\/wp-content\/uploads\/sites\/2\/2022\/02\/Buy-gamma-hydroxybutyrate.jpg","contentUrl":"https:\/\/medicinasinc.com\/cs\/wp-content\/uploads\/sites\/2\/2022\/02\/Buy-gamma-hydroxybutyrate.jpg","width":600,"height":450},{"@type":"BreadcrumbList","@id":"https:\/\/medicinasinc.com\/cs\/product\/koupit-gama-hydroxybutyrat-ghb-liquid\/#breadcrumb","itemListElement":[{"@type":"ListItem","position":1,"name":"Obchod","item":"https:\/\/medicinasinc.com\/cs\/obchod\/"},{"@type":"ListItem","position":2,"name":"Koupit gama hydroxybutyr\u00e1t (GHB) Liquid"}]},{"@type":"WebSite","@id":"https:\/\/medicinasinc.com\/cs\/#website","url":"https:\/\/medicinasinc.com\/cs\/","name":"Medicinas Inc","description":"Health Medical Clinic","potentialAction":[{"@type":"SearchAction","target":{"@type":"EntryPoint","urlTemplate":"https:\/\/medicinasinc.com\/cs\/?s={search_term_string}"},"query-input":{"@type":"PropertyValueSpecification","valueRequired":true,"valueName":"search_term_string"}}],"inLanguage":"en-US"}]}},"_links":{"self":[{"href":"https:\/\/medicinasinc.com\/cs\/wp-json\/wp\/v2\/product\/5858","targetHints":{"allow":["GET"]}}],"collection":[{"href":"https:\/\/medicinasinc.com\/cs\/wp-json\/wp\/v2\/product"}],"about":[{"href":"https:\/\/medicinasinc.com\/cs\/wp-json\/wp\/v2\/types\/product"}],"replies":[{"embeddable":true,"href":"https:\/\/medicinasinc.com\/cs\/wp-json\/wp\/v2\/comments?post=5858"}],"wp:featuredmedia":[{"embeddable":true,"href":"https:\/\/medicinasinc.com\/cs\/wp-json\/wp\/v2\/media\/5868"}],"wp:attachment":[{"href":"https:\/\/medicinasinc.com\/cs\/wp-json\/wp\/v2\/media?parent=5858"}],"wp:term":[{"taxonomy":"product_brand","embeddable":true,"href":"https:\/\/medicinasinc.com\/cs\/wp-json\/wp\/v2\/product_brand?post=5858"},{"taxonomy":"product_cat","embeddable":true,"href":"https:\/\/medicinasinc.com\/cs\/wp-json\/wp\/v2\/product_cat?post=5858"},{"taxonomy":"product_tag","embeddable":true,"href":"https:\/\/medicinasinc.com\/cs\/wp-json\/wp\/v2\/product_tag?post=5858"}],"curies":[{"name":"wp","href":"https:\/\/api.w.org\/{rel}","templated":true}]}}