{"id":5852,"date":"2022-02-22T07:25:44","date_gmt":"2022-02-22T07:25:44","guid":{"rendered":"https:\/\/medicinasinc.com\/cs\/?post_type=product&#038;p=5852"},"modified":"2022-03-14T11:25:51","modified_gmt":"2022-03-14T11:25:51","slug":"koupit-amfetamin-prasek","status":"publish","type":"product","link":"https:\/\/medicinasinc.com\/cs\/product\/koupit-amfetamin-prasek\/","title":{"rendered":"Koupit Amfetaminov\u00fd pr\u00e1\u0161ek"},"content":{"rendered":"<p>Amfetaminov\u00fd pr\u00e1\u0161ek lze zakoupit online.<\/p>\n<p>Amfetaminov\u00fd pr\u00e1\u0161ek online ve Spojen\u00e9m kr\u00e1lovstv\u00ed, Evrop\u011b a Evropsk\u00e9 unii, Amphetamine Powder z\u00e1silkov\u00fd prodej, Amfetaminy jsou stimula\u010dn\u00ed l\u00e9ky, co\u017e znamen\u00e1, \u017ee urychluj\u00ed p\u0159enos zpr\u00e1v mezi mozkem a t\u011blem.<\/p>\n<p>Amfetaminy jsou stimula\u010dn\u00ed l\u00e9ky, kter\u00e9 urychluj\u00ed p\u0159enos informac\u00ed mezi mozkem a t\u011blem.<\/p>\n<p>Mohlo by v\u00e1s tak\u00e9 zaj\u00edmat v\u00edce o \u00fa\u010dinc\u00edch a zdravotn\u00ed rizika spojen\u00e1 s amfetaminov\u00fdm pr\u00e1\u0161kem. M\u016f\u017ee se projevovat stejn\u00fdm zp\u016fsobem jako mnoho jin\u00fdch l\u00e9k\u016f.<\/p>\n<p>L\u00e9ka\u0159i opr\u00e1vn\u011bn\u011b doporu\u010duj\u00ed ur\u010dit\u00e9 t\u0159\u00eddy amfetamin\u016f k l\u00e9\u010db\u011b nemoc\u00ed, jako je porucha pozornosti s hyperaktivitou (ADHD) a narkolepsie (kdy \u010dlov\u011bk m\u00e1 neovladateln\u00e9 nutk\u00e1n\u00ed sp\u00e1t). Jin\u00e9 druhy amfetamin\u016f, jako je rychlost, jsou nez\u00e1konn\u011b vyr\u00e1b\u011bny a prod\u00e1v\u00e1ny. Samostatn\u00fd informa\u010dn\u00ed list je v\u011bnov\u00e1n siln\u011bj\u0161\u00ed form\u011b metamfetaminu, krystalick\u00e9mu metamfetaminu (ledu).<\/p>\n<p>Amfetaminy existuj\u00ed v r\u016fzn\u00fdch form\u00e1ch. Tyto l\u00e9ky jsou dostupn\u00e9 ve form\u011b pr\u00e1\u0161ku, tablet, krystal\u016f a kapsl\u00ed. P\u0159i neleg\u00e1ln\u00edm prodeji mohou b\u00fdt baleny do \u201ef\u00f3li\u00ed\u201c (hlin\u00edkov\u00e9 f\u00f3lie), plastov\u00fdch s\u00e1\u010dk\u016f nebo miniaturn\u00edch bal\u00f3nk\u016f.<\/p>\n<p>Amfetaminov\u00fd pr\u00e1\u0161ek m\u00e1 barvu od b\u00edl\u00e9 po hn\u011bdou a p\u0159\u00edle\u017eitostn\u011b obsahuje stopy \u0161ed\u00e9 nebo r\u016f\u017eov\u00e9. M\u00e1 \u0161tiplavou v\u016fni a ho\u0159kou chu\u0165. Kapsle a tablety obsahuj\u00edc\u00ed amfetaminy se v\u00fdrazn\u011b li\u0161\u00ed velikost\u00ed a barvou.<\/p>\n<p>Amfetamin \u2013 Neleg\u00e1ln\u011b vyroben\u00e9 amfetaminy mohou obsahovat kombinaci drog, pojiv, kofeinu a cukru. Nav\u00edc mohou b\u00fdt p\u0159id\u00e1ny nov\u00e9 psychoaktivn\u00ed drogy.<\/p>\n<p>Slangov\u00e9 v\u00fdrazy<\/p>\n<p>Rychlost, rychl\u00fd, vzestupn\u00fd, svr\u0161ek, louee, goey a whis.<\/p>\n<p>K \u010demu slou\u017e\u00ed slou\u017e\u00ed?<\/p>\n<p>Obecn\u011b se amfetaminy po\u017e\u00edvaj\u00ed, aplikuj\u00ed injek\u010dn\u011b nebo kou\u0159\u00ed. Nav\u00edc jsou \u0161\u0148up\u00e1ny.<\/p>\n<p>\u00da\u010dinek amfetamin\u016f<\/p>\n<p>Amfetaminy maj\u00ed na ka\u017ed\u00e9ho jednotlivce prom\u011bnliv\u00fd \u00fa\u010dinek v z\u00e1vislosti na:<\/p>\n<p>Indexu t\u011blesn\u00e9 hmotnosti, hmotnosti a zdrav\u00ed <br \/> Zda je jedinec zvykl\u00fd jej u\u017e\u00edvat<br \/> Zda jsou soub\u011b\u017en\u011b u\u017e\u00edv\u00e1ny n\u011bjak\u00e9 jin\u00e9 l\u00e9ky<br \/> Sta\u017een\u00e1 \u010d\u00e1stka<br \/> S\u00edla l\u00e9ku (li\u0161\u00ed se \u0161ar\u017ee od \u0161ar\u017ee u neleg\u00e1ln\u011b vyroben\u00fdch l\u00e9k\u016f)<\/p>\n<p>Amfetaminy projevuj\u00ed sv\u00e9 \u00fa\u010dinky okam\u017eit\u011b (a\u0165 u\u017e injek\u010dn\u011b nebo kou\u0159en\u00e9) nebo do 30 minut (pokud jsou \u0161\u0148up\u00e1ny nebo spolknuty).<\/p>\n<p>M\u016f\u017ee se objevit n\u00e1sleduj\u00edc\u00ed dopad:<\/p>\n<p>\u0160t\u011bst\u00ed a sebe sama -jistota<br \/> V\u00edce mluvit a c\u00edtit se v\u00edce energie<br \/> Opakov\u00e1n\u00ed jednoduch\u00fdch \u010dinnost\u00ed, jako je sv\u011bd\u011bn\u00ed a \u0161kr\u00e1b\u00e1n\u00ed<br \/> Zorni\u010dky velk\u00e9 a sucho v \u00fastech<br \/> Rychl\u00fd tep a d\u00fdch\u00e1n\u00ed<br \/> Sk\u0159\u00edp\u00e1n\u00ed zub\u016f <br \/> Potla\u010den\u00ed chuti k j\u00eddlu<br \/> Nadm\u011brn\u00e9 pocen\u00ed<br \/> Zv\u00fd\u0161en\u00e9 sexu\u00e1ln\u00ed vzru\u0161en\u00ed<br \/> P\u0159ed\u00e1vkov\u00e1n\u00ed<\/p>\n<p>Pokud zkonzumujete zna\u010dn\u00e9 mno\u017estv\u00ed nebo zvl\u00e1\u0161t\u011b silnou d\u00e1vku, m\u016f\u017ee tak\u00e9 v\u00e9st k p\u0159ed\u00e1vkov\u00e1n\u00ed. Pokud se objev\u00ed n\u011bkter\u00fd z n\u00e1sleduj\u00edc\u00edch p\u0159\u00edznak\u016f, je t\u0159eba okam\u017eit\u011b zavolat sanitku vyto\u010den\u00edm trojit\u00e9 nuly (000). Z\u00e1chran\u00e1\u0159i nemus\u00ed konzultovat s polici\u00ed.<\/p>\n<p>Odpov\u00edd\u00e1 rychl\u00e9mu tepu<br \/> Mrtvice, srde\u010dn\u00ed infarkt a smrt<\/p>\n<p>\u0160\u0148upan\u00e9 amfetaminy mohou podr\u00e1\u017edit nosn\u00ed pr\u016fchody a zp\u016fsobit krv\u00e1cen\u00ed z nosu.<\/p>\n<p>Injekce amfetamin\u016f a sd\u00edlen\u00ed jehel m\u016f\u017ee zv\u00fd\u0161it riziko, \u017ee se nakaz\u00edte:<\/p>\n<p>Virus hepatitidy B<br \/> HIV\/AIDS hepatitida C<br \/> tetanus<br \/> Sestupn\u011b<\/p>\n<p>Po u\u017eit\u00ed amfetaminu se mohou objevit n\u00e1sleduj\u00edc\u00ed \u00fa\u010dinky:<\/p>\n<p>Nespavost a vy\u010derp\u00e1n\u00ed<br \/> Bolesti hlavy<br \/> Dezorientace a zatemn\u011bn\u00e9 vid\u011bn\u00ed<br \/> Zmatenost, paranoia, a halucinace<br \/> Podr\u00e1\u017ed\u011bnost, zm\u011bny n\u00e1lad a deprese jsou v\u0161echny p\u0159\u00edznaky deprese.<\/p>\n<p>Pou\u017eit\u00ed tlumiv\u00fdch l\u00e1tek, jako je alkohol, benzodiazepiny nebo konop\u00ed k podpo\u0159e procesu \u201esestupu dol\u016f\u201c, m\u016f\u017ee vyvrcholit v cyklus z\u00e1vislosti na obou typech l\u00e1tek.<\/p>\n<p>Dlouhodob\u00e9 n\u00e1sledky<\/p>\n<p>Pravideln\u00e9 u\u017e\u00edv\u00e1n\u00ed amfetamin\u016f m\u016f\u017ee nakonec v\u00e9st k n\u00e1sleduj\u00edc\u00edmu:<\/p>\n<p>Potla\u010den\u00ed chuti k j\u00eddlu a rychl\u00e9 hubnut\u00ed<br \/> Sp\u00e1nek p\u0159i nespavosti<br \/> Probl\u00e9my se zuby a sucho v \u00fastech<br \/> Nachlazen\u00ed a ch\u0159ipka jsou b\u011b\u017en\u00e9.<br \/> Pot\u00ed\u017ee s koncentrac\u00ed<br \/> Pot\u00ed\u017ee s d\u00fdch\u00e1n\u00edm<br \/> Svalov\u00e1 ztuhlost<br \/> Z\u00e1chvaty paniky a paranoia<br \/> Deprese<br \/> Kardiovaskul\u00e1rn\u00ed a ren\u00e1ln\u00ed probl\u00e9my<br \/> Zvy\u0161uje se riziko mrtvice<br \/> K dosa\u017een\u00ed po\u017eadovan\u00e9ho \u00fa\u010dinku je nutn\u00e9 pou\u017e\u00edvat v\u00edce<br \/> Z\u00e1vislost na amfetaminech<br \/> Finan\u010dn\u00ed, pracovn\u00ed a soci\u00e1ln\u00ed pot\u00ed\u017ee<br \/> Psych\u00f3za zp\u016fsoben\u00e9 amfetaminy<\/p>\n<p>Nav\u00edc vysok\u00e9 d\u00e1vky a opakovan\u00e9 nadm\u011brn\u00e9 u\u017e\u00edv\u00e1n\u00ed m\u016f\u017ee v\u00e9st k \u201eamfetaminov\u00e9 psych\u00f3ze\u201c, kter\u00e1 je charakterizov\u00e1na paranoidn\u00edmi bludy, halucinacemi a nep\u0159im\u011b\u0159en\u00fdm agresivn\u00edm nebo n\u00e1siln\u00fdm chov\u00e1n\u00edm. Tyto p\u0159\u00edznaky \u010dasto odezn\u00ed b\u011bhem n\u011bkolika dn\u016f pot\u00e9, co jednotlivec p\u0159estal u\u017e\u00edvat amfetaminy.<\/p>\n<p>Amfetaminy v kombinaci s jin\u00fdmi l\u00e9ky<\/p>\n<p>Interakce mezi amfetaminy a jin\u00fdmi l\u00e1tkami, jako jsou nap\u0159. l\u00e9ky na p\u0159edpis nebo l\u00e9ky na p\u0159edpis, mohou b\u00fdt nep\u0159edv\u00eddateln\u00e9 a smrt\u00edc\u00ed a mohou m\u00edt za n\u00e1sledek n\u00e1sleduj\u00edc\u00ed:<\/p>\n<p>Amfetaminy a n\u011bkter\u00e1 antidepresiva zp\u016fsobuj\u00ed hypertenzi, kter\u00e1 m\u016f\u017ee m\u00edt za n\u00e1sledek nepravideln\u00fd puls, srde\u010dn\u00ed selh\u00e1n\u00ed a mrtvici.<\/p>\n<p>4<\/p>\n<p>Amfetaminy u\u017e\u00edvan\u00e9 s alkoholem, konop\u00edm nebo benzodiazepiny vystavuj\u00ed t\u011blo extr\u00e9mn\u00edmu stresu, proto\u017ee se sna\u017e\u00ed vyrovnat s protich\u016fdn\u00fdmi \u00fa\u010dinky t\u011bchto dvou drog, co\u017e m\u016f\u017ee v\u00e9st k p\u0159ed\u00e1vkov\u00e1n\u00ed.<\/p>\n<p>Vysazen\u00ed<\/p>\n<p>Vzd\u00e1t se amfetamin\u016f po del\u0161\u00ed dob\u011b u\u017e\u00edv\u00e1n\u00ed je obt\u00ed\u017en\u00e9, proto\u017ee t\u011blo se mus\u00ed p\u0159izp\u016fsobit provozu bez nich. Abstinen\u010dn\u00ed p\u0159\u00edznaky by m\u011bly ustoupit do t\u00fddne a po m\u011bs\u00edci by m\u011bly zcela odezn\u00edt. P\u0159\u00edznaky zahrnuj\u00ed n\u00e1sleduj\u00edc\u00ed:<\/p>\n<p>Chu\u0165 po amfetaminu<br \/> Stimulace chuti k j\u00eddlu<br \/> Zmatenost a podr\u00e1\u017ed\u011bn\u00ed<br \/> Mod\u0159iny a bolesti<br \/> Vy\u010derp\u00e1n\u00ed<br \/> Nespavost a no\u010dn\u00ed m\u016fry<br \/> Afektivn\u00ed poruchy, jako je \u00fazkost, deprese a paranoia<\/p>\n","protected":false},"excerpt":{"rendered":"<p>Kupte si amfetaminov\u00fd pr\u00e1\u0161ek na prodej ve Spojen\u00e9m kr\u00e1lovstv\u00ed, Evrop\u011b levn\u00e9 generick\u00e9 a zna\u010dkov\u00e9 pilulky v Sapporu, Amfetaminov\u00fd pr\u00e1\u0161ek si m\u016f\u017eete zakoupit na prodej online pomoc\u00ed bitcoinu (BTC)<\/p>\n<p>Amfetaminov\u00fd pr\u00e1\u0161ek je siln\u00fdm stimulantem centr\u00e1ln\u00ed nervov\u00e9 soustavy syst\u00e9m (neurony mozku a m\u00edchy) a pou\u017e\u00edv\u00e1 se v l\u00e9ka\u0159stv\u00ed k l\u00e9\u010db\u011b r\u016fzn\u00fdch stav\u016f. Nav\u00edc je extr\u00e9mn\u011b n\u00e1vykov\u00fd a v minulosti byl zneu\u017e\u00edv\u00e1n.<\/p>\n<p>Amfetaminov\u00fd pr\u00e1\u0161ek je l\u00e9k na p\u0159edpis, kter\u00fd se pou\u017e\u00edv\u00e1 k l\u00e9\u010db\u011b poruchy pozornosti s hyperaktivitou (ADHD).<\/p>\n","protected":false},"featured_media":5862,"comment_status":"open","ping_status":"closed","template":"","meta":[],"product_brand":[],"product_cat":[2014,703],"product_tag":[4007,4009,4013,4011,4012,4010,4008],"class_list":{"0":"post-5852","1":"product","2":"type-product","3":"status-publish","4":"has-post-thumbnail","6":"product_cat-koupit-vyzkumne-chemikalie","7":"product_cat-kupte-si-psychedelicke-drogy","8":"product_tag-amphetamine-powder","9":"product_tag-buy-amphetamine-powder-online","10":"product_tag-kde-koupit-amfetamin-prek-online","11":"product_tag-nkup-amfetamin-prek-online","12":"product_tag-nejlep-msto-k-koupit-amfetamin-prek-online","13":"product_tag-objednat-amfetamin-prek-online","14":"product_tag-amfetaminov-prek-na-prodej","16":"first","17":"instock","18":"shipping-taxable","19":"purchasable","20":"product-type-variable"},"yoast_head":"<!-- This site is optimized with the Yoast SEO plugin v27.3 - https:\/\/yoast.com\/product\/yoast-seo-wordpress\/ -->\n<title>Koupit Amfetaminov\u00fd pr\u00e1\u0161ek \u2013 nejlep\u0161\u00ed nejlep\u0161\u00ed glob\u00e1ln\u00ed l\u00e9ky<\/title>\n<meta name=\"description\" content=\"Koupit amfetaminov\u00fd pr\u00e1\u0161ek na prodej Velk\u00e1 Brit\u00e1nie, Evropa levn\u00e9 generick\u00e9 a zna\u010dkov\u00e9 pilulky v Sapporu, Amfetaminov\u00fd pr\u00e1\u0161ek na prodej si m\u016f\u017eete objednat online pomoc\u00ed bitcoinu (BTC)\" \/>\n<meta name=\"robots\" content=\"index, follow, max-snippet:-1, max-image-preview:large, max-video-preview:-1\" \/>\n<link rel=\"canonical\" href=\"https:\/\/medicinasinc.com\/cs\/product\/koupit-amfetamin-prasek\/\" \/>\n<meta property=\"og:locale\" content=\"en_US\" \/>\n<meta property=\"og:type\" content=\"article\" \/>\n<meta property=\"og:title\" content=\"Koupit Amfetaminov\u00fd pr\u00e1\u0161ek \u2013 nejlep\u0161\u00ed nejlep\u0161\u00ed glob\u00e1ln\u00ed l\u00e9ky\" \/>\n<meta property=\"og:description\" content=\"Koupit amfetaminov\u00fd pr\u00e1\u0161ek na prodej Velk\u00e1 Brit\u00e1nie, Evropa levn\u00e9 generick\u00e9 a zna\u010dkov\u00e9 pilulky v Sapporu, Amfetaminov\u00fd pr\u00e1\u0161ek na prodej si m\u016f\u017eete objednat online pomoc\u00ed bitcoinu (BTC)\" \/>\n<meta property=\"og:url\" content=\"https:\/\/medicinasinc.com\/cs\/product\/koupit-amfetamin-prasek\/\" \/>\n<meta property=\"og:site_name\" content=\"Medicinas Inc\" \/>\n<meta property=\"article:modified_time\" content=\"2022-03-14T11:25:51+00:00\" \/>\n<meta property=\"og:image\" content=\"https:\/\/medicinasinc.com\/cs\/wp-content\/uploads\/sites\/2\/2022\/02\/Buy-Amphetamine-Powder.png\" \/>\n\t<meta property=\"og:image:width\" content=\"412\" \/>\n\t<meta property=\"og:image:height\" content=\"550\" \/>\n\t<meta property=\"og:image:type\" content=\"image\/png\" \/>\n<meta name=\"twitter:card\" content=\"summary_large_image\" \/>\n<meta name=\"twitter:label1\" content=\"Est. reading time\" \/>\n\t<meta name=\"twitter:data1\" content=\"4 minutes\" \/>\n<script type=\"application\/ld+json\" class=\"yoast-schema-graph\">{\"@context\":\"https:\\\/\\\/schema.org\",\"@graph\":[{\"@type\":\"WebPage\",\"@id\":\"https:\\\/\\\/medicinasinc.com\\\/cs\\\/product\\\/koupit-amfetamin-prasek\\\/\",\"url\":\"https:\\\/\\\/medicinasinc.com\\\/cs\\\/product\\\/koupit-amfetamin-prasek\\\/\",\"name\":\"Koupit Amfetaminov\u00fd pr\u00e1\u0161ek \u2013 nejlep\u0161\u00ed nejlep\u0161\u00ed glob\u00e1ln\u00ed l\u00e9ky\",\"isPartOf\":{\"@id\":\"https:\\\/\\\/medicinasinc.com\\\/cs\\\/#website\"},\"primaryImageOfPage\":{\"@id\":\"https:\\\/\\\/medicinasinc.com\\\/cs\\\/product\\\/koupit-amfetamin-prasek\\\/#primaryimage\"},\"image\":{\"@id\":\"https:\\\/\\\/medicinasinc.com\\\/cs\\\/product\\\/koupit-amfetamin-prasek\\\/#primaryimage\"},\"thumbnailUrl\":\"https:\\\/\\\/medicinasinc.com\\\/cs\\\/wp-content\\\/uploads\\\/sites\\\/2\\\/2022\\\/02\\\/Buy-Amphetamine-Powder.png\",\"datePublished\":\"2022-02-22T07:25:44+00:00\",\"dateModified\":\"2022-03-14T11:25:51+00:00\",\"description\":\"Koupit amfetaminov\u00fd pr\u00e1\u0161ek na prodej Velk\u00e1 Brit\u00e1nie, Evropa levn\u00e9 generick\u00e9 a zna\u010dkov\u00e9 pilulky v Sapporu, Amfetaminov\u00fd pr\u00e1\u0161ek na prodej si m\u016f\u017eete objednat online pomoc\u00ed bitcoinu (BTC)\",\"breadcrumb\":{\"@id\":\"https:\\\/\\\/medicinasinc.com\\\/cs\\\/product\\\/koupit-amfetamin-prasek\\\/#breadcrumb\"},\"inLanguage\":\"en-US\",\"potentialAction\":[{\"@type\":\"ReadAction\",\"target\":[\"https:\\\/\\\/medicinasinc.com\\\/cs\\\/product\\\/koupit-amfetamin-prasek\\\/\"]}]},{\"@type\":\"ImageObject\",\"inLanguage\":\"en-US\",\"@id\":\"https:\\\/\\\/medicinasinc.com\\\/cs\\\/product\\\/koupit-amfetamin-prasek\\\/#primaryimage\",\"url\":\"https:\\\/\\\/medicinasinc.com\\\/cs\\\/wp-content\\\/uploads\\\/sites\\\/2\\\/2022\\\/02\\\/Buy-Amphetamine-Powder.png\",\"contentUrl\":\"https:\\\/\\\/medicinasinc.com\\\/cs\\\/wp-content\\\/uploads\\\/sites\\\/2\\\/2022\\\/02\\\/Buy-Amphetamine-Powder.png\",\"width\":412,\"height\":550},{\"@type\":\"BreadcrumbList\",\"@id\":\"https:\\\/\\\/medicinasinc.com\\\/cs\\\/product\\\/koupit-amfetamin-prasek\\\/#breadcrumb\",\"itemListElement\":[{\"@type\":\"ListItem\",\"position\":1,\"name\":\"Obchod\",\"item\":\"https:\\\/\\\/medicinasinc.com\\\/cs\\\/obchod\\\/\"},{\"@type\":\"ListItem\",\"position\":2,\"name\":\"Koupit Amfetaminov\u00fd pr\u00e1\u0161ek\"}]},{\"@type\":\"WebSite\",\"@id\":\"https:\\\/\\\/medicinasinc.com\\\/cs\\\/#website\",\"url\":\"https:\\\/\\\/medicinasinc.com\\\/cs\\\/\",\"name\":\"Medicinas Inc\",\"description\":\"Health Medical Clinic\",\"potentialAction\":[{\"@type\":\"SearchAction\",\"target\":{\"@type\":\"EntryPoint\",\"urlTemplate\":\"https:\\\/\\\/medicinasinc.com\\\/cs\\\/?s={search_term_string}\"},\"query-input\":{\"@type\":\"PropertyValueSpecification\",\"valueRequired\":true,\"valueName\":\"search_term_string\"}}],\"inLanguage\":\"en-US\"}]}<\/script>\n<!-- \/ Yoast SEO plugin. -->","yoast_head_json":{"title":"Koupit Amfetaminov\u00fd pr\u00e1\u0161ek \u2013 nejlep\u0161\u00ed nejlep\u0161\u00ed glob\u00e1ln\u00ed l\u00e9ky","description":"Koupit amfetaminov\u00fd pr\u00e1\u0161ek na prodej Velk\u00e1 Brit\u00e1nie, Evropa levn\u00e9 generick\u00e9 a zna\u010dkov\u00e9 pilulky v Sapporu, Amfetaminov\u00fd pr\u00e1\u0161ek na prodej si m\u016f\u017eete objednat online pomoc\u00ed bitcoinu (BTC)","robots":{"index":"index","follow":"follow","max-snippet":"max-snippet:-1","max-image-preview":"max-image-preview:large","max-video-preview":"max-video-preview:-1"},"canonical":"https:\/\/medicinasinc.com\/cs\/product\/koupit-amfetamin-prasek\/","og_locale":"en_US","og_type":"article","og_title":"Koupit Amfetaminov\u00fd pr\u00e1\u0161ek \u2013 nejlep\u0161\u00ed nejlep\u0161\u00ed glob\u00e1ln\u00ed l\u00e9ky","og_description":"Koupit amfetaminov\u00fd pr\u00e1\u0161ek na prodej Velk\u00e1 Brit\u00e1nie, Evropa levn\u00e9 generick\u00e9 a zna\u010dkov\u00e9 pilulky v Sapporu, Amfetaminov\u00fd pr\u00e1\u0161ek na prodej si m\u016f\u017eete objednat online pomoc\u00ed bitcoinu (BTC)","og_url":"https:\/\/medicinasinc.com\/cs\/product\/koupit-amfetamin-prasek\/","og_site_name":"Medicinas Inc","article_modified_time":"2022-03-14T11:25:51+00:00","og_image":[{"width":412,"height":550,"url":"https:\/\/medicinasinc.com\/cs\/wp-content\/uploads\/sites\/2\/2022\/02\/Buy-Amphetamine-Powder.png","type":"image\/png"}],"twitter_card":"summary_large_image","twitter_misc":{"Est. reading time":"4 minutes"},"schema":{"@context":"https:\/\/schema.org","@graph":[{"@type":"WebPage","@id":"https:\/\/medicinasinc.com\/cs\/product\/koupit-amfetamin-prasek\/","url":"https:\/\/medicinasinc.com\/cs\/product\/koupit-amfetamin-prasek\/","name":"Koupit Amfetaminov\u00fd pr\u00e1\u0161ek \u2013 nejlep\u0161\u00ed nejlep\u0161\u00ed glob\u00e1ln\u00ed l\u00e9ky","isPartOf":{"@id":"https:\/\/medicinasinc.com\/cs\/#website"},"primaryImageOfPage":{"@id":"https:\/\/medicinasinc.com\/cs\/product\/koupit-amfetamin-prasek\/#primaryimage"},"image":{"@id":"https:\/\/medicinasinc.com\/cs\/product\/koupit-amfetamin-prasek\/#primaryimage"},"thumbnailUrl":"https:\/\/medicinasinc.com\/cs\/wp-content\/uploads\/sites\/2\/2022\/02\/Buy-Amphetamine-Powder.png","datePublished":"2022-02-22T07:25:44+00:00","dateModified":"2022-03-14T11:25:51+00:00","description":"Koupit amfetaminov\u00fd pr\u00e1\u0161ek na prodej Velk\u00e1 Brit\u00e1nie, Evropa levn\u00e9 generick\u00e9 a zna\u010dkov\u00e9 pilulky v Sapporu, Amfetaminov\u00fd pr\u00e1\u0161ek na prodej si m\u016f\u017eete objednat online pomoc\u00ed bitcoinu (BTC)","breadcrumb":{"@id":"https:\/\/medicinasinc.com\/cs\/product\/koupit-amfetamin-prasek\/#breadcrumb"},"inLanguage":"en-US","potentialAction":[{"@type":"ReadAction","target":["https:\/\/medicinasinc.com\/cs\/product\/koupit-amfetamin-prasek\/"]}]},{"@type":"ImageObject","inLanguage":"en-US","@id":"https:\/\/medicinasinc.com\/cs\/product\/koupit-amfetamin-prasek\/#primaryimage","url":"https:\/\/medicinasinc.com\/cs\/wp-content\/uploads\/sites\/2\/2022\/02\/Buy-Amphetamine-Powder.png","contentUrl":"https:\/\/medicinasinc.com\/cs\/wp-content\/uploads\/sites\/2\/2022\/02\/Buy-Amphetamine-Powder.png","width":412,"height":550},{"@type":"BreadcrumbList","@id":"https:\/\/medicinasinc.com\/cs\/product\/koupit-amfetamin-prasek\/#breadcrumb","itemListElement":[{"@type":"ListItem","position":1,"name":"Obchod","item":"https:\/\/medicinasinc.com\/cs\/obchod\/"},{"@type":"ListItem","position":2,"name":"Koupit Amfetaminov\u00fd pr\u00e1\u0161ek"}]},{"@type":"WebSite","@id":"https:\/\/medicinasinc.com\/cs\/#website","url":"https:\/\/medicinasinc.com\/cs\/","name":"Medicinas Inc","description":"Health Medical Clinic","potentialAction":[{"@type":"SearchAction","target":{"@type":"EntryPoint","urlTemplate":"https:\/\/medicinasinc.com\/cs\/?s={search_term_string}"},"query-input":{"@type":"PropertyValueSpecification","valueRequired":true,"valueName":"search_term_string"}}],"inLanguage":"en-US"}]}},"_links":{"self":[{"href":"https:\/\/medicinasinc.com\/cs\/wp-json\/wp\/v2\/product\/5852","targetHints":{"allow":["GET"]}}],"collection":[{"href":"https:\/\/medicinasinc.com\/cs\/wp-json\/wp\/v2\/product"}],"about":[{"href":"https:\/\/medicinasinc.com\/cs\/wp-json\/wp\/v2\/types\/product"}],"replies":[{"embeddable":true,"href":"https:\/\/medicinasinc.com\/cs\/wp-json\/wp\/v2\/comments?post=5852"}],"wp:featuredmedia":[{"embeddable":true,"href":"https:\/\/medicinasinc.com\/cs\/wp-json\/wp\/v2\/media\/5862"}],"wp:attachment":[{"href":"https:\/\/medicinasinc.com\/cs\/wp-json\/wp\/v2\/media?parent=5852"}],"wp:term":[{"taxonomy":"product_brand","embeddable":true,"href":"https:\/\/medicinasinc.com\/cs\/wp-json\/wp\/v2\/product_brand?post=5852"},{"taxonomy":"product_cat","embeddable":true,"href":"https:\/\/medicinasinc.com\/cs\/wp-json\/wp\/v2\/product_cat?post=5852"},{"taxonomy":"product_tag","embeddable":true,"href":"https:\/\/medicinasinc.com\/cs\/wp-json\/wp\/v2\/product_tag?post=5852"}],"curies":[{"name":"wp","href":"https:\/\/api.w.org\/{rel}","templated":true}]}}