{"id":5846,"date":"2022-02-22T07:19:31","date_gmt":"2022-02-22T07:19:31","guid":{"rendered":"https:\/\/medicinasinc.com\/cs\/?post_type=product&#038;p=5846"},"modified":"2022-03-14T11:26:24","modified_gmt":"2022-03-14T11:26:24","slug":"schvalovat-bitone","status":"publish","type":"product","link":"https:\/\/medicinasinc.com\/cs\/product\/schvalovat-bitone\/","title":{"rendered":"schvalovat barbiton"},"content":{"rendered":"<p>Aprobarbiton lze zakoupit online v prvot\u0159\u00eddn\u00ed online l\u00e9k\u00e1rn\u011b Nembutal<\/p>\n<p>Online l\u00e9k\u00e1rna Nembutal funguje ji\u017e dlouhou dobu. Nyn\u00ed dokonale rozum\u00edme n\u00e1zor\u016fm a o\u010dek\u00e1v\u00e1n\u00edm klient\u016f po cel\u00e9m sv\u011bt\u011b. Jsme tu, abychom splnili v\u0161echny va\u0161e po\u017eadavky na aprobarbiton. Pokud si chcete koupit Aprobarbitone online, na\u0161e l\u00e9k\u00e1rna je t\u00edm nejlep\u0161\u00edm m\u00edstem, kde tak u\u010dinit. Nab\u00edz\u00edme tento terapeutick\u00fd l\u00e9k za rozumnou cenu. M\u016f\u017eete si ho u n\u00e1s snadno zakoupit a my v\u00e1m ho dod\u00e1me v ur\u010den\u00e9m \u010dasov\u00e9m r\u00e1mci.<\/p>\n<p>Jak\u00e1 je role aprobarbitonu pro va\u0161e zdrav\u00ed?<\/p>\n<p>Aprobarbiton v\u00e1m m\u016f\u017ee pomoci ke kvalitn\u00edmu sp\u00e1nku . Stru\u010dn\u011b \u0159e\u010deno, je to ide\u00e1ln\u00ed l\u00e9k na nespavce. Je zn\u00e1m\u00fd sv\u00fdmi mimo\u0159\u00e1dn\u00fdmi sedativn\u00edmi, hypnotick\u00fdmi a antikonvulzivn\u00edmi vlastnostmi.<\/p>\n<p>Pro\u010d byste m\u011bli nakupovat aprobarbiton online u n\u00e1s?<\/p>\n<p>Jsme vysoce specializovan\u00e1 skupina jedinc\u016f s rozs\u00e1hl\u00fdmi zku\u0161enostmi v oblasti l\u00e9k\u016f a drog. Nav\u00edc roz\u0161i\u0159ujeme p\u0159\u00edstup k Aprobarbitonu a dal\u0161\u00edm l\u00e9k\u016fm po cel\u00e9m sv\u011bt\u011b. Aprobarbitone nyn\u00ed m\u016f\u017eete z\u00edskat online za nejlevn\u011bj\u0161\u00ed cenu z pohodl\u00ed va\u0161eho domova. Jsme od n\u00e1s vzd\u00e1leni pouze kliknut\u00edm my\u0161i. Ode\u0161lete svou objedn\u00e1vku k n\u00e1kupu Aprobarbitone online je\u0161t\u011b dnes a bude brzy doru\u010dena na v\u00e1mi zadanou adresu.<\/p>\n","protected":false},"excerpt":{"rendered":"<p>Jak koupit aprobarbiton online v l\u00e9k\u00e1rn\u011b Nembutal?<\/p>\n<p>Online l\u00e9k\u00e1rna Nembutal je ide\u00e1ln\u00edm m\u00edstem pro spln\u011bn\u00ed v\u0161ech va\u0161ich pot\u0159eb a po\u017eadavk\u016f na aprobarbiton. Jednodu\u0161e vlo\u017ete sv\u00e9 l\u00e9ky do ko\u0161\u00edku, pokra\u010dujte platebn\u00edm procesem a objednejte si na na\u0161em webu. Nyn\u00ed je \u010das kontaktovat na\u0161i l\u00e9k\u00e1rnu a z\u00edskat tu nejlep\u0161\u00ed mo\u017enou p\u00e9\u010di o va\u0161e zdrav\u00ed. Kupte si Aprobarbital nyn\u00ed!<\/p>\n","protected":false},"featured_media":5856,"comment_status":"open","ping_status":"closed","template":"","meta":[],"product_brand":[],"product_cat":[3818],"product_tag":[],"class_list":{"0":"post-5846","1":"product","2":"type-product","3":"status-publish","4":"has-post-thumbnail","6":"product_cat-pentobarbital-na-prodej","8":"first","9":"instock","10":"featured","11":"shipping-taxable","12":"purchasable","13":"product-type-variable"},"yoast_head":"<!-- This site is optimized with the Yoast SEO plugin v27.3 - https:\/\/yoast.com\/product\/yoast-seo-wordpress\/ -->\n<title>Koupit Aprobarbitone \u2013 nejlep\u0161\u00ed nejlep\u0161\u00ed glob\u00e1ln\u00ed l\u00e9ky<\/title>\n<meta name=\"robots\" content=\"index, follow, max-snippet:-1, max-image-preview:large, max-video-preview:-1\" \/>\n<link rel=\"canonical\" href=\"https:\/\/medicinasinc.com\/cs\/product\/schvalovat-bitone\/\" \/>\n<meta property=\"og:locale\" content=\"en_US\" \/>\n<meta property=\"og:type\" content=\"article\" \/>\n<meta property=\"og:title\" content=\"Koupit Aprobarbitone \u2013 nejlep\u0161\u00ed nejlep\u0161\u00ed glob\u00e1ln\u00ed l\u00e9ky\" \/>\n<meta property=\"og:description\" content=\"Jak koupit aprobarbiton online v l\u00e9k\u00e1rn\u011b Nembutal? Online l\u00e9k\u00e1rna Nembutal je ide\u00e1ln\u00edm m\u00edstem pro spln\u011bn\u00ed v\u0161ech va\u0161ich pot\u0159eb a po\u017eadavk\u016f na aprobarbiton. Jednodu\u0161e vlo\u017ete sv\u00e9 l\u00e9ky do ko\u0161\u00edku, pokra\u010dujte platebn\u00edm procesem a objednejte si na na\u0161em webu. Nyn\u00ed je \u010das kontaktovat na\u0161i l\u00e9k\u00e1rnu a z\u00edskat tu nejlep\u0161\u00ed mo\u017enou p\u00e9\u010di o va\u0161e zdrav\u00ed. Kupte si Aprobarbital nyn\u00ed!\" \/>\n<meta property=\"og:url\" content=\"https:\/\/medicinasinc.com\/cs\/product\/schvalovat-bitone\/\" \/>\n<meta property=\"og:site_name\" content=\"Medicinas Inc\" \/>\n<meta property=\"article:modified_time\" content=\"2022-03-14T11:26:24+00:00\" \/>\n<meta property=\"og:image\" content=\"https:\/\/medicinasinc.com\/cs\/wp-content\/uploads\/sites\/2\/2022\/02\/Aprobarbitone.jpg\" \/>\n\t<meta property=\"og:image:width\" content=\"600\" \/>\n\t<meta property=\"og:image:height\" content=\"600\" \/>\n\t<meta property=\"og:image:type\" content=\"image\/jpeg\" \/>\n<meta name=\"twitter:card\" content=\"summary_large_image\" \/>\n<meta name=\"twitter:label1\" content=\"Est. reading time\" \/>\n\t<meta name=\"twitter:data1\" content=\"1 minute\" \/>\n<script type=\"application\/ld+json\" class=\"yoast-schema-graph\">{\"@context\":\"https:\\\/\\\/schema.org\",\"@graph\":[{\"@type\":\"WebPage\",\"@id\":\"https:\\\/\\\/medicinasinc.com\\\/cs\\\/product\\\/schvalovat-bitone\\\/\",\"url\":\"https:\\\/\\\/medicinasinc.com\\\/cs\\\/product\\\/schvalovat-bitone\\\/\",\"name\":\"Koupit Aprobarbitone \u2013 nejlep\u0161\u00ed nejlep\u0161\u00ed glob\u00e1ln\u00ed l\u00e9ky\",\"isPartOf\":{\"@id\":\"https:\\\/\\\/medicinasinc.com\\\/cs\\\/#website\"},\"primaryImageOfPage\":{\"@id\":\"https:\\\/\\\/medicinasinc.com\\\/cs\\\/product\\\/schvalovat-bitone\\\/#primaryimage\"},\"image\":{\"@id\":\"https:\\\/\\\/medicinasinc.com\\\/cs\\\/product\\\/schvalovat-bitone\\\/#primaryimage\"},\"thumbnailUrl\":\"https:\\\/\\\/medicinasinc.com\\\/cs\\\/wp-content\\\/uploads\\\/sites\\\/2\\\/2022\\\/02\\\/Aprobarbitone.jpg\",\"datePublished\":\"2022-02-22T07:19:31+00:00\",\"dateModified\":\"2022-03-14T11:26:24+00:00\",\"breadcrumb\":{\"@id\":\"https:\\\/\\\/medicinasinc.com\\\/cs\\\/product\\\/schvalovat-bitone\\\/#breadcrumb\"},\"inLanguage\":\"en-US\",\"potentialAction\":[{\"@type\":\"ReadAction\",\"target\":[\"https:\\\/\\\/medicinasinc.com\\\/cs\\\/product\\\/schvalovat-bitone\\\/\"]}]},{\"@type\":\"ImageObject\",\"inLanguage\":\"en-US\",\"@id\":\"https:\\\/\\\/medicinasinc.com\\\/cs\\\/product\\\/schvalovat-bitone\\\/#primaryimage\",\"url\":\"https:\\\/\\\/medicinasinc.com\\\/cs\\\/wp-content\\\/uploads\\\/sites\\\/2\\\/2022\\\/02\\\/Aprobarbitone.jpg\",\"contentUrl\":\"https:\\\/\\\/medicinasinc.com\\\/cs\\\/wp-content\\\/uploads\\\/sites\\\/2\\\/2022\\\/02\\\/Aprobarbitone.jpg\",\"width\":600,\"height\":600},{\"@type\":\"BreadcrumbList\",\"@id\":\"https:\\\/\\\/medicinasinc.com\\\/cs\\\/product\\\/schvalovat-bitone\\\/#breadcrumb\",\"itemListElement\":[{\"@type\":\"ListItem\",\"position\":1,\"name\":\"Obchod\",\"item\":\"https:\\\/\\\/medicinasinc.com\\\/cs\\\/obchod\\\/\"},{\"@type\":\"ListItem\",\"position\":2,\"name\":\"schvalovat barbiton\"}]},{\"@type\":\"WebSite\",\"@id\":\"https:\\\/\\\/medicinasinc.com\\\/cs\\\/#website\",\"url\":\"https:\\\/\\\/medicinasinc.com\\\/cs\\\/\",\"name\":\"Medicinas Inc\",\"description\":\"Health Medical Clinic\",\"potentialAction\":[{\"@type\":\"SearchAction\",\"target\":{\"@type\":\"EntryPoint\",\"urlTemplate\":\"https:\\\/\\\/medicinasinc.com\\\/cs\\\/?s={search_term_string}\"},\"query-input\":{\"@type\":\"PropertyValueSpecification\",\"valueRequired\":true,\"valueName\":\"search_term_string\"}}],\"inLanguage\":\"en-US\"}]}<\/script>\n<!-- \/ Yoast SEO plugin. -->","yoast_head_json":{"title":"Koupit Aprobarbitone \u2013 nejlep\u0161\u00ed nejlep\u0161\u00ed glob\u00e1ln\u00ed l\u00e9ky","robots":{"index":"index","follow":"follow","max-snippet":"max-snippet:-1","max-image-preview":"max-image-preview:large","max-video-preview":"max-video-preview:-1"},"canonical":"https:\/\/medicinasinc.com\/cs\/product\/schvalovat-bitone\/","og_locale":"en_US","og_type":"article","og_title":"Koupit Aprobarbitone \u2013 nejlep\u0161\u00ed nejlep\u0161\u00ed glob\u00e1ln\u00ed l\u00e9ky","og_description":"Jak koupit aprobarbiton online v l\u00e9k\u00e1rn\u011b Nembutal? Online l\u00e9k\u00e1rna Nembutal je ide\u00e1ln\u00edm m\u00edstem pro spln\u011bn\u00ed v\u0161ech va\u0161ich pot\u0159eb a po\u017eadavk\u016f na aprobarbiton. Jednodu\u0161e vlo\u017ete sv\u00e9 l\u00e9ky do ko\u0161\u00edku, pokra\u010dujte platebn\u00edm procesem a objednejte si na na\u0161em webu. Nyn\u00ed je \u010das kontaktovat na\u0161i l\u00e9k\u00e1rnu a z\u00edskat tu nejlep\u0161\u00ed mo\u017enou p\u00e9\u010di o va\u0161e zdrav\u00ed. Kupte si Aprobarbital nyn\u00ed!","og_url":"https:\/\/medicinasinc.com\/cs\/product\/schvalovat-bitone\/","og_site_name":"Medicinas Inc","article_modified_time":"2022-03-14T11:26:24+00:00","og_image":[{"width":600,"height":600,"url":"https:\/\/medicinasinc.com\/cs\/wp-content\/uploads\/sites\/2\/2022\/02\/Aprobarbitone.jpg","type":"image\/jpeg"}],"twitter_card":"summary_large_image","twitter_misc":{"Est. reading time":"1 minute"},"schema":{"@context":"https:\/\/schema.org","@graph":[{"@type":"WebPage","@id":"https:\/\/medicinasinc.com\/cs\/product\/schvalovat-bitone\/","url":"https:\/\/medicinasinc.com\/cs\/product\/schvalovat-bitone\/","name":"Koupit Aprobarbitone \u2013 nejlep\u0161\u00ed nejlep\u0161\u00ed glob\u00e1ln\u00ed l\u00e9ky","isPartOf":{"@id":"https:\/\/medicinasinc.com\/cs\/#website"},"primaryImageOfPage":{"@id":"https:\/\/medicinasinc.com\/cs\/product\/schvalovat-bitone\/#primaryimage"},"image":{"@id":"https:\/\/medicinasinc.com\/cs\/product\/schvalovat-bitone\/#primaryimage"},"thumbnailUrl":"https:\/\/medicinasinc.com\/cs\/wp-content\/uploads\/sites\/2\/2022\/02\/Aprobarbitone.jpg","datePublished":"2022-02-22T07:19:31+00:00","dateModified":"2022-03-14T11:26:24+00:00","breadcrumb":{"@id":"https:\/\/medicinasinc.com\/cs\/product\/schvalovat-bitone\/#breadcrumb"},"inLanguage":"en-US","potentialAction":[{"@type":"ReadAction","target":["https:\/\/medicinasinc.com\/cs\/product\/schvalovat-bitone\/"]}]},{"@type":"ImageObject","inLanguage":"en-US","@id":"https:\/\/medicinasinc.com\/cs\/product\/schvalovat-bitone\/#primaryimage","url":"https:\/\/medicinasinc.com\/cs\/wp-content\/uploads\/sites\/2\/2022\/02\/Aprobarbitone.jpg","contentUrl":"https:\/\/medicinasinc.com\/cs\/wp-content\/uploads\/sites\/2\/2022\/02\/Aprobarbitone.jpg","width":600,"height":600},{"@type":"BreadcrumbList","@id":"https:\/\/medicinasinc.com\/cs\/product\/schvalovat-bitone\/#breadcrumb","itemListElement":[{"@type":"ListItem","position":1,"name":"Obchod","item":"https:\/\/medicinasinc.com\/cs\/obchod\/"},{"@type":"ListItem","position":2,"name":"schvalovat barbiton"}]},{"@type":"WebSite","@id":"https:\/\/medicinasinc.com\/cs\/#website","url":"https:\/\/medicinasinc.com\/cs\/","name":"Medicinas Inc","description":"Health Medical Clinic","potentialAction":[{"@type":"SearchAction","target":{"@type":"EntryPoint","urlTemplate":"https:\/\/medicinasinc.com\/cs\/?s={search_term_string}"},"query-input":{"@type":"PropertyValueSpecification","valueRequired":true,"valueName":"search_term_string"}}],"inLanguage":"en-US"}]}},"_links":{"self":[{"href":"https:\/\/medicinasinc.com\/cs\/wp-json\/wp\/v2\/product\/5846","targetHints":{"allow":["GET"]}}],"collection":[{"href":"https:\/\/medicinasinc.com\/cs\/wp-json\/wp\/v2\/product"}],"about":[{"href":"https:\/\/medicinasinc.com\/cs\/wp-json\/wp\/v2\/types\/product"}],"replies":[{"embeddable":true,"href":"https:\/\/medicinasinc.com\/cs\/wp-json\/wp\/v2\/comments?post=5846"}],"wp:featuredmedia":[{"embeddable":true,"href":"https:\/\/medicinasinc.com\/cs\/wp-json\/wp\/v2\/media\/5856"}],"wp:attachment":[{"href":"https:\/\/medicinasinc.com\/cs\/wp-json\/wp\/v2\/media?parent=5846"}],"wp:term":[{"taxonomy":"product_brand","embeddable":true,"href":"https:\/\/medicinasinc.com\/cs\/wp-json\/wp\/v2\/product_brand?post=5846"},{"taxonomy":"product_cat","embeddable":true,"href":"https:\/\/medicinasinc.com\/cs\/wp-json\/wp\/v2\/product_cat?post=5846"},{"taxonomy":"product_tag","embeddable":true,"href":"https:\/\/medicinasinc.com\/cs\/wp-json\/wp\/v2\/product_tag?post=5846"}],"curies":[{"name":"wp","href":"https:\/\/api.w.org\/{rel}","templated":true}]}}