{"id":5840,"date":"2022-02-22T07:12:38","date_gmt":"2022-02-22T07:12:38","guid":{"rendered":"https:\/\/medicinasinc.com\/cs\/?post_type=product&#038;p=5840"},"modified":"2022-03-14T11:26:37","modified_gmt":"2022-03-14T11:26:37","slug":"brallobarbital-vesparax","status":"publish","type":"product","link":"https:\/\/medicinasinc.com\/cs\/product\/brallobarbital-vesparax\/","title":{"rendered":"Bralobarbital (Vesparax)"},"content":{"rendered":"<p>Brallobarbital (Vesparax) nakupujte online od renomovan\u00e9 l\u00e9k\u00e1rny<\/p>\n<p>Internetov\u00e1 l\u00e9k\u00e1rna Nembutal se zab\u00fdv\u00e1 brallobarbitalem (Vesparax) na online platform\u011b a dod\u00e1v\u00e1 jej spot\u0159ebitel\u016fm, kte\u0159\u00ed si jej objednali ve stanoven\u00e9m \u010dasov\u00e9m r\u00e1mci. Jsme renomovan\u00e1 online l\u00e9k\u00e1rna, kde m\u016f\u017eete z\u00edskat Vesparax za nejni\u017e\u0161\u00ed mo\u017enou cenu. Na\u0161e ceny jsou bezkonkuren\u010dn\u00ed a dostupn\u00e9 pro ka\u017ed\u00e9ho. Nav\u00edc m\u00e1me t\u00fdm, kter\u00fd v\u010das spln\u00ed va\u0161e po\u017eadavky a specifikace pro Nembutal Brallobarbital. Nembutal Brallobarbital si nyn\u00ed m\u016f\u017eete snadno objednat v na\u0161\u00ed l\u00e9k\u00e1rn\u011b a b\u011bhem n\u011bkolika dn\u00ed v\u00e1m jej doru\u010d\u00ed dom\u016f.<\/p>\n<p>Jak se Brallobarbital (Vesparax) u\u017e\u00edv\u00e1?<\/p>\n<p>Vesparax je \u010dasto ozna\u010dov\u00e1n jako atypick\u00e9 antipsychotikum. Funguje tak, \u017ee upravuje aktivitu mozkov\u00fdch neurotransmiter\u016f. Bylo zji\u0161t\u011bno, \u017ee tento l\u00e9k je vhodn\u00fd pouze pro dosp\u011bl\u00e9 a nem\u011bl by b\u00fdt pod\u00e1v\u00e1n osob\u00e1m mlad\u0161\u00edm 18 let.<\/p>\n<p>Vesparax m\u00e1 \u0159adu aplikac\u00ed, v\u010detn\u011b n\u00e1sleduj\u00edc\u00edch:<\/p>\n<p>P\u0159isp\u00edv\u00e1 k l\u00e9\u010db\u011b dosp\u011bl\u00fdch a d\u011bt\u00ed se schizofreni\u00ed<br \/> Indikov\u00e1no k l\u00e9\u010db\u011b bipol\u00e1rn\u00ed poruchy u dosp\u011bl\u00fdch a d\u011bt\u00ed a tak\u00e9 k l\u00e9\u010db\u011b velk\u00e9 depresivn\u00ed poruchy u dosp\u011bl\u00fdch v kombinaci s antidepresivy.<\/p>\n","protected":false},"excerpt":{"rendered":"<p>Kontaktujte online l\u00e9k\u00e1rnu Nembutal<\/p>\n<p>Online l\u00e9k\u00e1rna Nembutal je nyn\u00ed k dispozici pouze n\u011bkolika kliknut\u00edmi! Pro zodpov\u011bzen\u00ed va\u0161ich dotaz\u016f n\u00e1s m\u016f\u017eete kontaktovat prost\u0159ednictv\u00edm telefonu, SMS nebo e-mailu. Garantujeme, \u017ee va\u0161i \u017e\u00e1dost vy\u0159\u00edd\u00edme ve stanoven\u00e9m \u010dasov\u00e9m r\u00e1mci. Objednejte si Vesparax online pr\u00e1v\u011b te\u010f!<\/p>\n","protected":false},"featured_media":5850,"comment_status":"open","ping_status":"closed","template":"","meta":[],"product_brand":[],"product_cat":[3818],"product_tag":[],"class_list":{"0":"post-5840","1":"product","2":"type-product","3":"status-publish","4":"has-post-thumbnail","6":"product_cat-pentobarbital-na-prodej","8":"first","9":"instock","10":"shipping-taxable","11":"purchasable","12":"product-type-variable"},"yoast_head":"<!-- This site is optimized with the Yoast SEO plugin v27.3 - https:\/\/yoast.com\/product\/yoast-seo-wordpress\/ -->\n<title>Brallobarbital (Vesparax) - Nejlep\u0161\u00ed glob\u00e1ln\u00ed l\u00e9ky<\/title>\n<meta name=\"robots\" content=\"index, follow, max-snippet:-1, max-image-preview:large, max-video-preview:-1\" \/>\n<link rel=\"canonical\" href=\"https:\/\/medicinasinc.com\/cs\/product\/brallobarbital-vesparax\/\" \/>\n<meta property=\"og:locale\" content=\"en_US\" \/>\n<meta property=\"og:type\" content=\"article\" \/>\n<meta property=\"og:title\" content=\"Brallobarbital (Vesparax) - Nejlep\u0161\u00ed glob\u00e1ln\u00ed l\u00e9ky\" \/>\n<meta property=\"og:description\" content=\"Kontaktujte online l\u00e9k\u00e1rnu Nembutal Online l\u00e9k\u00e1rna Nembutal je nyn\u00ed k dispozici pouze n\u011bkolika kliknut\u00edmi! Pro zodpov\u011bzen\u00ed va\u0161ich dotaz\u016f n\u00e1s m\u016f\u017eete kontaktovat prost\u0159ednictv\u00edm telefonu, SMS nebo e-mailu. Garantujeme, \u017ee va\u0161i \u017e\u00e1dost vy\u0159\u00edd\u00edme ve stanoven\u00e9m \u010dasov\u00e9m r\u00e1mci. Objednejte si Vesparax online pr\u00e1v\u011b te\u010f!\" \/>\n<meta property=\"og:url\" content=\"https:\/\/medicinasinc.com\/cs\/product\/brallobarbital-vesparax\/\" \/>\n<meta property=\"og:site_name\" content=\"Medicinas Inc\" \/>\n<meta property=\"article:modified_time\" content=\"2022-03-14T11:26:37+00:00\" \/>\n<meta property=\"og:image\" content=\"https:\/\/medicinasinc.com\/cs\/wp-content\/uploads\/sites\/2\/2022\/02\/Brallobarbital-Vesparax.jpg\" \/>\n\t<meta property=\"og:image:width\" content=\"600\" \/>\n\t<meta property=\"og:image:height\" content=\"600\" \/>\n\t<meta property=\"og:image:type\" content=\"image\/jpeg\" \/>\n<meta name=\"twitter:card\" content=\"summary_large_image\" \/>\n<meta name=\"twitter:label1\" content=\"Est. reading time\" \/>\n\t<meta name=\"twitter:data1\" content=\"1 minute\" \/>\n<script type=\"application\/ld+json\" class=\"yoast-schema-graph\">{\"@context\":\"https:\\\/\\\/schema.org\",\"@graph\":[{\"@type\":\"WebPage\",\"@id\":\"https:\\\/\\\/medicinasinc.com\\\/cs\\\/product\\\/brallobarbital-vesparax\\\/\",\"url\":\"https:\\\/\\\/medicinasinc.com\\\/cs\\\/product\\\/brallobarbital-vesparax\\\/\",\"name\":\"Brallobarbital (Vesparax) - Nejlep\u0161\u00ed glob\u00e1ln\u00ed l\u00e9ky\",\"isPartOf\":{\"@id\":\"https:\\\/\\\/medicinasinc.com\\\/cs\\\/#website\"},\"primaryImageOfPage\":{\"@id\":\"https:\\\/\\\/medicinasinc.com\\\/cs\\\/product\\\/brallobarbital-vesparax\\\/#primaryimage\"},\"image\":{\"@id\":\"https:\\\/\\\/medicinasinc.com\\\/cs\\\/product\\\/brallobarbital-vesparax\\\/#primaryimage\"},\"thumbnailUrl\":\"https:\\\/\\\/medicinasinc.com\\\/cs\\\/wp-content\\\/uploads\\\/sites\\\/2\\\/2022\\\/02\\\/Brallobarbital-Vesparax.jpg\",\"datePublished\":\"2022-02-22T07:12:38+00:00\",\"dateModified\":\"2022-03-14T11:26:37+00:00\",\"breadcrumb\":{\"@id\":\"https:\\\/\\\/medicinasinc.com\\\/cs\\\/product\\\/brallobarbital-vesparax\\\/#breadcrumb\"},\"inLanguage\":\"en-US\",\"potentialAction\":[{\"@type\":\"ReadAction\",\"target\":[\"https:\\\/\\\/medicinasinc.com\\\/cs\\\/product\\\/brallobarbital-vesparax\\\/\"]}]},{\"@type\":\"ImageObject\",\"inLanguage\":\"en-US\",\"@id\":\"https:\\\/\\\/medicinasinc.com\\\/cs\\\/product\\\/brallobarbital-vesparax\\\/#primaryimage\",\"url\":\"https:\\\/\\\/medicinasinc.com\\\/cs\\\/wp-content\\\/uploads\\\/sites\\\/2\\\/2022\\\/02\\\/Brallobarbital-Vesparax.jpg\",\"contentUrl\":\"https:\\\/\\\/medicinasinc.com\\\/cs\\\/wp-content\\\/uploads\\\/sites\\\/2\\\/2022\\\/02\\\/Brallobarbital-Vesparax.jpg\",\"width\":600,\"height\":600},{\"@type\":\"BreadcrumbList\",\"@id\":\"https:\\\/\\\/medicinasinc.com\\\/cs\\\/product\\\/brallobarbital-vesparax\\\/#breadcrumb\",\"itemListElement\":[{\"@type\":\"ListItem\",\"position\":1,\"name\":\"Obchod\",\"item\":\"https:\\\/\\\/medicinasinc.com\\\/cs\\\/obchod\\\/\"},{\"@type\":\"ListItem\",\"position\":2,\"name\":\"Bralobarbital (Vesparax)\"}]},{\"@type\":\"WebSite\",\"@id\":\"https:\\\/\\\/medicinasinc.com\\\/cs\\\/#website\",\"url\":\"https:\\\/\\\/medicinasinc.com\\\/cs\\\/\",\"name\":\"Medicinas Inc\",\"description\":\"Health Medical Clinic\",\"potentialAction\":[{\"@type\":\"SearchAction\",\"target\":{\"@type\":\"EntryPoint\",\"urlTemplate\":\"https:\\\/\\\/medicinasinc.com\\\/cs\\\/?s={search_term_string}\"},\"query-input\":{\"@type\":\"PropertyValueSpecification\",\"valueRequired\":true,\"valueName\":\"search_term_string\"}}],\"inLanguage\":\"en-US\"}]}<\/script>\n<!-- \/ Yoast SEO plugin. -->","yoast_head_json":{"title":"Brallobarbital (Vesparax) - Nejlep\u0161\u00ed glob\u00e1ln\u00ed l\u00e9ky","robots":{"index":"index","follow":"follow","max-snippet":"max-snippet:-1","max-image-preview":"max-image-preview:large","max-video-preview":"max-video-preview:-1"},"canonical":"https:\/\/medicinasinc.com\/cs\/product\/brallobarbital-vesparax\/","og_locale":"en_US","og_type":"article","og_title":"Brallobarbital (Vesparax) - Nejlep\u0161\u00ed glob\u00e1ln\u00ed l\u00e9ky","og_description":"Kontaktujte online l\u00e9k\u00e1rnu Nembutal Online l\u00e9k\u00e1rna Nembutal je nyn\u00ed k dispozici pouze n\u011bkolika kliknut\u00edmi! Pro zodpov\u011bzen\u00ed va\u0161ich dotaz\u016f n\u00e1s m\u016f\u017eete kontaktovat prost\u0159ednictv\u00edm telefonu, SMS nebo e-mailu. Garantujeme, \u017ee va\u0161i \u017e\u00e1dost vy\u0159\u00edd\u00edme ve stanoven\u00e9m \u010dasov\u00e9m r\u00e1mci. Objednejte si Vesparax online pr\u00e1v\u011b te\u010f!","og_url":"https:\/\/medicinasinc.com\/cs\/product\/brallobarbital-vesparax\/","og_site_name":"Medicinas Inc","article_modified_time":"2022-03-14T11:26:37+00:00","og_image":[{"width":600,"height":600,"url":"https:\/\/medicinasinc.com\/cs\/wp-content\/uploads\/sites\/2\/2022\/02\/Brallobarbital-Vesparax.jpg","type":"image\/jpeg"}],"twitter_card":"summary_large_image","twitter_misc":{"Est. reading time":"1 minute"},"schema":{"@context":"https:\/\/schema.org","@graph":[{"@type":"WebPage","@id":"https:\/\/medicinasinc.com\/cs\/product\/brallobarbital-vesparax\/","url":"https:\/\/medicinasinc.com\/cs\/product\/brallobarbital-vesparax\/","name":"Brallobarbital (Vesparax) - Nejlep\u0161\u00ed glob\u00e1ln\u00ed l\u00e9ky","isPartOf":{"@id":"https:\/\/medicinasinc.com\/cs\/#website"},"primaryImageOfPage":{"@id":"https:\/\/medicinasinc.com\/cs\/product\/brallobarbital-vesparax\/#primaryimage"},"image":{"@id":"https:\/\/medicinasinc.com\/cs\/product\/brallobarbital-vesparax\/#primaryimage"},"thumbnailUrl":"https:\/\/medicinasinc.com\/cs\/wp-content\/uploads\/sites\/2\/2022\/02\/Brallobarbital-Vesparax.jpg","datePublished":"2022-02-22T07:12:38+00:00","dateModified":"2022-03-14T11:26:37+00:00","breadcrumb":{"@id":"https:\/\/medicinasinc.com\/cs\/product\/brallobarbital-vesparax\/#breadcrumb"},"inLanguage":"en-US","potentialAction":[{"@type":"ReadAction","target":["https:\/\/medicinasinc.com\/cs\/product\/brallobarbital-vesparax\/"]}]},{"@type":"ImageObject","inLanguage":"en-US","@id":"https:\/\/medicinasinc.com\/cs\/product\/brallobarbital-vesparax\/#primaryimage","url":"https:\/\/medicinasinc.com\/cs\/wp-content\/uploads\/sites\/2\/2022\/02\/Brallobarbital-Vesparax.jpg","contentUrl":"https:\/\/medicinasinc.com\/cs\/wp-content\/uploads\/sites\/2\/2022\/02\/Brallobarbital-Vesparax.jpg","width":600,"height":600},{"@type":"BreadcrumbList","@id":"https:\/\/medicinasinc.com\/cs\/product\/brallobarbital-vesparax\/#breadcrumb","itemListElement":[{"@type":"ListItem","position":1,"name":"Obchod","item":"https:\/\/medicinasinc.com\/cs\/obchod\/"},{"@type":"ListItem","position":2,"name":"Bralobarbital (Vesparax)"}]},{"@type":"WebSite","@id":"https:\/\/medicinasinc.com\/cs\/#website","url":"https:\/\/medicinasinc.com\/cs\/","name":"Medicinas Inc","description":"Health Medical Clinic","potentialAction":[{"@type":"SearchAction","target":{"@type":"EntryPoint","urlTemplate":"https:\/\/medicinasinc.com\/cs\/?s={search_term_string}"},"query-input":{"@type":"PropertyValueSpecification","valueRequired":true,"valueName":"search_term_string"}}],"inLanguage":"en-US"}]}},"_links":{"self":[{"href":"https:\/\/medicinasinc.com\/cs\/wp-json\/wp\/v2\/product\/5840","targetHints":{"allow":["GET"]}}],"collection":[{"href":"https:\/\/medicinasinc.com\/cs\/wp-json\/wp\/v2\/product"}],"about":[{"href":"https:\/\/medicinasinc.com\/cs\/wp-json\/wp\/v2\/types\/product"}],"replies":[{"embeddable":true,"href":"https:\/\/medicinasinc.com\/cs\/wp-json\/wp\/v2\/comments?post=5840"}],"wp:featuredmedia":[{"embeddable":true,"href":"https:\/\/medicinasinc.com\/cs\/wp-json\/wp\/v2\/media\/5850"}],"wp:attachment":[{"href":"https:\/\/medicinasinc.com\/cs\/wp-json\/wp\/v2\/media?parent=5840"}],"wp:term":[{"taxonomy":"product_brand","embeddable":true,"href":"https:\/\/medicinasinc.com\/cs\/wp-json\/wp\/v2\/product_brand?post=5840"},{"taxonomy":"product_cat","embeddable":true,"href":"https:\/\/medicinasinc.com\/cs\/wp-json\/wp\/v2\/product_cat?post=5840"},{"taxonomy":"product_tag","embeddable":true,"href":"https:\/\/medicinasinc.com\/cs\/wp-json\/wp\/v2\/product_tag?post=5840"}],"curies":[{"name":"wp","href":"https:\/\/api.w.org\/{rel}","templated":true}]}}