{"id":5834,"date":"2022-02-22T07:05:31","date_gmt":"2022-02-22T07:05:31","guid":{"rendered":"https:\/\/medicinasinc.com\/cs\/?post_type=product&#038;p=5834"},"modified":"2022-03-14T11:26:49","modified_gmt":"2022-03-14T11:26:49","slug":"koupit-butabarbital-online","status":"publish","type":"product","link":"https:\/\/medicinasinc.com\/cs\/product\/koupit-butabarbital-online\/","title":{"rendered":"Koupit Butabarbital online"},"content":{"rendered":"<p>Nakupte tablety sodn\u00e9 soli butabarbitalu 50 mg od nejlep\u0161\u00ed l\u00e9k\u00e1rny online.<\/p>\n<p>Online l\u00e9k\u00e1rna Nembutal je nejlep\u0161\u00edm m\u00edstem pro n\u00e1kup tablet sodn\u00e9 soli butabarbitalu 50 mg za nejni\u017e\u0161\u00ed cenu. Ve farmaceutick\u00e9m pr\u016fmyslu se pohybujeme ji\u017e dlouhou dobu. M\u016f\u017eete se spolehnout, \u017ee v\u00e1m poskytneme tu nejlep\u0161\u00ed mo\u017enou p\u00e9\u010di o va\u0161e zdrav\u00ed. Na\u0161i zku\u0161en\u00ed \u010dlenov\u00e9 t\u00fdmu ud\u011blaj\u00ed v\u0161e pro to, aby p\u0159ekonali va\u0161e o\u010dek\u00e1v\u00e1n\u00ed. Kupte si ihned!<\/p>\n<p>Jak byste m\u011bli pou\u017e\u00edvat butabarbital sodn\u00fd pot\u00e9, co si jej koup\u00edte od n\u00e1s?<\/p>\n<p>Butabarbital sodn\u00fd je vynikaj\u00edc\u00ed l\u00e9k na l\u00e9\u010dbu nespavosti u lid\u00ed. Obvykle se jedn\u00e1 o kr\u00e1tkodobou medikaci. Tuto l\u00e1tku lze pou\u017e\u00edt v l\u00e9ka\u0159sk\u00e9m pr\u016fmyslu jako sedativum p\u0159ed jakoukoli operac\u00ed.<\/p>\n<p>Aby bylo zaji\u0161t\u011bno spr\u00e1vn\u00e9 pod\u00e1v\u00e1n\u00ed sodn\u00e9 soli butabarbitalu, poskytujeme na\u0161im z\u00e1kazn\u00edk\u016fm manu\u00e1l. Tato p\u0159\u00edru\u010dka obsahuje v\u0161echny pokyny k l\u00e9\u010db\u011b. M\u016f\u017eete si je snadno p\u0159e\u010d\u00edst jeden po druh\u00e9m a pou\u017e\u00edt je k d\u016fvod\u016fm, pro kter\u00e9 byly ur\u010deny. M\u016f\u017eete m\u00edt plnou d\u016fv\u011bru v na\u0161i renomovanou online l\u00e9k\u00e1rnu. D\u016fsledn\u011b zva\u017eujeme nejlep\u0161\u00ed z\u00e1jmy na\u0161ich v\u00e1\u017een\u00fdch spot\u0159ebitel\u016f. Neust\u00e1le se star\u00e1me o zdrav\u00ed na\u0161ich z\u00e1kazn\u00edk\u016f a kontrolujeme v\u0161echny produkty p\u0159ed dod\u00e1n\u00edm.<\/p>\n<p>M\u016f\u017eete n\u00e1s kontaktovat, abyste z\u00edskali nejlep\u0161\u00ed cenu butabarbitalu sodn\u00e9ho. Na\u0161i odborn\u00edci va\u0161i objedn\u00e1vku p\u0159elo\u017e\u00ed a zajist\u00ed jej\u00ed okam\u017eit\u00e9 doru\u010den\u00ed. Va\u0161e l\u00e9ky v\u00e1m budou zasl\u00e1ny v \u010dasov\u00e9m r\u00e1mci stanoven\u00e9m na\u0161\u00ed online l\u00e9k\u00e1rnou. Nembutal je pr\u00e1v\u011b te\u010f k dispozici za zv\u00fdhodn\u011bnou cenu!<\/p>\n","protected":false},"excerpt":{"rendered":"<p>Jak mohu z\u00edskat sodnou s\u016fl butabarbitalu z online l\u00e9k\u00e1rny Nembutal?<\/p>\n<p>Nyn\u00ed je k dispozici online l\u00e9k\u00e1rna Nembutal. Ode\u0161lete podrobnosti o va\u0161\u00ed objedn\u00e1vce a platb\u011b za tablety Butabarbital Sodium 50 mg na na\u0161\u00ed ofici\u00e1ln\u00ed webov\u00e9 str\u00e1nce. Jakmile je objedn\u00e1vka zad\u00e1na, bude zpracov\u00e1na ve stanoven\u00e9m \u010dasov\u00e9m r\u00e1mci. Objednejte je\u0161t\u011b dnes!<\/p>\n","protected":false},"featured_media":5844,"comment_status":"open","ping_status":"closed","template":"","meta":[],"product_brand":[],"product_cat":[3818],"product_tag":[],"class_list":{"0":"post-5834","1":"product","2":"type-product","3":"status-publish","4":"has-post-thumbnail","6":"product_cat-pentobarbital-na-prodej","8":"first","9":"instock","10":"shipping-taxable","11":"purchasable","12":"product-type-variable"},"yoast_head":"<!-- This site is optimized with the Yoast SEO plugin v27.3 - https:\/\/yoast.com\/product\/yoast-seo-wordpress\/ -->\n<title>Koupit butabarbital online \u2013 nejlep\u0161\u00ed nejlep\u0161\u00ed glob\u00e1ln\u00ed l\u00e9ky<\/title>\n<meta name=\"robots\" content=\"index, follow, max-snippet:-1, max-image-preview:large, max-video-preview:-1\" \/>\n<link rel=\"canonical\" href=\"https:\/\/medicinasinc.com\/cs\/product\/koupit-butabarbital-online\/\" \/>\n<meta property=\"og:locale\" content=\"en_US\" \/>\n<meta property=\"og:type\" content=\"article\" \/>\n<meta property=\"og:title\" content=\"Koupit butabarbital online \u2013 nejlep\u0161\u00ed nejlep\u0161\u00ed glob\u00e1ln\u00ed l\u00e9ky\" \/>\n<meta property=\"og:description\" content=\"Jak mohu z\u00edskat sodnou s\u016fl butabarbitalu z online l\u00e9k\u00e1rny Nembutal? Nyn\u00ed je k dispozici online l\u00e9k\u00e1rna Nembutal. Ode\u0161lete podrobnosti o va\u0161\u00ed objedn\u00e1vce a platb\u011b za tablety Butabarbital Sodium 50 mg na na\u0161\u00ed ofici\u00e1ln\u00ed webov\u00e9 str\u00e1nce. Jakmile je objedn\u00e1vka zad\u00e1na, bude zpracov\u00e1na ve stanoven\u00e9m \u010dasov\u00e9m r\u00e1mci. Objednejte je\u0161t\u011b dnes!\" \/>\n<meta property=\"og:url\" content=\"https:\/\/medicinasinc.com\/cs\/product\/koupit-butabarbital-online\/\" \/>\n<meta property=\"og:site_name\" content=\"Medicinas Inc\" \/>\n<meta property=\"article:modified_time\" content=\"2022-03-14T11:26:49+00:00\" \/>\n<meta property=\"og:image\" content=\"https:\/\/medicinasinc.com\/cs\/wp-content\/uploads\/sites\/2\/2022\/02\/Buy-Butabarbital.jpg\" \/>\n\t<meta property=\"og:image:width\" content=\"600\" \/>\n\t<meta property=\"og:image:height\" content=\"600\" \/>\n\t<meta property=\"og:image:type\" content=\"image\/jpeg\" \/>\n<meta name=\"twitter:card\" content=\"summary_large_image\" \/>\n<meta name=\"twitter:label1\" content=\"Est. reading time\" \/>\n\t<meta name=\"twitter:data1\" content=\"2 minutes\" \/>\n<script type=\"application\/ld+json\" class=\"yoast-schema-graph\">{\"@context\":\"https:\\\/\\\/schema.org\",\"@graph\":[{\"@type\":\"WebPage\",\"@id\":\"https:\\\/\\\/medicinasinc.com\\\/cs\\\/product\\\/koupit-butabarbital-online\\\/\",\"url\":\"https:\\\/\\\/medicinasinc.com\\\/cs\\\/product\\\/koupit-butabarbital-online\\\/\",\"name\":\"Koupit butabarbital online \u2013 nejlep\u0161\u00ed nejlep\u0161\u00ed glob\u00e1ln\u00ed l\u00e9ky\",\"isPartOf\":{\"@id\":\"https:\\\/\\\/medicinasinc.com\\\/cs\\\/#website\"},\"primaryImageOfPage\":{\"@id\":\"https:\\\/\\\/medicinasinc.com\\\/cs\\\/product\\\/koupit-butabarbital-online\\\/#primaryimage\"},\"image\":{\"@id\":\"https:\\\/\\\/medicinasinc.com\\\/cs\\\/product\\\/koupit-butabarbital-online\\\/#primaryimage\"},\"thumbnailUrl\":\"https:\\\/\\\/medicinasinc.com\\\/cs\\\/wp-content\\\/uploads\\\/sites\\\/2\\\/2022\\\/02\\\/Buy-Butabarbital.jpg\",\"datePublished\":\"2022-02-22T07:05:31+00:00\",\"dateModified\":\"2022-03-14T11:26:49+00:00\",\"breadcrumb\":{\"@id\":\"https:\\\/\\\/medicinasinc.com\\\/cs\\\/product\\\/koupit-butabarbital-online\\\/#breadcrumb\"},\"inLanguage\":\"en-US\",\"potentialAction\":[{\"@type\":\"ReadAction\",\"target\":[\"https:\\\/\\\/medicinasinc.com\\\/cs\\\/product\\\/koupit-butabarbital-online\\\/\"]}]},{\"@type\":\"ImageObject\",\"inLanguage\":\"en-US\",\"@id\":\"https:\\\/\\\/medicinasinc.com\\\/cs\\\/product\\\/koupit-butabarbital-online\\\/#primaryimage\",\"url\":\"https:\\\/\\\/medicinasinc.com\\\/cs\\\/wp-content\\\/uploads\\\/sites\\\/2\\\/2022\\\/02\\\/Buy-Butabarbital.jpg\",\"contentUrl\":\"https:\\\/\\\/medicinasinc.com\\\/cs\\\/wp-content\\\/uploads\\\/sites\\\/2\\\/2022\\\/02\\\/Buy-Butabarbital.jpg\",\"width\":600,\"height\":600},{\"@type\":\"BreadcrumbList\",\"@id\":\"https:\\\/\\\/medicinasinc.com\\\/cs\\\/product\\\/koupit-butabarbital-online\\\/#breadcrumb\",\"itemListElement\":[{\"@type\":\"ListItem\",\"position\":1,\"name\":\"Obchod\",\"item\":\"https:\\\/\\\/medicinasinc.com\\\/cs\\\/obchod\\\/\"},{\"@type\":\"ListItem\",\"position\":2,\"name\":\"Koupit Butabarbital online\"}]},{\"@type\":\"WebSite\",\"@id\":\"https:\\\/\\\/medicinasinc.com\\\/cs\\\/#website\",\"url\":\"https:\\\/\\\/medicinasinc.com\\\/cs\\\/\",\"name\":\"Medicinas Inc\",\"description\":\"Health Medical Clinic\",\"potentialAction\":[{\"@type\":\"SearchAction\",\"target\":{\"@type\":\"EntryPoint\",\"urlTemplate\":\"https:\\\/\\\/medicinasinc.com\\\/cs\\\/?s={search_term_string}\"},\"query-input\":{\"@type\":\"PropertyValueSpecification\",\"valueRequired\":true,\"valueName\":\"search_term_string\"}}],\"inLanguage\":\"en-US\"}]}<\/script>\n<!-- \/ Yoast SEO plugin. -->","yoast_head_json":{"title":"Koupit butabarbital online \u2013 nejlep\u0161\u00ed nejlep\u0161\u00ed glob\u00e1ln\u00ed l\u00e9ky","robots":{"index":"index","follow":"follow","max-snippet":"max-snippet:-1","max-image-preview":"max-image-preview:large","max-video-preview":"max-video-preview:-1"},"canonical":"https:\/\/medicinasinc.com\/cs\/product\/koupit-butabarbital-online\/","og_locale":"en_US","og_type":"article","og_title":"Koupit butabarbital online \u2013 nejlep\u0161\u00ed nejlep\u0161\u00ed glob\u00e1ln\u00ed l\u00e9ky","og_description":"Jak mohu z\u00edskat sodnou s\u016fl butabarbitalu z online l\u00e9k\u00e1rny Nembutal? Nyn\u00ed je k dispozici online l\u00e9k\u00e1rna Nembutal. Ode\u0161lete podrobnosti o va\u0161\u00ed objedn\u00e1vce a platb\u011b za tablety Butabarbital Sodium 50 mg na na\u0161\u00ed ofici\u00e1ln\u00ed webov\u00e9 str\u00e1nce. Jakmile je objedn\u00e1vka zad\u00e1na, bude zpracov\u00e1na ve stanoven\u00e9m \u010dasov\u00e9m r\u00e1mci. Objednejte je\u0161t\u011b dnes!","og_url":"https:\/\/medicinasinc.com\/cs\/product\/koupit-butabarbital-online\/","og_site_name":"Medicinas Inc","article_modified_time":"2022-03-14T11:26:49+00:00","og_image":[{"width":600,"height":600,"url":"https:\/\/medicinasinc.com\/cs\/wp-content\/uploads\/sites\/2\/2022\/02\/Buy-Butabarbital.jpg","type":"image\/jpeg"}],"twitter_card":"summary_large_image","twitter_misc":{"Est. reading time":"2 minutes"},"schema":{"@context":"https:\/\/schema.org","@graph":[{"@type":"WebPage","@id":"https:\/\/medicinasinc.com\/cs\/product\/koupit-butabarbital-online\/","url":"https:\/\/medicinasinc.com\/cs\/product\/koupit-butabarbital-online\/","name":"Koupit butabarbital online \u2013 nejlep\u0161\u00ed nejlep\u0161\u00ed glob\u00e1ln\u00ed l\u00e9ky","isPartOf":{"@id":"https:\/\/medicinasinc.com\/cs\/#website"},"primaryImageOfPage":{"@id":"https:\/\/medicinasinc.com\/cs\/product\/koupit-butabarbital-online\/#primaryimage"},"image":{"@id":"https:\/\/medicinasinc.com\/cs\/product\/koupit-butabarbital-online\/#primaryimage"},"thumbnailUrl":"https:\/\/medicinasinc.com\/cs\/wp-content\/uploads\/sites\/2\/2022\/02\/Buy-Butabarbital.jpg","datePublished":"2022-02-22T07:05:31+00:00","dateModified":"2022-03-14T11:26:49+00:00","breadcrumb":{"@id":"https:\/\/medicinasinc.com\/cs\/product\/koupit-butabarbital-online\/#breadcrumb"},"inLanguage":"en-US","potentialAction":[{"@type":"ReadAction","target":["https:\/\/medicinasinc.com\/cs\/product\/koupit-butabarbital-online\/"]}]},{"@type":"ImageObject","inLanguage":"en-US","@id":"https:\/\/medicinasinc.com\/cs\/product\/koupit-butabarbital-online\/#primaryimage","url":"https:\/\/medicinasinc.com\/cs\/wp-content\/uploads\/sites\/2\/2022\/02\/Buy-Butabarbital.jpg","contentUrl":"https:\/\/medicinasinc.com\/cs\/wp-content\/uploads\/sites\/2\/2022\/02\/Buy-Butabarbital.jpg","width":600,"height":600},{"@type":"BreadcrumbList","@id":"https:\/\/medicinasinc.com\/cs\/product\/koupit-butabarbital-online\/#breadcrumb","itemListElement":[{"@type":"ListItem","position":1,"name":"Obchod","item":"https:\/\/medicinasinc.com\/cs\/obchod\/"},{"@type":"ListItem","position":2,"name":"Koupit Butabarbital online"}]},{"@type":"WebSite","@id":"https:\/\/medicinasinc.com\/cs\/#website","url":"https:\/\/medicinasinc.com\/cs\/","name":"Medicinas Inc","description":"Health Medical Clinic","potentialAction":[{"@type":"SearchAction","target":{"@type":"EntryPoint","urlTemplate":"https:\/\/medicinasinc.com\/cs\/?s={search_term_string}"},"query-input":{"@type":"PropertyValueSpecification","valueRequired":true,"valueName":"search_term_string"}}],"inLanguage":"en-US"}]}},"_links":{"self":[{"href":"https:\/\/medicinasinc.com\/cs\/wp-json\/wp\/v2\/product\/5834","targetHints":{"allow":["GET"]}}],"collection":[{"href":"https:\/\/medicinasinc.com\/cs\/wp-json\/wp\/v2\/product"}],"about":[{"href":"https:\/\/medicinasinc.com\/cs\/wp-json\/wp\/v2\/types\/product"}],"replies":[{"embeddable":true,"href":"https:\/\/medicinasinc.com\/cs\/wp-json\/wp\/v2\/comments?post=5834"}],"wp:featuredmedia":[{"embeddable":true,"href":"https:\/\/medicinasinc.com\/cs\/wp-json\/wp\/v2\/media\/5844"}],"wp:attachment":[{"href":"https:\/\/medicinasinc.com\/cs\/wp-json\/wp\/v2\/media?parent=5834"}],"wp:term":[{"taxonomy":"product_brand","embeddable":true,"href":"https:\/\/medicinasinc.com\/cs\/wp-json\/wp\/v2\/product_brand?post=5834"},{"taxonomy":"product_cat","embeddable":true,"href":"https:\/\/medicinasinc.com\/cs\/wp-json\/wp\/v2\/product_cat?post=5834"},{"taxonomy":"product_tag","embeddable":true,"href":"https:\/\/medicinasinc.com\/cs\/wp-json\/wp\/v2\/product_tag?post=5834"}],"curies":[{"name":"wp","href":"https:\/\/api.w.org\/{rel}","templated":true}]}}