{"id":5828,"date":"2022-02-22T06:59:00","date_gmt":"2022-02-22T06:59:00","guid":{"rendered":"https:\/\/medicinasinc.com\/cs\/?post_type=product&#038;p=5828"},"modified":"2022-03-14T11:26:58","modified_gmt":"2022-03-14T11:26:58","slug":"buy-butalbital-online","status":"publish","type":"product","link":"https:\/\/medicinasinc.com\/cs\/product\/buy-butalbital-online\/","title":{"rendered":"Koupit Butalbital online"},"content":{"rendered":"<div class=\"mkdf-single-product-content\">\n<div class=\"mkdf-single-product-summary\">\n<div class=\"summary entry-summary\">\n<div class=\"woocommerce-tabs wc-tabs -wrapper\">\n<div id=\"tab-description\" class=\"woocommerce-Tabs-panel woocommerce-Tabs-panel--description panel entry-content wc-tab\" role=\"tabpanel\" aria-labelledby=\"tab-title -description\">\n<div id=\"ftwp-postcontent\">\n<p>Kupte si Nembutal Butalbital bez l\u00e9ka\u0159sk\u00e9ho p\u0159edpisu od nejlep\u0161\u00ed online l\u00e9k\u00e1rny<\/p>\n<p>Online Nembutal Pharmacy je renomovan\u00e1 online l\u00e9k\u00e1rna, kter\u00e1 je zn\u00e1m\u00e1 svou profesionalitou a vysokou kvalitou l\u00e9k\u016f. Nembutal Butalbital m\u016f\u017eete snadno z\u00edskat online bez l\u00e9ka\u0159sk\u00e9ho p\u0159edpisu z t\u00e9to str\u00e1nky. Jsme odhodl\u00e1ni poskytovat z\u00e1kazn\u00edk\u016fm po cel\u00e9m sv\u011bt\u011b vysoce kvalitn\u00ed produkt. V\u011bnujeme se pot\u0159eb\u00e1m a pot\u0159eb\u00e1m ka\u017ed\u00e9ho z\u00e1kazn\u00edka a v\u017edy je pln\u00edme podle pl\u00e1nu.<\/p>\n<p>M\u016f\u017eete n\u00e1s rychle kontaktovat prost\u0159ednictv\u00edm internetov\u00e9 platformy a z\u00edskat po\u017eadovan\u00e9 l\u00e9ky b\u011bhem kr\u00e1tk\u00e9 doby. Dnes si m\u016f\u017eete objednat Butalbital online!<\/p>\n<p>Jak\u00e9 jsou v\u00fdhody Nembutal Butalbital?<\/p>\n<p>Butalbital je l\u00e9k na p\u0159edpis pou\u017e\u00edvan\u00fd po kr\u00e1tkou dobu. Tento l\u00e9k lze pou\u017e\u00edt ve spojen\u00ed s jin\u00fdmi l\u00e9ky, jako je paracetamol (acetaminofen) nebo aspirin ke zm\u00edrn\u011bn\u00ed bolesti a bolesti hlavy. Nav\u00edc byl schv\u00e1len k l\u00e9\u010db\u011b bolest\u00ed hlavy z nap\u011bt\u00ed.<\/p>\n<p>Chcete-li Butalbital zakoupit online za nejlep\u0161\u00ed cenu, za\u010dn\u011bte jeho p\u0159id\u00e1n\u00edm do ko\u0161\u00edku. Po dokon\u010den\u00ed p\u0159id\u00e1v\u00e1n\u00ed m\u016f\u017eete pokra\u010dovat v dokon\u010den\u00ed platby. Zahrnuli jsme r\u016fzn\u00e9 platebn\u00ed br\u00e1ny. M\u016f\u017eete si vybrat ten nejvhodn\u011bj\u0161\u00ed a dokon\u010dit proces platby za svou objedn\u00e1vku.<\/p>\n<p>Kde mohu koupit Nembutal Butalbital online za nejlep\u0161\u00ed cenu?<\/p>\n<p>Pokud v\u00e1m byl p\u0159edeps\u00e1n Butalbital, je to je \u010das zakoupit Butalbital online v na\u0161\u00ed l\u00e9k\u00e1rn\u011b Nembutal.<\/p>\n<p>Propojen\u00ed s na\u0161\u00ed online l\u00e9k\u00e1rnou nebylo nikdy jednodu\u0161\u0161\u00ed. Na\u0161e webov\u00e9 str\u00e1nky jsou extr\u00e9mn\u011b jednoduch\u00e9 a u\u017eivatelsky p\u0159\u00edv\u011btiv\u00e9, co\u017e na\u0161im spot\u0159ebitel\u016fm pom\u00e1h\u00e1 c\u00edtit se pohodln\u011b p\u0159i objedn\u00e1v\u00e1n\u00ed jejich produkt\u016f.<\/p>\n<\/p><\/div><\/div><\/div><\/div><\/div><\/div>\n","protected":false},"excerpt":{"rendered":"<p>Na\u0161e online l\u00e9k\u00e1rna obdr\u017e\u00ed va\u0161i objedn\u00e1vku ihned po zad\u00e1n\u00ed. Up\u0159ednostn\u00edme to a dokon\u010d\u00edme to co nejrychleji. Doru\u010den\u00ed zbo\u017e\u00ed obvykle trv\u00e1 5 dn\u00ed, co\u017e zahrnuje pouze pracovn\u00ed dny. Do t\u00fddne dostanete Nembutal Butalbital v nejlep\u0161\u00ed mo\u017en\u00e9 kondici. Okam\u017eit\u011b nakupujte!<\/p>\n","protected":false},"featured_media":5838,"comment_status":"open","ping_status":"closed","template":"","meta":[],"product_brand":[],"product_cat":[3818],"product_tag":[3972,3974,3975,3976,3977,3995,4004,3980,3840,3982,3983,3981,3973,4006,4005,3979,3928,1051,3978,3845,3934,3984,3985,3987,3847,3990,3989,3991,3993,3994,3865,3936,3992,3996,3998,3986,3988,3999,4000,4002,3997,4003,4001],"class_list":{"0":"post-5828","1":"product","2":"type-product","3":"status-publish","4":"has-post-thumbnail","6":"product_cat-pentobarbital-na-prodej","7":"product_tag-a-amytal","8":"product_tag-buy-nembutal-canada","9":"product_tag-buy-nembutal-mexico","10":"product_tag-buying-nembutal","11":"product_tag-buying-nembutal-online","12":"product_tag-nembutal-cena","13":"product_tag-co-je-nembutal","14":"product_tag-how-much-nembutal-is-fatal","15":"product_tag-how-to-acquire-nembutal","16":"product_tag-how-to-make-nembutal","17":"product_tag-how-to-take-nembutal-to-die","18":"product_tag-jak-z-c3-adskat-nembutal","19":"product_tag-jsou","20":"product_tag-kde-koupit-nembutal-v-mexiku","21":"product_tag-kde-mohu-koupit-nembutal","22":"product_tag-jak-moc-nembutal-stoj","23":"product_tag-koupit-nembutal-online","24":"product_tag-koupit-nembutal","25":"product_tag-l-c3-a9ky-p-c5-99edepsan-c3-a9-na-sn-c3-ad-c5-been-c3-ad-nespavosti","26":"product_tag-nembutal","27":"product_tag-nembutal-buy-online","28":"product_tag-nembutal-capsules","29":"product_tag-nembutal-na","30":"product_tag-nembutal-definition","31":"product_tag-nembutal-for-sale","32":"product_tag-nembutal-mexico-2018","33":"product_tag-nembutal-mexiko","34":"product_tag-nembutal-online","35":"product_tag-nembutal-pentobarbital","36":"product_tag-nembutal-pill","37":"product_tag-nembutal-pilulky-na-prodej","38":"product_tag-nembutal-powder","39":"product_tag-nembutal-voln-prodejn","40":"product_tag-nembutal-reddit","41":"product_tag-nembutal-side-effects","42":"product_tag-nembutal-smrt","43":"product_tag-nembutal-letln-dvka","44":"product_tag-nembutal-sodk","45":"product_tag-nembutal-suppository","46":"product_tag-objednvka-nembutal-online","47":"product_tag-nembutal-pln","48":"product_tag-sekundrn","49":"product_tag-z-c3-adsk-c3-a1v-c3-a1n-c3-ad-nembutal","51":"first","52":"instock","53":"shipping-taxable","54":"purchasable","55":"product-type-variable"},"yoast_head":"<!-- This site is optimized with the Yoast SEO plugin v27.3 - https:\/\/yoast.com\/product\/yoast-seo-wordpress\/ -->\n<title>Koupit Butalbital online \u2013 nejlep\u0161\u00ed nejlep\u0161\u00ed glob\u00e1ln\u00ed l\u00e9ky<\/title>\n<meta name=\"robots\" content=\"index, follow, max-snippet:-1, max-image-preview:large, max-video-preview:-1\" \/>\n<link rel=\"canonical\" href=\"https:\/\/medicinasinc.com\/cs\/product\/buy-butalbital-online\/\" \/>\n<meta property=\"og:locale\" content=\"en_US\" \/>\n<meta property=\"og:type\" content=\"article\" \/>\n<meta property=\"og:title\" content=\"Koupit Butalbital online \u2013 nejlep\u0161\u00ed nejlep\u0161\u00ed glob\u00e1ln\u00ed l\u00e9ky\" \/>\n<meta property=\"og:description\" content=\"Na\u0161e online l\u00e9k\u00e1rna obdr\u017e\u00ed va\u0161i objedn\u00e1vku ihned po zad\u00e1n\u00ed. Up\u0159ednostn\u00edme to a dokon\u010d\u00edme to co nejrychleji. Doru\u010den\u00ed zbo\u017e\u00ed obvykle trv\u00e1 5 dn\u00ed, co\u017e zahrnuje pouze pracovn\u00ed dny. Do t\u00fddne dostanete Nembutal Butalbital v nejlep\u0161\u00ed mo\u017en\u00e9 kondici. Okam\u017eit\u011b nakupujte!\" \/>\n<meta property=\"og:url\" content=\"https:\/\/medicinasinc.com\/cs\/product\/buy-butalbital-online\/\" \/>\n<meta property=\"og:site_name\" content=\"Medicinas Inc\" \/>\n<meta property=\"article:modified_time\" content=\"2022-03-14T11:26:58+00:00\" \/>\n<meta property=\"og:image\" content=\"https:\/\/medicinasinc.com\/cs\/wp-content\/uploads\/sites\/2\/2022\/02\/Buy-Butalbital-Online.jpg\" \/>\n\t<meta property=\"og:image:width\" content=\"600\" \/>\n\t<meta property=\"og:image:height\" content=\"600\" \/>\n\t<meta property=\"og:image:type\" content=\"image\/jpeg\" \/>\n<meta name=\"twitter:card\" content=\"summary_large_image\" \/>\n<meta name=\"twitter:label1\" content=\"Est. reading time\" \/>\n\t<meta name=\"twitter:data1\" content=\"2 minutes\" \/>\n<script type=\"application\/ld+json\" class=\"yoast-schema-graph\">{\"@context\":\"https:\\\/\\\/schema.org\",\"@graph\":[{\"@type\":\"WebPage\",\"@id\":\"https:\\\/\\\/medicinasinc.com\\\/cs\\\/product\\\/buy-butalbital-online\\\/\",\"url\":\"https:\\\/\\\/medicinasinc.com\\\/cs\\\/product\\\/buy-butalbital-online\\\/\",\"name\":\"Koupit Butalbital online \u2013 nejlep\u0161\u00ed nejlep\u0161\u00ed glob\u00e1ln\u00ed l\u00e9ky\",\"isPartOf\":{\"@id\":\"https:\\\/\\\/medicinasinc.com\\\/cs\\\/#website\"},\"primaryImageOfPage\":{\"@id\":\"https:\\\/\\\/medicinasinc.com\\\/cs\\\/product\\\/buy-butalbital-online\\\/#primaryimage\"},\"image\":{\"@id\":\"https:\\\/\\\/medicinasinc.com\\\/cs\\\/product\\\/buy-butalbital-online\\\/#primaryimage\"},\"thumbnailUrl\":\"https:\\\/\\\/medicinasinc.com\\\/cs\\\/wp-content\\\/uploads\\\/sites\\\/2\\\/2022\\\/02\\\/Buy-Butalbital-Online.jpg\",\"datePublished\":\"2022-02-22T06:59:00+00:00\",\"dateModified\":\"2022-03-14T11:26:58+00:00\",\"breadcrumb\":{\"@id\":\"https:\\\/\\\/medicinasinc.com\\\/cs\\\/product\\\/buy-butalbital-online\\\/#breadcrumb\"},\"inLanguage\":\"en-US\",\"potentialAction\":[{\"@type\":\"ReadAction\",\"target\":[\"https:\\\/\\\/medicinasinc.com\\\/cs\\\/product\\\/buy-butalbital-online\\\/\"]}]},{\"@type\":\"ImageObject\",\"inLanguage\":\"en-US\",\"@id\":\"https:\\\/\\\/medicinasinc.com\\\/cs\\\/product\\\/buy-butalbital-online\\\/#primaryimage\",\"url\":\"https:\\\/\\\/medicinasinc.com\\\/cs\\\/wp-content\\\/uploads\\\/sites\\\/2\\\/2022\\\/02\\\/Buy-Butalbital-Online.jpg\",\"contentUrl\":\"https:\\\/\\\/medicinasinc.com\\\/cs\\\/wp-content\\\/uploads\\\/sites\\\/2\\\/2022\\\/02\\\/Buy-Butalbital-Online.jpg\",\"width\":600,\"height\":600},{\"@type\":\"BreadcrumbList\",\"@id\":\"https:\\\/\\\/medicinasinc.com\\\/cs\\\/product\\\/buy-butalbital-online\\\/#breadcrumb\",\"itemListElement\":[{\"@type\":\"ListItem\",\"position\":1,\"name\":\"Obchod\",\"item\":\"https:\\\/\\\/medicinasinc.com\\\/cs\\\/obchod\\\/\"},{\"@type\":\"ListItem\",\"position\":2,\"name\":\"Koupit Butalbital online\"}]},{\"@type\":\"WebSite\",\"@id\":\"https:\\\/\\\/medicinasinc.com\\\/cs\\\/#website\",\"url\":\"https:\\\/\\\/medicinasinc.com\\\/cs\\\/\",\"name\":\"Medicinas Inc\",\"description\":\"Health Medical Clinic\",\"potentialAction\":[{\"@type\":\"SearchAction\",\"target\":{\"@type\":\"EntryPoint\",\"urlTemplate\":\"https:\\\/\\\/medicinasinc.com\\\/cs\\\/?s={search_term_string}\"},\"query-input\":{\"@type\":\"PropertyValueSpecification\",\"valueRequired\":true,\"valueName\":\"search_term_string\"}}],\"inLanguage\":\"en-US\"}]}<\/script>\n<!-- \/ Yoast SEO plugin. -->","yoast_head_json":{"title":"Koupit Butalbital online \u2013 nejlep\u0161\u00ed nejlep\u0161\u00ed glob\u00e1ln\u00ed l\u00e9ky","robots":{"index":"index","follow":"follow","max-snippet":"max-snippet:-1","max-image-preview":"max-image-preview:large","max-video-preview":"max-video-preview:-1"},"canonical":"https:\/\/medicinasinc.com\/cs\/product\/buy-butalbital-online\/","og_locale":"en_US","og_type":"article","og_title":"Koupit Butalbital online \u2013 nejlep\u0161\u00ed nejlep\u0161\u00ed glob\u00e1ln\u00ed l\u00e9ky","og_description":"Na\u0161e online l\u00e9k\u00e1rna obdr\u017e\u00ed va\u0161i objedn\u00e1vku ihned po zad\u00e1n\u00ed. Up\u0159ednostn\u00edme to a dokon\u010d\u00edme to co nejrychleji. Doru\u010den\u00ed zbo\u017e\u00ed obvykle trv\u00e1 5 dn\u00ed, co\u017e zahrnuje pouze pracovn\u00ed dny. Do t\u00fddne dostanete Nembutal Butalbital v nejlep\u0161\u00ed mo\u017en\u00e9 kondici. Okam\u017eit\u011b nakupujte!","og_url":"https:\/\/medicinasinc.com\/cs\/product\/buy-butalbital-online\/","og_site_name":"Medicinas Inc","article_modified_time":"2022-03-14T11:26:58+00:00","og_image":[{"width":600,"height":600,"url":"https:\/\/medicinasinc.com\/cs\/wp-content\/uploads\/sites\/2\/2022\/02\/Buy-Butalbital-Online.jpg","type":"image\/jpeg"}],"twitter_card":"summary_large_image","twitter_misc":{"Est. reading time":"2 minutes"},"schema":{"@context":"https:\/\/schema.org","@graph":[{"@type":"WebPage","@id":"https:\/\/medicinasinc.com\/cs\/product\/buy-butalbital-online\/","url":"https:\/\/medicinasinc.com\/cs\/product\/buy-butalbital-online\/","name":"Koupit Butalbital online \u2013 nejlep\u0161\u00ed nejlep\u0161\u00ed glob\u00e1ln\u00ed l\u00e9ky","isPartOf":{"@id":"https:\/\/medicinasinc.com\/cs\/#website"},"primaryImageOfPage":{"@id":"https:\/\/medicinasinc.com\/cs\/product\/buy-butalbital-online\/#primaryimage"},"image":{"@id":"https:\/\/medicinasinc.com\/cs\/product\/buy-butalbital-online\/#primaryimage"},"thumbnailUrl":"https:\/\/medicinasinc.com\/cs\/wp-content\/uploads\/sites\/2\/2022\/02\/Buy-Butalbital-Online.jpg","datePublished":"2022-02-22T06:59:00+00:00","dateModified":"2022-03-14T11:26:58+00:00","breadcrumb":{"@id":"https:\/\/medicinasinc.com\/cs\/product\/buy-butalbital-online\/#breadcrumb"},"inLanguage":"en-US","potentialAction":[{"@type":"ReadAction","target":["https:\/\/medicinasinc.com\/cs\/product\/buy-butalbital-online\/"]}]},{"@type":"ImageObject","inLanguage":"en-US","@id":"https:\/\/medicinasinc.com\/cs\/product\/buy-butalbital-online\/#primaryimage","url":"https:\/\/medicinasinc.com\/cs\/wp-content\/uploads\/sites\/2\/2022\/02\/Buy-Butalbital-Online.jpg","contentUrl":"https:\/\/medicinasinc.com\/cs\/wp-content\/uploads\/sites\/2\/2022\/02\/Buy-Butalbital-Online.jpg","width":600,"height":600},{"@type":"BreadcrumbList","@id":"https:\/\/medicinasinc.com\/cs\/product\/buy-butalbital-online\/#breadcrumb","itemListElement":[{"@type":"ListItem","position":1,"name":"Obchod","item":"https:\/\/medicinasinc.com\/cs\/obchod\/"},{"@type":"ListItem","position":2,"name":"Koupit Butalbital online"}]},{"@type":"WebSite","@id":"https:\/\/medicinasinc.com\/cs\/#website","url":"https:\/\/medicinasinc.com\/cs\/","name":"Medicinas Inc","description":"Health Medical Clinic","potentialAction":[{"@type":"SearchAction","target":{"@type":"EntryPoint","urlTemplate":"https:\/\/medicinasinc.com\/cs\/?s={search_term_string}"},"query-input":{"@type":"PropertyValueSpecification","valueRequired":true,"valueName":"search_term_string"}}],"inLanguage":"en-US"}]}},"_links":{"self":[{"href":"https:\/\/medicinasinc.com\/cs\/wp-json\/wp\/v2\/product\/5828","targetHints":{"allow":["GET"]}}],"collection":[{"href":"https:\/\/medicinasinc.com\/cs\/wp-json\/wp\/v2\/product"}],"about":[{"href":"https:\/\/medicinasinc.com\/cs\/wp-json\/wp\/v2\/types\/product"}],"replies":[{"embeddable":true,"href":"https:\/\/medicinasinc.com\/cs\/wp-json\/wp\/v2\/comments?post=5828"}],"wp:featuredmedia":[{"embeddable":true,"href":"https:\/\/medicinasinc.com\/cs\/wp-json\/wp\/v2\/media\/5838"}],"wp:attachment":[{"href":"https:\/\/medicinasinc.com\/cs\/wp-json\/wp\/v2\/media?parent=5828"}],"wp:term":[{"taxonomy":"product_brand","embeddable":true,"href":"https:\/\/medicinasinc.com\/cs\/wp-json\/wp\/v2\/product_brand?post=5828"},{"taxonomy":"product_cat","embeddable":true,"href":"https:\/\/medicinasinc.com\/cs\/wp-json\/wp\/v2\/product_cat?post=5828"},{"taxonomy":"product_tag","embeddable":true,"href":"https:\/\/medicinasinc.com\/cs\/wp-json\/wp\/v2\/product_tag?post=5828"}],"curies":[{"name":"wp","href":"https:\/\/api.w.org\/{rel}","templated":true}]}}