{"id":5822,"date":"2022-02-22T06:52:56","date_gmt":"2022-02-22T06:52:56","guid":{"rendered":"https:\/\/medicinasinc.com\/cs\/?post_type=product&#038;p=5822"},"modified":"2022-03-14T11:27:13","modified_gmt":"2022-03-14T11:27:13","slug":"buy-nembutal-pentobarbital","status":"publish","type":"product","link":"https:\/\/medicinasinc.com\/cs\/product\/buy-nembutal-pentobarbital\/","title":{"rendered":"Koupit Nembutal Pentobarbital"},"content":{"rendered":"<p>Online n\u00e1kup nembutalu pentobarbital od The Best Global Meds<\/p>\n<p>Online Nembutal Pharmacy je jedin\u00fdm renomovan\u00fdm zdrojem pro n\u00e1kup Nembutal Pentobarbital online za nejni\u017e\u0161\u00ed mo\u017en\u00e9 n\u00e1klady.<\/p>\n<p>Jakmile budeme obdr\u017e\u00edme \u00fadaje o va\u0161\u00ed objedn\u00e1vce, zah\u00e1j\u00edme proces p\u0159\u00edpravy a n\u00e1sledn\u011b dod\u00e1n\u00ed. \u010clenov\u00e9 na\u0161eho t\u00fdmu bezpe\u010dn\u011b zabal\u00ed va\u0161e l\u00e9ky a rychle v\u00e1m je doru\u010d\u00ed. Pokud jde o kvalitu a v\u010dasnost pentobarbitalu nembutalu, od n\u00e1s nem\u016f\u017eete o\u010dek\u00e1vat nic men\u0161\u00edho ne\u017e to nejlep\u0161\u00ed.<\/p>\n<p>Co byste si m\u011bli koupit p\u0159i n\u00e1kupu pentobarbitalu nembutalu? Jak\u00e9 je vhodn\u00e9 m\u00edsto k jeho zakoupen\u00ed?<\/p>\n<p>Nembutal Pentobarbital je \u00fa\u010dinn\u00fd l\u00e9k proti z\u00e1chvat\u016fm, kter\u00fd se obvykle pou\u017e\u00edv\u00e1 ve spojen\u00ed s jin\u00fdmi l\u00e9ky na p\u0159edpis. Pokud m\u00e1te z\u00e1chvatov\u00e9 onemocn\u011bn\u00ed, tento l\u00e9k je pro v\u00e1s ide\u00e1ln\u00ed. Sv\u016fj den m\u016f\u017eete pro\u017e\u00edt s plnou vitalitou, bez ohledu na epizodu z\u00e1chvatu. P\u016fsob\u00ed na \u010detn\u00e9 oblasti mozku, co\u017e m\u00e1 za n\u00e1sledek stav klidu v t\u011ble.<\/p>\n<p>Nembutal Pentobarbital Online Pharmacy je nejlep\u0161\u00edm m\u00edstem pro online n\u00e1kup Nembutal Pentobarbital za nejni\u017e\u0161\u00ed cenu. Tento l\u00e9k se zde prod\u00e1v\u00e1 v nejlep\u0161\u00edm mo\u017en\u00e9m stavu a s maxim\u00e1ln\u00ed pe\u010dlivost\u00ed. V\u0161echny na\u0161e l\u00e9ky jsou laboratorn\u011b testov\u00e1ny a podrobeny s\u00e9rii test\u016f. Nav\u00e1zali jsme partnerstv\u00ed s p\u0159edn\u00edmi sv\u011btov\u00fdmi farmaceutick\u00fdmi v\u00fdrobci. Pokud od n\u00e1s dostanete l\u00e9ky, nen\u00ed t\u0159eba se ni\u010deho ob\u00e1vat. Nepochybn\u011b se v\u00e1m dostane t\u00e9 nejvy\u0161\u0161\u00ed mo\u017en\u00e9 p\u00e9\u010de o va\u0161e zdrav\u00ed!<\/p>\n","protected":false},"excerpt":{"rendered":"<p>Jak\u00e9 l\u00e9kov\u00e9 formy Nembutal Phenobarbital pot\u0159ebujete?<\/p>\n<p>Kdokoli na sv\u011bt\u011b si m\u016f\u017ee Nembutal koupit online v online l\u00e9k\u00e1rn\u011b. Kdykoli a odkudkoli n\u00e1s kontaktujte. Jak\u00e9koli dotazy nebo obavy na\u0161ich klient\u016f budou okam\u017eit\u011b \u0159e\u0161eny jedn\u00edm z na\u0161ich z\u00e1stupc\u016f z\u00e1kaznick\u00fdch slu\u017eeb. Kdy\u017e s n\u00e1mi spolupracujete, nikdy v\u00e1s nezaj\u00edm\u00e1 kvalita va\u0161ich l\u00e9k\u016f nebo stav va\u0161\u00ed dod\u00e1vky. Nembutal Phenobarbital na prodej lze zakoupit prost\u0159ednictv\u00edm telefonu, e-mailu nebo textov\u00e9 zpr\u00e1vy. Nyn\u00ed je \u010das se p\u0159ipojit!<\/p>\n","protected":false},"featured_media":5832,"comment_status":"open","ping_status":"closed","template":"","meta":[],"product_brand":[],"product_cat":[3818],"product_tag":[],"class_list":{"0":"post-5822","1":"product","2":"type-product","3":"status-publish","4":"has-post-thumbnail","6":"product_cat-pentobarbital-na-prodej","8":"first","9":"instock","10":"shipping-taxable","11":"purchasable","12":"product-type-variable"},"yoast_head":"<!-- This site is optimized with the Yoast SEO plugin v27.3 - https:\/\/yoast.com\/product\/yoast-seo-wordpress\/ -->\n<title>Koupit Nembutal Pentobarbital - Nejlep\u0161\u00ed glob\u00e1ln\u00ed l\u00e9ky<\/title>\n<meta name=\"robots\" content=\"index, follow, max-snippet:-1, max-image-preview:large, max-video-preview:-1\" \/>\n<link rel=\"canonical\" href=\"https:\/\/medicinasinc.com\/cs\/product\/buy-nembutal-pentobarbital\/\" \/>\n<meta property=\"og:locale\" content=\"en_US\" \/>\n<meta property=\"og:type\" content=\"article\" \/>\n<meta property=\"og:title\" content=\"Koupit Nembutal Pentobarbital - Nejlep\u0161\u00ed glob\u00e1ln\u00ed l\u00e9ky\" \/>\n<meta property=\"og:description\" content=\"Jak\u00e9 l\u00e9kov\u00e9 formy Nembutal Phenobarbital pot\u0159ebujete? Kdokoli na sv\u011bt\u011b si m\u016f\u017ee Nembutal koupit online v online l\u00e9k\u00e1rn\u011b. Kdykoli a odkudkoli n\u00e1s kontaktujte. Jak\u00e9koli dotazy nebo obavy na\u0161ich klient\u016f budou okam\u017eit\u011b \u0159e\u0161eny jedn\u00edm z na\u0161ich z\u00e1stupc\u016f z\u00e1kaznick\u00fdch slu\u017eeb. Kdy\u017e s n\u00e1mi spolupracujete, nikdy v\u00e1s nezaj\u00edm\u00e1 kvalita va\u0161ich l\u00e9k\u016f nebo stav va\u0161\u00ed dod\u00e1vky. Nembutal Phenobarbital na prodej lze zakoupit prost\u0159ednictv\u00edm telefonu, e-mailu nebo textov\u00e9 zpr\u00e1vy. Nyn\u00ed je \u010das se p\u0159ipojit!\" \/>\n<meta property=\"og:url\" content=\"https:\/\/medicinasinc.com\/cs\/product\/buy-nembutal-pentobarbital\/\" \/>\n<meta property=\"og:site_name\" content=\"Medicinas Inc\" \/>\n<meta property=\"article:modified_time\" content=\"2022-03-14T11:27:13+00:00\" \/>\n<meta property=\"og:image\" content=\"https:\/\/medicinasinc.com\/cs\/wp-content\/uploads\/sites\/2\/2022\/02\/buy-Nembutal-Pentobarbital-1.jpg\" \/>\n\t<meta property=\"og:image:width\" content=\"600\" \/>\n\t<meta property=\"og:image:height\" content=\"600\" \/>\n\t<meta property=\"og:image:type\" content=\"image\/jpeg\" \/>\n<meta name=\"twitter:card\" content=\"summary_large_image\" \/>\n<meta name=\"twitter:label1\" content=\"Est. reading time\" \/>\n\t<meta name=\"twitter:data1\" content=\"2 minutes\" \/>\n<script type=\"application\/ld+json\" class=\"yoast-schema-graph\">{\"@context\":\"https:\\\/\\\/schema.org\",\"@graph\":[{\"@type\":\"WebPage\",\"@id\":\"https:\\\/\\\/medicinasinc.com\\\/cs\\\/product\\\/buy-nembutal-pentobarbital\\\/\",\"url\":\"https:\\\/\\\/medicinasinc.com\\\/cs\\\/product\\\/buy-nembutal-pentobarbital\\\/\",\"name\":\"Koupit Nembutal Pentobarbital - Nejlep\u0161\u00ed glob\u00e1ln\u00ed l\u00e9ky\",\"isPartOf\":{\"@id\":\"https:\\\/\\\/medicinasinc.com\\\/cs\\\/#website\"},\"primaryImageOfPage\":{\"@id\":\"https:\\\/\\\/medicinasinc.com\\\/cs\\\/product\\\/buy-nembutal-pentobarbital\\\/#primaryimage\"},\"image\":{\"@id\":\"https:\\\/\\\/medicinasinc.com\\\/cs\\\/product\\\/buy-nembutal-pentobarbital\\\/#primaryimage\"},\"thumbnailUrl\":\"https:\\\/\\\/medicinasinc.com\\\/cs\\\/wp-content\\\/uploads\\\/sites\\\/2\\\/2022\\\/02\\\/buy-Nembutal-Pentobarbital-1.jpg\",\"datePublished\":\"2022-02-22T06:52:56+00:00\",\"dateModified\":\"2022-03-14T11:27:13+00:00\",\"breadcrumb\":{\"@id\":\"https:\\\/\\\/medicinasinc.com\\\/cs\\\/product\\\/buy-nembutal-pentobarbital\\\/#breadcrumb\"},\"inLanguage\":\"en-US\",\"potentialAction\":[{\"@type\":\"ReadAction\",\"target\":[\"https:\\\/\\\/medicinasinc.com\\\/cs\\\/product\\\/buy-nembutal-pentobarbital\\\/\"]}]},{\"@type\":\"ImageObject\",\"inLanguage\":\"en-US\",\"@id\":\"https:\\\/\\\/medicinasinc.com\\\/cs\\\/product\\\/buy-nembutal-pentobarbital\\\/#primaryimage\",\"url\":\"https:\\\/\\\/medicinasinc.com\\\/cs\\\/wp-content\\\/uploads\\\/sites\\\/2\\\/2022\\\/02\\\/buy-Nembutal-Pentobarbital-1.jpg\",\"contentUrl\":\"https:\\\/\\\/medicinasinc.com\\\/cs\\\/wp-content\\\/uploads\\\/sites\\\/2\\\/2022\\\/02\\\/buy-Nembutal-Pentobarbital-1.jpg\",\"width\":600,\"height\":600},{\"@type\":\"BreadcrumbList\",\"@id\":\"https:\\\/\\\/medicinasinc.com\\\/cs\\\/product\\\/buy-nembutal-pentobarbital\\\/#breadcrumb\",\"itemListElement\":[{\"@type\":\"ListItem\",\"position\":1,\"name\":\"Obchod\",\"item\":\"https:\\\/\\\/medicinasinc.com\\\/cs\\\/obchod\\\/\"},{\"@type\":\"ListItem\",\"position\":2,\"name\":\"Koupit Nembutal Pentobarbital\"}]},{\"@type\":\"WebSite\",\"@id\":\"https:\\\/\\\/medicinasinc.com\\\/cs\\\/#website\",\"url\":\"https:\\\/\\\/medicinasinc.com\\\/cs\\\/\",\"name\":\"Medicinas Inc\",\"description\":\"Health Medical Clinic\",\"potentialAction\":[{\"@type\":\"SearchAction\",\"target\":{\"@type\":\"EntryPoint\",\"urlTemplate\":\"https:\\\/\\\/medicinasinc.com\\\/cs\\\/?s={search_term_string}\"},\"query-input\":{\"@type\":\"PropertyValueSpecification\",\"valueRequired\":true,\"valueName\":\"search_term_string\"}}],\"inLanguage\":\"en-US\"}]}<\/script>\n<!-- \/ Yoast SEO plugin. -->","yoast_head_json":{"title":"Koupit Nembutal Pentobarbital - Nejlep\u0161\u00ed glob\u00e1ln\u00ed l\u00e9ky","robots":{"index":"index","follow":"follow","max-snippet":"max-snippet:-1","max-image-preview":"max-image-preview:large","max-video-preview":"max-video-preview:-1"},"canonical":"https:\/\/medicinasinc.com\/cs\/product\/buy-nembutal-pentobarbital\/","og_locale":"en_US","og_type":"article","og_title":"Koupit Nembutal Pentobarbital - Nejlep\u0161\u00ed glob\u00e1ln\u00ed l\u00e9ky","og_description":"Jak\u00e9 l\u00e9kov\u00e9 formy Nembutal Phenobarbital pot\u0159ebujete? Kdokoli na sv\u011bt\u011b si m\u016f\u017ee Nembutal koupit online v online l\u00e9k\u00e1rn\u011b. Kdykoli a odkudkoli n\u00e1s kontaktujte. Jak\u00e9koli dotazy nebo obavy na\u0161ich klient\u016f budou okam\u017eit\u011b \u0159e\u0161eny jedn\u00edm z na\u0161ich z\u00e1stupc\u016f z\u00e1kaznick\u00fdch slu\u017eeb. Kdy\u017e s n\u00e1mi spolupracujete, nikdy v\u00e1s nezaj\u00edm\u00e1 kvalita va\u0161ich l\u00e9k\u016f nebo stav va\u0161\u00ed dod\u00e1vky. Nembutal Phenobarbital na prodej lze zakoupit prost\u0159ednictv\u00edm telefonu, e-mailu nebo textov\u00e9 zpr\u00e1vy. Nyn\u00ed je \u010das se p\u0159ipojit!","og_url":"https:\/\/medicinasinc.com\/cs\/product\/buy-nembutal-pentobarbital\/","og_site_name":"Medicinas Inc","article_modified_time":"2022-03-14T11:27:13+00:00","og_image":[{"width":600,"height":600,"url":"https:\/\/medicinasinc.com\/cs\/wp-content\/uploads\/sites\/2\/2022\/02\/buy-Nembutal-Pentobarbital-1.jpg","type":"image\/jpeg"}],"twitter_card":"summary_large_image","twitter_misc":{"Est. reading time":"2 minutes"},"schema":{"@context":"https:\/\/schema.org","@graph":[{"@type":"WebPage","@id":"https:\/\/medicinasinc.com\/cs\/product\/buy-nembutal-pentobarbital\/","url":"https:\/\/medicinasinc.com\/cs\/product\/buy-nembutal-pentobarbital\/","name":"Koupit Nembutal Pentobarbital - Nejlep\u0161\u00ed glob\u00e1ln\u00ed l\u00e9ky","isPartOf":{"@id":"https:\/\/medicinasinc.com\/cs\/#website"},"primaryImageOfPage":{"@id":"https:\/\/medicinasinc.com\/cs\/product\/buy-nembutal-pentobarbital\/#primaryimage"},"image":{"@id":"https:\/\/medicinasinc.com\/cs\/product\/buy-nembutal-pentobarbital\/#primaryimage"},"thumbnailUrl":"https:\/\/medicinasinc.com\/cs\/wp-content\/uploads\/sites\/2\/2022\/02\/buy-Nembutal-Pentobarbital-1.jpg","datePublished":"2022-02-22T06:52:56+00:00","dateModified":"2022-03-14T11:27:13+00:00","breadcrumb":{"@id":"https:\/\/medicinasinc.com\/cs\/product\/buy-nembutal-pentobarbital\/#breadcrumb"},"inLanguage":"en-US","potentialAction":[{"@type":"ReadAction","target":["https:\/\/medicinasinc.com\/cs\/product\/buy-nembutal-pentobarbital\/"]}]},{"@type":"ImageObject","inLanguage":"en-US","@id":"https:\/\/medicinasinc.com\/cs\/product\/buy-nembutal-pentobarbital\/#primaryimage","url":"https:\/\/medicinasinc.com\/cs\/wp-content\/uploads\/sites\/2\/2022\/02\/buy-Nembutal-Pentobarbital-1.jpg","contentUrl":"https:\/\/medicinasinc.com\/cs\/wp-content\/uploads\/sites\/2\/2022\/02\/buy-Nembutal-Pentobarbital-1.jpg","width":600,"height":600},{"@type":"BreadcrumbList","@id":"https:\/\/medicinasinc.com\/cs\/product\/buy-nembutal-pentobarbital\/#breadcrumb","itemListElement":[{"@type":"ListItem","position":1,"name":"Obchod","item":"https:\/\/medicinasinc.com\/cs\/obchod\/"},{"@type":"ListItem","position":2,"name":"Koupit Nembutal Pentobarbital"}]},{"@type":"WebSite","@id":"https:\/\/medicinasinc.com\/cs\/#website","url":"https:\/\/medicinasinc.com\/cs\/","name":"Medicinas Inc","description":"Health Medical Clinic","potentialAction":[{"@type":"SearchAction","target":{"@type":"EntryPoint","urlTemplate":"https:\/\/medicinasinc.com\/cs\/?s={search_term_string}"},"query-input":{"@type":"PropertyValueSpecification","valueRequired":true,"valueName":"search_term_string"}}],"inLanguage":"en-US"}]}},"_links":{"self":[{"href":"https:\/\/medicinasinc.com\/cs\/wp-json\/wp\/v2\/product\/5822","targetHints":{"allow":["GET"]}}],"collection":[{"href":"https:\/\/medicinasinc.com\/cs\/wp-json\/wp\/v2\/product"}],"about":[{"href":"https:\/\/medicinasinc.com\/cs\/wp-json\/wp\/v2\/types\/product"}],"replies":[{"embeddable":true,"href":"https:\/\/medicinasinc.com\/cs\/wp-json\/wp\/v2\/comments?post=5822"}],"wp:featuredmedia":[{"embeddable":true,"href":"https:\/\/medicinasinc.com\/cs\/wp-json\/wp\/v2\/media\/5832"}],"wp:attachment":[{"href":"https:\/\/medicinasinc.com\/cs\/wp-json\/wp\/v2\/media?parent=5822"}],"wp:term":[{"taxonomy":"product_brand","embeddable":true,"href":"https:\/\/medicinasinc.com\/cs\/wp-json\/wp\/v2\/product_brand?post=5822"},{"taxonomy":"product_cat","embeddable":true,"href":"https:\/\/medicinasinc.com\/cs\/wp-json\/wp\/v2\/product_cat?post=5822"},{"taxonomy":"product_tag","embeddable":true,"href":"https:\/\/medicinasinc.com\/cs\/wp-json\/wp\/v2\/product_tag?post=5822"}],"curies":[{"name":"wp","href":"https:\/\/api.w.org\/{rel}","templated":true}]}}