{"id":5816,"date":"2022-02-22T06:47:51","date_gmt":"2022-02-22T06:47:51","guid":{"rendered":"https:\/\/medicinasinc.com\/cs\/?post_type=product&#038;p=5816"},"modified":"2022-03-14T11:27:23","modified_gmt":"2022-03-14T11:27:23","slug":"koupit-nembutal-pilulky","status":"publish","type":"product","link":"https:\/\/medicinasinc.com\/cs\/product\/koupit-nembutal-pilulky\/","title":{"rendered":"Kupte si Nembutal Pills"},"content":{"rendered":"<p>Nembutalov\u00e9 pilulky na prodej od nejlep\u0161\u00ed online l\u00e9k\u00e1rny za n\u00edzk\u00e9 ceny<\/p>\n<p>Nyn\u00ed si m\u016f\u017eete koupit tablety Nembutalu v Best Global Meds a vyu\u017e\u00edt je v jejich maxim\u00e1ln\u00edm potenci\u00e1lu pro va\u0161e zdrav\u00ed. Va\u0161i objedn\u00e1vku zohledn\u00edme a zajist\u00edme, aby se dostala tam, kam m\u00e1. Pokud byste cht\u011bli z\u00edskat pilulky Nembutal na prodej, kontaktujte n\u00e1s je\u0161t\u011b dnes.<\/p>\n<p>Jsme schopni poskytnout tablety Nembutalu p\u0159esn\u00fdm zp\u016fsobem kv\u016fli na\u0161\u00ed hv\u011bzdn\u00e9 pov\u011bsti v oboru. Abychom zajistili, \u017ee na\u0161i klienti obdr\u017e\u00ed sv\u00e9 objedn\u00e1vky co nejrychleji, pou\u017e\u00edv\u00e1me jednoduch\u00fd a \u00fa\u010deln\u00fd proces dopravy. Sna\u017e\u00edme se zajistit, aby na\u0161i klienti nemuseli \u010dekat na sv\u00e9 produkty.<\/p>\n<p>Jako profesion\u00e1ln\u00ed internetov\u00e1 l\u00e9k\u00e1rna n\u00e1m nic neute\u010de, pokud jde o to, aby va\u0161e objedn\u00e1vka dorazila v\u010das . Aby se nic nep\u0159ehl\u00e9dlo, \u010dlen na\u0161eho t\u00fdmu v\u0161e sleduje 24 hodin denn\u011b. Chceme, aby na\u0161i spot\u0159ebitel\u00e9 m\u011bli co nejv\u011bt\u0161\u00ed p\u00e9\u010di o sv\u00e9 zdrav\u00ed.<\/p>\n<p>Jak\u00fd je \u00fa\u010del Nembutalov\u00fdch pilulek?<\/p>\n<p>Kupov\u00e1n\u00ed Nembutalov\u00fdch pilulek v m\u00edstn\u00edm v\u00fddejn\u011b nebo l\u00e9k\u00e1rn\u011b nez\u00edsk\u00e1te prost\u011b jak\u00e1koliv star\u00e1 droga. P\u0159i l\u00e9\u010db\u011b sp\u00e1nkov\u00e9 deprivace jde o narkotikum, kter\u00e9 se pou\u017e\u00edv\u00e1 ve vysok\u00fdch d\u00e1vk\u00e1ch. Pacienti v nemocnic\u00edch a na l\u00e9ka\u0159sk\u00fdch klinik\u00e1ch jsou l\u00e9ka\u0159i a chirurgy usp\u00e1ni pomoc\u00ed Nembutalov\u00fdch pilulek, aby mohli pokra\u010dovat v procesu. Pro ty, kte\u0159\u00ed pot\u0159ebuj\u00ed Nembutal Pills, se m\u016f\u017eete obr\u00e1tit na Online Nembutal Pharmacy, \u0161pi\u010dkovou internetovou l\u00e9k\u00e1rnu. Zde najdete ty nejv\u011bt\u0161\u00ed z nejlep\u0161\u00edch. Kontaktujte n\u00e1s ihned!<\/p>\n","protected":false},"excerpt":{"rendered":"<p>Jak naj\u00edt nejlep\u0161\u00ed online l\u00e9k\u00e1rnu pro n\u00e1kup pilulek Nembutal?<\/p>\n<p>Kupte si Nembutal [Pilulky z na\u0161eho v\u00fdb\u011bru pilulek a injekc\u00ed sodn\u00e9 soli pentobarbitalu, barbitur\u00e1tov\u00fdch l\u00e9k\u016f a Nembutalu na prodej v m\u00e9m okol\u00ed se zabezpe\u010denou dopravou.<\/p>\n<p>Pokud si nejste jisti, jak se spojit s nejlep\u0161\u00ed online l\u00e9k\u00e1rnou za \u00fa\u010delem n\u00e1kupu tablet Nembutal online, Pentobarbital Global Meds je v\u017edy k dispozici, aby v\u00e1m pomohl. Jsme tu, abychom v\u00e1m pomohli s n\u00e1kupem Nembutal Pills online za nejni\u017e\u0161\u00ed mo\u017enou cenu. Zde m\u016f\u017eete zadat svou objedn\u00e1vku a po\u010dkat na jej\u00ed v\u010dasn\u00e9 dokon\u010den\u00ed. Dod\u00e1vku nebudeme nijak zbyte\u010dn\u011b zdr\u017eovat. Okam\u017eit\u011b n\u00e1s kontaktujte!<\/p>\n","protected":false},"featured_media":5826,"comment_status":"open","ping_status":"closed","template":"","meta":[],"product_brand":[],"product_cat":[3818],"product_tag":[3868,3839,3837,3915,3825,3832,3861,3862,3863,3864,3858,3865,3857,3859,3860,3871,3867],"class_list":{"0":"post-5816","1":"product","2":"type-product","3":"status-publish","4":"has-post-thumbnail","6":"product_cat-pentobarbital-na-prodej","7":"product_tag-nembutal-pilulky-dodavatel","8":"product_tag-how-can-i-take-nembutal","9":"product_tag-jak-mohu-objednat-nembutal-pilulky","10":"product_tag-kde-mohu-koupit-nembutal-pilulky","11":"product_tag-koupit-nembutal-pilulky-online","12":"product_tag-can-i-order-nembutal-online","13":"product_tag-nembutal-pills-buy-europe","14":"product_tag-nembutal-pills-buy-online","15":"product_tag-nembutal-pills-buy-uk","16":"product_tag-nembutal-pills-dose","17":"product_tag-nembutal-pilulky-koupit","18":"product_tag-nembutal-pilulky-na-prodej","19":"product_tag-nembutal-pilulky","20":"product_tag-nembutal-pilulky-koupit-austrlie","21":"product_tag-nembutal-pilulky-koupit-rakousko","22":"product_tag-objednat-nembutal-pilulky","23":"product_tag-nembutal-pilulky-pedvkovn","25":"first","26":"instock","27":"shipping-taxable","28":"purchasable","29":"product-type-variable"},"yoast_head":"<!-- This site is optimized with the Yoast SEO plugin v27.3 - https:\/\/yoast.com\/product\/yoast-seo-wordpress\/ -->\n<title>Koupit Nembutal Pills \u2013 nejlep\u0161\u00ed nejlep\u0161\u00ed glob\u00e1ln\u00ed l\u00e9ky<\/title>\n<meta name=\"description\" content=\"Kupte si Nembutal [Pills z na\u0161ich tablet Pentobarbital Sodium &amp; injekce, Barbitur\u00e1ty a Nembutal na prodej v m\u00e9 bl\u00edzkosti s bezpe\u010dnou z\u00e1silkou.\" \/>\n<meta name=\"robots\" content=\"index, follow, max-snippet:-1, max-image-preview:large, max-video-preview:-1\" \/>\n<link rel=\"canonical\" href=\"https:\/\/medicinasinc.com\/cs\/product\/koupit-nembutal-pilulky\/\" \/>\n<meta property=\"og:locale\" content=\"en_US\" \/>\n<meta property=\"og:type\" content=\"article\" \/>\n<meta property=\"og:title\" content=\"Koupit Nembutal Pills \u2013 nejlep\u0161\u00ed nejlep\u0161\u00ed glob\u00e1ln\u00ed l\u00e9ky\" \/>\n<meta property=\"og:description\" content=\"Kupte si Nembutal [Pills z na\u0161ich tablet Pentobarbital Sodium &amp; injekce, Barbitur\u00e1ty a Nembutal na prodej v m\u00e9 bl\u00edzkosti s bezpe\u010dnou z\u00e1silkou.\" \/>\n<meta property=\"og:url\" content=\"https:\/\/medicinasinc.com\/cs\/product\/koupit-nembutal-pilulky\/\" \/>\n<meta property=\"og:site_name\" content=\"Medicinas Inc\" \/>\n<meta property=\"article:modified_time\" content=\"2022-03-14T11:27:23+00:00\" \/>\n<meta property=\"og:image\" content=\"https:\/\/medicinasinc.com\/cs\/wp-content\/uploads\/sites\/2\/2022\/02\/Buy-Nembutal-Pills.jpg\" \/>\n\t<meta property=\"og:image:width\" content=\"600\" \/>\n\t<meta property=\"og:image:height\" content=\"600\" \/>\n\t<meta property=\"og:image:type\" content=\"image\/jpeg\" \/>\n<meta name=\"twitter:card\" content=\"summary_large_image\" \/>\n<meta name=\"twitter:label1\" content=\"Est. reading time\" \/>\n\t<meta name=\"twitter:data1\" content=\"2 minutes\" \/>\n<script type=\"application\/ld+json\" class=\"yoast-schema-graph\">{\"@context\":\"https:\\\/\\\/schema.org\",\"@graph\":[{\"@type\":\"WebPage\",\"@id\":\"https:\\\/\\\/medicinasinc.com\\\/cs\\\/product\\\/koupit-nembutal-pilulky\\\/\",\"url\":\"https:\\\/\\\/medicinasinc.com\\\/cs\\\/product\\\/koupit-nembutal-pilulky\\\/\",\"name\":\"Koupit Nembutal Pills \u2013 nejlep\u0161\u00ed nejlep\u0161\u00ed glob\u00e1ln\u00ed l\u00e9ky\",\"isPartOf\":{\"@id\":\"https:\\\/\\\/medicinasinc.com\\\/cs\\\/#website\"},\"primaryImageOfPage\":{\"@id\":\"https:\\\/\\\/medicinasinc.com\\\/cs\\\/product\\\/koupit-nembutal-pilulky\\\/#primaryimage\"},\"image\":{\"@id\":\"https:\\\/\\\/medicinasinc.com\\\/cs\\\/product\\\/koupit-nembutal-pilulky\\\/#primaryimage\"},\"thumbnailUrl\":\"https:\\\/\\\/medicinasinc.com\\\/cs\\\/wp-content\\\/uploads\\\/sites\\\/2\\\/2022\\\/02\\\/Buy-Nembutal-Pills.jpg\",\"datePublished\":\"2022-02-22T06:47:51+00:00\",\"dateModified\":\"2022-03-14T11:27:23+00:00\",\"description\":\"Kupte si Nembutal [Pills z na\u0161ich tablet Pentobarbital Sodium &amp; injekce, Barbitur\u00e1ty a Nembutal na prodej v m\u00e9 bl\u00edzkosti s bezpe\u010dnou z\u00e1silkou.\",\"breadcrumb\":{\"@id\":\"https:\\\/\\\/medicinasinc.com\\\/cs\\\/product\\\/koupit-nembutal-pilulky\\\/#breadcrumb\"},\"inLanguage\":\"en-US\",\"potentialAction\":[{\"@type\":\"ReadAction\",\"target\":[\"https:\\\/\\\/medicinasinc.com\\\/cs\\\/product\\\/koupit-nembutal-pilulky\\\/\"]}]},{\"@type\":\"ImageObject\",\"inLanguage\":\"en-US\",\"@id\":\"https:\\\/\\\/medicinasinc.com\\\/cs\\\/product\\\/koupit-nembutal-pilulky\\\/#primaryimage\",\"url\":\"https:\\\/\\\/medicinasinc.com\\\/cs\\\/wp-content\\\/uploads\\\/sites\\\/2\\\/2022\\\/02\\\/Buy-Nembutal-Pills.jpg\",\"contentUrl\":\"https:\\\/\\\/medicinasinc.com\\\/cs\\\/wp-content\\\/uploads\\\/sites\\\/2\\\/2022\\\/02\\\/Buy-Nembutal-Pills.jpg\",\"width\":600,\"height\":600},{\"@type\":\"BreadcrumbList\",\"@id\":\"https:\\\/\\\/medicinasinc.com\\\/cs\\\/product\\\/koupit-nembutal-pilulky\\\/#breadcrumb\",\"itemListElement\":[{\"@type\":\"ListItem\",\"position\":1,\"name\":\"Obchod\",\"item\":\"https:\\\/\\\/medicinasinc.com\\\/cs\\\/obchod\\\/\"},{\"@type\":\"ListItem\",\"position\":2,\"name\":\"Kupte si Nembutal Pills\"}]},{\"@type\":\"WebSite\",\"@id\":\"https:\\\/\\\/medicinasinc.com\\\/cs\\\/#website\",\"url\":\"https:\\\/\\\/medicinasinc.com\\\/cs\\\/\",\"name\":\"Medicinas Inc\",\"description\":\"Health Medical Clinic\",\"potentialAction\":[{\"@type\":\"SearchAction\",\"target\":{\"@type\":\"EntryPoint\",\"urlTemplate\":\"https:\\\/\\\/medicinasinc.com\\\/cs\\\/?s={search_term_string}\"},\"query-input\":{\"@type\":\"PropertyValueSpecification\",\"valueRequired\":true,\"valueName\":\"search_term_string\"}}],\"inLanguage\":\"en-US\"}]}<\/script>\n<!-- \/ Yoast SEO plugin. -->","yoast_head_json":{"title":"Koupit Nembutal Pills \u2013 nejlep\u0161\u00ed nejlep\u0161\u00ed glob\u00e1ln\u00ed l\u00e9ky","description":"Kupte si Nembutal [Pills z na\u0161ich tablet Pentobarbital Sodium &amp; injekce, Barbitur\u00e1ty a Nembutal na prodej v m\u00e9 bl\u00edzkosti s bezpe\u010dnou z\u00e1silkou.","robots":{"index":"index","follow":"follow","max-snippet":"max-snippet:-1","max-image-preview":"max-image-preview:large","max-video-preview":"max-video-preview:-1"},"canonical":"https:\/\/medicinasinc.com\/cs\/product\/koupit-nembutal-pilulky\/","og_locale":"en_US","og_type":"article","og_title":"Koupit Nembutal Pills \u2013 nejlep\u0161\u00ed nejlep\u0161\u00ed glob\u00e1ln\u00ed l\u00e9ky","og_description":"Kupte si Nembutal [Pills z na\u0161ich tablet Pentobarbital Sodium &amp; injekce, Barbitur\u00e1ty a Nembutal na prodej v m\u00e9 bl\u00edzkosti s bezpe\u010dnou z\u00e1silkou.","og_url":"https:\/\/medicinasinc.com\/cs\/product\/koupit-nembutal-pilulky\/","og_site_name":"Medicinas Inc","article_modified_time":"2022-03-14T11:27:23+00:00","og_image":[{"width":600,"height":600,"url":"https:\/\/medicinasinc.com\/cs\/wp-content\/uploads\/sites\/2\/2022\/02\/Buy-Nembutal-Pills.jpg","type":"image\/jpeg"}],"twitter_card":"summary_large_image","twitter_misc":{"Est. reading time":"2 minutes"},"schema":{"@context":"https:\/\/schema.org","@graph":[{"@type":"WebPage","@id":"https:\/\/medicinasinc.com\/cs\/product\/koupit-nembutal-pilulky\/","url":"https:\/\/medicinasinc.com\/cs\/product\/koupit-nembutal-pilulky\/","name":"Koupit Nembutal Pills \u2013 nejlep\u0161\u00ed nejlep\u0161\u00ed glob\u00e1ln\u00ed l\u00e9ky","isPartOf":{"@id":"https:\/\/medicinasinc.com\/cs\/#website"},"primaryImageOfPage":{"@id":"https:\/\/medicinasinc.com\/cs\/product\/koupit-nembutal-pilulky\/#primaryimage"},"image":{"@id":"https:\/\/medicinasinc.com\/cs\/product\/koupit-nembutal-pilulky\/#primaryimage"},"thumbnailUrl":"https:\/\/medicinasinc.com\/cs\/wp-content\/uploads\/sites\/2\/2022\/02\/Buy-Nembutal-Pills.jpg","datePublished":"2022-02-22T06:47:51+00:00","dateModified":"2022-03-14T11:27:23+00:00","description":"Kupte si Nembutal [Pills z na\u0161ich tablet Pentobarbital Sodium &amp; injekce, Barbitur\u00e1ty a Nembutal na prodej v m\u00e9 bl\u00edzkosti s bezpe\u010dnou z\u00e1silkou.","breadcrumb":{"@id":"https:\/\/medicinasinc.com\/cs\/product\/koupit-nembutal-pilulky\/#breadcrumb"},"inLanguage":"en-US","potentialAction":[{"@type":"ReadAction","target":["https:\/\/medicinasinc.com\/cs\/product\/koupit-nembutal-pilulky\/"]}]},{"@type":"ImageObject","inLanguage":"en-US","@id":"https:\/\/medicinasinc.com\/cs\/product\/koupit-nembutal-pilulky\/#primaryimage","url":"https:\/\/medicinasinc.com\/cs\/wp-content\/uploads\/sites\/2\/2022\/02\/Buy-Nembutal-Pills.jpg","contentUrl":"https:\/\/medicinasinc.com\/cs\/wp-content\/uploads\/sites\/2\/2022\/02\/Buy-Nembutal-Pills.jpg","width":600,"height":600},{"@type":"BreadcrumbList","@id":"https:\/\/medicinasinc.com\/cs\/product\/koupit-nembutal-pilulky\/#breadcrumb","itemListElement":[{"@type":"ListItem","position":1,"name":"Obchod","item":"https:\/\/medicinasinc.com\/cs\/obchod\/"},{"@type":"ListItem","position":2,"name":"Kupte si Nembutal Pills"}]},{"@type":"WebSite","@id":"https:\/\/medicinasinc.com\/cs\/#website","url":"https:\/\/medicinasinc.com\/cs\/","name":"Medicinas Inc","description":"Health Medical Clinic","potentialAction":[{"@type":"SearchAction","target":{"@type":"EntryPoint","urlTemplate":"https:\/\/medicinasinc.com\/cs\/?s={search_term_string}"},"query-input":{"@type":"PropertyValueSpecification","valueRequired":true,"valueName":"search_term_string"}}],"inLanguage":"en-US"}]}},"_links":{"self":[{"href":"https:\/\/medicinasinc.com\/cs\/wp-json\/wp\/v2\/product\/5816","targetHints":{"allow":["GET"]}}],"collection":[{"href":"https:\/\/medicinasinc.com\/cs\/wp-json\/wp\/v2\/product"}],"about":[{"href":"https:\/\/medicinasinc.com\/cs\/wp-json\/wp\/v2\/types\/product"}],"replies":[{"embeddable":true,"href":"https:\/\/medicinasinc.com\/cs\/wp-json\/wp\/v2\/comments?post=5816"}],"wp:featuredmedia":[{"embeddable":true,"href":"https:\/\/medicinasinc.com\/cs\/wp-json\/wp\/v2\/media\/5826"}],"wp:attachment":[{"href":"https:\/\/medicinasinc.com\/cs\/wp-json\/wp\/v2\/media?parent=5816"}],"wp:term":[{"taxonomy":"product_brand","embeddable":true,"href":"https:\/\/medicinasinc.com\/cs\/wp-json\/wp\/v2\/product_brand?post=5816"},{"taxonomy":"product_cat","embeddable":true,"href":"https:\/\/medicinasinc.com\/cs\/wp-json\/wp\/v2\/product_cat?post=5816"},{"taxonomy":"product_tag","embeddable":true,"href":"https:\/\/medicinasinc.com\/cs\/wp-json\/wp\/v2\/product_tag?post=5816"}],"curies":[{"name":"wp","href":"https:\/\/api.w.org\/{rel}","templated":true}]}}