{"id":5810,"date":"2022-02-22T06:41:43","date_gmt":"2022-02-22T06:41:43","guid":{"rendered":"https:\/\/medicinasinc.com\/cs\/?post_type=product&#038;p=5810"},"modified":"2022-03-14T11:27:33","modified_gmt":"2022-03-14T11:27:33","slug":"koupit-nembutal-tablety","status":"publish","type":"product","link":"https:\/\/medicinasinc.com\/cs\/product\/koupit-nembutal-tablety\/","title":{"rendered":"Koupit Nembutal tablety"},"content":{"rendered":"<p>Nembutal tablety na prodej online za nejni\u017e\u0161\u00ed ceny od na\u0161\u00ed renomovan\u00e9 online l\u00e9k\u00e1rny<\/p>\n<p>Online platforma umo\u017enila ka\u017ed\u00e9mu jednodu\u0161e a p\u0159\u00edmo\u010da\u0159e z\u00edskat tablety Nembutal. Pokud m\u00e1te z\u00e1jem o n\u00e1kup tablet Nembutal online tak\u00e9, spojte se s Online Nembutal Pharmacy. Na\u0161e l\u00e9k\u00e1rna je oddan\u00e1, spolehliv\u00e1 a ekonomick\u00e1 lokalita, kde m\u016f\u017eete splnit va\u0161e po\u017eadavky Nembutalu.<\/p>\n<p>V\u011b\u0159\u00edme v d\u016fle\u017eitost vysoce kvalitn\u00edch polo\u017eek a sna\u017e\u00edme se je poskytovat na\u0161im z\u00e1kazn\u00edk\u016fm. Okam\u017eit\u011b vy\u0159\u00edd\u00edme v\u00e1\u0161 po\u017eadavek na n\u00e1kup tablet Nembutal online za nejvy\u0161\u0161\u00ed cenu. Nenech\u00e1me v\u00e1s \u010dekat donekone\u010dna. Na\u0161e online l\u00e9k\u00e1rna va\u0161e produkty obratem za\u0161le. N\u00e1\u0161 distribu\u010dn\u00ed syst\u00e9m je diskr\u00e9tn\u00ed a bezpe\u010dn\u00fd. Nenech\u00e1v\u00e1me prostor pro chyby. Ve\u0161ker\u00e9 zak\u00e1zky jsou zde odborn\u011b vy\u0159izov\u00e1ny. Kupte si ihned!<\/p>\n<p>Nembutal tablety \u2013 pou\u010dte se o jejich bezpe\u010dn\u00e9m pou\u017eit\u00ed s \u200b\u200bpomoc\u00ed na\u0161eho profesion\u00e1ln\u00edho t\u00fdmu<\/p>\n<p>Nembutal tablety jsou \u0161iroce p\u0159edepisov\u00e1ny pro l\u00e9\u010dbu nespavosti, sedace a z\u00e1chvatov\u00fdch poruch. Po dlouhou dobu dod\u00e1v\u00e1me tablety Nembutal do cel\u00e9ho sv\u011bta. V n\u011bkter\u00fdch p\u0159\u00edpadech chirurgov\u00e9 pou\u017e\u00edvaj\u00ed tento l\u00e9k k uklidn\u011bn\u00ed pacient\u016f p\u0159ed proveden\u00edm chirurgick\u00e9ho z\u00e1kroku. Prov\u00e1d\u00edme pravideln\u00e9 testy na t\u011bchto tablet\u00e1ch, abychom zajistili jejich \u00fa\u010dinnost.<\/p>\n<p>K Nembutalov\u00fdm tablet\u00e1m zahrnujeme pr\u016fvodce l\u00e9ky. To pom\u00e1h\u00e1 na\u0161im klient\u016fm spr\u00e1vn\u011b aplikovat l\u00e9k a pochopit vhodnou d\u00e1vku na z\u00e1klad\u011b jejich hmotnosti, v\u011bku a zdravotn\u00edho stavu. Krom\u011b toho v\u011b\u0159\u00edme, \u017ee tablety Nembutal jsou nejjednodu\u0161\u0161\u00ed a nej\u00fa\u010dinn\u011bj\u0161\u00ed l\u00e9ky pro osoby, kter\u00e9 maj\u00ed pot\u00ed\u017ee se sp\u00e1nkem.<\/p>\n<p>Na\u0161i odborn\u00edci jsou tu 24 hodin denn\u011b, aby v\u00e1m pomohli porozum\u011bt v\u0161emu, co se t\u00fdk\u00e1 tablet Nembutal. Na\u0161e tablety Nembutal jsou za rozumnou cenu. Nemus\u00edte se v\u0161ak ob\u00e1vat n\u00e1klad\u016f na tento produkt. Okam\u017eit\u011b objednejte sv\u00e9 po\u017eadavky!<\/p>\n","protected":false},"excerpt":{"rendered":"<p>Jak v\u00e1m m\u016f\u017eeme pomoci koupit tablety Nembutal Phenobarbital na prodej Spojen\u00e9 kr\u00e1lovstv\u00ed, Evropa online? Online l\u00e9k\u00e1rna Nembutal je dostupn\u00e1 v\u0161em lidem po cel\u00e9m sv\u011bt\u011b. M\u016f\u017eete n\u00e1s kontaktovat kdykoli a kdekoli.<\/p>\n<p>V online l\u00e9k\u00e1rn\u011b Nembutal si m\u016f\u017eete zakoupit tablety Nembutal a nechat si je doru\u010dit na v\u00e1mi zadanou adresu b\u011bhem n\u011bkolika dn\u016f. Nembutal Tablets mus\u00ed b\u00fdt p\u0159id\u00e1ny do va\u0161eho online n\u00e1kupn\u00edho ko\u0161\u00edku, aby bylo mo\u017en\u00e9 transakci dokon\u010dit. P\u0159ejd\u011bte do sekce platby a zapla\u0165te ji, jakmile ji p\u0159id\u00e1te. Objedn\u00e1vku budete moci zadat, jakmile provedete platbu. Va\u0161i objedn\u00e1vku V\u00e1m doru\u010d\u00edme, jakmile ji obdr\u017e\u00ed na\u0161e internetov\u00e1 l\u00e9k\u00e1rna. Zadejte objedn\u00e1vku v tuto chv\u00edli!<\/p>\n","protected":false},"featured_media":5820,"comment_status":"open","ping_status":"closed","template":"","meta":[],"product_brand":[],"product_cat":[3818],"product_tag":[],"class_list":{"0":"post-5810","1":"product","2":"type-product","3":"status-publish","4":"has-post-thumbnail","6":"product_cat-pentobarbital-na-prodej","8":"first","9":"instock","10":"shipping-taxable","11":"purchasable","12":"product-type-variable"},"yoast_head":"<!-- This site is optimized with the Yoast SEO plugin v27.3 - https:\/\/yoast.com\/product\/yoast-seo-wordpress\/ -->\n<title>Kupte si Nembutal tablety \u2013 nejlep\u0161\u00ed glob\u00e1ln\u00ed l\u00e9ky<\/title>\n<meta name=\"description\" content=\"Jak v\u00e1m m\u016f\u017eeme pomoci koupit nembutalov\u00e9 tablety fenobarbital na prodej UK, Evropa online? Online l\u00e9k\u00e1rna Nembutal je dostupn\u00e1 v\u0161em lidem po cel\u00e9m sv\u011bt\u011b. M\u016f\u017eete n\u00e1s kontaktovat kdykoli a kdekoli.\" \/>\n<meta name=\"robots\" content=\"index, follow, max-snippet:-1, max-image-preview:large, max-video-preview:-1\" \/>\n<link rel=\"canonical\" href=\"https:\/\/medicinasinc.com\/cs\/product\/koupit-nembutal-tablety\/\" \/>\n<meta property=\"og:locale\" content=\"en_US\" \/>\n<meta property=\"og:type\" content=\"article\" \/>\n<meta property=\"og:title\" content=\"Kupte si Nembutal tablety \u2013 nejlep\u0161\u00ed glob\u00e1ln\u00ed l\u00e9ky\" \/>\n<meta property=\"og:description\" content=\"Jak v\u00e1m m\u016f\u017eeme pomoci koupit nembutalov\u00e9 tablety fenobarbital na prodej UK, Evropa online? Online l\u00e9k\u00e1rna Nembutal je dostupn\u00e1 v\u0161em lidem po cel\u00e9m sv\u011bt\u011b. M\u016f\u017eete n\u00e1s kontaktovat kdykoli a kdekoli.\" \/>\n<meta property=\"og:url\" content=\"https:\/\/medicinasinc.com\/cs\/product\/koupit-nembutal-tablety\/\" \/>\n<meta property=\"og:site_name\" content=\"Medicinas Inc\" \/>\n<meta property=\"article:modified_time\" content=\"2022-03-14T11:27:33+00:00\" \/>\n<meta property=\"og:image\" content=\"https:\/\/medicinasinc.com\/cs\/wp-content\/uploads\/sites\/2\/2022\/02\/Buy-Nembutal-Tablets.jpg\" \/>\n\t<meta property=\"og:image:width\" content=\"600\" \/>\n\t<meta property=\"og:image:height\" content=\"600\" \/>\n\t<meta property=\"og:image:type\" content=\"image\/jpeg\" \/>\n<meta name=\"twitter:card\" content=\"summary_large_image\" \/>\n<meta name=\"twitter:label1\" content=\"Est. reading time\" \/>\n\t<meta name=\"twitter:data1\" content=\"2 minutes\" \/>\n<script type=\"application\/ld+json\" class=\"yoast-schema-graph\">{\"@context\":\"https:\\\/\\\/schema.org\",\"@graph\":[{\"@type\":\"WebPage\",\"@id\":\"https:\\\/\\\/medicinasinc.com\\\/cs\\\/product\\\/koupit-nembutal-tablety\\\/\",\"url\":\"https:\\\/\\\/medicinasinc.com\\\/cs\\\/product\\\/koupit-nembutal-tablety\\\/\",\"name\":\"Kupte si Nembutal tablety \u2013 nejlep\u0161\u00ed glob\u00e1ln\u00ed l\u00e9ky\",\"isPartOf\":{\"@id\":\"https:\\\/\\\/medicinasinc.com\\\/cs\\\/#website\"},\"primaryImageOfPage\":{\"@id\":\"https:\\\/\\\/medicinasinc.com\\\/cs\\\/product\\\/koupit-nembutal-tablety\\\/#primaryimage\"},\"image\":{\"@id\":\"https:\\\/\\\/medicinasinc.com\\\/cs\\\/product\\\/koupit-nembutal-tablety\\\/#primaryimage\"},\"thumbnailUrl\":\"https:\\\/\\\/medicinasinc.com\\\/cs\\\/wp-content\\\/uploads\\\/sites\\\/2\\\/2022\\\/02\\\/Buy-Nembutal-Tablets.jpg\",\"datePublished\":\"2022-02-22T06:41:43+00:00\",\"dateModified\":\"2022-03-14T11:27:33+00:00\",\"description\":\"Jak v\u00e1m m\u016f\u017eeme pomoci koupit nembutalov\u00e9 tablety fenobarbital na prodej UK, Evropa online? Online l\u00e9k\u00e1rna Nembutal je dostupn\u00e1 v\u0161em lidem po cel\u00e9m sv\u011bt\u011b. M\u016f\u017eete n\u00e1s kontaktovat kdykoli a kdekoli.\",\"breadcrumb\":{\"@id\":\"https:\\\/\\\/medicinasinc.com\\\/cs\\\/product\\\/koupit-nembutal-tablety\\\/#breadcrumb\"},\"inLanguage\":\"en-US\",\"potentialAction\":[{\"@type\":\"ReadAction\",\"target\":[\"https:\\\/\\\/medicinasinc.com\\\/cs\\\/product\\\/koupit-nembutal-tablety\\\/\"]}]},{\"@type\":\"ImageObject\",\"inLanguage\":\"en-US\",\"@id\":\"https:\\\/\\\/medicinasinc.com\\\/cs\\\/product\\\/koupit-nembutal-tablety\\\/#primaryimage\",\"url\":\"https:\\\/\\\/medicinasinc.com\\\/cs\\\/wp-content\\\/uploads\\\/sites\\\/2\\\/2022\\\/02\\\/Buy-Nembutal-Tablets.jpg\",\"contentUrl\":\"https:\\\/\\\/medicinasinc.com\\\/cs\\\/wp-content\\\/uploads\\\/sites\\\/2\\\/2022\\\/02\\\/Buy-Nembutal-Tablets.jpg\",\"width\":600,\"height\":600},{\"@type\":\"BreadcrumbList\",\"@id\":\"https:\\\/\\\/medicinasinc.com\\\/cs\\\/product\\\/koupit-nembutal-tablety\\\/#breadcrumb\",\"itemListElement\":[{\"@type\":\"ListItem\",\"position\":1,\"name\":\"Obchod\",\"item\":\"https:\\\/\\\/medicinasinc.com\\\/cs\\\/obchod\\\/\"},{\"@type\":\"ListItem\",\"position\":2,\"name\":\"Koupit Nembutal tablety\"}]},{\"@type\":\"WebSite\",\"@id\":\"https:\\\/\\\/medicinasinc.com\\\/cs\\\/#website\",\"url\":\"https:\\\/\\\/medicinasinc.com\\\/cs\\\/\",\"name\":\"Medicinas Inc\",\"description\":\"Health Medical Clinic\",\"potentialAction\":[{\"@type\":\"SearchAction\",\"target\":{\"@type\":\"EntryPoint\",\"urlTemplate\":\"https:\\\/\\\/medicinasinc.com\\\/cs\\\/?s={search_term_string}\"},\"query-input\":{\"@type\":\"PropertyValueSpecification\",\"valueRequired\":true,\"valueName\":\"search_term_string\"}}],\"inLanguage\":\"en-US\"}]}<\/script>\n<!-- \/ Yoast SEO plugin. -->","yoast_head_json":{"title":"Kupte si Nembutal tablety \u2013 nejlep\u0161\u00ed glob\u00e1ln\u00ed l\u00e9ky","description":"Jak v\u00e1m m\u016f\u017eeme pomoci koupit nembutalov\u00e9 tablety fenobarbital na prodej UK, Evropa online? Online l\u00e9k\u00e1rna Nembutal je dostupn\u00e1 v\u0161em lidem po cel\u00e9m sv\u011bt\u011b. M\u016f\u017eete n\u00e1s kontaktovat kdykoli a kdekoli.","robots":{"index":"index","follow":"follow","max-snippet":"max-snippet:-1","max-image-preview":"max-image-preview:large","max-video-preview":"max-video-preview:-1"},"canonical":"https:\/\/medicinasinc.com\/cs\/product\/koupit-nembutal-tablety\/","og_locale":"en_US","og_type":"article","og_title":"Kupte si Nembutal tablety \u2013 nejlep\u0161\u00ed glob\u00e1ln\u00ed l\u00e9ky","og_description":"Jak v\u00e1m m\u016f\u017eeme pomoci koupit nembutalov\u00e9 tablety fenobarbital na prodej UK, Evropa online? Online l\u00e9k\u00e1rna Nembutal je dostupn\u00e1 v\u0161em lidem po cel\u00e9m sv\u011bt\u011b. M\u016f\u017eete n\u00e1s kontaktovat kdykoli a kdekoli.","og_url":"https:\/\/medicinasinc.com\/cs\/product\/koupit-nembutal-tablety\/","og_site_name":"Medicinas Inc","article_modified_time":"2022-03-14T11:27:33+00:00","og_image":[{"width":600,"height":600,"url":"https:\/\/medicinasinc.com\/cs\/wp-content\/uploads\/sites\/2\/2022\/02\/Buy-Nembutal-Tablets.jpg","type":"image\/jpeg"}],"twitter_card":"summary_large_image","twitter_misc":{"Est. reading time":"2 minutes"},"schema":{"@context":"https:\/\/schema.org","@graph":[{"@type":"WebPage","@id":"https:\/\/medicinasinc.com\/cs\/product\/koupit-nembutal-tablety\/","url":"https:\/\/medicinasinc.com\/cs\/product\/koupit-nembutal-tablety\/","name":"Kupte si Nembutal tablety \u2013 nejlep\u0161\u00ed glob\u00e1ln\u00ed l\u00e9ky","isPartOf":{"@id":"https:\/\/medicinasinc.com\/cs\/#website"},"primaryImageOfPage":{"@id":"https:\/\/medicinasinc.com\/cs\/product\/koupit-nembutal-tablety\/#primaryimage"},"image":{"@id":"https:\/\/medicinasinc.com\/cs\/product\/koupit-nembutal-tablety\/#primaryimage"},"thumbnailUrl":"https:\/\/medicinasinc.com\/cs\/wp-content\/uploads\/sites\/2\/2022\/02\/Buy-Nembutal-Tablets.jpg","datePublished":"2022-02-22T06:41:43+00:00","dateModified":"2022-03-14T11:27:33+00:00","description":"Jak v\u00e1m m\u016f\u017eeme pomoci koupit nembutalov\u00e9 tablety fenobarbital na prodej UK, Evropa online? Online l\u00e9k\u00e1rna Nembutal je dostupn\u00e1 v\u0161em lidem po cel\u00e9m sv\u011bt\u011b. M\u016f\u017eete n\u00e1s kontaktovat kdykoli a kdekoli.","breadcrumb":{"@id":"https:\/\/medicinasinc.com\/cs\/product\/koupit-nembutal-tablety\/#breadcrumb"},"inLanguage":"en-US","potentialAction":[{"@type":"ReadAction","target":["https:\/\/medicinasinc.com\/cs\/product\/koupit-nembutal-tablety\/"]}]},{"@type":"ImageObject","inLanguage":"en-US","@id":"https:\/\/medicinasinc.com\/cs\/product\/koupit-nembutal-tablety\/#primaryimage","url":"https:\/\/medicinasinc.com\/cs\/wp-content\/uploads\/sites\/2\/2022\/02\/Buy-Nembutal-Tablets.jpg","contentUrl":"https:\/\/medicinasinc.com\/cs\/wp-content\/uploads\/sites\/2\/2022\/02\/Buy-Nembutal-Tablets.jpg","width":600,"height":600},{"@type":"BreadcrumbList","@id":"https:\/\/medicinasinc.com\/cs\/product\/koupit-nembutal-tablety\/#breadcrumb","itemListElement":[{"@type":"ListItem","position":1,"name":"Obchod","item":"https:\/\/medicinasinc.com\/cs\/obchod\/"},{"@type":"ListItem","position":2,"name":"Koupit Nembutal tablety"}]},{"@type":"WebSite","@id":"https:\/\/medicinasinc.com\/cs\/#website","url":"https:\/\/medicinasinc.com\/cs\/","name":"Medicinas Inc","description":"Health Medical Clinic","potentialAction":[{"@type":"SearchAction","target":{"@type":"EntryPoint","urlTemplate":"https:\/\/medicinasinc.com\/cs\/?s={search_term_string}"},"query-input":{"@type":"PropertyValueSpecification","valueRequired":true,"valueName":"search_term_string"}}],"inLanguage":"en-US"}]}},"_links":{"self":[{"href":"https:\/\/medicinasinc.com\/cs\/wp-json\/wp\/v2\/product\/5810","targetHints":{"allow":["GET"]}}],"collection":[{"href":"https:\/\/medicinasinc.com\/cs\/wp-json\/wp\/v2\/product"}],"about":[{"href":"https:\/\/medicinasinc.com\/cs\/wp-json\/wp\/v2\/types\/product"}],"replies":[{"embeddable":true,"href":"https:\/\/medicinasinc.com\/cs\/wp-json\/wp\/v2\/comments?post=5810"}],"wp:featuredmedia":[{"embeddable":true,"href":"https:\/\/medicinasinc.com\/cs\/wp-json\/wp\/v2\/media\/5820"}],"wp:attachment":[{"href":"https:\/\/medicinasinc.com\/cs\/wp-json\/wp\/v2\/media?parent=5810"}],"wp:term":[{"taxonomy":"product_brand","embeddable":true,"href":"https:\/\/medicinasinc.com\/cs\/wp-json\/wp\/v2\/product_brand?post=5810"},{"taxonomy":"product_cat","embeddable":true,"href":"https:\/\/medicinasinc.com\/cs\/wp-json\/wp\/v2\/product_cat?post=5810"},{"taxonomy":"product_tag","embeddable":true,"href":"https:\/\/medicinasinc.com\/cs\/wp-json\/wp\/v2\/product_tag?post=5810"}],"curies":[{"name":"wp","href":"https:\/\/api.w.org\/{rel}","templated":true}]}}