{"id":5804,"date":"2022-02-22T06:35:00","date_gmt":"2022-02-22T06:35:00","guid":{"rendered":"https:\/\/medicinasinc.com\/cs\/?post_type=product&#038;p=5804"},"modified":"2022-03-14T11:27:42","modified_gmt":"2022-03-14T11:27:42","slug":"koupit-pentobarbital-sodium-online","status":"publish","type":"product","link":"https:\/\/medicinasinc.com\/cs\/product\/koupit-pentobarbital-sodium-online\/","title":{"rendered":"Koupit pentobarbital sodn\u00fd online"},"content":{"rendered":"<p>Kupte si sodnou s\u016fl pentobarbitalu online.<\/p>\n<p>Intraven\u00f3zn\u00ed nebo intramuskul\u00e1rn\u00ed injekce sodn\u00e9ho roztoku NEMBUTAL (injekce sodn\u00e9 soli pentobarbitalu) je p\u0159i pou\u017eit\u00ed tohoto steriln\u00edho roztoku bezpe\u010dn\u00e1 a snadn\u00e1. Pro injekci obsahuje ka\u017ed\u00fd mililitr 50 miligram\u016f pentobarbitalu sodn\u00e9ho rozpu\u0161t\u011bn\u00e9ho v propylenglykolu 40 procent, ethanolu 10 procent a vod\u011b. Pomoc\u00ed kyseliny chlorovod\u00edkov\u00e9 nebo hydroxidu sodn\u00e9ho lze pH upravit a\u017e na 9,5. M\u016f\u017ee b\u00fdt injikov\u00e1n do svalu nebo \u017e\u00edly pacienta. Online n\u00e1kup pentobarbitalu sodn\u00e9ho pro eutanazii zv\u00ed\u0159at, pentobarbitalu sodn\u00e9ho pro eutanazii zv\u00ed\u0159at, skupiny pentobarbitalu sodn\u00e9ho, \u200b\u200btekut\u00e9ho pentobarbitalu sodn\u00e9ho.<\/p>\n<p>V Best Global Meds si nyn\u00ed m\u016f\u017eete pentobarbital sodn\u00fd koupit online. Objednejte si Pentobarbital Sodium Injection online a nechte si jej doru\u010dit a\u017e k va\u0161im dve\u0159\u00edm v dan\u00e9m \u010dasov\u00e9m r\u00e1mci. Kontaktujte n\u00e1s pros\u00edm ihned! Pentobarbital sodn\u00fd pro eutanazii zv\u00ed\u0159at, tekut\u00fd pentobarbital sodn\u00fd<\/p>\n<p>Pentobarbital: Co to je a jak se pou\u017e\u00edv\u00e1?<\/p>\n<p>Kr\u00e1tkodob\u00e9 u\u017e\u00edv\u00e1n\u00ed pentobarbitalu, barbitur\u00e1tu, se pou\u017e\u00edv\u00e1 k l\u00e9\u010db\u011b nespavosti. K usp\u00e1n\u00ed pacient\u016f kv\u016fli operaci lze pentobarbital pou\u017e\u00edt tak\u00e9 jako nouzovou terapii. Online n\u00e1kup pentobarbitalu sodn\u00e9ho, \u200b\u200bpentobarbitalu sodn\u00e9ho pro eutanazii zv\u00ed\u0159at a pentobarbitalu sodn\u00e9ho<\/p>\n<p>Pentobarbital m\u016f\u017ee ve vysok\u00fdch d\u00e1vk\u00e1ch zp\u016fsobit z\u00e1stavu dechu a v\u00e9st k smrti. N\u011bkter\u00e9 st\u00e1ty a feder\u00e1ln\u00ed vl\u00e1da ve Spojen\u00fdch st\u00e1tech jej pou\u017e\u00edvaj\u00ed k poprav\u00e1m zlo\u010dinc\u016f a tak\u00e9 k eutanazii zv\u00ed\u0159at. Kupte si pentobarbital sodn\u00fd online.<\/p>\n<p>P\u0159i pod\u00e1v\u00e1n\u00ed ve smrteln\u00fdch mno\u017estv\u00edch je pentobarbital smrteln\u00fd. S t\u00edmto l\u00e9kem lze prov\u00e9st zv\u00ed\u0159ec\u00ed a lidskou eutanazii. V komer\u010dn\u00edch injekc\u00edch pro eutanazii zv\u00ed\u0159at m\u016f\u017ee b\u00fdt pou\u017eit samostatn\u011b nebo ve spojen\u00ed s jin\u00fdmi l\u00e9ky, jako je fenytoin.<\/p>\n<p>Eutanazie s pentobarbitalem<\/p>\n<p>Jeden z nej\u010dast\u011bji pou\u017e\u00edvan\u00fdch barbitur\u00e1t\u016f pro anestezii a eutanazii ve veterin\u00e1rn\u00ed oblasti je to pentobarbital (Nembutal). Pokud chcete zem\u0159\u00edt pokojn\u011b, je to vynikaj\u00edc\u00ed volba pro eutanazii nebo asistovanou sebevra\u017edu. Kupte si pentobarbital sodn\u00fd online.<\/p>\n<p>Jak\u00fdm zp\u016fsobem je pentobarbital sodn\u00fd pod\u00e1v\u00e1n?<br \/> Pentobarbital je sedativum, kter\u00e9 lze pod\u00e1vat intraven\u00f3zn\u011b nebo intraperitone\u00e1ln\u011b. Pentobarbital lze pod\u00e1vat jako bolus (Borkowski et al., 1990) nebo CRI, pokud se pou\u017e\u00edv\u00e1 jako celkov\u00e9 anestetikum. Injek\u010dn\u00ed pot\u00ed\u017ee a tromboflebitida jsou mo\u017en\u00fdmi vedlej\u0161\u00edmi \u00fa\u010dinky propylenglykolu, \u010dastou slo\u017ekou komer\u010dn\u00ed l\u00e9\u010dby. Koupit pentobarbital sodn\u00fd online.<\/p>\n<p>&nbsp;<\/p>\n<p>N\u00e1kup pentobarbitalu sodn\u00e9ho ve Spojen\u00e9m kr\u00e1lovstv\u00ed, z\u00edsk\u00e1n\u00ed pentobarbitalu sodn\u00e9ho pro psy, z\u00edsk\u00e1n\u00ed pr\u00e1\u0161k\u016f na span\u00ed obsahuj\u00edc\u00ed pentobarbital sodn\u00fd, z\u00edsk\u00e1n\u00ed nembutalu sodn\u00e9ho pentobarbital a z\u00edsk\u00e1n\u00ed pentobarbitalu sodn\u00e9ho p\u0159es p\u0159ep\u00e1\u017eku jsou v\u0161echny mo\u017en\u00e9 mo\u017enosti. Mo\u017enost\u00ed je tak\u00e9 n\u00e1kup pentobarbitalu sodn\u00e9ho ve Spojen\u00e9m kr\u00e1lovstv\u00ed. Pou\u017eit\u00ed drogy pentobarbital, tak\u00e9 zn\u00e1m\u00e9 jako pentobarbitalov\u00e1 s\u016fl, je sedativum pou\u017e\u00edvan\u00e9 k l\u00e9\u010db\u011b z\u00e1chvat\u016f u ps\u016f. Pentobarbital Sodium Online, Pentobarbital Sodium Buy, Pentobarbital Sodium China, Pentobarbital Sodium Death, Pentobarbital Sodium D\u00e1vkov\u00e1n\u00ed, Pentobarbital Sodn\u00e1 injekce pro psy, Pentobarbital Sodn\u00e1 injekce pro lidi, Pentobarbital Sodium Group, Pentobarbital Sodium Injection, Pentobarbital Sodium Injection pro psy Pentobarbital \/p&gt;<\/p>\n","protected":false},"excerpt":{"rendered":"<p>Nembutal Pentobarbital na prodej Velk\u00e1 Brit\u00e1nie, Evropa online za nejlep\u0161\u00ed ceny lze nal\u00e9zt pouze v Online Nembutal Pharmacy.<\/p>\n<p>Pro intraven\u00f3zn\u00ed nebo intramuskul\u00e1rn\u00ed pou\u017eit\u00ed je injekce sodn\u00e9 soli pentobarbitalu steriln\u00ed. Pro injekci obsahuje ka\u017ed\u00fd mililitr 50 miligram\u016f pentobarbitalu sodn\u00e9ho rozpu\u0161t\u011bn\u00e9ho v propylenglykolu 40 procent, ethanolu 10 procent a vod\u011b. Pomoc\u00ed kyseliny chlorovod\u00edkov\u00e9 nebo hydroxidu sodn\u00e9ho lze pH upravit a\u017e na 9,5.<\/p>\n","protected":false},"featured_media":5814,"comment_status":"open","ping_status":"closed","template":"","meta":[],"product_brand":[],"product_cat":[3818],"product_tag":[],"class_list":{"0":"post-5804","1":"product","2":"type-product","3":"status-publish","4":"has-post-thumbnail","6":"product_cat-pentobarbital-na-prodej","8":"first","9":"instock","10":"shipping-taxable","11":"purchasable","12":"product-type-variable"},"yoast_head":"<!-- This site is optimized with the Yoast SEO plugin v27.3 - https:\/\/yoast.com\/product\/yoast-seo-wordpress\/ -->\n<title>Koupit pentobarbital sodn\u00fd online \u2013 nejlep\u0161\u00ed glob\u00e1ln\u00ed l\u00e9ky<\/title>\n<meta name=\"description\" content=\"Online Nembutal l\u00e9k\u00e1rna je jedinou spolehlivou destinac\u00ed, kde si m\u016f\u017eete koupit Nembutal Pentobarbital na prodej ve Velk\u00e9 Brit\u00e1nii, Evrop\u011b online za nejlep\u0161\u00ed dostupn\u00e9 ceny.\" \/>\n<meta name=\"robots\" content=\"index, follow, max-snippet:-1, max-image-preview:large, max-video-preview:-1\" \/>\n<link rel=\"canonical\" href=\"https:\/\/medicinasinc.com\/cs\/product\/koupit-pentobarbital-sodium-online\/\" \/>\n<meta property=\"og:locale\" content=\"en_US\" \/>\n<meta property=\"og:type\" content=\"article\" \/>\n<meta property=\"og:title\" content=\"Koupit pentobarbital sodn\u00fd online \u2013 nejlep\u0161\u00ed glob\u00e1ln\u00ed l\u00e9ky\" \/>\n<meta property=\"og:description\" content=\"Online Nembutal l\u00e9k\u00e1rna je jedinou spolehlivou destinac\u00ed, kde si m\u016f\u017eete koupit Nembutal Pentobarbital na prodej ve Velk\u00e9 Brit\u00e1nii, Evrop\u011b online za nejlep\u0161\u00ed dostupn\u00e9 ceny.\" \/>\n<meta property=\"og:url\" content=\"https:\/\/medicinasinc.com\/cs\/product\/koupit-pentobarbital-sodium-online\/\" \/>\n<meta property=\"og:site_name\" content=\"Medicinas Inc\" \/>\n<meta property=\"article:modified_time\" content=\"2022-03-14T11:27:42+00:00\" \/>\n<meta property=\"og:image\" content=\"https:\/\/medicinasinc.com\/cs\/wp-content\/uploads\/sites\/2\/2022\/02\/buy-Nembutal-Pentobarbital.jpg\" \/>\n\t<meta property=\"og:image:width\" content=\"600\" \/>\n\t<meta property=\"og:image:height\" content=\"600\" \/>\n\t<meta property=\"og:image:type\" content=\"image\/jpeg\" \/>\n<meta name=\"twitter:card\" content=\"summary_large_image\" \/>\n<meta name=\"twitter:label1\" content=\"Est. reading time\" \/>\n\t<meta name=\"twitter:data1\" content=\"3 minutes\" \/>\n<script type=\"application\/ld+json\" class=\"yoast-schema-graph\">{\"@context\":\"https:\\\/\\\/schema.org\",\"@graph\":[{\"@type\":\"WebPage\",\"@id\":\"https:\\\/\\\/medicinasinc.com\\\/cs\\\/product\\\/koupit-pentobarbital-sodium-online\\\/\",\"url\":\"https:\\\/\\\/medicinasinc.com\\\/cs\\\/product\\\/koupit-pentobarbital-sodium-online\\\/\",\"name\":\"Koupit pentobarbital sodn\u00fd online \u2013 nejlep\u0161\u00ed glob\u00e1ln\u00ed l\u00e9ky\",\"isPartOf\":{\"@id\":\"https:\\\/\\\/medicinasinc.com\\\/cs\\\/#website\"},\"primaryImageOfPage\":{\"@id\":\"https:\\\/\\\/medicinasinc.com\\\/cs\\\/product\\\/koupit-pentobarbital-sodium-online\\\/#primaryimage\"},\"image\":{\"@id\":\"https:\\\/\\\/medicinasinc.com\\\/cs\\\/product\\\/koupit-pentobarbital-sodium-online\\\/#primaryimage\"},\"thumbnailUrl\":\"https:\\\/\\\/medicinasinc.com\\\/cs\\\/wp-content\\\/uploads\\\/sites\\\/2\\\/2022\\\/02\\\/buy-Nembutal-Pentobarbital.jpg\",\"datePublished\":\"2022-02-22T06:35:00+00:00\",\"dateModified\":\"2022-03-14T11:27:42+00:00\",\"description\":\"Online Nembutal l\u00e9k\u00e1rna je jedinou spolehlivou destinac\u00ed, kde si m\u016f\u017eete koupit Nembutal Pentobarbital na prodej ve Velk\u00e9 Brit\u00e1nii, Evrop\u011b online za nejlep\u0161\u00ed dostupn\u00e9 ceny.\",\"breadcrumb\":{\"@id\":\"https:\\\/\\\/medicinasinc.com\\\/cs\\\/product\\\/koupit-pentobarbital-sodium-online\\\/#breadcrumb\"},\"inLanguage\":\"en-US\",\"potentialAction\":[{\"@type\":\"ReadAction\",\"target\":[\"https:\\\/\\\/medicinasinc.com\\\/cs\\\/product\\\/koupit-pentobarbital-sodium-online\\\/\"]}]},{\"@type\":\"ImageObject\",\"inLanguage\":\"en-US\",\"@id\":\"https:\\\/\\\/medicinasinc.com\\\/cs\\\/product\\\/koupit-pentobarbital-sodium-online\\\/#primaryimage\",\"url\":\"https:\\\/\\\/medicinasinc.com\\\/cs\\\/wp-content\\\/uploads\\\/sites\\\/2\\\/2022\\\/02\\\/buy-Nembutal-Pentobarbital.jpg\",\"contentUrl\":\"https:\\\/\\\/medicinasinc.com\\\/cs\\\/wp-content\\\/uploads\\\/sites\\\/2\\\/2022\\\/02\\\/buy-Nembutal-Pentobarbital.jpg\",\"width\":600,\"height\":600,\"caption\":\"Buy Nembutal Online\"},{\"@type\":\"BreadcrumbList\",\"@id\":\"https:\\\/\\\/medicinasinc.com\\\/cs\\\/product\\\/koupit-pentobarbital-sodium-online\\\/#breadcrumb\",\"itemListElement\":[{\"@type\":\"ListItem\",\"position\":1,\"name\":\"Obchod\",\"item\":\"https:\\\/\\\/medicinasinc.com\\\/cs\\\/obchod\\\/\"},{\"@type\":\"ListItem\",\"position\":2,\"name\":\"Koupit pentobarbital sodn\u00fd online\"}]},{\"@type\":\"WebSite\",\"@id\":\"https:\\\/\\\/medicinasinc.com\\\/cs\\\/#website\",\"url\":\"https:\\\/\\\/medicinasinc.com\\\/cs\\\/\",\"name\":\"Medicinas Inc\",\"description\":\"Health Medical Clinic\",\"potentialAction\":[{\"@type\":\"SearchAction\",\"target\":{\"@type\":\"EntryPoint\",\"urlTemplate\":\"https:\\\/\\\/medicinasinc.com\\\/cs\\\/?s={search_term_string}\"},\"query-input\":{\"@type\":\"PropertyValueSpecification\",\"valueRequired\":true,\"valueName\":\"search_term_string\"}}],\"inLanguage\":\"en-US\"}]}<\/script>\n<!-- \/ Yoast SEO plugin. -->","yoast_head_json":{"title":"Koupit pentobarbital sodn\u00fd online \u2013 nejlep\u0161\u00ed glob\u00e1ln\u00ed l\u00e9ky","description":"Online Nembutal l\u00e9k\u00e1rna je jedinou spolehlivou destinac\u00ed, kde si m\u016f\u017eete koupit Nembutal Pentobarbital na prodej ve Velk\u00e9 Brit\u00e1nii, Evrop\u011b online za nejlep\u0161\u00ed dostupn\u00e9 ceny.","robots":{"index":"index","follow":"follow","max-snippet":"max-snippet:-1","max-image-preview":"max-image-preview:large","max-video-preview":"max-video-preview:-1"},"canonical":"https:\/\/medicinasinc.com\/cs\/product\/koupit-pentobarbital-sodium-online\/","og_locale":"en_US","og_type":"article","og_title":"Koupit pentobarbital sodn\u00fd online \u2013 nejlep\u0161\u00ed glob\u00e1ln\u00ed l\u00e9ky","og_description":"Online Nembutal l\u00e9k\u00e1rna je jedinou spolehlivou destinac\u00ed, kde si m\u016f\u017eete koupit Nembutal Pentobarbital na prodej ve Velk\u00e9 Brit\u00e1nii, Evrop\u011b online za nejlep\u0161\u00ed dostupn\u00e9 ceny.","og_url":"https:\/\/medicinasinc.com\/cs\/product\/koupit-pentobarbital-sodium-online\/","og_site_name":"Medicinas Inc","article_modified_time":"2022-03-14T11:27:42+00:00","og_image":[{"width":600,"height":600,"url":"https:\/\/medicinasinc.com\/cs\/wp-content\/uploads\/sites\/2\/2022\/02\/buy-Nembutal-Pentobarbital.jpg","type":"image\/jpeg"}],"twitter_card":"summary_large_image","twitter_misc":{"Est. reading time":"3 minutes"},"schema":{"@context":"https:\/\/schema.org","@graph":[{"@type":"WebPage","@id":"https:\/\/medicinasinc.com\/cs\/product\/koupit-pentobarbital-sodium-online\/","url":"https:\/\/medicinasinc.com\/cs\/product\/koupit-pentobarbital-sodium-online\/","name":"Koupit pentobarbital sodn\u00fd online \u2013 nejlep\u0161\u00ed glob\u00e1ln\u00ed l\u00e9ky","isPartOf":{"@id":"https:\/\/medicinasinc.com\/cs\/#website"},"primaryImageOfPage":{"@id":"https:\/\/medicinasinc.com\/cs\/product\/koupit-pentobarbital-sodium-online\/#primaryimage"},"image":{"@id":"https:\/\/medicinasinc.com\/cs\/product\/koupit-pentobarbital-sodium-online\/#primaryimage"},"thumbnailUrl":"https:\/\/medicinasinc.com\/cs\/wp-content\/uploads\/sites\/2\/2022\/02\/buy-Nembutal-Pentobarbital.jpg","datePublished":"2022-02-22T06:35:00+00:00","dateModified":"2022-03-14T11:27:42+00:00","description":"Online Nembutal l\u00e9k\u00e1rna je jedinou spolehlivou destinac\u00ed, kde si m\u016f\u017eete koupit Nembutal Pentobarbital na prodej ve Velk\u00e9 Brit\u00e1nii, Evrop\u011b online za nejlep\u0161\u00ed dostupn\u00e9 ceny.","breadcrumb":{"@id":"https:\/\/medicinasinc.com\/cs\/product\/koupit-pentobarbital-sodium-online\/#breadcrumb"},"inLanguage":"en-US","potentialAction":[{"@type":"ReadAction","target":["https:\/\/medicinasinc.com\/cs\/product\/koupit-pentobarbital-sodium-online\/"]}]},{"@type":"ImageObject","inLanguage":"en-US","@id":"https:\/\/medicinasinc.com\/cs\/product\/koupit-pentobarbital-sodium-online\/#primaryimage","url":"https:\/\/medicinasinc.com\/cs\/wp-content\/uploads\/sites\/2\/2022\/02\/buy-Nembutal-Pentobarbital.jpg","contentUrl":"https:\/\/medicinasinc.com\/cs\/wp-content\/uploads\/sites\/2\/2022\/02\/buy-Nembutal-Pentobarbital.jpg","width":600,"height":600,"caption":"Buy Nembutal Online"},{"@type":"BreadcrumbList","@id":"https:\/\/medicinasinc.com\/cs\/product\/koupit-pentobarbital-sodium-online\/#breadcrumb","itemListElement":[{"@type":"ListItem","position":1,"name":"Obchod","item":"https:\/\/medicinasinc.com\/cs\/obchod\/"},{"@type":"ListItem","position":2,"name":"Koupit pentobarbital sodn\u00fd online"}]},{"@type":"WebSite","@id":"https:\/\/medicinasinc.com\/cs\/#website","url":"https:\/\/medicinasinc.com\/cs\/","name":"Medicinas Inc","description":"Health Medical Clinic","potentialAction":[{"@type":"SearchAction","target":{"@type":"EntryPoint","urlTemplate":"https:\/\/medicinasinc.com\/cs\/?s={search_term_string}"},"query-input":{"@type":"PropertyValueSpecification","valueRequired":true,"valueName":"search_term_string"}}],"inLanguage":"en-US"}]}},"_links":{"self":[{"href":"https:\/\/medicinasinc.com\/cs\/wp-json\/wp\/v2\/product\/5804","targetHints":{"allow":["GET"]}}],"collection":[{"href":"https:\/\/medicinasinc.com\/cs\/wp-json\/wp\/v2\/product"}],"about":[{"href":"https:\/\/medicinasinc.com\/cs\/wp-json\/wp\/v2\/types\/product"}],"replies":[{"embeddable":true,"href":"https:\/\/medicinasinc.com\/cs\/wp-json\/wp\/v2\/comments?post=5804"}],"wp:featuredmedia":[{"embeddable":true,"href":"https:\/\/medicinasinc.com\/cs\/wp-json\/wp\/v2\/media\/5814"}],"wp:attachment":[{"href":"https:\/\/medicinasinc.com\/cs\/wp-json\/wp\/v2\/media?parent=5804"}],"wp:term":[{"taxonomy":"product_brand","embeddable":true,"href":"https:\/\/medicinasinc.com\/cs\/wp-json\/wp\/v2\/product_brand?post=5804"},{"taxonomy":"product_cat","embeddable":true,"href":"https:\/\/medicinasinc.com\/cs\/wp-json\/wp\/v2\/product_cat?post=5804"},{"taxonomy":"product_tag","embeddable":true,"href":"https:\/\/medicinasinc.com\/cs\/wp-json\/wp\/v2\/product_tag?post=5804"}],"curies":[{"name":"wp","href":"https:\/\/api.w.org\/{rel}","templated":true}]}}