{"id":5798,"date":"2022-02-22T06:27:38","date_gmt":"2022-02-22T06:27:38","guid":{"rendered":"https:\/\/medicinasinc.com\/cs\/?post_type=product&#038;p=5798"},"modified":"2022-03-14T11:27:57","modified_gmt":"2022-03-14T11:27:57","slug":"buy-phenobarbital-phenobarbital-luminal","status":"publish","type":"product","link":"https:\/\/medicinasinc.com\/cs\/product\/buy-phenobarbital-phenobarbital-luminal\/","title":{"rendered":"Koupit Phenobarbital (Phenobarbital) \/ Luminal"},"content":{"rendered":"<p>Nakupte levn\u011b Phenobarbital Luminal Phenobarbital Luminal online od renomovan\u00e9 l\u00e9k\u00e1rny za nejlep\u0161\u00ed cenu<\/p>\n<p>Pou\u017eit\u00ed online l\u00e9k\u00e1rny, jako je Nembutal Pharmacy, je pro spot\u0159ebitele pohodln\u00fd zp\u016fsob, jak z\u00edskat sv\u00e9 p\u0159edpisy a l\u00e9ky. Phenobarbital Luminal online lze kdykoli zakoupit na na\u0161ich webov\u00fdch str\u00e1nk\u00e1ch, tak\u017ee si to nenechte uj\u00edt. Zde si m\u016f\u017eete tento l\u00e9k zakoupit za rozumnou cenu.<\/p>\n<p>S na\u0161\u00ed online l\u00e9k\u00e1rnou si m\u016f\u017eete b\u00fdt jisti, \u017ee v\u017edy dostanete vysoce kvalitn\u00ed l\u00e9ky. Z\u00e1kazn\u00edci mohou o\u010dek\u00e1vat, \u017ee jejich recepty doraz\u00ed do t\u00e9to l\u00e9k\u00e1rny v\u010das. V na\u0161\u00ed pr\u00e1ci netolerujeme \u017e\u00e1dnou liknavost a ka\u017ed\u00fd \u00fakol dokon\u010dujeme rychle. Okam\u017eit\u011b se s n\u00e1mi spojte, objednejte si Phenobarbital Luminal online za nejlep\u0161\u00ed cenu a z\u00edskejte jej rychle, pokud hled\u00e1te online l\u00e9k\u00e1rnu, jako je ta na\u0161e!<\/p>\n<p>Luminal Phenobarbital: Co m\u016f\u017eeme ud\u011blat, abychom se ujistili, \u017ee jej pou\u017e\u00edv\u00e1te Bezpe\u010dn\u011b?<\/p>\n<p>Phenobarbital Luminal je dob\u0159e zaveden\u00fd l\u00e9k pro l\u00e9\u010dbu epileptick\u00fdch z\u00e1chvat\u016f. Tento l\u00e9k m\u016f\u017eete tak\u00e9 u\u017e\u00edvat k l\u00e9\u010db\u011b \u00fazkosti, nespavosti a dal\u0161\u00edch stav\u016f. P\u0159ed u\u017eit\u00edm tohoto l\u00e9ku byste se m\u011bli poradit se sv\u00fdm l\u00e9ka\u0159em. Phenobarbital Luminal by m\u011bl b\u00fdt zah\u00e1jen pouze po d\u016fkladn\u00e9 konzultaci se sv\u00fdm l\u00e9ka\u0159em.<\/p>\n<p>S ka\u017edou objedn\u00e1vkou poskytuje na\u0161e online l\u00e9k\u00e1rna podrobn\u00e9ho pr\u016fvodce l\u00e9ky. Z tohoto d\u016fvodu m\u016f\u017eete bezpe\u010dn\u011b dodr\u017eovat pokyny l\u00e9ku a pou\u017e\u00edvat je. Jsme tu, abychom v\u00e1m co nejv\u00edce usnadnili objedn\u00e1n\u00ed Phenobarbital Luminal online. Vyu\u017eijte v\u00fdhod tohoto l\u00e9ku a okam\u017eit\u011b n\u00e1s kontaktujte. Jsme tu, abychom v\u00e1m neust\u00e1le pom\u00e1hali.<\/p>\n","protected":false},"excerpt":{"rendered":"<p>Kter\u00e1 online l\u00e9k\u00e1rna nab\u00edz\u00ed nejlevn\u011bj\u0161\u00ed Phenobarbital Luminal?<\/p>\n<p>Na\u0161e online l\u00e9k\u00e1rna aktu\u00e1ln\u011b prod\u00e1v\u00e1 pilulky Phenobarbital Luminal. Objedn\u00e1vky na prodej Phenobarbitalu Luminal jsou zpracov\u00e1ny tak rychle, jak je to jen mo\u017en\u00e9. Jednodu\u0161e n\u00e1s kontaktujte je\u0161t\u011b dnes a my v\u00e1m va\u0161e l\u00e9ky za\u0161leme co nejd\u0159\u00edve. Nyn\u00ed je \u010das se p\u0159ipojit!<\/p>\n","protected":false},"featured_media":5808,"comment_status":"open","ping_status":"closed","template":"","meta":[],"product_brand":[],"product_cat":[3818],"product_tag":[3970,3971,3962,3961,3964,3968,3969,3956,3959,3960,3965,3957,3955,3966,3963,3967,3958],"class_list":{"0":"post-5798","1":"product","2":"type-product","3":"status-publish","4":"has-post-thumbnail","6":"product_cat-pentobarbital-na-prodej","7":"product_tag-co-je-fenobarbital","8":"product_tag-co-je-po-v-lkaskch-pojmech","9":"product_tag-fenobarbital-dvkovn-pro-psy","10":"product_tag-dvky-fenobarbitalu","11":"product_tag-na-rovni-fenobarbitalu","12":"product_tag-na-rovni-fenobarbitonu","13":"product_tag-k-emu-se-fenobarb-pouv","14":"product_tag-nklady-na-fenobarbital-pro-psy","15":"product_tag-phenobarbital-controlled-substance","16":"product_tag-phenobarbital-dosage","17":"product_tag-phenobarbital-overdose","18":"product_tag-pedvkovn-fenobarbem","19":"product_tag-vedlej-inek-barbiturt","20":"product_tag-fenobarbital-c3-a9-vedlej-c5-a1-c3-ad-c3-ba-c4-8dinky","21":"product_tag-vedlej-inky-fenobarbitalu-pro-psy","22":"product_tag-fenobarbital-vedlej-inky-psi","23":"product_tag-fenobarbital-zna-c4-8dka","25":"first","26":"instock","27":"shipping-taxable","28":"purchasable","29":"product-type-variable"},"yoast_head":"<!-- This site is optimized with the Yoast SEO plugin v27.3 - https:\/\/yoast.com\/product\/yoast-seo-wordpress\/ -->\n<title>Koupit Phenobarbital (Phenobarbital) \/ Luminal - Nejlep\u0161\u00ed glob\u00e1ln\u00ed l\u00e9ky<\/title>\n<meta name=\"description\" content=\"Nyn\u00ed si m\u016f\u017eete zakoupit tablety Phenobarbital Luminal v online l\u00e9k\u00e1rn\u011b Nembutal. Va\u0161e objedn\u00e1vka na prodej Phenobarbital Luminal bude dokon\u010dena v nejkrat\u0161\u00edm mo\u017en\u00e9m \u010dase. V\u0161e, co mus\u00edte ud\u011blat, je zavolat n\u00e1m, napsat SMS nebo e-mail je\u0161t\u011b dnes a va\u0161e l\u00e9ky budou brzy doru\u010deny. P\u0159ipojte se nyn\u00ed!\" \/>\n<meta name=\"robots\" content=\"index, follow, max-snippet:-1, max-image-preview:large, max-video-preview:-1\" \/>\n<link rel=\"canonical\" href=\"https:\/\/medicinasinc.com\/cs\/product\/buy-phenobarbital-phenobarbital-luminal\/\" \/>\n<meta property=\"og:locale\" content=\"en_US\" \/>\n<meta property=\"og:type\" content=\"article\" \/>\n<meta property=\"og:title\" content=\"Koupit Phenobarbital (Phenobarbital) \/ Luminal - Nejlep\u0161\u00ed glob\u00e1ln\u00ed l\u00e9ky\" \/>\n<meta property=\"og:description\" content=\"Nyn\u00ed si m\u016f\u017eete zakoupit tablety Phenobarbital Luminal v online l\u00e9k\u00e1rn\u011b Nembutal. Va\u0161e objedn\u00e1vka na prodej Phenobarbital Luminal bude dokon\u010dena v nejkrat\u0161\u00edm mo\u017en\u00e9m \u010dase. V\u0161e, co mus\u00edte ud\u011blat, je zavolat n\u00e1m, napsat SMS nebo e-mail je\u0161t\u011b dnes a va\u0161e l\u00e9ky budou brzy doru\u010deny. P\u0159ipojte se nyn\u00ed!\" \/>\n<meta property=\"og:url\" content=\"https:\/\/medicinasinc.com\/cs\/product\/buy-phenobarbital-phenobarbital-luminal\/\" \/>\n<meta property=\"og:site_name\" content=\"Medicinas Inc\" \/>\n<meta property=\"article:modified_time\" content=\"2022-03-14T11:27:57+00:00\" \/>\n<meta property=\"og:image\" content=\"https:\/\/medicinasinc.com\/cs\/wp-content\/uploads\/sites\/2\/2022\/02\/Buy-Phenobarbital-Tablets.jpg\" \/>\n\t<meta property=\"og:image:width\" content=\"600\" \/>\n\t<meta property=\"og:image:height\" content=\"600\" \/>\n\t<meta property=\"og:image:type\" content=\"image\/jpeg\" \/>\n<meta name=\"twitter:card\" content=\"summary_large_image\" \/>\n<meta name=\"twitter:label1\" content=\"Est. reading time\" \/>\n\t<meta name=\"twitter:data1\" content=\"2 minutes\" \/>\n<script type=\"application\/ld+json\" class=\"yoast-schema-graph\">{\"@context\":\"https:\\\/\\\/schema.org\",\"@graph\":[{\"@type\":\"WebPage\",\"@id\":\"https:\\\/\\\/medicinasinc.com\\\/cs\\\/product\\\/buy-phenobarbital-phenobarbital-luminal\\\/\",\"url\":\"https:\\\/\\\/medicinasinc.com\\\/cs\\\/product\\\/buy-phenobarbital-phenobarbital-luminal\\\/\",\"name\":\"Koupit Phenobarbital (Phenobarbital) \\\/ Luminal - Nejlep\u0161\u00ed glob\u00e1ln\u00ed l\u00e9ky\",\"isPartOf\":{\"@id\":\"https:\\\/\\\/medicinasinc.com\\\/cs\\\/#website\"},\"primaryImageOfPage\":{\"@id\":\"https:\\\/\\\/medicinasinc.com\\\/cs\\\/product\\\/buy-phenobarbital-phenobarbital-luminal\\\/#primaryimage\"},\"image\":{\"@id\":\"https:\\\/\\\/medicinasinc.com\\\/cs\\\/product\\\/buy-phenobarbital-phenobarbital-luminal\\\/#primaryimage\"},\"thumbnailUrl\":\"https:\\\/\\\/medicinasinc.com\\\/cs\\\/wp-content\\\/uploads\\\/sites\\\/2\\\/2022\\\/02\\\/Buy-Phenobarbital-Tablets.jpg\",\"datePublished\":\"2022-02-22T06:27:38+00:00\",\"dateModified\":\"2022-03-14T11:27:57+00:00\",\"description\":\"Nyn\u00ed si m\u016f\u017eete zakoupit tablety Phenobarbital Luminal v online l\u00e9k\u00e1rn\u011b Nembutal. Va\u0161e objedn\u00e1vka na prodej Phenobarbital Luminal bude dokon\u010dena v nejkrat\u0161\u00edm mo\u017en\u00e9m \u010dase. V\u0161e, co mus\u00edte ud\u011blat, je zavolat n\u00e1m, napsat SMS nebo e-mail je\u0161t\u011b dnes a va\u0161e l\u00e9ky budou brzy doru\u010deny. P\u0159ipojte se nyn\u00ed!\",\"breadcrumb\":{\"@id\":\"https:\\\/\\\/medicinasinc.com\\\/cs\\\/product\\\/buy-phenobarbital-phenobarbital-luminal\\\/#breadcrumb\"},\"inLanguage\":\"en-US\",\"potentialAction\":[{\"@type\":\"ReadAction\",\"target\":[\"https:\\\/\\\/medicinasinc.com\\\/cs\\\/product\\\/buy-phenobarbital-phenobarbital-luminal\\\/\"]}]},{\"@type\":\"ImageObject\",\"inLanguage\":\"en-US\",\"@id\":\"https:\\\/\\\/medicinasinc.com\\\/cs\\\/product\\\/buy-phenobarbital-phenobarbital-luminal\\\/#primaryimage\",\"url\":\"https:\\\/\\\/medicinasinc.com\\\/cs\\\/wp-content\\\/uploads\\\/sites\\\/2\\\/2022\\\/02\\\/Buy-Phenobarbital-Tablets.jpg\",\"contentUrl\":\"https:\\\/\\\/medicinasinc.com\\\/cs\\\/wp-content\\\/uploads\\\/sites\\\/2\\\/2022\\\/02\\\/Buy-Phenobarbital-Tablets.jpg\",\"width\":600,\"height\":600},{\"@type\":\"BreadcrumbList\",\"@id\":\"https:\\\/\\\/medicinasinc.com\\\/cs\\\/product\\\/buy-phenobarbital-phenobarbital-luminal\\\/#breadcrumb\",\"itemListElement\":[{\"@type\":\"ListItem\",\"position\":1,\"name\":\"Obchod\",\"item\":\"https:\\\/\\\/medicinasinc.com\\\/cs\\\/obchod\\\/\"},{\"@type\":\"ListItem\",\"position\":2,\"name\":\"Koupit Phenobarbital (Phenobarbital) \\\/ Luminal\"}]},{\"@type\":\"WebSite\",\"@id\":\"https:\\\/\\\/medicinasinc.com\\\/cs\\\/#website\",\"url\":\"https:\\\/\\\/medicinasinc.com\\\/cs\\\/\",\"name\":\"Medicinas Inc\",\"description\":\"Health Medical Clinic\",\"potentialAction\":[{\"@type\":\"SearchAction\",\"target\":{\"@type\":\"EntryPoint\",\"urlTemplate\":\"https:\\\/\\\/medicinasinc.com\\\/cs\\\/?s={search_term_string}\"},\"query-input\":{\"@type\":\"PropertyValueSpecification\",\"valueRequired\":true,\"valueName\":\"search_term_string\"}}],\"inLanguage\":\"en-US\"}]}<\/script>\n<!-- \/ Yoast SEO plugin. -->","yoast_head_json":{"title":"Koupit Phenobarbital (Phenobarbital) \/ Luminal - Nejlep\u0161\u00ed glob\u00e1ln\u00ed l\u00e9ky","description":"Nyn\u00ed si m\u016f\u017eete zakoupit tablety Phenobarbital Luminal v online l\u00e9k\u00e1rn\u011b Nembutal. Va\u0161e objedn\u00e1vka na prodej Phenobarbital Luminal bude dokon\u010dena v nejkrat\u0161\u00edm mo\u017en\u00e9m \u010dase. V\u0161e, co mus\u00edte ud\u011blat, je zavolat n\u00e1m, napsat SMS nebo e-mail je\u0161t\u011b dnes a va\u0161e l\u00e9ky budou brzy doru\u010deny. P\u0159ipojte se nyn\u00ed!","robots":{"index":"index","follow":"follow","max-snippet":"max-snippet:-1","max-image-preview":"max-image-preview:large","max-video-preview":"max-video-preview:-1"},"canonical":"https:\/\/medicinasinc.com\/cs\/product\/buy-phenobarbital-phenobarbital-luminal\/","og_locale":"en_US","og_type":"article","og_title":"Koupit Phenobarbital (Phenobarbital) \/ Luminal - Nejlep\u0161\u00ed glob\u00e1ln\u00ed l\u00e9ky","og_description":"Nyn\u00ed si m\u016f\u017eete zakoupit tablety Phenobarbital Luminal v online l\u00e9k\u00e1rn\u011b Nembutal. Va\u0161e objedn\u00e1vka na prodej Phenobarbital Luminal bude dokon\u010dena v nejkrat\u0161\u00edm mo\u017en\u00e9m \u010dase. V\u0161e, co mus\u00edte ud\u011blat, je zavolat n\u00e1m, napsat SMS nebo e-mail je\u0161t\u011b dnes a va\u0161e l\u00e9ky budou brzy doru\u010deny. P\u0159ipojte se nyn\u00ed!","og_url":"https:\/\/medicinasinc.com\/cs\/product\/buy-phenobarbital-phenobarbital-luminal\/","og_site_name":"Medicinas Inc","article_modified_time":"2022-03-14T11:27:57+00:00","og_image":[{"width":600,"height":600,"url":"https:\/\/medicinasinc.com\/cs\/wp-content\/uploads\/sites\/2\/2022\/02\/Buy-Phenobarbital-Tablets.jpg","type":"image\/jpeg"}],"twitter_card":"summary_large_image","twitter_misc":{"Est. reading time":"2 minutes"},"schema":{"@context":"https:\/\/schema.org","@graph":[{"@type":"WebPage","@id":"https:\/\/medicinasinc.com\/cs\/product\/buy-phenobarbital-phenobarbital-luminal\/","url":"https:\/\/medicinasinc.com\/cs\/product\/buy-phenobarbital-phenobarbital-luminal\/","name":"Koupit Phenobarbital (Phenobarbital) \/ Luminal - Nejlep\u0161\u00ed glob\u00e1ln\u00ed l\u00e9ky","isPartOf":{"@id":"https:\/\/medicinasinc.com\/cs\/#website"},"primaryImageOfPage":{"@id":"https:\/\/medicinasinc.com\/cs\/product\/buy-phenobarbital-phenobarbital-luminal\/#primaryimage"},"image":{"@id":"https:\/\/medicinasinc.com\/cs\/product\/buy-phenobarbital-phenobarbital-luminal\/#primaryimage"},"thumbnailUrl":"https:\/\/medicinasinc.com\/cs\/wp-content\/uploads\/sites\/2\/2022\/02\/Buy-Phenobarbital-Tablets.jpg","datePublished":"2022-02-22T06:27:38+00:00","dateModified":"2022-03-14T11:27:57+00:00","description":"Nyn\u00ed si m\u016f\u017eete zakoupit tablety Phenobarbital Luminal v online l\u00e9k\u00e1rn\u011b Nembutal. Va\u0161e objedn\u00e1vka na prodej Phenobarbital Luminal bude dokon\u010dena v nejkrat\u0161\u00edm mo\u017en\u00e9m \u010dase. V\u0161e, co mus\u00edte ud\u011blat, je zavolat n\u00e1m, napsat SMS nebo e-mail je\u0161t\u011b dnes a va\u0161e l\u00e9ky budou brzy doru\u010deny. P\u0159ipojte se nyn\u00ed!","breadcrumb":{"@id":"https:\/\/medicinasinc.com\/cs\/product\/buy-phenobarbital-phenobarbital-luminal\/#breadcrumb"},"inLanguage":"en-US","potentialAction":[{"@type":"ReadAction","target":["https:\/\/medicinasinc.com\/cs\/product\/buy-phenobarbital-phenobarbital-luminal\/"]}]},{"@type":"ImageObject","inLanguage":"en-US","@id":"https:\/\/medicinasinc.com\/cs\/product\/buy-phenobarbital-phenobarbital-luminal\/#primaryimage","url":"https:\/\/medicinasinc.com\/cs\/wp-content\/uploads\/sites\/2\/2022\/02\/Buy-Phenobarbital-Tablets.jpg","contentUrl":"https:\/\/medicinasinc.com\/cs\/wp-content\/uploads\/sites\/2\/2022\/02\/Buy-Phenobarbital-Tablets.jpg","width":600,"height":600},{"@type":"BreadcrumbList","@id":"https:\/\/medicinasinc.com\/cs\/product\/buy-phenobarbital-phenobarbital-luminal\/#breadcrumb","itemListElement":[{"@type":"ListItem","position":1,"name":"Obchod","item":"https:\/\/medicinasinc.com\/cs\/obchod\/"},{"@type":"ListItem","position":2,"name":"Koupit Phenobarbital (Phenobarbital) \/ Luminal"}]},{"@type":"WebSite","@id":"https:\/\/medicinasinc.com\/cs\/#website","url":"https:\/\/medicinasinc.com\/cs\/","name":"Medicinas Inc","description":"Health Medical Clinic","potentialAction":[{"@type":"SearchAction","target":{"@type":"EntryPoint","urlTemplate":"https:\/\/medicinasinc.com\/cs\/?s={search_term_string}"},"query-input":{"@type":"PropertyValueSpecification","valueRequired":true,"valueName":"search_term_string"}}],"inLanguage":"en-US"}]}},"_links":{"self":[{"href":"https:\/\/medicinasinc.com\/cs\/wp-json\/wp\/v2\/product\/5798","targetHints":{"allow":["GET"]}}],"collection":[{"href":"https:\/\/medicinasinc.com\/cs\/wp-json\/wp\/v2\/product"}],"about":[{"href":"https:\/\/medicinasinc.com\/cs\/wp-json\/wp\/v2\/types\/product"}],"replies":[{"embeddable":true,"href":"https:\/\/medicinasinc.com\/cs\/wp-json\/wp\/v2\/comments?post=5798"}],"wp:featuredmedia":[{"embeddable":true,"href":"https:\/\/medicinasinc.com\/cs\/wp-json\/wp\/v2\/media\/5808"}],"wp:attachment":[{"href":"https:\/\/medicinasinc.com\/cs\/wp-json\/wp\/v2\/media?parent=5798"}],"wp:term":[{"taxonomy":"product_brand","embeddable":true,"href":"https:\/\/medicinasinc.com\/cs\/wp-json\/wp\/v2\/product_brand?post=5798"},{"taxonomy":"product_cat","embeddable":true,"href":"https:\/\/medicinasinc.com\/cs\/wp-json\/wp\/v2\/product_cat?post=5798"},{"taxonomy":"product_tag","embeddable":true,"href":"https:\/\/medicinasinc.com\/cs\/wp-json\/wp\/v2\/product_tag?post=5798"}],"curies":[{"name":"wp","href":"https:\/\/api.w.org\/{rel}","templated":true}]}}