{"id":5792,"date":"2022-02-22T06:20:38","date_gmt":"2022-02-22T06:20:38","guid":{"rendered":"https:\/\/medicinasinc.com\/cs\/?post_type=product&#038;p=5792"},"modified":"2022-03-14T11:28:12","modified_gmt":"2022-03-14T11:28:12","slug":"buy-seconal-sodium","status":"publish","type":"product","link":"https:\/\/medicinasinc.com\/cs\/product\/buy-seconal-sodium\/","title":{"rendered":"Koupit Seconal Sodium"},"content":{"rendered":"<p>Objednejte si Seconal Sodium online od nejlep\u0161\u00ed l\u00e9k\u00e1rny. \u2013<\/p>\n<p>Nyn\u00ed je mo\u017en\u00e9 koupit Nembutal online se Seconal Sodium za nejni\u017e\u0161\u00ed cenu. V na\u0161\u00ed online l\u00e9k\u00e1rn\u011b si m\u016f\u017eete objednat Seconal Sodium a nechat si ho doru\u010dit a\u017e k va\u0161im dve\u0159\u00edm b\u011bhem n\u011bkolika dn\u00ed. Chcete-li z\u00edskat rychlou dod\u00e1vku va\u0161eho Seconal Sodium, jednodu\u0161e si u n\u00e1s objednejte a jeden z \u010dlen\u016f na\u0161eho t\u00fdmu v\u00e1m jej p\u0159iprav\u00ed a zabal\u00ed. Od t\u00e9 doby, co se v tomto oboru pohybujeme tak dlouho, jsme si vybudovali solidn\u00ed pov\u011bst d\u016fv\u011bryhodn\u00e9 l\u00e9k\u00e1rny. Pokud jde o po\u0159\u00edzen\u00ed t\u011bch nejkvalitn\u011bj\u0161\u00edch l\u00e9k\u016f, m\u016f\u017eete se spolehnout, \u017ee je dod\u00e1me v\u010das.<\/p>\n<p>Jak\u00e9 jsou v\u00fdhody Seconal Sodium? Pro\u010d byste si jej m\u011bli koupit od n\u00e1s?<\/p>\n<p>P\u0159ed uveden\u00edm do provozu se Seconal Sodium pou\u017e\u00edv\u00e1 k relaxaci. Pat\u0159\u00ed do t\u0159\u00eddy l\u00e9k\u016f zn\u00e1m\u00fdch jako barbitur\u00e1tov\u00e1 hypnotika, mezi kter\u00e9 pat\u0159\u00ed Seconal. Uklid\u0148uje v\u00e1s ovlivn\u011bn\u00edm konkr\u00e9tn\u00edch \u010d\u00e1st\u00ed va\u0161eho mozku. Senio\u0159i by m\u011bli diskutovat o v\u00fdhod\u00e1ch a rizic\u00edch tohoto l\u00e9ku, stejn\u011b jako o v\u00fdhod\u00e1ch siln\u011bj\u0161\u00edch, ale mo\u017en\u00e1 bezpe\u010dn\u011bj\u0161\u00edch l\u00e9k\u016f, se sv\u00fdm l\u00e9ka\u0159em nebo l\u00e9kov\u00fdm specialistou. Ne\u017e za\u010dnete u\u017e\u00edvat Seconal Sodium a poka\u017ed\u00e9, kdy\u017e dostanete n\u00e1hradn\u00ed n\u00e1pl\u0148, p\u0159e\u010dt\u011bte si Pr\u016fvodce l\u00e9\u010divy poskytovan\u00fd na\u0161\u00ed online l\u00e9k\u00e1rnou. M\u00e1te-li n\u011bjak\u00e9 ot\u00e1zky, obra\u0165te se na sv\u00e9ho l\u00e9ka\u0159e nebo l\u00e9kov\u00e9ho specialistu. P\u0159ed operac\u00ed se \u0159i\u010fte pokyny sv\u00e9ho l\u00e9ka\u0159e a u\u017e\u00edvejte tento p\u0159edpis \u00fasty se sklenic\u00ed vody nala\u010dno.<\/p>\n<p>Jedn\u00edm onemocn\u011bn\u00edm, na kter\u00e9 se Seconal Sodium pou\u017e\u00edv\u00e1 v\u00fdhradn\u011b, je to, kter\u00e9 je uvedeno n\u00ed\u017ee:<\/p>\n<p>dal\u0161\u00ed anestetick\u00e9 injekce<br \/> extra \u010dinidlo vyvol\u00e1vaj\u00edc\u00ed anestezii<\/p>\n<p>Na\u0161e online l\u00e9k\u00e1rna Nembutal prod\u00e1v\u00e1 a dod\u00e1v\u00e1 Seconal Sodium Secobarbital na po\u017eadovan\u00e9 m\u00edsto tak rychle, jak je to jen mo\u017en\u00e9. Nejlep\u0161\u00ed zp\u016fsob, jak v\u00e1m m\u016f\u017eeme slou\u017eit, je umo\u017enit n\u00e1m to. Je bezpe\u010dn\u00e9 vlo\u017eit svou d\u016fv\u011bru do na\u0161\u00ed online l\u00e9k\u00e1rny Nembutal. Jsme tu neust\u00e1le, abychom na\u0161im v\u00fdznamn\u00fdm klient\u016fm pomohli splnit jejich c\u00edle a splnit jejich krit\u00e9ria. Kontaktujte n\u00e1s pros\u00edm co nejd\u0159\u00edve!<\/p>\n","protected":false},"excerpt":{"rendered":"<p>Po\u017e\u00e1dejte o pomoc online l\u00e9k\u00e1rnu nembutal<\/p>\n<p>Nakupte Seconal Sodium na prodej ve Spojen\u00e9m kr\u00e1lovstv\u00ed, Evrop\u011b a zbytku sv\u011bta za nejlep\u0161\u00ed mo\u017enou cenu objedn\u00e1vkou online. Na\u0161e online l\u00e9k\u00e1rna Seconal Sodium nab\u00edz\u00ed \u0161irokou \u0161k\u00e1lu vysoce kvalitn\u00edch vitam\u00edn\u016f a l\u00e9\u010div. Chcete-li zadat objedn\u00e1vku, p\u0159ejd\u011bte na webovou str\u00e1nku.<\/p>\n<p>Kdokoli na sv\u011bt\u011b si m\u016f\u017ee Nembutal koupit online v online l\u00e9k\u00e1rn\u011b. Kdykoli a odkudkoli n\u00e1s kontaktujte. Jak\u00e9koli dotazy nebo obavy na\u0161ich klient\u016f budou okam\u017eit\u011b \u0159e\u0161eny jedn\u00edm z na\u0161ich z\u00e1stupc\u016f z\u00e1kaznick\u00fdch slu\u017eeb. V\u00e1\u0161 produkt za\u010dneme balit, jakmile od v\u00e1s obdr\u017e\u00edme \u00fadaje o va\u0161\u00ed objedn\u00e1vce. Db\u00e1me na to, aby v\u0161ichni na\u0161i klienti&#8217; l\u00e9ky doraz\u00ed v bezpe\u010dn\u00e9m a spr\u00e1vn\u00e9m balen\u00ed a \u017ee s \u017e\u00e1dn\u00fdm z nich nebylo manipulov\u00e1no. Kdy\u017e s n\u00e1mi spolupracujete, nikdy v\u00e1s nezaj\u00edm\u00e1 kvalita va\u0161ich l\u00e9k\u016f nebo stav va\u0161\u00ed dod\u00e1vky. Jsme zde, abychom za v\u0161e p\u0159evzali plnou odpov\u011bdnost. Odtud m\u016f\u017eete o\u010dek\u00e1vat jen to nejlep\u0161\u00ed pro va\u0161i pohodu. M\u016f\u017eete n\u00e1s kontaktovat telefonicky, emailem nebo SMS. Kupte si Seconal Sodium Secobarbital 100 mg od Online Nembutal Pharmacy je\u0161t\u011b dnes a nechte si jej doru\u010dit v kr\u00e1tk\u00e9 dob\u011b.<\/p>\n","protected":false},"featured_media":5802,"comment_status":"open","ping_status":"closed","template":"","meta":[],"product_brand":[],"product_cat":[59,3818],"product_tag":[3878,3820,3821,3822,3823,3826,3828,3829,3830,3897,3913,3882,3911,3951,3840,3843,3948,3841,3842,3890,3923,3954,3925,3926,3921,3916,3918,3919,3922,3927,3904,3824,3827,3952,3875,3831,3835,3834,3896,3907,3819,3845,3949,3866,3950,3874,3876,3881,3886,3887,3888,3893,3894,3895,3900,3901,3906,3889,3902,3879,3891,3880,3899,3909,3908,3884,3883,3892,3903,3869,3885,3844,3953,3898,3910,3920],"class_list":{"0":"post-5792","1":"product","2":"type-product","3":"status-publish","4":"has-post-thumbnail","6":"product_cat-nezaazen-do-kategori","7":"product_cat-pentobarbital-na-prodej","8":"product_tag-pentobarbital-sodn-anestezie","9":"product_tag-buy-cheap-nembutal-liquid-online","10":"product_tag-buy-cheap-nembutal-online","11":"product_tag-buy-nembutal-here","12":"product_tag-buy-nembutal-liquid-online","13":"product_tag-buy-nembutal-sodium-online","14":"product_tag-buy-pentobarbital-sodium-2021","15":"product_tag-buy-pentobarbital-sodium-pentobarbital-sodium-salt","16":"product_tag-buy-sodium-pentobarbital-uk","17":"product_tag-pentobarbital-sodk-cena","18":"product_tag-chtt-koupit-nembutal","19":"product_tag-pentobarbital-dvkovn-sodku","20":"product_tag-doba-pouitelnosti-pentobarbitalu-sodnho","21":"product_tag-fenobarbital-sodk-intravenzn","22":"product_tag-how-to-acquire-nembutal","23":"product_tag-it-is-easy-to-buy-nembutal-online","24":"product_tag-jak-nakoupit-nembutal-liquid-online","25":"product_tag-jak-nakoupit-nembutal-online","26":"product_tag-jak-objednat-nembutal-mailem","27":"product_tag-pentobarbital-sodk-kapalina","28":"product_tag-kde-koupit-levn-nembutal-online","29":"product_tag-kde-na-koupit-nembutal-liquid-online","30":"product_tag-kde-koupit-pentobarbital-sodk","31":"product_tag-kde-koupit-pentobarbital-sodk-pro-psy","32":"product_tag-kde-mem-koupit-nembutal","33":"product_tag-kde-mohu-koupit-nembutal-pentobarbital-sodn","34":"product_tag-kde-mohu-koupit-pentobarbital-sodn","35":"product_tag-kde-mohu-koupit-pentobarbital-sodk-prky-na-span","36":"product_tag-kde-mete-koupit-pentobarbital-sodk","37":"product_tag-kde-zskat-pentobarbital-sodk","38":"product_tag-nkup-nembutal-online","39":"product_tag-koupit-nembutal-pentobarbital-sodk","40":"product_tag-koupit-pentobarbital-sodk","41":"product_tag-nkup-nembutal-liquid-online","42":"product_tag-pentobarbital-de-sodium-dose-letale","43":"product_tag-can-i-buy-pentobarbital","44":"product_tag-mete-si-koupit-pentobarbital-sodn","45":"product_tag-mete-si-koupit-pentobarbital-sodk-voln-prodejn","46":"product_tag-pentobarbital-sodk-recept","47":"product_tag-nklady-na-pentobarbital-sodn","48":"product_tag-nejlep-lk-pro-sebevradu-pedvkovn","49":"product_tag-nembutal","50":"product_tag-nembutal-kapalina-na-prodej","51":"product_tag-nembutal-pilulky-online","52":"product_tag-objednat-nembutal-liquid-online","53":"product_tag-pentobarbital","54":"product_tag-pentobarbital-pro-eutanazii","55":"product_tag-pentobarbital-sodium-death","56":"product_tag-pentobarbital-sodium-injection-for-dogs","57":"product_tag-pentobarbital-sodium-injection-for-humans","58":"product_tag-pentobarbital-sodium-injection-solution","59":"product_tag-pentobarbital-sodium-over-the-counter","60":"product_tag-pentobarbital-sodium-pills","61":"product_tag-pentobarbital-sodium-powder","62":"product_tag-pentobarbital-sodium-sleeping-pills-over-the-counter","63":"product_tag-pentobarbital-sodium-tablets","64":"product_tag-natrium-pentobarbital-nembutal","65":"product_tag-pentobarbital-sodk-injekce-usp","66":"product_tag-pentobarbital-sodk-kde-k-koupit","67":"product_tag-pentobarbital-sodk-koupit","68":"product_tag-pentobarbital-sodium-nz","69":"product_tag-pentobarbital-sodn-porceln","70":"product_tag-pentobarbital-sodk-prky-na-span","71":"product_tag-pentobarbital-sodn-pro-eutanazii","72":"product_tag-pentobarbital-sodn-pro-eutanazii-zvat","73":"product_tag-pentobarbital-sodk-pro-lidi","74":"product_tag-pentobarbital-sodk-pro-psy","75":"product_tag-pentobarbital-sodk-orln","76":"product_tag-pou-c5-beit-c3-ad-pentobarbitalu","77":"product_tag-nembutal-sebevraedn-dvka","78":"product_tag-skupina-pentobarbital-sodk","79":"product_tag-smrtc-injekce-koupit-online","80":"product_tag-sodk","81":"product_tag-pentobarbital-sodn-sl","82":"product_tag-vrobci-pentobarbitalu-sodnho","83":"product_tag-where-can-i-buy-sodium-pentobarbital","85":"first","86":"instock","87":"shipping-taxable","88":"purchasable","89":"product-type-variable"},"yoast_head":"<!-- This site is optimized with the Yoast SEO plugin v27.3 - https:\/\/yoast.com\/product\/yoast-seo-wordpress\/ -->\n<title>Koupit Seconal Sodium \u2013 nejlep\u0161\u00ed nejlep\u0161\u00ed glob\u00e1ln\u00ed l\u00e9ky<\/title>\n<meta name=\"description\" content=\"Koupit Seconal Sodium na prodej Velk\u00e1 Brit\u00e1nie, Evropa 100 mg online za nejlep\u0161\u00ed cenu. Obrovsk\u00fd v\u00fdb\u011br vysoce kvalitn\u00edch dopl\u0148k\u016f a l\u00e9k\u016f v na\u0161\u00ed online l\u00e9k\u00e1rn\u011b Seconal Sodium. Objednat online.\" \/>\n<meta name=\"robots\" content=\"index, follow, max-snippet:-1, max-image-preview:large, max-video-preview:-1\" \/>\n<link rel=\"canonical\" href=\"https:\/\/medicinasinc.com\/cs\/product\/buy-seconal-sodium\/\" \/>\n<meta property=\"og:locale\" content=\"en_US\" \/>\n<meta property=\"og:type\" content=\"article\" \/>\n<meta property=\"og:title\" content=\"Koupit Seconal Sodium \u2013 nejlep\u0161\u00ed nejlep\u0161\u00ed glob\u00e1ln\u00ed l\u00e9ky\" \/>\n<meta property=\"og:description\" content=\"Koupit Seconal Sodium na prodej Velk\u00e1 Brit\u00e1nie, Evropa 100 mg online za nejlep\u0161\u00ed cenu. Obrovsk\u00fd v\u00fdb\u011br vysoce kvalitn\u00edch dopl\u0148k\u016f a l\u00e9k\u016f v na\u0161\u00ed online l\u00e9k\u00e1rn\u011b Seconal Sodium. Objednat online.\" \/>\n<meta property=\"og:url\" content=\"https:\/\/medicinasinc.com\/cs\/product\/buy-seconal-sodium\/\" \/>\n<meta property=\"og:site_name\" content=\"Medicinas Inc\" \/>\n<meta property=\"article:modified_time\" content=\"2022-03-14T11:28:12+00:00\" \/>\n<meta property=\"og:image\" content=\"https:\/\/medicinasinc.com\/cs\/wp-content\/uploads\/sites\/2\/2022\/02\/Buy-Seconal-Sodium.jpg\" \/>\n\t<meta property=\"og:image:width\" content=\"600\" \/>\n\t<meta property=\"og:image:height\" content=\"600\" \/>\n\t<meta property=\"og:image:type\" content=\"image\/jpeg\" \/>\n<meta name=\"twitter:card\" content=\"summary_large_image\" \/>\n<meta name=\"twitter:label1\" content=\"Est. reading time\" \/>\n\t<meta name=\"twitter:data1\" content=\"2 minutes\" \/>\n<script type=\"application\/ld+json\" class=\"yoast-schema-graph\">{\"@context\":\"https:\\\/\\\/schema.org\",\"@graph\":[{\"@type\":\"WebPage\",\"@id\":\"https:\\\/\\\/medicinasinc.com\\\/cs\\\/product\\\/buy-seconal-sodium\\\/\",\"url\":\"https:\\\/\\\/medicinasinc.com\\\/cs\\\/product\\\/buy-seconal-sodium\\\/\",\"name\":\"Koupit Seconal Sodium \u2013 nejlep\u0161\u00ed nejlep\u0161\u00ed glob\u00e1ln\u00ed l\u00e9ky\",\"isPartOf\":{\"@id\":\"https:\\\/\\\/medicinasinc.com\\\/cs\\\/#website\"},\"primaryImageOfPage\":{\"@id\":\"https:\\\/\\\/medicinasinc.com\\\/cs\\\/product\\\/buy-seconal-sodium\\\/#primaryimage\"},\"image\":{\"@id\":\"https:\\\/\\\/medicinasinc.com\\\/cs\\\/product\\\/buy-seconal-sodium\\\/#primaryimage\"},\"thumbnailUrl\":\"https:\\\/\\\/medicinasinc.com\\\/cs\\\/wp-content\\\/uploads\\\/sites\\\/2\\\/2022\\\/02\\\/Buy-Seconal-Sodium.jpg\",\"datePublished\":\"2022-02-22T06:20:38+00:00\",\"dateModified\":\"2022-03-14T11:28:12+00:00\",\"description\":\"Koupit Seconal Sodium na prodej Velk\u00e1 Brit\u00e1nie, Evropa 100 mg online za nejlep\u0161\u00ed cenu. Obrovsk\u00fd v\u00fdb\u011br vysoce kvalitn\u00edch dopl\u0148k\u016f a l\u00e9k\u016f v na\u0161\u00ed online l\u00e9k\u00e1rn\u011b Seconal Sodium. Objednat online.\",\"breadcrumb\":{\"@id\":\"https:\\\/\\\/medicinasinc.com\\\/cs\\\/product\\\/buy-seconal-sodium\\\/#breadcrumb\"},\"inLanguage\":\"en-US\",\"potentialAction\":[{\"@type\":\"ReadAction\",\"target\":[\"https:\\\/\\\/medicinasinc.com\\\/cs\\\/product\\\/buy-seconal-sodium\\\/\"]}]},{\"@type\":\"ImageObject\",\"inLanguage\":\"en-US\",\"@id\":\"https:\\\/\\\/medicinasinc.com\\\/cs\\\/product\\\/buy-seconal-sodium\\\/#primaryimage\",\"url\":\"https:\\\/\\\/medicinasinc.com\\\/cs\\\/wp-content\\\/uploads\\\/sites\\\/2\\\/2022\\\/02\\\/Buy-Seconal-Sodium.jpg\",\"contentUrl\":\"https:\\\/\\\/medicinasinc.com\\\/cs\\\/wp-content\\\/uploads\\\/sites\\\/2\\\/2022\\\/02\\\/Buy-Seconal-Sodium.jpg\",\"width\":600,\"height\":600},{\"@type\":\"BreadcrumbList\",\"@id\":\"https:\\\/\\\/medicinasinc.com\\\/cs\\\/product\\\/buy-seconal-sodium\\\/#breadcrumb\",\"itemListElement\":[{\"@type\":\"ListItem\",\"position\":1,\"name\":\"Obchod\",\"item\":\"https:\\\/\\\/medicinasinc.com\\\/cs\\\/obchod\\\/\"},{\"@type\":\"ListItem\",\"position\":2,\"name\":\"Koupit Seconal Sodium\"}]},{\"@type\":\"WebSite\",\"@id\":\"https:\\\/\\\/medicinasinc.com\\\/cs\\\/#website\",\"url\":\"https:\\\/\\\/medicinasinc.com\\\/cs\\\/\",\"name\":\"Medicinas Inc\",\"description\":\"Health Medical Clinic\",\"potentialAction\":[{\"@type\":\"SearchAction\",\"target\":{\"@type\":\"EntryPoint\",\"urlTemplate\":\"https:\\\/\\\/medicinasinc.com\\\/cs\\\/?s={search_term_string}\"},\"query-input\":{\"@type\":\"PropertyValueSpecification\",\"valueRequired\":true,\"valueName\":\"search_term_string\"}}],\"inLanguage\":\"en-US\"}]}<\/script>\n<!-- \/ Yoast SEO plugin. -->","yoast_head_json":{"title":"Koupit Seconal Sodium \u2013 nejlep\u0161\u00ed nejlep\u0161\u00ed glob\u00e1ln\u00ed l\u00e9ky","description":"Koupit Seconal Sodium na prodej Velk\u00e1 Brit\u00e1nie, Evropa 100 mg online za nejlep\u0161\u00ed cenu. Obrovsk\u00fd v\u00fdb\u011br vysoce kvalitn\u00edch dopl\u0148k\u016f a l\u00e9k\u016f v na\u0161\u00ed online l\u00e9k\u00e1rn\u011b Seconal Sodium. Objednat online.","robots":{"index":"index","follow":"follow","max-snippet":"max-snippet:-1","max-image-preview":"max-image-preview:large","max-video-preview":"max-video-preview:-1"},"canonical":"https:\/\/medicinasinc.com\/cs\/product\/buy-seconal-sodium\/","og_locale":"en_US","og_type":"article","og_title":"Koupit Seconal Sodium \u2013 nejlep\u0161\u00ed nejlep\u0161\u00ed glob\u00e1ln\u00ed l\u00e9ky","og_description":"Koupit Seconal Sodium na prodej Velk\u00e1 Brit\u00e1nie, Evropa 100 mg online za nejlep\u0161\u00ed cenu. Obrovsk\u00fd v\u00fdb\u011br vysoce kvalitn\u00edch dopl\u0148k\u016f a l\u00e9k\u016f v na\u0161\u00ed online l\u00e9k\u00e1rn\u011b Seconal Sodium. Objednat online.","og_url":"https:\/\/medicinasinc.com\/cs\/product\/buy-seconal-sodium\/","og_site_name":"Medicinas Inc","article_modified_time":"2022-03-14T11:28:12+00:00","og_image":[{"width":600,"height":600,"url":"https:\/\/medicinasinc.com\/cs\/wp-content\/uploads\/sites\/2\/2022\/02\/Buy-Seconal-Sodium.jpg","type":"image\/jpeg"}],"twitter_card":"summary_large_image","twitter_misc":{"Est. reading time":"2 minutes"},"schema":{"@context":"https:\/\/schema.org","@graph":[{"@type":"WebPage","@id":"https:\/\/medicinasinc.com\/cs\/product\/buy-seconal-sodium\/","url":"https:\/\/medicinasinc.com\/cs\/product\/buy-seconal-sodium\/","name":"Koupit Seconal Sodium \u2013 nejlep\u0161\u00ed nejlep\u0161\u00ed glob\u00e1ln\u00ed l\u00e9ky","isPartOf":{"@id":"https:\/\/medicinasinc.com\/cs\/#website"},"primaryImageOfPage":{"@id":"https:\/\/medicinasinc.com\/cs\/product\/buy-seconal-sodium\/#primaryimage"},"image":{"@id":"https:\/\/medicinasinc.com\/cs\/product\/buy-seconal-sodium\/#primaryimage"},"thumbnailUrl":"https:\/\/medicinasinc.com\/cs\/wp-content\/uploads\/sites\/2\/2022\/02\/Buy-Seconal-Sodium.jpg","datePublished":"2022-02-22T06:20:38+00:00","dateModified":"2022-03-14T11:28:12+00:00","description":"Koupit Seconal Sodium na prodej Velk\u00e1 Brit\u00e1nie, Evropa 100 mg online za nejlep\u0161\u00ed cenu. Obrovsk\u00fd v\u00fdb\u011br vysoce kvalitn\u00edch dopl\u0148k\u016f a l\u00e9k\u016f v na\u0161\u00ed online l\u00e9k\u00e1rn\u011b Seconal Sodium. Objednat online.","breadcrumb":{"@id":"https:\/\/medicinasinc.com\/cs\/product\/buy-seconal-sodium\/#breadcrumb"},"inLanguage":"en-US","potentialAction":[{"@type":"ReadAction","target":["https:\/\/medicinasinc.com\/cs\/product\/buy-seconal-sodium\/"]}]},{"@type":"ImageObject","inLanguage":"en-US","@id":"https:\/\/medicinasinc.com\/cs\/product\/buy-seconal-sodium\/#primaryimage","url":"https:\/\/medicinasinc.com\/cs\/wp-content\/uploads\/sites\/2\/2022\/02\/Buy-Seconal-Sodium.jpg","contentUrl":"https:\/\/medicinasinc.com\/cs\/wp-content\/uploads\/sites\/2\/2022\/02\/Buy-Seconal-Sodium.jpg","width":600,"height":600},{"@type":"BreadcrumbList","@id":"https:\/\/medicinasinc.com\/cs\/product\/buy-seconal-sodium\/#breadcrumb","itemListElement":[{"@type":"ListItem","position":1,"name":"Obchod","item":"https:\/\/medicinasinc.com\/cs\/obchod\/"},{"@type":"ListItem","position":2,"name":"Koupit Seconal Sodium"}]},{"@type":"WebSite","@id":"https:\/\/medicinasinc.com\/cs\/#website","url":"https:\/\/medicinasinc.com\/cs\/","name":"Medicinas Inc","description":"Health Medical Clinic","potentialAction":[{"@type":"SearchAction","target":{"@type":"EntryPoint","urlTemplate":"https:\/\/medicinasinc.com\/cs\/?s={search_term_string}"},"query-input":{"@type":"PropertyValueSpecification","valueRequired":true,"valueName":"search_term_string"}}],"inLanguage":"en-US"}]}},"_links":{"self":[{"href":"https:\/\/medicinasinc.com\/cs\/wp-json\/wp\/v2\/product\/5792","targetHints":{"allow":["GET"]}}],"collection":[{"href":"https:\/\/medicinasinc.com\/cs\/wp-json\/wp\/v2\/product"}],"about":[{"href":"https:\/\/medicinasinc.com\/cs\/wp-json\/wp\/v2\/types\/product"}],"replies":[{"embeddable":true,"href":"https:\/\/medicinasinc.com\/cs\/wp-json\/wp\/v2\/comments?post=5792"}],"wp:featuredmedia":[{"embeddable":true,"href":"https:\/\/medicinasinc.com\/cs\/wp-json\/wp\/v2\/media\/5802"}],"wp:attachment":[{"href":"https:\/\/medicinasinc.com\/cs\/wp-json\/wp\/v2\/media?parent=5792"}],"wp:term":[{"taxonomy":"product_brand","embeddable":true,"href":"https:\/\/medicinasinc.com\/cs\/wp-json\/wp\/v2\/product_brand?post=5792"},{"taxonomy":"product_cat","embeddable":true,"href":"https:\/\/medicinasinc.com\/cs\/wp-json\/wp\/v2\/product_cat?post=5792"},{"taxonomy":"product_tag","embeddable":true,"href":"https:\/\/medicinasinc.com\/cs\/wp-json\/wp\/v2\/product_tag?post=5792"}],"curies":[{"name":"wp","href":"https:\/\/api.w.org\/{rel}","templated":true}]}}