{"id":5785,"date":"2022-02-22T06:12:06","date_gmt":"2022-02-22T06:12:06","guid":{"rendered":"https:\/\/medicinasinc.com\/cs\/?post_type=product&#038;p=5785"},"modified":"2022-08-03T11:59:18","modified_gmt":"2022-08-03T11:59:18","slug":"koupit-nembutal-pentobarbital-sodik","status":"publish","type":"product","link":"https:\/\/medicinasinc.com\/cs\/product\/koupit-nembutal-pentobarbital-sodik\/","title":{"rendered":"Koupit Nembutal Pentobarbital Sodium"},"content":{"rendered":"<p>Best Global Med nab\u00edz\u00ed nejlep\u0161\u00ed cenu a kvalitu Nembutal Pentobarbital Sodium na prodej. Zadejte online \u017e\u00e1dost na na\u0161ich webov\u00fdch str\u00e1nk\u00e1ch.<\/p>\n<p>Existuje n\u011bkolik d\u016fvod\u016f, pro\u010d lid\u00e9 vol\u00ed Nembutal Pentobarbital pro peror\u00e1ln\u00ed pou\u017eit\u00ed, ale jedn\u00edm z nej\u010dast\u011bj\u0161\u00edch je tekut\u00e1 forma.<\/p>\n<p>Tekut\u00e1 forma Nembutal Fenobarbital (tak\u00e9 zn\u00e1m\u00fd jako Nembutal) je barbitur\u00e1tov\u00fd l\u00e9k. Zat\u00edmco se ve 40. a 50. letech 20. stolet\u00ed \u0161iroce pou\u017e\u00edval jako prost\u0159edek ke sp\u00e1nku, hypnotizuj\u00edc\u00ed se pou\u017e\u00edval tak\u00e9 jako forma l\u00e9ku proti \u00fazkosti (nap\u0159\u00edklad narkotika). P\u0159ed\u00e1vkov\u00e1n\u00ed Nembutalem je mnohem smrteln\u011bj\u0161\u00ed ne\u017e dne\u0161n\u00ed l\u00e9ky na span\u00ed. Je to jeden z nejlep\u0161\u00edch l\u00e9k\u016f na asistovanou sebevra\u017edu, proto\u017ee je pevn\u00fd a tich\u00fd. Nembutal pou\u017e\u00edvaj\u00ed z\u00e1m\u011brn\u00e9 vyhlazovac\u00ed organizace ve Spojen\u00fdch st\u00e1tech (Oregon Death With Dignity Act), ve \u0160v\u00fdcarsku (Dignitas) a v Nizozemsku.<\/p>\n<p>Nembutal byl sta\u017een z trhu, proto\u017ee bylo tak snadn\u00e9 se j\u00edm p\u0159ed\u00e1vkovat (a\u0165 u\u017e n\u00e1hodn\u00e9 nebo pl\u00e1novan\u00e9), tak byl nahrazen bezpe\u010dn\u011bj\u0161\u00edmi l\u00e9ky na span\u00ed. Pro rok 1998 byl Nembutal odstran\u011bn ze seznamu doporu\u010den\u00fdch l\u00e9k\u016f australsk\u00e9 vl\u00e1dy. Nembutal naproti tomu veterin\u00e1\u0159i st\u00e1le pou\u017e\u00edvaj\u00ed k ukon\u010den\u00ed \u017eivota v\u011bt\u0161\u00edch zv\u00ed\u0159at. Mnoho lid\u00ed bylo schopno z\u00edskat veterin\u00e1rn\u00ed Nembutal, aby ukon\u010dili sv\u016fj \u017eivot. Marilyn Monroe, legend\u00e1rn\u00ed americk\u00e1 here\u010dka a zp\u011bva\u010dka, se z\u0159ejm\u011b zabila smrtelnou d\u00e1vkou Nembutalu.<\/p>\n<p>Kdy\u017e Dr. John S. Lundy poprv\u00e9 za\u010dal pou\u017e\u00edvat rovnici sodn\u00e9 soli \u2013 Na (sod\u00edk) + ethyl + methyl + butyl + al \u2014 v roce 1930 dostal obchodn\u00ed n\u00e1zev \u201eNembutal\u201c (norm\u00e1ln\u00ed postfix pro barbitur\u00e1ty). V D\u00e1nsku Lundbeck vlastn\u00ed ochrannou zn\u00e1mku a vyr\u00e1b\u00ed Nembutal.<\/p>\n<p>Kr\u00e1tkodob\u011b p\u016fsob\u00edc\u00ed barbitur\u00e1ty zahrnuj\u00ed fenobarbital (americk\u00e1 angli\u010dtina) a pentobarbiton (britsk\u00e1 angli\u010dtina). Pokud jde o fenobarbital, p\u0159ich\u00e1z\u00ed v r\u016fzn\u00fdch form\u00e1ch, v\u010detn\u011b voln\u00fdch \u017e\u00edrav\u00fdch l\u00e1tek a sol\u00ed r\u016fzn\u00fdch slo\u017eek, jako je sod\u00edk a v\u00e1pn\u00edk. Ve vod\u011b a etanolu je voln\u00e1 \u017e\u00edravina jen m\u00e1lo rozpustn\u00e1. Nembutal je jedna z obchodn\u00edch zna\u010dek l\u00e9ku.<\/p>\n<p>Chemick\u00fd vzorec pro C11H18N2O3 je n\u00e1sleduj\u00edc\u00ed:<\/p>\n<p>J\u00e1tra se \u00fa\u010dastn\u00ed metabolick\u00fdch proces\u016f.<\/p>\n<p>Polo\u010das rozpadu organick\u00fdch slou\u010denin: 15\u201348 hodin. Pr\u00e1\u0161kov\u00e1 tekutina, pilulky<\/p>\n","protected":false},"excerpt":{"rendered":"<p>Nakupte Nembutal Pentobarbital Sodium online z na\u0161eho obchodu medicinasinc.com a nechte si jej rychle doru\u010dit a\u017e k va\u0161im dve\u0159\u00edm! Nejlep\u0161\u00ed m\u00edsto pro online n\u00e1kup Nembutalu najdete pr\u00e1v\u011b zde!<\/p>\n<p>Nembutal si m\u016f\u017eete koupit online od spole\u010dnosti Best Global Meds, kter\u00e1 v\u00e1m doru\u010d\u00ed a\u017e k va\u0161im dve\u0159\u00edm. Nembutal bez l\u00e9ka\u0159sk\u00e9ho p\u0159edpisu je zde dostupn\u00fd za nejni\u017e\u0161\u00ed cenu.<\/p>\n<p>Proto\u017ee p\u0159ed\u00e1vkov\u00e1n\u00ed Nembutalem bylo tak b\u011b\u017en\u00e9, byl l\u00e9k sta\u017een z trhu a nahrazen bezpe\u010dn\u011bj\u0161\u00edmi prost\u0159edky na span\u00ed. Australan\u00e9 ji\u017e nesm\u011bli doporu\u010dovat Nembutal jako mo\u017enost l\u00e9\u010dby v roce 1998. V ka\u017ed\u00e9m p\u0159\u00edpad\u011b veter\u00e1ni nad\u00e1le Nembutal u\u017e\u00edvaj\u00ed.<\/p>\n","protected":false},"featured_media":5796,"comment_status":"open","ping_status":"closed","template":"","meta":[],"product_brand":[],"product_cat":[3818],"product_tag":[3878,3820,3821,3822,3823,3826,3828,3829,3830,3897,3913,3882,3911,3951,3840,3843,3948,3841,3842,3890,3923,3954,3925,3926,3921,3916,3918,3919,3922,3927,3904,3824,3827,3952,3875,3831,3835,3834,3896,3907,3819,3845,3949,3866,3950,3874,3876,3881,3886,3887,3888,3893,3894,3895,3900,3901,3906,3889,3902,3879,3891,3880,3899,3909,3908,3884,3883,3892,3903,3869,3885,3844,3953,3898,3910,3920],"class_list":{"0":"post-5785","1":"product","2":"type-product","3":"status-publish","4":"has-post-thumbnail","6":"product_cat-pentobarbital-na-prodej","7":"product_tag-pentobarbital-sodn-anestezie","8":"product_tag-buy-cheap-nembutal-liquid-online","9":"product_tag-buy-cheap-nembutal-online","10":"product_tag-buy-nembutal-here","11":"product_tag-buy-nembutal-liquid-online","12":"product_tag-buy-nembutal-sodium-online","13":"product_tag-buy-pentobarbital-sodium-2021","14":"product_tag-buy-pentobarbital-sodium-pentobarbital-sodium-salt","15":"product_tag-buy-sodium-pentobarbital-uk","16":"product_tag-pentobarbital-sodk-cena","17":"product_tag-chtt-koupit-nembutal","18":"product_tag-pentobarbital-dvkovn-sodku","19":"product_tag-doba-pouitelnosti-pentobarbitalu-sodnho","20":"product_tag-fenobarbital-sodk-intravenzn","21":"product_tag-how-to-acquire-nembutal","22":"product_tag-it-is-easy-to-buy-nembutal-online","23":"product_tag-jak-nakoupit-nembutal-liquid-online","24":"product_tag-jak-nakoupit-nembutal-online","25":"product_tag-jak-objednat-nembutal-mailem","26":"product_tag-pentobarbital-sodk-kapalina","27":"product_tag-kde-koupit-levn-nembutal-online","28":"product_tag-kde-na-koupit-nembutal-liquid-online","29":"product_tag-kde-koupit-pentobarbital-sodk","30":"product_tag-kde-koupit-pentobarbital-sodk-pro-psy","31":"product_tag-kde-mem-koupit-nembutal","32":"product_tag-kde-mohu-koupit-nembutal-pentobarbital-sodn","33":"product_tag-kde-mohu-koupit-pentobarbital-sodn","34":"product_tag-kde-mohu-koupit-pentobarbital-sodk-prky-na-span","35":"product_tag-kde-mete-koupit-pentobarbital-sodk","36":"product_tag-kde-zskat-pentobarbital-sodk","37":"product_tag-nkup-nembutal-online","38":"product_tag-koupit-nembutal-pentobarbital-sodk","39":"product_tag-koupit-pentobarbital-sodk","40":"product_tag-nkup-nembutal-liquid-online","41":"product_tag-pentobarbital-de-sodium-dose-letale","42":"product_tag-can-i-buy-pentobarbital","43":"product_tag-mete-si-koupit-pentobarbital-sodn","44":"product_tag-mete-si-koupit-pentobarbital-sodk-voln-prodejn","45":"product_tag-pentobarbital-sodk-recept","46":"product_tag-nklady-na-pentobarbital-sodn","47":"product_tag-nejlep-lk-pro-sebevradu-pedvkovn","48":"product_tag-nembutal","49":"product_tag-nembutal-kapalina-na-prodej","50":"product_tag-nembutal-pilulky-online","51":"product_tag-objednat-nembutal-liquid-online","52":"product_tag-pentobarbital","53":"product_tag-pentobarbital-pro-eutanazii","54":"product_tag-pentobarbital-sodium-death","55":"product_tag-pentobarbital-sodium-injection-for-dogs","56":"product_tag-pentobarbital-sodium-injection-for-humans","57":"product_tag-pentobarbital-sodium-injection-solution","58":"product_tag-pentobarbital-sodium-over-the-counter","59":"product_tag-pentobarbital-sodium-pills","60":"product_tag-pentobarbital-sodium-powder","61":"product_tag-pentobarbital-sodium-sleeping-pills-over-the-counter","62":"product_tag-pentobarbital-sodium-tablets","63":"product_tag-natrium-pentobarbital-nembutal","64":"product_tag-pentobarbital-sodk-injekce-usp","65":"product_tag-pentobarbital-sodk-kde-k-koupit","66":"product_tag-pentobarbital-sodk-koupit","67":"product_tag-pentobarbital-sodium-nz","68":"product_tag-pentobarbital-sodn-porceln","69":"product_tag-pentobarbital-sodk-prky-na-span","70":"product_tag-pentobarbital-sodn-pro-eutanazii","71":"product_tag-pentobarbital-sodn-pro-eutanazii-zvat","72":"product_tag-pentobarbital-sodk-pro-lidi","73":"product_tag-pentobarbital-sodk-pro-psy","74":"product_tag-pentobarbital-sodk-orln","75":"product_tag-pou-c5-beit-c3-ad-pentobarbitalu","76":"product_tag-nembutal-sebevraedn-dvka","77":"product_tag-skupina-pentobarbital-sodk","78":"product_tag-smrtc-injekce-koupit-online","79":"product_tag-sodk","80":"product_tag-pentobarbital-sodn-sl","81":"product_tag-vrobci-pentobarbitalu-sodnho","82":"product_tag-where-can-i-buy-sodium-pentobarbital","84":"first","85":"instock","86":"shipping-taxable","87":"purchasable","88":"product-type-variable"},"yoast_head":"<!-- This site is optimized with the Yoast SEO plugin v27.3 - https:\/\/yoast.com\/product\/yoast-seo-wordpress\/ -->\n<title>Koupit Nembutal Pentobarbital Sodium - Nejlep\u0161\u00ed glob\u00e1ln\u00ed l\u00e9ky<\/title>\n<meta name=\"description\" content=\"Kupte si Nembutal Pentobarbital Sodium UK, Evropa, Asie, \u010c\u00edna v na\u0161em online obchodu medicinasinc.com s rychl\u00fdm celosv\u011btov\u00fdm doru\u010den\u00edm! Nejlep\u0161\u00ed Nembutal pro objedn\u00e1n\u00ed najdete zde!\" \/>\n<meta name=\"robots\" content=\"index, follow, max-snippet:-1, max-image-preview:large, max-video-preview:-1\" \/>\n<link rel=\"canonical\" href=\"https:\/\/medicinasinc.com\/cs\/product\/koupit-nembutal-pentobarbital-sodik\/\" \/>\n<meta property=\"og:locale\" content=\"en_US\" \/>\n<meta property=\"og:type\" content=\"article\" \/>\n<meta property=\"og:title\" content=\"Koupit Nembutal Pentobarbital Sodium - Nejlep\u0161\u00ed glob\u00e1ln\u00ed l\u00e9ky\" \/>\n<meta property=\"og:description\" content=\"Kupte si Nembutal Pentobarbital Sodium UK, Evropa, Asie, \u010c\u00edna v na\u0161em online obchodu medicinasinc.com s rychl\u00fdm celosv\u011btov\u00fdm doru\u010den\u00edm! Nejlep\u0161\u00ed Nembutal pro objedn\u00e1n\u00ed najdete zde!\" \/>\n<meta property=\"og:url\" content=\"https:\/\/medicinasinc.com\/cs\/product\/koupit-nembutal-pentobarbital-sodik\/\" \/>\n<meta property=\"og:site_name\" content=\"Medicinas Inc\" \/>\n<meta property=\"article:modified_time\" content=\"2022-08-03T11:59:18+00:00\" \/>\n<meta property=\"og:image\" content=\"https:\/\/medicinasinc.com\/cs\/wp-content\/uploads\/sites\/2\/2022\/02\/Buy-Pentobarbital-Sodium-1.jpg\" \/>\n\t<meta property=\"og:image:width\" content=\"356\" \/>\n\t<meta property=\"og:image:height\" content=\"540\" \/>\n\t<meta property=\"og:image:type\" content=\"image\/jpeg\" \/>\n<meta name=\"twitter:card\" content=\"summary_large_image\" \/>\n<meta name=\"twitter:label1\" content=\"Est. reading time\" \/>\n\t<meta name=\"twitter:data1\" content=\"2 minutes\" \/>\n<script type=\"application\/ld+json\" class=\"yoast-schema-graph\">{\"@context\":\"https:\\\/\\\/schema.org\",\"@graph\":[{\"@type\":\"WebPage\",\"@id\":\"https:\\\/\\\/medicinasinc.com\\\/cs\\\/product\\\/koupit-nembutal-pentobarbital-sodik\\\/\",\"url\":\"https:\\\/\\\/medicinasinc.com\\\/cs\\\/product\\\/koupit-nembutal-pentobarbital-sodik\\\/\",\"name\":\"Koupit Nembutal Pentobarbital Sodium - Nejlep\u0161\u00ed glob\u00e1ln\u00ed l\u00e9ky\",\"isPartOf\":{\"@id\":\"https:\\\/\\\/medicinasinc.com\\\/cs\\\/#website\"},\"primaryImageOfPage\":{\"@id\":\"https:\\\/\\\/medicinasinc.com\\\/cs\\\/product\\\/koupit-nembutal-pentobarbital-sodik\\\/#primaryimage\"},\"image\":{\"@id\":\"https:\\\/\\\/medicinasinc.com\\\/cs\\\/product\\\/koupit-nembutal-pentobarbital-sodik\\\/#primaryimage\"},\"thumbnailUrl\":\"https:\\\/\\\/medicinasinc.com\\\/cs\\\/wp-content\\\/uploads\\\/sites\\\/2\\\/2022\\\/02\\\/Buy-Pentobarbital-Sodium-1.jpg\",\"datePublished\":\"2022-02-22T06:12:06+00:00\",\"dateModified\":\"2022-08-03T11:59:18+00:00\",\"description\":\"Kupte si Nembutal Pentobarbital Sodium UK, Evropa, Asie, \u010c\u00edna v na\u0161em online obchodu medicinasinc.com s rychl\u00fdm celosv\u011btov\u00fdm doru\u010den\u00edm! Nejlep\u0161\u00ed Nembutal pro objedn\u00e1n\u00ed najdete zde!\",\"breadcrumb\":{\"@id\":\"https:\\\/\\\/medicinasinc.com\\\/cs\\\/product\\\/koupit-nembutal-pentobarbital-sodik\\\/#breadcrumb\"},\"inLanguage\":\"en-US\",\"potentialAction\":[{\"@type\":\"ReadAction\",\"target\":[\"https:\\\/\\\/medicinasinc.com\\\/cs\\\/product\\\/koupit-nembutal-pentobarbital-sodik\\\/\"]}]},{\"@type\":\"ImageObject\",\"inLanguage\":\"en-US\",\"@id\":\"https:\\\/\\\/medicinasinc.com\\\/cs\\\/product\\\/koupit-nembutal-pentobarbital-sodik\\\/#primaryimage\",\"url\":\"https:\\\/\\\/medicinasinc.com\\\/cs\\\/wp-content\\\/uploads\\\/sites\\\/2\\\/2022\\\/02\\\/Buy-Pentobarbital-Sodium-1.jpg\",\"contentUrl\":\"https:\\\/\\\/medicinasinc.com\\\/cs\\\/wp-content\\\/uploads\\\/sites\\\/2\\\/2022\\\/02\\\/Buy-Pentobarbital-Sodium-1.jpg\",\"width\":356,\"height\":540},{\"@type\":\"BreadcrumbList\",\"@id\":\"https:\\\/\\\/medicinasinc.com\\\/cs\\\/product\\\/koupit-nembutal-pentobarbital-sodik\\\/#breadcrumb\",\"itemListElement\":[{\"@type\":\"ListItem\",\"position\":1,\"name\":\"Obchod\",\"item\":\"https:\\\/\\\/medicinasinc.com\\\/cs\\\/obchod\\\/\"},{\"@type\":\"ListItem\",\"position\":2,\"name\":\"Koupit Nembutal Pentobarbital Sodium\"}]},{\"@type\":\"WebSite\",\"@id\":\"https:\\\/\\\/medicinasinc.com\\\/cs\\\/#website\",\"url\":\"https:\\\/\\\/medicinasinc.com\\\/cs\\\/\",\"name\":\"Medicinas Inc\",\"description\":\"Health Medical Clinic\",\"potentialAction\":[{\"@type\":\"SearchAction\",\"target\":{\"@type\":\"EntryPoint\",\"urlTemplate\":\"https:\\\/\\\/medicinasinc.com\\\/cs\\\/?s={search_term_string}\"},\"query-input\":{\"@type\":\"PropertyValueSpecification\",\"valueRequired\":true,\"valueName\":\"search_term_string\"}}],\"inLanguage\":\"en-US\"}]}<\/script>\n<!-- \/ Yoast SEO plugin. -->","yoast_head_json":{"title":"Koupit Nembutal Pentobarbital Sodium - Nejlep\u0161\u00ed glob\u00e1ln\u00ed l\u00e9ky","description":"Kupte si Nembutal Pentobarbital Sodium UK, Evropa, Asie, \u010c\u00edna v na\u0161em online obchodu medicinasinc.com s rychl\u00fdm celosv\u011btov\u00fdm doru\u010den\u00edm! Nejlep\u0161\u00ed Nembutal pro objedn\u00e1n\u00ed najdete zde!","robots":{"index":"index","follow":"follow","max-snippet":"max-snippet:-1","max-image-preview":"max-image-preview:large","max-video-preview":"max-video-preview:-1"},"canonical":"https:\/\/medicinasinc.com\/cs\/product\/koupit-nembutal-pentobarbital-sodik\/","og_locale":"en_US","og_type":"article","og_title":"Koupit Nembutal Pentobarbital Sodium - Nejlep\u0161\u00ed glob\u00e1ln\u00ed l\u00e9ky","og_description":"Kupte si Nembutal Pentobarbital Sodium UK, Evropa, Asie, \u010c\u00edna v na\u0161em online obchodu medicinasinc.com s rychl\u00fdm celosv\u011btov\u00fdm doru\u010den\u00edm! Nejlep\u0161\u00ed Nembutal pro objedn\u00e1n\u00ed najdete zde!","og_url":"https:\/\/medicinasinc.com\/cs\/product\/koupit-nembutal-pentobarbital-sodik\/","og_site_name":"Medicinas Inc","article_modified_time":"2022-08-03T11:59:18+00:00","og_image":[{"width":356,"height":540,"url":"https:\/\/medicinasinc.com\/cs\/wp-content\/uploads\/sites\/2\/2022\/02\/Buy-Pentobarbital-Sodium-1.jpg","type":"image\/jpeg"}],"twitter_card":"summary_large_image","twitter_misc":{"Est. reading time":"2 minutes"},"schema":{"@context":"https:\/\/schema.org","@graph":[{"@type":"WebPage","@id":"https:\/\/medicinasinc.com\/cs\/product\/koupit-nembutal-pentobarbital-sodik\/","url":"https:\/\/medicinasinc.com\/cs\/product\/koupit-nembutal-pentobarbital-sodik\/","name":"Koupit Nembutal Pentobarbital Sodium - Nejlep\u0161\u00ed glob\u00e1ln\u00ed l\u00e9ky","isPartOf":{"@id":"https:\/\/medicinasinc.com\/cs\/#website"},"primaryImageOfPage":{"@id":"https:\/\/medicinasinc.com\/cs\/product\/koupit-nembutal-pentobarbital-sodik\/#primaryimage"},"image":{"@id":"https:\/\/medicinasinc.com\/cs\/product\/koupit-nembutal-pentobarbital-sodik\/#primaryimage"},"thumbnailUrl":"https:\/\/medicinasinc.com\/cs\/wp-content\/uploads\/sites\/2\/2022\/02\/Buy-Pentobarbital-Sodium-1.jpg","datePublished":"2022-02-22T06:12:06+00:00","dateModified":"2022-08-03T11:59:18+00:00","description":"Kupte si Nembutal Pentobarbital Sodium UK, Evropa, Asie, \u010c\u00edna v na\u0161em online obchodu medicinasinc.com s rychl\u00fdm celosv\u011btov\u00fdm doru\u010den\u00edm! Nejlep\u0161\u00ed Nembutal pro objedn\u00e1n\u00ed najdete zde!","breadcrumb":{"@id":"https:\/\/medicinasinc.com\/cs\/product\/koupit-nembutal-pentobarbital-sodik\/#breadcrumb"},"inLanguage":"en-US","potentialAction":[{"@type":"ReadAction","target":["https:\/\/medicinasinc.com\/cs\/product\/koupit-nembutal-pentobarbital-sodik\/"]}]},{"@type":"ImageObject","inLanguage":"en-US","@id":"https:\/\/medicinasinc.com\/cs\/product\/koupit-nembutal-pentobarbital-sodik\/#primaryimage","url":"https:\/\/medicinasinc.com\/cs\/wp-content\/uploads\/sites\/2\/2022\/02\/Buy-Pentobarbital-Sodium-1.jpg","contentUrl":"https:\/\/medicinasinc.com\/cs\/wp-content\/uploads\/sites\/2\/2022\/02\/Buy-Pentobarbital-Sodium-1.jpg","width":356,"height":540},{"@type":"BreadcrumbList","@id":"https:\/\/medicinasinc.com\/cs\/product\/koupit-nembutal-pentobarbital-sodik\/#breadcrumb","itemListElement":[{"@type":"ListItem","position":1,"name":"Obchod","item":"https:\/\/medicinasinc.com\/cs\/obchod\/"},{"@type":"ListItem","position":2,"name":"Koupit Nembutal Pentobarbital Sodium"}]},{"@type":"WebSite","@id":"https:\/\/medicinasinc.com\/cs\/#website","url":"https:\/\/medicinasinc.com\/cs\/","name":"Medicinas Inc","description":"Health Medical Clinic","potentialAction":[{"@type":"SearchAction","target":{"@type":"EntryPoint","urlTemplate":"https:\/\/medicinasinc.com\/cs\/?s={search_term_string}"},"query-input":{"@type":"PropertyValueSpecification","valueRequired":true,"valueName":"search_term_string"}}],"inLanguage":"en-US"}]}},"_links":{"self":[{"href":"https:\/\/medicinasinc.com\/cs\/wp-json\/wp\/v2\/product\/5785","targetHints":{"allow":["GET"]}}],"collection":[{"href":"https:\/\/medicinasinc.com\/cs\/wp-json\/wp\/v2\/product"}],"about":[{"href":"https:\/\/medicinasinc.com\/cs\/wp-json\/wp\/v2\/types\/product"}],"replies":[{"embeddable":true,"href":"https:\/\/medicinasinc.com\/cs\/wp-json\/wp\/v2\/comments?post=5785"}],"wp:featuredmedia":[{"embeddable":true,"href":"https:\/\/medicinasinc.com\/cs\/wp-json\/wp\/v2\/media\/5796"}],"wp:attachment":[{"href":"https:\/\/medicinasinc.com\/cs\/wp-json\/wp\/v2\/media?parent=5785"}],"wp:term":[{"taxonomy":"product_brand","embeddable":true,"href":"https:\/\/medicinasinc.com\/cs\/wp-json\/wp\/v2\/product_brand?post=5785"},{"taxonomy":"product_cat","embeddable":true,"href":"https:\/\/medicinasinc.com\/cs\/wp-json\/wp\/v2\/product_cat?post=5785"},{"taxonomy":"product_tag","embeddable":true,"href":"https:\/\/medicinasinc.com\/cs\/wp-json\/wp\/v2\/product_tag?post=5785"}],"curies":[{"name":"wp","href":"https:\/\/api.w.org\/{rel}","templated":true}]}}