{"id":5781,"date":"2022-02-22T06:07:08","date_gmt":"2022-02-22T06:07:08","guid":{"rendered":"https:\/\/medicinasinc.com\/cs\/?post_type=product&#038;p=5781"},"modified":"2022-08-03T12:00:44","modified_gmt":"2022-08-03T12:00:44","slug":"koupit-nembutal-prasek","status":"publish","type":"product","link":"https:\/\/medicinasinc.com\/cs\/product\/koupit-nembutal-prasek\/","title":{"rendered":"Koupit Nembutal Powder"},"content":{"rendered":"<p>Nembutal pr\u00e1\u0161ek od nejlep\u0161\u00edch dodavatel\u016f za nejni\u017e\u0161\u00ed ceny<\/p>\n<p>Na online trhu m\u016f\u017eete naj\u00edt vysoce kvalitn\u00ed l\u00e9ky a l\u00e9ky v online l\u00e9k\u00e1rn\u011b Nembutal. Chcete-li z\u00edskat Nembutal Powder od nejlep\u0161\u00edch dodavatel\u016f Nembutal Powder, m\u011bli byste p\u0159ij\u00edt do na\u0161\u00ed l\u00e9k\u00e1rny. Kontaktujte n\u00e1s je\u0161t\u011b dnes a my va\u0161i pr\u00e1ci okam\u017eit\u011b ud\u011bl\u00e1me. L\u00e9k v\u00e1m bude doru\u010den na v\u00e1mi uvedenou adresu. Chcete-li z\u00edskat nejlep\u0161\u00ed nab\u00eddku na pr\u00e1\u0161ek Nembutal, ode\u0161lete svou objedn\u00e1vku ihned!<\/p>\n<p>Co m\u016f\u017eete o\u010dek\u00e1vat, \u017ee z\u00edsk\u00e1te pr\u00e1\u0161ek Nembutal?<\/p>\n<p>Nembutal Powder je zn\u00e1m\u00fd t\u00edm, \u017ee pom\u00e1h\u00e1 nespavc\u016fm a t\u011bm, kte\u0159\u00ed najdou je t\u011b\u017ek\u00e9 sp\u00e1t, zav\u0159\u00edt o\u010di. V mnoha p\u0159\u00edpadech se pou\u017e\u00edv\u00e1 jako l\u00e9k proti \u00fazkosti. Na\u0161e online l\u00e9k\u00e1rna je nejlep\u0161\u00edm m\u00edstem, kde m\u016f\u017eete z\u00edskat Nembutal Powder, pokud m\u00e1te na mysli stejn\u00e9 c\u00edle.<\/p>\n<p>Kter\u00fd internetov\u00fd obchod prod\u00e1v\u00e1 nejlep\u0161\u00ed Nembutal Powder?<\/p>\n<p>A\u0165 u\u017e jste si objednali Nembutal Powder jak\u00fdkoli? , m\u016f\u017eete se v\u017edy spolehnout na Online Nembutal Pharmacy, \u017ee pro v\u00e1s ud\u011bl\u00e1 pr\u00e1ci spr\u00e1vn\u011b.<\/p>\n<p>Ch\u00e1peme pot\u0159eby a o\u010dek\u00e1v\u00e1n\u00ed na\u0161ich z\u00e1kazn\u00edk\u016f d\u00edky na\u0161im letit\u00fdm zku\u0161enostem. Nikdy nem\u00e1me p\u0159\u00edstup k \u017e\u00e1dn\u00fdm \u00fadaj\u016fm o va\u0161\u00ed kreditn\u00ed kart\u011b nebo osobn\u00edm \u00fadaj\u016fm ani je neuchov\u00e1v\u00e1me. V\u0161echny informace jsou uchov\u00e1v\u00e1ny v soukrom\u00ed. To znamen\u00e1, \u017ee si u n\u00e1s m\u016f\u017eete koupit Nembutal pr\u00e1\u0161ek online za nejvy\u0161\u0161\u00ed cenu.<\/p>\n<p>N\u00e1kupem v na\u0161\u00ed online l\u00e9k\u00e1rn\u011b budete o krok nap\u0159ed p\u0159ed konkurenc\u00ed. Postupem \u010dasu jsme z\u00edskali spoustu potenci\u00e1ln\u00edch spot\u0159ebitel\u016f. Pokud hled\u00e1te to nejlep\u0161\u00ed, nev\u00e1hejte n\u00e1s kdykoli kontaktovat.<\/p>\n","protected":false},"excerpt":{"rendered":"<p>Existuje \u0159ada online l\u00e9k\u00e1ren, kter\u00e9 prod\u00e1vaj\u00ed Nembutal Powder pentobarbital sodn\u00fd na prodej, v\u010detn\u011b medicinasinc.com. Nejlep\u0161\u00ed m\u00edsto, kde si m\u016f\u017eete Nembutal koupit online, najdete pr\u00e1v\u011b zde! Nyn\u00ed je mo\u017en\u00e9 z\u00edskat l\u00e9k\u00e1rnu Nembutal online z pohodl\u00ed va\u0161eho domova. Nembutal Powder k prodeji za nejni\u017e\u0161\u00ed mo\u017en\u00e9 n\u00e1klady lze nal\u00e9zt zde.<\/p>\n<p>Nejlep\u0161\u00ed Global Meds nab\u00edz\u00ed Nembutal Powder k prodeji online za p\u0159ijateln\u00e9 ceny. Nembutal pilulky, tablety a kapsle nejvy\u0161\u0161\u00ed kvality lze zakoupit s nejv\u011bt\u0161\u00edmi n\u00e1klady. Nev\u00e1hejte n\u00e1s ihned kontaktovat!<\/p>\n","protected":false},"featured_media":5791,"comment_status":"open","ping_status":"closed","template":"","meta":[],"product_brand":[],"product_cat":[3818],"product_tag":[3938,3930,3839,3931,3947,3946,3904,3929,3944,3832,3945,3845,3934,3935,3932,3933,3936,3941,3937,3939,3943,3942,3940],"class_list":{"0":"post-5781","1":"product","2":"type-product","3":"status-publish","4":"has-post-thumbnail","6":"product_cat-pentobarbital-na-prodej","7":"product_tag-nembutal-prek-dvka","8":"product_tag-how-can-i-order-nembutal-powder","9":"product_tag-how-can-i-take-nembutal","10":"product_tag-jak-koupit-nembutal-prek-online","11":"product_tag-kde-koupit-nembutal-prek-online","12":"product_tag-kde-mem-koupit-nembutal-prek","13":"product_tag-nkup-nembutal-online","14":"product_tag-koupit-nembutal-prek-online","15":"product_tag-nkup-nembutal-prek-online","16":"product_tag-can-i-order-nembutal-online","17":"product_tag-nejlep-msto-k-koupit-nembutal-prek-online","18":"product_tag-nembutal","19":"product_tag-nembutal-buy-online","20":"product_tag-nembutal-buy-uk","21":"product_tag-nembutal-buy-austrlie","22":"product_tag-nembutal-koupit-rakousko","23":"product_tag-nembutal-powder","24":"product_tag-nembutal-powder-supplier","25":"product_tag-nembutal-prek-koupit","26":"product_tag-nembutal-prek-na-prodej","27":"product_tag-objednat-nembutal-prek-online","28":"product_tag-d-nembutal-prek","29":"product_tag-nembutal-prek-pedvkovn","31":"first","32":"instock","33":"shipping-taxable","34":"purchasable","35":"product-type-variable"},"yoast_head":"<!-- This site is optimized with the Yoast SEO plugin v27.3 - https:\/\/yoast.com\/product\/yoast-seo-wordpress\/ -->\n<title>Koupit Nembutal Powder - Pentobarbital sodn\u00fd - Best Global Meds<\/title>\n<meta name=\"description\" content=\"Kupte si Nembutal Powder pentobarbital sodn\u00fd na prodej ve Spojen\u00e9m kr\u00e1lovstv\u00ed, Spojen\u00fdch arabsk\u00fdch emir\u00e1tech, Evrop\u011b, \u010c\u00edn\u011b v na\u0161em online obchodu medicinasinc.com s rychl\u00fdm celosv\u011btov\u00fdm doru\u010den\u00edm! Nejlep\u0161\u00ed Nembutal pro objedn\u00e1n\u00ed najdete zde!\" \/>\n<meta name=\"robots\" content=\"index, follow, max-snippet:-1, max-image-preview:large, max-video-preview:-1\" \/>\n<link rel=\"canonical\" href=\"https:\/\/medicinasinc.com\/cs\/product\/koupit-nembutal-prasek\/\" \/>\n<meta property=\"og:locale\" content=\"en_US\" \/>\n<meta property=\"og:type\" content=\"article\" \/>\n<meta property=\"og:title\" content=\"Koupit Nembutal Powder - Pentobarbital sodn\u00fd - Best Global Meds\" \/>\n<meta property=\"og:description\" content=\"Kupte si Nembutal Powder pentobarbital sodn\u00fd na prodej ve Spojen\u00e9m kr\u00e1lovstv\u00ed, Spojen\u00fdch arabsk\u00fdch emir\u00e1tech, Evrop\u011b, \u010c\u00edn\u011b v na\u0161em online obchodu medicinasinc.com s rychl\u00fdm celosv\u011btov\u00fdm doru\u010den\u00edm! Nejlep\u0161\u00ed Nembutal pro objedn\u00e1n\u00ed najdete zde!\" \/>\n<meta property=\"og:url\" content=\"https:\/\/medicinasinc.com\/cs\/product\/koupit-nembutal-prasek\/\" \/>\n<meta property=\"og:site_name\" content=\"Medicinas Inc\" \/>\n<meta property=\"article:modified_time\" content=\"2022-08-03T12:00:44+00:00\" \/>\n<meta property=\"og:image\" content=\"https:\/\/medicinasinc.com\/cs\/wp-content\/uploads\/sites\/2\/2022\/02\/Buy-Nembutal-Powder-2.jpg\" \/>\n\t<meta property=\"og:image:width\" content=\"600\" \/>\n\t<meta property=\"og:image:height\" content=\"600\" \/>\n\t<meta property=\"og:image:type\" content=\"image\/jpeg\" \/>\n<meta name=\"twitter:card\" content=\"summary_large_image\" \/>\n<meta name=\"twitter:label1\" content=\"Est. reading time\" \/>\n\t<meta name=\"twitter:data1\" content=\"1 minute\" \/>\n<script type=\"application\/ld+json\" class=\"yoast-schema-graph\">{\"@context\":\"https:\\\/\\\/schema.org\",\"@graph\":[{\"@type\":\"WebPage\",\"@id\":\"https:\\\/\\\/medicinasinc.com\\\/cs\\\/product\\\/koupit-nembutal-prasek\\\/\",\"url\":\"https:\\\/\\\/medicinasinc.com\\\/cs\\\/product\\\/koupit-nembutal-prasek\\\/\",\"name\":\"Koupit Nembutal Powder - Pentobarbital sodn\u00fd - Best Global Meds\",\"isPartOf\":{\"@id\":\"https:\\\/\\\/medicinasinc.com\\\/cs\\\/#website\"},\"primaryImageOfPage\":{\"@id\":\"https:\\\/\\\/medicinasinc.com\\\/cs\\\/product\\\/koupit-nembutal-prasek\\\/#primaryimage\"},\"image\":{\"@id\":\"https:\\\/\\\/medicinasinc.com\\\/cs\\\/product\\\/koupit-nembutal-prasek\\\/#primaryimage\"},\"thumbnailUrl\":\"https:\\\/\\\/medicinasinc.com\\\/cs\\\/wp-content\\\/uploads\\\/sites\\\/2\\\/2022\\\/02\\\/Buy-Nembutal-Powder-2.jpg\",\"datePublished\":\"2022-02-22T06:07:08+00:00\",\"dateModified\":\"2022-08-03T12:00:44+00:00\",\"description\":\"Kupte si Nembutal Powder pentobarbital sodn\u00fd na prodej ve Spojen\u00e9m kr\u00e1lovstv\u00ed, Spojen\u00fdch arabsk\u00fdch emir\u00e1tech, Evrop\u011b, \u010c\u00edn\u011b v na\u0161em online obchodu medicinasinc.com s rychl\u00fdm celosv\u011btov\u00fdm doru\u010den\u00edm! Nejlep\u0161\u00ed Nembutal pro objedn\u00e1n\u00ed najdete zde!\",\"breadcrumb\":{\"@id\":\"https:\\\/\\\/medicinasinc.com\\\/cs\\\/product\\\/koupit-nembutal-prasek\\\/#breadcrumb\"},\"inLanguage\":\"en-US\",\"potentialAction\":[{\"@type\":\"ReadAction\",\"target\":[\"https:\\\/\\\/medicinasinc.com\\\/cs\\\/product\\\/koupit-nembutal-prasek\\\/\"]}]},{\"@type\":\"ImageObject\",\"inLanguage\":\"en-US\",\"@id\":\"https:\\\/\\\/medicinasinc.com\\\/cs\\\/product\\\/koupit-nembutal-prasek\\\/#primaryimage\",\"url\":\"https:\\\/\\\/medicinasinc.com\\\/cs\\\/wp-content\\\/uploads\\\/sites\\\/2\\\/2022\\\/02\\\/Buy-Nembutal-Powder-2.jpg\",\"contentUrl\":\"https:\\\/\\\/medicinasinc.com\\\/cs\\\/wp-content\\\/uploads\\\/sites\\\/2\\\/2022\\\/02\\\/Buy-Nembutal-Powder-2.jpg\",\"width\":600,\"height\":600},{\"@type\":\"BreadcrumbList\",\"@id\":\"https:\\\/\\\/medicinasinc.com\\\/cs\\\/product\\\/koupit-nembutal-prasek\\\/#breadcrumb\",\"itemListElement\":[{\"@type\":\"ListItem\",\"position\":1,\"name\":\"Obchod\",\"item\":\"https:\\\/\\\/medicinasinc.com\\\/cs\\\/obchod\\\/\"},{\"@type\":\"ListItem\",\"position\":2,\"name\":\"Koupit Nembutal Powder\"}]},{\"@type\":\"WebSite\",\"@id\":\"https:\\\/\\\/medicinasinc.com\\\/cs\\\/#website\",\"url\":\"https:\\\/\\\/medicinasinc.com\\\/cs\\\/\",\"name\":\"Medicinas Inc\",\"description\":\"Health Medical Clinic\",\"potentialAction\":[{\"@type\":\"SearchAction\",\"target\":{\"@type\":\"EntryPoint\",\"urlTemplate\":\"https:\\\/\\\/medicinasinc.com\\\/cs\\\/?s={search_term_string}\"},\"query-input\":{\"@type\":\"PropertyValueSpecification\",\"valueRequired\":true,\"valueName\":\"search_term_string\"}}],\"inLanguage\":\"en-US\"}]}<\/script>\n<!-- \/ Yoast SEO plugin. -->","yoast_head_json":{"title":"Koupit Nembutal Powder - Pentobarbital sodn\u00fd - Best Global Meds","description":"Kupte si Nembutal Powder pentobarbital sodn\u00fd na prodej ve Spojen\u00e9m kr\u00e1lovstv\u00ed, Spojen\u00fdch arabsk\u00fdch emir\u00e1tech, Evrop\u011b, \u010c\u00edn\u011b v na\u0161em online obchodu medicinasinc.com s rychl\u00fdm celosv\u011btov\u00fdm doru\u010den\u00edm! Nejlep\u0161\u00ed Nembutal pro objedn\u00e1n\u00ed najdete zde!","robots":{"index":"index","follow":"follow","max-snippet":"max-snippet:-1","max-image-preview":"max-image-preview:large","max-video-preview":"max-video-preview:-1"},"canonical":"https:\/\/medicinasinc.com\/cs\/product\/koupit-nembutal-prasek\/","og_locale":"en_US","og_type":"article","og_title":"Koupit Nembutal Powder - Pentobarbital sodn\u00fd - Best Global Meds","og_description":"Kupte si Nembutal Powder pentobarbital sodn\u00fd na prodej ve Spojen\u00e9m kr\u00e1lovstv\u00ed, Spojen\u00fdch arabsk\u00fdch emir\u00e1tech, Evrop\u011b, \u010c\u00edn\u011b v na\u0161em online obchodu medicinasinc.com s rychl\u00fdm celosv\u011btov\u00fdm doru\u010den\u00edm! Nejlep\u0161\u00ed Nembutal pro objedn\u00e1n\u00ed najdete zde!","og_url":"https:\/\/medicinasinc.com\/cs\/product\/koupit-nembutal-prasek\/","og_site_name":"Medicinas Inc","article_modified_time":"2022-08-03T12:00:44+00:00","og_image":[{"width":600,"height":600,"url":"https:\/\/medicinasinc.com\/cs\/wp-content\/uploads\/sites\/2\/2022\/02\/Buy-Nembutal-Powder-2.jpg","type":"image\/jpeg"}],"twitter_card":"summary_large_image","twitter_misc":{"Est. reading time":"1 minute"},"schema":{"@context":"https:\/\/schema.org","@graph":[{"@type":"WebPage","@id":"https:\/\/medicinasinc.com\/cs\/product\/koupit-nembutal-prasek\/","url":"https:\/\/medicinasinc.com\/cs\/product\/koupit-nembutal-prasek\/","name":"Koupit Nembutal Powder - Pentobarbital sodn\u00fd - Best Global Meds","isPartOf":{"@id":"https:\/\/medicinasinc.com\/cs\/#website"},"primaryImageOfPage":{"@id":"https:\/\/medicinasinc.com\/cs\/product\/koupit-nembutal-prasek\/#primaryimage"},"image":{"@id":"https:\/\/medicinasinc.com\/cs\/product\/koupit-nembutal-prasek\/#primaryimage"},"thumbnailUrl":"https:\/\/medicinasinc.com\/cs\/wp-content\/uploads\/sites\/2\/2022\/02\/Buy-Nembutal-Powder-2.jpg","datePublished":"2022-02-22T06:07:08+00:00","dateModified":"2022-08-03T12:00:44+00:00","description":"Kupte si Nembutal Powder pentobarbital sodn\u00fd na prodej ve Spojen\u00e9m kr\u00e1lovstv\u00ed, Spojen\u00fdch arabsk\u00fdch emir\u00e1tech, Evrop\u011b, \u010c\u00edn\u011b v na\u0161em online obchodu medicinasinc.com s rychl\u00fdm celosv\u011btov\u00fdm doru\u010den\u00edm! Nejlep\u0161\u00ed Nembutal pro objedn\u00e1n\u00ed najdete zde!","breadcrumb":{"@id":"https:\/\/medicinasinc.com\/cs\/product\/koupit-nembutal-prasek\/#breadcrumb"},"inLanguage":"en-US","potentialAction":[{"@type":"ReadAction","target":["https:\/\/medicinasinc.com\/cs\/product\/koupit-nembutal-prasek\/"]}]},{"@type":"ImageObject","inLanguage":"en-US","@id":"https:\/\/medicinasinc.com\/cs\/product\/koupit-nembutal-prasek\/#primaryimage","url":"https:\/\/medicinasinc.com\/cs\/wp-content\/uploads\/sites\/2\/2022\/02\/Buy-Nembutal-Powder-2.jpg","contentUrl":"https:\/\/medicinasinc.com\/cs\/wp-content\/uploads\/sites\/2\/2022\/02\/Buy-Nembutal-Powder-2.jpg","width":600,"height":600},{"@type":"BreadcrumbList","@id":"https:\/\/medicinasinc.com\/cs\/product\/koupit-nembutal-prasek\/#breadcrumb","itemListElement":[{"@type":"ListItem","position":1,"name":"Obchod","item":"https:\/\/medicinasinc.com\/cs\/obchod\/"},{"@type":"ListItem","position":2,"name":"Koupit Nembutal Powder"}]},{"@type":"WebSite","@id":"https:\/\/medicinasinc.com\/cs\/#website","url":"https:\/\/medicinasinc.com\/cs\/","name":"Medicinas Inc","description":"Health Medical Clinic","potentialAction":[{"@type":"SearchAction","target":{"@type":"EntryPoint","urlTemplate":"https:\/\/medicinasinc.com\/cs\/?s={search_term_string}"},"query-input":{"@type":"PropertyValueSpecification","valueRequired":true,"valueName":"search_term_string"}}],"inLanguage":"en-US"}]}},"_links":{"self":[{"href":"https:\/\/medicinasinc.com\/cs\/wp-json\/wp\/v2\/product\/5781","targetHints":{"allow":["GET"]}}],"collection":[{"href":"https:\/\/medicinasinc.com\/cs\/wp-json\/wp\/v2\/product"}],"about":[{"href":"https:\/\/medicinasinc.com\/cs\/wp-json\/wp\/v2\/types\/product"}],"replies":[{"embeddable":true,"href":"https:\/\/medicinasinc.com\/cs\/wp-json\/wp\/v2\/comments?post=5781"}],"wp:featuredmedia":[{"embeddable":true,"href":"https:\/\/medicinasinc.com\/cs\/wp-json\/wp\/v2\/media\/5791"}],"wp:attachment":[{"href":"https:\/\/medicinasinc.com\/cs\/wp-json\/wp\/v2\/media?parent=5781"}],"wp:term":[{"taxonomy":"product_brand","embeddable":true,"href":"https:\/\/medicinasinc.com\/cs\/wp-json\/wp\/v2\/product_brand?post=5781"},{"taxonomy":"product_cat","embeddable":true,"href":"https:\/\/medicinasinc.com\/cs\/wp-json\/wp\/v2\/product_cat?post=5781"},{"taxonomy":"product_tag","embeddable":true,"href":"https:\/\/medicinasinc.com\/cs\/wp-json\/wp\/v2\/product_tag?post=5781"}],"curies":[{"name":"wp","href":"https:\/\/api.w.org\/{rel}","templated":true}]}}