{"id":5777,"date":"2022-02-22T05:58:59","date_gmt":"2022-02-22T05:58:59","guid":{"rendered":"https:\/\/medicinasinc.com\/cs\/?post_type=product&#038;p=5777"},"modified":"2022-08-03T12:20:17","modified_gmt":"2022-08-03T12:20:17","slug":"koupit-nembutal-kapsle","status":"publish","type":"product","link":"https:\/\/medicinasinc.com\/cs\/product\/koupit-nembutal-kapsle\/","title":{"rendered":"Kupte si Nembutal kapsle"},"content":{"rendered":"<p>Najd\u011bte nejlep\u0161\u00ed dodavatele a prodejce kapsl\u00ed Nembutal v na\u0161\u00ed l\u00e9k\u00e1rn\u011b Nembutal online<\/p>\n<p>Pokou\u0161\u00edte se naj\u00edt renomovanou online l\u00e9k\u00e1rnu, kde byste mohli z\u00edskat nejlep\u0161\u00ed nab\u00eddku na kapsle Nembutal? Ano? Pak je to pro v\u00e1s ide\u00e1ln\u00ed m\u00edsto. Zn\u00e1m\u00e1 jako Online Nembutal Pharmacy, jsme zn\u00e1m\u00e1 online l\u00e9k\u00e1rna. Z\u00edskali jsme mnoho oddan\u00fdch z\u00e1kazn\u00edk\u016f d\u00edky na\u0161\u00ed pov\u011bsti jednoho z p\u0159edn\u00edch online prodejc\u016f a poskytovatel\u016f kapsl\u00ed Nembutal.<\/p>\n<p>Ned\u011blejte si starosti, pokud je to v\u00e1\u0161 prvn\u00ed n\u00e1kup kapsl\u00ed Nembutal v na\u0161\u00ed online l\u00e9k\u00e1rn\u011b . Zde nem\u016f\u017eete \u010dekat nic jin\u00e9ho ne\u017e to nejlep\u0161\u00ed. Jsme tu v\u017edy, abychom v\u00e1m pomohli naj\u00edt Nembutalov\u00e9 kapsle, kter\u00e9 pot\u0159ebujete, a dostali je k v\u00e1m co nejrychleji. V souladu s pr\u016fmyslov\u00fdmi normami pln\u00edme nebo p\u0159ekra\u010dujeme o\u010dek\u00e1v\u00e1n\u00ed na\u0161ich klient\u016f. Kapsle Nembutal v na\u0161\u00ed online l\u00e9k\u00e1rn\u011b jsou nejvy\u0161\u0161\u00ed kvality, a to v\u010detn\u011b balen\u00ed a dopravy. Pokud m\u00e1te z\u00e1jem z\u00edskat kapsle Nembutal, kontaktujte n\u00e1s je\u0161t\u011b dnes a my v\u010das vyhov\u00edme va\u0161im pot\u0159eb\u00e1m.<\/p>\n<p>Pro\u010d je n\u00e1kup kapsl\u00ed Nembutal z online l\u00e9k\u00e1rny Nembutal tou nejlep\u0161\u00ed volbou?<\/p>\n<p>Na\u0161e spole\u010dnost je tou nejlep\u0161\u00ed volbou, pokud chcete Nembutalov\u00e9 kapsle precizn\u011b s kontrolou kvality a rychl\u00fdm doru\u010den\u00edm. Kapsle Nembutal nejvy\u0161\u0161\u00ed kvality jsou k dispozici za levn\u00e9 ceny v online l\u00e9k\u00e1rn\u011b Nembutal. Proto\u017ee nepou\u017e\u00edv\u00e1me \u017e\u00e1dn\u00e9 prost\u0159edn\u00edky, jsme schopni udr\u017eet v\u0161e v hladk\u00e9m chodu. Z\u00e1kaznick\u00fd servis je pro n\u00e1s prioritou a zaji\u0161\u0165ujeme, aby byly objedn\u00e1vky doru\u010deny v\u010das.<\/p>\n<p>Od na\u0161ich spot\u0159ebitel\u016f jsme obdr\u017eeli skv\u011blou zp\u011btnou vazbu a hodnocen\u00ed, proto\u017ee v t\u00e9to oblasti pracujeme dlouhou dobu. Kapsle Nembutal jsou zas\u00edl\u00e1ny z\u00e1kazn\u00edk\u016fm bezpe\u010dn\u00fdm zp\u016fsobem na\u0161\u00edm t\u00fdmem. Ke ka\u017ed\u00e9 polo\u017ece, kterou u n\u00e1s zakoup\u00edte, p\u0159ikl\u00e1d\u00e1me sadu pokyn\u016f. Tyto pokyny v\u00e1m uk\u00e1\u017eou, jak bezpe\u010dn\u011b u\u017e\u00edvat sv\u016fj p\u0159edpis Nembutal Capsules.<\/p>\n<p>V\u017edy se m\u016f\u017eete spolehnout na na\u0161e \u0161pi\u010dkov\u00e9 slu\u017eby. Na\u0161e online l\u00e9k\u00e1rna v\u00e1m m\u016f\u017ee pomoci dozv\u011bd\u011bt se v\u00edce o l\u00e9ku Nembutal Capsules. Kapsle Nembutal bylo v minulosti obt\u00ed\u017en\u00e9 z\u00edskat. Jak v\u0161ak \u010das pokro\u010dil, na\u0161e online l\u00e9k\u00e1rna byla schopna nab\u00edzet produkty Nembutal online. M\u016f\u017eete je z\u00edskat, kdykoli budete cht\u00edt.<\/p>\n","protected":false},"excerpt":{"rendered":"<p>Objedn\u00e1v\u00e1n\u00ed kapsl\u00ed Nembutal online: Jak\u00e9 jsou kroky, kter\u00e9 je t\u0159eba podniknout?<\/p>\n<p>Po\u017eadavek na n\u00e1kup kapsl\u00ed Nembutal online za nejlep\u0161\u00ed cenu m\u016f\u017eete odeslat na na\u0161ich ofici\u00e1ln\u00edch webov\u00fdch str\u00e1nk\u00e1ch a nechat jej vy\u0159\u00eddit v kr\u00e1tk\u00e9m \u010dase. Jsme zodpov\u011bdn\u00ed za spln\u011bn\u00ed va\u0161\u00ed objedn\u00e1vky. Kapsle Nembutal si u n\u00e1s m\u016f\u017eete koupit pr\u00e1v\u011b te\u010f, pokud n\u00e1s kontaktujete je\u0161t\u011b dnes!<\/p>\n<p>V na\u0161em online obchod\u011b medicinasinc.com m\u016f\u017eete z\u00edskat Nembutal kapsle, pilulky Europe a Pentobarbital na prodej ve Spojen\u00e9m kr\u00e1lovstv\u00ed s rychl\u00fdm celosv\u011btov\u00fdm doru\u010den\u00edm! Nejlep\u0161\u00ed m\u00edsto, kde si m\u016f\u017eete Nembutal koupit online, najdete pr\u00e1v\u011b zde!<\/p>\n","protected":false},"featured_media":5786,"comment_status":"open","ping_status":"closed","template":"","meta":[],"product_brand":[],"product_cat":[3818],"product_tag":[3878,3820,3821,3822,3823,3826,3828,3829,3830,3897,3913,3882,3911,3855,3868,3838,3839,3840,3843,3841,3837,3836,3842,3853,3890,3923,3924,3925,3926,3921,3914,3916,3915,3917,3918,3919,3922,3927,3904,3824,3825,3827,3875,3831,3832,3833,3835,3834,3896,3907,3819,3912,3845,3847,3849,3850,3851,3852,3848,3856,3861,3862,3863,3864,3858,3865,3846,3857,3859,3860,3866,3870,3873,3871,3872,3874,3877,3876,3881,3886,3887,3888,3893,3894,3895,3900,3901,3906,3889,3902,3879,3891,3880,3899,3909,3908,3884,3883,3892,3903,3854,3867,3905,3869,3885,3844,3898,3910,3920],"class_list":{"0":"post-5777","1":"product","2":"type-product","3":"status-publish","4":"has-post-thumbnail","6":"product_cat-pentobarbital-na-prodej","7":"product_tag-pentobarbital-sodn-anestezie","8":"product_tag-buy-cheap-nembutal-liquid-online","9":"product_tag-buy-cheap-nembutal-online","10":"product_tag-buy-nembutal-here","11":"product_tag-buy-nembutal-liquid-online","12":"product_tag-buy-nembutal-sodium-online","13":"product_tag-buy-pentobarbital-sodium-2021","14":"product_tag-buy-pentobarbital-sodium-pentobarbital-sodium-salt","15":"product_tag-buy-sodium-pentobarbital-uk","16":"product_tag-pentobarbital-sodk-cena","17":"product_tag-chtt-koupit-nembutal","18":"product_tag-pentobarbital-dvkovn-sodku","19":"product_tag-doba-pouitelnosti-pentobarbitalu-sodnho","20":"product_tag-nembutal-kapalina-dodavatel","21":"product_tag-nembutal-pilulky-dodavatel","22":"product_tag-how-can-i-order-pentobarbital-sodium","23":"product_tag-how-can-i-take-nembutal","24":"product_tag-how-to-acquire-nembutal","25":"product_tag-it-is-easy-to-buy-nembutal-online","26":"product_tag-jak-nakoupit-nembutal-online","27":"product_tag-jak-mohu-objednat-nembutal-pilulky","28":"product_tag-how-can-i-order-nembutal-liquid","29":"product_tag-jak-objednat-nembutal-mailem","30":"product_tag-nembutal-tekut-dvka","31":"product_tag-pentobarbital-sodk-kapalina","32":"product_tag-kde-koupit-levn-nembutal-online","33":"product_tag-kde-k-koupit-nembutal-pilulky-online","34":"product_tag-kde-koupit-pentobarbital-sodk","35":"product_tag-kde-koupit-pentobarbital-sodk-pro-psy","36":"product_tag-kde-mem-koupit-nembutal","37":"product_tag-kde-mohu-koupit-nembutal-kapalinu","38":"product_tag-kde-mohu-koupit-nembutal-pentobarbital-sodn","39":"product_tag-kde-mohu-koupit-nembutal-pilulky","40":"product_tag-kde-mohu-koupit-pentobarbital","41":"product_tag-kde-mohu-koupit-pentobarbital-sodn","42":"product_tag-kde-mohu-koupit-pentobarbital-sodk-prky-na-span","43":"product_tag-kde-mete-koupit-pentobarbital-sodk","44":"product_tag-kde-zskat-pentobarbital-sodk","45":"product_tag-nkup-nembutal-online","46":"product_tag-koupit-nembutal-pentobarbital-sodk","47":"product_tag-koupit-nembutal-pilulky-online","48":"product_tag-koupit-pentobarbital-sodk","49":"product_tag-pentobarbital-de-sodium-dose-letale","50":"product_tag-can-i-buy-pentobarbital","51":"product_tag-can-i-order-nembutal-online","52":"product_tag-can-i-order-pentobarbital-online","53":"product_tag-mete-si-koupit-pentobarbital-sodn","54":"product_tag-mete-si-koupit-pentobarbital-sodk-voln-prodejn","55":"product_tag-pentobarbital-sodk-recept","56":"product_tag-nklady-na-pentobarbital-sodn","57":"product_tag-nejlep-lk-pro-sebevradu-pedvkovn","58":"product_tag-nejlep-msto-k-koupit-nembutal-pilulky-online","59":"product_tag-nembutal","60":"product_tag-nembutal-for-sale","61":"product_tag-nembutal-liquid-buy-australia","62":"product_tag-nembutal-liquid-buy-austria","63":"product_tag-nembutal-liquid-buy-europe","64":"product_tag-nembutal-liquid-buy-uk","65":"product_tag-nembutal-liquid-buy","66":"product_tag-nembutal-pentobarbital-sodk-koupit","67":"product_tag-nembutal-pills-buy-europe","68":"product_tag-nembutal-pills-buy-online","69":"product_tag-nembutal-pills-buy-uk","70":"product_tag-nembutal-pills-dose","71":"product_tag-nembutal-pilulky-koupit","72":"product_tag-nembutal-pilulky-na-prodej","73":"product_tag-nembutal-kapsle","74":"product_tag-nembutal-pilulky","75":"product_tag-nembutal-pilulky-koupit-austrlie","76":"product_tag-nembutal-pilulky-koupit-rakousko","77":"product_tag-nembutal-pilulky-online","78":"product_tag-d-nembutal-kapalina","79":"product_tag-d-pentobarbital-sodk","80":"product_tag-objednat-nembutal-pilulky","81":"product_tag-objednat-nembutal-pilulky-online","82":"product_tag-pentobarbital","83":"product_tag-pentobarbital-near-me","84":"product_tag-pentobarbital-pro-eutanazii","85":"product_tag-pentobarbital-sodium-death","86":"product_tag-pentobarbital-sodium-injection-for-dogs","87":"product_tag-pentobarbital-sodium-injection-for-humans","88":"product_tag-pentobarbital-sodium-injection-solution","89":"product_tag-pentobarbital-sodium-over-the-counter","90":"product_tag-pentobarbital-sodium-pills","91":"product_tag-pentobarbital-sodium-powder","92":"product_tag-pentobarbital-sodium-sleeping-pills-over-the-counter","93":"product_tag-pentobarbital-sodium-tablets","94":"product_tag-natrium-pentobarbital-nembutal","95":"product_tag-pentobarbital-sodk-injekce-usp","96":"product_tag-pentobarbital-sodk-kde-k-koupit","97":"product_tag-pentobarbital-sodk-koupit","98":"product_tag-pentobarbital-sodium-nz","99":"product_tag-pentobarbital-sodn-porceln","100":"product_tag-pentobarbital-sodk-prky-na-span","101":"product_tag-pentobarbital-sodn-pro-eutanazii","102":"product_tag-pentobarbital-sodn-pro-eutanazii-zvat","103":"product_tag-pentobarbital-sodk-pro-lidi","104":"product_tag-pentobarbital-sodk-pro-psy","105":"product_tag-pentobarbital-sodk-orln","106":"product_tag-pou-c5-beit-c3-ad-pentobarbitalu","107":"product_tag-nembutal-liquid-overdose","108":"product_tag-nembutal-pilulky-pedvkovn","109":"product_tag-purchase-nembutal-pills-online","110":"product_tag-nembutal-sebevraedn-dvka","111":"product_tag-skupina-pentobarbital-sodk","112":"product_tag-smrtc-injekce-koupit-online","113":"product_tag-pentobarbital-sodn-sl","114":"product_tag-vrobci-pentobarbitalu-sodnho","115":"product_tag-where-can-i-buy-sodium-pentobarbital","117":"first","118":"instock","119":"shipping-taxable","120":"purchasable","121":"product-type-variable"},"yoast_head":"<!-- This site is optimized with the Yoast SEO plugin v27.3 - https:\/\/yoast.com\/product\/yoast-seo-wordpress\/ -->\n<title>Koupit kapsle Nembutal \u2013 objednejte si kapsle Nembutal \u2013 nejlep\u0161\u00ed glob\u00e1ln\u00ed l\u00e9ky<\/title>\n<meta name=\"description\" content=\"Koupit\/objednat Nembutal Capsules, Pilulky na prodej Velk\u00e1 Brit\u00e1nie, Evropa, \u010c\u00edna, Japonsko, Izrael od renomovan\u00e9 online l\u00e9k\u00e1rny bez p\u0159edpisu a zaru\u010den\u00e9 diskr\u00e9tn\u00ed dopravy.\" \/>\n<meta name=\"robots\" content=\"index, follow, max-snippet:-1, max-image-preview:large, max-video-preview:-1\" \/>\n<link rel=\"canonical\" href=\"https:\/\/medicinasinc.com\/cs\/product\/koupit-nembutal-kapsle\/\" \/>\n<meta property=\"og:locale\" content=\"en_US\" \/>\n<meta property=\"og:type\" content=\"article\" \/>\n<meta property=\"og:title\" content=\"Koupit kapsle Nembutal \u2013 objednejte si kapsle Nembutal \u2013 nejlep\u0161\u00ed glob\u00e1ln\u00ed l\u00e9ky\" \/>\n<meta property=\"og:description\" content=\"Koupit\/objednat Nembutal Capsules, Pilulky na prodej Velk\u00e1 Brit\u00e1nie, Evropa, \u010c\u00edna, Japonsko, Izrael od renomovan\u00e9 online l\u00e9k\u00e1rny bez p\u0159edpisu a zaru\u010den\u00e9 diskr\u00e9tn\u00ed dopravy.\" \/>\n<meta property=\"og:url\" content=\"https:\/\/medicinasinc.com\/cs\/product\/koupit-nembutal-kapsle\/\" \/>\n<meta property=\"og:site_name\" content=\"Medicinas Inc\" \/>\n<meta property=\"article:modified_time\" content=\"2022-08-03T12:20:17+00:00\" \/>\n<meta property=\"og:image\" content=\"https:\/\/medicinasinc.com\/cs\/wp-content\/uploads\/sites\/2\/2022\/02\/Buy-Nembutal-Capsules.jpg\" \/>\n\t<meta property=\"og:image:width\" content=\"600\" \/>\n\t<meta property=\"og:image:height\" content=\"600\" \/>\n\t<meta property=\"og:image:type\" content=\"image\/jpeg\" \/>\n<meta name=\"twitter:card\" content=\"summary_large_image\" \/>\n<meta name=\"twitter:label1\" content=\"Est. reading time\" \/>\n\t<meta name=\"twitter:data1\" content=\"2 minutes\" \/>\n<script type=\"application\/ld+json\" class=\"yoast-schema-graph\">{\"@context\":\"https:\\\/\\\/schema.org\",\"@graph\":[{\"@type\":\"WebPage\",\"@id\":\"https:\\\/\\\/medicinasinc.com\\\/cs\\\/product\\\/koupit-nembutal-kapsle\\\/\",\"url\":\"https:\\\/\\\/medicinasinc.com\\\/cs\\\/product\\\/koupit-nembutal-kapsle\\\/\",\"name\":\"Koupit kapsle Nembutal \u2013 objednejte si kapsle Nembutal \u2013 nejlep\u0161\u00ed glob\u00e1ln\u00ed l\u00e9ky\",\"isPartOf\":{\"@id\":\"https:\\\/\\\/medicinasinc.com\\\/cs\\\/#website\"},\"primaryImageOfPage\":{\"@id\":\"https:\\\/\\\/medicinasinc.com\\\/cs\\\/product\\\/koupit-nembutal-kapsle\\\/#primaryimage\"},\"image\":{\"@id\":\"https:\\\/\\\/medicinasinc.com\\\/cs\\\/product\\\/koupit-nembutal-kapsle\\\/#primaryimage\"},\"thumbnailUrl\":\"https:\\\/\\\/medicinasinc.com\\\/cs\\\/wp-content\\\/uploads\\\/sites\\\/2\\\/2022\\\/02\\\/Buy-Nembutal-Capsules.jpg\",\"datePublished\":\"2022-02-22T05:58:59+00:00\",\"dateModified\":\"2022-08-03T12:20:17+00:00\",\"description\":\"Koupit\\\/objednat Nembutal Capsules, Pilulky na prodej Velk\u00e1 Brit\u00e1nie, Evropa, \u010c\u00edna, Japonsko, Izrael od renomovan\u00e9 online l\u00e9k\u00e1rny bez p\u0159edpisu a zaru\u010den\u00e9 diskr\u00e9tn\u00ed dopravy.\",\"breadcrumb\":{\"@id\":\"https:\\\/\\\/medicinasinc.com\\\/cs\\\/product\\\/koupit-nembutal-kapsle\\\/#breadcrumb\"},\"inLanguage\":\"en-US\",\"potentialAction\":[{\"@type\":\"ReadAction\",\"target\":[\"https:\\\/\\\/medicinasinc.com\\\/cs\\\/product\\\/koupit-nembutal-kapsle\\\/\"]}]},{\"@type\":\"ImageObject\",\"inLanguage\":\"en-US\",\"@id\":\"https:\\\/\\\/medicinasinc.com\\\/cs\\\/product\\\/koupit-nembutal-kapsle\\\/#primaryimage\",\"url\":\"https:\\\/\\\/medicinasinc.com\\\/cs\\\/wp-content\\\/uploads\\\/sites\\\/2\\\/2022\\\/02\\\/Buy-Nembutal-Capsules.jpg\",\"contentUrl\":\"https:\\\/\\\/medicinasinc.com\\\/cs\\\/wp-content\\\/uploads\\\/sites\\\/2\\\/2022\\\/02\\\/Buy-Nembutal-Capsules.jpg\",\"width\":600,\"height\":600},{\"@type\":\"BreadcrumbList\",\"@id\":\"https:\\\/\\\/medicinasinc.com\\\/cs\\\/product\\\/koupit-nembutal-kapsle\\\/#breadcrumb\",\"itemListElement\":[{\"@type\":\"ListItem\",\"position\":1,\"name\":\"Obchod\",\"item\":\"https:\\\/\\\/medicinasinc.com\\\/cs\\\/obchod\\\/\"},{\"@type\":\"ListItem\",\"position\":2,\"name\":\"Kupte si Nembutal kapsle\"}]},{\"@type\":\"WebSite\",\"@id\":\"https:\\\/\\\/medicinasinc.com\\\/cs\\\/#website\",\"url\":\"https:\\\/\\\/medicinasinc.com\\\/cs\\\/\",\"name\":\"Medicinas Inc\",\"description\":\"Health Medical Clinic\",\"potentialAction\":[{\"@type\":\"SearchAction\",\"target\":{\"@type\":\"EntryPoint\",\"urlTemplate\":\"https:\\\/\\\/medicinasinc.com\\\/cs\\\/?s={search_term_string}\"},\"query-input\":{\"@type\":\"PropertyValueSpecification\",\"valueRequired\":true,\"valueName\":\"search_term_string\"}}],\"inLanguage\":\"en-US\"}]}<\/script>\n<!-- \/ Yoast SEO plugin. -->","yoast_head_json":{"title":"Koupit kapsle Nembutal \u2013 objednejte si kapsle Nembutal \u2013 nejlep\u0161\u00ed glob\u00e1ln\u00ed l\u00e9ky","description":"Koupit\/objednat Nembutal Capsules, Pilulky na prodej Velk\u00e1 Brit\u00e1nie, Evropa, \u010c\u00edna, Japonsko, Izrael od renomovan\u00e9 online l\u00e9k\u00e1rny bez p\u0159edpisu a zaru\u010den\u00e9 diskr\u00e9tn\u00ed dopravy.","robots":{"index":"index","follow":"follow","max-snippet":"max-snippet:-1","max-image-preview":"max-image-preview:large","max-video-preview":"max-video-preview:-1"},"canonical":"https:\/\/medicinasinc.com\/cs\/product\/koupit-nembutal-kapsle\/","og_locale":"en_US","og_type":"article","og_title":"Koupit kapsle Nembutal \u2013 objednejte si kapsle Nembutal \u2013 nejlep\u0161\u00ed glob\u00e1ln\u00ed l\u00e9ky","og_description":"Koupit\/objednat Nembutal Capsules, Pilulky na prodej Velk\u00e1 Brit\u00e1nie, Evropa, \u010c\u00edna, Japonsko, Izrael od renomovan\u00e9 online l\u00e9k\u00e1rny bez p\u0159edpisu a zaru\u010den\u00e9 diskr\u00e9tn\u00ed dopravy.","og_url":"https:\/\/medicinasinc.com\/cs\/product\/koupit-nembutal-kapsle\/","og_site_name":"Medicinas Inc","article_modified_time":"2022-08-03T12:20:17+00:00","og_image":[{"width":600,"height":600,"url":"https:\/\/medicinasinc.com\/cs\/wp-content\/uploads\/sites\/2\/2022\/02\/Buy-Nembutal-Capsules.jpg","type":"image\/jpeg"}],"twitter_card":"summary_large_image","twitter_misc":{"Est. reading time":"2 minutes"},"schema":{"@context":"https:\/\/schema.org","@graph":[{"@type":"WebPage","@id":"https:\/\/medicinasinc.com\/cs\/product\/koupit-nembutal-kapsle\/","url":"https:\/\/medicinasinc.com\/cs\/product\/koupit-nembutal-kapsle\/","name":"Koupit kapsle Nembutal \u2013 objednejte si kapsle Nembutal \u2013 nejlep\u0161\u00ed glob\u00e1ln\u00ed l\u00e9ky","isPartOf":{"@id":"https:\/\/medicinasinc.com\/cs\/#website"},"primaryImageOfPage":{"@id":"https:\/\/medicinasinc.com\/cs\/product\/koupit-nembutal-kapsle\/#primaryimage"},"image":{"@id":"https:\/\/medicinasinc.com\/cs\/product\/koupit-nembutal-kapsle\/#primaryimage"},"thumbnailUrl":"https:\/\/medicinasinc.com\/cs\/wp-content\/uploads\/sites\/2\/2022\/02\/Buy-Nembutal-Capsules.jpg","datePublished":"2022-02-22T05:58:59+00:00","dateModified":"2022-08-03T12:20:17+00:00","description":"Koupit\/objednat Nembutal Capsules, Pilulky na prodej Velk\u00e1 Brit\u00e1nie, Evropa, \u010c\u00edna, Japonsko, Izrael od renomovan\u00e9 online l\u00e9k\u00e1rny bez p\u0159edpisu a zaru\u010den\u00e9 diskr\u00e9tn\u00ed dopravy.","breadcrumb":{"@id":"https:\/\/medicinasinc.com\/cs\/product\/koupit-nembutal-kapsle\/#breadcrumb"},"inLanguage":"en-US","potentialAction":[{"@type":"ReadAction","target":["https:\/\/medicinasinc.com\/cs\/product\/koupit-nembutal-kapsle\/"]}]},{"@type":"ImageObject","inLanguage":"en-US","@id":"https:\/\/medicinasinc.com\/cs\/product\/koupit-nembutal-kapsle\/#primaryimage","url":"https:\/\/medicinasinc.com\/cs\/wp-content\/uploads\/sites\/2\/2022\/02\/Buy-Nembutal-Capsules.jpg","contentUrl":"https:\/\/medicinasinc.com\/cs\/wp-content\/uploads\/sites\/2\/2022\/02\/Buy-Nembutal-Capsules.jpg","width":600,"height":600},{"@type":"BreadcrumbList","@id":"https:\/\/medicinasinc.com\/cs\/product\/koupit-nembutal-kapsle\/#breadcrumb","itemListElement":[{"@type":"ListItem","position":1,"name":"Obchod","item":"https:\/\/medicinasinc.com\/cs\/obchod\/"},{"@type":"ListItem","position":2,"name":"Kupte si Nembutal kapsle"}]},{"@type":"WebSite","@id":"https:\/\/medicinasinc.com\/cs\/#website","url":"https:\/\/medicinasinc.com\/cs\/","name":"Medicinas Inc","description":"Health Medical Clinic","potentialAction":[{"@type":"SearchAction","target":{"@type":"EntryPoint","urlTemplate":"https:\/\/medicinasinc.com\/cs\/?s={search_term_string}"},"query-input":{"@type":"PropertyValueSpecification","valueRequired":true,"valueName":"search_term_string"}}],"inLanguage":"en-US"}]}},"_links":{"self":[{"href":"https:\/\/medicinasinc.com\/cs\/wp-json\/wp\/v2\/product\/5777","targetHints":{"allow":["GET"]}}],"collection":[{"href":"https:\/\/medicinasinc.com\/cs\/wp-json\/wp\/v2\/product"}],"about":[{"href":"https:\/\/medicinasinc.com\/cs\/wp-json\/wp\/v2\/types\/product"}],"replies":[{"embeddable":true,"href":"https:\/\/medicinasinc.com\/cs\/wp-json\/wp\/v2\/comments?post=5777"}],"wp:featuredmedia":[{"embeddable":true,"href":"https:\/\/medicinasinc.com\/cs\/wp-json\/wp\/v2\/media\/5786"}],"wp:attachment":[{"href":"https:\/\/medicinasinc.com\/cs\/wp-json\/wp\/v2\/media?parent=5777"}],"wp:term":[{"taxonomy":"product_brand","embeddable":true,"href":"https:\/\/medicinasinc.com\/cs\/wp-json\/wp\/v2\/product_brand?post=5777"},{"taxonomy":"product_cat","embeddable":true,"href":"https:\/\/medicinasinc.com\/cs\/wp-json\/wp\/v2\/product_cat?post=5777"},{"taxonomy":"product_tag","embeddable":true,"href":"https:\/\/medicinasinc.com\/cs\/wp-json\/wp\/v2\/product_tag?post=5777"}],"curies":[{"name":"wp","href":"https:\/\/api.w.org\/{rel}","templated":true}]}}