{"id":5739,"date":"2022-02-22T05:15:21","date_gmt":"2022-02-22T05:15:21","guid":{"rendered":"https:\/\/medicinasinc.com\/cs\/?post_type=product&#038;p=5739"},"modified":"2022-03-14T11:29:05","modified_gmt":"2022-03-14T11:29:05","slug":"koupit-pyrazolam-0-5-mg-pelety","status":"publish","type":"product","link":"https:\/\/medicinasinc.com\/cs\/product\/koupit-pyrazolam-0-5-mg-pelety\/","title":{"rendered":"Kupte si pelety Pyrazolam 0,5 mg"},"content":{"rendered":"<p>Pyrazolam 0,5 mg pelety na prodej ve Spojen\u00e9m kr\u00e1lovstv\u00ed, Evrop\u011b, Austr\u00e1lii a Evropsk\u00e9 unii. Cena pyrazolamu, doru\u010den\u00ed pyrazolamu p\u0159es noc a kde koupit kvalitn\u00ed pyrazolam.<\/p>\n<p>Bitcoin lze pou\u017e\u00edt k n\u00e1kupu 1mg pelet pyrazolamu online. C16H12BrN5 je molekul\u00e1rn\u00ed struktura t\u00e9to lisovac\u00ed pelety. Pyrazolam m\u016f\u017ee b\u00fdt obt\u00ed\u017en\u00e9 sehnat.<\/p>\n<p>Skupina benzodiazepinov\u00fdch l\u00e9k\u016f zahrnuje pyrazolam, zbrusu nov\u00fd tlumi\u010d. Relaxace, dezinhibice a euforie jsou jen n\u011bkter\u00e9 z pozitivn\u00edch vedlej\u0161\u00edch \u00fa\u010dink\u016f, kter\u00e9 lid\u00e9 uv\u00e1d\u011bj\u00ed. Nakupujte a objednejte si levn\u00e9 pyrazolamov\u00e9 pelety 2022 na internetu.<\/p>\n<p>Benzodiazepiny jako pyrazolam a diazepam maj\u00ed men\u0161\u00ed euforii a jsou v\u00edce sedativn\u00ed, tak\u017ee se b\u011b\u017en\u011b nepou\u017e\u00edvaj\u00ed pro rekrea\u010dn\u00ed \u00fa\u010dely.<\/p>\n<p> Pharmaceuticals Objedn\u00e1vejte levn\u00e9 pelety pyrazolamu 2022 online<\/p>\n<p>Existuje mnoho r\u016fzn\u00fdch \u00fa\u010dink\u016f, kter\u00e9 lze dos\u00e1hnout u\u017e\u00edv\u00e1n\u00edm benzos, proto\u017ee se v\u00e1\u017eou na m\u00edsto benzodiazepinov\u00e9ho receptoru a zvy\u0161uj\u00ed \u00fa\u010dinnost a \u00fa\u010dinky kyseliny gama-aminom\u00e1seln\u00e9 na jej\u00ed receptory.<\/p>\n<p>Sedativn\u00ed nebo uklid\u0148uj\u00edc\u00ed \u00fa\u010dinky pyazolamu na nervov\u00fd syst\u00e9m lze p\u0159i\u010d\u00edst jeho modulaci tohoto m\u00edsta, co\u017e je nejplodn\u011bj\u0161\u00ed sada inhibi\u010dn\u00edch receptor\u016f v mozku.<\/p>\n<p>N\u00e1kup pyrazolamu od renomovan\u00e9ho dodavatele zajist\u00ed, \u017ee budete obdr\u017e\u00edte svou objedn\u00e1vku v\u010das na rok 2021.<\/p>\n<p>Nam\u00edsto benzodiazepinov\u00fdch receptor\u016f mohou b\u00fdt antikonvulzivn\u00ed \u00fa\u010dinky benzodiazepin\u016f zp\u016fsobeny jejich vazbou na sod\u00edkov\u00e9 kan\u00e1ly z\u00e1visl\u00e9 na nap\u011bt\u00ed.<\/p>\n<p>\u00da\u010dinky na benzodiazepiny T\u011blo<br \/> Z\u00e1vrat\u011b<br \/> ztr\u00e1ta motorick\u00e9 funkce<br \/> Uvoln\u011bn\u00ed sval\u016f<br \/> Deprese d\u00fdchac\u00edho syst\u00e9mu<br \/> Pyazolam je m\u00e9n\u011b sedativn\u00ed ne\u017e jin\u00e9 benzodiazepiny, pokud nejsou u\u017e\u00edv\u00e1ny ve vysok\u00fdch d\u00e1vk\u00e1ch, a proto je \u010dasto p\u0159edepisov\u00e1n k l\u00e9\u010db\u011b nespavosti.<br \/> \u00da\u010dinky na mysl<\/p>\n<p>Kognitivn\u00ed \u00fa\u010dinky pyrazolamu lze rozd\u011blit na n\u011bkolik slo\u017eek, jejich\u017e intenzita se zvy\u0161uje se zvy\u0161uj\u00edc\u00ed se d\u00e1vkou.<\/p>\n<p>Zakoupen\u00edm pyrazolamu od renomovan\u00e9ho dodavatele z\u00edsk\u00e1te objednejte v\u010das na rok 2021.<\/p>\n<p>Mnoho lid\u00ed popisuje obecn\u00fd \u00fa\u010dinek pyrazolamu na mysl jako m\u00edrnou sedaci, ale s odpov\u00eddaj\u00edc\u00edm siln\u00fdm sn\u00ed\u017een\u00edm \u00fazkosti. M\u00e1 velk\u00e9 mno\u017estv\u00ed kognitivn\u00edch \u00fa\u010dink\u016f, kter\u00e9 jsou b\u011b\u017en\u011b spojov\u00e1ny s depres\u00ed.<\/p>\n<p>Obecn\u011b nejn\u00e1padn\u011bj\u0161\u00ed kognitivn\u00ed \u00fa\u010dinky zahrnuj\u00ed:<\/p>\n<p>Amn\u00e9zie<br \/> Potla\u010den\u00ed \u00fazkosti<br \/> Zpomalen\u00ed mysli<br \/> Potla\u010den\u00ed anal\u00fdzy dat<br \/> Disinhibice<br \/> Opakovan\u00e9 p\u0159ehr\u00e1v\u00e1n\u00ed vlastn\u00edch chyb<br \/> Blud st\u0159\u00edzlivosti: Navzdory zjevn\u00fdm d\u016fkaz\u016fm o opaku, jako je t\u011b\u017ek\u00e1 kognitivn\u00ed porucha a neschopnost pln\u011b komunikovat s ostatn\u00edmi, v jednotlivci p\u0159etrv\u00e1v\u00e1 fale\u0161n\u00e1 v\u00edra, \u017ee \u010dlov\u011bk je zcela st\u0159\u00edzliv\u00fd.<br \/> Zv\u011bt\u0161en\u00ed sn\u016f<br \/> Ohromuj\u00edc\u00ed kontrasty<br \/> Objednejte si Pyrazolam Pellets 2021, Kupte Pyrazolam Online levn\u011b 2021<\/p>\n<p>Nen\u00ed neobvykl\u00e9, \u017ee lid\u00e9 u\u017e\u00edvaj\u00edc\u00ed benzodiazepiny poci\u0165uj\u00ed neobvykl\u00e9 vedlej\u0161\u00ed \u00fa\u010dinky, jako je zv\u00fd\u0161en\u00e1 frekvence z\u00e1chvat\u016f, agresivita, podr\u00e1\u017ed\u011bnost a sebevra\u017eedn\u00e9 my\u0161lenky.<\/p>\n<p>U\u017eivatel\u00e9 rekrea\u010dn\u00edch drog, lid\u00e9 s du\u0161evn\u00edmi chorobami, d\u011bti, a pacienti s vysok\u00fdmi d\u00e1vkami maj\u00ed v\u011bt\u0161\u00ed pravd\u011bpodobnost, \u017ee za\u017eij\u00ed e tyto paradoxn\u00ed \u00fa\u010dinky.<\/p>\n<p>Potenci\u00e1l z\u00e1vislosti a tolerance<\/p>\n<p>Pyrazolam m\u00e1 vysokou \u00farove\u0148 fyzick\u00e9 a du\u0161evn\u00ed z\u00e1vislosti.<br \/> Tolerance k sedativn\u00edm-hypnotick\u00fdm \u00fa\u010dink\u016fm se vyvine b\u011bhem n\u011bkolika dn\u016f pravideln\u00e9ho u\u017e\u00edv\u00e1n\u00ed l\u00e9ku.<\/p>\n<p>Tolerance se vr\u00e1t\u00ed k norm\u00e1lu b\u011bhem 7 a\u017e 14 dn\u016f po vysazen\u00ed. Je v\u0161ak mo\u017en\u00e9, \u017ee v z\u00e1vislosti na tom, jak dlouho a jak intenzivn\u011b jej pou\u017e\u00edv\u00e1te, to m\u016f\u017ee trvat v\u00fdrazn\u011b d\u00e9le.<\/p>\n<p>Po n\u011bkolika t\u00fddnech nebo del\u0161\u00edm ust\u00e1len\u00e9m d\u00e1vkov\u00e1n\u00ed se mohou objevit abstinen\u010dn\u00ed p\u0159\u00edznaky nebo p\u0159\u00edznaky n\u00e1vratu, co\u017e vy\u017eaduje l\u00e9\u010dbu postupn\u00e9 sni\u017eov\u00e1n\u00ed d\u00e1vky.<\/p>\n<p>Interakce, kter\u00e9 mohou b\u00fdt \u0161kodliv\u00e9. Kupte si Pyrazolam online, objednejte si pelety Pyrazolam 2022<\/p>\n<p>Mnoho l\u00e9k\u016f je samo o sob\u011b bezpe\u010dn\u00fdch, ale v kombinaci s jin\u00fdmi l\u00e1tkami mohou b\u00fdt nebezpe\u010dn\u00e9 a dokonce \u017eivot ohro\u017euj\u00edc\u00ed. N\u00ed\u017ee je uvedeno n\u011bkolik nejnebezpe\u010dn\u011bj\u0161\u00edch kombinac\u00ed, ale toto je podle Neznamen\u00e1 to \u00fapln\u00fd seznam.<\/p>\n<p>Nicm\u00e9n\u011b i v n\u00edzk\u00fdch d\u00e1vk\u00e1ch mohou ur\u010dit\u00e9 kombinace zv\u00fd\u0161it riziko \u00famrt\u00ed. P\u0159ed konzumac\u00ed sm\u011bsi dvou nebo v\u00edce l\u00e1tek by m\u011bl b\u00fdt proveden nez\u00e1visl\u00fd v\u00fdzkum, aby se zajistilo, \u017ee je to bezpe\u010dn\u00e9.<\/p>\n<p>Kombinace l\u00e1tky s tlumiv\u00fdm \u00fa\u010dinkem s jinou l\u00e1tkou m\u016f\u017ee v\u00e9st k nebezpe\u010dn\u00e9 nebo dokonce smrteln\u00e9 depresi d\u00fdch\u00e1n\u00ed. P\u0159i vysok\u00fdch d\u00e1vk\u00e1ch se svalov\u00e1 relaxace, sedace a amn\u00e9zie, kter\u00e9 ka\u017ed\u00fd z t\u011bchto l\u00e9k\u016f zp\u016fsobuje, mohou zes\u00edlit a\u017e do bodu neo\u010dek\u00e1van\u00e9 ztr\u00e1ty v\u011bdom\u00ed.<\/p>\n<p>V d\u016fsledku t\u00e9to kombinace se zvy\u0161uje riziko zvracen\u00ed a smrti du\u0161en\u00edm p\u0159i bezv\u011bdom\u00ed se zvy\u0161uje. Lid\u00e9, kte\u0159\u00ed toto za\u017eij\u00ed, by se m\u011bli pokusit sp\u00e1t v klidov\u00e9 poloze nebo je do n\u00ed p\u0159em\u00edstit p\u0159\u00edtel.<\/p>\n<p>Benzodiazepiny a stimulanty by se nem\u011bly kombinovat kv\u016fli riziku nadm\u011brn\u00e9 intoxikace. Sedativn\u00ed \u00fa\u010dinek benzodiazepin\u016f je sn\u00ed\u017een stimulanty, co\u017e je pro v\u011bt\u0161inu lid\u00ed prim\u00e1rn\u00ed hledisko p\u0159i m\u011b\u0159en\u00ed \u00farovn\u011b jejich intoxikace.<\/p>\n","protected":false},"excerpt":{"rendered":"<p>Ve Spojen\u00e9m kr\u00e1lovstv\u00ed, Evrop\u011b, Austr\u00e1lii a EU lze zakoupit pelety Pyrazolam 0,5 mg. Koupit pyrazolam online, p\u0159eprava pyrazolamu p\u0159es noc, cena pyrazolamu.<\/p>\n<p>Kupte si 1mg pyrazolamov\u00e9 pelety s bitcoiny v online l\u00e9k\u00e1rn\u011b. C16H12BrN5 je molekul\u00e1rn\u00ed struktura t\u00e9to chemick\u00e9 lisovac\u00ed pelety. pyrazolam m\u016f\u017ee b\u00fdt t\u011b\u017ek\u00e9 sehnat.<\/p>\n<p>Puli\u010dky pyrazolamu 0,5 mg lze zakoupit online. Podle teorie se o\u010dek\u00e1v\u00e1, \u017ee pyrazolam zp\u016fsob\u00ed men\u0161\u00ed ataxii a sedaci ne\u017e jin\u00e9 l\u00e1tky. Proto\u017ee nem\u00e1 \u017e\u00e1dn\u00e9 aktivn\u00ed metabolity, m\u00e1 pyrazolam del\u0161\u00ed polo\u010das (v pr\u016fm\u011bru 6 hodin) a line\u00e1rn\u011bj\u0161\u00ed \u00fa\u010dinek ne\u017e v\u011bt\u0161ina ostatn\u00edch benzodiazepin\u016f.<\/p>\n","protected":false},"featured_media":5751,"comment_status":"open","ping_status":"closed","template":"","meta":[],"product_brand":[],"product_cat":[2014],"product_tag":[3797,3802,3803,3814,3817,3816,3807,3799,3801,3800,3805,3804,3806,3808,3813,3809,3811,3798,3812,3810,3815],"class_list":{"0":"post-5739","1":"product","2":"type-product","3":"status-publish","4":"has-post-thumbnail","6":"product_cat-koupit-vyzkumne-chemikalie","7":"product_tag-best-place-to-order-pyrazolam-0-5-mg-pallets","8":"product_tag-buy-pyrazolam-near-me","9":"product_tag-buy-pyrazolam-online","10":"product_tag-dodavatel-pyrazolamu","11":"product_tag-kde-to-koupit-pyrazolam-0-5-mg","12":"product_tag-kde-me-i-jemn-pyrazolam-palety","13":"product_tag-nkup-pyrazolam","14":"product_tag-buy-pyrazolam-0-5-mg","15":"product_tag-buy-pyrazolam-europe","16":"product_tag-koupit-pyrazolam-0-5-mg-pelety","17":"product_tag-objednvka-pyrazolam-0-5-palety","18":"product_tag-objednvka-pyrazolam","19":"product_tag-objednvka-pyrazolam-uk","20":"product_tag-pyrazolam-0-5-mg-na-prodej","21":"product_tag-pyrazolam-prodej","22":"product_tag-pyrazolam-0-5-mg-recenze","23":"product_tag-pyrazolam-na-prodej","24":"product_tag-nejkvalitnj-pyrazolam","25":"product_tag-pyrazolam-price","26":"product_tag-pyrazolam-c3-bd-efekt","27":"product_tag-pyrazolam-velkoobchod","29":"first","30":"instock","31":"shipping-taxable","32":"purchasable","33":"product-type-variable","34":"has-default-attributes"},"yoast_head":"<!-- This site is optimized with the Yoast SEO plugin v27.3 - https:\/\/yoast.com\/product\/yoast-seo-wordpress\/ -->\n<title>Koupit Pyrazolam 0,5 mg pelety - Pyrazolam 0,5 mg - Best Global Meds<\/title>\n<meta name=\"description\" content=\"Koupit pelety Pyrazolam 0,5 mg na prodej ve Spojen\u00e9m kr\u00e1lovstv\u00ed, Evrop\u011b, AU, EU, Objednejte si levn\u00e9 pelety pyrazolamu\u00a02022, kde lze koupit vysoce kvalitn\u00ed pyrazolam doru\u010den\u00ed p\u0159es noc, cena pyrazolamu.\" \/>\n<meta name=\"robots\" content=\"index, follow, max-snippet:-1, max-image-preview:large, max-video-preview:-1\" \/>\n<link rel=\"canonical\" href=\"https:\/\/medicinasinc.com\/cs\/product\/koupit-pyrazolam-0-5-mg-pelety\/\" \/>\n<meta property=\"og:locale\" content=\"en_US\" \/>\n<meta property=\"og:type\" content=\"article\" \/>\n<meta property=\"og:title\" content=\"Koupit Pyrazolam 0,5 mg pelety - Pyrazolam 0,5 mg - Best Global Meds\" \/>\n<meta property=\"og:description\" content=\"Koupit pelety Pyrazolam 0,5 mg na prodej ve Spojen\u00e9m kr\u00e1lovstv\u00ed, Evrop\u011b, AU, EU, Objednejte si levn\u00e9 pelety pyrazolamu\u00a02022, kde lze koupit vysoce kvalitn\u00ed pyrazolam doru\u010den\u00ed p\u0159es noc, cena pyrazolamu.\" \/>\n<meta property=\"og:url\" content=\"https:\/\/medicinasinc.com\/cs\/product\/koupit-pyrazolam-0-5-mg-pelety\/\" \/>\n<meta property=\"og:site_name\" content=\"Medicinas Inc\" \/>\n<meta property=\"article:modified_time\" content=\"2022-03-14T11:29:05+00:00\" \/>\n<meta property=\"og:image\" content=\"https:\/\/medicinasinc.com\/cs\/wp-content\/uploads\/sites\/2\/2022\/02\/buy-pyrazolam-0-5-mg-pellets-online.jpg\" \/>\n\t<meta property=\"og:image:width\" content=\"600\" \/>\n\t<meta property=\"og:image:height\" content=\"600\" \/>\n\t<meta property=\"og:image:type\" content=\"image\/jpeg\" \/>\n<meta name=\"twitter:card\" content=\"summary_large_image\" \/>\n<meta name=\"twitter:label1\" content=\"Est. reading time\" \/>\n\t<meta name=\"twitter:data1\" content=\"4 minutes\" \/>\n<script type=\"application\/ld+json\" class=\"yoast-schema-graph\">{\"@context\":\"https:\\\/\\\/schema.org\",\"@graph\":[{\"@type\":\"WebPage\",\"@id\":\"https:\\\/\\\/medicinasinc.com\\\/cs\\\/product\\\/koupit-pyrazolam-0-5-mg-pelety\\\/\",\"url\":\"https:\\\/\\\/medicinasinc.com\\\/cs\\\/product\\\/koupit-pyrazolam-0-5-mg-pelety\\\/\",\"name\":\"Koupit Pyrazolam 0,5 mg pelety - Pyrazolam 0,5 mg - Best Global Meds\",\"isPartOf\":{\"@id\":\"https:\\\/\\\/medicinasinc.com\\\/cs\\\/#website\"},\"primaryImageOfPage\":{\"@id\":\"https:\\\/\\\/medicinasinc.com\\\/cs\\\/product\\\/koupit-pyrazolam-0-5-mg-pelety\\\/#primaryimage\"},\"image\":{\"@id\":\"https:\\\/\\\/medicinasinc.com\\\/cs\\\/product\\\/koupit-pyrazolam-0-5-mg-pelety\\\/#primaryimage\"},\"thumbnailUrl\":\"https:\\\/\\\/medicinasinc.com\\\/cs\\\/wp-content\\\/uploads\\\/sites\\\/2\\\/2022\\\/02\\\/buy-pyrazolam-0-5-mg-pellets-online.jpg\",\"datePublished\":\"2022-02-22T05:15:21+00:00\",\"dateModified\":\"2022-03-14T11:29:05+00:00\",\"description\":\"Koupit pelety Pyrazolam 0,5 mg na prodej ve Spojen\u00e9m kr\u00e1lovstv\u00ed, Evrop\u011b, AU, EU, Objednejte si levn\u00e9 pelety pyrazolamu\u00a02022, kde lze koupit vysoce kvalitn\u00ed pyrazolam doru\u010den\u00ed p\u0159es noc, cena pyrazolamu.\",\"breadcrumb\":{\"@id\":\"https:\\\/\\\/medicinasinc.com\\\/cs\\\/product\\\/koupit-pyrazolam-0-5-mg-pelety\\\/#breadcrumb\"},\"inLanguage\":\"en-US\",\"potentialAction\":[{\"@type\":\"ReadAction\",\"target\":[\"https:\\\/\\\/medicinasinc.com\\\/cs\\\/product\\\/koupit-pyrazolam-0-5-mg-pelety\\\/\"]}]},{\"@type\":\"ImageObject\",\"inLanguage\":\"en-US\",\"@id\":\"https:\\\/\\\/medicinasinc.com\\\/cs\\\/product\\\/koupit-pyrazolam-0-5-mg-pelety\\\/#primaryimage\",\"url\":\"https:\\\/\\\/medicinasinc.com\\\/cs\\\/wp-content\\\/uploads\\\/sites\\\/2\\\/2022\\\/02\\\/buy-pyrazolam-0-5-mg-pellets-online.jpg\",\"contentUrl\":\"https:\\\/\\\/medicinasinc.com\\\/cs\\\/wp-content\\\/uploads\\\/sites\\\/2\\\/2022\\\/02\\\/buy-pyrazolam-0-5-mg-pellets-online.jpg\",\"width\":600,\"height\":600},{\"@type\":\"BreadcrumbList\",\"@id\":\"https:\\\/\\\/medicinasinc.com\\\/cs\\\/product\\\/koupit-pyrazolam-0-5-mg-pelety\\\/#breadcrumb\",\"itemListElement\":[{\"@type\":\"ListItem\",\"position\":1,\"name\":\"Obchod\",\"item\":\"https:\\\/\\\/medicinasinc.com\\\/cs\\\/obchod\\\/\"},{\"@type\":\"ListItem\",\"position\":2,\"name\":\"Kupte si pelety Pyrazolam 0,5 mg\"}]},{\"@type\":\"WebSite\",\"@id\":\"https:\\\/\\\/medicinasinc.com\\\/cs\\\/#website\",\"url\":\"https:\\\/\\\/medicinasinc.com\\\/cs\\\/\",\"name\":\"Medicinas Inc\",\"description\":\"Health Medical Clinic\",\"potentialAction\":[{\"@type\":\"SearchAction\",\"target\":{\"@type\":\"EntryPoint\",\"urlTemplate\":\"https:\\\/\\\/medicinasinc.com\\\/cs\\\/?s={search_term_string}\"},\"query-input\":{\"@type\":\"PropertyValueSpecification\",\"valueRequired\":true,\"valueName\":\"search_term_string\"}}],\"inLanguage\":\"en-US\"}]}<\/script>\n<!-- \/ Yoast SEO plugin. -->","yoast_head_json":{"title":"Koupit Pyrazolam 0,5 mg pelety - Pyrazolam 0,5 mg - Best Global Meds","description":"Koupit pelety Pyrazolam 0,5 mg na prodej ve Spojen\u00e9m kr\u00e1lovstv\u00ed, Evrop\u011b, AU, EU, Objednejte si levn\u00e9 pelety pyrazolamu\u00a02022, kde lze koupit vysoce kvalitn\u00ed pyrazolam doru\u010den\u00ed p\u0159es noc, cena pyrazolamu.","robots":{"index":"index","follow":"follow","max-snippet":"max-snippet:-1","max-image-preview":"max-image-preview:large","max-video-preview":"max-video-preview:-1"},"canonical":"https:\/\/medicinasinc.com\/cs\/product\/koupit-pyrazolam-0-5-mg-pelety\/","og_locale":"en_US","og_type":"article","og_title":"Koupit Pyrazolam 0,5 mg pelety - Pyrazolam 0,5 mg - Best Global Meds","og_description":"Koupit pelety Pyrazolam 0,5 mg na prodej ve Spojen\u00e9m kr\u00e1lovstv\u00ed, Evrop\u011b, AU, EU, Objednejte si levn\u00e9 pelety pyrazolamu\u00a02022, kde lze koupit vysoce kvalitn\u00ed pyrazolam doru\u010den\u00ed p\u0159es noc, cena pyrazolamu.","og_url":"https:\/\/medicinasinc.com\/cs\/product\/koupit-pyrazolam-0-5-mg-pelety\/","og_site_name":"Medicinas Inc","article_modified_time":"2022-03-14T11:29:05+00:00","og_image":[{"width":600,"height":600,"url":"https:\/\/medicinasinc.com\/cs\/wp-content\/uploads\/sites\/2\/2022\/02\/buy-pyrazolam-0-5-mg-pellets-online.jpg","type":"image\/jpeg"}],"twitter_card":"summary_large_image","twitter_misc":{"Est. reading time":"4 minutes"},"schema":{"@context":"https:\/\/schema.org","@graph":[{"@type":"WebPage","@id":"https:\/\/medicinasinc.com\/cs\/product\/koupit-pyrazolam-0-5-mg-pelety\/","url":"https:\/\/medicinasinc.com\/cs\/product\/koupit-pyrazolam-0-5-mg-pelety\/","name":"Koupit Pyrazolam 0,5 mg pelety - Pyrazolam 0,5 mg - Best Global Meds","isPartOf":{"@id":"https:\/\/medicinasinc.com\/cs\/#website"},"primaryImageOfPage":{"@id":"https:\/\/medicinasinc.com\/cs\/product\/koupit-pyrazolam-0-5-mg-pelety\/#primaryimage"},"image":{"@id":"https:\/\/medicinasinc.com\/cs\/product\/koupit-pyrazolam-0-5-mg-pelety\/#primaryimage"},"thumbnailUrl":"https:\/\/medicinasinc.com\/cs\/wp-content\/uploads\/sites\/2\/2022\/02\/buy-pyrazolam-0-5-mg-pellets-online.jpg","datePublished":"2022-02-22T05:15:21+00:00","dateModified":"2022-03-14T11:29:05+00:00","description":"Koupit pelety Pyrazolam 0,5 mg na prodej ve Spojen\u00e9m kr\u00e1lovstv\u00ed, Evrop\u011b, AU, EU, Objednejte si levn\u00e9 pelety pyrazolamu\u00a02022, kde lze koupit vysoce kvalitn\u00ed pyrazolam doru\u010den\u00ed p\u0159es noc, cena pyrazolamu.","breadcrumb":{"@id":"https:\/\/medicinasinc.com\/cs\/product\/koupit-pyrazolam-0-5-mg-pelety\/#breadcrumb"},"inLanguage":"en-US","potentialAction":[{"@type":"ReadAction","target":["https:\/\/medicinasinc.com\/cs\/product\/koupit-pyrazolam-0-5-mg-pelety\/"]}]},{"@type":"ImageObject","inLanguage":"en-US","@id":"https:\/\/medicinasinc.com\/cs\/product\/koupit-pyrazolam-0-5-mg-pelety\/#primaryimage","url":"https:\/\/medicinasinc.com\/cs\/wp-content\/uploads\/sites\/2\/2022\/02\/buy-pyrazolam-0-5-mg-pellets-online.jpg","contentUrl":"https:\/\/medicinasinc.com\/cs\/wp-content\/uploads\/sites\/2\/2022\/02\/buy-pyrazolam-0-5-mg-pellets-online.jpg","width":600,"height":600},{"@type":"BreadcrumbList","@id":"https:\/\/medicinasinc.com\/cs\/product\/koupit-pyrazolam-0-5-mg-pelety\/#breadcrumb","itemListElement":[{"@type":"ListItem","position":1,"name":"Obchod","item":"https:\/\/medicinasinc.com\/cs\/obchod\/"},{"@type":"ListItem","position":2,"name":"Kupte si pelety Pyrazolam 0,5 mg"}]},{"@type":"WebSite","@id":"https:\/\/medicinasinc.com\/cs\/#website","url":"https:\/\/medicinasinc.com\/cs\/","name":"Medicinas Inc","description":"Health Medical Clinic","potentialAction":[{"@type":"SearchAction","target":{"@type":"EntryPoint","urlTemplate":"https:\/\/medicinasinc.com\/cs\/?s={search_term_string}"},"query-input":{"@type":"PropertyValueSpecification","valueRequired":true,"valueName":"search_term_string"}}],"inLanguage":"en-US"}]}},"_links":{"self":[{"href":"https:\/\/medicinasinc.com\/cs\/wp-json\/wp\/v2\/product\/5739","targetHints":{"allow":["GET"]}}],"collection":[{"href":"https:\/\/medicinasinc.com\/cs\/wp-json\/wp\/v2\/product"}],"about":[{"href":"https:\/\/medicinasinc.com\/cs\/wp-json\/wp\/v2\/types\/product"}],"replies":[{"embeddable":true,"href":"https:\/\/medicinasinc.com\/cs\/wp-json\/wp\/v2\/comments?post=5739"}],"wp:featuredmedia":[{"embeddable":true,"href":"https:\/\/medicinasinc.com\/cs\/wp-json\/wp\/v2\/media\/5751"}],"wp:attachment":[{"href":"https:\/\/medicinasinc.com\/cs\/wp-json\/wp\/v2\/media?parent=5739"}],"wp:term":[{"taxonomy":"product_brand","embeddable":true,"href":"https:\/\/medicinasinc.com\/cs\/wp-json\/wp\/v2\/product_brand?post=5739"},{"taxonomy":"product_cat","embeddable":true,"href":"https:\/\/medicinasinc.com\/cs\/wp-json\/wp\/v2\/product_cat?post=5739"},{"taxonomy":"product_tag","embeddable":true,"href":"https:\/\/medicinasinc.com\/cs\/wp-json\/wp\/v2\/product_tag?post=5739"}],"curies":[{"name":"wp","href":"https:\/\/api.w.org\/{rel}","templated":true}]}}