{"id":5735,"date":"2022-02-22T05:09:43","date_gmt":"2022-02-22T05:09:43","guid":{"rendered":"https:\/\/medicinasinc.com\/cs\/?post_type=product&#038;p=5735"},"modified":"2022-03-14T11:29:16","modified_gmt":"2022-03-14T11:29:16","slug":"buy-al-lad-powder","status":"publish","type":"product","link":"https:\/\/medicinasinc.com\/cs\/product\/buy-al-lad-powder\/","title":{"rendered":"Koupit al-lad pr\u00e1\u0161ek"},"content":{"rendered":"<p>Nakupte pr\u00e1\u0161ek al-lad ve Spojen\u00e9m kr\u00e1lovstv\u00ed, Evrop\u011b, Austr\u00e1lii a EU a z\u00edskejte jej do roku 2022 za n\u00edzkou cenu. Prodej pr\u00e1\u0161ku al-lad, kde koupit pr\u00e1\u0161ek al-lad doru\u010den\u00ed p\u0159es noc.<\/p>\n<p>Pr\u00e1\u0161kov\u00fd AL-LAD. Velkoobchodn\u00edk a dodavatel 99% \u010dist\u00fdch farmaceutick\u00fdch surovin, v\u00fdzkumn\u00fdch chemik\u00e1li\u00ed a generick\u00fdch l\u00e9k\u016f, v\u010detn\u011b pr\u00e1\u0161ku AL-LAD. Balen\u00ed, kter\u00e9 je bezpe\u010dn\u00e9 a diskr\u00e9tn\u00ed, stejn\u011b jako z\u00e1silka, kter\u00e1 byla sledov\u00e1na.<\/p>\n<p>Analog diethylamidu kyseliny lysergov\u00e9 zn\u00e1m\u00fd jako AL-LAD nebo 6-allyl-6-nor-LSD je chemick\u00e1 l\u00e1tka slou\u010denina (LSD). Psychoaktivn\u00ed droga podobn\u00e1 LSD ze t\u0159\u00eddy lysergamid\u016f, pod\u00e1v\u00e1 se, aby vyvolala stejn\u00e9 psychedelick\u00e9 \u00fa\u010dinky.<\/p>\n<p>Informace, kter\u00e9 jsou rychl\u00e9 a \u0161pinav\u00e9<\/p>\n<p>AL-LAD je n\u00e1zev produktu.<br \/> 6-6-nor-6-allyl-6-nor, AL-LAD<br \/> -LSD<br \/> \u010c\u00edslo CAS: 65527-61-9<br \/> C22H27N3O je molekul\u00e1rn\u00ed vzorec<br \/> Mezin\u00e1rodn\u00ed unie \u010dist\u00e9 a aplikovan\u00e9 chemie (6aR,9R)<br \/> -N,N-diethyl-7-prop<br \/> -2-enyl-6,6a,8,9<br \/> -tetrahydro- 4H-indolo[4,3-fg]<br \/> chinolin-9-karboxamid<br \/> Molekulov\u00e1 hmotnost je 349,5 g\/mol.<br \/> 99,5 procenta bez ne\u010distot<br \/> B\u00edl\u00e1 nebo \u0161pinav\u011b b\u00edl\u00e1 vzhled krystalick\u00e9ho pr\u00e1\u0161ku<\/p>\n<p>Dodavatel pr\u00e1\u0161ku AL-LAD<\/p>\n<p>Na trhu farmaceutick\u00fdch surovin jsme zn\u00e1m\u00ed \u0161irokou \u0161k\u00e1lou produkt\u016f, kter\u00e9 nab\u00edz\u00edme, a poskytov\u00e1n\u00edm spolehliv\u00e9ho drop- p\u0159epravn\u00ed slu\u017eby pro generick\u00e9 l\u00e9ky nejvy\u0161\u0161\u00ed kvality. C\u00edlem AL-LAD Powder Wholesaler je poskytovat z\u00e1kazn\u00edk\u016fm vysoce kvalitn\u00ed produkty za konkurenceschopn\u00e9 ceny.<\/p>\n","protected":false},"excerpt":{"rendered":"<div class=\"woocommerce-product-details__short-description\">\n<p>Koupit al-lad pr\u00e1\u0161ek na prodej ve Spojen\u00e9m kr\u00e1lovstv\u00ed, Evrop\u011b, AU, EU, objednejte si levn\u011b al-lad pr\u00e1\u0161ek 2022, kde koupit vysoce kvalitn\u00ed al-lad powder Overnight Delivery, prodej pr\u00e1\u0161ku al-lad.<\/p>\n<p>Kupte si AL-LAD Powder Europe od d\u016fv\u011bryhodn\u00e9ho dodavatele v\u00fdzkumn\u00fdch chemik\u00e1li\u00ed. Pr\u00e1\u0161ek AL-LAD prod\u00e1v\u00e1 velkoobchod, kter\u00fd zas\u00edl\u00e1 z EU.<\/p>\n<p>Lid\u00e9, kte\u0159\u00ed si cht\u011bj\u00ed koupit pr\u00e1\u0161ek AL-LAD, jej mohou z\u00edskat za nejlep\u0161\u00ed ceny. Obsahuje vysoce kvalitn\u00ed lysergamidy a dal\u0161\u00ed slou\u010deniny. Nejni\u017e\u0161\u00ed ceny. Existuje sleva. Celosv\u011btov\u00e1 doprava je rychl\u00e1.<\/p>\n<p>Kupte si Al-lad Powder online. Diethylamid kyseliny 6-allyl-6-nor-lysergov\u00e9, tak\u00e9 zn\u00e1m\u00fd jako Aladdin, je polosyntetick\u00e1 halucinogenn\u00ed droga, ze kter\u00e9 se lid\u00e9 mohou zbl\u00e1znit.<\/p>\n<table class=\"table\" style=\"height: 249px\" width=\"455\">\n<tbody>\n<tr>\n<th><\/th>\n<td><\/td>\n<\/tr>\n<tr>\n<th>Min. objednac\u00ed mno\u017estv\u00ed:<\/th>\n<td>20 g<\/td>\n<\/tr>\n<tr>\n<th>Schopnost z\u00e1sobov\u00e1n\u00ed:<\/th>\n<td>100 kg\/m\u011bs\u00edc<\/td>\n<\/tr>\n<tr>\n<th>Port:<\/th>\n<td> Var\u0161ava, Nizozemsko<\/td>\n<\/tr>\n<tr>\n<th>Platebn\u00ed podm\u00ednky:<\/th>\n<td>Bankovn\u00ed p\u0159evod, bitcoiny, WU\/MG, jin\u00e9<\/td>\n<\/tr>\n<tr>\n<th>Podrobnosti o balen\u00ed:<\/th>\n<td>Podle po\u017eadavku z\u00e1kazn\u00edka<\/td>\n<\/tr>\n<tr>\n<th>Podrobnosti o doru\u010den\u00ed:<\/th>\n<td>Expresn\u00ed doprava, DPD, Pharma Courier EU<\/td>\n<\/tr>\n<\/tbody>\n<\/table><\/div>\n","protected":false},"featured_media":5747,"comment_status":"open","ping_status":"closed","template":"","meta":[],"product_brand":[],"product_cat":[2014],"product_tag":[3758,3760,3761,3762,3763,3759,3767,3768,3769,3773,3774,3775,3776,3765,3770,3777,3766,3780,3779,3764,3778,3782,3757,3785,3786,3787,3788,3771,3789,3794,3795,3796,3783,3784,3792,3791,3790,3772,3781,3793],"class_list":{"0":"post-5735","1":"product","2":"type-product","3":"status-publish","4":"has-post-thumbnail","6":"product_cat-koupit-vyzkumne-chemikalie","7":"product_tag-al-lad-dodavatel","8":"product_tag-al-lad-dvkovn","9":"product_tag-al-lad-droga","10":"product_tag-al-lad-effects","11":"product_tag-al-lad-erowid","12":"product_tag-al-lad-buy","13":"product_tag-al-lad-powder-effect","14":"product_tag-al-lad-powder-europe","15":"product_tag-al-lad-powder-for-sale","16":"product_tag-al-lad-powder-reviews","17":"product_tag-al-lad-powder-sale","18":"product_tag-al-lad-powder-sales","19":"product_tag-al-lad-powder-supplier","20":"product_tag-al-lad-powder-buy","21":"product_tag-al-lad-powder-for-sale-on-line","22":"product_tag-al-lad-powder-velkoobchod","23":"product_tag-al-lad-prek-na","24":"product_tag-al-lad-vendor","25":"product_tag-al-lad-trip-report","26":"product_tag-al-lad-zku-c5-a1enost","27":"product_tag-al-lad-reddit","28":"product_tag-best-quality-al-lad-powder","29":"product_tag-al-lad-safety","30":"product_tag-buy-al-lad-uk","31":"product_tag-buy-al-lad-online","32":"product_tag-buy-al-lad-powder-australia","33":"product_tag-buy-al-lad-powder-europe","34":"product_tag-al-lad-prek-ceny","35":"product_tag-easy-chems-review","36":"product_tag-kde-na-koupit-al-chlap","37":"product_tag-kde-k-koupit-al-lad-powder","38":"product_tag-kde-k-objednat-al-lad-prek","39":"product_tag-buy-al-lad-canada","40":"product_tag-buy-al-lad-powder","41":"product_tag-nkup-al-lad-prek","42":"product_tag-order-al-lad-powder","43":"product_tag-easychems-recenze","44":"product_tag-al-lad-powder-recenze","45":"product_tag-ji-nechte-leglnost","46":"product_tag-vzorek-al-lad-prek","48":"first","49":"instock","50":"shipping-taxable","51":"purchasable","52":"product-type-variable","53":"has-default-attributes"},"yoast_head":"<!-- This site is optimized with the Yoast SEO plugin v27.3 - https:\/\/yoast.com\/product\/yoast-seo-wordpress\/ -->\n<title>Koupit al-lad pr\u00e1\u0161ek - Al-lad pr\u00e1\u0161ek na prodej - Best Global Meds<\/title>\n<meta name=\"description\" content=\"Koupit al-lad pr\u00e1\u0161ek na prodej ve Velk\u00e9 Brit\u00e1nii, Evrop\u011b, AU, EU, Objednejte levn\u011b al-lad pr\u00e1\u0161ek 2022, kde koupit Vysoce kvalitn\u00ed al-lad pr\u00e1\u0161ek P\u0159es noc, prodej al-lad pr\u00e1\u0161ku.\" \/>\n<meta name=\"robots\" content=\"index, follow, max-snippet:-1, max-image-preview:large, max-video-preview:-1\" \/>\n<link rel=\"canonical\" href=\"https:\/\/medicinasinc.com\/cs\/product\/buy-al-lad-powder\/\" \/>\n<meta property=\"og:locale\" content=\"en_US\" \/>\n<meta property=\"og:type\" content=\"article\" \/>\n<meta property=\"og:title\" content=\"Koupit al-lad pr\u00e1\u0161ek - Al-lad pr\u00e1\u0161ek na prodej - Best Global Meds\" \/>\n<meta property=\"og:description\" content=\"Koupit al-lad pr\u00e1\u0161ek na prodej ve Velk\u00e9 Brit\u00e1nii, Evrop\u011b, AU, EU, Objednejte levn\u011b al-lad pr\u00e1\u0161ek 2022, kde koupit Vysoce kvalitn\u00ed al-lad pr\u00e1\u0161ek P\u0159es noc, prodej al-lad pr\u00e1\u0161ku.\" \/>\n<meta property=\"og:url\" content=\"https:\/\/medicinasinc.com\/cs\/product\/buy-al-lad-powder\/\" \/>\n<meta property=\"og:site_name\" content=\"Medicinas Inc\" \/>\n<meta property=\"article:modified_time\" content=\"2022-03-14T11:29:16+00:00\" \/>\n<meta property=\"og:image\" content=\"https:\/\/medicinasinc.com\/cs\/wp-content\/uploads\/sites\/2\/2022\/02\/Buy-al-lad-powder.jpg\" \/>\n\t<meta property=\"og:image:width\" content=\"931\" \/>\n\t<meta property=\"og:image:height\" content=\"799\" \/>\n\t<meta property=\"og:image:type\" content=\"image\/jpeg\" \/>\n<meta name=\"twitter:card\" content=\"summary_large_image\" \/>\n<meta name=\"twitter:label1\" content=\"Est. reading time\" \/>\n\t<meta name=\"twitter:data1\" content=\"1 minute\" \/>\n<script type=\"application\/ld+json\" class=\"yoast-schema-graph\">{\"@context\":\"https:\\\/\\\/schema.org\",\"@graph\":[{\"@type\":\"WebPage\",\"@id\":\"https:\\\/\\\/medicinasinc.com\\\/cs\\\/product\\\/buy-al-lad-powder\\\/\",\"url\":\"https:\\\/\\\/medicinasinc.com\\\/cs\\\/product\\\/buy-al-lad-powder\\\/\",\"name\":\"Koupit al-lad pr\u00e1\u0161ek - Al-lad pr\u00e1\u0161ek na prodej - Best Global Meds\",\"isPartOf\":{\"@id\":\"https:\\\/\\\/medicinasinc.com\\\/cs\\\/#website\"},\"primaryImageOfPage\":{\"@id\":\"https:\\\/\\\/medicinasinc.com\\\/cs\\\/product\\\/buy-al-lad-powder\\\/#primaryimage\"},\"image\":{\"@id\":\"https:\\\/\\\/medicinasinc.com\\\/cs\\\/product\\\/buy-al-lad-powder\\\/#primaryimage\"},\"thumbnailUrl\":\"https:\\\/\\\/medicinasinc.com\\\/cs\\\/wp-content\\\/uploads\\\/sites\\\/2\\\/2022\\\/02\\\/Buy-al-lad-powder.jpg\",\"datePublished\":\"2022-02-22T05:09:43+00:00\",\"dateModified\":\"2022-03-14T11:29:16+00:00\",\"description\":\"Koupit al-lad pr\u00e1\u0161ek na prodej ve Velk\u00e9 Brit\u00e1nii, Evrop\u011b, AU, EU, Objednejte levn\u011b al-lad pr\u00e1\u0161ek 2022, kde koupit Vysoce kvalitn\u00ed al-lad pr\u00e1\u0161ek P\u0159es noc, prodej al-lad pr\u00e1\u0161ku.\",\"breadcrumb\":{\"@id\":\"https:\\\/\\\/medicinasinc.com\\\/cs\\\/product\\\/buy-al-lad-powder\\\/#breadcrumb\"},\"inLanguage\":\"en-US\",\"potentialAction\":[{\"@type\":\"ReadAction\",\"target\":[\"https:\\\/\\\/medicinasinc.com\\\/cs\\\/product\\\/buy-al-lad-powder\\\/\"]}]},{\"@type\":\"ImageObject\",\"inLanguage\":\"en-US\",\"@id\":\"https:\\\/\\\/medicinasinc.com\\\/cs\\\/product\\\/buy-al-lad-powder\\\/#primaryimage\",\"url\":\"https:\\\/\\\/medicinasinc.com\\\/cs\\\/wp-content\\\/uploads\\\/sites\\\/2\\\/2022\\\/02\\\/Buy-al-lad-powder.jpg\",\"contentUrl\":\"https:\\\/\\\/medicinasinc.com\\\/cs\\\/wp-content\\\/uploads\\\/sites\\\/2\\\/2022\\\/02\\\/Buy-al-lad-powder.jpg\",\"width\":931,\"height\":799},{\"@type\":\"BreadcrumbList\",\"@id\":\"https:\\\/\\\/medicinasinc.com\\\/cs\\\/product\\\/buy-al-lad-powder\\\/#breadcrumb\",\"itemListElement\":[{\"@type\":\"ListItem\",\"position\":1,\"name\":\"Obchod\",\"item\":\"https:\\\/\\\/medicinasinc.com\\\/cs\\\/obchod\\\/\"},{\"@type\":\"ListItem\",\"position\":2,\"name\":\"Koupit al-lad pr\u00e1\u0161ek\"}]},{\"@type\":\"WebSite\",\"@id\":\"https:\\\/\\\/medicinasinc.com\\\/cs\\\/#website\",\"url\":\"https:\\\/\\\/medicinasinc.com\\\/cs\\\/\",\"name\":\"Medicinas Inc\",\"description\":\"Health Medical Clinic\",\"potentialAction\":[{\"@type\":\"SearchAction\",\"target\":{\"@type\":\"EntryPoint\",\"urlTemplate\":\"https:\\\/\\\/medicinasinc.com\\\/cs\\\/?s={search_term_string}\"},\"query-input\":{\"@type\":\"PropertyValueSpecification\",\"valueRequired\":true,\"valueName\":\"search_term_string\"}}],\"inLanguage\":\"en-US\"}]}<\/script>\n<!-- \/ Yoast SEO plugin. -->","yoast_head_json":{"title":"Koupit al-lad pr\u00e1\u0161ek - Al-lad pr\u00e1\u0161ek na prodej - Best Global Meds","description":"Koupit al-lad pr\u00e1\u0161ek na prodej ve Velk\u00e9 Brit\u00e1nii, Evrop\u011b, AU, EU, Objednejte levn\u011b al-lad pr\u00e1\u0161ek 2022, kde koupit Vysoce kvalitn\u00ed al-lad pr\u00e1\u0161ek P\u0159es noc, prodej al-lad pr\u00e1\u0161ku.","robots":{"index":"index","follow":"follow","max-snippet":"max-snippet:-1","max-image-preview":"max-image-preview:large","max-video-preview":"max-video-preview:-1"},"canonical":"https:\/\/medicinasinc.com\/cs\/product\/buy-al-lad-powder\/","og_locale":"en_US","og_type":"article","og_title":"Koupit al-lad pr\u00e1\u0161ek - Al-lad pr\u00e1\u0161ek na prodej - Best Global Meds","og_description":"Koupit al-lad pr\u00e1\u0161ek na prodej ve Velk\u00e9 Brit\u00e1nii, Evrop\u011b, AU, EU, Objednejte levn\u011b al-lad pr\u00e1\u0161ek 2022, kde koupit Vysoce kvalitn\u00ed al-lad pr\u00e1\u0161ek P\u0159es noc, prodej al-lad pr\u00e1\u0161ku.","og_url":"https:\/\/medicinasinc.com\/cs\/product\/buy-al-lad-powder\/","og_site_name":"Medicinas Inc","article_modified_time":"2022-03-14T11:29:16+00:00","og_image":[{"width":931,"height":799,"url":"https:\/\/medicinasinc.com\/cs\/wp-content\/uploads\/sites\/2\/2022\/02\/Buy-al-lad-powder.jpg","type":"image\/jpeg"}],"twitter_card":"summary_large_image","twitter_misc":{"Est. reading time":"1 minute"},"schema":{"@context":"https:\/\/schema.org","@graph":[{"@type":"WebPage","@id":"https:\/\/medicinasinc.com\/cs\/product\/buy-al-lad-powder\/","url":"https:\/\/medicinasinc.com\/cs\/product\/buy-al-lad-powder\/","name":"Koupit al-lad pr\u00e1\u0161ek - Al-lad pr\u00e1\u0161ek na prodej - Best Global Meds","isPartOf":{"@id":"https:\/\/medicinasinc.com\/cs\/#website"},"primaryImageOfPage":{"@id":"https:\/\/medicinasinc.com\/cs\/product\/buy-al-lad-powder\/#primaryimage"},"image":{"@id":"https:\/\/medicinasinc.com\/cs\/product\/buy-al-lad-powder\/#primaryimage"},"thumbnailUrl":"https:\/\/medicinasinc.com\/cs\/wp-content\/uploads\/sites\/2\/2022\/02\/Buy-al-lad-powder.jpg","datePublished":"2022-02-22T05:09:43+00:00","dateModified":"2022-03-14T11:29:16+00:00","description":"Koupit al-lad pr\u00e1\u0161ek na prodej ve Velk\u00e9 Brit\u00e1nii, Evrop\u011b, AU, EU, Objednejte levn\u011b al-lad pr\u00e1\u0161ek 2022, kde koupit Vysoce kvalitn\u00ed al-lad pr\u00e1\u0161ek P\u0159es noc, prodej al-lad pr\u00e1\u0161ku.","breadcrumb":{"@id":"https:\/\/medicinasinc.com\/cs\/product\/buy-al-lad-powder\/#breadcrumb"},"inLanguage":"en-US","potentialAction":[{"@type":"ReadAction","target":["https:\/\/medicinasinc.com\/cs\/product\/buy-al-lad-powder\/"]}]},{"@type":"ImageObject","inLanguage":"en-US","@id":"https:\/\/medicinasinc.com\/cs\/product\/buy-al-lad-powder\/#primaryimage","url":"https:\/\/medicinasinc.com\/cs\/wp-content\/uploads\/sites\/2\/2022\/02\/Buy-al-lad-powder.jpg","contentUrl":"https:\/\/medicinasinc.com\/cs\/wp-content\/uploads\/sites\/2\/2022\/02\/Buy-al-lad-powder.jpg","width":931,"height":799},{"@type":"BreadcrumbList","@id":"https:\/\/medicinasinc.com\/cs\/product\/buy-al-lad-powder\/#breadcrumb","itemListElement":[{"@type":"ListItem","position":1,"name":"Obchod","item":"https:\/\/medicinasinc.com\/cs\/obchod\/"},{"@type":"ListItem","position":2,"name":"Koupit al-lad pr\u00e1\u0161ek"}]},{"@type":"WebSite","@id":"https:\/\/medicinasinc.com\/cs\/#website","url":"https:\/\/medicinasinc.com\/cs\/","name":"Medicinas Inc","description":"Health Medical Clinic","potentialAction":[{"@type":"SearchAction","target":{"@type":"EntryPoint","urlTemplate":"https:\/\/medicinasinc.com\/cs\/?s={search_term_string}"},"query-input":{"@type":"PropertyValueSpecification","valueRequired":true,"valueName":"search_term_string"}}],"inLanguage":"en-US"}]}},"_links":{"self":[{"href":"https:\/\/medicinasinc.com\/cs\/wp-json\/wp\/v2\/product\/5735","targetHints":{"allow":["GET"]}}],"collection":[{"href":"https:\/\/medicinasinc.com\/cs\/wp-json\/wp\/v2\/product"}],"about":[{"href":"https:\/\/medicinasinc.com\/cs\/wp-json\/wp\/v2\/types\/product"}],"replies":[{"embeddable":true,"href":"https:\/\/medicinasinc.com\/cs\/wp-json\/wp\/v2\/comments?post=5735"}],"wp:featuredmedia":[{"embeddable":true,"href":"https:\/\/medicinasinc.com\/cs\/wp-json\/wp\/v2\/media\/5747"}],"wp:attachment":[{"href":"https:\/\/medicinasinc.com\/cs\/wp-json\/wp\/v2\/media?parent=5735"}],"wp:term":[{"taxonomy":"product_brand","embeddable":true,"href":"https:\/\/medicinasinc.com\/cs\/wp-json\/wp\/v2\/product_brand?post=5735"},{"taxonomy":"product_cat","embeddable":true,"href":"https:\/\/medicinasinc.com\/cs\/wp-json\/wp\/v2\/product_cat?post=5735"},{"taxonomy":"product_tag","embeddable":true,"href":"https:\/\/medicinasinc.com\/cs\/wp-json\/wp\/v2\/product_tag?post=5735"}],"curies":[{"name":"wp","href":"https:\/\/api.w.org\/{rel}","templated":true}]}}