{"id":5731,"date":"2022-02-22T05:03:24","date_gmt":"2022-02-22T05:03:24","guid":{"rendered":"https:\/\/medicinasinc.com\/cs\/?post_type=product&#038;p=5731"},"modified":"2022-03-14T11:29:29","modified_gmt":"2022-03-14T11:29:29","slug":"koupit-sextacy-prasek","status":"publish","type":"product","link":"https:\/\/medicinasinc.com\/cs\/product\/koupit-sextacy-prasek\/","title":{"rendered":"Koupit Sextacy Powder"},"content":{"rendered":"<p>Ujist\u011bte se, \u017ee si kupujete Sextacy Powder.<\/p>\n<p>Nakupujte Sextacy Powder online ve velk\u00e9m a kupujte ho ve velk\u00e9m mno\u017estv\u00ed.<\/p>\n<p>Sextacy powder je nov\u00fd a vzru\u0161uj\u00edc\u00ed zna\u010dkov\u00fd produkt, kter\u00fd m\u016f\u017eete koupit.<br \/> Pokud chcete pou\u017e\u00edvat Sextacy, mus\u00edte si ji koupit ve form\u011b pr\u00e1\u0161ku. Hlavn\u00ed slo\u017ekou je a-PVP.<\/p>\n<p>S\u00edla je 5\/5. Sextacy Nejlep\u0161\u00ed pr\u00e1\u0161ek, kter\u00fd je leg\u00e1ln\u00ed k pou\u017eit\u00ed.<br \/> Je na\u010dase, abyste se v laborato\u0159i prosadili s t\u00edmto nov\u00fdm a skv\u011bl\u00fdm produktem.<\/p>\n<p>\u010cist\u00fd Sextacy Powder si m\u016f\u017eete koupit online.<\/p>\n<div class=\"product-next-previous\">\n<div class=\"product-prev\"><\/div><\/div>\n","protected":false},"excerpt":{"rendered":"<p>Pure Quality Sextacy Powder na prodej v Evrop\u011b, Velk\u00e9 Brit\u00e1nii a Austr\u00e1lii lze zakoupit na internetu. Pokud chcete pou\u017e\u00edvat Sextacy, mus\u00edte si ho koupit ve form\u011b pr\u00e1\u0161ku. Hlavn\u00ed slo\u017ekou je a-PVP.<\/p>\n<p>Kupte si Sextacy Legal High Powder na internetu. M\u016f\u017eete to ud\u011blat<\/p>\n<p>Nakupujte hodn\u011b najednou Sextacy je nov\u00fd a vzru\u0161uj\u00edc\u00ed zna\u010dkov\u00fd produkt, kter\u00fd si m\u016f\u017eete koupit. Sextacy je PVP a to je to, co to je.<\/p>\n<p>Existuje mnoho webov\u00fdch str\u00e1nek, kde si m\u016f\u017eete koupit spoustu koupelov\u00fdch sol\u00ed za spoustu pen\u011bz.<\/p>\n<p>Online, vy. m\u016f\u017eete koupit sextacy koupelov\u00e9 soli od Global Medicine. Sextacy s\u016fl do koupele za v\u00fdprodejov\u00e9 ceny zjist\u00edte p\u0159e\u010dten\u00edm tohoto textu<\/p>\n","protected":false},"featured_media":5742,"comment_status":"open","ping_status":"closed","template":"","meta":[],"product_brand":[],"product_cat":[2014],"product_tag":[3732,3754,3756,3545,3733,3737,3734,3735,3731,3736,3749,3738,3739,3743,3744,3745,3750,3751,3752,3746,3753,3740,3741,3742,3747,3748,3755],"class_list":{"0":"post-5731","1":"product","2":"type-product","3":"status-publish","4":"has-post-thumbnail","6":"product_cat-koupit-vyzkumne-chemikalie","7":"product_tag-best-sextacy-powder-online","8":"product_tag-sextacy-prek-dodavatel","9":"product_tag-kde-koupit-sextacy-prek","10":"product_tag-nkup-methoxetamin","11":"product_tag-koupit-sextacy-prek","12":"product_tag-nkup-sextacy-prek","13":"product_tag-buy-sextacy-powder-europe","14":"product_tag-koupit-sextacy-powder-online","15":"product_tag-nejkvalitnj-sextacy-prek","16":"product_tag-objednvka-sextacy-prek","17":"product_tag-sextacy-pudr-over-night","18":"product_tag-sextacy-powder-buy","19":"product_tag-sextacy-pudrov-efekt","20":"product_tag-sextacy-powder-google","21":"product_tag-sextacy-powder-mail","22":"product_tag-sextacy-powder-mail-order","23":"product_tag-sextacy-powder-purchase","24":"product_tag-sextacy-powder-reviews","25":"product_tag-sextacy-powder-sale","26":"product_tag-sextacy-powder-near-me","27":"product_tag-sextacy-powder-shipping","28":"product_tag-sextacy-powder-europe","29":"product_tag-sextacy-prek-na-prodej","30":"product_tag-sextacy-prek-na-prodej-online","31":"product_tag-sextacy-powder-online","32":"product_tag-sextacy-prek-d","33":"product_tag-sextacy-prek-velkoobchod","35":"first","36":"instock","37":"shipping-taxable","38":"purchasable","39":"product-type-variable","40":"has-default-attributes"},"yoast_head":"<!-- This site is optimized with the Yoast SEO plugin v27.3 - https:\/\/yoast.com\/product\/yoast-seo-wordpress\/ -->\n<title>Koupit Sextacy Powder \u2013 Prodej Sextacy Powder \u2013 Nejlep\u0161\u00ed glob\u00e1ln\u00ed l\u00e9ky<\/title>\n<meta name=\"description\" content=\"Koupit Pure Quality Sextacy Powder na prodej v Evrop\u011b, Velk\u00e9 Brit\u00e1nii, Austr\u00e1lii online. Aktivn\u00ed slo\u017ekou Sextacy je a-PVP a tento produkt je dod\u00e1v\u00e1n pouze ve form\u011b pr\u00e1\u0161ku! Objednejte si Sextacy Powder\" \/>\n<meta name=\"robots\" content=\"index, follow, max-snippet:-1, max-image-preview:large, max-video-preview:-1\" \/>\n<link rel=\"canonical\" href=\"https:\/\/medicinasinc.com\/cs\/product\/koupit-sextacy-prasek\/\" \/>\n<meta property=\"og:locale\" content=\"en_US\" \/>\n<meta property=\"og:type\" content=\"article\" \/>\n<meta property=\"og:title\" content=\"Koupit Sextacy Powder \u2013 Prodej Sextacy Powder \u2013 Nejlep\u0161\u00ed glob\u00e1ln\u00ed l\u00e9ky\" \/>\n<meta property=\"og:description\" content=\"Koupit Pure Quality Sextacy Powder na prodej v Evrop\u011b, Velk\u00e9 Brit\u00e1nii, Austr\u00e1lii online. Aktivn\u00ed slo\u017ekou Sextacy je a-PVP a tento produkt je dod\u00e1v\u00e1n pouze ve form\u011b pr\u00e1\u0161ku! Objednejte si Sextacy Powder\" \/>\n<meta property=\"og:url\" content=\"https:\/\/medicinasinc.com\/cs\/product\/koupit-sextacy-prasek\/\" \/>\n<meta property=\"og:site_name\" content=\"Medicinas Inc\" \/>\n<meta property=\"article:modified_time\" content=\"2022-03-14T11:29:29+00:00\" \/>\n<meta property=\"og:image\" content=\"https:\/\/medicinasinc.com\/cs\/wp-content\/uploads\/sites\/2\/2022\/02\/Buy-Sextacy-Powder.jpg\" \/>\n\t<meta property=\"og:image:width\" content=\"300\" \/>\n\t<meta property=\"og:image:height\" content=\"300\" \/>\n\t<meta property=\"og:image:type\" content=\"image\/jpeg\" \/>\n<meta name=\"twitter:card\" content=\"summary_large_image\" \/>\n<meta name=\"twitter:label1\" content=\"Est. reading time\" \/>\n\t<meta name=\"twitter:data1\" content=\"1 minute\" \/>\n<script type=\"application\/ld+json\" class=\"yoast-schema-graph\">{\"@context\":\"https:\\\/\\\/schema.org\",\"@graph\":[{\"@type\":\"WebPage\",\"@id\":\"https:\\\/\\\/medicinasinc.com\\\/cs\\\/product\\\/koupit-sextacy-prasek\\\/\",\"url\":\"https:\\\/\\\/medicinasinc.com\\\/cs\\\/product\\\/koupit-sextacy-prasek\\\/\",\"name\":\"Koupit Sextacy Powder \u2013 Prodej Sextacy Powder \u2013 Nejlep\u0161\u00ed glob\u00e1ln\u00ed l\u00e9ky\",\"isPartOf\":{\"@id\":\"https:\\\/\\\/medicinasinc.com\\\/cs\\\/#website\"},\"primaryImageOfPage\":{\"@id\":\"https:\\\/\\\/medicinasinc.com\\\/cs\\\/product\\\/koupit-sextacy-prasek\\\/#primaryimage\"},\"image\":{\"@id\":\"https:\\\/\\\/medicinasinc.com\\\/cs\\\/product\\\/koupit-sextacy-prasek\\\/#primaryimage\"},\"thumbnailUrl\":\"https:\\\/\\\/medicinasinc.com\\\/cs\\\/wp-content\\\/uploads\\\/sites\\\/2\\\/2022\\\/02\\\/Buy-Sextacy-Powder.jpg\",\"datePublished\":\"2022-02-22T05:03:24+00:00\",\"dateModified\":\"2022-03-14T11:29:29+00:00\",\"description\":\"Koupit Pure Quality Sextacy Powder na prodej v Evrop\u011b, Velk\u00e9 Brit\u00e1nii, Austr\u00e1lii online. Aktivn\u00ed slo\u017ekou Sextacy je a-PVP a tento produkt je dod\u00e1v\u00e1n pouze ve form\u011b pr\u00e1\u0161ku! Objednejte si Sextacy Powder\",\"breadcrumb\":{\"@id\":\"https:\\\/\\\/medicinasinc.com\\\/cs\\\/product\\\/koupit-sextacy-prasek\\\/#breadcrumb\"},\"inLanguage\":\"en-US\",\"potentialAction\":[{\"@type\":\"ReadAction\",\"target\":[\"https:\\\/\\\/medicinasinc.com\\\/cs\\\/product\\\/koupit-sextacy-prasek\\\/\"]}]},{\"@type\":\"ImageObject\",\"inLanguage\":\"en-US\",\"@id\":\"https:\\\/\\\/medicinasinc.com\\\/cs\\\/product\\\/koupit-sextacy-prasek\\\/#primaryimage\",\"url\":\"https:\\\/\\\/medicinasinc.com\\\/cs\\\/wp-content\\\/uploads\\\/sites\\\/2\\\/2022\\\/02\\\/Buy-Sextacy-Powder.jpg\",\"contentUrl\":\"https:\\\/\\\/medicinasinc.com\\\/cs\\\/wp-content\\\/uploads\\\/sites\\\/2\\\/2022\\\/02\\\/Buy-Sextacy-Powder.jpg\",\"width\":300,\"height\":300},{\"@type\":\"BreadcrumbList\",\"@id\":\"https:\\\/\\\/medicinasinc.com\\\/cs\\\/product\\\/koupit-sextacy-prasek\\\/#breadcrumb\",\"itemListElement\":[{\"@type\":\"ListItem\",\"position\":1,\"name\":\"Obchod\",\"item\":\"https:\\\/\\\/medicinasinc.com\\\/cs\\\/obchod\\\/\"},{\"@type\":\"ListItem\",\"position\":2,\"name\":\"Koupit Sextacy Powder\"}]},{\"@type\":\"WebSite\",\"@id\":\"https:\\\/\\\/medicinasinc.com\\\/cs\\\/#website\",\"url\":\"https:\\\/\\\/medicinasinc.com\\\/cs\\\/\",\"name\":\"Medicinas Inc\",\"description\":\"Health Medical Clinic\",\"potentialAction\":[{\"@type\":\"SearchAction\",\"target\":{\"@type\":\"EntryPoint\",\"urlTemplate\":\"https:\\\/\\\/medicinasinc.com\\\/cs\\\/?s={search_term_string}\"},\"query-input\":{\"@type\":\"PropertyValueSpecification\",\"valueRequired\":true,\"valueName\":\"search_term_string\"}}],\"inLanguage\":\"en-US\"}]}<\/script>\n<!-- \/ Yoast SEO plugin. -->","yoast_head_json":{"title":"Koupit Sextacy Powder \u2013 Prodej Sextacy Powder \u2013 Nejlep\u0161\u00ed glob\u00e1ln\u00ed l\u00e9ky","description":"Koupit Pure Quality Sextacy Powder na prodej v Evrop\u011b, Velk\u00e9 Brit\u00e1nii, Austr\u00e1lii online. Aktivn\u00ed slo\u017ekou Sextacy je a-PVP a tento produkt je dod\u00e1v\u00e1n pouze ve form\u011b pr\u00e1\u0161ku! Objednejte si Sextacy Powder","robots":{"index":"index","follow":"follow","max-snippet":"max-snippet:-1","max-image-preview":"max-image-preview:large","max-video-preview":"max-video-preview:-1"},"canonical":"https:\/\/medicinasinc.com\/cs\/product\/koupit-sextacy-prasek\/","og_locale":"en_US","og_type":"article","og_title":"Koupit Sextacy Powder \u2013 Prodej Sextacy Powder \u2013 Nejlep\u0161\u00ed glob\u00e1ln\u00ed l\u00e9ky","og_description":"Koupit Pure Quality Sextacy Powder na prodej v Evrop\u011b, Velk\u00e9 Brit\u00e1nii, Austr\u00e1lii online. Aktivn\u00ed slo\u017ekou Sextacy je a-PVP a tento produkt je dod\u00e1v\u00e1n pouze ve form\u011b pr\u00e1\u0161ku! Objednejte si Sextacy Powder","og_url":"https:\/\/medicinasinc.com\/cs\/product\/koupit-sextacy-prasek\/","og_site_name":"Medicinas Inc","article_modified_time":"2022-03-14T11:29:29+00:00","og_image":[{"width":300,"height":300,"url":"https:\/\/medicinasinc.com\/cs\/wp-content\/uploads\/sites\/2\/2022\/02\/Buy-Sextacy-Powder.jpg","type":"image\/jpeg"}],"twitter_card":"summary_large_image","twitter_misc":{"Est. reading time":"1 minute"},"schema":{"@context":"https:\/\/schema.org","@graph":[{"@type":"WebPage","@id":"https:\/\/medicinasinc.com\/cs\/product\/koupit-sextacy-prasek\/","url":"https:\/\/medicinasinc.com\/cs\/product\/koupit-sextacy-prasek\/","name":"Koupit Sextacy Powder \u2013 Prodej Sextacy Powder \u2013 Nejlep\u0161\u00ed glob\u00e1ln\u00ed l\u00e9ky","isPartOf":{"@id":"https:\/\/medicinasinc.com\/cs\/#website"},"primaryImageOfPage":{"@id":"https:\/\/medicinasinc.com\/cs\/product\/koupit-sextacy-prasek\/#primaryimage"},"image":{"@id":"https:\/\/medicinasinc.com\/cs\/product\/koupit-sextacy-prasek\/#primaryimage"},"thumbnailUrl":"https:\/\/medicinasinc.com\/cs\/wp-content\/uploads\/sites\/2\/2022\/02\/Buy-Sextacy-Powder.jpg","datePublished":"2022-02-22T05:03:24+00:00","dateModified":"2022-03-14T11:29:29+00:00","description":"Koupit Pure Quality Sextacy Powder na prodej v Evrop\u011b, Velk\u00e9 Brit\u00e1nii, Austr\u00e1lii online. Aktivn\u00ed slo\u017ekou Sextacy je a-PVP a tento produkt je dod\u00e1v\u00e1n pouze ve form\u011b pr\u00e1\u0161ku! Objednejte si Sextacy Powder","breadcrumb":{"@id":"https:\/\/medicinasinc.com\/cs\/product\/koupit-sextacy-prasek\/#breadcrumb"},"inLanguage":"en-US","potentialAction":[{"@type":"ReadAction","target":["https:\/\/medicinasinc.com\/cs\/product\/koupit-sextacy-prasek\/"]}]},{"@type":"ImageObject","inLanguage":"en-US","@id":"https:\/\/medicinasinc.com\/cs\/product\/koupit-sextacy-prasek\/#primaryimage","url":"https:\/\/medicinasinc.com\/cs\/wp-content\/uploads\/sites\/2\/2022\/02\/Buy-Sextacy-Powder.jpg","contentUrl":"https:\/\/medicinasinc.com\/cs\/wp-content\/uploads\/sites\/2\/2022\/02\/Buy-Sextacy-Powder.jpg","width":300,"height":300},{"@type":"BreadcrumbList","@id":"https:\/\/medicinasinc.com\/cs\/product\/koupit-sextacy-prasek\/#breadcrumb","itemListElement":[{"@type":"ListItem","position":1,"name":"Obchod","item":"https:\/\/medicinasinc.com\/cs\/obchod\/"},{"@type":"ListItem","position":2,"name":"Koupit Sextacy Powder"}]},{"@type":"WebSite","@id":"https:\/\/medicinasinc.com\/cs\/#website","url":"https:\/\/medicinasinc.com\/cs\/","name":"Medicinas Inc","description":"Health Medical Clinic","potentialAction":[{"@type":"SearchAction","target":{"@type":"EntryPoint","urlTemplate":"https:\/\/medicinasinc.com\/cs\/?s={search_term_string}"},"query-input":{"@type":"PropertyValueSpecification","valueRequired":true,"valueName":"search_term_string"}}],"inLanguage":"en-US"}]}},"_links":{"self":[{"href":"https:\/\/medicinasinc.com\/cs\/wp-json\/wp\/v2\/product\/5731","targetHints":{"allow":["GET"]}}],"collection":[{"href":"https:\/\/medicinasinc.com\/cs\/wp-json\/wp\/v2\/product"}],"about":[{"href":"https:\/\/medicinasinc.com\/cs\/wp-json\/wp\/v2\/types\/product"}],"replies":[{"embeddable":true,"href":"https:\/\/medicinasinc.com\/cs\/wp-json\/wp\/v2\/comments?post=5731"}],"wp:featuredmedia":[{"embeddable":true,"href":"https:\/\/medicinasinc.com\/cs\/wp-json\/wp\/v2\/media\/5742"}],"wp:attachment":[{"href":"https:\/\/medicinasinc.com\/cs\/wp-json\/wp\/v2\/media?parent=5731"}],"wp:term":[{"taxonomy":"product_brand","embeddable":true,"href":"https:\/\/medicinasinc.com\/cs\/wp-json\/wp\/v2\/product_brand?post=5731"},{"taxonomy":"product_cat","embeddable":true,"href":"https:\/\/medicinasinc.com\/cs\/wp-json\/wp\/v2\/product_cat?post=5731"},{"taxonomy":"product_tag","embeddable":true,"href":"https:\/\/medicinasinc.com\/cs\/wp-json\/wp\/v2\/product_tag?post=5731"}],"curies":[{"name":"wp","href":"https:\/\/api.w.org\/{rel}","templated":true}]}}