{"id":5730,"date":"2022-02-22T05:01:35","date_gmt":"2022-02-22T05:01:35","guid":{"rendered":"https:\/\/medicinasinc.com\/cs\/?post_type=product&#038;p=5730"},"modified":"2022-08-03T12:10:59","modified_gmt":"2022-08-03T12:10:59","slug":"koupit-cisty-mdma-prasek","status":"publish","type":"product","link":"https:\/\/medicinasinc.com\/cs\/product\/koupit-cisty-mdma-prasek\/","title":{"rendered":"Kupte si \u010dist\u00fd mdma pr\u00e1\u0161ek"},"content":{"rendered":"<p>Kupte si MDMA v pr\u00e1\u0161kov\u00e9 form\u011b<\/p>\n<p>pr\u00e1\u0161ek MDMA, krystaly MDMA a ext\u00e1zi<\/p>\n<p>Powder Crystals je se sv\u00fdmi stimula\u010dn\u00edmi a halucinogenn\u00edmi vlastnostmi ve stejn\u00e9 m\u00ed\u0159e jedn\u00edm z nejobl\u00edben\u011bj\u0161\u00edch rekrea\u010dn\u00edch l\u00e1tky na dne\u0161n\u00edm trhu.<\/p>\n<p>1,2 Obvykle<\/p>\n<p>pr\u00e1\u0161ek MDMA lze zakoupit online.<\/p>\n<p>pr\u00e1\u0161ek MDMA k prodeji v jeho nej\u010dist\u0161\u00ed form\u011b, online.<\/p>\n<p>Prod\u00e1v\u00e1me pouze nejkvalitn\u011bj\u0161\u00ed pr\u00e1\u0161ek MDMA (ext\u00e1ze\/molly) online na adrese.<\/p>\n<p>\u010cist\u00fd pr\u00e1\u0161ek MDMA lze zakoupit online.<\/p>\n<p>Nejlevn\u011bj\u0161\u00ed m\u00edsto koupit Ext\u00e1zi\/Molly Powder<\/p>\n<p>Maj\u00ed pr\u00e1\u0161ky MDMA n\u011bjak\u00e9 v\u00fdhody nebo nev\u00fdhody ve srovn\u00e1n\u00ed s pilulkami?<\/p>\n<p>Drcen\u00e9 krystaly nebo pr\u00e1\u0161ek MDMA jsou dal\u0161\u00edm zp\u016fsobem, jak l\u00e1tku z\u00edskat.<\/p>\n<p>Or\u00e1ln\u011b pod\u00e1van\u00fd MDMA (zkratka pro 3,4-methylendioxymetamfetamin), jeho\u017e chemick\u00fd n\u00e1zev je 3,4-methylendioxymetamfetamin, m\u00e1 polo\u010das 3 a\u017e 6 hodin. Jedna a\u017e dv\u011b tablety MDMA, z nich\u017e ka\u017ed\u00e1 obsahuje 60 a\u017e 120 miligram\u016f MDMA, jsou nej\u010dast\u011bji uv\u00e1d\u011bnou d\u00e1vkou. 1 Jakmile \u00fa\u010dinky prvn\u00ed d\u00e1vky za\u010dnou mizet, nen\u00ed neobvykl\u00e9, \u017ee si u\u017eivatel\u00e9 vezmou druhou d\u00e1vku drogy.<\/p>\n","protected":false},"excerpt":{"rendered":"<p>Nakupte kvalitn\u00ed pr\u00e1\u0161ek Mdma na prodej ve Velk\u00e9 Brit\u00e1nii, Evrop\u011b, Austr\u00e1lii v na\u0161em online obchodu medicinasinc.com s rychl\u00fdm celosv\u011btov\u00fdm doru\u010den\u00edm! Nejlep\u0161\u00ed Mdma pr\u00e1\u0161ek pro objedn\u00e1n\u00ed najdete zde!<\/p>\n<ul>\n<li>Nakupte \u010dist\u00fd MDMA pr\u00e1\u0161ek online<\/li>\n<li>\u010cist\u00fd MDMA pr\u00e1\u0161ek online<\/li>\n<li>Ext\u00e1ze\/Molly Powder na prodej<\/li>\n<li>\u00a0nakupte ext\u00e1zi\/molly pr\u00e1\u0161ek online<\/li>\n<\/ul>\n","protected":false},"featured_media":5740,"comment_status":"open","ping_status":"closed","template":"","meta":[],"product_brand":[],"product_cat":[2014],"product_tag":[3701,3702,3703,3704,3705,3706,3718,3708,3729,3728,3730,3647,3707,3726,3709,3713,3714,3715,3716,3720,3721,3722,3659,3711,3662,3712,3717,3719,3609,3727,3723,3724,3710],"class_list":{"0":"post-5730","1":"product","2":"type-product","3":"status-publish","4":"has-post-thumbnail","6":"product_cat-koupit-vyzkumne-chemikalie","7":"product_tag-best-mdma-powder","8":"product_tag-best-quality-mdma-powder","9":"product_tag-buy-mdma-powder-crystal-online","10":"product_tag-buy-mdma-powder-eu","11":"product_tag-buy-mdma-powder-europe","12":"product_tag-buy-mdma-powder-near-me","13":"product_tag-mdma-prek-cena","14":"product_tag-how-to-buy-mdma-powder-crystal-online","15":"product_tag-kde-na-koupit-mdma-prasek-krystal-online","16":"product_tag-kde-koupit-mdma-prek","17":"product_tag-kde-k-objednat-mdma-prek","18":"product_tag-koupit-mdma-prek","19":"product_tag-koupit-mdma-prek-online","20":"product_tag-nkup-mdma-prek-krystal-online","21":"product_tag-mdma-powder-crystal-for-sale","22":"product_tag-mdma-powder-google","23":"product_tag-mdma-powder-mail-order","24":"product_tag-mdma-powder-near-me","25":"product_tag-mdma-powder-online","26":"product_tag-mdma-powder-review","27":"product_tag-mdma-powder-reviews","28":"product_tag-mdma-powder-shipping","29":"product_tag-mdma-prek","30":"product_tag-mdma-powder-europe","31":"product_tag-mdma-prek-na-prodej","32":"product_tag-mdma-prek-na-prodej-online","33":"product_tag-mdma-powder-over-night","34":"product_tag-mdma-powder-reddit","35":"product_tag-mdma-prek-nkup","36":"product_tag-nejlep-msto-k-koupit-mdma-prek-krystal-online","37":"product_tag-objednvka-mdma-prek","38":"product_tag-objednat-mdma-prasek-krystal-online","39":"product_tag-mdma-prkov-efekt","41":"first","42":"instock","43":"shipping-taxable","44":"purchasable","45":"product-type-variable","46":"has-default-attributes"},"yoast_head":"<!-- This site is optimized with the Yoast SEO plugin v27.3 - https:\/\/yoast.com\/product\/yoast-seo-wordpress\/ -->\n<title>Koupit \u010dist\u00fd mdma pr\u00e1\u0161ek - mdma pr\u00e1\u0161ek na prodej - Best Global Meds<\/title>\n<meta name=\"description\" content=\"Kupte si kvalitn\u00ed Mdma Powder na prodej ve Velk\u00e9 Brit\u00e1nii, Evrop\u011b, AU v na\u0161em online obchod\u011b medicinasinc.com s rychl\u00fdm celosv\u011btov\u00fdm doru\u010den\u00edm! Nejlep\u0161\u00ed Mdma Powder pro objedn\u00e1n\u00ed najdete zde!\" \/>\n<meta name=\"robots\" content=\"index, follow, max-snippet:-1, max-image-preview:large, max-video-preview:-1\" \/>\n<link rel=\"canonical\" href=\"https:\/\/medicinasinc.com\/cs\/product\/koupit-cisty-mdma-prasek\/\" \/>\n<meta property=\"og:locale\" content=\"en_US\" \/>\n<meta property=\"og:type\" content=\"article\" \/>\n<meta property=\"og:title\" content=\"Koupit \u010dist\u00fd mdma pr\u00e1\u0161ek - mdma pr\u00e1\u0161ek na prodej - Best Global Meds\" \/>\n<meta property=\"og:description\" content=\"Kupte si kvalitn\u00ed Mdma Powder na prodej ve Velk\u00e9 Brit\u00e1nii, Evrop\u011b, AU v na\u0161em online obchod\u011b medicinasinc.com s rychl\u00fdm celosv\u011btov\u00fdm doru\u010den\u00edm! Nejlep\u0161\u00ed Mdma Powder pro objedn\u00e1n\u00ed najdete zde!\" \/>\n<meta property=\"og:url\" content=\"https:\/\/medicinasinc.com\/cs\/product\/koupit-cisty-mdma-prasek\/\" \/>\n<meta property=\"og:site_name\" content=\"Medicinas Inc\" \/>\n<meta property=\"article:modified_time\" content=\"2022-08-03T12:10:59+00:00\" \/>\n<meta property=\"og:image\" content=\"https:\/\/medicinasinc.com\/cs\/wp-content\/uploads\/sites\/2\/2022\/02\/Buy-pure-mdma-powder.jpg\" \/>\n\t<meta property=\"og:image:width\" content=\"1500\" \/>\n\t<meta property=\"og:image:height\" content=\"1496\" \/>\n\t<meta property=\"og:image:type\" content=\"image\/jpeg\" \/>\n<meta name=\"twitter:card\" content=\"summary_large_image\" \/>\n<meta name=\"twitter:label1\" content=\"Est. reading time\" \/>\n\t<meta name=\"twitter:data1\" content=\"1 minute\" \/>\n<script type=\"application\/ld+json\" class=\"yoast-schema-graph\">{\"@context\":\"https:\\\/\\\/schema.org\",\"@graph\":[{\"@type\":\"WebPage\",\"@id\":\"https:\\\/\\\/medicinasinc.com\\\/cs\\\/product\\\/koupit-cisty-mdma-prasek\\\/\",\"url\":\"https:\\\/\\\/medicinasinc.com\\\/cs\\\/product\\\/koupit-cisty-mdma-prasek\\\/\",\"name\":\"Koupit \u010dist\u00fd mdma pr\u00e1\u0161ek - mdma pr\u00e1\u0161ek na prodej - Best Global Meds\",\"isPartOf\":{\"@id\":\"https:\\\/\\\/medicinasinc.com\\\/cs\\\/#website\"},\"primaryImageOfPage\":{\"@id\":\"https:\\\/\\\/medicinasinc.com\\\/cs\\\/product\\\/koupit-cisty-mdma-prasek\\\/#primaryimage\"},\"image\":{\"@id\":\"https:\\\/\\\/medicinasinc.com\\\/cs\\\/product\\\/koupit-cisty-mdma-prasek\\\/#primaryimage\"},\"thumbnailUrl\":\"https:\\\/\\\/medicinasinc.com\\\/cs\\\/wp-content\\\/uploads\\\/sites\\\/2\\\/2022\\\/02\\\/Buy-pure-mdma-powder.jpg\",\"datePublished\":\"2022-02-22T05:01:35+00:00\",\"dateModified\":\"2022-08-03T12:10:59+00:00\",\"description\":\"Kupte si kvalitn\u00ed Mdma Powder na prodej ve Velk\u00e9 Brit\u00e1nii, Evrop\u011b, AU v na\u0161em online obchod\u011b medicinasinc.com s rychl\u00fdm celosv\u011btov\u00fdm doru\u010den\u00edm! Nejlep\u0161\u00ed Mdma Powder pro objedn\u00e1n\u00ed najdete zde!\",\"breadcrumb\":{\"@id\":\"https:\\\/\\\/medicinasinc.com\\\/cs\\\/product\\\/koupit-cisty-mdma-prasek\\\/#breadcrumb\"},\"inLanguage\":\"en-US\",\"potentialAction\":[{\"@type\":\"ReadAction\",\"target\":[\"https:\\\/\\\/medicinasinc.com\\\/cs\\\/product\\\/koupit-cisty-mdma-prasek\\\/\"]}]},{\"@type\":\"ImageObject\",\"inLanguage\":\"en-US\",\"@id\":\"https:\\\/\\\/medicinasinc.com\\\/cs\\\/product\\\/koupit-cisty-mdma-prasek\\\/#primaryimage\",\"url\":\"https:\\\/\\\/medicinasinc.com\\\/cs\\\/wp-content\\\/uploads\\\/sites\\\/2\\\/2022\\\/02\\\/Buy-pure-mdma-powder.jpg\",\"contentUrl\":\"https:\\\/\\\/medicinasinc.com\\\/cs\\\/wp-content\\\/uploads\\\/sites\\\/2\\\/2022\\\/02\\\/Buy-pure-mdma-powder.jpg\",\"width\":1500,\"height\":1496},{\"@type\":\"BreadcrumbList\",\"@id\":\"https:\\\/\\\/medicinasinc.com\\\/cs\\\/product\\\/koupit-cisty-mdma-prasek\\\/#breadcrumb\",\"itemListElement\":[{\"@type\":\"ListItem\",\"position\":1,\"name\":\"Obchod\",\"item\":\"https:\\\/\\\/medicinasinc.com\\\/cs\\\/obchod\\\/\"},{\"@type\":\"ListItem\",\"position\":2,\"name\":\"Kupte si \u010dist\u00fd mdma pr\u00e1\u0161ek\"}]},{\"@type\":\"WebSite\",\"@id\":\"https:\\\/\\\/medicinasinc.com\\\/cs\\\/#website\",\"url\":\"https:\\\/\\\/medicinasinc.com\\\/cs\\\/\",\"name\":\"Medicinas Inc\",\"description\":\"Health Medical Clinic\",\"potentialAction\":[{\"@type\":\"SearchAction\",\"target\":{\"@type\":\"EntryPoint\",\"urlTemplate\":\"https:\\\/\\\/medicinasinc.com\\\/cs\\\/?s={search_term_string}\"},\"query-input\":{\"@type\":\"PropertyValueSpecification\",\"valueRequired\":true,\"valueName\":\"search_term_string\"}}],\"inLanguage\":\"en-US\"}]}<\/script>\n<!-- \/ Yoast SEO plugin. -->","yoast_head_json":{"title":"Koupit \u010dist\u00fd mdma pr\u00e1\u0161ek - mdma pr\u00e1\u0161ek na prodej - Best Global Meds","description":"Kupte si kvalitn\u00ed Mdma Powder na prodej ve Velk\u00e9 Brit\u00e1nii, Evrop\u011b, AU v na\u0161em online obchod\u011b medicinasinc.com s rychl\u00fdm celosv\u011btov\u00fdm doru\u010den\u00edm! Nejlep\u0161\u00ed Mdma Powder pro objedn\u00e1n\u00ed najdete zde!","robots":{"index":"index","follow":"follow","max-snippet":"max-snippet:-1","max-image-preview":"max-image-preview:large","max-video-preview":"max-video-preview:-1"},"canonical":"https:\/\/medicinasinc.com\/cs\/product\/koupit-cisty-mdma-prasek\/","og_locale":"en_US","og_type":"article","og_title":"Koupit \u010dist\u00fd mdma pr\u00e1\u0161ek - mdma pr\u00e1\u0161ek na prodej - Best Global Meds","og_description":"Kupte si kvalitn\u00ed Mdma Powder na prodej ve Velk\u00e9 Brit\u00e1nii, Evrop\u011b, AU v na\u0161em online obchod\u011b medicinasinc.com s rychl\u00fdm celosv\u011btov\u00fdm doru\u010den\u00edm! Nejlep\u0161\u00ed Mdma Powder pro objedn\u00e1n\u00ed najdete zde!","og_url":"https:\/\/medicinasinc.com\/cs\/product\/koupit-cisty-mdma-prasek\/","og_site_name":"Medicinas Inc","article_modified_time":"2022-08-03T12:10:59+00:00","og_image":[{"width":1500,"height":1496,"url":"https:\/\/medicinasinc.com\/cs\/wp-content\/uploads\/sites\/2\/2022\/02\/Buy-pure-mdma-powder.jpg","type":"image\/jpeg"}],"twitter_card":"summary_large_image","twitter_misc":{"Est. reading time":"1 minute"},"schema":{"@context":"https:\/\/schema.org","@graph":[{"@type":"WebPage","@id":"https:\/\/medicinasinc.com\/cs\/product\/koupit-cisty-mdma-prasek\/","url":"https:\/\/medicinasinc.com\/cs\/product\/koupit-cisty-mdma-prasek\/","name":"Koupit \u010dist\u00fd mdma pr\u00e1\u0161ek - mdma pr\u00e1\u0161ek na prodej - Best Global Meds","isPartOf":{"@id":"https:\/\/medicinasinc.com\/cs\/#website"},"primaryImageOfPage":{"@id":"https:\/\/medicinasinc.com\/cs\/product\/koupit-cisty-mdma-prasek\/#primaryimage"},"image":{"@id":"https:\/\/medicinasinc.com\/cs\/product\/koupit-cisty-mdma-prasek\/#primaryimage"},"thumbnailUrl":"https:\/\/medicinasinc.com\/cs\/wp-content\/uploads\/sites\/2\/2022\/02\/Buy-pure-mdma-powder.jpg","datePublished":"2022-02-22T05:01:35+00:00","dateModified":"2022-08-03T12:10:59+00:00","description":"Kupte si kvalitn\u00ed Mdma Powder na prodej ve Velk\u00e9 Brit\u00e1nii, Evrop\u011b, AU v na\u0161em online obchod\u011b medicinasinc.com s rychl\u00fdm celosv\u011btov\u00fdm doru\u010den\u00edm! Nejlep\u0161\u00ed Mdma Powder pro objedn\u00e1n\u00ed najdete zde!","breadcrumb":{"@id":"https:\/\/medicinasinc.com\/cs\/product\/koupit-cisty-mdma-prasek\/#breadcrumb"},"inLanguage":"en-US","potentialAction":[{"@type":"ReadAction","target":["https:\/\/medicinasinc.com\/cs\/product\/koupit-cisty-mdma-prasek\/"]}]},{"@type":"ImageObject","inLanguage":"en-US","@id":"https:\/\/medicinasinc.com\/cs\/product\/koupit-cisty-mdma-prasek\/#primaryimage","url":"https:\/\/medicinasinc.com\/cs\/wp-content\/uploads\/sites\/2\/2022\/02\/Buy-pure-mdma-powder.jpg","contentUrl":"https:\/\/medicinasinc.com\/cs\/wp-content\/uploads\/sites\/2\/2022\/02\/Buy-pure-mdma-powder.jpg","width":1500,"height":1496},{"@type":"BreadcrumbList","@id":"https:\/\/medicinasinc.com\/cs\/product\/koupit-cisty-mdma-prasek\/#breadcrumb","itemListElement":[{"@type":"ListItem","position":1,"name":"Obchod","item":"https:\/\/medicinasinc.com\/cs\/obchod\/"},{"@type":"ListItem","position":2,"name":"Kupte si \u010dist\u00fd mdma pr\u00e1\u0161ek"}]},{"@type":"WebSite","@id":"https:\/\/medicinasinc.com\/cs\/#website","url":"https:\/\/medicinasinc.com\/cs\/","name":"Medicinas Inc","description":"Health Medical Clinic","potentialAction":[{"@type":"SearchAction","target":{"@type":"EntryPoint","urlTemplate":"https:\/\/medicinasinc.com\/cs\/?s={search_term_string}"},"query-input":{"@type":"PropertyValueSpecification","valueRequired":true,"valueName":"search_term_string"}}],"inLanguage":"en-US"}]}},"_links":{"self":[{"href":"https:\/\/medicinasinc.com\/cs\/wp-json\/wp\/v2\/product\/5730","targetHints":{"allow":["GET"]}}],"collection":[{"href":"https:\/\/medicinasinc.com\/cs\/wp-json\/wp\/v2\/product"}],"about":[{"href":"https:\/\/medicinasinc.com\/cs\/wp-json\/wp\/v2\/types\/product"}],"replies":[{"embeddable":true,"href":"https:\/\/medicinasinc.com\/cs\/wp-json\/wp\/v2\/comments?post=5730"}],"wp:featuredmedia":[{"embeddable":true,"href":"https:\/\/medicinasinc.com\/cs\/wp-json\/wp\/v2\/media\/5740"}],"wp:attachment":[{"href":"https:\/\/medicinasinc.com\/cs\/wp-json\/wp\/v2\/media?parent=5730"}],"wp:term":[{"taxonomy":"product_brand","embeddable":true,"href":"https:\/\/medicinasinc.com\/cs\/wp-json\/wp\/v2\/product_brand?post=5730"},{"taxonomy":"product_cat","embeddable":true,"href":"https:\/\/medicinasinc.com\/cs\/wp-json\/wp\/v2\/product_cat?post=5730"},{"taxonomy":"product_tag","embeddable":true,"href":"https:\/\/medicinasinc.com\/cs\/wp-json\/wp\/v2\/product_tag?post=5730"}],"curies":[{"name":"wp","href":"https:\/\/api.w.org\/{rel}","templated":true}]}}