{"id":5729,"date":"2022-02-22T04:59:37","date_gmt":"2022-02-22T04:59:37","guid":{"rendered":"https:\/\/medicinasinc.com\/cs\/?post_type=product&#038;p=5729"},"modified":"2022-03-14T11:29:57","modified_gmt":"2022-03-14T11:29:57","slug":"koupit-hydrokodon-prasek","status":"publish","type":"product","link":"https:\/\/medicinasinc.com\/cs\/product\/koupit-hydrokodon-prasek\/","title":{"rendered":"Koupit Hydrocodone Powder"},"content":{"rendered":"<p>Chcete-li koupit pr\u00e1\u0161ek hydrokodonu online, klikn\u011bte sem.<br \/> Online m\u016f\u017eete pr\u00e1\u0161ek hydrokodonu zakoupit ve velk\u00e9m za v\u00fdhodnou cenu za velkoobchodn\u00ed ceny. Hydrokodon, kter\u00fd se prod\u00e1v\u00e1 pod zna\u010dkou Hysingla a dal\u0161\u00edmi n\u00e1zvy, je opioid, kter\u00fd lze pou\u017e\u00edt k l\u00e9\u010db\u011b bolesti, kter\u00e1 trv\u00e1 dlouhou dobu, pokud jin\u00e9 zp\u016fsoby l\u00e9\u010dby nefunguj\u00ed. Jako prost\u0159edek tlum\u00edc\u00ed ka\u0161el ho u\u017e\u00edvaj\u00ed i lid\u00e9 star\u0161\u00ed 18 let. Lid\u00e9 ho jed\u00ed. Acetaminofen a hydrokodon se obvykle prod\u00e1vaj\u00ed spole\u010dn\u011b. Ibuprofen a hydrokodon se tak\u00e9 obvykle prod\u00e1vaj\u00ed spole\u010dn\u011b. S\u00e1m o sob\u011b p\u0159ich\u00e1z\u00ed v dlouhodob\u011b p\u016fsob\u00edc\u00ed form\u011b, kterou si m\u016f\u017eete koupit.<\/p>\n<p>Existuj\u00ed dva typy hydrokodonov\u00e9 soli nebo pr\u00e1\u0161ku:<\/p>\n<p>Hydrokodon je polosyntetick\u00fd opioid, kter\u00fd poch\u00e1z\u00ed z kodeinov\u00e1 rostlina. Hydrokodon lze u\u017e\u00edvat \u00fasty ke zm\u00edrn\u011bn\u00ed bolesti a zastaven\u00ed ka\u0161le, \u010dasto s paracetamolem nebo ibuprofenem. Ve Spojen\u00fdch st\u00e1tech existuje mnoho recept\u016f na hydrokodon.<\/p>\n","protected":false},"excerpt":{"rendered":"<p>Hydrocodone Powder na prodej v Evrop\u011b, Spojen\u00e9m kr\u00e1lovstv\u00ed a Austr\u00e1lii. Kodein se pou\u017e\u00edv\u00e1 k v\u00fdrob\u011b hydrokodonov\u00e9ho pr\u00e1\u0161ku, polosyntetick\u00e9ho opioidu. Nejlevn\u011bj\u0161\u00ed ceny na Hydrocodone Powder.<\/p>\n<p>Kupte si Hydrocodone Powder online ze spolehliv\u00e9ho zdroje.<\/p>\n<p>Je to polosyntetick\u00fd opioid odvozen\u00fd z kodeinu. Hydrokodonov\u00fd pr\u00e1\u0161ek<\/p>\n","protected":false},"featured_media":5738,"comment_status":"open","ping_status":"closed","template":"","meta":[],"product_brand":[],"product_cat":[2014],"product_tag":[3672,3673,3674,3683,3696,3698,3675,3676,3679,3680,3681,3678,3686,3687,3688,3689,3677,3684,3700,3691,3671,3670,3690,3692,3693,3694,3695,3682,3685,3697,3699],"class_list":{"0":"post-5729","1":"product","2":"type-product","3":"status-publish","4":"has-post-thumbnail","6":"product_cat-koupit-vyzkumne-chemikalie","7":"product_tag-buy-hydrocodone-online-without-rx","8":"product_tag-buy-hydrocodone-powder","9":"product_tag-can-hydrocodone-kill-you","10":"product_tag-hydrokodon-prek-cena","11":"product_tag-ist-hydrokodon-prek-na-prodej","12":"product_tag-co-se-stane-kdy-upe-hydrokodon","13":"product_tag-does-hydrocodone-cause-constipation","14":"product_tag-hydrocodone-hcl","15":"product_tag-hydrocodone-powder-effect","16":"product_tag-hydrocodone-powder-for-compounding","17":"product_tag-hydrocodone-powder-for-sale","18":"product_tag-hydrokodon-prek-koupit","19":"product_tag-hydrocodone-powder-sale","20":"product_tag-hydrocodone-powder-uses","21":"product_tag-hydrokodon-vs-kratom","22":"product_tag-hydrokodon-vs-vicodin","23":"product_tag-hydrokodon-pr-c3-a1-c5-a1ek","24":"product_tag-hydrokodon-pr-c3-a1-c5-a1ek-reddit","25":"product_tag-kde-koupit-hydrokodonov-pilulky","26":"product_tag-kombinace-kratomu-a-hydrokodonu","27":"product_tag-buy-hydrocodon-online-usa","28":"product_tag-koupit-hydrokodon-acetaminofen","29":"product_tag-kratom-a-hydrokodon","30":"product_tag-kratom-bali-ve-srovnn-s-hydrokodonem","31":"product_tag-kratom-ve-srovnn-s-norco","32":"product_tag-kratom-vs-hydrokodon-sla","33":"product_tag-mchn-kratom-a-hydrokodon","34":"product_tag-hydrokodon-prek-objednvka","35":"product_tag-hydrokodon-pr-c3-a1-c5-a1ek-recenze","36":"product_tag-surov-hydrokodon-prek","37":"product_tag-z-c4-8deho-se-skl-c3-a1d-c3-a1-hydrokodon","39":"first","40":"instock","41":"shipping-taxable","42":"purchasable","43":"product-type-variable","44":"has-default-attributes"},"yoast_head":"<!-- This site is optimized with the Yoast SEO plugin v27.3 - https:\/\/yoast.com\/product\/yoast-seo-wordpress\/ -->\n<title>Koupit Hydrocodone Powder \u2013 Hydrocodone Powder \u2013 Best Global Meds<\/title>\n<meta name=\"description\" content=\"Koupit kvalitn\u00ed hydrokodonov\u00fd pr\u00e1\u0161ek na prodej v Evrop\u011b, Velk\u00e9 Brit\u00e1nii, Austr\u00e1lii online. Hydrokodonov\u00fd pr\u00e1\u0161ek je polosyntetick\u00fd opioid odvozen\u00fd z kodeinu. Objednejte si hydrokodonov\u00fd pr\u00e1\u0161ek za nejlep\u0161\u00ed ceny\" \/>\n<meta name=\"robots\" content=\"index, follow, max-snippet:-1, max-image-preview:large, max-video-preview:-1\" \/>\n<link rel=\"canonical\" href=\"https:\/\/medicinasinc.com\/cs\/product\/koupit-hydrokodon-prasek\/\" \/>\n<meta property=\"og:locale\" content=\"en_US\" \/>\n<meta property=\"og:type\" content=\"article\" \/>\n<meta property=\"og:title\" content=\"Koupit Hydrocodone Powder \u2013 Hydrocodone Powder \u2013 Best Global Meds\" \/>\n<meta property=\"og:description\" content=\"Koupit kvalitn\u00ed hydrokodonov\u00fd pr\u00e1\u0161ek na prodej v Evrop\u011b, Velk\u00e9 Brit\u00e1nii, Austr\u00e1lii online. Hydrokodonov\u00fd pr\u00e1\u0161ek je polosyntetick\u00fd opioid odvozen\u00fd z kodeinu. Objednejte si hydrokodonov\u00fd pr\u00e1\u0161ek za nejlep\u0161\u00ed ceny\" \/>\n<meta property=\"og:url\" content=\"https:\/\/medicinasinc.com\/cs\/product\/koupit-hydrokodon-prasek\/\" \/>\n<meta property=\"og:site_name\" content=\"Medicinas Inc\" \/>\n<meta property=\"article:modified_time\" content=\"2022-03-14T11:29:57+00:00\" \/>\n<meta property=\"og:image\" content=\"https:\/\/medicinasinc.com\/cs\/wp-content\/uploads\/sites\/2\/2022\/02\/Buy-Hydrocodone-Powder.jpg\" \/>\n\t<meta property=\"og:image:width\" content=\"650\" \/>\n\t<meta property=\"og:image:height\" content=\"390\" \/>\n\t<meta property=\"og:image:type\" content=\"image\/jpeg\" \/>\n<meta name=\"twitter:card\" content=\"summary_large_image\" \/>\n<meta name=\"twitter:label1\" content=\"Est. reading time\" \/>\n\t<meta name=\"twitter:data1\" content=\"1 minute\" \/>\n<script type=\"application\/ld+json\" class=\"yoast-schema-graph\">{\"@context\":\"https:\\\/\\\/schema.org\",\"@graph\":[{\"@type\":\"WebPage\",\"@id\":\"https:\\\/\\\/medicinasinc.com\\\/cs\\\/product\\\/koupit-hydrokodon-prasek\\\/\",\"url\":\"https:\\\/\\\/medicinasinc.com\\\/cs\\\/product\\\/koupit-hydrokodon-prasek\\\/\",\"name\":\"Koupit Hydrocodone Powder \u2013 Hydrocodone Powder \u2013 Best Global Meds\",\"isPartOf\":{\"@id\":\"https:\\\/\\\/medicinasinc.com\\\/cs\\\/#website\"},\"primaryImageOfPage\":{\"@id\":\"https:\\\/\\\/medicinasinc.com\\\/cs\\\/product\\\/koupit-hydrokodon-prasek\\\/#primaryimage\"},\"image\":{\"@id\":\"https:\\\/\\\/medicinasinc.com\\\/cs\\\/product\\\/koupit-hydrokodon-prasek\\\/#primaryimage\"},\"thumbnailUrl\":\"https:\\\/\\\/medicinasinc.com\\\/cs\\\/wp-content\\\/uploads\\\/sites\\\/2\\\/2022\\\/02\\\/Buy-Hydrocodone-Powder.jpg\",\"datePublished\":\"2022-02-22T04:59:37+00:00\",\"dateModified\":\"2022-03-14T11:29:57+00:00\",\"description\":\"Koupit kvalitn\u00ed hydrokodonov\u00fd pr\u00e1\u0161ek na prodej v Evrop\u011b, Velk\u00e9 Brit\u00e1nii, Austr\u00e1lii online. Hydrokodonov\u00fd pr\u00e1\u0161ek je polosyntetick\u00fd opioid odvozen\u00fd z kodeinu. Objednejte si hydrokodonov\u00fd pr\u00e1\u0161ek za nejlep\u0161\u00ed ceny\",\"breadcrumb\":{\"@id\":\"https:\\\/\\\/medicinasinc.com\\\/cs\\\/product\\\/koupit-hydrokodon-prasek\\\/#breadcrumb\"},\"inLanguage\":\"en-US\",\"potentialAction\":[{\"@type\":\"ReadAction\",\"target\":[\"https:\\\/\\\/medicinasinc.com\\\/cs\\\/product\\\/koupit-hydrokodon-prasek\\\/\"]}]},{\"@type\":\"ImageObject\",\"inLanguage\":\"en-US\",\"@id\":\"https:\\\/\\\/medicinasinc.com\\\/cs\\\/product\\\/koupit-hydrokodon-prasek\\\/#primaryimage\",\"url\":\"https:\\\/\\\/medicinasinc.com\\\/cs\\\/wp-content\\\/uploads\\\/sites\\\/2\\\/2022\\\/02\\\/Buy-Hydrocodone-Powder.jpg\",\"contentUrl\":\"https:\\\/\\\/medicinasinc.com\\\/cs\\\/wp-content\\\/uploads\\\/sites\\\/2\\\/2022\\\/02\\\/Buy-Hydrocodone-Powder.jpg\",\"width\":650,\"height\":390},{\"@type\":\"BreadcrumbList\",\"@id\":\"https:\\\/\\\/medicinasinc.com\\\/cs\\\/product\\\/koupit-hydrokodon-prasek\\\/#breadcrumb\",\"itemListElement\":[{\"@type\":\"ListItem\",\"position\":1,\"name\":\"Obchod\",\"item\":\"https:\\\/\\\/medicinasinc.com\\\/cs\\\/obchod\\\/\"},{\"@type\":\"ListItem\",\"position\":2,\"name\":\"Koupit Hydrocodone Powder\"}]},{\"@type\":\"WebSite\",\"@id\":\"https:\\\/\\\/medicinasinc.com\\\/cs\\\/#website\",\"url\":\"https:\\\/\\\/medicinasinc.com\\\/cs\\\/\",\"name\":\"Medicinas Inc\",\"description\":\"Health Medical Clinic\",\"potentialAction\":[{\"@type\":\"SearchAction\",\"target\":{\"@type\":\"EntryPoint\",\"urlTemplate\":\"https:\\\/\\\/medicinasinc.com\\\/cs\\\/?s={search_term_string}\"},\"query-input\":{\"@type\":\"PropertyValueSpecification\",\"valueRequired\":true,\"valueName\":\"search_term_string\"}}],\"inLanguage\":\"en-US\"}]}<\/script>\n<!-- \/ Yoast SEO plugin. -->","yoast_head_json":{"title":"Koupit Hydrocodone Powder \u2013 Hydrocodone Powder \u2013 Best Global Meds","description":"Koupit kvalitn\u00ed hydrokodonov\u00fd pr\u00e1\u0161ek na prodej v Evrop\u011b, Velk\u00e9 Brit\u00e1nii, Austr\u00e1lii online. Hydrokodonov\u00fd pr\u00e1\u0161ek je polosyntetick\u00fd opioid odvozen\u00fd z kodeinu. Objednejte si hydrokodonov\u00fd pr\u00e1\u0161ek za nejlep\u0161\u00ed ceny","robots":{"index":"index","follow":"follow","max-snippet":"max-snippet:-1","max-image-preview":"max-image-preview:large","max-video-preview":"max-video-preview:-1"},"canonical":"https:\/\/medicinasinc.com\/cs\/product\/koupit-hydrokodon-prasek\/","og_locale":"en_US","og_type":"article","og_title":"Koupit Hydrocodone Powder \u2013 Hydrocodone Powder \u2013 Best Global Meds","og_description":"Koupit kvalitn\u00ed hydrokodonov\u00fd pr\u00e1\u0161ek na prodej v Evrop\u011b, Velk\u00e9 Brit\u00e1nii, Austr\u00e1lii online. Hydrokodonov\u00fd pr\u00e1\u0161ek je polosyntetick\u00fd opioid odvozen\u00fd z kodeinu. Objednejte si hydrokodonov\u00fd pr\u00e1\u0161ek za nejlep\u0161\u00ed ceny","og_url":"https:\/\/medicinasinc.com\/cs\/product\/koupit-hydrokodon-prasek\/","og_site_name":"Medicinas Inc","article_modified_time":"2022-03-14T11:29:57+00:00","og_image":[{"width":650,"height":390,"url":"https:\/\/medicinasinc.com\/cs\/wp-content\/uploads\/sites\/2\/2022\/02\/Buy-Hydrocodone-Powder.jpg","type":"image\/jpeg"}],"twitter_card":"summary_large_image","twitter_misc":{"Est. reading time":"1 minute"},"schema":{"@context":"https:\/\/schema.org","@graph":[{"@type":"WebPage","@id":"https:\/\/medicinasinc.com\/cs\/product\/koupit-hydrokodon-prasek\/","url":"https:\/\/medicinasinc.com\/cs\/product\/koupit-hydrokodon-prasek\/","name":"Koupit Hydrocodone Powder \u2013 Hydrocodone Powder \u2013 Best Global Meds","isPartOf":{"@id":"https:\/\/medicinasinc.com\/cs\/#website"},"primaryImageOfPage":{"@id":"https:\/\/medicinasinc.com\/cs\/product\/koupit-hydrokodon-prasek\/#primaryimage"},"image":{"@id":"https:\/\/medicinasinc.com\/cs\/product\/koupit-hydrokodon-prasek\/#primaryimage"},"thumbnailUrl":"https:\/\/medicinasinc.com\/cs\/wp-content\/uploads\/sites\/2\/2022\/02\/Buy-Hydrocodone-Powder.jpg","datePublished":"2022-02-22T04:59:37+00:00","dateModified":"2022-03-14T11:29:57+00:00","description":"Koupit kvalitn\u00ed hydrokodonov\u00fd pr\u00e1\u0161ek na prodej v Evrop\u011b, Velk\u00e9 Brit\u00e1nii, Austr\u00e1lii online. Hydrokodonov\u00fd pr\u00e1\u0161ek je polosyntetick\u00fd opioid odvozen\u00fd z kodeinu. Objednejte si hydrokodonov\u00fd pr\u00e1\u0161ek za nejlep\u0161\u00ed ceny","breadcrumb":{"@id":"https:\/\/medicinasinc.com\/cs\/product\/koupit-hydrokodon-prasek\/#breadcrumb"},"inLanguage":"en-US","potentialAction":[{"@type":"ReadAction","target":["https:\/\/medicinasinc.com\/cs\/product\/koupit-hydrokodon-prasek\/"]}]},{"@type":"ImageObject","inLanguage":"en-US","@id":"https:\/\/medicinasinc.com\/cs\/product\/koupit-hydrokodon-prasek\/#primaryimage","url":"https:\/\/medicinasinc.com\/cs\/wp-content\/uploads\/sites\/2\/2022\/02\/Buy-Hydrocodone-Powder.jpg","contentUrl":"https:\/\/medicinasinc.com\/cs\/wp-content\/uploads\/sites\/2\/2022\/02\/Buy-Hydrocodone-Powder.jpg","width":650,"height":390},{"@type":"BreadcrumbList","@id":"https:\/\/medicinasinc.com\/cs\/product\/koupit-hydrokodon-prasek\/#breadcrumb","itemListElement":[{"@type":"ListItem","position":1,"name":"Obchod","item":"https:\/\/medicinasinc.com\/cs\/obchod\/"},{"@type":"ListItem","position":2,"name":"Koupit Hydrocodone Powder"}]},{"@type":"WebSite","@id":"https:\/\/medicinasinc.com\/cs\/#website","url":"https:\/\/medicinasinc.com\/cs\/","name":"Medicinas Inc","description":"Health Medical Clinic","potentialAction":[{"@type":"SearchAction","target":{"@type":"EntryPoint","urlTemplate":"https:\/\/medicinasinc.com\/cs\/?s={search_term_string}"},"query-input":{"@type":"PropertyValueSpecification","valueRequired":true,"valueName":"search_term_string"}}],"inLanguage":"en-US"}]}},"_links":{"self":[{"href":"https:\/\/medicinasinc.com\/cs\/wp-json\/wp\/v2\/product\/5729","targetHints":{"allow":["GET"]}}],"collection":[{"href":"https:\/\/medicinasinc.com\/cs\/wp-json\/wp\/v2\/product"}],"about":[{"href":"https:\/\/medicinasinc.com\/cs\/wp-json\/wp\/v2\/types\/product"}],"replies":[{"embeddable":true,"href":"https:\/\/medicinasinc.com\/cs\/wp-json\/wp\/v2\/comments?post=5729"}],"wp:featuredmedia":[{"embeddable":true,"href":"https:\/\/medicinasinc.com\/cs\/wp-json\/wp\/v2\/media\/5738"}],"wp:attachment":[{"href":"https:\/\/medicinasinc.com\/cs\/wp-json\/wp\/v2\/media?parent=5729"}],"wp:term":[{"taxonomy":"product_brand","embeddable":true,"href":"https:\/\/medicinasinc.com\/cs\/wp-json\/wp\/v2\/product_brand?post=5729"},{"taxonomy":"product_cat","embeddable":true,"href":"https:\/\/medicinasinc.com\/cs\/wp-json\/wp\/v2\/product_cat?post=5729"},{"taxonomy":"product_tag","embeddable":true,"href":"https:\/\/medicinasinc.com\/cs\/wp-json\/wp\/v2\/product_tag?post=5729"}],"curies":[{"name":"wp","href":"https:\/\/api.w.org\/{rel}","templated":true}]}}