{"id":5710,"date":"2022-02-22T04:39:11","date_gmt":"2022-02-22T04:39:11","guid":{"rendered":"https:\/\/medicinasinc.com\/cs\/?post_type=product&#038;p=5710"},"modified":"2022-03-14T11:30:11","modified_gmt":"2022-03-14T11:30:11","slug":"buy-mdma-crystals","status":"publish","type":"product","link":"https:\/\/medicinasinc.com\/cs\/product\/buy-mdma-crystals\/","title":{"rendered":"Kupte si mdma krystaly"},"content":{"rendered":"<p>KDE OBJEDNAT MDMA POWDER A CRYSTAL ONLINE<\/p>\n<p>CRYSTAL MDMA je mo\u017en\u00e9 zakoupit na internetu. N\u00e1kup pr\u00e1\u0161ku MDMA online je jednoduch\u00fd a pohodln\u00fd. 3,4-Methylendioxymetamfetamin, \u010dast\u011bji ozna\u010dovan\u00fd jako ext\u00e1ze, je stimulant a obecn\u011b se pou\u017e\u00edv\u00e1 pro z\u00e1bavu. K dosa\u017een\u00ed po\u017eadovan\u00fdch v\u00fdsledk\u016f zahrnuj\u00ed dopady zm\u011bn\u011bn\u00e9 pocity a zv\u00fd\u0161en\u00ed energie, empatie a radosti. MDMA lze zakoupit p\u0159\u00edmo zde na na\u0161ich str\u00e1nk\u00e1ch. Zpo\u010d\u00e1tku MDMA v\u011bt\u0161inou u\u017e\u00edvali lid\u00e9, kte\u0159\u00ed nav\u0161t\u011bvovali no\u010dn\u00ed kluby a celono\u010dn\u00ed tane\u010dn\u00ed ve\u010d\u00edrky (zn\u00e1m\u00e9 jako \u201eraves\u201c), ale od t\u00e9 doby se droga roz\u0161\u00ed\u0159ila k \u0161ir\u0161\u00edmu publiku a nyn\u00ed je ozna\u010dov\u00e1na jako ext\u00e1ze nebo Molly.<\/p>\n<p>Jde o syntetickou drogu ovliv\u0148uj\u00edc\u00ed n\u00e1ladu a vn\u00edm\u00e1n\u00ed, 3,4-methylendioxy-metamfetamin (MDMA) (uv\u011bdom\u011bn\u00ed si okoln\u00edch objekt\u016f a podm\u00ednek). Jako stimulant a halucinogen vyvol\u00e1v\u00e1 pocity zv\u00fd\u0161en\u00e9 energie, pot\u011b\u0161en\u00ed a emocion\u00e1ln\u00edho tepla a tak\u00e9 zmaten\u00fd smyslov\u00fd z\u00e1\u017eitek.<\/p>\n<p>Jak je MDMA CYSTAL | Pr\u00e1\u0161ek, kter\u00fd pou\u017e\u00edvaj\u00ed jeho u\u017eivatel\u00e9?<\/p>\n<p>MDMA se b\u011b\u017en\u011b pou\u017e\u00edv\u00e1 ve form\u011b pilulek nebo kapsl\u00ed, i kdy\u017e jej lze po\u017e\u00edvat tak\u00e9 jako tekutinu nebo \u0161\u0148upat jako pr\u00e1\u0161ek. Tomuto pr\u00e1\u0161kov\u00e9mu MDMA (MDMA CRYSTAL) se b\u011b\u017en\u011b \u0159\u00edk\u00e1 Molly, co\u017e je slangov\u00fd v\u00fdraz pro \u00fadajn\u011b \u201e\u010distou\u201c krystalickou pr\u00e1\u0161kovou formu drogy. N\u011bkte\u0159\u00ed lid\u00e9 mohou MDMA kombinovat s jin\u00fdmi l\u00e1tkami, jako je alkohol nebo marihuana.<\/p>\n<p>Jak\u00e9 jsou \u00fa\u010dinky MDMA na mozek?<\/p>\n<p>T\u0159i mozkov\u00e9 molekuly jsou aktivov\u00e1ny MDMA: <\/p>\n<p>Zv\u00fd\u0161en\u00e1 energie a aktivita jsou dva z \u00fa\u010dink\u016f dopaminu, kter\u00fd funguje jako odm\u011bna v syst\u00e9mu odm\u011bn v mozku.<br \/> Lid\u00e9 s kardiovaskul\u00e1rn\u00edmi nebo c\u00e9vn\u00edmi probl\u00e9my jsou zraniteln\u011bj\u0161\u00ed v\u016f\u010di \u00fa\u010dink\u016fm norepinefrinu, kter\u00fd zvy\u0161uje srde\u010dn\u00ed frekvenci a krevn\u00ed tlak.<br \/> Existuje mnoho funkc\u00ed, kter\u00e9 serotonin ovliv\u0148uje, jako je n\u00e1lada, hlad a sp\u00e1nek. M\u00e1 tak\u00e9 vliv na sexu\u00e1ln\u00ed vzru\u0161en\u00ed a d\u016fv\u011bru t\u00edm, \u017ee zp\u016fsobuje uvol\u0148ov\u00e1n\u00ed hormon\u016f. Lid\u00e9, kte\u0159\u00ed u\u017e\u00edvaj\u00ed MDMA, hl\u00e1s\u00ed pocity emocion\u00e1ln\u00edho spojen\u00ed, lep\u0161\u00ed n\u00e1ladu a empatii v d\u016fsledku \u00fa\u010dink\u016f drogy uvol\u0148uj\u00edc\u00ed serotonin. Kupte si pilulky Molly v renomovan\u00e9 internetov\u00e9 l\u00e9k\u00e1rn\u011b.<\/p>\n<p>&nbsp;<\/p>\n<p>Pokud jde o dal\u0161\u00ed negativn\u00ed vlivy na zdrav\u00ed:<\/p>\n<p>bolesti b\u0159icha a k\u0159e\u010de<br \/> zat\u00edn\u00e1n\u00ed zub\u016f zp\u016fsobilo opar v m\u00e9m vid\u011bn\u00ed<br \/> zimom\u0159ivost<\/p>\n","protected":false},"excerpt":{"rendered":"<p>Nakupte od n\u00e1s krystaly mdma na prodej ve Velk\u00e9 Brit\u00e1nii a Evrop\u011b. Lid\u00e9, kte\u0159\u00ed u n\u00e1s nakupuj\u00ed, si mohou b\u00fdt jisti, \u017ee dostanou to, za co zaplat\u00ed. Nyn\u00ed si kupte 3,4-methylendioxymetamfetamin.<\/p>\n<p>Ext\u00e1ze\/Molly Crystals jsou na prodej (ext\u00e1ze\/Molly Crystals m\u016f\u017eete koupit online). Existuje mnoho m\u00edst, kde si m\u016f\u017eete koupit krystaly MDMA online. M\u016f\u017eete si tak\u00e9 koupit krystaly methylonu online.<\/p>\n","protected":false},"featured_media":5720,"comment_status":"open","ping_status":"closed","template":"","meta":[],"product_brand":[],"product_cat":[2014],"product_tag":[3644,3645,3646,3655,3648,3668,3667,3669,501,3647,506,3664,3650,3652,3653,3654,3656,3657,3660,3661,3659,3662,3666,539,3663,3658,3649,3651,3665],"class_list":{"0":"post-5710","1":"product","2":"type-product","3":"status-publish","4":"has-post-thumbnail","6":"product_cat-koupit-vyzkumne-chemikalie","7":"product_tag-buy-mdma-crystal","8":"product_tag-buy-mdma-crystal-online","9":"product_tag-buy-mdma-crystals","10":"product_tag-mdma-crystals-prices","11":"product_tag-jak-nakoupit-mdma-crystal-online","12":"product_tag-kde-koupit-mdma-crystal-online","13":"product_tag-kde-mohu-koupit-mdma","14":"product_tag-kde-zskat-mdma-usa","15":"product_tag-koupit-mdma-online","16":"product_tag-koupit-mdma-prek","17":"product_tag-buy-pure-mdma-online","18":"product_tag-nkup-mdma-crystal-online","19":"product_tag-mail-order-mdma-crystal","20":"product_tag-mdma-crystal-na-prodej-online","21":"product_tag-mdma-crystals-effect","22":"product_tag-mdma-krystaly-na-prodej","23":"product_tag-mdma-crystals-reddit","24":"product_tag-mdma-for-sale-usa","25":"product_tag-mdma-powder-crystals","26":"product_tag-mdma-powder-crystals-online","27":"product_tag-mdma-prek","28":"product_tag-mdma-prek-na-prodej","29":"product_tag-nejlep-msto-k-koupit-mdma-crystal-online","30":"product_tag-objednvka-mdma-online","31":"product_tag-objednvka-mdma-crystal-online","32":"product_tag-mdma-online-buy","33":"product_tag-mail-order-mdma","34":"product_tag-mdma-crystal-na-prodej","35":"product_tag-tags-buy-exstasy-usa","37":"first","38":"instock","39":"shipping-taxable","40":"purchasable","41":"product-type-variable","42":"has-default-attributes"},"yoast_head":"<!-- This site is optimized with the Yoast SEO plugin v27.3 - https:\/\/yoast.com\/product\/yoast-seo-wordpress\/ -->\n<title>Koupit mdma krystaly - Mdma krystaly na prodej - Best Global Meds<\/title>\n<meta name=\"description\" content=\"Koupit krystaly mdma na prodej ve Velk\u00e9 Brit\u00e1nii, Evrop\u011b. nab\u00edz\u00edme nejspolehliv\u011bj\u0161\u00ed transakce a prod\u00e1v\u00e1me za velmi p\u0159ijateln\u00e9 ceny. Objednejte si 3,4-methylendioxymetamfetamin nyn\u00ed\" \/>\n<meta name=\"robots\" content=\"index, follow, max-snippet:-1, max-image-preview:large, max-video-preview:-1\" \/>\n<link rel=\"canonical\" href=\"https:\/\/medicinasinc.com\/cs\/product\/buy-mdma-crystals\/\" \/>\n<meta property=\"og:locale\" content=\"en_US\" \/>\n<meta property=\"og:type\" content=\"article\" \/>\n<meta property=\"og:title\" content=\"Koupit mdma krystaly - Mdma krystaly na prodej - Best Global Meds\" \/>\n<meta property=\"og:description\" content=\"Koupit krystaly mdma na prodej ve Velk\u00e9 Brit\u00e1nii, Evrop\u011b. nab\u00edz\u00edme nejspolehliv\u011bj\u0161\u00ed transakce a prod\u00e1v\u00e1me za velmi p\u0159ijateln\u00e9 ceny. Objednejte si 3,4-methylendioxymetamfetamin nyn\u00ed\" \/>\n<meta property=\"og:url\" content=\"https:\/\/medicinasinc.com\/cs\/product\/buy-mdma-crystals\/\" \/>\n<meta property=\"og:site_name\" content=\"Medicinas Inc\" \/>\n<meta property=\"article:modified_time\" content=\"2022-03-14T11:30:11+00:00\" \/>\n<meta property=\"og:image\" content=\"https:\/\/medicinasinc.com\/cs\/wp-content\/uploads\/sites\/2\/2022\/02\/Buy-mdma-crystals.jpg\" \/>\n\t<meta property=\"og:image:width\" content=\"600\" \/>\n\t<meta property=\"og:image:height\" content=\"600\" \/>\n\t<meta property=\"og:image:type\" content=\"image\/jpeg\" \/>\n<meta name=\"twitter:card\" content=\"summary_large_image\" \/>\n<meta name=\"twitter:label1\" content=\"Est. reading time\" \/>\n\t<meta name=\"twitter:data1\" content=\"2 minutes\" \/>\n<script type=\"application\/ld+json\" class=\"yoast-schema-graph\">{\"@context\":\"https:\\\/\\\/schema.org\",\"@graph\":[{\"@type\":\"WebPage\",\"@id\":\"https:\\\/\\\/medicinasinc.com\\\/cs\\\/product\\\/buy-mdma-crystals\\\/\",\"url\":\"https:\\\/\\\/medicinasinc.com\\\/cs\\\/product\\\/buy-mdma-crystals\\\/\",\"name\":\"Koupit mdma krystaly - Mdma krystaly na prodej - Best Global Meds\",\"isPartOf\":{\"@id\":\"https:\\\/\\\/medicinasinc.com\\\/cs\\\/#website\"},\"primaryImageOfPage\":{\"@id\":\"https:\\\/\\\/medicinasinc.com\\\/cs\\\/product\\\/buy-mdma-crystals\\\/#primaryimage\"},\"image\":{\"@id\":\"https:\\\/\\\/medicinasinc.com\\\/cs\\\/product\\\/buy-mdma-crystals\\\/#primaryimage\"},\"thumbnailUrl\":\"https:\\\/\\\/medicinasinc.com\\\/cs\\\/wp-content\\\/uploads\\\/sites\\\/2\\\/2022\\\/02\\\/Buy-mdma-crystals.jpg\",\"datePublished\":\"2022-02-22T04:39:11+00:00\",\"dateModified\":\"2022-03-14T11:30:11+00:00\",\"description\":\"Koupit krystaly mdma na prodej ve Velk\u00e9 Brit\u00e1nii, Evrop\u011b. nab\u00edz\u00edme nejspolehliv\u011bj\u0161\u00ed transakce a prod\u00e1v\u00e1me za velmi p\u0159ijateln\u00e9 ceny. Objednejte si 3,4-methylendioxymetamfetamin nyn\u00ed\",\"breadcrumb\":{\"@id\":\"https:\\\/\\\/medicinasinc.com\\\/cs\\\/product\\\/buy-mdma-crystals\\\/#breadcrumb\"},\"inLanguage\":\"en-US\",\"potentialAction\":[{\"@type\":\"ReadAction\",\"target\":[\"https:\\\/\\\/medicinasinc.com\\\/cs\\\/product\\\/buy-mdma-crystals\\\/\"]}]},{\"@type\":\"ImageObject\",\"inLanguage\":\"en-US\",\"@id\":\"https:\\\/\\\/medicinasinc.com\\\/cs\\\/product\\\/buy-mdma-crystals\\\/#primaryimage\",\"url\":\"https:\\\/\\\/medicinasinc.com\\\/cs\\\/wp-content\\\/uploads\\\/sites\\\/2\\\/2022\\\/02\\\/Buy-mdma-crystals.jpg\",\"contentUrl\":\"https:\\\/\\\/medicinasinc.com\\\/cs\\\/wp-content\\\/uploads\\\/sites\\\/2\\\/2022\\\/02\\\/Buy-mdma-crystals.jpg\",\"width\":600,\"height\":600},{\"@type\":\"BreadcrumbList\",\"@id\":\"https:\\\/\\\/medicinasinc.com\\\/cs\\\/product\\\/buy-mdma-crystals\\\/#breadcrumb\",\"itemListElement\":[{\"@type\":\"ListItem\",\"position\":1,\"name\":\"Obchod\",\"item\":\"https:\\\/\\\/medicinasinc.com\\\/cs\\\/obchod\\\/\"},{\"@type\":\"ListItem\",\"position\":2,\"name\":\"Kupte si mdma krystaly\"}]},{\"@type\":\"WebSite\",\"@id\":\"https:\\\/\\\/medicinasinc.com\\\/cs\\\/#website\",\"url\":\"https:\\\/\\\/medicinasinc.com\\\/cs\\\/\",\"name\":\"Medicinas Inc\",\"description\":\"Health Medical Clinic\",\"potentialAction\":[{\"@type\":\"SearchAction\",\"target\":{\"@type\":\"EntryPoint\",\"urlTemplate\":\"https:\\\/\\\/medicinasinc.com\\\/cs\\\/?s={search_term_string}\"},\"query-input\":{\"@type\":\"PropertyValueSpecification\",\"valueRequired\":true,\"valueName\":\"search_term_string\"}}],\"inLanguage\":\"en-US\"}]}<\/script>\n<!-- \/ Yoast SEO plugin. -->","yoast_head_json":{"title":"Koupit mdma krystaly - Mdma krystaly na prodej - Best Global Meds","description":"Koupit krystaly mdma na prodej ve Velk\u00e9 Brit\u00e1nii, Evrop\u011b. nab\u00edz\u00edme nejspolehliv\u011bj\u0161\u00ed transakce a prod\u00e1v\u00e1me za velmi p\u0159ijateln\u00e9 ceny. Objednejte si 3,4-methylendioxymetamfetamin nyn\u00ed","robots":{"index":"index","follow":"follow","max-snippet":"max-snippet:-1","max-image-preview":"max-image-preview:large","max-video-preview":"max-video-preview:-1"},"canonical":"https:\/\/medicinasinc.com\/cs\/product\/buy-mdma-crystals\/","og_locale":"en_US","og_type":"article","og_title":"Koupit mdma krystaly - Mdma krystaly na prodej - Best Global Meds","og_description":"Koupit krystaly mdma na prodej ve Velk\u00e9 Brit\u00e1nii, Evrop\u011b. nab\u00edz\u00edme nejspolehliv\u011bj\u0161\u00ed transakce a prod\u00e1v\u00e1me za velmi p\u0159ijateln\u00e9 ceny. Objednejte si 3,4-methylendioxymetamfetamin nyn\u00ed","og_url":"https:\/\/medicinasinc.com\/cs\/product\/buy-mdma-crystals\/","og_site_name":"Medicinas Inc","article_modified_time":"2022-03-14T11:30:11+00:00","og_image":[{"width":600,"height":600,"url":"https:\/\/medicinasinc.com\/cs\/wp-content\/uploads\/sites\/2\/2022\/02\/Buy-mdma-crystals.jpg","type":"image\/jpeg"}],"twitter_card":"summary_large_image","twitter_misc":{"Est. reading time":"2 minutes"},"schema":{"@context":"https:\/\/schema.org","@graph":[{"@type":"WebPage","@id":"https:\/\/medicinasinc.com\/cs\/product\/buy-mdma-crystals\/","url":"https:\/\/medicinasinc.com\/cs\/product\/buy-mdma-crystals\/","name":"Koupit mdma krystaly - Mdma krystaly na prodej - Best Global Meds","isPartOf":{"@id":"https:\/\/medicinasinc.com\/cs\/#website"},"primaryImageOfPage":{"@id":"https:\/\/medicinasinc.com\/cs\/product\/buy-mdma-crystals\/#primaryimage"},"image":{"@id":"https:\/\/medicinasinc.com\/cs\/product\/buy-mdma-crystals\/#primaryimage"},"thumbnailUrl":"https:\/\/medicinasinc.com\/cs\/wp-content\/uploads\/sites\/2\/2022\/02\/Buy-mdma-crystals.jpg","datePublished":"2022-02-22T04:39:11+00:00","dateModified":"2022-03-14T11:30:11+00:00","description":"Koupit krystaly mdma na prodej ve Velk\u00e9 Brit\u00e1nii, Evrop\u011b. nab\u00edz\u00edme nejspolehliv\u011bj\u0161\u00ed transakce a prod\u00e1v\u00e1me za velmi p\u0159ijateln\u00e9 ceny. Objednejte si 3,4-methylendioxymetamfetamin nyn\u00ed","breadcrumb":{"@id":"https:\/\/medicinasinc.com\/cs\/product\/buy-mdma-crystals\/#breadcrumb"},"inLanguage":"en-US","potentialAction":[{"@type":"ReadAction","target":["https:\/\/medicinasinc.com\/cs\/product\/buy-mdma-crystals\/"]}]},{"@type":"ImageObject","inLanguage":"en-US","@id":"https:\/\/medicinasinc.com\/cs\/product\/buy-mdma-crystals\/#primaryimage","url":"https:\/\/medicinasinc.com\/cs\/wp-content\/uploads\/sites\/2\/2022\/02\/Buy-mdma-crystals.jpg","contentUrl":"https:\/\/medicinasinc.com\/cs\/wp-content\/uploads\/sites\/2\/2022\/02\/Buy-mdma-crystals.jpg","width":600,"height":600},{"@type":"BreadcrumbList","@id":"https:\/\/medicinasinc.com\/cs\/product\/buy-mdma-crystals\/#breadcrumb","itemListElement":[{"@type":"ListItem","position":1,"name":"Obchod","item":"https:\/\/medicinasinc.com\/cs\/obchod\/"},{"@type":"ListItem","position":2,"name":"Kupte si mdma krystaly"}]},{"@type":"WebSite","@id":"https:\/\/medicinasinc.com\/cs\/#website","url":"https:\/\/medicinasinc.com\/cs\/","name":"Medicinas Inc","description":"Health Medical Clinic","potentialAction":[{"@type":"SearchAction","target":{"@type":"EntryPoint","urlTemplate":"https:\/\/medicinasinc.com\/cs\/?s={search_term_string}"},"query-input":{"@type":"PropertyValueSpecification","valueRequired":true,"valueName":"search_term_string"}}],"inLanguage":"en-US"}]}},"_links":{"self":[{"href":"https:\/\/medicinasinc.com\/cs\/wp-json\/wp\/v2\/product\/5710","targetHints":{"allow":["GET"]}}],"collection":[{"href":"https:\/\/medicinasinc.com\/cs\/wp-json\/wp\/v2\/product"}],"about":[{"href":"https:\/\/medicinasinc.com\/cs\/wp-json\/wp\/v2\/types\/product"}],"replies":[{"embeddable":true,"href":"https:\/\/medicinasinc.com\/cs\/wp-json\/wp\/v2\/comments?post=5710"}],"wp:featuredmedia":[{"embeddable":true,"href":"https:\/\/medicinasinc.com\/cs\/wp-json\/wp\/v2\/media\/5720"}],"wp:attachment":[{"href":"https:\/\/medicinasinc.com\/cs\/wp-json\/wp\/v2\/media?parent=5710"}],"wp:term":[{"taxonomy":"product_brand","embeddable":true,"href":"https:\/\/medicinasinc.com\/cs\/wp-json\/wp\/v2\/product_brand?post=5710"},{"taxonomy":"product_cat","embeddable":true,"href":"https:\/\/medicinasinc.com\/cs\/wp-json\/wp\/v2\/product_cat?post=5710"},{"taxonomy":"product_tag","embeddable":true,"href":"https:\/\/medicinasinc.com\/cs\/wp-json\/wp\/v2\/product_tag?post=5710"}],"curies":[{"name":"wp","href":"https:\/\/api.w.org\/{rel}","templated":true}]}}