{"id":5703,"date":"2022-02-22T04:29:46","date_gmt":"2022-02-22T04:29:46","guid":{"rendered":"https:\/\/medicinasinc.com\/cs\/?post_type=product&#038;p=5703"},"modified":"2022-03-14T11:30:26","modified_gmt":"2022-03-14T11:30:26","slug":"buy-dimethyltryptamin-dmt","status":"publish","type":"product","link":"https:\/\/medicinasinc.com\/cs\/product\/buy-dimethyltryptamin-dmt\/","title":{"rendered":"Koupit Dimethyltryptamin DMT"},"content":{"rendered":"<p>Je mnoho m\u00edst, kde lze DMT Powder koupit online.<\/p>\n<p>DMT existuje ji\u017e dlouhou dobu. Droga se v pr\u016fb\u011bhu let hodn\u011b pou\u017e\u00edvala k mnoha r\u016fzn\u00fdm v\u011bcem, dokud ji vl\u00e1da nepova\u017eovala za drogu, kter\u00e1 by mohla b\u00fdt nebezpe\u010dn\u00e1, pokud by byla dovedena do extr\u00e9mu. Mo\u017en\u00e1 nebudete moci koupit DMT pr\u00e1\u0161ek online, pokud nev\u00edte, jak na to Kone\u010dn\u011b se va\u0161e tvrd\u00e1 pr\u00e1ce vyplatila a m\u00e1te po\u017eadovan\u00e9 v\u00fdsledky. Bestglobalmeds je web, kde si m\u016f\u017eete koupit DMT online za skv\u011blou cenu. M\u00e1 vysoce kvalitn\u00ed a \u010dist\u00fd DMT.<\/p>\n<p>Odpov\u011b\u010f na ot\u00e1zku &#8220;Co je DMT pr\u00e1\u0161ek?&#8221;<\/p>\n<p>DMT (N,N-dimethyltryptamin) je p\u0159\u00edrodn\u00ed psychedelick\u00fd tryptamin, kter\u00fd m\u016f\u017ee lze nal\u00e9zt u rostlin, zv\u00ed\u0159at a lid\u00ed. Pat\u0159\u00ed do skupiny psychedelick\u00fdch drog (l\u00e1tky, d\u00edky kter\u00fdm se budete v\u00edce uv\u011bdomovat). Sm\u011bsi DMT vyroben\u00e9 spole\u010dnost\u00ed Changa jsou tak\u00e9 vyr\u00e1b\u011bny t\u00edmto zp\u016fsobem. Mohou b\u00fdt vyrobeny ve form\u011b pr\u00e1\u0161ku nebo mohou b\u00fdt vyrobeny ve form\u011b pr\u00e1\u0161ku.<\/p>\n<p>Je to p\u0159irozen\u011b se vyskytuj\u00edc\u00ed l\u00e1tka, kter\u00e1 se v mal\u00fdch mno\u017estv\u00edch vyskytuje v lidsk\u00e9m mozku, kde je jej\u00ed funkce nezn\u00e1m\u00e1. DMT je zn\u00e1m\u00fd svou silou. Pokud ho vykou\u0159\u00edte, jeho psychedelick\u00fd v\u00fdlet trv\u00e1 pouze 5 a\u017e 30 minut, ale \u00fa\u010dinek, kter\u00fd m\u00e1, je siln\u00fd a dlouhodob\u00fd. Pocit, \u017ee byl posl\u00e1n na \u00fapln\u011b jin\u00e9 m\u00edsto, se zvuky a obrazy, kter\u00e9 v\u00e1s nut\u00ed myslet na kal\u0435d\u043e\u0441\u043e\u0440ick\u00e9 v\u011bci,<\/p>\n<p>Ayahuasca se vyr\u00e1b\u00ed z k\u016fry strom\u016f obsahuj\u00edc\u00edch DMT a dal\u0161\u00edch rostlin, kter\u00e9 obsahuj\u00ed chemick\u00e1 l\u00e1tka naz\u00fdvan\u00e1 MAOI (inhibitor monoaminooxid\u00e1zy, pro skute\u010dn\u011b nemocn\u00e9). MAOI zp\u016fsobuje, \u017ee DMT vydr\u017e\u00ed v na\u0161em t\u011ble mnohem d\u00e9le a prodlu\u017euje psychiatrick\u00fd z\u00e1\u017eitek na hodiny. DMT se v tradi\u010dn\u00ed medic\u00edn\u011b pou\u017e\u00edv\u00e1 ji\u017e dlouhou dobu.<\/p>\n<p>V posledn\u00edch n\u011bkolika letech se tento n\u00e1poj stal popul\u00e1rn\u011bj\u0161\u00edm kv\u016fli jeho l\u00e9\u010div\u00fdm vlastnostem, v\u010detn\u011b l\u00e9\u010dby p\u0159i zneu\u017e\u00edv\u00e1n\u00ed n\u00e1vykov\u00fdch l\u00e1tek. Ve srovn\u00e1n\u00ed s \u201edrsn\u00fdm patriarchou\u201c ze Sbog\u00e1ne byl \u201emiluj\u00edc\u00ed matriarcha\u201c l\u00e9\u010den\u00ed Ayahuascou naz\u00fdv\u00e1n \u201emiluj\u00edc\u00ed matriarcha\u201c. Pom\u00e1h\u00e1 lidem odbour\u00e1vat obrann\u00e9 mechanismy, kter\u00e9 si mo\u017en\u00e1 vybudovali a kter\u00e9 jim br\u00e1n\u00ed ve spojen\u00ed s ostatn\u00edmi.<\/p>\n<p>V\u00edte, jak vypad\u00e1 DMT?<br \/> Popi\u0161te, jak vypad\u00e1 DMT.<br \/> KDY\u017d je \u010dist\u00fd, vypad\u00e1 jako b\u00edl\u00fd krystalick\u00fd pr\u00e1\u0161ek nebo n\u011bco jin\u00e9ho.<br \/> Tak\u00e9, kdy\u017e nen\u00ed \u010dist\u00fd, vypad\u00e1 jako \u017elut\u00fd, oran\u017eov\u00fd nebo r\u016f\u017eov\u00fd pr\u00e1\u0161ek nebo kapalina. Toto je b\u011b\u017en\u011bj\u0161\u00ed, ale nen\u00ed to jedin\u00fd zp\u016fsob, jak se na to d\u00edvat.<br \/> Hn\u011bdo-\u010derven\u00e1 bylinn\u00e1 sm\u011bs, kdy\u017e je sm\u00edch\u00e1na s bylinkami, vytv\u00e1\u0159\u00ed n\u00e1poj zvan\u00fd ayahuasca Hn\u011bdo\/\u010derven\u00fd lik\u00e9r, pokud je sou\u010d\u00e1st\u00ed ayahuascy n\u00e1poj.<br \/> DMT chutn\u00e1 a von\u00ed jako co.<\/p>\n<p>N,N-dimethyltr\u0443ptamin m\u00e1 velmi silnou v\u016fni a chu\u0165, kterou mnoho lid\u00ed, v\u010detn\u011b na\u0161ich klient\u016f, p\u0159irovnalo ke sp\u00e1len\u00fdm plast\u016fm a nov\u00fdm bot\u00e1m.<\/p>\n<p>Jak se pou\u017e\u00edv\u00e1 DMT?<\/p>\n<p>Kdy\u017e kupujete DMT online, m\u011bjte na pam\u011bti, \u017ee jej lze pou\u017e\u00edt t\u0159emi hlavn\u00edmi zp\u016fsoby: Smacked, Change, and Swadled up.<\/p>\n<p>DMT se kou\u0159\u00ed.<\/p>\n<p>Lid\u00e9 n\u011bkdy m\u00edchaj\u00ed DMT s bylinkami, jako je ayahuasca, aby vytvo\u0159ili n\u00e1poj zvan\u00fd ch\u00e1ng\u0430. Je to proto, \u017ee DMT je nebezpe\u010dn\u00fd a jeho kou\u0159en\u00ed m\u016f\u017ee b\u00fdt nebezpe\u010dn\u00e9. Ka\u017ed\u00e1 \u0161ar\u017ee ch\u0430nga se li\u0161\u00ed podle toho, jak\u00e9 bylinky se pou\u017e\u00edvaj\u00ed, tak\u017ee s\u00edla ka\u017ed\u00e9 \u0161ar\u017ee se li\u0161\u00ed.<\/p>\n<p>Lid\u00e9 se pij\u00ed DMT<\/p>\n<p>Ch\u00e1cruna je jihoamerick\u00e1 bylina, kter\u00e1 obsahuje DMT to. N\u011bkdy se sm\u00eds\u00ed s rostlinou \u0430y\u0430huas\u0441\u0430, aby se vyrobil \u0161amansk\u00fd n\u00e1poj, \u0430y\u0430huas\u0441\u0430.<\/p>\n<p>Pod\u00e1n\u00ed DMT n\u011bkomu<\/p>\n<p>DMT m\u016f\u017ee b\u00fdt p\u0159ipraveno k injekci, co\u017e m\u016f\u017ee b\u00fdt velmi nebezpe\u010dn\u00e9 , taky.<\/p>\n<p>\u0160\u0148up\u00e1n\u00ed DMT<\/p>\n<p>Abyste z\u00edskali DMT, m\u016f\u017eete ho rozdrtit na pr\u00e1\u0161ek a \u0161\u0148upnout.<\/p>\n<p>D\u043e\u0455\u0430g\u0435<\/p>\n<p>DMT: Vykou\u0159il 15\u201360 mg (pouze ve sklen\u011bn\u00e9 d\u00fdmce), \u0161\u0148upal 20\u201350 mg a vypil 30 a\u017e 150 mg.<\/p>\n<p>Changa: V\u0161e z\u00e1vis\u00ed na tom, kolik DMT je v pod\u00edlu.<\/p>\n<p>Dokud je ve sm\u011bsi dostatek DMT.<\/p>\n<p>Co se stane, kdy\u017e si vezmete DMT?<br \/> Jak to vn\u00edm\u00e1te?<\/p>\n<p> DMT je zn\u00e1m\u00e9 t\u00edm, \u017ee d\u00e1v\u00e1 lidem, kte\u0159\u00ed jej berou, velmi intenzivn\u00ed \u201etrp\u201c, co\u017e je n\u00e1zev pro z\u00e1\u017eitek z u\u017e\u00edv\u00e1n\u00ed psychedelika.<\/p>\n<p>Kdy\u017e si vezmete DMT, sv\u011bt vypad\u00e1 \u00fapln\u011b jinak. Barvy, zvuky, p\u0159edm\u011bty a dokonce i \u010das mohou v\u0161echno vypadat velmi odli\u0161n\u011b. N\u011bkte\u0159\u00ed lid\u00e9 maj\u00ed p\u0159i u\u017e\u00edv\u00e1n\u00ed DMT mimot\u011bln\u00ed z\u00e1\u017eitky.<\/p>\n<p>M\u016f\u017ee v\u00e1s to p\u0159im\u011bt:<\/p>\n<p>vid\u011bt a sly\u0161et v\u011bci, kter\u00e9 tam nejsou (hallu\u0441n\u0430t\u0435), co\u017e by mohlo b\u00fdt dobr\u00e9 nebo \u0161patn\u00e9 zku\u0161enosti. Pocit, \u017ee \u010das a pohyb se zrychluj\u00ed nebo zpomaluj\u00ed. Tomu se \u0159\u00edk\u00e1 \u201evizu\u00e1ly.\u201c<br \/> Jak se lid\u00e9 chovaj\u00ed?<\/p>\n<p>Lid\u00e9 se mohou chovat zp\u016fsobem, kter\u00fd neo\u010dek\u00e1vaj\u00ed, kdy\u017e maj\u00ed vysokou d\u00e1vku DMT, stejn\u011b jako jak\u00e1koli halucinogenn\u00ed droga.<\/p>\n<p> p&gt; <\/p>\n<p>N\u011bkolik u\u017eivatel\u016f \u0159\u00edk\u00e1, \u017ee se c\u00edt\u00ed, jako by proch\u00e1zeli z\u00e1\u017eitkem bl\u00edzko smrti, a v d\u016fsledku toho velmi ztichli a d\u00edvaj\u00ed se dovnit\u0159.<\/p>\n<p>N\u011bkte\u0159\u00ed lid\u00e9 \u0159\u00edkaj\u00ed, \u017ee mohou Neh\u00fdbejte se, kdy\u017e jsou na DMT.<\/p>\n<p>Kdy na v\u00e1s DMT za\u010dne m\u00edt vliv?<\/p>\n<p>V\u0161e z\u00e1le\u017e\u00ed na tom, kolik jste toho vzali, jak jste velc\u00ed , zda jste jedli a jak\u00e9 dal\u0161\u00ed drogy jste u\u017eili.<\/p>\n<p>Toto slovo je tak\u00e9 zn\u00e1m\u00e9 jako &#8220;k\u0441k.&#8221;<\/p>\n<p>Kdy\u017e se kou\u0159\u00ed, DMT p\u0159ich\u00e1z\u00ed velmi rychle. \u00da\u010dinek m\u016f\u017ee trvat dlouho, ne\u017e se projev\u00ed, kdy\u017e je sou\u010d\u00e1st\u00ed ob\u0159adu ayahuasca.<\/p>\n<p>Jak dlouho to trvalo?<\/p>\n<p>Kdy\u017e jdete na DMT, m\u016f\u017eete b\u00fdt velmi nad\u0161en\u00ed v\u00fdlet, ale tak\u00e9 trvaj\u00ed velmi rychle, n\u011bkdy jen minuty. Jako sou\u010d\u00e1st ob\u0159adu ayahuasca m\u016f\u017ee cesta DMT trvat n\u011bkolik hodin, ale m\u016f\u017ee b\u00fdt tak\u00e9 velmi kr\u00e1tk\u00e1.<\/p>\n<p>Z t\u011bchto d\u016fvod\u016f byla DMT v 60. letech 20. stolet\u00ed zn\u00e1m\u00e1 jako \u201ebun\u0435s trip\u201c. Spojen\u00e9 st\u00e1ty. U\u017eivatel mohl z\u00edskat celou hloubku a rozsah z\u00e1\u017eitk\u016f s touto drogou, kter\u00e1 byla rychlej\u0161\u00ed ne\u017e s jin\u00fdmi drogami, jako je LSD nebo magick\u00e9 houby.<\/p>\n<p>DMT m\u00e1 co?<br \/> Takto vypad\u00e1 fyzick\u00e9 zdrav\u00ed funguje:<\/p>\n<p>Mnoho lid\u00ed v Ji\u017en\u00ed Americe pije nebo j\u00ed n\u00e1poje nebo j\u00eddlo, kter\u00e9 m\u00e1 v sob\u011b DMT jako sou\u010d\u00e1st jejich zp\u016fsobu \u017eivota. Nejzn\u00e1m\u011bj\u0161\u00edm p\u0159\u00edkladem jsou ob\u0159ady ayahuascy.<\/p>\n<p>N\u011bkte\u0159\u00ed lid\u00e9 si mysl\u00ed, \u017ee DMT je duchovn\u00ed droga, kter\u00e1 je tak\u00e9 bezpe\u010dn\u00e1, ale st\u00e1le je to chemick\u00fd halucinogen.<\/p>\n<p>M\u016f\u017ee:<\/p>\n<p> p&gt; <\/p>\n<p>Je \u010das zkontrolovat si krevn\u00ed tlak.<br \/> pokud m\u00e1te ji\u017e existuj\u00edc\u00ed srde\u010dn\u00ed onemocn\u011bn\u00ed, m\u016f\u017ee v\u00e1m zv\u00fd\u0161en\u00ed srde\u010dn\u00ed frekvence zp\u016fsobit nevolnost a cht\u00edt odej\u00edt. Je to proto, \u017ee va\u0161e t\u011blo dost\u00e1v\u00e1 spoustu jedu.<\/p>\n<p>Pokud u\u017e\u00edv\u00e1te DMT, m\u016f\u017ee to m\u00edt mnoho r\u016fzn\u00fdch a n\u011bkdy velmi d\u011bsiv\u00fdch \u00fa\u010dink\u016f. Tyto \u00fa\u010dinky nemus\u00ed m\u00edt \u010dlov\u011bk ani v hlav\u011b.<\/p>\n<p>Pokud n\u011bkdo vejde, m\u016f\u017ee to b\u00fdt velmi matouc\u00ed a d\u011bsiv\u00e9.<\/p>\n<p>M\u016f\u017ee v\u00e1m to pomoci: kdy\u017e si vezmete drogu, jako je DMT .<\/p>\n<p>Flashbacky nastanou, kdy\u017e si \u010d\u00e1st cesty znovu pro\u017eijete po t\u00e9 p\u016fvodn\u00ed.<br \/> Pozorn\u011b sledujte n\u011bkoho, kdo m\u011bl v minulosti probl\u00e9my s du\u0161evn\u00edm zdrav\u00edm. Mohlo by to zp\u016fsobit probl\u00e9my n\u011bkomu, kdo nev\u011bd\u011bl, \u017ee je ohro\u017een du\u0161evn\u00edmi probl\u00e9my.<br \/> Pokud se v\u00fdlet nepovede, u\u017eivatel si m\u016f\u017ee ubl\u00ed\u017eit. Tak\u017ee, pokud m\u00e1te \u0161patnou nebo \u00fazkostnou n\u00e1ladu, mo\u017en\u00e1 nebudete cht\u00edt u\u017e\u00edvat DMT.<br \/> Vede k nep\u0159\u00edjemn\u00fdm a emocion\u00e1ln\u00edm \u00fa\u010dink\u016fm, kter\u00e9 mohou p\u0159etrv\u00e1vat n\u011bkolik dn\u00ed po u\u017eit\u00ed drogy. Tyto \u00fa\u010dinky mohou b\u00fdt nep\u0159\u00edjemn\u00e9 nebo emocion\u00e1ln\u00ed.<\/p>\n<div class=\"product-next-previous\">\n<div class=\"product-prev\"><\/div><\/div>\n","protected":false},"excerpt":{"rendered":"<p>Koupit dimethyltryptamin DMT na prodej ve Velk\u00e9 Brit\u00e1nii, Evrop\u011b, AU. nab\u00edz\u00edme nejspolehliv\u011bj\u0161\u00ed transakce a prod\u00e1v\u00e1me za velmi p\u0159ijateln\u00e9 ceny. Objednejte si DMT nyn\u00ed za nejlep\u0161\u00ed ceny. N\u00e1\u0161 dimethyltryptamin je jedn\u00edm z nejlep\u0161\u00edch od nejspolehliv\u011bj\u0161\u00edho dodavatele, kontaktujte n\u00e1s a objednejte si sv\u016fj \u010dist\u00fd kvalitn\u00ed dimethyltryptamin DMT na prodej<\/p>\n<p><em>Dmt<\/em>\u00a0je siln\u00e1 halucinogenn\u00ed droga nalezen\u00e1 v n\u011bkolika rostlin\u00e1ch, kter\u00e1 m\u016f\u017ee b\u00fdt uzen\u00fd, \u0161\u0148up\u00e1n nebo sm\u00edch\u00e1n s ayahuascou. Objedn\u00e1vejte\u00a0<em>DMT<\/em>\u00a0Online.<\/p>\n","protected":false},"featured_media":5713,"comment_status":"open","ping_status":"closed","template":"","meta":[],"product_brand":[],"product_cat":[2014,703],"product_tag":[3615,3616,3617,3618,3621,3622,3623,3643,3624,3632,3631,3626,3627,3628,3634,3635,3637,3636,3638,3625,3619,3633,3620,3630,3641,3629,3295,3640,3642,3639],"class_list":{"0":"post-5703","1":"product","2":"type-product","3":"status-publish","4":"has-post-thumbnail","6":"product_cat-koupit-vyzkumne-chemikalie","7":"product_cat-kupte-si-psychedelicke-drogy","8":"product_tag-best-place-to-buy-dimethyltryptamine","9":"product_tag-buy-dimethyltryptamine","10":"product_tag-buy-dmt","11":"product_tag-buy-pure-dmt","12":"product_tag-bu-pur-dmthltrtmn-dmt-onln","13":"product_tag-bu-hl-drug-nln","14":"product_tag-cheap-psycheclic-drug","15":"product_tag-co-je-dmt-prek","16":"product_tag-dimethyltryptamin","17":"product_tag-dimethyltryptamin-recenze","18":"product_tag-dimethyltryptamin-reddit","19":"product_tag-dimethyltryptamine-dosage-for-pregnant-women","20":"product_tag-dimethyltryptamine-effect","21":"product_tag-dimethyltryptamine-for-sale","22":"product_tag-dmt-effect","23":"product_tag-dmt-na-prodej","24":"product_tag-dmt-recenze","25":"product_tag-dmt-reddit","26":"product_tag-dmt-sale","27":"product_tag-dimethyltryptamin-koupit","28":"product_tag-toto-je--dmt","29":"product_tag-dmt-buy","30":"product_tag-toto-psycheklic-drogae","31":"product_tag-dimethyltryptamin-nkup","32":"product_tag-objednvka-dmt","33":"product_tag-dimethyltryptamin-d","34":"product_tag-dmt-objednvka","35":"product_tag-d-dimethyltryptamin","36":"product_tag-ist-dmt-na-prodej","37":"product_tag-dmt-prodej","39":"first","40":"instock","41":"shipping-taxable","42":"purchasable","43":"product-type-variable","44":"has-default-attributes"},"yoast_head":"<!-- This site is optimized with the Yoast SEO plugin v27.3 - https:\/\/yoast.com\/product\/yoast-seo-wordpress\/ -->\n<title>Koupit dimethyltryptamin DMT - DMT na prodej - nejlep\u0161\u00ed glob\u00e1ln\u00ed l\u00e9ky<\/title>\n<meta name=\"description\" content=\"Koupit Dimethyltryptamin DMT na prodej ve Velk\u00e9 Brit\u00e1nii, Evrop\u011b, AU. nab\u00edz\u00edme nejspolehliv\u011bj\u0161\u00ed transakce a prod\u00e1v\u00e1me za velmi p\u0159ijateln\u00e9 ceny. Objednejte si DMT nyn\u00ed za nejlep\u0161\u00ed ceny\" \/>\n<meta name=\"robots\" content=\"index, follow, max-snippet:-1, max-image-preview:large, max-video-preview:-1\" \/>\n<link rel=\"canonical\" href=\"https:\/\/medicinasinc.com\/cs\/product\/buy-dimethyltryptamin-dmt\/\" \/>\n<meta property=\"og:locale\" content=\"en_US\" \/>\n<meta property=\"og:type\" content=\"article\" \/>\n<meta property=\"og:title\" content=\"Koupit dimethyltryptamin DMT - DMT na prodej - nejlep\u0161\u00ed glob\u00e1ln\u00ed l\u00e9ky\" \/>\n<meta property=\"og:description\" content=\"Koupit Dimethyltryptamin DMT na prodej ve Velk\u00e9 Brit\u00e1nii, Evrop\u011b, AU. nab\u00edz\u00edme nejspolehliv\u011bj\u0161\u00ed transakce a prod\u00e1v\u00e1me za velmi p\u0159ijateln\u00e9 ceny. Objednejte si DMT nyn\u00ed za nejlep\u0161\u00ed ceny\" \/>\n<meta property=\"og:url\" content=\"https:\/\/medicinasinc.com\/cs\/product\/buy-dimethyltryptamin-dmt\/\" \/>\n<meta property=\"og:site_name\" content=\"Medicinas Inc\" \/>\n<meta property=\"article:modified_time\" content=\"2022-03-14T11:30:26+00:00\" \/>\n<meta property=\"og:image\" content=\"https:\/\/medicinasinc.com\/cs\/wp-content\/uploads\/sites\/2\/2022\/02\/DMT-for-Sale.jpg\" \/>\n\t<meta property=\"og:image:width\" content=\"500\" \/>\n\t<meta property=\"og:image:height\" content=\"500\" \/>\n\t<meta property=\"og:image:type\" content=\"image\/jpeg\" \/>\n<meta name=\"twitter:card\" content=\"summary_large_image\" \/>\n<meta name=\"twitter:label1\" content=\"Est. reading time\" \/>\n\t<meta name=\"twitter:data1\" content=\"6 minutes\" \/>\n<script type=\"application\/ld+json\" class=\"yoast-schema-graph\">{\"@context\":\"https:\\\/\\\/schema.org\",\"@graph\":[{\"@type\":\"WebPage\",\"@id\":\"https:\\\/\\\/medicinasinc.com\\\/cs\\\/product\\\/buy-dimethyltryptamin-dmt\\\/\",\"url\":\"https:\\\/\\\/medicinasinc.com\\\/cs\\\/product\\\/buy-dimethyltryptamin-dmt\\\/\",\"name\":\"Koupit dimethyltryptamin DMT - DMT na prodej - nejlep\u0161\u00ed glob\u00e1ln\u00ed l\u00e9ky\",\"isPartOf\":{\"@id\":\"https:\\\/\\\/medicinasinc.com\\\/cs\\\/#website\"},\"primaryImageOfPage\":{\"@id\":\"https:\\\/\\\/medicinasinc.com\\\/cs\\\/product\\\/buy-dimethyltryptamin-dmt\\\/#primaryimage\"},\"image\":{\"@id\":\"https:\\\/\\\/medicinasinc.com\\\/cs\\\/product\\\/buy-dimethyltryptamin-dmt\\\/#primaryimage\"},\"thumbnailUrl\":\"https:\\\/\\\/medicinasinc.com\\\/cs\\\/wp-content\\\/uploads\\\/sites\\\/2\\\/2022\\\/02\\\/DMT-for-Sale.jpg\",\"datePublished\":\"2022-02-22T04:29:46+00:00\",\"dateModified\":\"2022-03-14T11:30:26+00:00\",\"description\":\"Koupit Dimethyltryptamin DMT na prodej ve Velk\u00e9 Brit\u00e1nii, Evrop\u011b, AU. nab\u00edz\u00edme nejspolehliv\u011bj\u0161\u00ed transakce a prod\u00e1v\u00e1me za velmi p\u0159ijateln\u00e9 ceny. Objednejte si DMT nyn\u00ed za nejlep\u0161\u00ed ceny\",\"breadcrumb\":{\"@id\":\"https:\\\/\\\/medicinasinc.com\\\/cs\\\/product\\\/buy-dimethyltryptamin-dmt\\\/#breadcrumb\"},\"inLanguage\":\"en-US\",\"potentialAction\":[{\"@type\":\"ReadAction\",\"target\":[\"https:\\\/\\\/medicinasinc.com\\\/cs\\\/product\\\/buy-dimethyltryptamin-dmt\\\/\"]}]},{\"@type\":\"ImageObject\",\"inLanguage\":\"en-US\",\"@id\":\"https:\\\/\\\/medicinasinc.com\\\/cs\\\/product\\\/buy-dimethyltryptamin-dmt\\\/#primaryimage\",\"url\":\"https:\\\/\\\/medicinasinc.com\\\/cs\\\/wp-content\\\/uploads\\\/sites\\\/2\\\/2022\\\/02\\\/DMT-for-Sale.jpg\",\"contentUrl\":\"https:\\\/\\\/medicinasinc.com\\\/cs\\\/wp-content\\\/uploads\\\/sites\\\/2\\\/2022\\\/02\\\/DMT-for-Sale.jpg\",\"width\":500,\"height\":500},{\"@type\":\"BreadcrumbList\",\"@id\":\"https:\\\/\\\/medicinasinc.com\\\/cs\\\/product\\\/buy-dimethyltryptamin-dmt\\\/#breadcrumb\",\"itemListElement\":[{\"@type\":\"ListItem\",\"position\":1,\"name\":\"Obchod\",\"item\":\"https:\\\/\\\/medicinasinc.com\\\/cs\\\/obchod\\\/\"},{\"@type\":\"ListItem\",\"position\":2,\"name\":\"Koupit Dimethyltryptamin DMT\"}]},{\"@type\":\"WebSite\",\"@id\":\"https:\\\/\\\/medicinasinc.com\\\/cs\\\/#website\",\"url\":\"https:\\\/\\\/medicinasinc.com\\\/cs\\\/\",\"name\":\"Medicinas Inc\",\"description\":\"Health Medical Clinic\",\"potentialAction\":[{\"@type\":\"SearchAction\",\"target\":{\"@type\":\"EntryPoint\",\"urlTemplate\":\"https:\\\/\\\/medicinasinc.com\\\/cs\\\/?s={search_term_string}\"},\"query-input\":{\"@type\":\"PropertyValueSpecification\",\"valueRequired\":true,\"valueName\":\"search_term_string\"}}],\"inLanguage\":\"en-US\"}]}<\/script>\n<!-- \/ Yoast SEO plugin. -->","yoast_head_json":{"title":"Koupit dimethyltryptamin DMT - DMT na prodej - nejlep\u0161\u00ed glob\u00e1ln\u00ed l\u00e9ky","description":"Koupit Dimethyltryptamin DMT na prodej ve Velk\u00e9 Brit\u00e1nii, Evrop\u011b, AU. nab\u00edz\u00edme nejspolehliv\u011bj\u0161\u00ed transakce a prod\u00e1v\u00e1me za velmi p\u0159ijateln\u00e9 ceny. Objednejte si DMT nyn\u00ed za nejlep\u0161\u00ed ceny","robots":{"index":"index","follow":"follow","max-snippet":"max-snippet:-1","max-image-preview":"max-image-preview:large","max-video-preview":"max-video-preview:-1"},"canonical":"https:\/\/medicinasinc.com\/cs\/product\/buy-dimethyltryptamin-dmt\/","og_locale":"en_US","og_type":"article","og_title":"Koupit dimethyltryptamin DMT - DMT na prodej - nejlep\u0161\u00ed glob\u00e1ln\u00ed l\u00e9ky","og_description":"Koupit Dimethyltryptamin DMT na prodej ve Velk\u00e9 Brit\u00e1nii, Evrop\u011b, AU. nab\u00edz\u00edme nejspolehliv\u011bj\u0161\u00ed transakce a prod\u00e1v\u00e1me za velmi p\u0159ijateln\u00e9 ceny. Objednejte si DMT nyn\u00ed za nejlep\u0161\u00ed ceny","og_url":"https:\/\/medicinasinc.com\/cs\/product\/buy-dimethyltryptamin-dmt\/","og_site_name":"Medicinas Inc","article_modified_time":"2022-03-14T11:30:26+00:00","og_image":[{"width":500,"height":500,"url":"https:\/\/medicinasinc.com\/cs\/wp-content\/uploads\/sites\/2\/2022\/02\/DMT-for-Sale.jpg","type":"image\/jpeg"}],"twitter_card":"summary_large_image","twitter_misc":{"Est. reading time":"6 minutes"},"schema":{"@context":"https:\/\/schema.org","@graph":[{"@type":"WebPage","@id":"https:\/\/medicinasinc.com\/cs\/product\/buy-dimethyltryptamin-dmt\/","url":"https:\/\/medicinasinc.com\/cs\/product\/buy-dimethyltryptamin-dmt\/","name":"Koupit dimethyltryptamin DMT - DMT na prodej - nejlep\u0161\u00ed glob\u00e1ln\u00ed l\u00e9ky","isPartOf":{"@id":"https:\/\/medicinasinc.com\/cs\/#website"},"primaryImageOfPage":{"@id":"https:\/\/medicinasinc.com\/cs\/product\/buy-dimethyltryptamin-dmt\/#primaryimage"},"image":{"@id":"https:\/\/medicinasinc.com\/cs\/product\/buy-dimethyltryptamin-dmt\/#primaryimage"},"thumbnailUrl":"https:\/\/medicinasinc.com\/cs\/wp-content\/uploads\/sites\/2\/2022\/02\/DMT-for-Sale.jpg","datePublished":"2022-02-22T04:29:46+00:00","dateModified":"2022-03-14T11:30:26+00:00","description":"Koupit Dimethyltryptamin DMT na prodej ve Velk\u00e9 Brit\u00e1nii, Evrop\u011b, AU. nab\u00edz\u00edme nejspolehliv\u011bj\u0161\u00ed transakce a prod\u00e1v\u00e1me za velmi p\u0159ijateln\u00e9 ceny. Objednejte si DMT nyn\u00ed za nejlep\u0161\u00ed ceny","breadcrumb":{"@id":"https:\/\/medicinasinc.com\/cs\/product\/buy-dimethyltryptamin-dmt\/#breadcrumb"},"inLanguage":"en-US","potentialAction":[{"@type":"ReadAction","target":["https:\/\/medicinasinc.com\/cs\/product\/buy-dimethyltryptamin-dmt\/"]}]},{"@type":"ImageObject","inLanguage":"en-US","@id":"https:\/\/medicinasinc.com\/cs\/product\/buy-dimethyltryptamin-dmt\/#primaryimage","url":"https:\/\/medicinasinc.com\/cs\/wp-content\/uploads\/sites\/2\/2022\/02\/DMT-for-Sale.jpg","contentUrl":"https:\/\/medicinasinc.com\/cs\/wp-content\/uploads\/sites\/2\/2022\/02\/DMT-for-Sale.jpg","width":500,"height":500},{"@type":"BreadcrumbList","@id":"https:\/\/medicinasinc.com\/cs\/product\/buy-dimethyltryptamin-dmt\/#breadcrumb","itemListElement":[{"@type":"ListItem","position":1,"name":"Obchod","item":"https:\/\/medicinasinc.com\/cs\/obchod\/"},{"@type":"ListItem","position":2,"name":"Koupit Dimethyltryptamin DMT"}]},{"@type":"WebSite","@id":"https:\/\/medicinasinc.com\/cs\/#website","url":"https:\/\/medicinasinc.com\/cs\/","name":"Medicinas Inc","description":"Health Medical Clinic","potentialAction":[{"@type":"SearchAction","target":{"@type":"EntryPoint","urlTemplate":"https:\/\/medicinasinc.com\/cs\/?s={search_term_string}"},"query-input":{"@type":"PropertyValueSpecification","valueRequired":true,"valueName":"search_term_string"}}],"inLanguage":"en-US"}]}},"_links":{"self":[{"href":"https:\/\/medicinasinc.com\/cs\/wp-json\/wp\/v2\/product\/5703","targetHints":{"allow":["GET"]}}],"collection":[{"href":"https:\/\/medicinasinc.com\/cs\/wp-json\/wp\/v2\/product"}],"about":[{"href":"https:\/\/medicinasinc.com\/cs\/wp-json\/wp\/v2\/types\/product"}],"replies":[{"embeddable":true,"href":"https:\/\/medicinasinc.com\/cs\/wp-json\/wp\/v2\/comments?post=5703"}],"wp:featuredmedia":[{"embeddable":true,"href":"https:\/\/medicinasinc.com\/cs\/wp-json\/wp\/v2\/media\/5713"}],"wp:attachment":[{"href":"https:\/\/medicinasinc.com\/cs\/wp-json\/wp\/v2\/media?parent=5703"}],"wp:term":[{"taxonomy":"product_brand","embeddable":true,"href":"https:\/\/medicinasinc.com\/cs\/wp-json\/wp\/v2\/product_brand?post=5703"},{"taxonomy":"product_cat","embeddable":true,"href":"https:\/\/medicinasinc.com\/cs\/wp-json\/wp\/v2\/product_cat?post=5703"},{"taxonomy":"product_tag","embeddable":true,"href":"https:\/\/medicinasinc.com\/cs\/wp-json\/wp\/v2\/product_tag?post=5703"}],"curies":[{"name":"wp","href":"https:\/\/api.w.org\/{rel}","templated":true}]}}