{"id":5696,"date":"2022-02-22T04:23:00","date_gmt":"2022-02-22T04:23:00","guid":{"rendered":"https:\/\/medicinasinc.com\/cs\/?post_type=product&#038;p=5696"},"modified":"2022-08-03T11:21:18","modified_gmt":"2022-08-03T11:21:18","slug":"koupit-efenidin-prasek","status":"publish","type":"product","link":"https:\/\/medicinasinc.com\/cs\/product\/koupit-efenidin-prasek\/","title":{"rendered":"Koupit Efenidinov\u00fd pr\u00e1\u0161ek"},"content":{"rendered":"<p>Efenidinov\u00fd pr\u00e1\u0161ek: Kupte si efenidin ve Spojen\u00e9m kr\u00e1lovstv\u00ed, Evrop\u011b, Asii, USA, Austr\u00e1lii, \u010c\u00edn\u011b a zbytku sv\u011bta od efenidinov\u00e9ho pr\u00e1\u0161ku.<\/p>\n<p>Evropsk\u00fd efenidin na prodej, dodavatel efenidinu, pro Prodej. Velkoobchodn\u00ed prodejci efenidinu jej mohou pos\u00edlat do Evropy.<\/p>\n<p>Efenidin, kter\u00fd je tak\u00e9 zn\u00e1m\u00fd jako NEDPA a EPE, je disociativn\u00ed anestetikum, kter\u00e9 je sou\u010d\u00e1st\u00ed skupiny diarylethylamin\u016f. Fyzicky je efenidin podobn\u00fd diarylethylaminu, jako je difenidin a methoxfenidin, kter\u00e9 se tak\u00e9 naz\u00fdvaj\u00ed efenidin. Sedace, halucinace, anestezie a stavy mimo t\u011blo, naz\u00fdvan\u00e9 \u201edisociativn\u00ed anestezie\u201c, jsou n\u011bkter\u00e9 z vedlej\u0161\u00edch \u00fa\u010dink\u016f.<\/p>\n<p>Podrobn\u00e9 informace o t\u00e9to polo\u017ece:<\/p>\n<p>holand\u0161tina, litev\u0161tina , and American<br \/>\nJmenuje se Ephenidine Powder.<br \/>\nEPE je n\u00e1zev IUPAC pro N-ethyl-1,2-difenylethylamin.<br \/>\n\u010c\u00edslo CAS: 60951-19-1<br \/>\nC16H19N je MF.<br \/>\nV\u00edce ne\u017e 99,5 procenta<br \/>\nTakto to vypad\u00e1:<br \/>\nHlin\u00edkov\u00fd f\u00f3liov\u00fd s\u00e1\u010dek nebo plastov\u00fd s\u00e1\u010dek: Jak zabalit:<\/p>\n<p>Platebn\u00ed podm\u00ednky:<\/p>\n<p>Minim\u00e1ln\u00ed \u010d\u00e1stka objedn\u00e1vky: Zeptejte se na platebn\u00ed podm\u00ednky: Bitcoin, Money Gram, Bank Wire atd.<\/p>\n<p>Pravidla doru\u010den\u00ed a dopravy:<\/p>\n<p>1. Zbo\u017e\u00ed ode\u0161leme do 1 dne po zaplacen\u00ed.<br \/>\n2: Zbo\u017e\u00ed za\u0161leme prost\u0159ednictv\u00edm UPS, DHL, TNT nebo FEDEX. Vybereme nejlep\u0161\u00edho kur\u00fdra pro ka\u017edou zemi a najdeme nejbezpe\u010dn\u011bj\u0161\u00ed zp\u016fsob, jak v\u00e1m zbo\u017e\u00ed doru\u010dit.<br \/>\nZ\u00edsk\u00e1n\u00ed po\u0161ty z EMS trv\u00e1 p\u0159ibli\u017en\u011b t\u0159i a\u017e p\u011bt dn\u00ed. DHL, UPS a FedEx zaberou 4\u20135 dn\u00ed.<br \/>\n4. Cla v zem\u00edch jako Rusko, Austr\u00e1lie a Kanada jsou velmi p\u0159\u00edsn\u00e1, ale m\u016f\u017eeme zajistit, \u017ee doru\u010d\u00edme 100 % \u010dasu.<br \/>\n5. Zbo\u017e\u00ed byste m\u011bli dostat zpravidla do 4-5 dn\u016f. Pokud se zbo\u017e\u00ed ztratilo nebo nedorazilo z jin\u00fdch d\u016fvod\u016f, za\u0161leme je znovu.<\/p>\n<p>Cena: Zeptejte se.<\/p>\n<p>Pozn\u00e1mka:<\/p>\n<p>M\u00e1me mnoho st\u00e1l\u00fdch z\u00e1kazn\u00edk\u016f po cel\u00e9m sv\u011bt\u011b a douf\u00e1me, \u017ee s v\u00e1mi budeme dlouho spolupracovat. Pro v\u00edce informac\u00ed n\u00e1s pros\u00edm nev\u00e1hejte kontaktovat. Ud\u011bl\u00e1me maximum, abychom vyhov\u011bli va\u0161im pot\u0159eb\u00e1m. D\u00edky!<\/p>\n","protected":false},"excerpt":{"rendered":"<div class=\"woocommerce-product-details__short-description\">\n<p>Medicinasinc.com nab\u00edz\u00ed vysoce \u010dist\u00fd efenidinov\u00fd pr\u00e1\u0161ek na prodej ve Spojen\u00e9m kr\u00e1lovstv\u00ed, Evrop\u011b a Austr\u00e1lii a my v\u00e1m jej m\u016f\u017eeme zaslat kamkoli na sv\u011bt\u011b. Zde si m\u016f\u017eete koupit nejlep\u0161\u00ed efenidinov\u00fd pr\u00e1\u0161ek na objedn\u00e1vku.<\/p>\n<p>Nakupujte efenidinov\u00fd pr\u00e1\u0161ek online a z\u00edskejte jej za dobrou cenu. L\u00e9k zvan\u00fd Efedrin je disociativn\u00ed anestetikum. Blokuje tak\u00e9 NMDA receptor, co\u017e sni\u017euje pravd\u011bpodobnost, \u017ee l\u00e9k bude fungovat.<\/p>\n<p>Nakupte \u010dist\u00fd, vysoce kvalitn\u00ed efenidinov\u00fd pr\u00e1\u0161ek online s bitcoiny \u2013 m\u016f\u017eete to ud\u011blat.<\/p>\n<p>Nakupovat pro leg\u00e1ln\u00ed drogy online nakupujte v\u00fdzkumn\u00e9 chemik\u00e1lie, surov\u00e9 farmaceutick\u00e9 pr\u00e1\u0161ky a dal\u0161\u00ed v obchod\u011b.<\/p>\n<p>Efenidinov\u00fd pr\u00e1\u0161ek, farmaceutick\u00e9 meziprodukty a surov\u00e9 pr\u00e1\u0161ky prod\u00e1v\u00e1 tato spole\u010dnost.<\/p>\n<p>Existuj\u00ed Efenidinov\u00e9 pilulky na prodej. \u010c\u00edna\u00a0dodavatel efenidinu. Velkoobchodn\u00ed\u00a0v\u00fdvozce\u00a0efenidinu<\/p>\n<p><em>Nakupte nyn\u00ed efenidinov\u00fd pr\u00e1\u0161ek<\/em> velkoobchodn\u011b online ve velk\u00e9m. Efenidin je disociativn\u00ed anestetikum a p\u016fsob\u00ed jako antagonista NMDA.<\/p>\n<p>&nbsp;<\/p>\n<\/div>\n","protected":false},"featured_media":5707,"comment_status":"open","ping_status":"closed","template":"","meta":[],"product_brand":[],"product_cat":[2014],"product_tag":[3591,3613,3614,3595,3597,3596,3607,3602,3604,3606,3598,3599,3600,3603,3601,3592,3593,3594,3609,3610,3605,3611,3612,3608],"class_list":{"0":"post-5696","1":"product","2":"type-product","3":"status-publish","4":"has-post-thumbnail","6":"product_cat-koupit-vyzkumne-chemikalie","7":"product_tag-anesthetic","8":"product_tag-ist-efenidinov-prek","9":"product_tag-co-je-efenidin-prek","10":"product_tag-diarylethylamin","11":"product_tag-disociativn-anestetikum","12":"product_tag-dissociative","13":"product_tag-efenidin-prek-dodavatel","14":"product_tag-efenidin-prek-na","15":"product_tag-efenidin-prek-na-prodej","16":"product_tag-efenidin-prek-reddit","17":"product_tag-epe","18":"product_tag-ephenidine","19":"product_tag-ephenidine-powder-bulk","20":"product_tag-efenidin-prek-efekt","21":"product_tag-efenidin-prek-koupit","22":"product_tag-koupit-efenidin-prek","23":"product_tag-buy-ephenidine-powder-europe","24":"product_tag-koupit-efenidin-prek-online","25":"product_tag-mdma-prek-nkup","26":"product_tag-nedpa","27":"product_tag-efenidin-prek-objednvka","28":"product_tag-objednvka-efenidin-prek","29":"product_tag-objednat-efenidin-prek-online","30":"product_tag-efenidin-prek-velkoobchod","32":"first","33":"instock","34":"featured","35":"shipping-taxable","36":"purchasable","37":"product-type-variable","38":"has-default-attributes"},"yoast_head":"<!-- This site is optimized with the Yoast SEO plugin v27.3 - https:\/\/yoast.com\/product\/yoast-seo-wordpress\/ -->\n<title>Koupit efenidinov\u00fd pr\u00e1\u0161ek \u2013 efenidinov\u00fd pr\u00e1\u0161ek online \u2013 nejlep\u0161\u00ed glob\u00e1ln\u00ed l\u00e9ky<\/title>\n<meta name=\"description\" content=\"Kupte si vysoce \u010dist\u00fd efenidinov\u00fd pr\u00e1\u0161ek na prodej ve Velk\u00e9 Brit\u00e1nii, Evrop\u011b, AU v na\u0161em online obchodu Medicinasinc.com s rychl\u00fdm celosv\u011btov\u00fdm doru\u010den\u00edm! Nejlep\u0161\u00ed efenidinov\u00fd pr\u00e1\u0161ek pro objedn\u00e1n\u00ed najdete zde!\" \/>\n<meta name=\"robots\" content=\"index, follow, max-snippet:-1, max-image-preview:large, max-video-preview:-1\" \/>\n<link rel=\"canonical\" href=\"https:\/\/medicinasinc.com\/cs\/product\/koupit-efenidin-prasek\/\" \/>\n<meta property=\"og:locale\" content=\"en_US\" \/>\n<meta property=\"og:type\" content=\"article\" \/>\n<meta property=\"og:title\" content=\"Koupit efenidinov\u00fd pr\u00e1\u0161ek \u2013 efenidinov\u00fd pr\u00e1\u0161ek online \u2013 nejlep\u0161\u00ed glob\u00e1ln\u00ed l\u00e9ky\" \/>\n<meta property=\"og:description\" content=\"Kupte si vysoce \u010dist\u00fd efenidinov\u00fd pr\u00e1\u0161ek na prodej ve Velk\u00e9 Brit\u00e1nii, Evrop\u011b, AU v na\u0161em online obchodu Medicinasinc.com s rychl\u00fdm celosv\u011btov\u00fdm doru\u010den\u00edm! Nejlep\u0161\u00ed efenidinov\u00fd pr\u00e1\u0161ek pro objedn\u00e1n\u00ed najdete zde!\" \/>\n<meta property=\"og:url\" content=\"https:\/\/medicinasinc.com\/cs\/product\/koupit-efenidin-prasek\/\" \/>\n<meta property=\"og:site_name\" content=\"Medicinas Inc\" \/>\n<meta property=\"article:modified_time\" content=\"2022-08-03T11:21:18+00:00\" \/>\n<meta property=\"og:image\" content=\"https:\/\/medicinasinc.com\/cs\/wp-content\/uploads\/sites\/2\/2022\/02\/Buy-Ephenidine-Powder-1.jpg\" \/>\n\t<meta property=\"og:image:width\" content=\"1080\" \/>\n\t<meta property=\"og:image:height\" content=\"1166\" \/>\n\t<meta property=\"og:image:type\" content=\"image\/jpeg\" \/>\n<meta name=\"twitter:card\" content=\"summary_large_image\" \/>\n<meta name=\"twitter:label1\" content=\"Est. reading time\" \/>\n\t<meta name=\"twitter:data1\" content=\"2 minutes\" \/>\n<script type=\"application\/ld+json\" class=\"yoast-schema-graph\">{\"@context\":\"https:\\\/\\\/schema.org\",\"@graph\":[{\"@type\":\"WebPage\",\"@id\":\"https:\\\/\\\/medicinasinc.com\\\/cs\\\/product\\\/koupit-efenidin-prasek\\\/\",\"url\":\"https:\\\/\\\/medicinasinc.com\\\/cs\\\/product\\\/koupit-efenidin-prasek\\\/\",\"name\":\"Koupit efenidinov\u00fd pr\u00e1\u0161ek \u2013 efenidinov\u00fd pr\u00e1\u0161ek online \u2013 nejlep\u0161\u00ed glob\u00e1ln\u00ed l\u00e9ky\",\"isPartOf\":{\"@id\":\"https:\\\/\\\/medicinasinc.com\\\/cs\\\/#website\"},\"primaryImageOfPage\":{\"@id\":\"https:\\\/\\\/medicinasinc.com\\\/cs\\\/product\\\/koupit-efenidin-prasek\\\/#primaryimage\"},\"image\":{\"@id\":\"https:\\\/\\\/medicinasinc.com\\\/cs\\\/product\\\/koupit-efenidin-prasek\\\/#primaryimage\"},\"thumbnailUrl\":\"https:\\\/\\\/medicinasinc.com\\\/cs\\\/wp-content\\\/uploads\\\/sites\\\/2\\\/2022\\\/02\\\/Buy-Ephenidine-Powder-1.jpg\",\"datePublished\":\"2022-02-22T04:23:00+00:00\",\"dateModified\":\"2022-08-03T11:21:18+00:00\",\"description\":\"Kupte si vysoce \u010dist\u00fd efenidinov\u00fd pr\u00e1\u0161ek na prodej ve Velk\u00e9 Brit\u00e1nii, Evrop\u011b, AU v na\u0161em online obchodu Medicinasinc.com s rychl\u00fdm celosv\u011btov\u00fdm doru\u010den\u00edm! Nejlep\u0161\u00ed efenidinov\u00fd pr\u00e1\u0161ek pro objedn\u00e1n\u00ed najdete zde!\",\"breadcrumb\":{\"@id\":\"https:\\\/\\\/medicinasinc.com\\\/cs\\\/product\\\/koupit-efenidin-prasek\\\/#breadcrumb\"},\"inLanguage\":\"en-US\",\"potentialAction\":[{\"@type\":\"ReadAction\",\"target\":[\"https:\\\/\\\/medicinasinc.com\\\/cs\\\/product\\\/koupit-efenidin-prasek\\\/\"]}]},{\"@type\":\"ImageObject\",\"inLanguage\":\"en-US\",\"@id\":\"https:\\\/\\\/medicinasinc.com\\\/cs\\\/product\\\/koupit-efenidin-prasek\\\/#primaryimage\",\"url\":\"https:\\\/\\\/medicinasinc.com\\\/cs\\\/wp-content\\\/uploads\\\/sites\\\/2\\\/2022\\\/02\\\/Buy-Ephenidine-Powder-1.jpg\",\"contentUrl\":\"https:\\\/\\\/medicinasinc.com\\\/cs\\\/wp-content\\\/uploads\\\/sites\\\/2\\\/2022\\\/02\\\/Buy-Ephenidine-Powder-1.jpg\",\"width\":1080,\"height\":1166},{\"@type\":\"BreadcrumbList\",\"@id\":\"https:\\\/\\\/medicinasinc.com\\\/cs\\\/product\\\/koupit-efenidin-prasek\\\/#breadcrumb\",\"itemListElement\":[{\"@type\":\"ListItem\",\"position\":1,\"name\":\"Obchod\",\"item\":\"https:\\\/\\\/medicinasinc.com\\\/cs\\\/obchod\\\/\"},{\"@type\":\"ListItem\",\"position\":2,\"name\":\"Koupit Efenidinov\u00fd pr\u00e1\u0161ek\"}]},{\"@type\":\"WebSite\",\"@id\":\"https:\\\/\\\/medicinasinc.com\\\/cs\\\/#website\",\"url\":\"https:\\\/\\\/medicinasinc.com\\\/cs\\\/\",\"name\":\"Medicinas Inc\",\"description\":\"Health Medical Clinic\",\"potentialAction\":[{\"@type\":\"SearchAction\",\"target\":{\"@type\":\"EntryPoint\",\"urlTemplate\":\"https:\\\/\\\/medicinasinc.com\\\/cs\\\/?s={search_term_string}\"},\"query-input\":{\"@type\":\"PropertyValueSpecification\",\"valueRequired\":true,\"valueName\":\"search_term_string\"}}],\"inLanguage\":\"en-US\"}]}<\/script>\n<!-- \/ Yoast SEO plugin. -->","yoast_head_json":{"title":"Koupit efenidinov\u00fd pr\u00e1\u0161ek \u2013 efenidinov\u00fd pr\u00e1\u0161ek online \u2013 nejlep\u0161\u00ed glob\u00e1ln\u00ed l\u00e9ky","description":"Kupte si vysoce \u010dist\u00fd efenidinov\u00fd pr\u00e1\u0161ek na prodej ve Velk\u00e9 Brit\u00e1nii, Evrop\u011b, AU v na\u0161em online obchodu Medicinasinc.com s rychl\u00fdm celosv\u011btov\u00fdm doru\u010den\u00edm! Nejlep\u0161\u00ed efenidinov\u00fd pr\u00e1\u0161ek pro objedn\u00e1n\u00ed najdete zde!","robots":{"index":"index","follow":"follow","max-snippet":"max-snippet:-1","max-image-preview":"max-image-preview:large","max-video-preview":"max-video-preview:-1"},"canonical":"https:\/\/medicinasinc.com\/cs\/product\/koupit-efenidin-prasek\/","og_locale":"en_US","og_type":"article","og_title":"Koupit efenidinov\u00fd pr\u00e1\u0161ek \u2013 efenidinov\u00fd pr\u00e1\u0161ek online \u2013 nejlep\u0161\u00ed glob\u00e1ln\u00ed l\u00e9ky","og_description":"Kupte si vysoce \u010dist\u00fd efenidinov\u00fd pr\u00e1\u0161ek na prodej ve Velk\u00e9 Brit\u00e1nii, Evrop\u011b, AU v na\u0161em online obchodu Medicinasinc.com s rychl\u00fdm celosv\u011btov\u00fdm doru\u010den\u00edm! Nejlep\u0161\u00ed efenidinov\u00fd pr\u00e1\u0161ek pro objedn\u00e1n\u00ed najdete zde!","og_url":"https:\/\/medicinasinc.com\/cs\/product\/koupit-efenidin-prasek\/","og_site_name":"Medicinas Inc","article_modified_time":"2022-08-03T11:21:18+00:00","og_image":[{"width":1080,"height":1166,"url":"https:\/\/medicinasinc.com\/cs\/wp-content\/uploads\/sites\/2\/2022\/02\/Buy-Ephenidine-Powder-1.jpg","type":"image\/jpeg"}],"twitter_card":"summary_large_image","twitter_misc":{"Est. reading time":"2 minutes"},"schema":{"@context":"https:\/\/schema.org","@graph":[{"@type":"WebPage","@id":"https:\/\/medicinasinc.com\/cs\/product\/koupit-efenidin-prasek\/","url":"https:\/\/medicinasinc.com\/cs\/product\/koupit-efenidin-prasek\/","name":"Koupit efenidinov\u00fd pr\u00e1\u0161ek \u2013 efenidinov\u00fd pr\u00e1\u0161ek online \u2013 nejlep\u0161\u00ed glob\u00e1ln\u00ed l\u00e9ky","isPartOf":{"@id":"https:\/\/medicinasinc.com\/cs\/#website"},"primaryImageOfPage":{"@id":"https:\/\/medicinasinc.com\/cs\/product\/koupit-efenidin-prasek\/#primaryimage"},"image":{"@id":"https:\/\/medicinasinc.com\/cs\/product\/koupit-efenidin-prasek\/#primaryimage"},"thumbnailUrl":"https:\/\/medicinasinc.com\/cs\/wp-content\/uploads\/sites\/2\/2022\/02\/Buy-Ephenidine-Powder-1.jpg","datePublished":"2022-02-22T04:23:00+00:00","dateModified":"2022-08-03T11:21:18+00:00","description":"Kupte si vysoce \u010dist\u00fd efenidinov\u00fd pr\u00e1\u0161ek na prodej ve Velk\u00e9 Brit\u00e1nii, Evrop\u011b, AU v na\u0161em online obchodu Medicinasinc.com s rychl\u00fdm celosv\u011btov\u00fdm doru\u010den\u00edm! Nejlep\u0161\u00ed efenidinov\u00fd pr\u00e1\u0161ek pro objedn\u00e1n\u00ed najdete zde!","breadcrumb":{"@id":"https:\/\/medicinasinc.com\/cs\/product\/koupit-efenidin-prasek\/#breadcrumb"},"inLanguage":"en-US","potentialAction":[{"@type":"ReadAction","target":["https:\/\/medicinasinc.com\/cs\/product\/koupit-efenidin-prasek\/"]}]},{"@type":"ImageObject","inLanguage":"en-US","@id":"https:\/\/medicinasinc.com\/cs\/product\/koupit-efenidin-prasek\/#primaryimage","url":"https:\/\/medicinasinc.com\/cs\/wp-content\/uploads\/sites\/2\/2022\/02\/Buy-Ephenidine-Powder-1.jpg","contentUrl":"https:\/\/medicinasinc.com\/cs\/wp-content\/uploads\/sites\/2\/2022\/02\/Buy-Ephenidine-Powder-1.jpg","width":1080,"height":1166},{"@type":"BreadcrumbList","@id":"https:\/\/medicinasinc.com\/cs\/product\/koupit-efenidin-prasek\/#breadcrumb","itemListElement":[{"@type":"ListItem","position":1,"name":"Obchod","item":"https:\/\/medicinasinc.com\/cs\/obchod\/"},{"@type":"ListItem","position":2,"name":"Koupit Efenidinov\u00fd pr\u00e1\u0161ek"}]},{"@type":"WebSite","@id":"https:\/\/medicinasinc.com\/cs\/#website","url":"https:\/\/medicinasinc.com\/cs\/","name":"Medicinas Inc","description":"Health Medical Clinic","potentialAction":[{"@type":"SearchAction","target":{"@type":"EntryPoint","urlTemplate":"https:\/\/medicinasinc.com\/cs\/?s={search_term_string}"},"query-input":{"@type":"PropertyValueSpecification","valueRequired":true,"valueName":"search_term_string"}}],"inLanguage":"en-US"}]}},"_links":{"self":[{"href":"https:\/\/medicinasinc.com\/cs\/wp-json\/wp\/v2\/product\/5696","targetHints":{"allow":["GET"]}}],"collection":[{"href":"https:\/\/medicinasinc.com\/cs\/wp-json\/wp\/v2\/product"}],"about":[{"href":"https:\/\/medicinasinc.com\/cs\/wp-json\/wp\/v2\/types\/product"}],"replies":[{"embeddable":true,"href":"https:\/\/medicinasinc.com\/cs\/wp-json\/wp\/v2\/comments?post=5696"}],"wp:featuredmedia":[{"embeddable":true,"href":"https:\/\/medicinasinc.com\/cs\/wp-json\/wp\/v2\/media\/5707"}],"wp:attachment":[{"href":"https:\/\/medicinasinc.com\/cs\/wp-json\/wp\/v2\/media?parent=5696"}],"wp:term":[{"taxonomy":"product_brand","embeddable":true,"href":"https:\/\/medicinasinc.com\/cs\/wp-json\/wp\/v2\/product_brand?post=5696"},{"taxonomy":"product_cat","embeddable":true,"href":"https:\/\/medicinasinc.com\/cs\/wp-json\/wp\/v2\/product_cat?post=5696"},{"taxonomy":"product_tag","embeddable":true,"href":"https:\/\/medicinasinc.com\/cs\/wp-json\/wp\/v2\/product_tag?post=5696"}],"curies":[{"name":"wp","href":"https:\/\/api.w.org\/{rel}","templated":true}]}}