{"id":5686,"date":"2022-02-22T04:12:43","date_gmt":"2022-02-22T04:12:43","guid":{"rendered":"https:\/\/medicinasinc.com\/cs\/?post_type=product&#038;p=5686"},"modified":"2022-03-14T11:30:54","modified_gmt":"2022-03-14T11:30:54","slug":"buy-ald-52-prasek","status":"publish","type":"product","link":"https:\/\/medicinasinc.com\/cs\/product\/buy-ald-52-prasek\/","title":{"rendered":"Koupit pr\u00e1\u0161ek ALD-52"},"content":{"rendered":"<p><a href=\"https:\/\/www.bestglobalmeds.com\/product\/research-chemicals\/buy-ald-52-powder\/\"><strong>ALD-52 Powder<\/strong><\/a>. Velkoobchod a dodavatel \u010dist\u00e9ho\u00a0<em>ALD-52 Powder<\/em>\u00a0za nejni\u017e\u0161\u00ed cenu a r\u016fzn\u00fdch farmaceutick\u00fdch surovin o \u010distot\u011b &gt;99 %, v\u00fdzkumn\u00fdch chemik\u00e1li\u00ed a generick\u00fdch l\u00e9k\u016f. Bezpe\u010dn\u00e9 a diskr\u00e9tn\u00ed balen\u00ed se sledovanou p\u0159epravou.<\/p>\n<p>ALD-52, tak\u00e9 zn\u00e1m\u00fd jako 1-acetyl-LSD, je chemick\u00fd analog diethylamidu kyseliny lysergov\u00e9 (LSD). Jde o psychedelickou l\u00e1tku ze t\u0159\u00eddy lysergamid\u016f, kter\u00e1 p\u0159i pod\u00e1n\u00ed vyvol\u00e1v\u00e1 psychedelick\u00e9 \u00fa\u010dinky podobn\u00e9 LSD.<\/p>\n<p class=\"h2_style\">Rychl\u00e9 podrobnosti<\/p>\n<p>N\u00e1zev produktu: <a href=\"https:\/\/www.bestglobalmeds.com\/product\/research-chemicals\/buy-ald-52-powder\/\">ALD-52<\/a><br \/> Synonyma: ALD-52, 1-acetyl-LSD, 1A-LSD , 1A-LAD<br \/> \u010c. CAS: 3270-02-8<br \/> Molekul\u00e1rn\u00ed vzorec: C22H27N3O2<br \/> IUPAC: (6aR,9R)-4-acetyl-N,N-diethyl-7-methyl -4,6,6a,7,8,9-hexahydroindolo[4,3-fg]chinolin-9-karboxamid<br \/> Molekulov\u00e1 hmotnost: 365,477 g\/mol<br \/> \u010cistota: 99,6 %<br \/> Vzhled : B\u00edl\u00fd krystalick\u00fd pr\u00e1\u0161ek \/ \u0161pinav\u011b b\u00edl\u00fd pr\u00e1\u0161ek<\/p>\n<h2>Dodavatel pr\u00e1\u0161ku ALD-52<\/h2>\n<p>Jsme jedn\u00edm z p\u0159edn\u00edch evropsk\u00fdch dodavatel\u016f farmaceutick\u00fdch surovin, jsme zn\u00e1m\u00ed d\u00edky v\u00fdjime\u010dn\u00e9mu sortimentu produkt\u016f a na\u0161im kvalitn\u00ed dropshippingov\u00e9 slu\u017eby generick\u00fdch l\u00e9k\u016f. Jako velkoobchod s pr\u00e1\u0161kem ALD-52 se sna\u017e\u00edme dod\u00e1vat na trh vysoce kvalitn\u00ed a n\u00e1kladov\u011b efektivn\u00ed produkty.<\/p>\n<div class=\"product-next-previous\">\n<div class=\"product-prev\"><\/div><\/div>\n","protected":false},"excerpt":{"rendered":"<p>Nejlep\u0161\u00ed m\u00edsto pro n\u00e1kup pr\u00e1\u0161ku ALD-52 je ze Spojen\u00e9ho kr\u00e1lovstv\u00ed. M\u016f\u017eete si ho tak\u00e9 koupit z Evropy, Austr\u00e1lie a EU za n\u00edzkou cenu. Kupte ALD-52 Powder 2022, ALD-52 Powder Overnight Delivery, ALD-52 Powder Price.<\/p>\n<p>Jedna ze spole\u010dnost\u00ed, kter\u00e1 vyr\u00e1b\u00ed a prod\u00e1v\u00e1 ALD-52.<\/p>\n<p>Internetov\u00fd obchod: koupit ALD-52 online, ALD-52 na prodej, prodejce ALD-52, pr\u00e1\u0161ek ALD-52, koupit nyn\u00ed<\/p>\n<p>ALD-52\u00a0reddit. Doprava je zdarma.<\/p>\n<p>M\u016f\u017eete si koupit \u010dist\u00fd pr\u00e1\u0161ek s 10 mg ALD-52 na prodej online.<\/p>\n<p>&nbsp;<\/p>\n<p><strong>25 %<\/strong>\u00a0vypnuto pro\u00a0<strong>40 mg\u00a0<\/strong>a vy\u0161\u0161\u00ed. K\u00f3d kup\u00f3nu: bhobos2018z<\/p>\n<table class=\"table\">\n<tbody>\n<tr>\n<th><span style=\"font-weight: 400\">Min. mno\u017estv\u00ed objedn\u00e1vky:<\/span><\/th>\n<td>10 g<\/td>\n<\/tr>\n<tr>\n<th><span style=\"font-weight: 400\">Schopnost z\u00e1sobov\u00e1n\u00ed:<\/span><\/th>\n<td>100 kg\/m\u011bs\u00edc<\/td>\n<\/tr>\n<tr>\n<th><span style=\"font-weight: 400\">Port:<\/span><\/th>\n<td>Var\u0161ava, Nizozemsko<\/td>\n<\/tr>\n<tr>\n<th><span style=\"font-weight: 400\">Platebn\u00ed podm\u00ednky:<\/span><\/th>\n<td>Bankovn\u00ed p\u0159evod, bitcoiny, WU\/MG, jin\u00e9<\/td>\n<\/tr>\n<tr>\n<th><span style=\"font-weight: 400\">Podrobnosti o balen\u00ed:<\/span><\/th>\n<td>Podle po\u017eadavku z\u00e1kazn\u00edka<\/td>\n<\/tr>\n<tr>\n<th><span style=\"font-weight: 400\">Podrobnosti doru\u010den\u00ed:<\/span><\/th>\n<td>DPD, expresn\u00ed z\u00e1silka, farmaceutick\u00fd kur\u00fdr EU<\/td>\n<\/tr>\n<\/tbody>\n<\/table>\n","protected":false},"featured_media":5699,"comment_status":"open","ping_status":"closed","template":"","meta":[],"product_brand":[],"product_cat":[2014],"product_tag":[3579,3576,3577,3578,3580,3586,3588,3589,3590,3574,3581,3584,3585,3583,3587,3575,3582],"class_list":{"0":"post-5686","1":"product","2":"type-product","3":"status-publish","4":"has-post-thumbnail","6":"product_cat-koupit-vyzkumne-chemikalie","7":"product_tag-ald-52-powder-order","8":"product_tag-ald-52-powder","9":"product_tag-ald-52-powder-effect","10":"product_tag-ald-52-powder-for-sale","11":"product_tag-ald-52-powder-reddit","12":"product_tag-buy-ald-52-powder-online","13":"product_tag-ist-ald-52-prek","14":"product_tag-ist-ald-52-powder-google","15":"product_tag-co-je-ald-52-prek","16":"product_tag-ald-52-dvkovn","17":"product_tag-ald-52-powder-supplier","18":"product_tag-buy-ald-52","19":"product_tag-buy-ald-52-prek","20":"product_tag-nejlep-msto-k-d-ald-52","21":"product_tag-order-ald-52-prek","22":"product_tag-ald-52-na-prodej","23":"product_tag-ald-52-prek-velkoobchod","25":"first","26":"instock","27":"shipping-taxable","28":"purchasable","29":"product-type-simple"},"yoast_head":"<!-- This site is optimized with the Yoast SEO plugin v27.3 - https:\/\/yoast.com\/product\/yoast-seo-wordpress\/ -->\n<title>Koupit pr\u00e1\u0161ek ALD-52 \u2013 pr\u00e1\u0161ek ALD-52 online \u2013 nejlep\u0161\u00ed glob\u00e1ln\u00ed l\u00e9ky<\/title>\n<meta name=\"description\" content=\"Koupit Koupit pr\u00e1\u0161ek ALD-52 na prodej ve Spojen\u00e9m kr\u00e1lovstv\u00ed, Evrop\u011b, AU, EU, objednat levn\u011b\u00a0Koupit pr\u00e1\u0161ek ALD-52\u00a02022, kde\u00a0nakoupit\u00a0Vysoce kvalitn\u00ed\u00a0Koupit pr\u00e1\u0161ek ALD-52 doru\u010den\u00ed p\u0159es noc,\u00a0cena pr\u00e1\u0161ku ALD-52.\" \/>\n<meta name=\"robots\" content=\"index, follow, max-snippet:-1, max-image-preview:large, max-video-preview:-1\" \/>\n<link rel=\"canonical\" href=\"https:\/\/medicinasinc.com\/cs\/product\/buy-ald-52-prasek\/\" \/>\n<meta property=\"og:locale\" content=\"en_US\" \/>\n<meta property=\"og:type\" content=\"article\" \/>\n<meta property=\"og:title\" content=\"Koupit pr\u00e1\u0161ek ALD-52 \u2013 pr\u00e1\u0161ek ALD-52 online \u2013 nejlep\u0161\u00ed glob\u00e1ln\u00ed l\u00e9ky\" \/>\n<meta property=\"og:description\" content=\"Koupit Koupit pr\u00e1\u0161ek ALD-52 na prodej ve Spojen\u00e9m kr\u00e1lovstv\u00ed, Evrop\u011b, AU, EU, objednat levn\u011b\u00a0Koupit pr\u00e1\u0161ek ALD-52\u00a02022, kde\u00a0nakoupit\u00a0Vysoce kvalitn\u00ed\u00a0Koupit pr\u00e1\u0161ek ALD-52 doru\u010den\u00ed p\u0159es noc,\u00a0cena pr\u00e1\u0161ku ALD-52.\" \/>\n<meta property=\"og:url\" content=\"https:\/\/medicinasinc.com\/cs\/product\/buy-ald-52-prasek\/\" \/>\n<meta property=\"og:site_name\" content=\"Medicinas Inc\" \/>\n<meta property=\"article:modified_time\" content=\"2022-03-14T11:30:54+00:00\" \/>\n<meta property=\"og:image\" content=\"https:\/\/medicinasinc.com\/cs\/wp-content\/uploads\/sites\/2\/2022\/02\/Buy-ALD-52-Powder.jpg\" \/>\n\t<meta property=\"og:image:width\" content=\"1080\" \/>\n\t<meta property=\"og:image:height\" content=\"995\" \/>\n\t<meta property=\"og:image:type\" content=\"image\/jpeg\" \/>\n<meta name=\"twitter:card\" content=\"summary_large_image\" \/>\n<meta name=\"twitter:label1\" content=\"Est. reading time\" \/>\n\t<meta name=\"twitter:data1\" content=\"1 minute\" \/>\n<script type=\"application\/ld+json\" class=\"yoast-schema-graph\">{\"@context\":\"https:\\\/\\\/schema.org\",\"@graph\":[{\"@type\":\"WebPage\",\"@id\":\"https:\\\/\\\/medicinasinc.com\\\/cs\\\/product\\\/buy-ald-52-prasek\\\/\",\"url\":\"https:\\\/\\\/medicinasinc.com\\\/cs\\\/product\\\/buy-ald-52-prasek\\\/\",\"name\":\"Koupit pr\u00e1\u0161ek ALD-52 \u2013 pr\u00e1\u0161ek ALD-52 online \u2013 nejlep\u0161\u00ed glob\u00e1ln\u00ed l\u00e9ky\",\"isPartOf\":{\"@id\":\"https:\\\/\\\/medicinasinc.com\\\/cs\\\/#website\"},\"primaryImageOfPage\":{\"@id\":\"https:\\\/\\\/medicinasinc.com\\\/cs\\\/product\\\/buy-ald-52-prasek\\\/#primaryimage\"},\"image\":{\"@id\":\"https:\\\/\\\/medicinasinc.com\\\/cs\\\/product\\\/buy-ald-52-prasek\\\/#primaryimage\"},\"thumbnailUrl\":\"https:\\\/\\\/medicinasinc.com\\\/cs\\\/wp-content\\\/uploads\\\/sites\\\/2\\\/2022\\\/02\\\/Buy-ALD-52-Powder.jpg\",\"datePublished\":\"2022-02-22T04:12:43+00:00\",\"dateModified\":\"2022-03-14T11:30:54+00:00\",\"description\":\"Koupit Koupit pr\u00e1\u0161ek ALD-52 na prodej ve Spojen\u00e9m kr\u00e1lovstv\u00ed, Evrop\u011b, AU, EU, objednat levn\u011b\u00a0Koupit pr\u00e1\u0161ek ALD-52\u00a02022, kde\u00a0nakoupit\u00a0Vysoce kvalitn\u00ed\u00a0Koupit pr\u00e1\u0161ek ALD-52 doru\u010den\u00ed p\u0159es noc,\u00a0cena pr\u00e1\u0161ku ALD-52.\",\"breadcrumb\":{\"@id\":\"https:\\\/\\\/medicinasinc.com\\\/cs\\\/product\\\/buy-ald-52-prasek\\\/#breadcrumb\"},\"inLanguage\":\"en-US\",\"potentialAction\":[{\"@type\":\"ReadAction\",\"target\":[\"https:\\\/\\\/medicinasinc.com\\\/cs\\\/product\\\/buy-ald-52-prasek\\\/\"]}]},{\"@type\":\"ImageObject\",\"inLanguage\":\"en-US\",\"@id\":\"https:\\\/\\\/medicinasinc.com\\\/cs\\\/product\\\/buy-ald-52-prasek\\\/#primaryimage\",\"url\":\"https:\\\/\\\/medicinasinc.com\\\/cs\\\/wp-content\\\/uploads\\\/sites\\\/2\\\/2022\\\/02\\\/Buy-ALD-52-Powder.jpg\",\"contentUrl\":\"https:\\\/\\\/medicinasinc.com\\\/cs\\\/wp-content\\\/uploads\\\/sites\\\/2\\\/2022\\\/02\\\/Buy-ALD-52-Powder.jpg\",\"width\":1080,\"height\":995},{\"@type\":\"BreadcrumbList\",\"@id\":\"https:\\\/\\\/medicinasinc.com\\\/cs\\\/product\\\/buy-ald-52-prasek\\\/#breadcrumb\",\"itemListElement\":[{\"@type\":\"ListItem\",\"position\":1,\"name\":\"Obchod\",\"item\":\"https:\\\/\\\/medicinasinc.com\\\/cs\\\/obchod\\\/\"},{\"@type\":\"ListItem\",\"position\":2,\"name\":\"Koupit pr\u00e1\u0161ek ALD-52\"}]},{\"@type\":\"WebSite\",\"@id\":\"https:\\\/\\\/medicinasinc.com\\\/cs\\\/#website\",\"url\":\"https:\\\/\\\/medicinasinc.com\\\/cs\\\/\",\"name\":\"Medicinas Inc\",\"description\":\"Health Medical Clinic\",\"potentialAction\":[{\"@type\":\"SearchAction\",\"target\":{\"@type\":\"EntryPoint\",\"urlTemplate\":\"https:\\\/\\\/medicinasinc.com\\\/cs\\\/?s={search_term_string}\"},\"query-input\":{\"@type\":\"PropertyValueSpecification\",\"valueRequired\":true,\"valueName\":\"search_term_string\"}}],\"inLanguage\":\"en-US\"}]}<\/script>\n<!-- \/ Yoast SEO plugin. -->","yoast_head_json":{"title":"Koupit pr\u00e1\u0161ek ALD-52 \u2013 pr\u00e1\u0161ek ALD-52 online \u2013 nejlep\u0161\u00ed glob\u00e1ln\u00ed l\u00e9ky","description":"Koupit Koupit pr\u00e1\u0161ek ALD-52 na prodej ve Spojen\u00e9m kr\u00e1lovstv\u00ed, Evrop\u011b, AU, EU, objednat levn\u011b\u00a0Koupit pr\u00e1\u0161ek ALD-52\u00a02022, kde\u00a0nakoupit\u00a0Vysoce kvalitn\u00ed\u00a0Koupit pr\u00e1\u0161ek ALD-52 doru\u010den\u00ed p\u0159es noc,\u00a0cena pr\u00e1\u0161ku ALD-52.","robots":{"index":"index","follow":"follow","max-snippet":"max-snippet:-1","max-image-preview":"max-image-preview:large","max-video-preview":"max-video-preview:-1"},"canonical":"https:\/\/medicinasinc.com\/cs\/product\/buy-ald-52-prasek\/","og_locale":"en_US","og_type":"article","og_title":"Koupit pr\u00e1\u0161ek ALD-52 \u2013 pr\u00e1\u0161ek ALD-52 online \u2013 nejlep\u0161\u00ed glob\u00e1ln\u00ed l\u00e9ky","og_description":"Koupit Koupit pr\u00e1\u0161ek ALD-52 na prodej ve Spojen\u00e9m kr\u00e1lovstv\u00ed, Evrop\u011b, AU, EU, objednat levn\u011b\u00a0Koupit pr\u00e1\u0161ek ALD-52\u00a02022, kde\u00a0nakoupit\u00a0Vysoce kvalitn\u00ed\u00a0Koupit pr\u00e1\u0161ek ALD-52 doru\u010den\u00ed p\u0159es noc,\u00a0cena pr\u00e1\u0161ku ALD-52.","og_url":"https:\/\/medicinasinc.com\/cs\/product\/buy-ald-52-prasek\/","og_site_name":"Medicinas Inc","article_modified_time":"2022-03-14T11:30:54+00:00","og_image":[{"width":1080,"height":995,"url":"https:\/\/medicinasinc.com\/cs\/wp-content\/uploads\/sites\/2\/2022\/02\/Buy-ALD-52-Powder.jpg","type":"image\/jpeg"}],"twitter_card":"summary_large_image","twitter_misc":{"Est. reading time":"1 minute"},"schema":{"@context":"https:\/\/schema.org","@graph":[{"@type":"WebPage","@id":"https:\/\/medicinasinc.com\/cs\/product\/buy-ald-52-prasek\/","url":"https:\/\/medicinasinc.com\/cs\/product\/buy-ald-52-prasek\/","name":"Koupit pr\u00e1\u0161ek ALD-52 \u2013 pr\u00e1\u0161ek ALD-52 online \u2013 nejlep\u0161\u00ed glob\u00e1ln\u00ed l\u00e9ky","isPartOf":{"@id":"https:\/\/medicinasinc.com\/cs\/#website"},"primaryImageOfPage":{"@id":"https:\/\/medicinasinc.com\/cs\/product\/buy-ald-52-prasek\/#primaryimage"},"image":{"@id":"https:\/\/medicinasinc.com\/cs\/product\/buy-ald-52-prasek\/#primaryimage"},"thumbnailUrl":"https:\/\/medicinasinc.com\/cs\/wp-content\/uploads\/sites\/2\/2022\/02\/Buy-ALD-52-Powder.jpg","datePublished":"2022-02-22T04:12:43+00:00","dateModified":"2022-03-14T11:30:54+00:00","description":"Koupit Koupit pr\u00e1\u0161ek ALD-52 na prodej ve Spojen\u00e9m kr\u00e1lovstv\u00ed, Evrop\u011b, AU, EU, objednat levn\u011b\u00a0Koupit pr\u00e1\u0161ek ALD-52\u00a02022, kde\u00a0nakoupit\u00a0Vysoce kvalitn\u00ed\u00a0Koupit pr\u00e1\u0161ek ALD-52 doru\u010den\u00ed p\u0159es noc,\u00a0cena pr\u00e1\u0161ku ALD-52.","breadcrumb":{"@id":"https:\/\/medicinasinc.com\/cs\/product\/buy-ald-52-prasek\/#breadcrumb"},"inLanguage":"en-US","potentialAction":[{"@type":"ReadAction","target":["https:\/\/medicinasinc.com\/cs\/product\/buy-ald-52-prasek\/"]}]},{"@type":"ImageObject","inLanguage":"en-US","@id":"https:\/\/medicinasinc.com\/cs\/product\/buy-ald-52-prasek\/#primaryimage","url":"https:\/\/medicinasinc.com\/cs\/wp-content\/uploads\/sites\/2\/2022\/02\/Buy-ALD-52-Powder.jpg","contentUrl":"https:\/\/medicinasinc.com\/cs\/wp-content\/uploads\/sites\/2\/2022\/02\/Buy-ALD-52-Powder.jpg","width":1080,"height":995},{"@type":"BreadcrumbList","@id":"https:\/\/medicinasinc.com\/cs\/product\/buy-ald-52-prasek\/#breadcrumb","itemListElement":[{"@type":"ListItem","position":1,"name":"Obchod","item":"https:\/\/medicinasinc.com\/cs\/obchod\/"},{"@type":"ListItem","position":2,"name":"Koupit pr\u00e1\u0161ek ALD-52"}]},{"@type":"WebSite","@id":"https:\/\/medicinasinc.com\/cs\/#website","url":"https:\/\/medicinasinc.com\/cs\/","name":"Medicinas Inc","description":"Health Medical Clinic","potentialAction":[{"@type":"SearchAction","target":{"@type":"EntryPoint","urlTemplate":"https:\/\/medicinasinc.com\/cs\/?s={search_term_string}"},"query-input":{"@type":"PropertyValueSpecification","valueRequired":true,"valueName":"search_term_string"}}],"inLanguage":"en-US"}]}},"_links":{"self":[{"href":"https:\/\/medicinasinc.com\/cs\/wp-json\/wp\/v2\/product\/5686","targetHints":{"allow":["GET"]}}],"collection":[{"href":"https:\/\/medicinasinc.com\/cs\/wp-json\/wp\/v2\/product"}],"about":[{"href":"https:\/\/medicinasinc.com\/cs\/wp-json\/wp\/v2\/types\/product"}],"replies":[{"embeddable":true,"href":"https:\/\/medicinasinc.com\/cs\/wp-json\/wp\/v2\/comments?post=5686"}],"wp:featuredmedia":[{"embeddable":true,"href":"https:\/\/medicinasinc.com\/cs\/wp-json\/wp\/v2\/media\/5699"}],"wp:attachment":[{"href":"https:\/\/medicinasinc.com\/cs\/wp-json\/wp\/v2\/media?parent=5686"}],"wp:term":[{"taxonomy":"product_brand","embeddable":true,"href":"https:\/\/medicinasinc.com\/cs\/wp-json\/wp\/v2\/product_brand?post=5686"},{"taxonomy":"product_cat","embeddable":true,"href":"https:\/\/medicinasinc.com\/cs\/wp-json\/wp\/v2\/product_cat?post=5686"},{"taxonomy":"product_tag","embeddable":true,"href":"https:\/\/medicinasinc.com\/cs\/wp-json\/wp\/v2\/product_tag?post=5686"}],"curies":[{"name":"wp","href":"https:\/\/api.w.org\/{rel}","templated":true}]}}