{"id":5685,"date":"2022-02-22T04:11:15","date_gmt":"2022-02-22T04:11:15","guid":{"rendered":"https:\/\/medicinasinc.com\/cs\/?post_type=product&#038;p=5685"},"modified":"2022-08-03T12:15:44","modified_gmt":"2022-08-03T12:15:44","slug":"koupit-pumpovat-sul-do-koupele","status":"publish","type":"product","link":"https:\/\/medicinasinc.com\/cs\/product\/koupit-pumpovat-sul-do-koupele\/","title":{"rendered":"Kupte si koupelovou s\u016fl Pump It"},"content":{"rendered":"<p>Je to dobr\u00fd n\u00e1pad koupit Pump-It Powder Koupelov\u00e9 soli<\/p>\n<p>Nakupujte Pump-It Powder Koupelov\u00e9 soli z d\u016fv\u011bryhodn\u00e9ho zdroje. Prod\u00e1v\u00e1me ty nejlep\u0161\u00ed produkty do koupele, jako jsou koupelov\u00e9 soli. Koupelov\u00e9 soli v\u00e1m poskytnou hladkou, smyslnou koupel, kter\u00e1 v\u00e1m po pou\u017eit\u00ed zanech\u00e1 pocit \u010distoty. Na\u0161i z\u00e1kazn\u00edci si v\u0161ak mohou b\u00fdt jisti, \u017ee dostanou ty nejlep\u0161\u00ed produkty na trhu. Prod\u00e1v\u00e1me a nakupujeme v\u0161ak i jin\u00e9 koncentrovan\u00e9 koupelov\u00e9 soli za dobr\u00e9 ceny.<\/p>\n<p>Na\u0161e koupelov\u00e9 soli maj\u00ed siln\u00fd z\u00e1pach.<\/p>\n<p>Pump-It Powder Koupelov\u00e9 soli maj\u00ed zp\u0159\u00edjemnit v\u00e1\u0161 z\u00e1\u017eitek z koup\u00e1n\u00ed je\u0161t\u011b v\u00edce vzru\u0161uj\u00edc\u00ed, energi\u010dt\u011bj\u0161\u00ed a eufori\u010dt\u011bj\u0161\u00ed. K dosa\u017een\u00ed velk\u00e9ho rozd\u00edlu sta\u010d\u00ed mal\u00e9 mno\u017estv\u00ed. M\u016f\u017eete v\u0161ak p\u0159idat jen mal\u00e9 mno\u017estv\u00ed do hork\u00e9 koupele, aby se voda p\u0159irozen\u011b zm\u011bk\u010dila, a budete se po n\u00ed c\u00edtit velmi energi\u010dt\u00ed a \u0161\u0165astn\u00ed. Pou\u017e\u00edv\u00e1 se v\u0161ak k tomu, aby vypadal jako p\u0159\u00edrodn\u00ed hork\u00e9 prameny \u0159eck\u00e9ho mo\u0159e. Pou\u017e\u00edvejte Pump-It Powder zpo\u010d\u00e1tku st\u0159\u00eddm\u011b, proto\u017ee p\u0159\u00edli\u0161 mnoho za\u0161pin\u00ed vodu ve van\u011b a budete ne\u0161\u0165astn\u00ed. Pokud v\u0161ak Pump-It Powder pou\u017e\u00edv\u00e1te spr\u00e1vn\u011b, m\u016f\u017ee v\u00e1m pomoci dostat se na m\u00edsta, kter\u00e1 jste pova\u017eovali za nemo\u017en\u00e1.<\/p>\n<p>Souvisej\u00edc\u00ed polo\u017eky:<br \/>\nN\u011bkter\u00e9 z na\u0161ich origin\u00e1ln\u00edch koupelov\u00fdch sol\u00ed m\u016f\u017eete vid\u011bt v seznamu n\u00ed\u017ee. .<br \/>\nJe to 500 mg koncentrovan\u00e9 koupelov\u00e9 soli od Rave On.<br \/>\nOsm koupelov\u00fdch sol\u00ed Ballz jich m\u00e1 500 mg.<br \/>\nPr\u00e9miov\u00e9 koupelov\u00e9 soli z Hollywoodu maj\u00ed 1 gram.<br \/>\n500 mg DIAMANTOV\u00c9HO PRACHU<br \/>\nJedna pol\u00e9vkov\u00e1 l\u017e\u00edce obsahuje 500 mg pr\u00e1\u0161ku.<br \/>\nNovinkov\u00fd pr\u00e1\u0161ek Black Diamond je vyroben z \u010dern\u00e9ho diamantu.<br \/>\nJedn\u00e1 se o 500 mg pr\u00e1\u0161ku Pump-it od Eight Ballz.<br \/>\n500 mg White Rush Bath Soli<br \/>\nIvory Wave Ultra Koupelov\u00e9 soli maj\u00ed v sob\u011b 500 mg.<br \/>\nKoupelov\u00e1 s\u016fl Ivory Wave 500 mg<br \/>\nV tomto p\u0159\u00edpad\u011b je v balen\u00ed 500 mg koupelov\u00e9 soli Lady Bubbles.<br \/>\nCloud 9 koupelov\u00fdch sol\u00ed jich m\u00e1 500 mg.<br \/>\nV t\u00e9to lahvi\u010dce je 500 mg Heavenly Soak Euphoric \u2013 Novelty Powder.<br \/>\nJe to 500 mg Heavenly Soak \u2013 Energy \u2013 Fun Powder.<br \/>\n500 mg Sky \u2013 Fun Pr\u00e1\u0161ek<br \/>\nExistuje 500 mg nov\u00e9ho pr\u00e1\u0161ku der in Molly&#8217;s Blend \u2013<\/p>\n<p>&nbsp;<\/p>\n<p>Vanilla Sky Koupelov\u00e1 s\u016fl 500 mg, Fizz koncentrovan\u00e1 koupelov\u00e1 s\u016fl 500 mg, Bolivijsk\u00e1 Ivory Wave Recharge koupelov\u00e1 s\u016fl 500 mg, White Girl koncentrovan\u00e1 koupelov\u00e1 s\u016fl 500 mg, Tranquility koncentrovan\u00e1 Koupelov\u00e1 s\u016fl 500 mg, X Rated Koupelov\u00e1 s\u016fl 500 mg<br \/>\nIvory Smooth 500 mg Koupelov\u00e1 s\u016fl<br \/>\n50 mg koupelov\u00e9 soli Blue Wave<br \/>\nBlue Silk je 500 mg koupelov\u00e9 soli.<br \/>\nV tomto p\u0159\u00edpad\u011b 500 mg Byly pou\u017eity bolivijsk\u00e9 koupelov\u00e9 soli.<br \/>\nKoupelov\u00e9 soli od G Pheonix<\/p>\n<p>&nbsp;<\/p>\n<p>V tomto p\u0159\u00edpad\u011b je koncentrovan\u00e1 koupelov\u00e1 s\u016fl White Girl 500 mg to, co pot\u0159ebujete.<br \/>\n500 mg koupelov\u00e9 soli White Lady<br \/>\nKoncentrovan\u00e9 koupelov\u00e9 soli Bliss maj\u00ed 500 mg soli v ka\u017ed\u00e9m s\u00e1\u010dku.<br \/>\nKoupelov\u00e9 soli Snow Leopard jich maj\u00ed v ka\u017ed\u00e9m s\u00e1\u010dku 500 mg.<br \/>\n500 mg extra koupelov\u00e9 soli od Lunar M\u00e1vat. 500mg koncentrovan\u00e9 koupelov\u00e9 soli od White Horse.<br \/>\n500mg povzbuzuj\u00edc\u00ed koupelov\u00e9 soli<br \/>\n500mg Cloud 10 koupelov\u00e9 soli<br \/>\nBlue Magic: 500mg koupelov\u00e9 soli<br \/>\nKoupelov\u00e1 s\u016fl s n\u00e1zvem Scarface m\u00e1 500mg z toho.<br \/>\nTak\u00e9 mnohem v\u00edce lid\u00ed.<\/p>\n","protected":false},"excerpt":{"rendered":"<p>V na\u0161em online obchodu medicinasinc.com si m\u016f\u017eete koupit s\u016fl do koupele Pump It na prodej ve Spojen\u00e9m kr\u00e1lovstv\u00ed, Evrop\u011b a Austr\u00e1lii a my v\u00e1m ji obratem za\u0161leme. Nejlep\u0161\u00ed koupelovou s\u016fl Pump It m\u016f\u017eete zakoupit zde!<\/p>\n<p>Je bezpe\u010dn\u00e9 nakupovat koupelovou s\u016fl Pump It Up od Global medicinas Bath Salts. Prod\u00e1v\u00e1me koncentrovan\u00e9 koupelov\u00e9 soli K2 za n\u00edzk\u00e9 ceny na internetu.<\/p>\n<p>Za nejlep\u0161\u00ed cenu si m\u016f\u017eete koupit koupelovou s\u016fl Pump It online v obchod\u011b. Slibujeme bezpe\u010dnou a bezpe\u010dnou p\u0159epravu po cel\u00e9m sv\u011bt\u011b.<\/p>\n<p>Kde chcete koupit \u201cPump-It pr\u00e1\u0161kovou koupelovou s\u016fl\u201d? Best Global Meds v\u00e1m d\u00e1v\u00e1 mo\u017enost koupit si koupelov\u00e9 soli na prodej online.<\/p>\n","protected":false},"featured_media":5697,"comment_status":"open","ping_status":"closed","template":"","meta":[],"product_brand":[],"product_cat":[2014],"product_tag":[3569,3568,3565,3566,3571,3567,3570,3573,3572],"class_list":{"0":"post-5685","1":"product","2":"type-product","3":"status-publish","4":"has-post-thumbnail","6":"product_cat-koupit-vyzkumne-chemikalie","7":"product_tag-pump-it-koupel-sl-efekt","8":"product_tag-pump-it-koupel-sl-koupit","9":"product_tag-koupit-pumpovat-sl-do-koupele","10":"product_tag-koupit-pumpovat-prach-koupelove-soli","11":"product_tag-pump-it-koupel-sol-objednat","12":"product_tag-objednat-erpat-sl-do-koupele","13":"product_tag-pump-it-koupel-sl-na-prodej","14":"product_tag-pump-it-bath-salt-reddit","15":"product_tag-pump-it-koupel-sl-prek","17":"first","18":"instock","19":"featured","20":"shipping-taxable","21":"purchasable","22":"product-type-variable","23":"has-default-attributes"},"yoast_head":"<!-- This site is optimized with the Yoast SEO plugin v27.3 - https:\/\/yoast.com\/product\/yoast-seo-wordpress\/ -->\n<title>Koupit Pump It Koupelov\u00e1 s\u016fl \u2013 Pump It Koupelov\u00e1 s\u016fl \u2013 Nejlep\u0161\u00ed glob\u00e1ln\u00ed l\u00e9ky<\/title>\n<meta name=\"description\" content=\"Kupte si s\u016fl do koupele Pump It na prodej ve Velk\u00e9 Brit\u00e1nii, Evrop\u011b, Austr\u00e1lii v na\u0161em online obchod\u011b medicinasinc.com s rychl\u00fdm celosv\u011btov\u00fdm doru\u010den\u00edm! Nejlep\u0161\u00ed Pump It S\u016fl do koupele pro objedn\u00e1n\u00ed najdete zde!\" \/>\n<meta name=\"robots\" content=\"index, follow, max-snippet:-1, max-image-preview:large, max-video-preview:-1\" \/>\n<link rel=\"canonical\" href=\"https:\/\/medicinasinc.com\/cs\/product\/koupit-pumpovat-sul-do-koupele\/\" \/>\n<meta property=\"og:locale\" content=\"en_US\" \/>\n<meta property=\"og:type\" content=\"article\" \/>\n<meta property=\"og:title\" content=\"Koupit Pump It Koupelov\u00e1 s\u016fl \u2013 Pump It Koupelov\u00e1 s\u016fl \u2013 Nejlep\u0161\u00ed glob\u00e1ln\u00ed l\u00e9ky\" \/>\n<meta property=\"og:description\" content=\"Kupte si s\u016fl do koupele Pump It na prodej ve Velk\u00e9 Brit\u00e1nii, Evrop\u011b, Austr\u00e1lii v na\u0161em online obchod\u011b medicinasinc.com s rychl\u00fdm celosv\u011btov\u00fdm doru\u010den\u00edm! Nejlep\u0161\u00ed Pump It S\u016fl do koupele pro objedn\u00e1n\u00ed najdete zde!\" \/>\n<meta property=\"og:url\" content=\"https:\/\/medicinasinc.com\/cs\/product\/koupit-pumpovat-sul-do-koupele\/\" \/>\n<meta property=\"og:site_name\" content=\"Medicinas Inc\" \/>\n<meta property=\"article:modified_time\" content=\"2022-08-03T12:15:44+00:00\" \/>\n<meta property=\"og:image\" content=\"https:\/\/medicinasinc.com\/cs\/wp-content\/uploads\/sites\/2\/2022\/02\/Buy-Pump-It-Bath-Salt.jpg\" \/>\n\t<meta property=\"og:image:width\" content=\"600\" \/>\n\t<meta property=\"og:image:height\" content=\"600\" \/>\n\t<meta property=\"og:image:type\" content=\"image\/jpeg\" \/>\n<meta name=\"twitter:card\" content=\"summary_large_image\" \/>\n<meta name=\"twitter:label1\" content=\"Est. reading time\" \/>\n\t<meta name=\"twitter:data1\" content=\"3 minutes\" \/>\n<script type=\"application\/ld+json\" class=\"yoast-schema-graph\">{\"@context\":\"https:\\\/\\\/schema.org\",\"@graph\":[{\"@type\":\"WebPage\",\"@id\":\"https:\\\/\\\/medicinasinc.com\\\/cs\\\/product\\\/koupit-pumpovat-sul-do-koupele\\\/\",\"url\":\"https:\\\/\\\/medicinasinc.com\\\/cs\\\/product\\\/koupit-pumpovat-sul-do-koupele\\\/\",\"name\":\"Koupit Pump It Koupelov\u00e1 s\u016fl \u2013 Pump It Koupelov\u00e1 s\u016fl \u2013 Nejlep\u0161\u00ed glob\u00e1ln\u00ed l\u00e9ky\",\"isPartOf\":{\"@id\":\"https:\\\/\\\/medicinasinc.com\\\/cs\\\/#website\"},\"primaryImageOfPage\":{\"@id\":\"https:\\\/\\\/medicinasinc.com\\\/cs\\\/product\\\/koupit-pumpovat-sul-do-koupele\\\/#primaryimage\"},\"image\":{\"@id\":\"https:\\\/\\\/medicinasinc.com\\\/cs\\\/product\\\/koupit-pumpovat-sul-do-koupele\\\/#primaryimage\"},\"thumbnailUrl\":\"https:\\\/\\\/medicinasinc.com\\\/cs\\\/wp-content\\\/uploads\\\/sites\\\/2\\\/2022\\\/02\\\/Buy-Pump-It-Bath-Salt.jpg\",\"datePublished\":\"2022-02-22T04:11:15+00:00\",\"dateModified\":\"2022-08-03T12:15:44+00:00\",\"description\":\"Kupte si s\u016fl do koupele Pump It na prodej ve Velk\u00e9 Brit\u00e1nii, Evrop\u011b, Austr\u00e1lii v na\u0161em online obchod\u011b medicinasinc.com s rychl\u00fdm celosv\u011btov\u00fdm doru\u010den\u00edm! Nejlep\u0161\u00ed Pump It S\u016fl do koupele pro objedn\u00e1n\u00ed najdete zde!\",\"breadcrumb\":{\"@id\":\"https:\\\/\\\/medicinasinc.com\\\/cs\\\/product\\\/koupit-pumpovat-sul-do-koupele\\\/#breadcrumb\"},\"inLanguage\":\"en-US\",\"potentialAction\":[{\"@type\":\"ReadAction\",\"target\":[\"https:\\\/\\\/medicinasinc.com\\\/cs\\\/product\\\/koupit-pumpovat-sul-do-koupele\\\/\"]}]},{\"@type\":\"ImageObject\",\"inLanguage\":\"en-US\",\"@id\":\"https:\\\/\\\/medicinasinc.com\\\/cs\\\/product\\\/koupit-pumpovat-sul-do-koupele\\\/#primaryimage\",\"url\":\"https:\\\/\\\/medicinasinc.com\\\/cs\\\/wp-content\\\/uploads\\\/sites\\\/2\\\/2022\\\/02\\\/Buy-Pump-It-Bath-Salt.jpg\",\"contentUrl\":\"https:\\\/\\\/medicinasinc.com\\\/cs\\\/wp-content\\\/uploads\\\/sites\\\/2\\\/2022\\\/02\\\/Buy-Pump-It-Bath-Salt.jpg\",\"width\":600,\"height\":600},{\"@type\":\"BreadcrumbList\",\"@id\":\"https:\\\/\\\/medicinasinc.com\\\/cs\\\/product\\\/koupit-pumpovat-sul-do-koupele\\\/#breadcrumb\",\"itemListElement\":[{\"@type\":\"ListItem\",\"position\":1,\"name\":\"Obchod\",\"item\":\"https:\\\/\\\/medicinasinc.com\\\/cs\\\/obchod\\\/\"},{\"@type\":\"ListItem\",\"position\":2,\"name\":\"Kupte si koupelovou s\u016fl Pump It\"}]},{\"@type\":\"WebSite\",\"@id\":\"https:\\\/\\\/medicinasinc.com\\\/cs\\\/#website\",\"url\":\"https:\\\/\\\/medicinasinc.com\\\/cs\\\/\",\"name\":\"Medicinas Inc\",\"description\":\"Health Medical Clinic\",\"potentialAction\":[{\"@type\":\"SearchAction\",\"target\":{\"@type\":\"EntryPoint\",\"urlTemplate\":\"https:\\\/\\\/medicinasinc.com\\\/cs\\\/?s={search_term_string}\"},\"query-input\":{\"@type\":\"PropertyValueSpecification\",\"valueRequired\":true,\"valueName\":\"search_term_string\"}}],\"inLanguage\":\"en-US\"}]}<\/script>\n<!-- \/ Yoast SEO plugin. -->","yoast_head_json":{"title":"Koupit Pump It Koupelov\u00e1 s\u016fl \u2013 Pump It Koupelov\u00e1 s\u016fl \u2013 Nejlep\u0161\u00ed glob\u00e1ln\u00ed l\u00e9ky","description":"Kupte si s\u016fl do koupele Pump It na prodej ve Velk\u00e9 Brit\u00e1nii, Evrop\u011b, Austr\u00e1lii v na\u0161em online obchod\u011b medicinasinc.com s rychl\u00fdm celosv\u011btov\u00fdm doru\u010den\u00edm! Nejlep\u0161\u00ed Pump It S\u016fl do koupele pro objedn\u00e1n\u00ed najdete zde!","robots":{"index":"index","follow":"follow","max-snippet":"max-snippet:-1","max-image-preview":"max-image-preview:large","max-video-preview":"max-video-preview:-1"},"canonical":"https:\/\/medicinasinc.com\/cs\/product\/koupit-pumpovat-sul-do-koupele\/","og_locale":"en_US","og_type":"article","og_title":"Koupit Pump It Koupelov\u00e1 s\u016fl \u2013 Pump It Koupelov\u00e1 s\u016fl \u2013 Nejlep\u0161\u00ed glob\u00e1ln\u00ed l\u00e9ky","og_description":"Kupte si s\u016fl do koupele Pump It na prodej ve Velk\u00e9 Brit\u00e1nii, Evrop\u011b, Austr\u00e1lii v na\u0161em online obchod\u011b medicinasinc.com s rychl\u00fdm celosv\u011btov\u00fdm doru\u010den\u00edm! Nejlep\u0161\u00ed Pump It S\u016fl do koupele pro objedn\u00e1n\u00ed najdete zde!","og_url":"https:\/\/medicinasinc.com\/cs\/product\/koupit-pumpovat-sul-do-koupele\/","og_site_name":"Medicinas Inc","article_modified_time":"2022-08-03T12:15:44+00:00","og_image":[{"width":600,"height":600,"url":"https:\/\/medicinasinc.com\/cs\/wp-content\/uploads\/sites\/2\/2022\/02\/Buy-Pump-It-Bath-Salt.jpg","type":"image\/jpeg"}],"twitter_card":"summary_large_image","twitter_misc":{"Est. reading time":"3 minutes"},"schema":{"@context":"https:\/\/schema.org","@graph":[{"@type":"WebPage","@id":"https:\/\/medicinasinc.com\/cs\/product\/koupit-pumpovat-sul-do-koupele\/","url":"https:\/\/medicinasinc.com\/cs\/product\/koupit-pumpovat-sul-do-koupele\/","name":"Koupit Pump It Koupelov\u00e1 s\u016fl \u2013 Pump It Koupelov\u00e1 s\u016fl \u2013 Nejlep\u0161\u00ed glob\u00e1ln\u00ed l\u00e9ky","isPartOf":{"@id":"https:\/\/medicinasinc.com\/cs\/#website"},"primaryImageOfPage":{"@id":"https:\/\/medicinasinc.com\/cs\/product\/koupit-pumpovat-sul-do-koupele\/#primaryimage"},"image":{"@id":"https:\/\/medicinasinc.com\/cs\/product\/koupit-pumpovat-sul-do-koupele\/#primaryimage"},"thumbnailUrl":"https:\/\/medicinasinc.com\/cs\/wp-content\/uploads\/sites\/2\/2022\/02\/Buy-Pump-It-Bath-Salt.jpg","datePublished":"2022-02-22T04:11:15+00:00","dateModified":"2022-08-03T12:15:44+00:00","description":"Kupte si s\u016fl do koupele Pump It na prodej ve Velk\u00e9 Brit\u00e1nii, Evrop\u011b, Austr\u00e1lii v na\u0161em online obchod\u011b medicinasinc.com s rychl\u00fdm celosv\u011btov\u00fdm doru\u010den\u00edm! Nejlep\u0161\u00ed Pump It S\u016fl do koupele pro objedn\u00e1n\u00ed najdete zde!","breadcrumb":{"@id":"https:\/\/medicinasinc.com\/cs\/product\/koupit-pumpovat-sul-do-koupele\/#breadcrumb"},"inLanguage":"en-US","potentialAction":[{"@type":"ReadAction","target":["https:\/\/medicinasinc.com\/cs\/product\/koupit-pumpovat-sul-do-koupele\/"]}]},{"@type":"ImageObject","inLanguage":"en-US","@id":"https:\/\/medicinasinc.com\/cs\/product\/koupit-pumpovat-sul-do-koupele\/#primaryimage","url":"https:\/\/medicinasinc.com\/cs\/wp-content\/uploads\/sites\/2\/2022\/02\/Buy-Pump-It-Bath-Salt.jpg","contentUrl":"https:\/\/medicinasinc.com\/cs\/wp-content\/uploads\/sites\/2\/2022\/02\/Buy-Pump-It-Bath-Salt.jpg","width":600,"height":600},{"@type":"BreadcrumbList","@id":"https:\/\/medicinasinc.com\/cs\/product\/koupit-pumpovat-sul-do-koupele\/#breadcrumb","itemListElement":[{"@type":"ListItem","position":1,"name":"Obchod","item":"https:\/\/medicinasinc.com\/cs\/obchod\/"},{"@type":"ListItem","position":2,"name":"Kupte si koupelovou s\u016fl Pump It"}]},{"@type":"WebSite","@id":"https:\/\/medicinasinc.com\/cs\/#website","url":"https:\/\/medicinasinc.com\/cs\/","name":"Medicinas Inc","description":"Health Medical Clinic","potentialAction":[{"@type":"SearchAction","target":{"@type":"EntryPoint","urlTemplate":"https:\/\/medicinasinc.com\/cs\/?s={search_term_string}"},"query-input":{"@type":"PropertyValueSpecification","valueRequired":true,"valueName":"search_term_string"}}],"inLanguage":"en-US"}]}},"_links":{"self":[{"href":"https:\/\/medicinasinc.com\/cs\/wp-json\/wp\/v2\/product\/5685","targetHints":{"allow":["GET"]}}],"collection":[{"href":"https:\/\/medicinasinc.com\/cs\/wp-json\/wp\/v2\/product"}],"about":[{"href":"https:\/\/medicinasinc.com\/cs\/wp-json\/wp\/v2\/types\/product"}],"replies":[{"embeddable":true,"href":"https:\/\/medicinasinc.com\/cs\/wp-json\/wp\/v2\/comments?post=5685"}],"wp:featuredmedia":[{"embeddable":true,"href":"https:\/\/medicinasinc.com\/cs\/wp-json\/wp\/v2\/media\/5697"}],"wp:attachment":[{"href":"https:\/\/medicinasinc.com\/cs\/wp-json\/wp\/v2\/media?parent=5685"}],"wp:term":[{"taxonomy":"product_brand","embeddable":true,"href":"https:\/\/medicinasinc.com\/cs\/wp-json\/wp\/v2\/product_brand?post=5685"},{"taxonomy":"product_cat","embeddable":true,"href":"https:\/\/medicinasinc.com\/cs\/wp-json\/wp\/v2\/product_cat?post=5685"},{"taxonomy":"product_tag","embeddable":true,"href":"https:\/\/medicinasinc.com\/cs\/wp-json\/wp\/v2\/product_tag?post=5685"}],"curies":[{"name":"wp","href":"https:\/\/api.w.org\/{rel}","templated":true}]}}