{"id":5684,"date":"2022-02-22T04:10:18","date_gmt":"2022-02-22T04:10:18","guid":{"rendered":"https:\/\/medicinasinc.com\/cs\/?post_type=product&#038;p=5684"},"modified":"2022-03-14T11:31:16","modified_gmt":"2022-03-14T11:31:16","slug":"buy-mmb-2201-prasek","status":"publish","type":"product","link":"https:\/\/medicinasinc.com\/cs\/product\/buy-mmb-2201-prasek\/","title":{"rendered":"Koupit MMB-2201 Powder"},"content":{"rendered":"<p>MDMB-2201 Drug je \u0161pi\u010dkov\u00e1 v\u00fdzkumn\u00e1 chemik\u00e1lie, kterou m\u016f\u017eete z\u00edskat online za rozumnou cenu. D\u016fv\u011bryhodn\u00fd dodavatel bestglobalmed.com nab\u00edz\u00ed 5F-MDMB-2201 za zv\u00fdhodn\u011bnou cenu. Jako designov\u00e1 droga a jako aktivn\u00ed slo\u017eka v syntetizovan\u00fdch konopn\u00fdch sm\u011bs\u00edch je MMB-2201 siln\u00fd syntetick\u00fd kanabinoid na b\u00e1zi indol-3-karboxamidu.<\/p>\n<p>Syntetick\u00fd kanabinoid na b\u00e1zi indol-3-karboxamidu MMB-2201 ( tak\u00e9 zn\u00e1m\u00fd jako 5F-MMB-PICA, 5F-AMB-PICA a I-AMB) byl inzerov\u00e1n jako designov\u00e1 droga a slo\u017eka syntetick\u00fdch konopn\u00fdch sm\u011bs\u00ed. Poprv\u00e9 byl hl\u00e1\u0161en v Rusku a B\u011blorusku v lednu 2014, od t\u00e9 doby se prodal v mnoha dal\u0161\u00edch zem\u00edch. Indolov\u00fdm prot\u011bj\u0161kem 5F-AMB je tato slou\u010denina. syntetick\u00e9 slou\u010deniny konop\u00ed s N-1-methoxykarbonylovou skupinou obsahuj\u00edc\u00ed indol-3-karboxamidov\u00e9 j\u00e1dro nebo indazol-3-karboxamidov\u00e9 j\u00e1dro a isopropylov\u00fd nebo t-butylov\u00fd substituent se uk\u00e1zaly b\u00fdt v\u00fdrazn\u011b \u0161kodliv\u011bj\u0161\u00ed ne\u017e star\u0161\u00ed syntetick\u00fd kanabinoid slou\u010deniny<\/p>\n<p>Syntetick\u00fd kanabinoid 5F-MDMB-2201 je extr\u00e9mn\u011b podobn\u00fd MMB-2201 (rodina indazol\u016f). Na receptorech CB1 i CB2 m\u00e1 5F-MDMB-2201 v\u00fdznamn\u00fd \u00fa\u010dinek (agonismus).<\/p>\n<p>Metabolick\u00fd n\u00e1zev: Methyl-2-methyl-1H-indol-3-karboxamido-dimethylbutan\u00e1t<\/p>\n<p>Jako designov\u00fd l\u00e9k a aktivn\u00ed slo\u017eka syntetick\u00fdch konopn\u00fdch sm\u011bs\u00ed je MMB-2201 syntetick\u00fd kanabinoid na b\u00e1zi indol-3-karboxamidu.<\/p>\n<p>889493-21-2 \u010c\u00edslo CAS<\/p>\n<p>C21H29FN2O3 je chemick\u00fd vzorec.<\/p>\n<p>Minim\u00e1ln\u00ed \u010distota 99,7 procent<\/p>\n<p>376,49 je molekulov\u00e1 hmotnost<\/p>\n<p>Vzhled krystal\u016f\/pr\u00e1\u0161k\u016f<\/p>\n<p> Syntetick\u00fd kanabinoid MMB-2201 na b\u00e1zi indol-3-karboxamidu (tak\u00e9 zn\u00e1m\u00fd jako 5F-MMB-PICA, 5F-AMB-PICA a I-AMB) je designov\u00fd l\u00e9k a aktivn\u00ed slo\u017eka ve sm\u011bs\u00edch syntetick\u00e9ho konop\u00ed. A\u010dkoli byl p\u016fvodn\u011b hl\u00e1\u0161en v Rusku a B\u011blorusku v lednu tohoto roku, n\u00e1sledn\u011b se za\u010dal prod\u00e1vat v \u0159ad\u011b dal\u0161\u00edch zem\u00ed. V t\u00e9to slou\u010denin\u011b se nach\u00e1z\u00ed prot\u011bj\u0161ek j\u00e1dra 5F-indolu AMB. Bylo zji\u0161t\u011bno, \u017ee nov\u011bj\u0161\u00ed syntetick\u00e9 slou\u010deniny konop\u00ed s j\u00e1drem indol-3-karboxamidu nebo indazol-3-karboxamidu a N-1-methoxykarbonylovou skupinou nav\u00e1zanou na isopropyl nebo t-butyl substituent jsou mnohem \u0161kodliv\u011bj\u0161\u00ed ne\u017e star\u0161\u00ed syntetick\u00e9 kanabinoidn\u00ed slou\u010deniny. &#8211;<\/p>\n<p>Syntetick\u00fd kanabinoid 5F-MDMB-2201 je extr\u00e9mn\u011b podobn\u00fd MMB-2201 (rodina indazol\u016f). Receptory CB1 i CB2 jsou vysoce antagonistick\u00e9 v\u016f\u010di 5F-MDMB-2201.<\/p>\n<p>Metabolick\u00fd n\u00e1zev: Methyl-2-methyl-1H-indol-3-karboxamido-dimethylbutan\u00e1t.<\/p>\n<p>Jako designov\u00fd l\u00e9k a aktivn\u00ed slo\u017eka syntetick\u00fdch konopn\u00fdch sm\u011bs\u00ed, MMB-2201 je syntetick\u00fd kanabinoid na b\u00e1zi indol-3-karboxamidu.<\/p>\n<p>889493-21-2 \u010c\u00edslo CAS<\/p>\n<p>C21H29FN2O3 je chemick\u00fd vzorec .<\/p>\n<p>Minim\u00e1ln\u00ed \u010distota 99,7 procent<\/p>\n<p>376,49 je molekulov\u00e1 hmotnost<\/p>\n<p>Krystaly a pr\u00e1\u0161ek<\/p>\n","protected":false},"excerpt":{"rendered":"<p>Koupit MMB-2201 pr\u00e1\u0161ek na prodej v UK, Europe, AU. nab\u00edz\u00edme nejspolehliv\u011bj\u0161\u00ed transakce a prod\u00e1v\u00e1me za velmi p\u0159ijateln\u00e9 ceny. Objednejte si MMB-2201 Powder nyn\u00ed za nejlep\u0161\u00ed ceny<\/p>\n<p>Nakupujte online MMB-2201 Powder Pure online. MMB-2201 Powder je tak\u00e9: 5F-MMB-PICA, 5F-AMB-PICA nebo I-AMB.<\/p>\n<p>5CAKB48 MMB022,\u00a0<em>MPHP2201<\/em>\u00a0vysok\u00e1 \u010distota a \u017elut\u00fd\u00a0<em>pr\u00e1\u0161ek<\/em>\u00a0online &#8230; <em>Mmbfub<\/em>,\u00a0<em>Mphp2201<\/em>, 5f-mdmb-<em>2201<\/em>, 5feapb\/5feapb, Mmb022, 4-cdc, Fub144,\u00a0<em>Fub2201<\/em>.<\/p>\n<p><em>Koupit<\/em>\u00a05F MDMB online &#8211; M\u016f\u017eete si objednat 5F-MDMB-<em>2201 pr\u00e1\u0161ek<\/em>\u00a0za n\u00edzkou cenu od &#8230; 5F MDMB\u00a0<em>2201<\/em>\u00a0Crystals je tak\u00e9 zn\u00e1m\u00fd jako 5F-<em>MMB<\/em>-PICA, 5F-AMB-PICA a I-AMB.<\/p>\n<p>&nbsp;<\/p>\n","protected":false},"featured_media":5695,"comment_status":"open","ping_status":"closed","template":"","meta":[],"product_brand":[],"product_cat":[2596],"product_tag":[2600,2603,2604,2607,2608,2609,2614,2605,2606,2612,2613,2615,2616,2619,2620,2621,2629,2611,2601,2602,2631,2622,2625,2626,2627,2628,3563,3564,2610],"class_list":{"0":"post-5684","1":"product","2":"type-product","3":"status-publish","4":"has-post-thumbnail","6":"product_cat-kanabinoidy-na-prodej","7":"product_tag-5f-mdmb-2201","8":"product_tag-5f-mdmb-2201-for-sale","9":"product_tag-5f-mdmb-2201-na-prodej-online","10":"product_tag-5f-mdmb-2201-powder-canada","11":"product_tag-5f-mdmb-2201-powder-dosage","12":"product_tag-5f-mdmb-2201-powder-for-sale","13":"product_tag-5f-mdmb-2201-powder-vendor","14":"product_tag-5f-mdmb-2201-prek","15":"product_tag-5f-mdmb-2201-powder-austrlie","16":"product_tag-5f-mdmb-2201-powder-uk","17":"product_tag-5f-mdmb-2201-powder-usa","18":"product_tag-5f-mdmb-2201-reddit","19":"product_tag-5f-mdmb-2201-review","20":"product_tag-buy-5f-mdmb-2201","21":"product_tag-buy-5f-mdmb-2201-cannabinoids","22":"product_tag-buy-5f-mdmb-2201-online","23":"product_tag-ist-5f-mdmb-2201-prek","24":"product_tag-5f-mdmb-2201-dodavatel-prku","25":"product_tag-5f-mdmb-2201-kanabinoidy","26":"product_tag-5f-mdmb-2201-kanabinoidy-na-prodej","27":"product_tag-kde-koupit-5f-mdmb-2201","28":"product_tag-koupit-5f-mdmb-2201-powder-online","29":"product_tag-mail-5f-mdmb-2201","30":"product_tag-objednvka-5f-mdmb-2201","31":"product_tag-objednvka-5f-mdmb-2201-online","32":"product_tag-objednvka-5f-mdmb-2201-prek","33":"product_tag-remove-term-5f-mdmb-2201-5f-mdmb-2201-effect","34":"product_tag-remove-term-5f-mdmb-2201-5f-mdmb-2201-powder-for-sale","35":"product_tag-5f-mdmb-2201-powder-review","37":"first","38":"instock","39":"shipping-taxable","40":"purchasable","41":"product-type-variable","42":"has-default-attributes"},"yoast_head":"<!-- This site is optimized with the Yoast SEO plugin v27.3 - https:\/\/yoast.com\/product\/yoast-seo-wordpress\/ -->\n<title>Koupit pr\u00e1\u0161ek MMB-2201 - MMB-2201 na prodej - nejlep\u0161\u00ed glob\u00e1ln\u00ed l\u00e9ky<\/title>\n<meta name=\"description\" content=\"Koupit MMB-2201 Pr\u00e1\u0161ek na prodej v UK, Europe, AU. nab\u00edz\u00edme nejspolehliv\u011bj\u0161\u00ed transakce a prod\u00e1v\u00e1me za velmi p\u0159ijateln\u00e9 ceny. Objednejte si pr\u00e1\u0161ek MMB-2201 nyn\u00ed za nejlep\u0161\u00ed ceny\" \/>\n<meta name=\"robots\" content=\"index, follow, max-snippet:-1, max-image-preview:large, max-video-preview:-1\" \/>\n<link rel=\"canonical\" href=\"https:\/\/medicinasinc.com\/cs\/product\/buy-mmb-2201-prasek\/\" \/>\n<meta property=\"og:locale\" content=\"en_US\" \/>\n<meta property=\"og:type\" content=\"article\" \/>\n<meta property=\"og:title\" content=\"Koupit pr\u00e1\u0161ek MMB-2201 - MMB-2201 na prodej - nejlep\u0161\u00ed glob\u00e1ln\u00ed l\u00e9ky\" \/>\n<meta property=\"og:description\" content=\"Koupit MMB-2201 Pr\u00e1\u0161ek na prodej v UK, Europe, AU. nab\u00edz\u00edme nejspolehliv\u011bj\u0161\u00ed transakce a prod\u00e1v\u00e1me za velmi p\u0159ijateln\u00e9 ceny. Objednejte si pr\u00e1\u0161ek MMB-2201 nyn\u00ed za nejlep\u0161\u00ed ceny\" \/>\n<meta property=\"og:url\" content=\"https:\/\/medicinasinc.com\/cs\/product\/buy-mmb-2201-prasek\/\" \/>\n<meta property=\"og:site_name\" content=\"Medicinas Inc\" \/>\n<meta property=\"article:modified_time\" content=\"2022-03-14T11:31:16+00:00\" \/>\n<meta property=\"og:image\" content=\"https:\/\/medicinasinc.com\/cs\/wp-content\/uploads\/sites\/2\/2022\/02\/Buy-MMB-2201-Powder.jpg\" \/>\n\t<meta property=\"og:image:width\" content=\"600\" \/>\n\t<meta property=\"og:image:height\" content=\"600\" \/>\n\t<meta property=\"og:image:type\" content=\"image\/jpeg\" \/>\n<meta name=\"twitter:card\" content=\"summary_large_image\" \/>\n<meta name=\"twitter:label1\" content=\"Est. reading time\" \/>\n\t<meta name=\"twitter:data1\" content=\"2 minutes\" \/>\n<script type=\"application\/ld+json\" class=\"yoast-schema-graph\">{\"@context\":\"https:\\\/\\\/schema.org\",\"@graph\":[{\"@type\":\"WebPage\",\"@id\":\"https:\\\/\\\/medicinasinc.com\\\/cs\\\/product\\\/buy-mmb-2201-prasek\\\/\",\"url\":\"https:\\\/\\\/medicinasinc.com\\\/cs\\\/product\\\/buy-mmb-2201-prasek\\\/\",\"name\":\"Koupit pr\u00e1\u0161ek MMB-2201 - MMB-2201 na prodej - nejlep\u0161\u00ed glob\u00e1ln\u00ed l\u00e9ky\",\"isPartOf\":{\"@id\":\"https:\\\/\\\/medicinasinc.com\\\/cs\\\/#website\"},\"primaryImageOfPage\":{\"@id\":\"https:\\\/\\\/medicinasinc.com\\\/cs\\\/product\\\/buy-mmb-2201-prasek\\\/#primaryimage\"},\"image\":{\"@id\":\"https:\\\/\\\/medicinasinc.com\\\/cs\\\/product\\\/buy-mmb-2201-prasek\\\/#primaryimage\"},\"thumbnailUrl\":\"https:\\\/\\\/medicinasinc.com\\\/cs\\\/wp-content\\\/uploads\\\/sites\\\/2\\\/2022\\\/02\\\/Buy-MMB-2201-Powder.jpg\",\"datePublished\":\"2022-02-22T04:10:18+00:00\",\"dateModified\":\"2022-03-14T11:31:16+00:00\",\"description\":\"Koupit MMB-2201 Pr\u00e1\u0161ek na prodej v UK, Europe, AU. nab\u00edz\u00edme nejspolehliv\u011bj\u0161\u00ed transakce a prod\u00e1v\u00e1me za velmi p\u0159ijateln\u00e9 ceny. Objednejte si pr\u00e1\u0161ek MMB-2201 nyn\u00ed za nejlep\u0161\u00ed ceny\",\"breadcrumb\":{\"@id\":\"https:\\\/\\\/medicinasinc.com\\\/cs\\\/product\\\/buy-mmb-2201-prasek\\\/#breadcrumb\"},\"inLanguage\":\"en-US\",\"potentialAction\":[{\"@type\":\"ReadAction\",\"target\":[\"https:\\\/\\\/medicinasinc.com\\\/cs\\\/product\\\/buy-mmb-2201-prasek\\\/\"]}]},{\"@type\":\"ImageObject\",\"inLanguage\":\"en-US\",\"@id\":\"https:\\\/\\\/medicinasinc.com\\\/cs\\\/product\\\/buy-mmb-2201-prasek\\\/#primaryimage\",\"url\":\"https:\\\/\\\/medicinasinc.com\\\/cs\\\/wp-content\\\/uploads\\\/sites\\\/2\\\/2022\\\/02\\\/Buy-MMB-2201-Powder.jpg\",\"contentUrl\":\"https:\\\/\\\/medicinasinc.com\\\/cs\\\/wp-content\\\/uploads\\\/sites\\\/2\\\/2022\\\/02\\\/Buy-MMB-2201-Powder.jpg\",\"width\":600,\"height\":600},{\"@type\":\"BreadcrumbList\",\"@id\":\"https:\\\/\\\/medicinasinc.com\\\/cs\\\/product\\\/buy-mmb-2201-prasek\\\/#breadcrumb\",\"itemListElement\":[{\"@type\":\"ListItem\",\"position\":1,\"name\":\"Obchod\",\"item\":\"https:\\\/\\\/medicinasinc.com\\\/cs\\\/obchod\\\/\"},{\"@type\":\"ListItem\",\"position\":2,\"name\":\"Koupit MMB-2201 Powder\"}]},{\"@type\":\"WebSite\",\"@id\":\"https:\\\/\\\/medicinasinc.com\\\/cs\\\/#website\",\"url\":\"https:\\\/\\\/medicinasinc.com\\\/cs\\\/\",\"name\":\"Medicinas Inc\",\"description\":\"Health Medical Clinic\",\"potentialAction\":[{\"@type\":\"SearchAction\",\"target\":{\"@type\":\"EntryPoint\",\"urlTemplate\":\"https:\\\/\\\/medicinasinc.com\\\/cs\\\/?s={search_term_string}\"},\"query-input\":{\"@type\":\"PropertyValueSpecification\",\"valueRequired\":true,\"valueName\":\"search_term_string\"}}],\"inLanguage\":\"en-US\"}]}<\/script>\n<!-- \/ Yoast SEO plugin. -->","yoast_head_json":{"title":"Koupit pr\u00e1\u0161ek MMB-2201 - MMB-2201 na prodej - nejlep\u0161\u00ed glob\u00e1ln\u00ed l\u00e9ky","description":"Koupit MMB-2201 Pr\u00e1\u0161ek na prodej v UK, Europe, AU. nab\u00edz\u00edme nejspolehliv\u011bj\u0161\u00ed transakce a prod\u00e1v\u00e1me za velmi p\u0159ijateln\u00e9 ceny. Objednejte si pr\u00e1\u0161ek MMB-2201 nyn\u00ed za nejlep\u0161\u00ed ceny","robots":{"index":"index","follow":"follow","max-snippet":"max-snippet:-1","max-image-preview":"max-image-preview:large","max-video-preview":"max-video-preview:-1"},"canonical":"https:\/\/medicinasinc.com\/cs\/product\/buy-mmb-2201-prasek\/","og_locale":"en_US","og_type":"article","og_title":"Koupit pr\u00e1\u0161ek MMB-2201 - MMB-2201 na prodej - nejlep\u0161\u00ed glob\u00e1ln\u00ed l\u00e9ky","og_description":"Koupit MMB-2201 Pr\u00e1\u0161ek na prodej v UK, Europe, AU. nab\u00edz\u00edme nejspolehliv\u011bj\u0161\u00ed transakce a prod\u00e1v\u00e1me za velmi p\u0159ijateln\u00e9 ceny. Objednejte si pr\u00e1\u0161ek MMB-2201 nyn\u00ed za nejlep\u0161\u00ed ceny","og_url":"https:\/\/medicinasinc.com\/cs\/product\/buy-mmb-2201-prasek\/","og_site_name":"Medicinas Inc","article_modified_time":"2022-03-14T11:31:16+00:00","og_image":[{"width":600,"height":600,"url":"https:\/\/medicinasinc.com\/cs\/wp-content\/uploads\/sites\/2\/2022\/02\/Buy-MMB-2201-Powder.jpg","type":"image\/jpeg"}],"twitter_card":"summary_large_image","twitter_misc":{"Est. reading time":"2 minutes"},"schema":{"@context":"https:\/\/schema.org","@graph":[{"@type":"WebPage","@id":"https:\/\/medicinasinc.com\/cs\/product\/buy-mmb-2201-prasek\/","url":"https:\/\/medicinasinc.com\/cs\/product\/buy-mmb-2201-prasek\/","name":"Koupit pr\u00e1\u0161ek MMB-2201 - MMB-2201 na prodej - nejlep\u0161\u00ed glob\u00e1ln\u00ed l\u00e9ky","isPartOf":{"@id":"https:\/\/medicinasinc.com\/cs\/#website"},"primaryImageOfPage":{"@id":"https:\/\/medicinasinc.com\/cs\/product\/buy-mmb-2201-prasek\/#primaryimage"},"image":{"@id":"https:\/\/medicinasinc.com\/cs\/product\/buy-mmb-2201-prasek\/#primaryimage"},"thumbnailUrl":"https:\/\/medicinasinc.com\/cs\/wp-content\/uploads\/sites\/2\/2022\/02\/Buy-MMB-2201-Powder.jpg","datePublished":"2022-02-22T04:10:18+00:00","dateModified":"2022-03-14T11:31:16+00:00","description":"Koupit MMB-2201 Pr\u00e1\u0161ek na prodej v UK, Europe, AU. nab\u00edz\u00edme nejspolehliv\u011bj\u0161\u00ed transakce a prod\u00e1v\u00e1me za velmi p\u0159ijateln\u00e9 ceny. Objednejte si pr\u00e1\u0161ek MMB-2201 nyn\u00ed za nejlep\u0161\u00ed ceny","breadcrumb":{"@id":"https:\/\/medicinasinc.com\/cs\/product\/buy-mmb-2201-prasek\/#breadcrumb"},"inLanguage":"en-US","potentialAction":[{"@type":"ReadAction","target":["https:\/\/medicinasinc.com\/cs\/product\/buy-mmb-2201-prasek\/"]}]},{"@type":"ImageObject","inLanguage":"en-US","@id":"https:\/\/medicinasinc.com\/cs\/product\/buy-mmb-2201-prasek\/#primaryimage","url":"https:\/\/medicinasinc.com\/cs\/wp-content\/uploads\/sites\/2\/2022\/02\/Buy-MMB-2201-Powder.jpg","contentUrl":"https:\/\/medicinasinc.com\/cs\/wp-content\/uploads\/sites\/2\/2022\/02\/Buy-MMB-2201-Powder.jpg","width":600,"height":600},{"@type":"BreadcrumbList","@id":"https:\/\/medicinasinc.com\/cs\/product\/buy-mmb-2201-prasek\/#breadcrumb","itemListElement":[{"@type":"ListItem","position":1,"name":"Obchod","item":"https:\/\/medicinasinc.com\/cs\/obchod\/"},{"@type":"ListItem","position":2,"name":"Koupit MMB-2201 Powder"}]},{"@type":"WebSite","@id":"https:\/\/medicinasinc.com\/cs\/#website","url":"https:\/\/medicinasinc.com\/cs\/","name":"Medicinas Inc","description":"Health Medical Clinic","potentialAction":[{"@type":"SearchAction","target":{"@type":"EntryPoint","urlTemplate":"https:\/\/medicinasinc.com\/cs\/?s={search_term_string}"},"query-input":{"@type":"PropertyValueSpecification","valueRequired":true,"valueName":"search_term_string"}}],"inLanguage":"en-US"}]}},"_links":{"self":[{"href":"https:\/\/medicinasinc.com\/cs\/wp-json\/wp\/v2\/product\/5684","targetHints":{"allow":["GET"]}}],"collection":[{"href":"https:\/\/medicinasinc.com\/cs\/wp-json\/wp\/v2\/product"}],"about":[{"href":"https:\/\/medicinasinc.com\/cs\/wp-json\/wp\/v2\/types\/product"}],"replies":[{"embeddable":true,"href":"https:\/\/medicinasinc.com\/cs\/wp-json\/wp\/v2\/comments?post=5684"}],"wp:featuredmedia":[{"embeddable":true,"href":"https:\/\/medicinasinc.com\/cs\/wp-json\/wp\/v2\/media\/5695"}],"wp:attachment":[{"href":"https:\/\/medicinasinc.com\/cs\/wp-json\/wp\/v2\/media?parent=5684"}],"wp:term":[{"taxonomy":"product_brand","embeddable":true,"href":"https:\/\/medicinasinc.com\/cs\/wp-json\/wp\/v2\/product_brand?post=5684"},{"taxonomy":"product_cat","embeddable":true,"href":"https:\/\/medicinasinc.com\/cs\/wp-json\/wp\/v2\/product_cat?post=5684"},{"taxonomy":"product_tag","embeddable":true,"href":"https:\/\/medicinasinc.com\/cs\/wp-json\/wp\/v2\/product_tag?post=5684"}],"curies":[{"name":"wp","href":"https:\/\/api.w.org\/{rel}","templated":true}]}}