{"id":5682,"date":"2022-02-22T04:07:27","date_gmt":"2022-02-22T04:07:27","guid":{"rendered":"https:\/\/medicinasinc.com\/cs\/?post_type=product&#038;p=5682"},"modified":"2022-03-14T11:31:30","modified_gmt":"2022-03-14T11:31:30","slug":"koupit-ne-byka-koupelova-sul","status":"publish","type":"product","link":"https:\/\/medicinasinc.com\/cs\/product\/koupit-ne-byka-koupelova-sul\/","title":{"rendered":"Kupte bez b\u00fd\u010d\u00ed koupelov\u00e9 soli"},"content":{"rendered":"<p>Z\u00e1sobte se solemi do koupele uvol\u0148uj\u00edc\u00edmi stres<\/p>\n<p>Koupelov\u00e9 soli neobsahuj\u00edc\u00ed \u017e\u00e1dn\u00e9 b\u00fdky jsou v prodeji. Abychom v\u00e1m zajistili relaxa\u010dn\u00ed, smyslnou koupel, nab\u00edz\u00edme vysoce kvalitn\u00ed koupelov\u00e9 zbo\u017e\u00ed, jako je koupelov\u00e1 s\u016fl. Kdy\u017e si u n\u00e1s zakoup\u00edte koupelov\u00e9 soli online, m\u016f\u017eete si b\u00fdt jisti, \u017ee z\u00edsk\u00e1v\u00e1te ten nejlep\u0161\u00ed mo\u017en\u00fd produkt. Dal\u0161\u00ed koncentr\u00e1ty koupelov\u00e9 soli jsou k dispozici k prodeji za rozumnou cenu prost\u0159ednictv\u00edm na\u0161ich velkoobchodn\u00edch a maloobchodn\u00edch provoz\u016f.<\/p>\n<p>V\u0161e je o na\u0161ich produktech<\/p>\n<p>Nam\u00e1\u010den\u00ed koupelovou sol\u00ed No-Bull v\u00e1m dod\u00e1 energii. energick\u00fd a euforick\u00fd. K dosa\u017een\u00ed v\u00fdznamn\u00e9ho dopadu sta\u010d\u00ed skromn\u00fd kousek. Alternativn\u011b si dejte mal\u00e9 mno\u017estv\u00ed do hork\u00e9 koupele a budete se c\u00edtit omlazeni a u vytr\u017een\u00ed. P\u0159esto jej mnoho lid\u00ed vyu\u017e\u00edv\u00e1 k napodobov\u00e1n\u00ed prav\u00fdch hork\u00fdch pramen\u016f nach\u00e1zej\u00edc\u00edch se pod\u00e9l \u0159eck\u00e9ho pob\u0159e\u017e\u00ed. Vezm\u011bte na v\u011bdom\u00ed: N\u00e1\u0161 produkt je siln\u00e1 koupelov\u00e1 s\u016fl pro meditaci. Zpo\u010d\u00e1tku pou\u017e\u00edvejte jen mal\u00e9 mno\u017estv\u00ed, aby voda ve van\u011b nebyla p\u0159\u00edli\u0161 kaln\u00e1. P\u0159i spr\u00e1vn\u00e9m pou\u017eit\u00ed v\u00e1m ale koupelov\u00e1 s\u016fl No Bull Bath Salts m\u016f\u017ee pomoci zdolat d\u0159\u00edve nep\u0159ekonateln\u00e9 v\u00fd\u0161iny.<\/p>\n<p>DAL\u0160\u00cd V\u011aCI, KTER\u00c9 VYZKOU\u0160EJTE<br \/> Ivory Wave Recharge Koupelov\u00e9 soli 500 mg, White Girl 500 mg Koncentrovan\u00e9 koupelov\u00e9 soli, Koncentrovan\u00e9 koupele Tranquility Soli 500 mg a X Rated Koupelov\u00e9 soli 500 mg jsou n\u011bkter\u00e9 z koupelov\u00fdch sol\u00ed, kter\u00e9 nab\u00edz\u00edme.<br \/> Koupelov\u00e9 soli Koncentrovan\u00e1 slonovinov\u00e1 hladk\u00e1 500 mg<br \/> Koupelov\u00e1 s\u016fl 50 mg Blue Wave<br \/> \u010cist\u00e1 koupelov\u00e1 s\u016fl &#8211; Modr\u00e9 hedv\u00e1b\u00ed, 500 mg <br \/> 500 mg bolivijsk\u00e9 soli do koupele<br \/> Rave On Bath Salt Tranquility 500 mg koncentrovan\u00e9 koupelov\u00e9 soli od G Pheonix.<br \/> 500 miligram\u016f 8 Ballz koupelov\u00fdch sol\u00ed.<br \/> TOALETN\u00cd SOLI, 1 GRAM, HOLLYWOOD br \/&gt; Diamond Dust \u2013 500 miligram\u016f<br \/> 500 miligram\u016f pr\u00e1\u0161ku Drone V Fun Powder<br \/> Novelty Powder Black Diamond od Black Diamond<br \/> Novinkov\u00fd pr\u00e1\u0161ek pump-it pr\u00e1\u0161ek 500 mg Eight Ballz<br \/> 500 mg b\u00edl\u00e9 Rush koupelov\u00e9 soli.<br \/> 400 g Pure Bath Salts Ivory Wave Ultra<br \/> Salts of the Wave 500 mg Ivory<br \/> 500 mg koupelov\u00e9 soli Lady Bubbles.<br \/> 50 0 mg Cloud 9 koupelov\u00e9 soli<br \/> pr\u00e1\u0161ek 500 mg Heavenly Soak \u2013 Euforick\u00fd \u2013 novinka<br \/> Energy \u2013 Novelty Powder 500 mg od Heavenly Soak<br \/> The Sky \u2013 Novelty Powder \u2013 500 mg<br \/> Novelty Powder, 500mg Molly&#8217;s Blend<\/p>\n","protected":false},"excerpt":{"rendered":"<p>Koncentrovan\u00e1 koupelov\u00e1 s\u016fl nejvy\u0161\u0161\u00ed kvality.<\/p>\n<p>100% celosv\u011btov\u011b leg\u00e1ln\u00ed<\/p>\n<p><em>Kupte si<\/em>\u00a0White Girl\u00a0<em>S\u016fl do koupele<\/em>\u00a0od schv\u00e1len\u00e9ho dodavatele . Prvot\u0159\u00eddn\u00ed \u010distota, f\u00e9rov\u00e9 \u200b\u200bceny, Rychl\u00e9 zaru\u010den\u00e9 doru\u010den\u00ed, Z\u00e1sady vr\u00e1cen\u00ed\/vr\u00e1cen\u00ed pen\u011bz, Skv\u011bl\u00fd z\u00e1kaznick\u00fd servis.<\/p>\n<p>Neplat\u00edte za\u00a0<em>ne<\/em>&#8211;<em>soli do koupele pro b\u00fdka<\/em>\u00a0online? <em>Nekupujte<\/em><em>koupelov\u00e9 soli pro b\u00fdky<\/em> online v Best Global Meds. Z\u00edskejte <em>informace<\/em>\u00a0o\u00a0<em>no<\/em>&#8211;<em>koupelov\u00fdch sol\u00edch pro b\u00fdky<\/em>\u00a0za v\u00fdprodejov\u00e9 ceny.<\/p>\n<p><em>Kupte No Bull Koupelov\u00e1 s\u016fl<\/em>\u00a0Online za nejlep\u0161\u00ed cenu. Zaru\u010dujeme bezpe\u010dnou a zabezpe\u010denou p\u0159epravu po cel\u00e9m sv\u011bt\u011b.<\/p>\n","protected":false},"featured_media":5693,"comment_status":"open","ping_status":"closed","template":"","meta":[],"product_brand":[],"product_cat":[2014],"product_tag":[3552,3551,3562,3557,3550,3548,3549,3560,3553,3558,3559,3561,3554,3555,3556],"class_list":{"0":"post-5682","1":"product","2":"type-product","3":"status-publish","4":"has-post-thumbnail","6":"product_cat-koupit-vyzkumne-chemikalie","7":"product_tag-bez-b-koupel-soln-efekt","8":"product_tag-ne-b-koupel-sl-koupit","9":"product_tag-kde-koupit-ne-b-koupelov-soli","10":"product_tag-bez-b-prkov-isti-1000mg-koupelov-sol","11":"product_tag-koupit-bez-b-koupelov-soli-online","12":"product_tag-koupit-ne-bka-koupelov-sl","13":"product_tag-koupit-bez-b-prkov-isti-1000mg-soli-do-koupele-online","14":"product_tag-ne-b-koupelov-soli-na-prodej","15":"product_tag-no-bull-bath-salt-google","16":"product_tag-no-bull-powder-cleaner-1000mg-bath-salt-online","17":"product_tag-no-bull-bath-salts","18":"product_tag-objednat-bez-b-koupelov-soli-online","19":"product_tag-ne-b-koupel-sol-objednat","20":"product_tag-no-bull-bath-salt-reddit","21":"product_tag-bez-b-koupel-sl-prodej","23":"first","24":"instock","25":"shipping-taxable","26":"purchasable","27":"product-type-variable","28":"has-default-attributes"},"yoast_head":"<!-- This site is optimized with the Yoast SEO plugin v27.2 - https:\/\/yoast.com\/product\/yoast-seo-wordpress\/ -->\n<title>Koupit s\u016fl do koupele bez b\u00fdka \u2013 s\u016fl do koupele bez b\u00fdka online \u2013 nejlep\u0161\u00ed glob\u00e1ln\u00ed l\u00e9ky<\/title>\n<meta name=\"description\" content=\"Koupit B\u00fd\u010d\u00ed s\u016fl do koupele na prodej ve Velk\u00e9 Brit\u00e1nii, Evrop\u011b, AU. nab\u00edz\u00edme nejspolehliv\u011bj\u0161\u00ed transakce a prod\u00e1v\u00e1me za velmi p\u0159ijateln\u00e9 ceny. Objednejte si nyn\u00ed B\u00fd\u010d\u00ed s\u016fl do koupele za nejlep\u0161\u00ed ceny\" \/>\n<meta name=\"robots\" content=\"index, follow, max-snippet:-1, max-image-preview:large, max-video-preview:-1\" \/>\n<link rel=\"canonical\" href=\"https:\/\/medicinasinc.com\/cs\/product\/koupit-ne-byka-koupelova-sul\/\" \/>\n<meta property=\"og:locale\" content=\"en_US\" \/>\n<meta property=\"og:type\" content=\"article\" \/>\n<meta property=\"og:title\" content=\"Koupit s\u016fl do koupele bez b\u00fdka \u2013 s\u016fl do koupele bez b\u00fdka online \u2013 nejlep\u0161\u00ed glob\u00e1ln\u00ed l\u00e9ky\" \/>\n<meta property=\"og:description\" content=\"Koupit B\u00fd\u010d\u00ed s\u016fl do koupele na prodej ve Velk\u00e9 Brit\u00e1nii, Evrop\u011b, AU. nab\u00edz\u00edme nejspolehliv\u011bj\u0161\u00ed transakce a prod\u00e1v\u00e1me za velmi p\u0159ijateln\u00e9 ceny. Objednejte si nyn\u00ed B\u00fd\u010d\u00ed s\u016fl do koupele za nejlep\u0161\u00ed ceny\" \/>\n<meta property=\"og:url\" content=\"https:\/\/medicinasinc.com\/cs\/product\/koupit-ne-byka-koupelova-sul\/\" \/>\n<meta property=\"og:site_name\" content=\"Medicinas Inc\" \/>\n<meta property=\"article:modified_time\" content=\"2022-03-14T11:31:30+00:00\" \/>\n<meta property=\"og:image\" content=\"https:\/\/medicinasinc.com\/cs\/wp-content\/uploads\/sites\/2\/2022\/02\/Buy-No-Bull-Bath-Salt.jpg\" \/>\n\t<meta property=\"og:image:width\" content=\"600\" \/>\n\t<meta property=\"og:image:height\" content=\"600\" \/>\n\t<meta property=\"og:image:type\" content=\"image\/jpeg\" \/>\n<meta name=\"twitter:card\" content=\"summary_large_image\" \/>\n<meta name=\"twitter:label1\" content=\"Est. reading time\" \/>\n\t<meta name=\"twitter:data1\" content=\"2 minutes\" \/>\n<script type=\"application\/ld+json\" class=\"yoast-schema-graph\">{\"@context\":\"https:\/\/schema.org\",\"@graph\":[{\"@type\":\"WebPage\",\"@id\":\"https:\/\/medicinasinc.com\/cs\/product\/koupit-ne-byka-koupelova-sul\/\",\"url\":\"https:\/\/medicinasinc.com\/cs\/product\/koupit-ne-byka-koupelova-sul\/\",\"name\":\"Koupit s\u016fl do koupele bez b\u00fdka \u2013 s\u016fl do koupele bez b\u00fdka online \u2013 nejlep\u0161\u00ed glob\u00e1ln\u00ed l\u00e9ky\",\"isPartOf\":{\"@id\":\"https:\/\/medicinasinc.com\/cs\/#website\"},\"primaryImageOfPage\":{\"@id\":\"https:\/\/medicinasinc.com\/cs\/product\/koupit-ne-byka-koupelova-sul\/#primaryimage\"},\"image\":{\"@id\":\"https:\/\/medicinasinc.com\/cs\/product\/koupit-ne-byka-koupelova-sul\/#primaryimage\"},\"thumbnailUrl\":\"https:\/\/medicinasinc.com\/cs\/wp-content\/uploads\/sites\/2\/2022\/02\/Buy-No-Bull-Bath-Salt.jpg\",\"datePublished\":\"2022-02-22T04:07:27+00:00\",\"dateModified\":\"2022-03-14T11:31:30+00:00\",\"description\":\"Koupit B\u00fd\u010d\u00ed s\u016fl do koupele na prodej ve Velk\u00e9 Brit\u00e1nii, Evrop\u011b, AU. nab\u00edz\u00edme nejspolehliv\u011bj\u0161\u00ed transakce a prod\u00e1v\u00e1me za velmi p\u0159ijateln\u00e9 ceny. Objednejte si nyn\u00ed B\u00fd\u010d\u00ed s\u016fl do koupele za nejlep\u0161\u00ed ceny\",\"breadcrumb\":{\"@id\":\"https:\/\/medicinasinc.com\/cs\/product\/koupit-ne-byka-koupelova-sul\/#breadcrumb\"},\"inLanguage\":\"en-US\",\"potentialAction\":[{\"@type\":\"ReadAction\",\"target\":[\"https:\/\/medicinasinc.com\/cs\/product\/koupit-ne-byka-koupelova-sul\/\"]}]},{\"@type\":\"ImageObject\",\"inLanguage\":\"en-US\",\"@id\":\"https:\/\/medicinasinc.com\/cs\/product\/koupit-ne-byka-koupelova-sul\/#primaryimage\",\"url\":\"https:\/\/medicinasinc.com\/cs\/wp-content\/uploads\/sites\/2\/2022\/02\/Buy-No-Bull-Bath-Salt.jpg\",\"contentUrl\":\"https:\/\/medicinasinc.com\/cs\/wp-content\/uploads\/sites\/2\/2022\/02\/Buy-No-Bull-Bath-Salt.jpg\",\"width\":600,\"height\":600},{\"@type\":\"BreadcrumbList\",\"@id\":\"https:\/\/medicinasinc.com\/cs\/product\/koupit-ne-byka-koupelova-sul\/#breadcrumb\",\"itemListElement\":[{\"@type\":\"ListItem\",\"position\":1,\"name\":\"Obchod\",\"item\":\"https:\/\/medicinasinc.com\/cs\/obchod\/\"},{\"@type\":\"ListItem\",\"position\":2,\"name\":\"Kupte bez b\u00fd\u010d\u00ed koupelov\u00e9 soli\"}]},{\"@type\":\"WebSite\",\"@id\":\"https:\/\/medicinasinc.com\/cs\/#website\",\"url\":\"https:\/\/medicinasinc.com\/cs\/\",\"name\":\"Medicinas Inc\",\"description\":\"Health Medical Clinic\",\"potentialAction\":[{\"@type\":\"SearchAction\",\"target\":{\"@type\":\"EntryPoint\",\"urlTemplate\":\"https:\/\/medicinasinc.com\/cs\/?s={search_term_string}\"},\"query-input\":{\"@type\":\"PropertyValueSpecification\",\"valueRequired\":true,\"valueName\":\"search_term_string\"}}],\"inLanguage\":\"en-US\"}]}<\/script>\n<!-- \/ Yoast SEO plugin. -->","yoast_head_json":{"title":"Koupit s\u016fl do koupele bez b\u00fdka \u2013 s\u016fl do koupele bez b\u00fdka online \u2013 nejlep\u0161\u00ed glob\u00e1ln\u00ed l\u00e9ky","description":"Koupit B\u00fd\u010d\u00ed s\u016fl do koupele na prodej ve Velk\u00e9 Brit\u00e1nii, Evrop\u011b, AU. nab\u00edz\u00edme nejspolehliv\u011bj\u0161\u00ed transakce a prod\u00e1v\u00e1me za velmi p\u0159ijateln\u00e9 ceny. Objednejte si nyn\u00ed B\u00fd\u010d\u00ed s\u016fl do koupele za nejlep\u0161\u00ed ceny","robots":{"index":"index","follow":"follow","max-snippet":"max-snippet:-1","max-image-preview":"max-image-preview:large","max-video-preview":"max-video-preview:-1"},"canonical":"https:\/\/medicinasinc.com\/cs\/product\/koupit-ne-byka-koupelova-sul\/","og_locale":"en_US","og_type":"article","og_title":"Koupit s\u016fl do koupele bez b\u00fdka \u2013 s\u016fl do koupele bez b\u00fdka online \u2013 nejlep\u0161\u00ed glob\u00e1ln\u00ed l\u00e9ky","og_description":"Koupit B\u00fd\u010d\u00ed s\u016fl do koupele na prodej ve Velk\u00e9 Brit\u00e1nii, Evrop\u011b, AU. nab\u00edz\u00edme nejspolehliv\u011bj\u0161\u00ed transakce a prod\u00e1v\u00e1me za velmi p\u0159ijateln\u00e9 ceny. Objednejte si nyn\u00ed B\u00fd\u010d\u00ed s\u016fl do koupele za nejlep\u0161\u00ed ceny","og_url":"https:\/\/medicinasinc.com\/cs\/product\/koupit-ne-byka-koupelova-sul\/","og_site_name":"Medicinas Inc","article_modified_time":"2022-03-14T11:31:30+00:00","og_image":[{"width":600,"height":600,"url":"https:\/\/medicinasinc.com\/cs\/wp-content\/uploads\/sites\/2\/2022\/02\/Buy-No-Bull-Bath-Salt.jpg","type":"image\/jpeg"}],"twitter_card":"summary_large_image","twitter_misc":{"Est. reading time":"2 minutes"},"schema":{"@context":"https:\/\/schema.org","@graph":[{"@type":"WebPage","@id":"https:\/\/medicinasinc.com\/cs\/product\/koupit-ne-byka-koupelova-sul\/","url":"https:\/\/medicinasinc.com\/cs\/product\/koupit-ne-byka-koupelova-sul\/","name":"Koupit s\u016fl do koupele bez b\u00fdka \u2013 s\u016fl do koupele bez b\u00fdka online \u2013 nejlep\u0161\u00ed glob\u00e1ln\u00ed l\u00e9ky","isPartOf":{"@id":"https:\/\/medicinasinc.com\/cs\/#website"},"primaryImageOfPage":{"@id":"https:\/\/medicinasinc.com\/cs\/product\/koupit-ne-byka-koupelova-sul\/#primaryimage"},"image":{"@id":"https:\/\/medicinasinc.com\/cs\/product\/koupit-ne-byka-koupelova-sul\/#primaryimage"},"thumbnailUrl":"https:\/\/medicinasinc.com\/cs\/wp-content\/uploads\/sites\/2\/2022\/02\/Buy-No-Bull-Bath-Salt.jpg","datePublished":"2022-02-22T04:07:27+00:00","dateModified":"2022-03-14T11:31:30+00:00","description":"Koupit B\u00fd\u010d\u00ed s\u016fl do koupele na prodej ve Velk\u00e9 Brit\u00e1nii, Evrop\u011b, AU. nab\u00edz\u00edme nejspolehliv\u011bj\u0161\u00ed transakce a prod\u00e1v\u00e1me za velmi p\u0159ijateln\u00e9 ceny. Objednejte si nyn\u00ed B\u00fd\u010d\u00ed s\u016fl do koupele za nejlep\u0161\u00ed ceny","breadcrumb":{"@id":"https:\/\/medicinasinc.com\/cs\/product\/koupit-ne-byka-koupelova-sul\/#breadcrumb"},"inLanguage":"en-US","potentialAction":[{"@type":"ReadAction","target":["https:\/\/medicinasinc.com\/cs\/product\/koupit-ne-byka-koupelova-sul\/"]}]},{"@type":"ImageObject","inLanguage":"en-US","@id":"https:\/\/medicinasinc.com\/cs\/product\/koupit-ne-byka-koupelova-sul\/#primaryimage","url":"https:\/\/medicinasinc.com\/cs\/wp-content\/uploads\/sites\/2\/2022\/02\/Buy-No-Bull-Bath-Salt.jpg","contentUrl":"https:\/\/medicinasinc.com\/cs\/wp-content\/uploads\/sites\/2\/2022\/02\/Buy-No-Bull-Bath-Salt.jpg","width":600,"height":600},{"@type":"BreadcrumbList","@id":"https:\/\/medicinasinc.com\/cs\/product\/koupit-ne-byka-koupelova-sul\/#breadcrumb","itemListElement":[{"@type":"ListItem","position":1,"name":"Obchod","item":"https:\/\/medicinasinc.com\/cs\/obchod\/"},{"@type":"ListItem","position":2,"name":"Kupte bez b\u00fd\u010d\u00ed koupelov\u00e9 soli"}]},{"@type":"WebSite","@id":"https:\/\/medicinasinc.com\/cs\/#website","url":"https:\/\/medicinasinc.com\/cs\/","name":"Medicinas Inc","description":"Health Medical Clinic","potentialAction":[{"@type":"SearchAction","target":{"@type":"EntryPoint","urlTemplate":"https:\/\/medicinasinc.com\/cs\/?s={search_term_string}"},"query-input":{"@type":"PropertyValueSpecification","valueRequired":true,"valueName":"search_term_string"}}],"inLanguage":"en-US"}]}},"_links":{"self":[{"href":"https:\/\/medicinasinc.com\/cs\/wp-json\/wp\/v2\/product\/5682","targetHints":{"allow":["GET"]}}],"collection":[{"href":"https:\/\/medicinasinc.com\/cs\/wp-json\/wp\/v2\/product"}],"about":[{"href":"https:\/\/medicinasinc.com\/cs\/wp-json\/wp\/v2\/types\/product"}],"replies":[{"embeddable":true,"href":"https:\/\/medicinasinc.com\/cs\/wp-json\/wp\/v2\/comments?post=5682"}],"wp:featuredmedia":[{"embeddable":true,"href":"https:\/\/medicinasinc.com\/cs\/wp-json\/wp\/v2\/media\/5693"}],"wp:attachment":[{"href":"https:\/\/medicinasinc.com\/cs\/wp-json\/wp\/v2\/media?parent=5682"}],"wp:term":[{"taxonomy":"product_brand","embeddable":true,"href":"https:\/\/medicinasinc.com\/cs\/wp-json\/wp\/v2\/product_brand?post=5682"},{"taxonomy":"product_cat","embeddable":true,"href":"https:\/\/medicinasinc.com\/cs\/wp-json\/wp\/v2\/product_cat?post=5682"},{"taxonomy":"product_tag","embeddable":true,"href":"https:\/\/medicinasinc.com\/cs\/wp-json\/wp\/v2\/product_tag?post=5682"}],"curies":[{"name":"wp","href":"https:\/\/api.w.org\/{rel}","templated":true}]}}