{"id":5677,"date":"2022-02-22T04:00:21","date_gmt":"2022-02-22T04:00:21","guid":{"rendered":"https:\/\/medicinasinc.com\/cs\/?post_type=product&#038;p=5677"},"modified":"2022-03-14T11:31:40","modified_gmt":"2022-03-14T11:31:40","slug":"koupit-methoxetamin","status":"publish","type":"product","link":"https:\/\/medicinasinc.com\/cs\/product\/koupit-methoxetamin\/","title":{"rendered":"Koupit Methoxetamin"},"content":{"rendered":"<p>Methoxetamin MXE na prodej na internetu<\/p>\n<p>V\u00edte, co to je?<\/p>\n<p>Disociativn\u00ed halucinogen Methoxetamin MXE Online, zkr\u00e1cen\u011b MXE, byl prod\u00e1v\u00e1n jako designov\u00e1 droga. Pro farmaceutick\u00fd trh byly vytvo\u0159eny disociativa jako ketamin a fencyklidin (PCP), kter\u00e9 byly ur\u010deny pro l\u00e9ka\u0159sk\u00e9 pou\u017eit\u00ed jako anestetika. Methoxetamin je mo\u017en\u00e9 zakoupit online nebo od m\u00edstn\u00edch prodejc\u016f. Na prodej je methoxetamin MXE pr\u00e1\u0161ek, kter\u00fd lze zakoupit za n\u00edzkou cenu nebo zakoupit ve velk\u00e9m za vy\u0161\u0161\u00ed cenu.<\/p>\n<p>Methoxetamin (MXE), halucinogen a anestetikum, kter\u00e9 p\u016fsob\u00ed jako antagonista na NMDA receptoru , souvis\u00ed s veterin\u00e1rn\u00edm l\u00e9\u010divem ketaminem. \u00da\u010dinky methoxetaminu jsou \u00fadajn\u011b siln\u011bj\u0161\u00ed a dlouhodob\u011bj\u0161\u00ed ne\u017e \u00fa\u010dinky ketaminu, co\u017e z n\u011bj \u010din\u00ed ide\u00e1ln\u00ed volbu pro studenty, kte\u0159\u00ed se zab\u00fdvaj\u00ed v\u00fdzkumem t\u00e9to l\u00e1tky. Methoxetamin je dostupn\u00fd od BAC v\u00fdhradn\u011b pro v\u00fdzkumn\u00e9 \u00fa\u010dely. MXE Methoxetamin online bez p\u0159edpisu<\/p>\n<p>Methoxetamin je popul\u00e1rn\u00ed droga a mnoho jednotlivc\u016f hled\u00e1 zp\u016fsoby, jak se k n\u00ed dostat, ani\u017e by opustili sv\u00e9 domovy. V d\u016fsledku toho vy\u017eaduj\u00ed mo\u017enosti platby a doru\u010den\u00ed, kter\u00e9 jsou co nejjednodu\u0161\u0161\u00ed. Ob\u00e1vaj\u00ed se v\u0161ak hlavn\u011b toho, \u017ee z\u016fstanou neodhaleni. Methoxetamin si zde v\u0161ak m\u016f\u017eete anonymn\u011b a bezpe\u010dn\u011b koupit zasl\u00e1n\u00edm pen\u011bz kreditn\u00ed kartou. Odes\u00edl\u00e1n\u00ed pen\u011bz pomoc\u00ed Western Union nebo Money Gram je jednoduch\u00fd zp\u016fsob, jak toho dos\u00e1hnout. M\u016f\u017eeme se v\u0161ak cht\u00edt pod\u00edvat na diskr\u00e9tnost. V d\u016fsledku toho v\u011b\u0159\u00edme, \u017ee bitcoiny jsou ide\u00e1ln\u00edm platebn\u00edm prost\u0159edkem. Pokra\u010dujte a zadejte svou objedn\u00e1vku, pot\u00e9 n\u00e1m za\u0161lete potvrzen\u00ed.<\/p>\n<p>Methoxetamin MXE na prodej na internetu<\/p>\n<p>Jako renomovan\u00fd dodavatel v\u00fdzkumn\u00fdch chemik\u00e1li\u00ed a l\u00e9\u010div n\u00e1\u0161 chemick\u00fd obchod zas\u00edlal t\u00e9m\u011b\u0159 do v\u0161ech zem\u00ed sv\u011bta. Pro pohodl\u00ed na\u0161ich z\u00e1kazn\u00edk\u016f bereme tak\u00e9 bitcoiny a d\u00e1rkov\u00e9 karty. N\u00ed\u017ee je uvedeno n\u011bkolik na\u0161ich nejobl\u00edben\u011bj\u0161\u00edch polo\u017eek.<\/p>\n<p>Pr\u00e1\u0161ek MXE na trhu k prodeji<br \/> Koupit 25 I-NBOMe online.<br \/> Krystaly A-PVP lze zakoupit<br \/> Actavis promethazin s kodeinem 32 oz je mo\u017en\u00e9 zakoupit.<br \/> AB-PINACA lze zakoupit online.<br \/> Adderall online bez l\u00e9ka\u0159sk\u00e9ho p\u0159edpisu<br \/> Koupit AK-B48<br \/> Koupit pr\u00e1\u0161kov\u00fd amfetamin.<br \/> Butylonov\u00e9 krystaly na prodej<\/p>\n","protected":false},"excerpt":{"rendered":"<p>Koupit Methoxetamin MXE na prodej ve Velk\u00e9 Brit\u00e1nii, Evrop\u011b, Austr\u00e1lii. nab\u00edz\u00edme nejspolehliv\u011bj\u0161\u00ed transakce a prod\u00e1v\u00e1me za velmi p\u0159ijateln\u00e9 ceny. Objednejte si Methoxetamin MXE nyn\u00ed za nejlep\u0161\u00ed ceny<\/p>\n<p>Lid\u00e9 si mohou koupit Methoxetamin MXE na prodej ve Spojen\u00e9m kr\u00e1lovstv\u00ed. Lid\u00e9, kte\u0159\u00ed u n\u00e1s nakupuj\u00ed, si mohou b\u00fdt jisti, \u017ee dostanou to, za co zaplat\u00ed. Methoxetamin MXE lze nyn\u00ed koupit za nejlep\u0161\u00ed ceny.<\/p>\n<p>Nakupte methoxetamin online, objednejte si nejlep\u0161\u00ed MXE 99% \u010dist\u00e9 no\u010dn\u00ed doru\u010den\u00ed a zjist\u011bte, kde si m\u016f\u017eete koupit methoxetamin pomoc\u00ed kreditn\u00ed karty. Cena MXE.<\/p>\n<p>Methoxetamin je l\u00e9k, kter\u00fd se pou\u017e\u00edv\u00e1 k l\u00e9\u010db\u011b bolesti. Halucinogen zvan\u00fd Methoxetamin MXE, nebo zkr\u00e1cen\u011b MXE, byl prod\u00e1v\u00e1n jako &#8220;design\u00e9rsk\u00e1 droga.&#8221;<\/p>\n","protected":false},"featured_media":5687,"comment_status":"open","ping_status":"closed","template":"","meta":[],"product_brand":[],"product_cat":[2014],"product_tag":[3283,3528,3529,3532,3547,3546,3545,3525,3526,3527,3530,3531,3534,3533,3535,3538,3539,3536,3537,3541,3542,3540,3524,3544,3543],"class_list":{"0":"post-5677","1":"product","2":"type-product","3":"status-publish","4":"has-post-thumbnail","6":"product_cat-koupit-vyzkumne-chemikalie","7":"product_tag-best-place-to-buy-mxe","8":"product_tag-buy-mxe-1g","9":"product_tag-buy-mxe-online","10":"product_tag-buy-research-chemicals-methoxetamine","11":"product_tag-kde-koupit-mxe-online","12":"product_tag-kde-mohu-koupit-mxe","13":"product_tag-nkup-methoxetamin","14":"product_tag-koupit-methoxetamin","15":"product_tag-koupit-methoxetamin-mxe-online","16":"product_tag-koupit-methoxetamin-online","17":"product_tag-buy-mxe-research-chemical","18":"product_tag-buy-mxe-united-states","19":"product_tag-methoxetamin-online","20":"product_tag-methoxetamine-for-sale","21":"product_tag-mxe","22":"product_tag-mxe-droga-na-prodej","23":"product_tag-mxe-drog-info","24":"product_tag-mxe-buy","25":"product_tag-mxe-buy-online","26":"product_tag-mxe-methoxetamin","27":"product_tag-mxe-methoxetamin-erowid","28":"product_tag-mxe-na-prodej","29":"product_tag-nejlep-mxe-vendor","30":"product_tag-objednat-methoxetamin-online","31":"product_tag-mxe-vendor","33":"first","34":"instock","35":"shipping-taxable","36":"purchasable","37":"product-type-variable","38":"has-default-attributes"},"yoast_head":"<!-- This site is optimized with the Yoast SEO plugin v27.3 - https:\/\/yoast.com\/product\/yoast-seo-wordpress\/ -->\n<title>Koupit Methoxetamin - Methoxetamin - Nejlep\u0161\u00ed glob\u00e1ln\u00ed l\u00e9ky<\/title>\n<meta name=\"description\" content=\"Koupit Methoxetamin MXE na prodej v UK, Europe, AU. nab\u00edz\u00edme nejspolehliv\u011bj\u0161\u00ed transakce a prod\u00e1v\u00e1me za velmi p\u0159ijateln\u00e9 ceny. Objednejte si Methoxetamin MXE nyn\u00ed za nejlep\u0161\u00ed ceny\" \/>\n<meta name=\"robots\" content=\"index, follow, max-snippet:-1, max-image-preview:large, max-video-preview:-1\" \/>\n<link rel=\"canonical\" href=\"https:\/\/medicinasinc.com\/cs\/product\/koupit-methoxetamin\/\" \/>\n<meta property=\"og:locale\" content=\"en_US\" \/>\n<meta property=\"og:type\" content=\"article\" \/>\n<meta property=\"og:title\" content=\"Koupit Methoxetamin - Methoxetamin - Nejlep\u0161\u00ed glob\u00e1ln\u00ed l\u00e9ky\" \/>\n<meta property=\"og:description\" content=\"Koupit Methoxetamin MXE na prodej v UK, Europe, AU. nab\u00edz\u00edme nejspolehliv\u011bj\u0161\u00ed transakce a prod\u00e1v\u00e1me za velmi p\u0159ijateln\u00e9 ceny. Objednejte si Methoxetamin MXE nyn\u00ed za nejlep\u0161\u00ed ceny\" \/>\n<meta property=\"og:url\" content=\"https:\/\/medicinasinc.com\/cs\/product\/koupit-methoxetamin\/\" \/>\n<meta property=\"og:site_name\" content=\"Medicinas Inc\" \/>\n<meta property=\"article:modified_time\" content=\"2022-03-14T11:31:40+00:00\" \/>\n<meta property=\"og:image\" content=\"https:\/\/medicinasinc.com\/cs\/wp-content\/uploads\/sites\/2\/2022\/02\/Buy-Methoxetamine.webp\" \/>\n\t<meta property=\"og:image:width\" content=\"750\" \/>\n\t<meta property=\"og:image:height\" content=\"461\" \/>\n\t<meta property=\"og:image:type\" content=\"image\/webp\" \/>\n<meta name=\"twitter:card\" content=\"summary_large_image\" \/>\n<meta name=\"twitter:label1\" content=\"Est. reading time\" \/>\n\t<meta name=\"twitter:data1\" content=\"2 minutes\" \/>\n<script type=\"application\/ld+json\" class=\"yoast-schema-graph\">{\"@context\":\"https:\\\/\\\/schema.org\",\"@graph\":[{\"@type\":\"WebPage\",\"@id\":\"https:\\\/\\\/medicinasinc.com\\\/cs\\\/product\\\/koupit-methoxetamin\\\/\",\"url\":\"https:\\\/\\\/medicinasinc.com\\\/cs\\\/product\\\/koupit-methoxetamin\\\/\",\"name\":\"Koupit Methoxetamin - Methoxetamin - Nejlep\u0161\u00ed glob\u00e1ln\u00ed l\u00e9ky\",\"isPartOf\":{\"@id\":\"https:\\\/\\\/medicinasinc.com\\\/cs\\\/#website\"},\"primaryImageOfPage\":{\"@id\":\"https:\\\/\\\/medicinasinc.com\\\/cs\\\/product\\\/koupit-methoxetamin\\\/#primaryimage\"},\"image\":{\"@id\":\"https:\\\/\\\/medicinasinc.com\\\/cs\\\/product\\\/koupit-methoxetamin\\\/#primaryimage\"},\"thumbnailUrl\":\"https:\\\/\\\/medicinasinc.com\\\/cs\\\/wp-content\\\/uploads\\\/sites\\\/2\\\/2022\\\/02\\\/Buy-Methoxetamine.webp\",\"datePublished\":\"2022-02-22T04:00:21+00:00\",\"dateModified\":\"2022-03-14T11:31:40+00:00\",\"description\":\"Koupit Methoxetamin MXE na prodej v UK, Europe, AU. nab\u00edz\u00edme nejspolehliv\u011bj\u0161\u00ed transakce a prod\u00e1v\u00e1me za velmi p\u0159ijateln\u00e9 ceny. Objednejte si Methoxetamin MXE nyn\u00ed za nejlep\u0161\u00ed ceny\",\"breadcrumb\":{\"@id\":\"https:\\\/\\\/medicinasinc.com\\\/cs\\\/product\\\/koupit-methoxetamin\\\/#breadcrumb\"},\"inLanguage\":\"en-US\",\"potentialAction\":[{\"@type\":\"ReadAction\",\"target\":[\"https:\\\/\\\/medicinasinc.com\\\/cs\\\/product\\\/koupit-methoxetamin\\\/\"]}]},{\"@type\":\"ImageObject\",\"inLanguage\":\"en-US\",\"@id\":\"https:\\\/\\\/medicinasinc.com\\\/cs\\\/product\\\/koupit-methoxetamin\\\/#primaryimage\",\"url\":\"https:\\\/\\\/medicinasinc.com\\\/cs\\\/wp-content\\\/uploads\\\/sites\\\/2\\\/2022\\\/02\\\/Buy-Methoxetamine.webp\",\"contentUrl\":\"https:\\\/\\\/medicinasinc.com\\\/cs\\\/wp-content\\\/uploads\\\/sites\\\/2\\\/2022\\\/02\\\/Buy-Methoxetamine.webp\",\"width\":750,\"height\":461},{\"@type\":\"BreadcrumbList\",\"@id\":\"https:\\\/\\\/medicinasinc.com\\\/cs\\\/product\\\/koupit-methoxetamin\\\/#breadcrumb\",\"itemListElement\":[{\"@type\":\"ListItem\",\"position\":1,\"name\":\"Obchod\",\"item\":\"https:\\\/\\\/medicinasinc.com\\\/cs\\\/obchod\\\/\"},{\"@type\":\"ListItem\",\"position\":2,\"name\":\"Koupit Methoxetamin\"}]},{\"@type\":\"WebSite\",\"@id\":\"https:\\\/\\\/medicinasinc.com\\\/cs\\\/#website\",\"url\":\"https:\\\/\\\/medicinasinc.com\\\/cs\\\/\",\"name\":\"Medicinas Inc\",\"description\":\"Health Medical Clinic\",\"potentialAction\":[{\"@type\":\"SearchAction\",\"target\":{\"@type\":\"EntryPoint\",\"urlTemplate\":\"https:\\\/\\\/medicinasinc.com\\\/cs\\\/?s={search_term_string}\"},\"query-input\":{\"@type\":\"PropertyValueSpecification\",\"valueRequired\":true,\"valueName\":\"search_term_string\"}}],\"inLanguage\":\"en-US\"}]}<\/script>\n<!-- \/ Yoast SEO plugin. -->","yoast_head_json":{"title":"Koupit Methoxetamin - Methoxetamin - Nejlep\u0161\u00ed glob\u00e1ln\u00ed l\u00e9ky","description":"Koupit Methoxetamin MXE na prodej v UK, Europe, AU. nab\u00edz\u00edme nejspolehliv\u011bj\u0161\u00ed transakce a prod\u00e1v\u00e1me za velmi p\u0159ijateln\u00e9 ceny. Objednejte si Methoxetamin MXE nyn\u00ed za nejlep\u0161\u00ed ceny","robots":{"index":"index","follow":"follow","max-snippet":"max-snippet:-1","max-image-preview":"max-image-preview:large","max-video-preview":"max-video-preview:-1"},"canonical":"https:\/\/medicinasinc.com\/cs\/product\/koupit-methoxetamin\/","og_locale":"en_US","og_type":"article","og_title":"Koupit Methoxetamin - Methoxetamin - Nejlep\u0161\u00ed glob\u00e1ln\u00ed l\u00e9ky","og_description":"Koupit Methoxetamin MXE na prodej v UK, Europe, AU. nab\u00edz\u00edme nejspolehliv\u011bj\u0161\u00ed transakce a prod\u00e1v\u00e1me za velmi p\u0159ijateln\u00e9 ceny. Objednejte si Methoxetamin MXE nyn\u00ed za nejlep\u0161\u00ed ceny","og_url":"https:\/\/medicinasinc.com\/cs\/product\/koupit-methoxetamin\/","og_site_name":"Medicinas Inc","article_modified_time":"2022-03-14T11:31:40+00:00","og_image":[{"width":750,"height":461,"url":"https:\/\/medicinasinc.com\/cs\/wp-content\/uploads\/sites\/2\/2022\/02\/Buy-Methoxetamine.webp","type":"image\/webp"}],"twitter_card":"summary_large_image","twitter_misc":{"Est. reading time":"2 minutes"},"schema":{"@context":"https:\/\/schema.org","@graph":[{"@type":"WebPage","@id":"https:\/\/medicinasinc.com\/cs\/product\/koupit-methoxetamin\/","url":"https:\/\/medicinasinc.com\/cs\/product\/koupit-methoxetamin\/","name":"Koupit Methoxetamin - Methoxetamin - Nejlep\u0161\u00ed glob\u00e1ln\u00ed l\u00e9ky","isPartOf":{"@id":"https:\/\/medicinasinc.com\/cs\/#website"},"primaryImageOfPage":{"@id":"https:\/\/medicinasinc.com\/cs\/product\/koupit-methoxetamin\/#primaryimage"},"image":{"@id":"https:\/\/medicinasinc.com\/cs\/product\/koupit-methoxetamin\/#primaryimage"},"thumbnailUrl":"https:\/\/medicinasinc.com\/cs\/wp-content\/uploads\/sites\/2\/2022\/02\/Buy-Methoxetamine.webp","datePublished":"2022-02-22T04:00:21+00:00","dateModified":"2022-03-14T11:31:40+00:00","description":"Koupit Methoxetamin MXE na prodej v UK, Europe, AU. nab\u00edz\u00edme nejspolehliv\u011bj\u0161\u00ed transakce a prod\u00e1v\u00e1me za velmi p\u0159ijateln\u00e9 ceny. Objednejte si Methoxetamin MXE nyn\u00ed za nejlep\u0161\u00ed ceny","breadcrumb":{"@id":"https:\/\/medicinasinc.com\/cs\/product\/koupit-methoxetamin\/#breadcrumb"},"inLanguage":"en-US","potentialAction":[{"@type":"ReadAction","target":["https:\/\/medicinasinc.com\/cs\/product\/koupit-methoxetamin\/"]}]},{"@type":"ImageObject","inLanguage":"en-US","@id":"https:\/\/medicinasinc.com\/cs\/product\/koupit-methoxetamin\/#primaryimage","url":"https:\/\/medicinasinc.com\/cs\/wp-content\/uploads\/sites\/2\/2022\/02\/Buy-Methoxetamine.webp","contentUrl":"https:\/\/medicinasinc.com\/cs\/wp-content\/uploads\/sites\/2\/2022\/02\/Buy-Methoxetamine.webp","width":750,"height":461},{"@type":"BreadcrumbList","@id":"https:\/\/medicinasinc.com\/cs\/product\/koupit-methoxetamin\/#breadcrumb","itemListElement":[{"@type":"ListItem","position":1,"name":"Obchod","item":"https:\/\/medicinasinc.com\/cs\/obchod\/"},{"@type":"ListItem","position":2,"name":"Koupit Methoxetamin"}]},{"@type":"WebSite","@id":"https:\/\/medicinasinc.com\/cs\/#website","url":"https:\/\/medicinasinc.com\/cs\/","name":"Medicinas Inc","description":"Health Medical Clinic","potentialAction":[{"@type":"SearchAction","target":{"@type":"EntryPoint","urlTemplate":"https:\/\/medicinasinc.com\/cs\/?s={search_term_string}"},"query-input":{"@type":"PropertyValueSpecification","valueRequired":true,"valueName":"search_term_string"}}],"inLanguage":"en-US"}]}},"_links":{"self":[{"href":"https:\/\/medicinasinc.com\/cs\/wp-json\/wp\/v2\/product\/5677","targetHints":{"allow":["GET"]}}],"collection":[{"href":"https:\/\/medicinasinc.com\/cs\/wp-json\/wp\/v2\/product"}],"about":[{"href":"https:\/\/medicinasinc.com\/cs\/wp-json\/wp\/v2\/types\/product"}],"replies":[{"embeddable":true,"href":"https:\/\/medicinasinc.com\/cs\/wp-json\/wp\/v2\/comments?post=5677"}],"wp:featuredmedia":[{"embeddable":true,"href":"https:\/\/medicinasinc.com\/cs\/wp-json\/wp\/v2\/media\/5687"}],"wp:attachment":[{"href":"https:\/\/medicinasinc.com\/cs\/wp-json\/wp\/v2\/media?parent=5677"}],"wp:term":[{"taxonomy":"product_brand","embeddable":true,"href":"https:\/\/medicinasinc.com\/cs\/wp-json\/wp\/v2\/product_brand?post=5677"},{"taxonomy":"product_cat","embeddable":true,"href":"https:\/\/medicinasinc.com\/cs\/wp-json\/wp\/v2\/product_cat?post=5677"},{"taxonomy":"product_tag","embeddable":true,"href":"https:\/\/medicinasinc.com\/cs\/wp-json\/wp\/v2\/product_tag?post=5677"}],"curies":[{"name":"wp","href":"https:\/\/api.w.org\/{rel}","templated":true}]}}