{"id":5673,"date":"2022-02-22T03:54:58","date_gmt":"2022-02-22T03:54:58","guid":{"rendered":"https:\/\/medicinasinc.com\/cs\/?post_type=product&#038;p=5673"},"modified":"2022-03-14T11:31:51","modified_gmt":"2022-03-14T11:31:51","slug":"koupit-alprox-2mg-pilulky-xanax","status":"publish","type":"product","link":"https:\/\/medicinasinc.com\/cs\/product\/koupit-alprox-2mg-pilulky-xanax\/","title":{"rendered":"Koupit pilulky Alprox 2 mg (Xanax)"},"content":{"rendered":"<p>Lid\u00e9, kte\u0159\u00ed cht\u011bj\u00ed koupit levn\u011b 2mg XANAX online, by je m\u011bli hledat. Objednejte si XANAX 2 mg od Global Home Med za n\u00edzkou cenu a nechte si jej doru\u010dit p\u0159\u00edmo k va\u0161im dve\u0159\u00edm!<\/p>\n<p>Alprazolam lze zakoupit ve Spojen\u00e9m kr\u00e1lovstv\u00ed, tak\u017ee to m\u016f\u017eete ud\u011blat Zna\u010dka Xanax s n\u00e1zvem Alprazolam m\u00e1 2 mg droga v n\u011bm. Ve Spojen\u00e9m kr\u00e1lovstv\u00ed je \u00fa\u010dinn\u011bj\u0161\u00ed u\u017e\u00edvat 2 mg tablety tohoto dobr\u00e9ho l\u00e9ku na \u00fazkost.<\/p>\n<p>Lid\u00e9, kte\u0159\u00ed si cht\u011bj\u00ed koupit Xanax, si jej mohou koupit online. Ty\u010dinky Xanax na prodej \u2013 Koupit xanax 2 mg online \u2013 Koupit xanax 1 mg online \u2013<\/p>\n<p>Xanax m\u016f\u017ee zp\u016fsobit, \u017ee se budete c\u00edtit ospal\u00ed a klidn\u00ed, tak\u017ee se budete c\u00edtit uvoln\u011bn\u011b a v pohod\u011b.<\/p>\n<p>Kupte si Xanax 2Mg v Spojen\u00e9 kr\u00e1lovstv\u00ed. Objednejte si Xanax Overnight zp\u016fsobem, kter\u00fd d\u00e1v\u00e1 smysl. Fussy Wilburn odp\u00e1l\u00ed svou sublima\u010dn\u00ed nab\u00eddku N\u00e1kup Xanax Online Reddit.<\/p>\n<p>Lid\u00e9 si mohou koupit levn\u011b Xanax bez l\u00e9ka\u0159sk\u00e9ho potvrzen\u00ed. Kdy\u017e si koup\u00edte zoloft online, najdete ho v nejlep\u0161\u00edch online l\u00e9k\u00e1rn\u00e1ch. M\u016f\u017eete si tak\u00e9 koupit levn\u00e9 xanax a fentermin online. Na tomto obr\u00e1zku m\u016f\u017eete vid\u011bt generick\u00e9 ty\u010dinky Xanax 2 mg, kter\u00e9 vypadaj\u00ed jako skute\u010dn\u00e9.<\/p>\n<p>K l\u00e9\u010db\u011b panick\u00fdch poruch a \u00fazkosti si kupte Xanax 2 mg Alprazolam 0,5 mg, 1 mg nebo 2 mg Tableta se pou\u017e\u00edv\u00e1. Lid\u00e9, kte\u0159\u00ed se boj\u00ed a jsou vystresovan\u00ed, se mohou velmi b\u00e1t a vystresovat. Nejlep\u0161\u00ed je za\u010d\u00edt s mal\u00fdm mno\u017estv\u00edm a pak mno\u017estv\u00ed postupn\u011b zvy\u0161ovat. Nep\u0159est\u00e1vejte ihned u\u017e\u00edvat tento l\u00e9k, proto\u017ee by to mohlo zp\u016fsobit abstinen\u010dn\u00ed p\u0159\u00edznaky, jako jsou z\u00e1chvaty, agresivn\u00ed chov\u00e1n\u00ed, rozmazan\u00e9 vid\u011bn\u00ed a dal\u0161\u00ed, jako kdy\u017e jej p\u0159estanete u\u017e\u00edvat.<\/p>\n<p>U\u017e\u00edvejte Alprazolam 0,5 MG tabletu s nebo bez j\u00eddlo, ale p\u0159ed odb\u011brem nic nejezte. Neu\u017e\u00edvejte v\u00edce, ne\u017e V\u00e1m \u0159ekl l\u00e9ka\u0159. Pokud m\u00e1te n\u011bjak\u00e9 \u0161patn\u00e9 vedlej\u0161\u00ed \u00fa\u010dinky, nav\u0161tivte sv\u00e9ho l\u00e9ka\u0159e. Ujist\u011bte se, \u017ee se pora\u010fte se sv\u00fdm l\u00e9ka\u0159em, ne\u017e p\u0159estanete l\u00e9k u\u017e\u00edvat, proto\u017ee by v\u00e1m mohl zp\u016fsobit \u0161patn\u00fd pocit.<\/p>\n<p>Zp\u016fsob \u00fa\u010dinku<br \/> Tento l\u00e9k se v\u00e1\u017ee na chloridov\u00e9 kan\u00e1ly a umo\u017e\u0148uje proud\u011bn\u00ed chloridov\u00fdch iont\u016f To zp\u016fsob\u00ed, \u017ee membr\u00e1na neuronu bude stabiln\u011bj\u0161\u00ed a hyperpolarizovan\u00e1, co\u017e zabr\u00e1n\u00ed bu\u0148ce, aby se v\u00edce vzru\u0161ovala.<\/p>\n","protected":false},"excerpt":{"rendered":"<p>Koupit pilulky Alprox xanax 2 mg na prodej ve Velk\u00e9 Brit\u00e1nii, Evrop\u011b. koupit Alprox online, koupit xanax online, koupit online alprox, koupit xanax, Alprox 2 mg, kde si mohu koupit alprox online.<\/p>\n<p>Online si m\u016f\u017eete koupit pilulky Alprox 2 mg na prodej za n\u00edzkou cenu (Xanax). V tomto p\u0159\u00edpad\u011b m\u016f\u017eete Alprox z\u00edskat online. M\u016f\u017eete jej tak\u00e9 z\u00edskat online, koupit Alprox online, z\u00edskat xanax online a zjistit, kde jej m\u016f\u017eete z\u00edskat.<\/p>\n<p>M\u016f\u017eete si koupit Alprazolam Xanax 2 mg tablety v na\u0161em obchod\u011b Global medicinas a nechat si je rychle doru\u010dit do jak\u00e9koli zem\u011b na sv\u011bt\u011b! Zde najdete nejlep\u0161\u00ed Alprazolam 2 MG Tablet, kter\u00e9 si m\u016f\u017eete koupit.<\/p>\n<p>Koupit Xanax 2 MG Tablet se pou\u017e\u00edv\u00e1 k l\u00e9\u010db\u011b panick\u00fdch poruch a \u00fazkosti, jako je n\u00e1hl\u00fd extr\u00e9mn\u00ed strach a stres zp\u016fsoben\u00fd stresem. Nejlep\u0161\u00ed je za\u010d\u00edt s mal\u00fdm mno\u017estv\u00edm a pot\u00e9 mno\u017estv\u00ed postupn\u011b zvy\u0161ovat. Nep\u0159est\u00e1vejte tento l\u00e9k hned u\u017e\u00edvat, proto\u017ee by mohl zp\u016fsobit abstinen\u010dn\u00ed p\u0159\u00edznaky, jako jsou z\u00e1chvaty, agresivn\u00ed chov\u00e1n\u00ed, rozmazan\u00e9 vid\u011bn\u00ed a dal\u0161\u00ed, pokud jej p\u0159estanete u\u017e\u00edvat p\u0159\u00edli\u0161 rychle.<\/p>\n","protected":false},"featured_media":5683,"comment_status":"open","ping_status":"closed","template":"","meta":[],"product_brand":[],"product_cat":[1117],"product_tag":[1143,1168,1182,1194,3508,1189,3503,3505,3504,3506,1192,3502,1188,3507,3520,3511,3523,3510,3513,3512,3514,3516,3522,3515,3509,3517,3518,3521,3519],"class_list":{"0":"post-5673","1":"product","2":"type-product","3":"status-publish","4":"has-post-thumbnail","6":"product_cat-koupit-prasky-na-spani-bolest","7":"product_tag-alprazolam-na-prodej","8":"product_tag-buy-alprazolam-online","9":"product_tag-jak-nakoupit-alprazolam-online","10":"product_tag-kde-k-koupit-alprazolam-online","11":"product_tag-kde-koupit-xanax-2-mg-uk","12":"product_tag-nkup-alprazolam-online","13":"product_tag-koupit-xanax-2-mg","14":"product_tag-koupit-xanax-2mg","15":"product_tag-buy-xanax-2-mg-uk","16":"product_tag-koupit-xanax-online","17":"product_tag-nejlep-msto-k-koupit-alprazolam-online","18":"product_tag-best-shop-xanax-2-mg-uk","19":"product_tag-objednat-alprazolam-online","20":"product_tag-objednvka-xanax-2-mg-uk","21":"product_tag-xanax-2mg-na-prodej","22":"product_tag-xanax-2-mg-na-prodej","23":"product_tag-xanax-bar-na-prodej","24":"product_tag-xanax-2-mg-europe","25":"product_tag-xanax-2-mg-google","26":"product_tag-xanax-2-mg-na-prodej-uk","27":"product_tag-xanax-2-mg-online-uk","28":"product_tag-xanax-2-mg-reddit","29":"product_tag-xanax-2mg-reddit","30":"product_tag-xanax-2-mg-thotn-ena","31":"product_tag-xanax-2-mg-inek","32":"product_tag-xanax-2-mg-uk","33":"product_tag-xanax-2mg-koupit","34":"product_tag-xanax-2mg-order","35":"product_tag-xanax-2mg-inek","37":"first","38":"instock","39":"shipping-taxable","40":"purchasable","41":"product-type-variable","42":"has-default-attributes"},"yoast_head":"<!-- This site is optimized with the Yoast SEO plugin v27.3 - https:\/\/yoast.com\/product\/yoast-seo-wordpress\/ -->\n<title>Koupit pilulky Alprox 2mg (Xanax) - Xanax 2 mg - Best Global Meds<\/title>\n<meta name=\"description\" content=\"Koupit pilulky Alprox xanax 2 mg na prodej ve Velk\u00e9 Brit\u00e1nii, Evrop\u011b. koupit Alprox online, koupit xanax online, koupit online alprox, koupit xanax, objednat Alprox 2 mg, kde mohu koupit alprox online.\" \/>\n<meta name=\"robots\" content=\"index, follow, max-snippet:-1, max-image-preview:large, max-video-preview:-1\" \/>\n<link rel=\"canonical\" href=\"https:\/\/medicinasinc.com\/cs\/product\/koupit-alprox-2mg-pilulky-xanax\/\" \/>\n<meta property=\"og:locale\" content=\"en_US\" \/>\n<meta property=\"og:type\" content=\"article\" \/>\n<meta property=\"og:title\" content=\"Koupit pilulky Alprox 2mg (Xanax) - Xanax 2 mg - Best Global Meds\" \/>\n<meta property=\"og:description\" content=\"Koupit pilulky Alprox xanax 2 mg na prodej ve Velk\u00e9 Brit\u00e1nii, Evrop\u011b. koupit Alprox online, koupit xanax online, koupit online alprox, koupit xanax, objednat Alprox 2 mg, kde mohu koupit alprox online.\" \/>\n<meta property=\"og:url\" content=\"https:\/\/medicinasinc.com\/cs\/product\/koupit-alprox-2mg-pilulky-xanax\/\" \/>\n<meta property=\"og:site_name\" content=\"Medicinas Inc\" \/>\n<meta property=\"article:modified_time\" content=\"2022-03-14T11:31:51+00:00\" \/>\n<meta property=\"og:image\" content=\"https:\/\/medicinasinc.com\/cs\/wp-content\/uploads\/sites\/2\/2022\/02\/Buy-xanax-2-mg.jpg\" \/>\n\t<meta property=\"og:image:width\" content=\"400\" \/>\n\t<meta property=\"og:image:height\" content=\"350\" \/>\n\t<meta property=\"og:image:type\" content=\"image\/jpeg\" \/>\n<meta name=\"twitter:card\" content=\"summary_large_image\" \/>\n<meta name=\"twitter:label1\" content=\"Est. reading time\" \/>\n\t<meta name=\"twitter:data1\" content=\"2 minutes\" \/>\n<script type=\"application\/ld+json\" class=\"yoast-schema-graph\">{\"@context\":\"https:\\\/\\\/schema.org\",\"@graph\":[{\"@type\":\"WebPage\",\"@id\":\"https:\\\/\\\/medicinasinc.com\\\/cs\\\/product\\\/koupit-alprox-2mg-pilulky-xanax\\\/\",\"url\":\"https:\\\/\\\/medicinasinc.com\\\/cs\\\/product\\\/koupit-alprox-2mg-pilulky-xanax\\\/\",\"name\":\"Koupit pilulky Alprox 2mg (Xanax) - Xanax 2 mg - Best Global Meds\",\"isPartOf\":{\"@id\":\"https:\\\/\\\/medicinasinc.com\\\/cs\\\/#website\"},\"primaryImageOfPage\":{\"@id\":\"https:\\\/\\\/medicinasinc.com\\\/cs\\\/product\\\/koupit-alprox-2mg-pilulky-xanax\\\/#primaryimage\"},\"image\":{\"@id\":\"https:\\\/\\\/medicinasinc.com\\\/cs\\\/product\\\/koupit-alprox-2mg-pilulky-xanax\\\/#primaryimage\"},\"thumbnailUrl\":\"https:\\\/\\\/medicinasinc.com\\\/cs\\\/wp-content\\\/uploads\\\/sites\\\/2\\\/2022\\\/02\\\/Buy-xanax-2-mg.jpg\",\"datePublished\":\"2022-02-22T03:54:58+00:00\",\"dateModified\":\"2022-03-14T11:31:51+00:00\",\"description\":\"Koupit pilulky Alprox xanax 2 mg na prodej ve Velk\u00e9 Brit\u00e1nii, Evrop\u011b. koupit Alprox online, koupit xanax online, koupit online alprox, koupit xanax, objednat Alprox 2 mg, kde mohu koupit alprox online.\",\"breadcrumb\":{\"@id\":\"https:\\\/\\\/medicinasinc.com\\\/cs\\\/product\\\/koupit-alprox-2mg-pilulky-xanax\\\/#breadcrumb\"},\"inLanguage\":\"en-US\",\"potentialAction\":[{\"@type\":\"ReadAction\",\"target\":[\"https:\\\/\\\/medicinasinc.com\\\/cs\\\/product\\\/koupit-alprox-2mg-pilulky-xanax\\\/\"]}]},{\"@type\":\"ImageObject\",\"inLanguage\":\"en-US\",\"@id\":\"https:\\\/\\\/medicinasinc.com\\\/cs\\\/product\\\/koupit-alprox-2mg-pilulky-xanax\\\/#primaryimage\",\"url\":\"https:\\\/\\\/medicinasinc.com\\\/cs\\\/wp-content\\\/uploads\\\/sites\\\/2\\\/2022\\\/02\\\/Buy-xanax-2-mg.jpg\",\"contentUrl\":\"https:\\\/\\\/medicinasinc.com\\\/cs\\\/wp-content\\\/uploads\\\/sites\\\/2\\\/2022\\\/02\\\/Buy-xanax-2-mg.jpg\",\"width\":400,\"height\":350},{\"@type\":\"BreadcrumbList\",\"@id\":\"https:\\\/\\\/medicinasinc.com\\\/cs\\\/product\\\/koupit-alprox-2mg-pilulky-xanax\\\/#breadcrumb\",\"itemListElement\":[{\"@type\":\"ListItem\",\"position\":1,\"name\":\"Obchod\",\"item\":\"https:\\\/\\\/medicinasinc.com\\\/cs\\\/obchod\\\/\"},{\"@type\":\"ListItem\",\"position\":2,\"name\":\"Koupit pilulky Alprox 2 mg (Xanax)\"}]},{\"@type\":\"WebSite\",\"@id\":\"https:\\\/\\\/medicinasinc.com\\\/cs\\\/#website\",\"url\":\"https:\\\/\\\/medicinasinc.com\\\/cs\\\/\",\"name\":\"Medicinas Inc\",\"description\":\"Health Medical Clinic\",\"potentialAction\":[{\"@type\":\"SearchAction\",\"target\":{\"@type\":\"EntryPoint\",\"urlTemplate\":\"https:\\\/\\\/medicinasinc.com\\\/cs\\\/?s={search_term_string}\"},\"query-input\":{\"@type\":\"PropertyValueSpecification\",\"valueRequired\":true,\"valueName\":\"search_term_string\"}}],\"inLanguage\":\"en-US\"}]}<\/script>\n<!-- \/ Yoast SEO plugin. -->","yoast_head_json":{"title":"Koupit pilulky Alprox 2mg (Xanax) - Xanax 2 mg - Best Global Meds","description":"Koupit pilulky Alprox xanax 2 mg na prodej ve Velk\u00e9 Brit\u00e1nii, Evrop\u011b. koupit Alprox online, koupit xanax online, koupit online alprox, koupit xanax, objednat Alprox 2 mg, kde mohu koupit alprox online.","robots":{"index":"index","follow":"follow","max-snippet":"max-snippet:-1","max-image-preview":"max-image-preview:large","max-video-preview":"max-video-preview:-1"},"canonical":"https:\/\/medicinasinc.com\/cs\/product\/koupit-alprox-2mg-pilulky-xanax\/","og_locale":"en_US","og_type":"article","og_title":"Koupit pilulky Alprox 2mg (Xanax) - Xanax 2 mg - Best Global Meds","og_description":"Koupit pilulky Alprox xanax 2 mg na prodej ve Velk\u00e9 Brit\u00e1nii, Evrop\u011b. koupit Alprox online, koupit xanax online, koupit online alprox, koupit xanax, objednat Alprox 2 mg, kde mohu koupit alprox online.","og_url":"https:\/\/medicinasinc.com\/cs\/product\/koupit-alprox-2mg-pilulky-xanax\/","og_site_name":"Medicinas Inc","article_modified_time":"2022-03-14T11:31:51+00:00","og_image":[{"width":400,"height":350,"url":"https:\/\/medicinasinc.com\/cs\/wp-content\/uploads\/sites\/2\/2022\/02\/Buy-xanax-2-mg.jpg","type":"image\/jpeg"}],"twitter_card":"summary_large_image","twitter_misc":{"Est. reading time":"2 minutes"},"schema":{"@context":"https:\/\/schema.org","@graph":[{"@type":"WebPage","@id":"https:\/\/medicinasinc.com\/cs\/product\/koupit-alprox-2mg-pilulky-xanax\/","url":"https:\/\/medicinasinc.com\/cs\/product\/koupit-alprox-2mg-pilulky-xanax\/","name":"Koupit pilulky Alprox 2mg (Xanax) - Xanax 2 mg - Best Global Meds","isPartOf":{"@id":"https:\/\/medicinasinc.com\/cs\/#website"},"primaryImageOfPage":{"@id":"https:\/\/medicinasinc.com\/cs\/product\/koupit-alprox-2mg-pilulky-xanax\/#primaryimage"},"image":{"@id":"https:\/\/medicinasinc.com\/cs\/product\/koupit-alprox-2mg-pilulky-xanax\/#primaryimage"},"thumbnailUrl":"https:\/\/medicinasinc.com\/cs\/wp-content\/uploads\/sites\/2\/2022\/02\/Buy-xanax-2-mg.jpg","datePublished":"2022-02-22T03:54:58+00:00","dateModified":"2022-03-14T11:31:51+00:00","description":"Koupit pilulky Alprox xanax 2 mg na prodej ve Velk\u00e9 Brit\u00e1nii, Evrop\u011b. koupit Alprox online, koupit xanax online, koupit online alprox, koupit xanax, objednat Alprox 2 mg, kde mohu koupit alprox online.","breadcrumb":{"@id":"https:\/\/medicinasinc.com\/cs\/product\/koupit-alprox-2mg-pilulky-xanax\/#breadcrumb"},"inLanguage":"en-US","potentialAction":[{"@type":"ReadAction","target":["https:\/\/medicinasinc.com\/cs\/product\/koupit-alprox-2mg-pilulky-xanax\/"]}]},{"@type":"ImageObject","inLanguage":"en-US","@id":"https:\/\/medicinasinc.com\/cs\/product\/koupit-alprox-2mg-pilulky-xanax\/#primaryimage","url":"https:\/\/medicinasinc.com\/cs\/wp-content\/uploads\/sites\/2\/2022\/02\/Buy-xanax-2-mg.jpg","contentUrl":"https:\/\/medicinasinc.com\/cs\/wp-content\/uploads\/sites\/2\/2022\/02\/Buy-xanax-2-mg.jpg","width":400,"height":350},{"@type":"BreadcrumbList","@id":"https:\/\/medicinasinc.com\/cs\/product\/koupit-alprox-2mg-pilulky-xanax\/#breadcrumb","itemListElement":[{"@type":"ListItem","position":1,"name":"Obchod","item":"https:\/\/medicinasinc.com\/cs\/obchod\/"},{"@type":"ListItem","position":2,"name":"Koupit pilulky Alprox 2 mg (Xanax)"}]},{"@type":"WebSite","@id":"https:\/\/medicinasinc.com\/cs\/#website","url":"https:\/\/medicinasinc.com\/cs\/","name":"Medicinas Inc","description":"Health Medical Clinic","potentialAction":[{"@type":"SearchAction","target":{"@type":"EntryPoint","urlTemplate":"https:\/\/medicinasinc.com\/cs\/?s={search_term_string}"},"query-input":{"@type":"PropertyValueSpecification","valueRequired":true,"valueName":"search_term_string"}}],"inLanguage":"en-US"}]}},"_links":{"self":[{"href":"https:\/\/medicinasinc.com\/cs\/wp-json\/wp\/v2\/product\/5673","targetHints":{"allow":["GET"]}}],"collection":[{"href":"https:\/\/medicinasinc.com\/cs\/wp-json\/wp\/v2\/product"}],"about":[{"href":"https:\/\/medicinasinc.com\/cs\/wp-json\/wp\/v2\/types\/product"}],"replies":[{"embeddable":true,"href":"https:\/\/medicinasinc.com\/cs\/wp-json\/wp\/v2\/comments?post=5673"}],"wp:featuredmedia":[{"embeddable":true,"href":"https:\/\/medicinasinc.com\/cs\/wp-json\/wp\/v2\/media\/5683"}],"wp:attachment":[{"href":"https:\/\/medicinasinc.com\/cs\/wp-json\/wp\/v2\/media?parent=5673"}],"wp:term":[{"taxonomy":"product_brand","embeddable":true,"href":"https:\/\/medicinasinc.com\/cs\/wp-json\/wp\/v2\/product_brand?post=5673"},{"taxonomy":"product_cat","embeddable":true,"href":"https:\/\/medicinasinc.com\/cs\/wp-json\/wp\/v2\/product_cat?post=5673"},{"taxonomy":"product_tag","embeddable":true,"href":"https:\/\/medicinasinc.com\/cs\/wp-json\/wp\/v2\/product_tag?post=5673"}],"curies":[{"name":"wp","href":"https:\/\/api.w.org\/{rel}","templated":true}]}}