{"id":5667,"date":"2022-02-22T03:49:11","date_gmt":"2022-02-22T03:49:11","guid":{"rendered":"https:\/\/medicinasinc.com\/cs\/?post_type=product&#038;p=5667"},"modified":"2022-03-14T11:32:02","modified_gmt":"2022-03-14T11:32:02","slug":"koupit-kamen-na-soli-do-koupele","status":"publish","type":"product","link":"https:\/\/medicinasinc.com\/cs\/product\/koupit-kamen-na-soli-do-koupele\/","title":{"rendered":"Kupte si s\u016fl do koupele Rock On"},"content":{"rendered":"<p><strong>V tomto p\u0159\u00edpad\u011b si m\u016f\u017eete koupit s\u016fl Rock On Bath Salt na webu.<\/strong><\/p>\n<p>Kupte si s\u016fl Rock On Bath Salt na prodej ve Spojen\u00e9m kr\u00e1lovstv\u00ed, Evrop\u011b a AU za v\u00fdhodnou cenu cena. Lid\u00e9, kte\u0159\u00ed u n\u00e1s nakupuj\u00ed, si mohou b\u00fdt jisti, \u017ee dostanou to, za co zaplat\u00ed. Tato s\u016fl Rock On Bath Salt je nyn\u00ed za nejlep\u0161\u00ed ceny.<\/p>\n","protected":false},"excerpt":{"rendered":"<div class=\"woocommerce-product-details__short-description\">\n<p><strong>Cena produktu je uvedena za 10 gram\u016f<\/strong><\/p>\n<p>Koupit Rock On Bath Salt na prodej ve Spojen\u00e9m kr\u00e1lovstv\u00ed, Evrop\u011b, AU. nab\u00edz\u00edme nejspolehliv\u011bj\u0161\u00ed transakce a prod\u00e1v\u00e1me za velmi p\u0159ijateln\u00e9 ceny. Rock On Bath Salt nyn\u00ed za nejlep\u0161\u00ed ceny<\/p>\n<\/p><\/div>\n","protected":false},"featured_media":5676,"comment_status":"open","ping_status":"closed","template":"","meta":[],"product_brand":[],"product_cat":[2014],"product_tag":[3433,3437,3438,3439,3440,3441,3445,3446,3447,3448,3454,3456,3466,3467,3468,3471,3496,3473,3474,3497,3498,3499,3472,3095,3436,3434,3083,3443,3455,3097,3444,3488,3449,3450,3451,3452,3457,3458,3501,3453,3489,3477,3478,3470,3479,3482,3481,3480,3469,3494,3442,3484,3486,3483,3487,3485,3165,3495,3435,3476,3475],"class_list":{"0":"post-5667","1":"product","2":"type-product","3":"status-publish","4":"has-post-thumbnail","6":"product_cat-koupit-vyzkumne-chemikalie","7":"product_tag-bath-salts-drug","8":"product_tag-bath-salts-for-sale-online-with-credit-card","9":"product_tag-bath-salts-online-store","10":"product_tag-bath-salts-sales-online","11":"product_tag-bathsalts","12":"product_tag-best-bath-salts","13":"product_tag-buy-bath-salts-drug-online","14":"product_tag-buy-bath-salts-online","15":"product_tag-buy-bath-salts-online-legal","16":"product_tag-buy-bath-salts-online-where-can-i-buy-bath-salts-online","17":"product_tag-buy-ivory-wave-bath-salt-1000mg","18":"product_tag-buy-k2-bath-salts-online","19":"product_tag-buy-sextacy-bath-salts-online","20":"product_tag-buy-synthetic-bath-salts-online","21":"product_tag-can-you-buy-bath-salts-in-stores","22":"product_tag-cloud-9-koupel-sl","23":"product_tag-co-dlat-koupelov-soli-dlat","24":"product_tag-discreet-bath-salts-dealers-online","25":"product_tag-eight-ballz-bath-salt-for-sale-online","26":"product_tag-kde-mohu-koupit-koupelovou-soli-online","27":"product_tag-kde-dostanu-koupelovou-soli","28":"product_tag-kde-si-mohu-objednat-koupelovou-soli-mdpv-online","29":"product_tag-koncentrovan-c3-9-koupel-c3-9-soli","30":"product_tag-koupelov-soli-na-prodej","31":"product_tag-koupelove-soli-na-prodej-online","32":"product_tag-koupelove-soli-drogy-na-prodej-online","33":"product_tag-slonovinov-vlnov-koupelov-soli","34":"product_tag-buy-amped-novelty-powder-500mg","35":"product_tag-buy-ivory-wave-na-prodej-online","36":"product_tag-koupit-koupelov-soli","37":"product_tag-koupit-koupel-soli-treska","38":"product_tag-nkup-koupelov-soli-online","39":"product_tag-koupit-koupelovou-soli-online-s-kreditni-kartou","40":"product_tag-koupit-koupelove-soli-online-s-kreditnimi-kartami","41":"product_tag-koupit-koupelove-soli-s-paypalem-online","42":"product_tag-koupit-levne-koupelove-soli-objednat-koupelove-soli-drogu-online","43":"product_tag-koupit-mefedronovou-koupelovou-soli-online-s-kreditni-kartou","44":"product_tag-koupit-pumpovat-sl-koupel-1000mg","45":"product_tag-koupit-rock-na-koupel-soli-online","46":"product_tag-koupit-osmi-ballz-soli-do-koupele-online","47":"product_tag-kvalitn-koupelov-soli-lk-na-prodej-online","48":"product_tag-legln-koupelov-soli-na-prodej-online","49":"product_tag-legitimn-c3-ad-dodavatel-c3-a9-koupelov-c3-a9-soli-online","50":"product_tag-levn-koupelov-soli","51":"product_tag-looking-to-buy-bath-salt-sonline","52":"product_tag-mefedron","53":"product_tag-mefedronov-koupelov-soli-kde-k-koupit","54":"product_tag-mefedronov-koupelov-soli-na-prodej","55":"product_tag-mete-jet-koupit-koupelov-soli","56":"product_tag-nejbezpenj-online-obchod-k-koupit-koupelov-soli","57":"product_tag-nejkvalitnj-online-koupelov-soli","58":"product_tag-objednat-koupelovou-soli-online","59":"product_tag-objednat-koupelove-soli-online-treska","60":"product_tag-objednat-koupelove-soli-drogu-online","61":"product_tag-objednejte-koupelovou-soli-online-s-kreditni-kartou","62":"product_tag-objednat-koupelove-soli-online-koupelove-soli-velkoobchod","63":"product_tag-mdpv-koupelov-soli-na-prodej","64":"product_tag-vanilka-nebe-koupel-soli-na-prodej","65":"product_tag-koupelove-soli-drogy-prodej-online","66":"product_tag-slonovinov-vlna","67":"product_tag-najt-legln-koupelov-soli-dodavatele-online","69":"first","70":"instock","71":"shipping-taxable","72":"purchasable","73":"product-type-variable"},"yoast_head":"<!-- This site is optimized with the Yoast SEO plugin v27.3 - https:\/\/yoast.com\/product\/yoast-seo-wordpress\/ -->\n<title>Kupte si kamennou s\u016fl do koupele online \u2013 kamennou s\u016fl do koupele \u2013 nejlep\u0161\u00ed glob\u00e1ln\u00ed l\u00e9ky<\/title>\n<meta name=\"description\" content=\"Koupit Rock On Bath Salt na prodej ve Velk\u00e9 Brit\u00e1nii, Evrop\u011b, AU. nab\u00edz\u00edme nejspolehliv\u011bj\u0161\u00ed transakce a prod\u00e1v\u00e1me za velmi p\u0159ijateln\u00e9 ceny. Rock On Bath Salt nyn\u00ed za nejlep\u0161\u00ed ceny\" \/>\n<meta name=\"robots\" content=\"index, follow, max-snippet:-1, max-image-preview:large, max-video-preview:-1\" \/>\n<link rel=\"canonical\" href=\"https:\/\/medicinasinc.com\/cs\/product\/koupit-kamen-na-soli-do-koupele\/\" \/>\n<meta property=\"og:locale\" content=\"en_US\" \/>\n<meta property=\"og:type\" content=\"article\" \/>\n<meta property=\"og:title\" content=\"Kupte si kamennou s\u016fl do koupele online \u2013 kamennou s\u016fl do koupele \u2013 nejlep\u0161\u00ed glob\u00e1ln\u00ed l\u00e9ky\" \/>\n<meta property=\"og:description\" content=\"Koupit Rock On Bath Salt na prodej ve Velk\u00e9 Brit\u00e1nii, Evrop\u011b, AU. nab\u00edz\u00edme nejspolehliv\u011bj\u0161\u00ed transakce a prod\u00e1v\u00e1me za velmi p\u0159ijateln\u00e9 ceny. Rock On Bath Salt nyn\u00ed za nejlep\u0161\u00ed ceny\" \/>\n<meta property=\"og:url\" content=\"https:\/\/medicinasinc.com\/cs\/product\/koupit-kamen-na-soli-do-koupele\/\" \/>\n<meta property=\"og:site_name\" content=\"Medicinas Inc\" \/>\n<meta property=\"article:modified_time\" content=\"2022-03-14T11:32:02+00:00\" \/>\n<meta property=\"og:image\" content=\"https:\/\/medicinasinc.com\/cs\/wp-content\/uploads\/sites\/2\/2022\/02\/Buy-Rock-On-Bath-Salt.jpeg\" \/>\n\t<meta property=\"og:image:width\" content=\"640\" \/>\n\t<meta property=\"og:image:height\" content=\"428\" \/>\n\t<meta property=\"og:image:type\" content=\"image\/jpeg\" \/>\n<meta name=\"twitter:card\" content=\"summary_large_image\" \/>\n<meta name=\"twitter:label1\" content=\"Est. reading time\" \/>\n\t<meta name=\"twitter:data1\" content=\"1 minute\" \/>\n<script type=\"application\/ld+json\" class=\"yoast-schema-graph\">{\"@context\":\"https:\\\/\\\/schema.org\",\"@graph\":[{\"@type\":\"WebPage\",\"@id\":\"https:\\\/\\\/medicinasinc.com\\\/cs\\\/product\\\/koupit-kamen-na-soli-do-koupele\\\/\",\"url\":\"https:\\\/\\\/medicinasinc.com\\\/cs\\\/product\\\/koupit-kamen-na-soli-do-koupele\\\/\",\"name\":\"Kupte si kamennou s\u016fl do koupele online \u2013 kamennou s\u016fl do koupele \u2013 nejlep\u0161\u00ed glob\u00e1ln\u00ed l\u00e9ky\",\"isPartOf\":{\"@id\":\"https:\\\/\\\/medicinasinc.com\\\/cs\\\/#website\"},\"primaryImageOfPage\":{\"@id\":\"https:\\\/\\\/medicinasinc.com\\\/cs\\\/product\\\/koupit-kamen-na-soli-do-koupele\\\/#primaryimage\"},\"image\":{\"@id\":\"https:\\\/\\\/medicinasinc.com\\\/cs\\\/product\\\/koupit-kamen-na-soli-do-koupele\\\/#primaryimage\"},\"thumbnailUrl\":\"https:\\\/\\\/medicinasinc.com\\\/cs\\\/wp-content\\\/uploads\\\/sites\\\/2\\\/2022\\\/02\\\/Buy-Rock-On-Bath-Salt.jpeg\",\"datePublished\":\"2022-02-22T03:49:11+00:00\",\"dateModified\":\"2022-03-14T11:32:02+00:00\",\"description\":\"Koupit Rock On Bath Salt na prodej ve Velk\u00e9 Brit\u00e1nii, Evrop\u011b, AU. nab\u00edz\u00edme nejspolehliv\u011bj\u0161\u00ed transakce a prod\u00e1v\u00e1me za velmi p\u0159ijateln\u00e9 ceny. Rock On Bath Salt nyn\u00ed za nejlep\u0161\u00ed ceny\",\"breadcrumb\":{\"@id\":\"https:\\\/\\\/medicinasinc.com\\\/cs\\\/product\\\/koupit-kamen-na-soli-do-koupele\\\/#breadcrumb\"},\"inLanguage\":\"en-US\",\"potentialAction\":[{\"@type\":\"ReadAction\",\"target\":[\"https:\\\/\\\/medicinasinc.com\\\/cs\\\/product\\\/koupit-kamen-na-soli-do-koupele\\\/\"]}]},{\"@type\":\"ImageObject\",\"inLanguage\":\"en-US\",\"@id\":\"https:\\\/\\\/medicinasinc.com\\\/cs\\\/product\\\/koupit-kamen-na-soli-do-koupele\\\/#primaryimage\",\"url\":\"https:\\\/\\\/medicinasinc.com\\\/cs\\\/wp-content\\\/uploads\\\/sites\\\/2\\\/2022\\\/02\\\/Buy-Rock-On-Bath-Salt.jpeg\",\"contentUrl\":\"https:\\\/\\\/medicinasinc.com\\\/cs\\\/wp-content\\\/uploads\\\/sites\\\/2\\\/2022\\\/02\\\/Buy-Rock-On-Bath-Salt.jpeg\",\"width\":640,\"height\":428},{\"@type\":\"BreadcrumbList\",\"@id\":\"https:\\\/\\\/medicinasinc.com\\\/cs\\\/product\\\/koupit-kamen-na-soli-do-koupele\\\/#breadcrumb\",\"itemListElement\":[{\"@type\":\"ListItem\",\"position\":1,\"name\":\"Obchod\",\"item\":\"https:\\\/\\\/medicinasinc.com\\\/cs\\\/obchod\\\/\"},{\"@type\":\"ListItem\",\"position\":2,\"name\":\"Kupte si s\u016fl do koupele Rock On\"}]},{\"@type\":\"WebSite\",\"@id\":\"https:\\\/\\\/medicinasinc.com\\\/cs\\\/#website\",\"url\":\"https:\\\/\\\/medicinasinc.com\\\/cs\\\/\",\"name\":\"Medicinas Inc\",\"description\":\"Health Medical Clinic\",\"potentialAction\":[{\"@type\":\"SearchAction\",\"target\":{\"@type\":\"EntryPoint\",\"urlTemplate\":\"https:\\\/\\\/medicinasinc.com\\\/cs\\\/?s={search_term_string}\"},\"query-input\":{\"@type\":\"PropertyValueSpecification\",\"valueRequired\":true,\"valueName\":\"search_term_string\"}}],\"inLanguage\":\"en-US\"}]}<\/script>\n<!-- \/ Yoast SEO plugin. -->","yoast_head_json":{"title":"Kupte si kamennou s\u016fl do koupele online \u2013 kamennou s\u016fl do koupele \u2013 nejlep\u0161\u00ed glob\u00e1ln\u00ed l\u00e9ky","description":"Koupit Rock On Bath Salt na prodej ve Velk\u00e9 Brit\u00e1nii, Evrop\u011b, AU. nab\u00edz\u00edme nejspolehliv\u011bj\u0161\u00ed transakce a prod\u00e1v\u00e1me za velmi p\u0159ijateln\u00e9 ceny. Rock On Bath Salt nyn\u00ed za nejlep\u0161\u00ed ceny","robots":{"index":"index","follow":"follow","max-snippet":"max-snippet:-1","max-image-preview":"max-image-preview:large","max-video-preview":"max-video-preview:-1"},"canonical":"https:\/\/medicinasinc.com\/cs\/product\/koupit-kamen-na-soli-do-koupele\/","og_locale":"en_US","og_type":"article","og_title":"Kupte si kamennou s\u016fl do koupele online \u2013 kamennou s\u016fl do koupele \u2013 nejlep\u0161\u00ed glob\u00e1ln\u00ed l\u00e9ky","og_description":"Koupit Rock On Bath Salt na prodej ve Velk\u00e9 Brit\u00e1nii, Evrop\u011b, AU. nab\u00edz\u00edme nejspolehliv\u011bj\u0161\u00ed transakce a prod\u00e1v\u00e1me za velmi p\u0159ijateln\u00e9 ceny. Rock On Bath Salt nyn\u00ed za nejlep\u0161\u00ed ceny","og_url":"https:\/\/medicinasinc.com\/cs\/product\/koupit-kamen-na-soli-do-koupele\/","og_site_name":"Medicinas Inc","article_modified_time":"2022-03-14T11:32:02+00:00","og_image":[{"width":640,"height":428,"url":"https:\/\/medicinasinc.com\/cs\/wp-content\/uploads\/sites\/2\/2022\/02\/Buy-Rock-On-Bath-Salt.jpeg","type":"image\/jpeg"}],"twitter_card":"summary_large_image","twitter_misc":{"Est. reading time":"1 minute"},"schema":{"@context":"https:\/\/schema.org","@graph":[{"@type":"WebPage","@id":"https:\/\/medicinasinc.com\/cs\/product\/koupit-kamen-na-soli-do-koupele\/","url":"https:\/\/medicinasinc.com\/cs\/product\/koupit-kamen-na-soli-do-koupele\/","name":"Kupte si kamennou s\u016fl do koupele online \u2013 kamennou s\u016fl do koupele \u2013 nejlep\u0161\u00ed glob\u00e1ln\u00ed l\u00e9ky","isPartOf":{"@id":"https:\/\/medicinasinc.com\/cs\/#website"},"primaryImageOfPage":{"@id":"https:\/\/medicinasinc.com\/cs\/product\/koupit-kamen-na-soli-do-koupele\/#primaryimage"},"image":{"@id":"https:\/\/medicinasinc.com\/cs\/product\/koupit-kamen-na-soli-do-koupele\/#primaryimage"},"thumbnailUrl":"https:\/\/medicinasinc.com\/cs\/wp-content\/uploads\/sites\/2\/2022\/02\/Buy-Rock-On-Bath-Salt.jpeg","datePublished":"2022-02-22T03:49:11+00:00","dateModified":"2022-03-14T11:32:02+00:00","description":"Koupit Rock On Bath Salt na prodej ve Velk\u00e9 Brit\u00e1nii, Evrop\u011b, AU. nab\u00edz\u00edme nejspolehliv\u011bj\u0161\u00ed transakce a prod\u00e1v\u00e1me za velmi p\u0159ijateln\u00e9 ceny. Rock On Bath Salt nyn\u00ed za nejlep\u0161\u00ed ceny","breadcrumb":{"@id":"https:\/\/medicinasinc.com\/cs\/product\/koupit-kamen-na-soli-do-koupele\/#breadcrumb"},"inLanguage":"en-US","potentialAction":[{"@type":"ReadAction","target":["https:\/\/medicinasinc.com\/cs\/product\/koupit-kamen-na-soli-do-koupele\/"]}]},{"@type":"ImageObject","inLanguage":"en-US","@id":"https:\/\/medicinasinc.com\/cs\/product\/koupit-kamen-na-soli-do-koupele\/#primaryimage","url":"https:\/\/medicinasinc.com\/cs\/wp-content\/uploads\/sites\/2\/2022\/02\/Buy-Rock-On-Bath-Salt.jpeg","contentUrl":"https:\/\/medicinasinc.com\/cs\/wp-content\/uploads\/sites\/2\/2022\/02\/Buy-Rock-On-Bath-Salt.jpeg","width":640,"height":428},{"@type":"BreadcrumbList","@id":"https:\/\/medicinasinc.com\/cs\/product\/koupit-kamen-na-soli-do-koupele\/#breadcrumb","itemListElement":[{"@type":"ListItem","position":1,"name":"Obchod","item":"https:\/\/medicinasinc.com\/cs\/obchod\/"},{"@type":"ListItem","position":2,"name":"Kupte si s\u016fl do koupele Rock On"}]},{"@type":"WebSite","@id":"https:\/\/medicinasinc.com\/cs\/#website","url":"https:\/\/medicinasinc.com\/cs\/","name":"Medicinas Inc","description":"Health Medical Clinic","potentialAction":[{"@type":"SearchAction","target":{"@type":"EntryPoint","urlTemplate":"https:\/\/medicinasinc.com\/cs\/?s={search_term_string}"},"query-input":{"@type":"PropertyValueSpecification","valueRequired":true,"valueName":"search_term_string"}}],"inLanguage":"en-US"}]}},"_links":{"self":[{"href":"https:\/\/medicinasinc.com\/cs\/wp-json\/wp\/v2\/product\/5667","targetHints":{"allow":["GET"]}}],"collection":[{"href":"https:\/\/medicinasinc.com\/cs\/wp-json\/wp\/v2\/product"}],"about":[{"href":"https:\/\/medicinasinc.com\/cs\/wp-json\/wp\/v2\/types\/product"}],"replies":[{"embeddable":true,"href":"https:\/\/medicinasinc.com\/cs\/wp-json\/wp\/v2\/comments?post=5667"}],"wp:featuredmedia":[{"embeddable":true,"href":"https:\/\/medicinasinc.com\/cs\/wp-json\/wp\/v2\/media\/5676"}],"wp:attachment":[{"href":"https:\/\/medicinasinc.com\/cs\/wp-json\/wp\/v2\/media?parent=5667"}],"wp:term":[{"taxonomy":"product_brand","embeddable":true,"href":"https:\/\/medicinasinc.com\/cs\/wp-json\/wp\/v2\/product_brand?post=5667"},{"taxonomy":"product_cat","embeddable":true,"href":"https:\/\/medicinasinc.com\/cs\/wp-json\/wp\/v2\/product_cat?post=5667"},{"taxonomy":"product_tag","embeddable":true,"href":"https:\/\/medicinasinc.com\/cs\/wp-json\/wp\/v2\/product_tag?post=5667"}],"curies":[{"name":"wp","href":"https:\/\/api.w.org\/{rel}","templated":true}]}}