{"id":5652,"date":"2022-02-22T03:24:25","date_gmt":"2022-02-22T03:24:25","guid":{"rendered":"https:\/\/medicinasinc.com\/cs\/?post_type=product&#038;p=5652"},"modified":"2022-03-14T11:32:36","modified_gmt":"2022-03-14T11:32:36","slug":"koupit-rychlostribrna-koupelova-sul","status":"publish","type":"product","link":"https:\/\/medicinasinc.com\/cs\/product\/koupit-rychlostribrna-koupelova-sul\/","title":{"rendered":"Kupte si koupelovou s\u016fl Quicksilver"},"content":{"rendered":"<p><strong>S\u016fl do koupele Quicksilver si m\u016f\u017eete koupit na internetu.<\/strong><\/p>\n<p>Ve Spojen\u00e9m kr\u00e1lovstv\u00ed, Evrop\u011b a Austr\u00e1lii si m\u016f\u017eete koupit s\u016fl do koupele Quicksilver za spoustu pen\u011bz. Lid\u00e9, kte\u0159\u00ed u n\u00e1s nakupuj\u00ed, si mohou b\u00fdt jisti, \u017ee dostanou to, za co zaplat\u00ed. Nyn\u00ed je nejlep\u0161\u00ed \u010das nakoupit koupelovou s\u016fl Quicksilver za nejlep\u0161\u00ed ceny.<\/p>\n<div class=\"product-next-previous\">\n<div class=\"product-prev\"><\/div><\/div>\n","protected":false},"excerpt":{"rendered":"<div class=\"woocommerce-product-details__short-description\">\n<p>Koncentrovan\u00e1 koupelov\u00e1 s\u016fl od nejlep\u0161\u00edch zna\u010dek. methylaminopropan: Methiopropamin je 1-thiofen-2-yl 2-methylaminopropan.<\/p>\n<p>Za nejlep\u0161\u00ed cenu si m\u016f\u017eete koupit s\u016fl do koupele QuickSilver online. Slibujeme bezpe\u010dnou p\u0159epravu do cel\u00e9ho sv\u011bta.<\/p>\n<p>Nakupte 1000 mg koupelov\u00e9 soli QuickSilver online. Koncentrovan\u00e1 koupelov\u00e1 s\u016fl od nejlep\u0161\u00edch zna\u010dek. 1-(thiofen-2-yl)-2-methylaminopropan se naz\u00fdv\u00e1 methiopropamin.<\/p>\n<\/p><\/div>\n","protected":false},"featured_media":5662,"comment_status":"open","ping_status":"closed","template":"","meta":[],"product_brand":[],"product_cat":[2014],"product_tag":[3432,3433,3437,3438,3439,3440,3441,3445,3446,3447,3448,3454,3456,3459,3464,3465,3466,3467,3468,3471,3496,3473,3474,3497,3498,3499,3472,3095,3436,3434,3083,3443,3455,3462,3097,3444,3488,3449,3450,3451,3452,3457,3458,3461,3463,3453,3460,3489,3477,3478,3470,3479,3482,3481,3480,3469,3494,3442,3484,3486,3483,3487,3485,3165,3495,3491,3435,3493,3492,3490,3476,3475],"class_list":{"0":"post-5652","1":"product","2":"type-product","3":"status-publish","4":"has-post-thumbnail","6":"product_cat-koupit-vyzkumne-chemikalie","7":"product_tag-bath-salts","8":"product_tag-bath-salts-drug","9":"product_tag-bath-salts-for-sale-online-with-credit-card","10":"product_tag-bath-salts-online-store","11":"product_tag-bath-salts-sales-online","12":"product_tag-bathsalts","13":"product_tag-best-bath-salts","14":"product_tag-buy-bath-salts-drug-online","15":"product_tag-buy-bath-salts-online","16":"product_tag-buy-bath-salts-online-legal","17":"product_tag-buy-bath-salts-online-where-can-i-buy-bath-salts-online","18":"product_tag-buy-ivory-wave-bath-salt-1000mg","19":"product_tag-buy-k2-bath-salts-online","20":"product_tag-buy-quick-silver","21":"product_tag-buy-quick-silver-bath-salts-usa","22":"product_tag-buy-research-chemicals-order","23":"product_tag-buy-sextacy-bath-salts-online","24":"product_tag-buy-synthetic-bath-salts-online","25":"product_tag-can-you-buy-bath-salts-in-stores","26":"product_tag-cloud-9-koupel-sl","27":"product_tag-co-dlat-koupelov-soli-dlat","28":"product_tag-discreet-bath-salts-dealers-online","29":"product_tag-eight-ballz-bath-salt-for-sale-online","30":"product_tag-kde-mohu-koupit-koupelovou-soli-online","31":"product_tag-kde-dostanu-koupelovou-soli","32":"product_tag-kde-si-mohu-objednat-koupelovou-soli-mdpv-online","33":"product_tag-koncentrovan-c3-9-koupel-c3-9-soli","34":"product_tag-koupelov-soli-na-prodej","35":"product_tag-koupelove-soli-na-prodej-online","36":"product_tag-koupelove-soli-drogy-na-prodej-online","37":"product_tag-slonovinov-vlnov-koupelov-soli","38":"product_tag-buy-amped-novelty-powder-500mg","39":"product_tag-buy-ivory-wave-na-prodej-online","40":"product_tag-koupit-rychle-silne-koupelove-soli-canada","41":"product_tag-koupit-koupelov-soli","42":"product_tag-koupit-koupel-soli-treska","43":"product_tag-nkup-koupelov-soli-online","44":"product_tag-koupit-koupelovou-soli-online-s-kreditni-kartou","45":"product_tag-koupit-koupelove-soli-online-s-kreditnimi-kartami","46":"product_tag-koupit-koupelove-soli-s-paypalem-online","47":"product_tag-koupit-levne-koupelove-soli-objednat-koupelove-soli-drogu-online","48":"product_tag-koupit-mefedronovou-koupelovou-soli-online-s-kreditni-kartou","49":"product_tag-koupit-pumpovat-sl-koupel-1000mg","50":"product_tag-koupit-rychle-stbrn-koupelov-soli-austrlie","51":"product_tag-koupit-rychle-silne-koupelove-soli-online","52":"product_tag-koupit-osmi-ballz-soli-do-koupele-online","53":"product_tag-koupit-rychle-stbrn-sol-do-koupele-online","54":"product_tag-kvalitn-koupelov-soli-lk-na-prodej-online","55":"product_tag-legln-koupelov-soli-na-prodej-online","56":"product_tag-legitimn-c3-ad-dodavatel-c3-a9-koupelov-c3-a9-soli-online","57":"product_tag-levn-koupelov-soli","58":"product_tag-looking-to-buy-bath-salt-sonline","59":"product_tag-mefedron","60":"product_tag-mefedronov-koupelov-soli-kde-k-koupit","61":"product_tag-mefedronov-koupelov-soli-na-prodej","62":"product_tag-mete-jet-koupit-koupelov-soli","63":"product_tag-nejbezpenj-online-obchod-k-koupit-koupelov-soli","64":"product_tag-nejkvalitnj-online-koupelov-soli","65":"product_tag-objednat-koupelovou-soli-online","66":"product_tag-objednat-koupelove-soli-online-treska","67":"product_tag-objednat-koupelove-soli-drogu-online","68":"product_tag-objednejte-koupelovou-soli-online-s-kreditni-kartou","69":"product_tag-objednat-koupelove-soli-online-koupelove-soli-velkoobchod","70":"product_tag-mdpv-koupelov-soli-na-prodej","71":"product_tag-vanilka-nebe-koupel-soli-na-prodej","72":"product_tag-rychlo-stbrn-koupelov-soli-na-prodej","73":"product_tag-koupelove-soli-drogy-prodej-online","74":"product_tag-rychlo-stbrn-koupelov-soli-prodejce-vzkumn-chemiklie","75":"product_tag-quick-silver-bath-salts-online","76":"product_tag-rychlo-stbrn-koupelov-soli","77":"product_tag-slonovinov-vlna","78":"product_tag-najt-legln-koupelov-soli-dodavatele-online","80":"first","81":"instock","82":"shipping-taxable","83":"purchasable","84":"product-type-variable","85":"has-default-attributes"},"yoast_head":"<!-- This site is optimized with the Yoast SEO plugin v27.3 - https:\/\/yoast.com\/product\/yoast-seo-wordpress\/ -->\n<title>Kupte si s\u016fl do koupele Quick Silver - Rychl\u00e1 st\u0159\u00edbrn\u00e1 s\u016fl do koupele - Nejlep\u0161\u00ed glob\u00e1ln\u00ed l\u00e9ky<\/title>\n<meta name=\"description\" content=\"Koupit s\u016fl do koupele Quicksilver na prodej v UK, Europe, AU. nab\u00edz\u00edme nejspolehliv\u011bj\u0161\u00ed transakce a prod\u00e1v\u00e1me za velmi p\u0159ijateln\u00e9 ceny. Objednejte si koupelovou s\u016fl Quicksilver nyn\u00ed za nejlep\u0161\u00ed ceny\" \/>\n<meta name=\"robots\" content=\"index, follow, max-snippet:-1, max-image-preview:large, max-video-preview:-1\" \/>\n<link rel=\"canonical\" href=\"https:\/\/medicinasinc.com\/cs\/product\/koupit-rychlostribrna-koupelova-sul\/\" \/>\n<meta property=\"og:locale\" content=\"en_US\" \/>\n<meta property=\"og:type\" content=\"article\" \/>\n<meta property=\"og:title\" content=\"Kupte si s\u016fl do koupele Quick Silver - Rychl\u00e1 st\u0159\u00edbrn\u00e1 s\u016fl do koupele - Nejlep\u0161\u00ed glob\u00e1ln\u00ed l\u00e9ky\" \/>\n<meta property=\"og:description\" content=\"Koupit s\u016fl do koupele Quicksilver na prodej v UK, Europe, AU. nab\u00edz\u00edme nejspolehliv\u011bj\u0161\u00ed transakce a prod\u00e1v\u00e1me za velmi p\u0159ijateln\u00e9 ceny. Objednejte si koupelovou s\u016fl Quicksilver nyn\u00ed za nejlep\u0161\u00ed ceny\" \/>\n<meta property=\"og:url\" content=\"https:\/\/medicinasinc.com\/cs\/product\/koupit-rychlostribrna-koupelova-sul\/\" \/>\n<meta property=\"og:site_name\" content=\"Medicinas Inc\" \/>\n<meta property=\"article:modified_time\" content=\"2022-03-14T11:32:36+00:00\" \/>\n<meta property=\"og:image\" content=\"https:\/\/medicinasinc.com\/cs\/wp-content\/uploads\/sites\/2\/2022\/02\/Buy-Quicksilver-Bath-Salt.jpg\" \/>\n\t<meta property=\"og:image:width\" content=\"600\" \/>\n\t<meta property=\"og:image:height\" content=\"599\" \/>\n\t<meta property=\"og:image:type\" content=\"image\/jpeg\" \/>\n<meta name=\"twitter:card\" content=\"summary_large_image\" \/>\n<meta name=\"twitter:label1\" content=\"Est. reading time\" \/>\n\t<meta name=\"twitter:data1\" content=\"1 minute\" \/>\n<script type=\"application\/ld+json\" class=\"yoast-schema-graph\">{\"@context\":\"https:\\\/\\\/schema.org\",\"@graph\":[{\"@type\":\"WebPage\",\"@id\":\"https:\\\/\\\/medicinasinc.com\\\/cs\\\/product\\\/koupit-rychlostribrna-koupelova-sul\\\/\",\"url\":\"https:\\\/\\\/medicinasinc.com\\\/cs\\\/product\\\/koupit-rychlostribrna-koupelova-sul\\\/\",\"name\":\"Kupte si s\u016fl do koupele Quick Silver - Rychl\u00e1 st\u0159\u00edbrn\u00e1 s\u016fl do koupele - Nejlep\u0161\u00ed glob\u00e1ln\u00ed l\u00e9ky\",\"isPartOf\":{\"@id\":\"https:\\\/\\\/medicinasinc.com\\\/cs\\\/#website\"},\"primaryImageOfPage\":{\"@id\":\"https:\\\/\\\/medicinasinc.com\\\/cs\\\/product\\\/koupit-rychlostribrna-koupelova-sul\\\/#primaryimage\"},\"image\":{\"@id\":\"https:\\\/\\\/medicinasinc.com\\\/cs\\\/product\\\/koupit-rychlostribrna-koupelova-sul\\\/#primaryimage\"},\"thumbnailUrl\":\"https:\\\/\\\/medicinasinc.com\\\/cs\\\/wp-content\\\/uploads\\\/sites\\\/2\\\/2022\\\/02\\\/Buy-Quicksilver-Bath-Salt.jpg\",\"datePublished\":\"2022-02-22T03:24:25+00:00\",\"dateModified\":\"2022-03-14T11:32:36+00:00\",\"description\":\"Koupit s\u016fl do koupele Quicksilver na prodej v UK, Europe, AU. nab\u00edz\u00edme nejspolehliv\u011bj\u0161\u00ed transakce a prod\u00e1v\u00e1me za velmi p\u0159ijateln\u00e9 ceny. Objednejte si koupelovou s\u016fl Quicksilver nyn\u00ed za nejlep\u0161\u00ed ceny\",\"breadcrumb\":{\"@id\":\"https:\\\/\\\/medicinasinc.com\\\/cs\\\/product\\\/koupit-rychlostribrna-koupelova-sul\\\/#breadcrumb\"},\"inLanguage\":\"en-US\",\"potentialAction\":[{\"@type\":\"ReadAction\",\"target\":[\"https:\\\/\\\/medicinasinc.com\\\/cs\\\/product\\\/koupit-rychlostribrna-koupelova-sul\\\/\"]}]},{\"@type\":\"ImageObject\",\"inLanguage\":\"en-US\",\"@id\":\"https:\\\/\\\/medicinasinc.com\\\/cs\\\/product\\\/koupit-rychlostribrna-koupelova-sul\\\/#primaryimage\",\"url\":\"https:\\\/\\\/medicinasinc.com\\\/cs\\\/wp-content\\\/uploads\\\/sites\\\/2\\\/2022\\\/02\\\/Buy-Quicksilver-Bath-Salt.jpg\",\"contentUrl\":\"https:\\\/\\\/medicinasinc.com\\\/cs\\\/wp-content\\\/uploads\\\/sites\\\/2\\\/2022\\\/02\\\/Buy-Quicksilver-Bath-Salt.jpg\",\"width\":600,\"height\":599},{\"@type\":\"BreadcrumbList\",\"@id\":\"https:\\\/\\\/medicinasinc.com\\\/cs\\\/product\\\/koupit-rychlostribrna-koupelova-sul\\\/#breadcrumb\",\"itemListElement\":[{\"@type\":\"ListItem\",\"position\":1,\"name\":\"Obchod\",\"item\":\"https:\\\/\\\/medicinasinc.com\\\/cs\\\/obchod\\\/\"},{\"@type\":\"ListItem\",\"position\":2,\"name\":\"Kupte si koupelovou s\u016fl Quicksilver\"}]},{\"@type\":\"WebSite\",\"@id\":\"https:\\\/\\\/medicinasinc.com\\\/cs\\\/#website\",\"url\":\"https:\\\/\\\/medicinasinc.com\\\/cs\\\/\",\"name\":\"Medicinas Inc\",\"description\":\"Health Medical Clinic\",\"potentialAction\":[{\"@type\":\"SearchAction\",\"target\":{\"@type\":\"EntryPoint\",\"urlTemplate\":\"https:\\\/\\\/medicinasinc.com\\\/cs\\\/?s={search_term_string}\"},\"query-input\":{\"@type\":\"PropertyValueSpecification\",\"valueRequired\":true,\"valueName\":\"search_term_string\"}}],\"inLanguage\":\"en-US\"}]}<\/script>\n<!-- \/ Yoast SEO plugin. -->","yoast_head_json":{"title":"Kupte si s\u016fl do koupele Quick Silver - Rychl\u00e1 st\u0159\u00edbrn\u00e1 s\u016fl do koupele - Nejlep\u0161\u00ed glob\u00e1ln\u00ed l\u00e9ky","description":"Koupit s\u016fl do koupele Quicksilver na prodej v UK, Europe, AU. nab\u00edz\u00edme nejspolehliv\u011bj\u0161\u00ed transakce a prod\u00e1v\u00e1me za velmi p\u0159ijateln\u00e9 ceny. Objednejte si koupelovou s\u016fl Quicksilver nyn\u00ed za nejlep\u0161\u00ed ceny","robots":{"index":"index","follow":"follow","max-snippet":"max-snippet:-1","max-image-preview":"max-image-preview:large","max-video-preview":"max-video-preview:-1"},"canonical":"https:\/\/medicinasinc.com\/cs\/product\/koupit-rychlostribrna-koupelova-sul\/","og_locale":"en_US","og_type":"article","og_title":"Kupte si s\u016fl do koupele Quick Silver - Rychl\u00e1 st\u0159\u00edbrn\u00e1 s\u016fl do koupele - Nejlep\u0161\u00ed glob\u00e1ln\u00ed l\u00e9ky","og_description":"Koupit s\u016fl do koupele Quicksilver na prodej v UK, Europe, AU. nab\u00edz\u00edme nejspolehliv\u011bj\u0161\u00ed transakce a prod\u00e1v\u00e1me za velmi p\u0159ijateln\u00e9 ceny. Objednejte si koupelovou s\u016fl Quicksilver nyn\u00ed za nejlep\u0161\u00ed ceny","og_url":"https:\/\/medicinasinc.com\/cs\/product\/koupit-rychlostribrna-koupelova-sul\/","og_site_name":"Medicinas Inc","article_modified_time":"2022-03-14T11:32:36+00:00","og_image":[{"width":600,"height":599,"url":"https:\/\/medicinasinc.com\/cs\/wp-content\/uploads\/sites\/2\/2022\/02\/Buy-Quicksilver-Bath-Salt.jpg","type":"image\/jpeg"}],"twitter_card":"summary_large_image","twitter_misc":{"Est. reading time":"1 minute"},"schema":{"@context":"https:\/\/schema.org","@graph":[{"@type":"WebPage","@id":"https:\/\/medicinasinc.com\/cs\/product\/koupit-rychlostribrna-koupelova-sul\/","url":"https:\/\/medicinasinc.com\/cs\/product\/koupit-rychlostribrna-koupelova-sul\/","name":"Kupte si s\u016fl do koupele Quick Silver - Rychl\u00e1 st\u0159\u00edbrn\u00e1 s\u016fl do koupele - Nejlep\u0161\u00ed glob\u00e1ln\u00ed l\u00e9ky","isPartOf":{"@id":"https:\/\/medicinasinc.com\/cs\/#website"},"primaryImageOfPage":{"@id":"https:\/\/medicinasinc.com\/cs\/product\/koupit-rychlostribrna-koupelova-sul\/#primaryimage"},"image":{"@id":"https:\/\/medicinasinc.com\/cs\/product\/koupit-rychlostribrna-koupelova-sul\/#primaryimage"},"thumbnailUrl":"https:\/\/medicinasinc.com\/cs\/wp-content\/uploads\/sites\/2\/2022\/02\/Buy-Quicksilver-Bath-Salt.jpg","datePublished":"2022-02-22T03:24:25+00:00","dateModified":"2022-03-14T11:32:36+00:00","description":"Koupit s\u016fl do koupele Quicksilver na prodej v UK, Europe, AU. nab\u00edz\u00edme nejspolehliv\u011bj\u0161\u00ed transakce a prod\u00e1v\u00e1me za velmi p\u0159ijateln\u00e9 ceny. Objednejte si koupelovou s\u016fl Quicksilver nyn\u00ed za nejlep\u0161\u00ed ceny","breadcrumb":{"@id":"https:\/\/medicinasinc.com\/cs\/product\/koupit-rychlostribrna-koupelova-sul\/#breadcrumb"},"inLanguage":"en-US","potentialAction":[{"@type":"ReadAction","target":["https:\/\/medicinasinc.com\/cs\/product\/koupit-rychlostribrna-koupelova-sul\/"]}]},{"@type":"ImageObject","inLanguage":"en-US","@id":"https:\/\/medicinasinc.com\/cs\/product\/koupit-rychlostribrna-koupelova-sul\/#primaryimage","url":"https:\/\/medicinasinc.com\/cs\/wp-content\/uploads\/sites\/2\/2022\/02\/Buy-Quicksilver-Bath-Salt.jpg","contentUrl":"https:\/\/medicinasinc.com\/cs\/wp-content\/uploads\/sites\/2\/2022\/02\/Buy-Quicksilver-Bath-Salt.jpg","width":600,"height":599},{"@type":"BreadcrumbList","@id":"https:\/\/medicinasinc.com\/cs\/product\/koupit-rychlostribrna-koupelova-sul\/#breadcrumb","itemListElement":[{"@type":"ListItem","position":1,"name":"Obchod","item":"https:\/\/medicinasinc.com\/cs\/obchod\/"},{"@type":"ListItem","position":2,"name":"Kupte si koupelovou s\u016fl Quicksilver"}]},{"@type":"WebSite","@id":"https:\/\/medicinasinc.com\/cs\/#website","url":"https:\/\/medicinasinc.com\/cs\/","name":"Medicinas Inc","description":"Health Medical Clinic","potentialAction":[{"@type":"SearchAction","target":{"@type":"EntryPoint","urlTemplate":"https:\/\/medicinasinc.com\/cs\/?s={search_term_string}"},"query-input":{"@type":"PropertyValueSpecification","valueRequired":true,"valueName":"search_term_string"}}],"inLanguage":"en-US"}]}},"_links":{"self":[{"href":"https:\/\/medicinasinc.com\/cs\/wp-json\/wp\/v2\/product\/5652","targetHints":{"allow":["GET"]}}],"collection":[{"href":"https:\/\/medicinasinc.com\/cs\/wp-json\/wp\/v2\/product"}],"about":[{"href":"https:\/\/medicinasinc.com\/cs\/wp-json\/wp\/v2\/types\/product"}],"replies":[{"embeddable":true,"href":"https:\/\/medicinasinc.com\/cs\/wp-json\/wp\/v2\/comments?post=5652"}],"wp:featuredmedia":[{"embeddable":true,"href":"https:\/\/medicinasinc.com\/cs\/wp-json\/wp\/v2\/media\/5662"}],"wp:attachment":[{"href":"https:\/\/medicinasinc.com\/cs\/wp-json\/wp\/v2\/media?parent=5652"}],"wp:term":[{"taxonomy":"product_brand","embeddable":true,"href":"https:\/\/medicinasinc.com\/cs\/wp-json\/wp\/v2\/product_brand?post=5652"},{"taxonomy":"product_cat","embeddable":true,"href":"https:\/\/medicinasinc.com\/cs\/wp-json\/wp\/v2\/product_cat?post=5652"},{"taxonomy":"product_tag","embeddable":true,"href":"https:\/\/medicinasinc.com\/cs\/wp-json\/wp\/v2\/product_tag?post=5652"}],"curies":[{"name":"wp","href":"https:\/\/api.w.org\/{rel}","templated":true}]}}