{"id":5651,"date":"2022-02-22T03:22:57","date_gmt":"2022-02-22T03:22:57","guid":{"rendered":"https:\/\/medicinasinc.com\/cs\/?post_type=product&#038;p=5651"},"modified":"2022-08-03T12:01:48","modified_gmt":"2022-08-03T12:01:48","slug":"koupit-oxykodon-prasek","status":"publish","type":"product","link":"https:\/\/medicinasinc.com\/cs\/product\/koupit-oxykodon-prasek\/","title":{"rendered":"Koupit oxykodonov\u00fd pr\u00e1\u0161ek"},"content":{"rendered":"<p>Vysoce kvalitn\u00ed oxykodonov\u00fd pr\u00e1\u0161ek si m\u016f\u017eete zakoupit na webov\u00e9 str\u00e1nce, jako je tato:<br \/>\nOxykodonov\u00fd pr\u00e1\u0161ek na prodej v\u00e1m m\u016f\u017ee pomoci ukon\u010dit bolest a zlep\u0161it se.<\/p>\n<p>Oxykodon je ve skupin\u011b l\u00e9k\u016f naz\u00fdvan\u00fdch narkotick\u00e1 analgetika. Pou\u017e\u00edv\u00e1 se k l\u00e9\u010db\u011b chronick\u00e9 bolesti, kter\u00e1 je velmi \u0161patn\u00e1, kdy\u017e jin\u00e9 zp\u016fsoby l\u00e9\u010dby nefunguj\u00ed dostate\u010dn\u011b dob\u0159e. P\u0159edepsan\u00e9 formy tohoto l\u00e9ku jsou ur\u010deny k tomu, aby pomohly lidem, kte\u0159\u00ed maj\u00ed po cel\u00fd den artritidu, rakovinu nebo jin\u00e9 fyzick\u00e9 probl\u00e9my. Zp\u016fsob, jak\u00fdm to funguje, je podobn\u00fd tomu, jak funguj\u00ed jin\u00e9 opi\u00e1ty. V\u00e1\u017ee se na receptory v mozku a m\u011bn\u00ed zp\u016fsob, jak\u00fdm mozek reaguje na bolest.<\/p>\n<p>Oxykodonov\u00fd pr\u00e1\u0161ek na prodej je \u00fa\u010dinnou slo\u017ekou r\u016fzn\u00fdch l\u00e9k\u016f proti bolesti, kter\u00e9 se dod\u00e1vaj\u00ed v r\u016fzn\u00fdch tvarech a velikostech. Obvykle se pod\u00e1v\u00e1 s ibuprofenem a aspirinem, ale m\u016f\u017ee b\u00fdt tak\u00e9 pod\u00e1v\u00e1n samostatn\u011b.<\/p>\n<p>Oxykodonov\u00fd pr\u00e1\u0161ek lze zakoupit online v nejzn\u00e1m\u011bj\u0161\u00edm obchod\u011b ve Spojen\u00fdch st\u00e1tech.<\/p>\n<p>Bestgoalmeds. com\u00a0Shop je spole\u010dnost zalo\u017een\u00e1 na hodnot\u011b, kter\u00e1 ji\u017e v\u00edce ne\u017e 15 let prod\u00e1v\u00e1 ty nejlep\u0161\u00ed l\u00e9ky. V na\u0161em obchod\u011b si m\u016f\u017eete koupit oxykodonov\u00fd pr\u00e1\u0161ek, jeho\u017e kvalita byla zkontrolov\u00e1na v licencovan\u00e9 laborato\u0159i. Od USA po Asii obsluhujeme z\u00e1kazn\u00edky z cel\u00e9ho sv\u011bta. Koupit na\u0161e produkty je snadn\u00e9, proto\u017ee jsou leg\u00e1ln\u00ed a vy se nemus\u00edte o nic starat. Pokud jde o n\u00e1s, uchov\u00e1v\u00e1me v\u0161e v soukrom\u00ed, proto\u017ee si v\u00e1\u017e\u00edme va\u0161eho soukrom\u00ed. Pokud m\u00e1te n\u011bjak\u00e9 dotazy nebo obavy, kontaktujte n\u00e1s!<\/p>\n","protected":false},"excerpt":{"rendered":"<div class=\"woocommerce-product-details__short-description\">\n<p>Nakupujte oxykodonov\u00fd pr\u00e1\u0161ek ve Velk\u00e9 Brit\u00e1nii a Evrop\u011b na medicinasinc.com, kde jej m\u016f\u017eete rychle z\u00edskat z cel\u00e9ho sv\u011bta. Zde si m\u016f\u017eete koupit nejlep\u0161\u00ed oxykodonov\u00fd pr\u00e1\u0161ek, kter\u00fd m\u016f\u017eete naj\u00edt.<\/p>\n<p>Vysoce kvalitn\u00ed oxykodonov\u00fd pr\u00e1\u0161ek si m\u016f\u017eete zakoupit online na st\u0159edn\u011b silnou a\u017e silnou bolest, kdy\u017e pot\u0159ebujete b\u00fdt bez bolesti cel\u00fd den a noc po dlouhou dobu \u010das.<\/p>\n<p>Pr\u00e1\u0161ek Oxykodonu si m\u016f\u017eete koupit na internetu za nejlep\u0161\u00ed cenu. USpharma Shop je zn\u00e1m\u00e1 online l\u00e9k\u00e1rna, kter\u00e1 prod\u00e1v\u00e1 leg\u00e1ln\u00ed drogy. Objednejte si online a u\u0161et\u0159ete si \u010das i pen\u00edze.<\/p>\n<p>Oxycodone (bulk) je 100% pr\u00e1\u0161ek. Oxykodon je obecn\u00fd n\u00e1zev (hromadn\u00fd). Pod\u00edvejte se na bezplatn\u00fd kup\u00f3n. V t\u00e9to \u010d\u00e1sti se dozv\u00edte, jak pou\u017e\u00edvat, co d\u011bl\u00e1, co m\u016f\u017ee d\u011blat a jak se tomu vyhnout.<\/p>\n<p>Jeden z mnoha alkaloid\u016f v persk\u00e9m m\u00e1ku se naz\u00fdv\u00e1 thebain a oxykodonov\u00fd pr\u00e1\u0161ek je vyroben\u00e9 z tohoto alkaloidu. Oxykodonov\u00fd pr\u00e1\u0161ek je b\u00edl\u00fd krystalick\u00fd pr\u00e1\u0161ek bez z\u00e1pachu, kter\u00fd se vyr\u00e1b\u00ed z tohoto alkaloidu. Oxykodon hydrochlorid se rozpou\u0161t\u00ed ve vod\u011b (1 g v 6 a\u017e 7 ml) a je trochu rozpustn\u00fd v alkoholu, ale ne p\u0159\u00edli\u0161 (rozd\u011blovac\u00ed koeficient oktanolu a vody je 0,7).<\/p>\n<p>Oxykodon hydrochlorid se skl\u00e1d\u00e1 ze 4 , 5a-epoxy-14-hydroxy-3-methoxy-17-methylmorfinan-6-on hydrochlorid, co\u017e je chemick\u00fd n\u00e1zev.<\/p>\n<p>Polosyntetick\u00e9 opioidn\u00ed analgetikum naz\u00fdvan\u00e9 oxykodonov\u00fd pr\u00e1\u0161ek se pou\u017e\u00edv\u00e1 k l\u00e9\u010db\u011b st\u0159edn\u011b t\u011b\u017ek\u00fdch a\u017e siln\u00e1 bolest. Oxykodonov\u00fd pr\u00e1\u0161ek se obvykle pou\u017e\u00edv\u00e1 k l\u00e9\u010db\u011b st\u0159edn\u011b siln\u00e9 a\u017e siln\u00e9 bolesti. Kdy\u017e byl Oxykodon vyroben v N\u011bmecku v roce 1917, byl jedn\u00edm ze skupiny polosyntetick\u00fdch opioid\u016f, kter\u00e9 byly vyrobeny za \u00fa\u010delem vylep\u0161en\u00ed st\u00e1vaj\u00edc\u00edch opioid\u016f.<\/p>\n<\/div>\n","protected":false},"featured_media":5660,"comment_status":"open","ping_status":"closed","template":"","meta":[],"product_brand":[],"product_cat":[2014],"product_tag":[3431,3416,3415,3427,3417,3422,3423,3424,3425,3430,3418,3421,3428,3426,3429,3420,3419],"class_list":{"0":"post-5651","1":"product","2":"type-product","3":"status-publish","4":"has-post-thumbnail","6":"product_cat-koupit-vyzkumne-chemikalie","7":"product_tag-kde-koupit-oxykodon-prek","8":"product_tag-koupit-oxykodon-prek","9":"product_tag-nejlep-msto-k-koupit-oxykodon-prek","10":"product_tag-oxykodon-prek-objednvka","11":"product_tag-objednvka-oxykodon-prek","12":"product_tag-oxycodone-powder-for-sale-uk","13":"product_tag-oxycodone-powder-germany","14":"product_tag-oxycodone-powder-mail","15":"product_tag-oxycodone-powder-mail-order","16":"product_tag-oxycodone-powder-sale","17":"product_tag-oxykodon-prek-koupit","18":"product_tag-oxykodon-prek-na-prodej","19":"product_tag-oxycodone-powder-order-uk","20":"product_tag-oxykodon-prek-online","21":"product_tag-oxykodon-prek-reddit","22":"product_tag-oxykodon-prek-europe","23":"product_tag-oxykodonov-prek-efekt","25":"first","26":"instock","27":"shipping-taxable","28":"purchasable","29":"product-type-variable","30":"has-default-attributes"},"yoast_head":"<!-- This site is optimized with the Yoast SEO plugin v27.3 - https:\/\/yoast.com\/product\/yoast-seo-wordpress\/ -->\n<title>Koupit oxykodonov\u00fd pr\u00e1\u0161ek \u2013 oxykodonov\u00fd pr\u00e1\u0161ek \u2013 Best Global Meds<\/title>\n<meta name=\"description\" content=\"Kupte si oxykodonov\u00fd pr\u00e1\u0161ek UK, Evropa v na\u0161em online obchodu medicinasinc.com s rychl\u00fdm celosv\u011btov\u00fdm doru\u010den\u00edm! Nejlep\u0161\u00ed oxykodonov\u00fd pr\u00e1\u0161ek pro objedn\u00e1n\u00ed najdete zde!\" \/>\n<meta name=\"robots\" content=\"index, follow, max-snippet:-1, max-image-preview:large, max-video-preview:-1\" \/>\n<link rel=\"canonical\" href=\"https:\/\/medicinasinc.com\/cs\/product\/koupit-oxykodon-prasek\/\" \/>\n<meta property=\"og:locale\" content=\"en_US\" \/>\n<meta property=\"og:type\" content=\"article\" \/>\n<meta property=\"og:title\" content=\"Koupit oxykodonov\u00fd pr\u00e1\u0161ek \u2013 oxykodonov\u00fd pr\u00e1\u0161ek \u2013 Best Global Meds\" \/>\n<meta property=\"og:description\" content=\"Kupte si oxykodonov\u00fd pr\u00e1\u0161ek UK, Evropa v na\u0161em online obchodu medicinasinc.com s rychl\u00fdm celosv\u011btov\u00fdm doru\u010den\u00edm! Nejlep\u0161\u00ed oxykodonov\u00fd pr\u00e1\u0161ek pro objedn\u00e1n\u00ed najdete zde!\" \/>\n<meta property=\"og:url\" content=\"https:\/\/medicinasinc.com\/cs\/product\/koupit-oxykodon-prasek\/\" \/>\n<meta property=\"og:site_name\" content=\"Medicinas Inc\" \/>\n<meta property=\"article:modified_time\" content=\"2022-08-03T12:01:48+00:00\" \/>\n<meta property=\"og:image\" content=\"https:\/\/medicinasinc.com\/cs\/wp-content\/uploads\/sites\/2\/2022\/02\/Buy-oxycodone-powder.jpeg\" \/>\n\t<meta property=\"og:image:width\" content=\"510\" \/>\n\t<meta property=\"og:image:height\" content=\"389\" \/>\n\t<meta property=\"og:image:type\" content=\"image\/jpeg\" \/>\n<meta name=\"twitter:card\" content=\"summary_large_image\" \/>\n<meta name=\"twitter:label1\" content=\"Est. reading time\" \/>\n\t<meta name=\"twitter:data1\" content=\"1 minute\" \/>\n<script type=\"application\/ld+json\" class=\"yoast-schema-graph\">{\"@context\":\"https:\\\/\\\/schema.org\",\"@graph\":[{\"@type\":\"WebPage\",\"@id\":\"https:\\\/\\\/medicinasinc.com\\\/cs\\\/product\\\/koupit-oxykodon-prasek\\\/\",\"url\":\"https:\\\/\\\/medicinasinc.com\\\/cs\\\/product\\\/koupit-oxykodon-prasek\\\/\",\"name\":\"Koupit oxykodonov\u00fd pr\u00e1\u0161ek \u2013 oxykodonov\u00fd pr\u00e1\u0161ek \u2013 Best Global Meds\",\"isPartOf\":{\"@id\":\"https:\\\/\\\/medicinasinc.com\\\/cs\\\/#website\"},\"primaryImageOfPage\":{\"@id\":\"https:\\\/\\\/medicinasinc.com\\\/cs\\\/product\\\/koupit-oxykodon-prasek\\\/#primaryimage\"},\"image\":{\"@id\":\"https:\\\/\\\/medicinasinc.com\\\/cs\\\/product\\\/koupit-oxykodon-prasek\\\/#primaryimage\"},\"thumbnailUrl\":\"https:\\\/\\\/medicinasinc.com\\\/cs\\\/wp-content\\\/uploads\\\/sites\\\/2\\\/2022\\\/02\\\/Buy-oxycodone-powder.jpeg\",\"datePublished\":\"2022-02-22T03:22:57+00:00\",\"dateModified\":\"2022-08-03T12:01:48+00:00\",\"description\":\"Kupte si oxykodonov\u00fd pr\u00e1\u0161ek UK, Evropa v na\u0161em online obchodu medicinasinc.com s rychl\u00fdm celosv\u011btov\u00fdm doru\u010den\u00edm! Nejlep\u0161\u00ed oxykodonov\u00fd pr\u00e1\u0161ek pro objedn\u00e1n\u00ed najdete zde!\",\"breadcrumb\":{\"@id\":\"https:\\\/\\\/medicinasinc.com\\\/cs\\\/product\\\/koupit-oxykodon-prasek\\\/#breadcrumb\"},\"inLanguage\":\"en-US\",\"potentialAction\":[{\"@type\":\"ReadAction\",\"target\":[\"https:\\\/\\\/medicinasinc.com\\\/cs\\\/product\\\/koupit-oxykodon-prasek\\\/\"]}]},{\"@type\":\"ImageObject\",\"inLanguage\":\"en-US\",\"@id\":\"https:\\\/\\\/medicinasinc.com\\\/cs\\\/product\\\/koupit-oxykodon-prasek\\\/#primaryimage\",\"url\":\"https:\\\/\\\/medicinasinc.com\\\/cs\\\/wp-content\\\/uploads\\\/sites\\\/2\\\/2022\\\/02\\\/Buy-oxycodone-powder.jpeg\",\"contentUrl\":\"https:\\\/\\\/medicinasinc.com\\\/cs\\\/wp-content\\\/uploads\\\/sites\\\/2\\\/2022\\\/02\\\/Buy-oxycodone-powder.jpeg\",\"width\":510,\"height\":389},{\"@type\":\"BreadcrumbList\",\"@id\":\"https:\\\/\\\/medicinasinc.com\\\/cs\\\/product\\\/koupit-oxykodon-prasek\\\/#breadcrumb\",\"itemListElement\":[{\"@type\":\"ListItem\",\"position\":1,\"name\":\"Obchod\",\"item\":\"https:\\\/\\\/medicinasinc.com\\\/cs\\\/obchod\\\/\"},{\"@type\":\"ListItem\",\"position\":2,\"name\":\"Koupit oxykodonov\u00fd pr\u00e1\u0161ek\"}]},{\"@type\":\"WebSite\",\"@id\":\"https:\\\/\\\/medicinasinc.com\\\/cs\\\/#website\",\"url\":\"https:\\\/\\\/medicinasinc.com\\\/cs\\\/\",\"name\":\"Medicinas Inc\",\"description\":\"Health Medical Clinic\",\"potentialAction\":[{\"@type\":\"SearchAction\",\"target\":{\"@type\":\"EntryPoint\",\"urlTemplate\":\"https:\\\/\\\/medicinasinc.com\\\/cs\\\/?s={search_term_string}\"},\"query-input\":{\"@type\":\"PropertyValueSpecification\",\"valueRequired\":true,\"valueName\":\"search_term_string\"}}],\"inLanguage\":\"en-US\"}]}<\/script>\n<!-- \/ Yoast SEO plugin. -->","yoast_head_json":{"title":"Koupit oxykodonov\u00fd pr\u00e1\u0161ek \u2013 oxykodonov\u00fd pr\u00e1\u0161ek \u2013 Best Global Meds","description":"Kupte si oxykodonov\u00fd pr\u00e1\u0161ek UK, Evropa v na\u0161em online obchodu medicinasinc.com s rychl\u00fdm celosv\u011btov\u00fdm doru\u010den\u00edm! Nejlep\u0161\u00ed oxykodonov\u00fd pr\u00e1\u0161ek pro objedn\u00e1n\u00ed najdete zde!","robots":{"index":"index","follow":"follow","max-snippet":"max-snippet:-1","max-image-preview":"max-image-preview:large","max-video-preview":"max-video-preview:-1"},"canonical":"https:\/\/medicinasinc.com\/cs\/product\/koupit-oxykodon-prasek\/","og_locale":"en_US","og_type":"article","og_title":"Koupit oxykodonov\u00fd pr\u00e1\u0161ek \u2013 oxykodonov\u00fd pr\u00e1\u0161ek \u2013 Best Global Meds","og_description":"Kupte si oxykodonov\u00fd pr\u00e1\u0161ek UK, Evropa v na\u0161em online obchodu medicinasinc.com s rychl\u00fdm celosv\u011btov\u00fdm doru\u010den\u00edm! Nejlep\u0161\u00ed oxykodonov\u00fd pr\u00e1\u0161ek pro objedn\u00e1n\u00ed najdete zde!","og_url":"https:\/\/medicinasinc.com\/cs\/product\/koupit-oxykodon-prasek\/","og_site_name":"Medicinas Inc","article_modified_time":"2022-08-03T12:01:48+00:00","og_image":[{"width":510,"height":389,"url":"https:\/\/medicinasinc.com\/cs\/wp-content\/uploads\/sites\/2\/2022\/02\/Buy-oxycodone-powder.jpeg","type":"image\/jpeg"}],"twitter_card":"summary_large_image","twitter_misc":{"Est. reading time":"1 minute"},"schema":{"@context":"https:\/\/schema.org","@graph":[{"@type":"WebPage","@id":"https:\/\/medicinasinc.com\/cs\/product\/koupit-oxykodon-prasek\/","url":"https:\/\/medicinasinc.com\/cs\/product\/koupit-oxykodon-prasek\/","name":"Koupit oxykodonov\u00fd pr\u00e1\u0161ek \u2013 oxykodonov\u00fd pr\u00e1\u0161ek \u2013 Best Global Meds","isPartOf":{"@id":"https:\/\/medicinasinc.com\/cs\/#website"},"primaryImageOfPage":{"@id":"https:\/\/medicinasinc.com\/cs\/product\/koupit-oxykodon-prasek\/#primaryimage"},"image":{"@id":"https:\/\/medicinasinc.com\/cs\/product\/koupit-oxykodon-prasek\/#primaryimage"},"thumbnailUrl":"https:\/\/medicinasinc.com\/cs\/wp-content\/uploads\/sites\/2\/2022\/02\/Buy-oxycodone-powder.jpeg","datePublished":"2022-02-22T03:22:57+00:00","dateModified":"2022-08-03T12:01:48+00:00","description":"Kupte si oxykodonov\u00fd pr\u00e1\u0161ek UK, Evropa v na\u0161em online obchodu medicinasinc.com s rychl\u00fdm celosv\u011btov\u00fdm doru\u010den\u00edm! Nejlep\u0161\u00ed oxykodonov\u00fd pr\u00e1\u0161ek pro objedn\u00e1n\u00ed najdete zde!","breadcrumb":{"@id":"https:\/\/medicinasinc.com\/cs\/product\/koupit-oxykodon-prasek\/#breadcrumb"},"inLanguage":"en-US","potentialAction":[{"@type":"ReadAction","target":["https:\/\/medicinasinc.com\/cs\/product\/koupit-oxykodon-prasek\/"]}]},{"@type":"ImageObject","inLanguage":"en-US","@id":"https:\/\/medicinasinc.com\/cs\/product\/koupit-oxykodon-prasek\/#primaryimage","url":"https:\/\/medicinasinc.com\/cs\/wp-content\/uploads\/sites\/2\/2022\/02\/Buy-oxycodone-powder.jpeg","contentUrl":"https:\/\/medicinasinc.com\/cs\/wp-content\/uploads\/sites\/2\/2022\/02\/Buy-oxycodone-powder.jpeg","width":510,"height":389},{"@type":"BreadcrumbList","@id":"https:\/\/medicinasinc.com\/cs\/product\/koupit-oxykodon-prasek\/#breadcrumb","itemListElement":[{"@type":"ListItem","position":1,"name":"Obchod","item":"https:\/\/medicinasinc.com\/cs\/obchod\/"},{"@type":"ListItem","position":2,"name":"Koupit oxykodonov\u00fd pr\u00e1\u0161ek"}]},{"@type":"WebSite","@id":"https:\/\/medicinasinc.com\/cs\/#website","url":"https:\/\/medicinasinc.com\/cs\/","name":"Medicinas Inc","description":"Health Medical Clinic","potentialAction":[{"@type":"SearchAction","target":{"@type":"EntryPoint","urlTemplate":"https:\/\/medicinasinc.com\/cs\/?s={search_term_string}"},"query-input":{"@type":"PropertyValueSpecification","valueRequired":true,"valueName":"search_term_string"}}],"inLanguage":"en-US"}]}},"_links":{"self":[{"href":"https:\/\/medicinasinc.com\/cs\/wp-json\/wp\/v2\/product\/5651","targetHints":{"allow":["GET"]}}],"collection":[{"href":"https:\/\/medicinasinc.com\/cs\/wp-json\/wp\/v2\/product"}],"about":[{"href":"https:\/\/medicinasinc.com\/cs\/wp-json\/wp\/v2\/types\/product"}],"replies":[{"embeddable":true,"href":"https:\/\/medicinasinc.com\/cs\/wp-json\/wp\/v2\/comments?post=5651"}],"wp:featuredmedia":[{"embeddable":true,"href":"https:\/\/medicinasinc.com\/cs\/wp-json\/wp\/v2\/media\/5660"}],"wp:attachment":[{"href":"https:\/\/medicinasinc.com\/cs\/wp-json\/wp\/v2\/media?parent=5651"}],"wp:term":[{"taxonomy":"product_brand","embeddable":true,"href":"https:\/\/medicinasinc.com\/cs\/wp-json\/wp\/v2\/product_brand?post=5651"},{"taxonomy":"product_cat","embeddable":true,"href":"https:\/\/medicinasinc.com\/cs\/wp-json\/wp\/v2\/product_cat?post=5651"},{"taxonomy":"product_tag","embeddable":true,"href":"https:\/\/medicinasinc.com\/cs\/wp-json\/wp\/v2\/product_tag?post=5651"}],"curies":[{"name":"wp","href":"https:\/\/api.w.org\/{rel}","templated":true}]}}