{"id":5638,"date":"2022-02-22T03:11:29","date_gmt":"2022-02-22T03:11:29","guid":{"rendered":"https:\/\/medicinasinc.com\/cs\/?post_type=product&#038;p=5638"},"modified":"2022-08-03T12:17:02","modified_gmt":"2022-08-03T12:17:02","slug":"koupit-sextacy-sul-do-koupele","status":"publish","type":"product","link":"https:\/\/medicinasinc.com\/cs\/product\/koupit-sextacy-sul-do-koupele\/","title":{"rendered":"Kupte si koupelovou s\u016fl Sextacy"},"content":{"rendered":"<p>Kupte si koupelovou s\u016fl Sextacy v internetov\u00e9m obchod\u011b, jako je tento:<br \/>\nKupte si s\u016fl do koupele Sextacy do koupele.<\/p>\n<p>Toto je koncentrovan\u00e1 koupelov\u00e1 s\u016fl. St\u00e1le se v\u0161ak m\u016f\u017eete uvolnit a nechat Sextacy, aby se na chv\u00edli odpoutala od v\u011bc\u00ed. Dejte si horkou l\u00e1ze\u0148 a p\u0159idejte obsah. T\u00edm se voda p\u0159irozen\u011b zm\u011bk\u010d\u00ed, d\u00edky \u010demu\u017e se budete c\u00edtit velmi klidn\u00ed a uklidn\u011bn\u00ed.<\/p>\n<p>Je velmi d\u016fle\u017eit\u00e9, abyste za\u010dali s velmi mal\u00fdm mno\u017estv\u00edm koupelov\u00e9 soli Sextacy, abyste vid\u011bli, jak va\u0161e t\u011blo reaguje. Proto\u017ee je Sextacy Ultimate tak siln\u00e1, mo\u017en\u00e1 ji budete muset pou\u017e\u00edt ve van\u011b v\u00edce, abyste dos\u00e1hli \u00fapln\u00e9 relaxace, kterou chcete.<\/p>\n<p>Sextacy je velk\u00fd probl\u00e9m.<\/p>\n<p>V MP testu , stalo se toto:<\/p>\n<p>Pokud v\u00e1m Ivory Wave nesta\u010d\u00ed, toto je siln\u011bj\u0161\u00ed verze skv\u011bl\u00e9ho a \u0161pi\u010dkov\u00e9ho produktu. Je velmi podobn\u00fd Ivory Wave, ale m\u00e1 n\u011bjak\u00e9 dal\u0161\u00ed p\u0159\u00edsady, kter\u00e9 ho d\u011blaj\u00ed je\u0161t\u011b lep\u0161\u00edm. D\u00edky tomu jste v\u0161ak velmi nadr\u017eeni a uprost\u0159ed koupele se c\u00edt\u00edte jako ve snu. Bude velmi siln\u00fd a p\u0159i jeho pou\u017e\u00edv\u00e1n\u00ed byste m\u011bli b\u00fdt opatrn\u00ed. Velmi v\u00e1m to urychl\u00ed koupel. Za\u010dn\u011bte s velmi m\u00e1lem. Na 6 a\u017e 9 hodin to p\u0159ijde asi za 10 minut a tak dlouho to trv\u00e1. Koupelov\u00e1 s\u016fl Sextacy je v\u0161ak velmi podobn\u00e1 Ivory Ultra, ale st\u00e1le m\u00e1 sv\u016fj vlastn\u00ed magick\u00fd n\u00e1dech LOL. Nicm\u00e9n\u011b je to skv\u011bl\u00fd produkt, tak\u017ee bych ho doporu\u010dil s opatrnost\u00ed a nechejte p\u0159ich\u00e1zet zp\u011btnou vazbu! Mus\u00edte m\u00edt!<\/p>\n<p>Mezi slo\u017ekami pat\u0159\u00ed hydrogenuhli\u010ditan sodn\u00fd, chlorid sodn\u00fd, hlubinn\u00e1 s\u016fl, miner\u00e1ly a dal\u0161\u00ed p\u0159irozen\u011b se vyskytuj\u00edc\u00ed stopov\u00e9 prvky.<\/p>\n<p>Leg\u00e1lnost: Tento produkt je leg\u00e1ln\u00ed v v ka\u017ed\u00e9 zemi, proto\u017ee se vyr\u00e1b\u00ed z bylin.<\/p>\n<p>V tomto p\u0159\u00edpad\u011b pot\u0159ebujete koncentrovanou koupelovou s\u016fl White Girl 500 mg.<br \/>\n500 mg koupelov\u00e9 soli White Lady<br \/>\nKoncentrovan\u00e9 koupelov\u00e9 soli Bliss maj\u00ed 500 mg soli v ka\u017ed\u00e9m s\u00e1\u010dku.<br \/>\nKoupelov\u00e9 soli Snow Leopard maj\u00ed 500 mg v ka\u017ed\u00e9m s\u00e1\u010dku.<br \/>\n500 mg extra koupelov\u00e9 soli od Lunar Wave. 500 mg koncentrovan\u00e9 koupelov\u00e9 soli od White Horse.<br \/>\n500 mg povzbuzuj\u00edc\u00ed koupelov\u00e9 soli<br \/>\n500 mg Cloud 10 koupelov\u00e9 soli<br \/>\nBlue Magic: 500 mg koupelov\u00e9 soli<br \/>\nKoupelov\u00e1 s\u016fl s n\u00e1zvem Scarface m\u00e1 500 mg z toho.<br \/>\nTak\u00e9 mnohem v\u00edce lid\u00ed.<\/p>\n","protected":false},"excerpt":{"rendered":"<div class=\"woocommerce-product-details__short-description\">\n<p>Je snadn\u00e9 koupit s\u016fl do koupele Sextacy online v na\u0161em obchod\u011b medicinasinc.com a nechat si ji rychle doru\u010dit dom\u016f v Evrop\u011b a Spojen\u00e9m kr\u00e1lovstv\u00ed. Nejlep\u0161\u00ed m\u00edsto k n\u00e1kupu Sextacy koupelov\u00e9 soli je zde!<\/p>\n<p>Kupte si 50 bal\u00ed\u010dk\u016f koncentrovan\u00e9 sextacy koupelov\u00e9 soli na internetu. Koncentrovan\u00e1 sextacy: 10 bal\u00ed\u010dk\u016f po 10 Kupte si koncentrovanou sextacy 20 bal\u00ed\u010dk\u016f koupelov\u00e9 soli na internetu.<\/p>\n<p>Existuje spousta webov\u00fdch str\u00e1nek, kde si m\u016f\u017eete koupit spoustu koupelov\u00e9 soli za hodn\u011b pen\u011bz.<\/p>\n<p>Online si m\u016f\u017eete koupit sextatick\u00e9 koupelov\u00e9 soli od Global Medicine. Sextacy koupelov\u00e1 s\u016fl za v\u00fdprodejov\u00e9 ceny se dozv\u00edte v tomto textu<\/p>\n<\/div>\n","protected":false},"featured_media":5650,"comment_status":"open","ping_status":"closed","template":"","meta":[],"product_brand":[],"product_cat":[2014],"product_tag":[3397,3398,3399,3396,3410,3400,3408,3401,3404,3405,3406,3411,3412,3413,3402,3403,3407,3409,3414],"class_list":{"0":"post-5638","1":"product","2":"type-product","3":"status-publish","4":"has-post-thumbnail","6":"product_cat-koupit-vyzkumne-chemikalie","7":"product_tag-best-sextacy-bath-salt","8":"product_tag-buy-sextacy-bath-salt","9":"product_tag-buy-sextacy-bath-salts-uk","10":"product_tag-nejlep-msto-k-koupit-sextacy-koupelov-sl","11":"product_tag-sextacy-koupel-sol-objednat","12":"product_tag-objednvka-sextacy-koupelov-sl","13":"product_tag-sextacy-koupel-sl-na-prodej","14":"product_tag-resell-sextacy-bath-salt","15":"product_tag-sextacy-bath-salt-buy","16":"product_tag-sextacy-bath-salt-china","17":"product_tag-sextacy-bath-salt-effect","18":"product_tag-sextacy-bath-salt-reddit","19":"product_tag-sextacy-bath-salt-sale","20":"product_tag-sextacy-koupel-soli-dodavatel","21":"product_tag-sextacy-koupelov-sl","22":"product_tag-sextacy-koupel-sl-alibaba","23":"product_tag-sextacy-koupel-sl-evropa","24":"product_tag-sextacy-koupel-sol-online","25":"product_tag-sextacy-koupel-sl-velkoobchod","27":"first","28":"instock","29":"shipping-taxable","30":"purchasable","31":"product-type-variable"},"yoast_head":"<!-- This site is optimized with the Yoast SEO plugin v27.3 - https:\/\/yoast.com\/product\/yoast-seo-wordpress\/ -->\n<title>Koupit Sextacy koupelov\u00e1 s\u016fl \u2013 Sextacy koupelov\u00e1 s\u016fl \u2013 nejlep\u0161\u00ed glob\u00e1ln\u00ed l\u00e9ky<\/title>\n<meta name=\"description\" content=\"Kupte si koupelovou s\u016fl Sextacy na prodej ve Velk\u00e9 Brit\u00e1nii, Evrop\u011b v na\u0161em online obchodu medicinasinc.com s rychl\u00fdm celosv\u011btov\u00fdm doru\u010den\u00edm! Nejlep\u0161\u00ed Sextacy koupelov\u00e1 s\u016fl pro objedn\u00e1n\u00ed najdete!\" \/>\n<meta name=\"robots\" content=\"index, follow, max-snippet:-1, max-image-preview:large, max-video-preview:-1\" \/>\n<link rel=\"canonical\" href=\"https:\/\/medicinasinc.com\/cs\/product\/koupit-sextacy-sul-do-koupele\/\" \/>\n<meta property=\"og:locale\" content=\"en_US\" \/>\n<meta property=\"og:type\" content=\"article\" \/>\n<meta property=\"og:title\" content=\"Koupit Sextacy koupelov\u00e1 s\u016fl \u2013 Sextacy koupelov\u00e1 s\u016fl \u2013 nejlep\u0161\u00ed glob\u00e1ln\u00ed l\u00e9ky\" \/>\n<meta property=\"og:description\" content=\"Kupte si koupelovou s\u016fl Sextacy na prodej ve Velk\u00e9 Brit\u00e1nii, Evrop\u011b v na\u0161em online obchodu medicinasinc.com s rychl\u00fdm celosv\u011btov\u00fdm doru\u010den\u00edm! Nejlep\u0161\u00ed Sextacy koupelov\u00e1 s\u016fl pro objedn\u00e1n\u00ed najdete!\" \/>\n<meta property=\"og:url\" content=\"https:\/\/medicinasinc.com\/cs\/product\/koupit-sextacy-sul-do-koupele\/\" \/>\n<meta property=\"og:site_name\" content=\"Medicinas Inc\" \/>\n<meta property=\"article:modified_time\" content=\"2022-08-03T12:17:02+00:00\" \/>\n<meta property=\"og:image\" content=\"https:\/\/medicinasinc.com\/cs\/wp-content\/uploads\/sites\/2\/2022\/02\/Buy-Sextacy-Bath-Salt.jpg\" \/>\n\t<meta property=\"og:image:width\" content=\"600\" \/>\n\t<meta property=\"og:image:height\" content=\"600\" \/>\n\t<meta property=\"og:image:type\" content=\"image\/jpeg\" \/>\n<meta name=\"twitter:card\" content=\"summary_large_image\" \/>\n<meta name=\"twitter:label1\" content=\"Est. reading time\" \/>\n\t<meta name=\"twitter:data1\" content=\"2 minutes\" \/>\n<script type=\"application\/ld+json\" class=\"yoast-schema-graph\">{\"@context\":\"https:\\\/\\\/schema.org\",\"@graph\":[{\"@type\":\"WebPage\",\"@id\":\"https:\\\/\\\/medicinasinc.com\\\/cs\\\/product\\\/koupit-sextacy-sul-do-koupele\\\/\",\"url\":\"https:\\\/\\\/medicinasinc.com\\\/cs\\\/product\\\/koupit-sextacy-sul-do-koupele\\\/\",\"name\":\"Koupit Sextacy koupelov\u00e1 s\u016fl \u2013 Sextacy koupelov\u00e1 s\u016fl \u2013 nejlep\u0161\u00ed glob\u00e1ln\u00ed l\u00e9ky\",\"isPartOf\":{\"@id\":\"https:\\\/\\\/medicinasinc.com\\\/cs\\\/#website\"},\"primaryImageOfPage\":{\"@id\":\"https:\\\/\\\/medicinasinc.com\\\/cs\\\/product\\\/koupit-sextacy-sul-do-koupele\\\/#primaryimage\"},\"image\":{\"@id\":\"https:\\\/\\\/medicinasinc.com\\\/cs\\\/product\\\/koupit-sextacy-sul-do-koupele\\\/#primaryimage\"},\"thumbnailUrl\":\"https:\\\/\\\/medicinasinc.com\\\/cs\\\/wp-content\\\/uploads\\\/sites\\\/2\\\/2022\\\/02\\\/Buy-Sextacy-Bath-Salt.jpg\",\"datePublished\":\"2022-02-22T03:11:29+00:00\",\"dateModified\":\"2022-08-03T12:17:02+00:00\",\"description\":\"Kupte si koupelovou s\u016fl Sextacy na prodej ve Velk\u00e9 Brit\u00e1nii, Evrop\u011b v na\u0161em online obchodu medicinasinc.com s rychl\u00fdm celosv\u011btov\u00fdm doru\u010den\u00edm! Nejlep\u0161\u00ed Sextacy koupelov\u00e1 s\u016fl pro objedn\u00e1n\u00ed najdete!\",\"breadcrumb\":{\"@id\":\"https:\\\/\\\/medicinasinc.com\\\/cs\\\/product\\\/koupit-sextacy-sul-do-koupele\\\/#breadcrumb\"},\"inLanguage\":\"en-US\",\"potentialAction\":[{\"@type\":\"ReadAction\",\"target\":[\"https:\\\/\\\/medicinasinc.com\\\/cs\\\/product\\\/koupit-sextacy-sul-do-koupele\\\/\"]}]},{\"@type\":\"ImageObject\",\"inLanguage\":\"en-US\",\"@id\":\"https:\\\/\\\/medicinasinc.com\\\/cs\\\/product\\\/koupit-sextacy-sul-do-koupele\\\/#primaryimage\",\"url\":\"https:\\\/\\\/medicinasinc.com\\\/cs\\\/wp-content\\\/uploads\\\/sites\\\/2\\\/2022\\\/02\\\/Buy-Sextacy-Bath-Salt.jpg\",\"contentUrl\":\"https:\\\/\\\/medicinasinc.com\\\/cs\\\/wp-content\\\/uploads\\\/sites\\\/2\\\/2022\\\/02\\\/Buy-Sextacy-Bath-Salt.jpg\",\"width\":600,\"height\":600},{\"@type\":\"BreadcrumbList\",\"@id\":\"https:\\\/\\\/medicinasinc.com\\\/cs\\\/product\\\/koupit-sextacy-sul-do-koupele\\\/#breadcrumb\",\"itemListElement\":[{\"@type\":\"ListItem\",\"position\":1,\"name\":\"Obchod\",\"item\":\"https:\\\/\\\/medicinasinc.com\\\/cs\\\/obchod\\\/\"},{\"@type\":\"ListItem\",\"position\":2,\"name\":\"Kupte si koupelovou s\u016fl Sextacy\"}]},{\"@type\":\"WebSite\",\"@id\":\"https:\\\/\\\/medicinasinc.com\\\/cs\\\/#website\",\"url\":\"https:\\\/\\\/medicinasinc.com\\\/cs\\\/\",\"name\":\"Medicinas Inc\",\"description\":\"Health Medical Clinic\",\"potentialAction\":[{\"@type\":\"SearchAction\",\"target\":{\"@type\":\"EntryPoint\",\"urlTemplate\":\"https:\\\/\\\/medicinasinc.com\\\/cs\\\/?s={search_term_string}\"},\"query-input\":{\"@type\":\"PropertyValueSpecification\",\"valueRequired\":true,\"valueName\":\"search_term_string\"}}],\"inLanguage\":\"en-US\"}]}<\/script>\n<!-- \/ Yoast SEO plugin. -->","yoast_head_json":{"title":"Koupit Sextacy koupelov\u00e1 s\u016fl \u2013 Sextacy koupelov\u00e1 s\u016fl \u2013 nejlep\u0161\u00ed glob\u00e1ln\u00ed l\u00e9ky","description":"Kupte si koupelovou s\u016fl Sextacy na prodej ve Velk\u00e9 Brit\u00e1nii, Evrop\u011b v na\u0161em online obchodu medicinasinc.com s rychl\u00fdm celosv\u011btov\u00fdm doru\u010den\u00edm! Nejlep\u0161\u00ed Sextacy koupelov\u00e1 s\u016fl pro objedn\u00e1n\u00ed najdete!","robots":{"index":"index","follow":"follow","max-snippet":"max-snippet:-1","max-image-preview":"max-image-preview:large","max-video-preview":"max-video-preview:-1"},"canonical":"https:\/\/medicinasinc.com\/cs\/product\/koupit-sextacy-sul-do-koupele\/","og_locale":"en_US","og_type":"article","og_title":"Koupit Sextacy koupelov\u00e1 s\u016fl \u2013 Sextacy koupelov\u00e1 s\u016fl \u2013 nejlep\u0161\u00ed glob\u00e1ln\u00ed l\u00e9ky","og_description":"Kupte si koupelovou s\u016fl Sextacy na prodej ve Velk\u00e9 Brit\u00e1nii, Evrop\u011b v na\u0161em online obchodu medicinasinc.com s rychl\u00fdm celosv\u011btov\u00fdm doru\u010den\u00edm! Nejlep\u0161\u00ed Sextacy koupelov\u00e1 s\u016fl pro objedn\u00e1n\u00ed najdete!","og_url":"https:\/\/medicinasinc.com\/cs\/product\/koupit-sextacy-sul-do-koupele\/","og_site_name":"Medicinas Inc","article_modified_time":"2022-08-03T12:17:02+00:00","og_image":[{"width":600,"height":600,"url":"https:\/\/medicinasinc.com\/cs\/wp-content\/uploads\/sites\/2\/2022\/02\/Buy-Sextacy-Bath-Salt.jpg","type":"image\/jpeg"}],"twitter_card":"summary_large_image","twitter_misc":{"Est. reading time":"2 minutes"},"schema":{"@context":"https:\/\/schema.org","@graph":[{"@type":"WebPage","@id":"https:\/\/medicinasinc.com\/cs\/product\/koupit-sextacy-sul-do-koupele\/","url":"https:\/\/medicinasinc.com\/cs\/product\/koupit-sextacy-sul-do-koupele\/","name":"Koupit Sextacy koupelov\u00e1 s\u016fl \u2013 Sextacy koupelov\u00e1 s\u016fl \u2013 nejlep\u0161\u00ed glob\u00e1ln\u00ed l\u00e9ky","isPartOf":{"@id":"https:\/\/medicinasinc.com\/cs\/#website"},"primaryImageOfPage":{"@id":"https:\/\/medicinasinc.com\/cs\/product\/koupit-sextacy-sul-do-koupele\/#primaryimage"},"image":{"@id":"https:\/\/medicinasinc.com\/cs\/product\/koupit-sextacy-sul-do-koupele\/#primaryimage"},"thumbnailUrl":"https:\/\/medicinasinc.com\/cs\/wp-content\/uploads\/sites\/2\/2022\/02\/Buy-Sextacy-Bath-Salt.jpg","datePublished":"2022-02-22T03:11:29+00:00","dateModified":"2022-08-03T12:17:02+00:00","description":"Kupte si koupelovou s\u016fl Sextacy na prodej ve Velk\u00e9 Brit\u00e1nii, Evrop\u011b v na\u0161em online obchodu medicinasinc.com s rychl\u00fdm celosv\u011btov\u00fdm doru\u010den\u00edm! Nejlep\u0161\u00ed Sextacy koupelov\u00e1 s\u016fl pro objedn\u00e1n\u00ed najdete!","breadcrumb":{"@id":"https:\/\/medicinasinc.com\/cs\/product\/koupit-sextacy-sul-do-koupele\/#breadcrumb"},"inLanguage":"en-US","potentialAction":[{"@type":"ReadAction","target":["https:\/\/medicinasinc.com\/cs\/product\/koupit-sextacy-sul-do-koupele\/"]}]},{"@type":"ImageObject","inLanguage":"en-US","@id":"https:\/\/medicinasinc.com\/cs\/product\/koupit-sextacy-sul-do-koupele\/#primaryimage","url":"https:\/\/medicinasinc.com\/cs\/wp-content\/uploads\/sites\/2\/2022\/02\/Buy-Sextacy-Bath-Salt.jpg","contentUrl":"https:\/\/medicinasinc.com\/cs\/wp-content\/uploads\/sites\/2\/2022\/02\/Buy-Sextacy-Bath-Salt.jpg","width":600,"height":600},{"@type":"BreadcrumbList","@id":"https:\/\/medicinasinc.com\/cs\/product\/koupit-sextacy-sul-do-koupele\/#breadcrumb","itemListElement":[{"@type":"ListItem","position":1,"name":"Obchod","item":"https:\/\/medicinasinc.com\/cs\/obchod\/"},{"@type":"ListItem","position":2,"name":"Kupte si koupelovou s\u016fl Sextacy"}]},{"@type":"WebSite","@id":"https:\/\/medicinasinc.com\/cs\/#website","url":"https:\/\/medicinasinc.com\/cs\/","name":"Medicinas Inc","description":"Health Medical Clinic","potentialAction":[{"@type":"SearchAction","target":{"@type":"EntryPoint","urlTemplate":"https:\/\/medicinasinc.com\/cs\/?s={search_term_string}"},"query-input":{"@type":"PropertyValueSpecification","valueRequired":true,"valueName":"search_term_string"}}],"inLanguage":"en-US"}]}},"_links":{"self":[{"href":"https:\/\/medicinasinc.com\/cs\/wp-json\/wp\/v2\/product\/5638","targetHints":{"allow":["GET"]}}],"collection":[{"href":"https:\/\/medicinasinc.com\/cs\/wp-json\/wp\/v2\/product"}],"about":[{"href":"https:\/\/medicinasinc.com\/cs\/wp-json\/wp\/v2\/types\/product"}],"replies":[{"embeddable":true,"href":"https:\/\/medicinasinc.com\/cs\/wp-json\/wp\/v2\/comments?post=5638"}],"wp:featuredmedia":[{"embeddable":true,"href":"https:\/\/medicinasinc.com\/cs\/wp-json\/wp\/v2\/media\/5650"}],"wp:attachment":[{"href":"https:\/\/medicinasinc.com\/cs\/wp-json\/wp\/v2\/media?parent=5638"}],"wp:term":[{"taxonomy":"product_brand","embeddable":true,"href":"https:\/\/medicinasinc.com\/cs\/wp-json\/wp\/v2\/product_brand?post=5638"},{"taxonomy":"product_cat","embeddable":true,"href":"https:\/\/medicinasinc.com\/cs\/wp-json\/wp\/v2\/product_cat?post=5638"},{"taxonomy":"product_tag","embeddable":true,"href":"https:\/\/medicinasinc.com\/cs\/wp-json\/wp\/v2\/product_tag?post=5638"}],"curies":[{"name":"wp","href":"https:\/\/api.w.org\/{rel}","templated":true}]}}