{"id":5637,"date":"2022-02-22T03:10:06","date_gmt":"2022-02-22T03:10:06","guid":{"rendered":"https:\/\/medicinasinc.com\/cs\/?post_type=product&#038;p=5637"},"modified":"2022-03-14T11:33:14","modified_gmt":"2022-03-14T11:33:14","slug":"koupit-jiskrit-koupelovou-sul","status":"publish","type":"product","link":"https:\/\/medicinasinc.com\/cs\/product\/koupit-jiskrit-koupelovou-sul\/","title":{"rendered":"Kupte si jisk\u0159ivou koupelovou s\u016fl"},"content":{"rendered":"<p>Podrobnosti o produktu<\/p>\n<p>Kdy\u017e pou\u017eijete na\u0161e \u0160UMIV\u00c9 SOLI DO KOUPELU, m\u016f\u017eete si zp\u0159\u00edjemnit chv\u00edle ve van\u011b. Tato pr\u00e9miov\u00e1 p\u0159\u00edsada do koupele obsahuje soli z Mrtv\u00e9ho mo\u0159e a epsomsk\u00e9 soli, kter\u00e9 pom\u00e1haj\u00ed t\u011blu zbavit se toxin\u016f. Su\u0161en\u00e9 kokosov\u00e9 ml\u00e9ko, ovesn\u00fd protein a kaolinov\u00fd j\u00edl zjem\u0148uj\u00ed a vy\u017eivuj\u00ed poko\u017eku. Eukalyptov\u00e9, jalovcov\u00e9 a levandulov\u00e9 oleje pom\u00e1haj\u00ed lidem relaxovat, l\u00e9pe sp\u00e1t a maj\u00ed aromaterapeutick\u00e9 v\u00fdhody.<\/p>\n<p>\u0160UMIV\u00c9 SOLI DO KOUPEL\u016e se dod\u00e1vaj\u00ed v 10oz na zak\u00e1zku vyroben\u00e9 sklen\u011bn\u00e9 karaf\u011b, kter\u00e1 je obalena mo\u0159skou tr\u00e1vou. Vnit\u0159ek v\u00edka se pou\u017e\u00edv\u00e1 k odm\u011b\u0159ov\u00e1n\u00ed sol\u00ed.<\/p>\n<p>VYPL\u0147OVAC\u00cd S\u00c1\u010cEK ZERO WASTE REFILL POUCH je vyroben z pap\u00edru, kter\u00fd lze doma kompostovat. Je to na\u0161e odpov\u011b\u010f na jednor\u00e1zov\u00e9 plastov\u00e9 s\u00e1\u010dky do koupelov\u00e9 soli, kter\u00e9 jsme d\u0159\u00edve vyr\u00e1b\u011bli. Pokud m\u00e1 s\u00e1\u010dek rakouskou certifikaci OK HOME, znamen\u00e1 to, \u017ee se ve va\u0161\u00ed zahradn\u00ed kompostovac\u00ed hromad\u011b zcela rozpadne. S\u00e1\u010dek ZERO WASTE REFILL obsahuje 10 unc\u00ed soli.<\/p>\n<p>Jak jej pou\u017e\u00edvat<\/p>\n<p>Nasypte 2\u20133 a\u017e t\u0159i v\u00ed\u010dka do \u0161\u00e1lku tepl\u00e9 vody s v\u00ed\u010dkem na vnit\u0159n\u00ed stran\u011b nab\u011bra\u010dka. Podle jemn\u00fdch bublinek a mal\u00e9ho t\u0159pytu pozn\u00e1te, kdy je \u010das dostat sv\u00e9 t\u011blo dovnit\u0159.<\/p>\n<p>Po koupeli nen\u00ed t\u0159eba se oplachovat. M\u016f\u017eete si pohladit t\u011blo ru\u010dn\u00edkem. N\u00e1sledn\u011b pou\u017eijte t\u011blov\u00fd olej, abyste udr\u017eeli vlhkost.<\/p>\n<p>Slo\u017een\u00ed<\/p>\n<p>S\u00edran ho\u0159e\u010dnat\u00fd, extrakt z kokosov\u00e9 nucifery, kaolinov\u00fd j\u00edl, sl\u00eddov\u00fd pr\u00e1\u0161ek a sod\u00edk sodn\u00fd jsou n\u011bkter\u00e9 ze slo\u017eek v Maris Sal , kter\u00e1 je tak\u00e9 zn\u00e1m\u00e1 jako s\u016fl z Mrtv\u00e9ho mo\u0159e nebo mo\u0159sk\u00e1 s\u016fl.<\/p>\n<p>Hydrovan\u00fd ovesn\u00fd protein (ovesn\u00fd protein) a bikarbon\u00e1t<\/p>\n<p>PR\u00c1\u0160EK: Koloidn\u00ed st\u0159\u00edbro, extrakt z ovoce Vaccinium angustifolium (extrakt z bor\u016fvek), Kokoglukosid, olej z list\u016f Eucalyptus globulus, olej z kv\u011bt\u016f levandule angustifolia, d\u0159ev\u011bn\u00fd olej z Juniperus communis a olej z kv\u011bt\u016f levandule angustifolia (esenci\u00e1ln\u00ed olej z jalovce)<\/p>\n<div class=\"product-next-previous\">\n<div class=\" product-prev\"><\/div><\/div>\n","protected":false},"excerpt":{"rendered":"<p>M\u016f\u017eete si koupit jisk\u0159ivou s\u016fl do koupele na prodej ve Spojen\u00e9m kr\u00e1lovstv\u00ed, EU a Austr\u00e1lii. Lid\u00e9, kte\u0159\u00ed u n\u00e1s nakupuj\u00ed, si mohou b\u00fdt jisti, \u017ee dostanou to, za co zaplat\u00ed. Kupte si Sparkle Bath Salt za nejlep\u0161\u00ed ceny hned te\u010f!<\/p>\n<p>Ujist\u011bte se, \u017ee nakupujete JENAM LIVE LOVE SPARKLE BATH SALT CUP za nejlep\u0161\u00ed cenu online jak v Nizozemsku, tak v USA. Kupte si nyn\u00ed n\u011bco od Best Global Meds. Maj\u00ed skv\u011bl\u00e9 ceny!<\/p>\n<p>Koncentrovan\u00e1 koupelov\u00e1 s\u016fl od nejlep\u0161\u00edch zna\u010dek. Povinn\u00e1 v\u00fdbava ka\u017ed\u00e9ho hv\u011bzd\u00e1\u0159e. Budete se c\u00edtit jasn\u00ed jako hv\u011bzdy.<\/p>\n","protected":false},"featured_media":5648,"comment_status":"open","ping_status":"closed","template":"","meta":[],"product_brand":[],"product_cat":[610,2014],"product_tag":[3380,3381,3385,3387,3391,3394,3395,3382,3390,3388,3383,3392,3384,3386,3393,3389],"class_list":{"0":"post-5637","1":"product","2":"type-product","3":"status-publish","4":"has-post-thumbnail","6":"product_cat-koupit-hash-hashish","7":"product_cat-koupit-vyzkumne-chemikalie","8":"product_tag-buy-sparkle-bath-salt","9":"product_tag-buy-sparkle-bath-salt-europe","10":"product_tag-jiskiv-koupel-soln-efekt","11":"product_tag-jiskrn-koupelov-sl-online","12":"product_tag-jiskra-koupel-sl-reddit","13":"product_tag-kde-koupit-perlivou-koupelovou-sol","14":"product_tag-kde-k-objednat-perlivou-koupelovou-sol","15":"product_tag-koupit-sparkle-bath-salt-uk","16":"product_tag-jiskra-koupel-sl-nkup","17":"product_tag-jiskra-koupel-sl-d","18":"product_tag-objednvka-jisk-koupelov-sl","19":"product_tag-jiskiv-koupelov-sl-prodej","20":"product_tag-sparkle-bath-salt-buy","21":"product_tag-jiskiv-koupel-sl-nmecko","22":"product_tag-sparkle-bath-salt-sweden","23":"product_tag-jiskra-koupel-sl-polsko","25":"first","26":"instock","27":"shipping-taxable","28":"purchasable","29":"product-type-variable","30":"has-default-attributes"},"yoast_head":"<!-- This site is optimized with the Yoast SEO plugin v27.3 - https:\/\/yoast.com\/product\/yoast-seo-wordpress\/ -->\n<title>Kupte si jisk\u0159ivou koupelovou s\u016fl \u2013 jisk\u0159ivou koupelovou s\u016fl \u2013 nejlep\u0161\u00ed glob\u00e1ln\u00ed l\u00e9ky<\/title>\n<meta name=\"description\" content=\"Koupit Jisk\u0159ivou koupelovou s\u016fl na prodej v UK, Europe, AU. nab\u00edz\u00edme nejspolehliv\u011bj\u0161\u00ed transakce a prod\u00e1v\u00e1me za velmi p\u0159ijateln\u00e9 ceny. Objednejte si jisk\u0159ivou koupelovou s\u016fl nyn\u00ed za nejlep\u0161\u00ed ceny\" \/>\n<meta name=\"robots\" content=\"index, follow, max-snippet:-1, max-image-preview:large, max-video-preview:-1\" \/>\n<link rel=\"canonical\" href=\"https:\/\/medicinasinc.com\/cs\/product\/koupit-jiskrit-koupelovou-sul\/\" \/>\n<meta property=\"og:locale\" content=\"en_US\" \/>\n<meta property=\"og:type\" content=\"article\" \/>\n<meta property=\"og:title\" content=\"Kupte si jisk\u0159ivou koupelovou s\u016fl \u2013 jisk\u0159ivou koupelovou s\u016fl \u2013 nejlep\u0161\u00ed glob\u00e1ln\u00ed l\u00e9ky\" \/>\n<meta property=\"og:description\" content=\"Koupit Jisk\u0159ivou koupelovou s\u016fl na prodej v UK, Europe, AU. nab\u00edz\u00edme nejspolehliv\u011bj\u0161\u00ed transakce a prod\u00e1v\u00e1me za velmi p\u0159ijateln\u00e9 ceny. Objednejte si jisk\u0159ivou koupelovou s\u016fl nyn\u00ed za nejlep\u0161\u00ed ceny\" \/>\n<meta property=\"og:url\" content=\"https:\/\/medicinasinc.com\/cs\/product\/koupit-jiskrit-koupelovou-sul\/\" \/>\n<meta property=\"og:site_name\" content=\"Medicinas Inc\" \/>\n<meta property=\"article:modified_time\" content=\"2022-03-14T11:33:14+00:00\" \/>\n<meta property=\"og:image\" content=\"https:\/\/medicinasinc.com\/cs\/wp-content\/uploads\/sites\/2\/2022\/02\/Buy-Sparkle-Bath-Salt.jpg\" \/>\n\t<meta property=\"og:image:width\" content=\"750\" \/>\n\t<meta property=\"og:image:height\" content=\"750\" \/>\n\t<meta property=\"og:image:type\" content=\"image\/jpeg\" \/>\n<meta name=\"twitter:card\" content=\"summary_large_image\" \/>\n<meta name=\"twitter:label1\" content=\"Est. reading time\" \/>\n\t<meta name=\"twitter:data1\" content=\"2 minutes\" \/>\n<script type=\"application\/ld+json\" class=\"yoast-schema-graph\">{\"@context\":\"https:\\\/\\\/schema.org\",\"@graph\":[{\"@type\":\"WebPage\",\"@id\":\"https:\\\/\\\/medicinasinc.com\\\/cs\\\/product\\\/koupit-jiskrit-koupelovou-sul\\\/\",\"url\":\"https:\\\/\\\/medicinasinc.com\\\/cs\\\/product\\\/koupit-jiskrit-koupelovou-sul\\\/\",\"name\":\"Kupte si jisk\u0159ivou koupelovou s\u016fl \u2013 jisk\u0159ivou koupelovou s\u016fl \u2013 nejlep\u0161\u00ed glob\u00e1ln\u00ed l\u00e9ky\",\"isPartOf\":{\"@id\":\"https:\\\/\\\/medicinasinc.com\\\/cs\\\/#website\"},\"primaryImageOfPage\":{\"@id\":\"https:\\\/\\\/medicinasinc.com\\\/cs\\\/product\\\/koupit-jiskrit-koupelovou-sul\\\/#primaryimage\"},\"image\":{\"@id\":\"https:\\\/\\\/medicinasinc.com\\\/cs\\\/product\\\/koupit-jiskrit-koupelovou-sul\\\/#primaryimage\"},\"thumbnailUrl\":\"https:\\\/\\\/medicinasinc.com\\\/cs\\\/wp-content\\\/uploads\\\/sites\\\/2\\\/2022\\\/02\\\/Buy-Sparkle-Bath-Salt.jpg\",\"datePublished\":\"2022-02-22T03:10:06+00:00\",\"dateModified\":\"2022-03-14T11:33:14+00:00\",\"description\":\"Koupit Jisk\u0159ivou koupelovou s\u016fl na prodej v UK, Europe, AU. nab\u00edz\u00edme nejspolehliv\u011bj\u0161\u00ed transakce a prod\u00e1v\u00e1me za velmi p\u0159ijateln\u00e9 ceny. Objednejte si jisk\u0159ivou koupelovou s\u016fl nyn\u00ed za nejlep\u0161\u00ed ceny\",\"breadcrumb\":{\"@id\":\"https:\\\/\\\/medicinasinc.com\\\/cs\\\/product\\\/koupit-jiskrit-koupelovou-sul\\\/#breadcrumb\"},\"inLanguage\":\"en-US\",\"potentialAction\":[{\"@type\":\"ReadAction\",\"target\":[\"https:\\\/\\\/medicinasinc.com\\\/cs\\\/product\\\/koupit-jiskrit-koupelovou-sul\\\/\"]}]},{\"@type\":\"ImageObject\",\"inLanguage\":\"en-US\",\"@id\":\"https:\\\/\\\/medicinasinc.com\\\/cs\\\/product\\\/koupit-jiskrit-koupelovou-sul\\\/#primaryimage\",\"url\":\"https:\\\/\\\/medicinasinc.com\\\/cs\\\/wp-content\\\/uploads\\\/sites\\\/2\\\/2022\\\/02\\\/Buy-Sparkle-Bath-Salt.jpg\",\"contentUrl\":\"https:\\\/\\\/medicinasinc.com\\\/cs\\\/wp-content\\\/uploads\\\/sites\\\/2\\\/2022\\\/02\\\/Buy-Sparkle-Bath-Salt.jpg\",\"width\":750,\"height\":750},{\"@type\":\"BreadcrumbList\",\"@id\":\"https:\\\/\\\/medicinasinc.com\\\/cs\\\/product\\\/koupit-jiskrit-koupelovou-sul\\\/#breadcrumb\",\"itemListElement\":[{\"@type\":\"ListItem\",\"position\":1,\"name\":\"Obchod\",\"item\":\"https:\\\/\\\/medicinasinc.com\\\/cs\\\/obchod\\\/\"},{\"@type\":\"ListItem\",\"position\":2,\"name\":\"Kupte si jisk\u0159ivou koupelovou s\u016fl\"}]},{\"@type\":\"WebSite\",\"@id\":\"https:\\\/\\\/medicinasinc.com\\\/cs\\\/#website\",\"url\":\"https:\\\/\\\/medicinasinc.com\\\/cs\\\/\",\"name\":\"Medicinas Inc\",\"description\":\"Health Medical Clinic\",\"potentialAction\":[{\"@type\":\"SearchAction\",\"target\":{\"@type\":\"EntryPoint\",\"urlTemplate\":\"https:\\\/\\\/medicinasinc.com\\\/cs\\\/?s={search_term_string}\"},\"query-input\":{\"@type\":\"PropertyValueSpecification\",\"valueRequired\":true,\"valueName\":\"search_term_string\"}}],\"inLanguage\":\"en-US\"}]}<\/script>\n<!-- \/ Yoast SEO plugin. -->","yoast_head_json":{"title":"Kupte si jisk\u0159ivou koupelovou s\u016fl \u2013 jisk\u0159ivou koupelovou s\u016fl \u2013 nejlep\u0161\u00ed glob\u00e1ln\u00ed l\u00e9ky","description":"Koupit Jisk\u0159ivou koupelovou s\u016fl na prodej v UK, Europe, AU. nab\u00edz\u00edme nejspolehliv\u011bj\u0161\u00ed transakce a prod\u00e1v\u00e1me za velmi p\u0159ijateln\u00e9 ceny. Objednejte si jisk\u0159ivou koupelovou s\u016fl nyn\u00ed za nejlep\u0161\u00ed ceny","robots":{"index":"index","follow":"follow","max-snippet":"max-snippet:-1","max-image-preview":"max-image-preview:large","max-video-preview":"max-video-preview:-1"},"canonical":"https:\/\/medicinasinc.com\/cs\/product\/koupit-jiskrit-koupelovou-sul\/","og_locale":"en_US","og_type":"article","og_title":"Kupte si jisk\u0159ivou koupelovou s\u016fl \u2013 jisk\u0159ivou koupelovou s\u016fl \u2013 nejlep\u0161\u00ed glob\u00e1ln\u00ed l\u00e9ky","og_description":"Koupit Jisk\u0159ivou koupelovou s\u016fl na prodej v UK, Europe, AU. nab\u00edz\u00edme nejspolehliv\u011bj\u0161\u00ed transakce a prod\u00e1v\u00e1me za velmi p\u0159ijateln\u00e9 ceny. Objednejte si jisk\u0159ivou koupelovou s\u016fl nyn\u00ed za nejlep\u0161\u00ed ceny","og_url":"https:\/\/medicinasinc.com\/cs\/product\/koupit-jiskrit-koupelovou-sul\/","og_site_name":"Medicinas Inc","article_modified_time":"2022-03-14T11:33:14+00:00","og_image":[{"width":750,"height":750,"url":"https:\/\/medicinasinc.com\/cs\/wp-content\/uploads\/sites\/2\/2022\/02\/Buy-Sparkle-Bath-Salt.jpg","type":"image\/jpeg"}],"twitter_card":"summary_large_image","twitter_misc":{"Est. reading time":"2 minutes"},"schema":{"@context":"https:\/\/schema.org","@graph":[{"@type":"WebPage","@id":"https:\/\/medicinasinc.com\/cs\/product\/koupit-jiskrit-koupelovou-sul\/","url":"https:\/\/medicinasinc.com\/cs\/product\/koupit-jiskrit-koupelovou-sul\/","name":"Kupte si jisk\u0159ivou koupelovou s\u016fl \u2013 jisk\u0159ivou koupelovou s\u016fl \u2013 nejlep\u0161\u00ed glob\u00e1ln\u00ed l\u00e9ky","isPartOf":{"@id":"https:\/\/medicinasinc.com\/cs\/#website"},"primaryImageOfPage":{"@id":"https:\/\/medicinasinc.com\/cs\/product\/koupit-jiskrit-koupelovou-sul\/#primaryimage"},"image":{"@id":"https:\/\/medicinasinc.com\/cs\/product\/koupit-jiskrit-koupelovou-sul\/#primaryimage"},"thumbnailUrl":"https:\/\/medicinasinc.com\/cs\/wp-content\/uploads\/sites\/2\/2022\/02\/Buy-Sparkle-Bath-Salt.jpg","datePublished":"2022-02-22T03:10:06+00:00","dateModified":"2022-03-14T11:33:14+00:00","description":"Koupit Jisk\u0159ivou koupelovou s\u016fl na prodej v UK, Europe, AU. nab\u00edz\u00edme nejspolehliv\u011bj\u0161\u00ed transakce a prod\u00e1v\u00e1me za velmi p\u0159ijateln\u00e9 ceny. Objednejte si jisk\u0159ivou koupelovou s\u016fl nyn\u00ed za nejlep\u0161\u00ed ceny","breadcrumb":{"@id":"https:\/\/medicinasinc.com\/cs\/product\/koupit-jiskrit-koupelovou-sul\/#breadcrumb"},"inLanguage":"en-US","potentialAction":[{"@type":"ReadAction","target":["https:\/\/medicinasinc.com\/cs\/product\/koupit-jiskrit-koupelovou-sul\/"]}]},{"@type":"ImageObject","inLanguage":"en-US","@id":"https:\/\/medicinasinc.com\/cs\/product\/koupit-jiskrit-koupelovou-sul\/#primaryimage","url":"https:\/\/medicinasinc.com\/cs\/wp-content\/uploads\/sites\/2\/2022\/02\/Buy-Sparkle-Bath-Salt.jpg","contentUrl":"https:\/\/medicinasinc.com\/cs\/wp-content\/uploads\/sites\/2\/2022\/02\/Buy-Sparkle-Bath-Salt.jpg","width":750,"height":750},{"@type":"BreadcrumbList","@id":"https:\/\/medicinasinc.com\/cs\/product\/koupit-jiskrit-koupelovou-sul\/#breadcrumb","itemListElement":[{"@type":"ListItem","position":1,"name":"Obchod","item":"https:\/\/medicinasinc.com\/cs\/obchod\/"},{"@type":"ListItem","position":2,"name":"Kupte si jisk\u0159ivou koupelovou s\u016fl"}]},{"@type":"WebSite","@id":"https:\/\/medicinasinc.com\/cs\/#website","url":"https:\/\/medicinasinc.com\/cs\/","name":"Medicinas Inc","description":"Health Medical Clinic","potentialAction":[{"@type":"SearchAction","target":{"@type":"EntryPoint","urlTemplate":"https:\/\/medicinasinc.com\/cs\/?s={search_term_string}"},"query-input":{"@type":"PropertyValueSpecification","valueRequired":true,"valueName":"search_term_string"}}],"inLanguage":"en-US"}]}},"_links":{"self":[{"href":"https:\/\/medicinasinc.com\/cs\/wp-json\/wp\/v2\/product\/5637","targetHints":{"allow":["GET"]}}],"collection":[{"href":"https:\/\/medicinasinc.com\/cs\/wp-json\/wp\/v2\/product"}],"about":[{"href":"https:\/\/medicinasinc.com\/cs\/wp-json\/wp\/v2\/types\/product"}],"replies":[{"embeddable":true,"href":"https:\/\/medicinasinc.com\/cs\/wp-json\/wp\/v2\/comments?post=5637"}],"wp:featuredmedia":[{"embeddable":true,"href":"https:\/\/medicinasinc.com\/cs\/wp-json\/wp\/v2\/media\/5648"}],"wp:attachment":[{"href":"https:\/\/medicinasinc.com\/cs\/wp-json\/wp\/v2\/media?parent=5637"}],"wp:term":[{"taxonomy":"product_brand","embeddable":true,"href":"https:\/\/medicinasinc.com\/cs\/wp-json\/wp\/v2\/product_brand?post=5637"},{"taxonomy":"product_cat","embeddable":true,"href":"https:\/\/medicinasinc.com\/cs\/wp-json\/wp\/v2\/product_cat?post=5637"},{"taxonomy":"product_tag","embeddable":true,"href":"https:\/\/medicinasinc.com\/cs\/wp-json\/wp\/v2\/product_tag?post=5637"}],"curies":[{"name":"wp","href":"https:\/\/api.w.org\/{rel}","templated":true}]}}