{"id":5636,"date":"2022-02-22T03:08:33","date_gmt":"2022-02-22T03:08:33","guid":{"rendered":"https:\/\/medicinasinc.com\/cs\/?post_type=product&#038;p=5636"},"modified":"2022-03-14T11:33:24","modified_gmt":"2022-03-14T11:33:24","slug":"koupit-synthacain-prasek","status":"publish","type":"product","link":"https:\/\/medicinasinc.com\/cs\/product\/koupit-synthacain-prasek\/","title":{"rendered":"Koupit Synthacaine Powder"},"content":{"rendered":"<p>KUPTE SI PR\u00c1\u0160EK SYNTHACAINE K POU\u017dIT\u00cd<br \/> Synthacaine Powder je v\u00fdzkumn\u00e1 chemik\u00e1lie, kterou prod\u00e1v\u00e1 velkoobchod.<br \/> P\u0159i placen\u00ed si m\u016f\u017eete vybrat platbu bankovn\u00edm p\u0159evodem nebo bitcoiny.<br \/> Vezm\u011bte pros\u00edm na v\u011bdom\u00ed, \u017ee jste kryti pouze v p\u0159\u00edpad\u011b ztr\u00e1ty bal\u00ed\u010dku. Pokud pou\u017e\u00edv\u00e1te slu\u017ebu Tracked Insured a v\u00e1\u0161 bal\u00ed\u010dek se ztrat\u00ed, po\u0161leme v\u00e1m ho zdarma zp\u011bt.<br \/> Ov\u011b\u0159te si pros\u00edm z\u00e1kony va\u0161\u00ed zem\u011b o dovozu chemik\u00e1li\u00ed.<br \/> Objedn\u00e1vky bitcoin\u016f, kter\u00e9 se zad\u00e1vaj\u00ed od pond\u011bl\u00ed do p\u00e1tku do 15:30 budou odesl\u00e1ny ve stejn\u00fd den, kdy budou um\u00edst\u011bny.<\/p>\n<p>Kdy\u017e byl synthacain poprv\u00e9 pou\u017eit ve v\u00fdzkumu, m\u011bl \u0161patnou pov\u011bst. Je to v\u011bt\u0161inou proto, \u017ee mnoho spole\u010dnost\u00ed prod\u00e1valo nekvalitn\u00ed vzorky. Ne v\u0161ak zde na Highstore.net!<\/p>\n<p>Spolupracujeme s dobrou laborato\u0159\u00ed, abychom zajistili, \u017ee ve\u0161ker\u00fd synthacain, kter\u00fd vyr\u00e1b\u00edme, je alespo\u0148 z 98 % \u010dist\u00fd. Neuv\u00e1d\u00edme p\u0159esn\u00fd recept na tento produkt, proto\u017ee se jedn\u00e1 o tajnou sm\u011bs.<\/p>\n<p>Synthacain Gr8 Research Chems m\u00e1 dobrou pov\u011bst. S radost\u00ed m\u016f\u017eeme \u0159\u00edci, \u017ee na\u0161e z\u00e1soby poch\u00e1zej\u00ed ze stejn\u00e9ho zdroje.<\/p>\n<p>Je\u0161t\u011b toho o t\u00e9to chemik\u00e1lii mnoho nev\u00edme, ale zat\u00edm testy ukazuj\u00ed, \u017ee dok\u00e1\u017ee lidi velmi rychle rozveselit. .<\/p>\n<p>M\u016f\u017ee to b\u00fdt tak\u00e9 stimulant, tak\u017ee je d\u016fle\u017eit\u00e9, aby v\u00fdzkumn\u00edci podnikli kroky k tomu, aby se od n\u011bj dr\u017eeli d\u00e1l a testovali pouze dv\u011b jeho \u0161ar\u017ee najednou.<\/p>\n<p>Chemik\u00e1lie kter\u00e9 prod\u00e1v\u00e1me, nejsou schv\u00e1leny pro \u017e\u00e1dn\u00fd typ v\u00fdzkumu in vivo (tj. ne na lidech nebo zv\u00ed\u0159atech) ani klinick\u00e9 zkou\u0161ky, tak\u017ee pokud dojde k jejich n\u00e1hodn\u00e9mu po\u017eit\u00ed, m\u011bli byste okam\u017eit\u011b vyhledat l\u00e9ka\u0159skou pomoc. To plat\u00ed pro v\u0161echny chemik\u00e1lie, kter\u00e9 prod\u00e1v\u00e1me. Dodr\u017eujte pros\u00edm standardn\u00ed laboratorn\u00ed bezpe\u010dnostn\u00ed pravidla, jako je no\u0161en\u00ed spr\u00e1vn\u00e9 ochrany k\u016f\u017ee, o\u010d\u00ed a od\u011bvu.<\/p>\n<p>Pokud to sn\u00edte, m\u011bli byste okam\u017eit\u011b vyhledat l\u00e9ka\u0159skou pomoc.<\/p>\n<p>Lid\u00e9 si mohou koupit tento produkt v mno\u017estv\u00ed 500 mg a 1 gram. Mohou si ho tak\u00e9 koupit v mno\u017estv\u00ed 500 mg a 2 gramy.<\/p>\n<p>Mus\u00ed b\u00fdt star\u0161\u00ed 18 let a nesm\u00ed b\u00fdt konzumov\u00e1n lidmi.<\/p>\n","protected":false},"excerpt":{"rendered":"<div class=\"woocommerce-product-details__short-description\">\n<p>M\u016f\u017eete si koupit pr\u00e1\u0161ek Synthacaine z na\u0161eho online obchodu Best Global Meds ve Spojen\u00e9m kr\u00e1lovstv\u00ed, Evrop\u011b, Asii, \u010c\u00edn\u011b a rychle jej doru\u010dit do cel\u00e9ho sv\u011bta! Zde najdete nejlep\u0161\u00ed syntetick\u00fd synthacain ke koupi.<\/p>\n<p>Synthacainov\u00fd pr\u00e1\u0161ek: Kupte si syntetick\u00fd pr\u00e1\u0161ek, velkoobchod s chemick\u00fdmi l\u00e1tkami pro v\u00fdzkum syntetick\u00e9ho pr\u00e1\u0161ku. P\u0159i placen\u00ed si m\u016f\u017eete vybrat, zda budete platit bankovn\u00edm p\u0159evodem nebo bitcoiny.<\/p>\n<p>Synthacain k n\u00e1kupu online Synthacain lze zakoupit v online obchodech s chemik\u00e1liemi. M\u016f\u017eete je naj\u00edt. Internetov\u00e9 obchody s chemik\u00e1liemi jsou nejlep\u0161\u00edm m\u00edstem k n\u00e1kupu v\u00fdzkumn\u00fdch chemik\u00e1li\u00ed, proto\u017ee je tam m\u016f\u017eete z\u00edskat.<\/p>\n<p>Co je synthacain? Kde to m\u016f\u017eu koupit? Best Global Meds je jedn\u00edm z nejlep\u0161\u00edch m\u00edst k n\u00e1kupu Synthacaine online. Na prodej: Nab\u00edz\u00edme k prodeji vysoce kvalitn\u00ed synthacain.<\/p>\n<p>Nakupte syntetick\u00fd pr\u00e1\u0161ek za n\u00edzkou cenu online.<\/p>\n<p>Synthacain m\u00e1 \u010distotu 99,8 %. Synthakain se pou\u017e\u00edv\u00e1 ve v\u00fdzkumu. P\u0159i 100 mg je velmi siln\u00fd.<\/p>\n<\/p><\/div>\n","protected":false},"featured_media":5646,"comment_status":"open","ping_status":"closed","template":"","meta":[],"product_brand":[],"product_cat":[2014],"product_tag":[3379,3362,3361,3359,3360,3374,3363,3370,3367,3369,3371,3376,3377,3378,3372,3373,3368,3375,3366,3364,3365],"class_list":{"0":"post-5636","1":"product","2":"type-product","3":"status-publish","4":"has-post-thumbnail","6":"product_cat-koupit-vyzkumne-chemikalie","7":"product_tag-kde-na-koupit-synthacain-prek","8":"product_tag-buy-synthacaine-powder-uk","9":"product_tag-koupit-synthacain-prek","10":"product_tag-koupit-vzkum-chemick-synthacain-prek","11":"product_tag-koupit-vzkum-chemick-synthacain-prek-online","12":"product_tag-synthakain-prek-d","13":"product_tag-objednvka-synthacain-prek-evropa","14":"product_tag-synthakain-prek-na","15":"product_tag-research-chemicals-online","16":"product_tag-synthakain-prek-koupit","17":"product_tag-synthacaine-powder-effect","18":"product_tag-synthacaine-powder-research-chemical","19":"product_tag-synthacaine-powder-sale","20":"product_tag-synthacaine-powder-wholesale","21":"product_tag-synthacain-prek-na-prodej","22":"product_tag-synthakain-prek-online","23":"product_tag-synthakain-prek","24":"product_tag-synthacain-powder-reddit","25":"product_tag-vzkum-chemick-synthacain-prek","26":"product_tag-vzkum-chem-synthacain-prek","27":"product_tag-v-c3-bdzkum-chemik-c3-a1lie-nov-c3-a9-uvoln-c4-9bn-c3-ad-synthakain-pr-c3-a1-c5-a1ek","29":"first","30":"instock","31":"shipping-taxable","32":"purchasable","33":"product-type-variable","34":"has-default-attributes"},"yoast_head":"<!-- This site is optimized with the Yoast SEO plugin v27.3 - https:\/\/yoast.com\/product\/yoast-seo-wordpress\/ -->\n<title>Koupit Synthacaine Powder \u2013 Synthacaine Powder \u2013 Nejlep\u0161\u00ed glob\u00e1ln\u00ed l\u00e9ky<\/title>\n<meta name=\"description\" content=\"Kupte si Synthacaine Powder Velk\u00e1 Brit\u00e1nie, Evropa, Asie, \u010c\u00edna v na\u0161em online obchod\u011b Best Global Meds s rychl\u00fdm celosv\u011btov\u00fdm doru\u010den\u00edm! Nejlep\u0161\u00ed Synthacaine pro objedn\u00e1n\u00ed najdete zde!\" \/>\n<meta name=\"robots\" content=\"index, follow, max-snippet:-1, max-image-preview:large, max-video-preview:-1\" \/>\n<link rel=\"canonical\" href=\"https:\/\/medicinasinc.com\/cs\/product\/koupit-synthacain-prasek\/\" \/>\n<meta property=\"og:locale\" content=\"en_US\" \/>\n<meta property=\"og:type\" content=\"article\" \/>\n<meta property=\"og:title\" content=\"Koupit Synthacaine Powder \u2013 Synthacaine Powder \u2013 Nejlep\u0161\u00ed glob\u00e1ln\u00ed l\u00e9ky\" \/>\n<meta property=\"og:description\" content=\"Kupte si Synthacaine Powder Velk\u00e1 Brit\u00e1nie, Evropa, Asie, \u010c\u00edna v na\u0161em online obchod\u011b Best Global Meds s rychl\u00fdm celosv\u011btov\u00fdm doru\u010den\u00edm! Nejlep\u0161\u00ed Synthacaine pro objedn\u00e1n\u00ed najdete zde!\" \/>\n<meta property=\"og:url\" content=\"https:\/\/medicinasinc.com\/cs\/product\/koupit-synthacain-prasek\/\" \/>\n<meta property=\"og:site_name\" content=\"Medicinas Inc\" \/>\n<meta property=\"article:modified_time\" content=\"2022-03-14T11:33:24+00:00\" \/>\n<meta property=\"og:image\" content=\"https:\/\/medicinasinc.com\/cs\/wp-content\/uploads\/sites\/2\/2022\/02\/Buy-Synthacaine-Powder.jpg\" \/>\n\t<meta property=\"og:image:width\" content=\"600\" \/>\n\t<meta property=\"og:image:height\" content=\"600\" \/>\n\t<meta property=\"og:image:type\" content=\"image\/jpeg\" \/>\n<meta name=\"twitter:card\" content=\"summary_large_image\" \/>\n<meta name=\"twitter:label1\" content=\"Est. reading time\" \/>\n\t<meta name=\"twitter:data1\" content=\"2 minutes\" \/>\n<script type=\"application\/ld+json\" class=\"yoast-schema-graph\">{\"@context\":\"https:\\\/\\\/schema.org\",\"@graph\":[{\"@type\":\"WebPage\",\"@id\":\"https:\\\/\\\/medicinasinc.com\\\/cs\\\/product\\\/koupit-synthacain-prasek\\\/\",\"url\":\"https:\\\/\\\/medicinasinc.com\\\/cs\\\/product\\\/koupit-synthacain-prasek\\\/\",\"name\":\"Koupit Synthacaine Powder \u2013 Synthacaine Powder \u2013 Nejlep\u0161\u00ed glob\u00e1ln\u00ed l\u00e9ky\",\"isPartOf\":{\"@id\":\"https:\\\/\\\/medicinasinc.com\\\/cs\\\/#website\"},\"primaryImageOfPage\":{\"@id\":\"https:\\\/\\\/medicinasinc.com\\\/cs\\\/product\\\/koupit-synthacain-prasek\\\/#primaryimage\"},\"image\":{\"@id\":\"https:\\\/\\\/medicinasinc.com\\\/cs\\\/product\\\/koupit-synthacain-prasek\\\/#primaryimage\"},\"thumbnailUrl\":\"https:\\\/\\\/medicinasinc.com\\\/cs\\\/wp-content\\\/uploads\\\/sites\\\/2\\\/2022\\\/02\\\/Buy-Synthacaine-Powder.jpg\",\"datePublished\":\"2022-02-22T03:08:33+00:00\",\"dateModified\":\"2022-03-14T11:33:24+00:00\",\"description\":\"Kupte si Synthacaine Powder Velk\u00e1 Brit\u00e1nie, Evropa, Asie, \u010c\u00edna v na\u0161em online obchod\u011b Best Global Meds s rychl\u00fdm celosv\u011btov\u00fdm doru\u010den\u00edm! Nejlep\u0161\u00ed Synthacaine pro objedn\u00e1n\u00ed najdete zde!\",\"breadcrumb\":{\"@id\":\"https:\\\/\\\/medicinasinc.com\\\/cs\\\/product\\\/koupit-synthacain-prasek\\\/#breadcrumb\"},\"inLanguage\":\"en-US\",\"potentialAction\":[{\"@type\":\"ReadAction\",\"target\":[\"https:\\\/\\\/medicinasinc.com\\\/cs\\\/product\\\/koupit-synthacain-prasek\\\/\"]}]},{\"@type\":\"ImageObject\",\"inLanguage\":\"en-US\",\"@id\":\"https:\\\/\\\/medicinasinc.com\\\/cs\\\/product\\\/koupit-synthacain-prasek\\\/#primaryimage\",\"url\":\"https:\\\/\\\/medicinasinc.com\\\/cs\\\/wp-content\\\/uploads\\\/sites\\\/2\\\/2022\\\/02\\\/Buy-Synthacaine-Powder.jpg\",\"contentUrl\":\"https:\\\/\\\/medicinasinc.com\\\/cs\\\/wp-content\\\/uploads\\\/sites\\\/2\\\/2022\\\/02\\\/Buy-Synthacaine-Powder.jpg\",\"width\":600,\"height\":600},{\"@type\":\"BreadcrumbList\",\"@id\":\"https:\\\/\\\/medicinasinc.com\\\/cs\\\/product\\\/koupit-synthacain-prasek\\\/#breadcrumb\",\"itemListElement\":[{\"@type\":\"ListItem\",\"position\":1,\"name\":\"Obchod\",\"item\":\"https:\\\/\\\/medicinasinc.com\\\/cs\\\/obchod\\\/\"},{\"@type\":\"ListItem\",\"position\":2,\"name\":\"Koupit Synthacaine Powder\"}]},{\"@type\":\"WebSite\",\"@id\":\"https:\\\/\\\/medicinasinc.com\\\/cs\\\/#website\",\"url\":\"https:\\\/\\\/medicinasinc.com\\\/cs\\\/\",\"name\":\"Medicinas Inc\",\"description\":\"Health Medical Clinic\",\"potentialAction\":[{\"@type\":\"SearchAction\",\"target\":{\"@type\":\"EntryPoint\",\"urlTemplate\":\"https:\\\/\\\/medicinasinc.com\\\/cs\\\/?s={search_term_string}\"},\"query-input\":{\"@type\":\"PropertyValueSpecification\",\"valueRequired\":true,\"valueName\":\"search_term_string\"}}],\"inLanguage\":\"en-US\"}]}<\/script>\n<!-- \/ Yoast SEO plugin. -->","yoast_head_json":{"title":"Koupit Synthacaine Powder \u2013 Synthacaine Powder \u2013 Nejlep\u0161\u00ed glob\u00e1ln\u00ed l\u00e9ky","description":"Kupte si Synthacaine Powder Velk\u00e1 Brit\u00e1nie, Evropa, Asie, \u010c\u00edna v na\u0161em online obchod\u011b Best Global Meds s rychl\u00fdm celosv\u011btov\u00fdm doru\u010den\u00edm! Nejlep\u0161\u00ed Synthacaine pro objedn\u00e1n\u00ed najdete zde!","robots":{"index":"index","follow":"follow","max-snippet":"max-snippet:-1","max-image-preview":"max-image-preview:large","max-video-preview":"max-video-preview:-1"},"canonical":"https:\/\/medicinasinc.com\/cs\/product\/koupit-synthacain-prasek\/","og_locale":"en_US","og_type":"article","og_title":"Koupit Synthacaine Powder \u2013 Synthacaine Powder \u2013 Nejlep\u0161\u00ed glob\u00e1ln\u00ed l\u00e9ky","og_description":"Kupte si Synthacaine Powder Velk\u00e1 Brit\u00e1nie, Evropa, Asie, \u010c\u00edna v na\u0161em online obchod\u011b Best Global Meds s rychl\u00fdm celosv\u011btov\u00fdm doru\u010den\u00edm! Nejlep\u0161\u00ed Synthacaine pro objedn\u00e1n\u00ed najdete zde!","og_url":"https:\/\/medicinasinc.com\/cs\/product\/koupit-synthacain-prasek\/","og_site_name":"Medicinas Inc","article_modified_time":"2022-03-14T11:33:24+00:00","og_image":[{"width":600,"height":600,"url":"https:\/\/medicinasinc.com\/cs\/wp-content\/uploads\/sites\/2\/2022\/02\/Buy-Synthacaine-Powder.jpg","type":"image\/jpeg"}],"twitter_card":"summary_large_image","twitter_misc":{"Est. reading time":"2 minutes"},"schema":{"@context":"https:\/\/schema.org","@graph":[{"@type":"WebPage","@id":"https:\/\/medicinasinc.com\/cs\/product\/koupit-synthacain-prasek\/","url":"https:\/\/medicinasinc.com\/cs\/product\/koupit-synthacain-prasek\/","name":"Koupit Synthacaine Powder \u2013 Synthacaine Powder \u2013 Nejlep\u0161\u00ed glob\u00e1ln\u00ed l\u00e9ky","isPartOf":{"@id":"https:\/\/medicinasinc.com\/cs\/#website"},"primaryImageOfPage":{"@id":"https:\/\/medicinasinc.com\/cs\/product\/koupit-synthacain-prasek\/#primaryimage"},"image":{"@id":"https:\/\/medicinasinc.com\/cs\/product\/koupit-synthacain-prasek\/#primaryimage"},"thumbnailUrl":"https:\/\/medicinasinc.com\/cs\/wp-content\/uploads\/sites\/2\/2022\/02\/Buy-Synthacaine-Powder.jpg","datePublished":"2022-02-22T03:08:33+00:00","dateModified":"2022-03-14T11:33:24+00:00","description":"Kupte si Synthacaine Powder Velk\u00e1 Brit\u00e1nie, Evropa, Asie, \u010c\u00edna v na\u0161em online obchod\u011b Best Global Meds s rychl\u00fdm celosv\u011btov\u00fdm doru\u010den\u00edm! Nejlep\u0161\u00ed Synthacaine pro objedn\u00e1n\u00ed najdete zde!","breadcrumb":{"@id":"https:\/\/medicinasinc.com\/cs\/product\/koupit-synthacain-prasek\/#breadcrumb"},"inLanguage":"en-US","potentialAction":[{"@type":"ReadAction","target":["https:\/\/medicinasinc.com\/cs\/product\/koupit-synthacain-prasek\/"]}]},{"@type":"ImageObject","inLanguage":"en-US","@id":"https:\/\/medicinasinc.com\/cs\/product\/koupit-synthacain-prasek\/#primaryimage","url":"https:\/\/medicinasinc.com\/cs\/wp-content\/uploads\/sites\/2\/2022\/02\/Buy-Synthacaine-Powder.jpg","contentUrl":"https:\/\/medicinasinc.com\/cs\/wp-content\/uploads\/sites\/2\/2022\/02\/Buy-Synthacaine-Powder.jpg","width":600,"height":600},{"@type":"BreadcrumbList","@id":"https:\/\/medicinasinc.com\/cs\/product\/koupit-synthacain-prasek\/#breadcrumb","itemListElement":[{"@type":"ListItem","position":1,"name":"Obchod","item":"https:\/\/medicinasinc.com\/cs\/obchod\/"},{"@type":"ListItem","position":2,"name":"Koupit Synthacaine Powder"}]},{"@type":"WebSite","@id":"https:\/\/medicinasinc.com\/cs\/#website","url":"https:\/\/medicinasinc.com\/cs\/","name":"Medicinas Inc","description":"Health Medical Clinic","potentialAction":[{"@type":"SearchAction","target":{"@type":"EntryPoint","urlTemplate":"https:\/\/medicinasinc.com\/cs\/?s={search_term_string}"},"query-input":{"@type":"PropertyValueSpecification","valueRequired":true,"valueName":"search_term_string"}}],"inLanguage":"en-US"}]}},"_links":{"self":[{"href":"https:\/\/medicinasinc.com\/cs\/wp-json\/wp\/v2\/product\/5636","targetHints":{"allow":["GET"]}}],"collection":[{"href":"https:\/\/medicinasinc.com\/cs\/wp-json\/wp\/v2\/product"}],"about":[{"href":"https:\/\/medicinasinc.com\/cs\/wp-json\/wp\/v2\/types\/product"}],"replies":[{"embeddable":true,"href":"https:\/\/medicinasinc.com\/cs\/wp-json\/wp\/v2\/comments?post=5636"}],"wp:featuredmedia":[{"embeddable":true,"href":"https:\/\/medicinasinc.com\/cs\/wp-json\/wp\/v2\/media\/5646"}],"wp:attachment":[{"href":"https:\/\/medicinasinc.com\/cs\/wp-json\/wp\/v2\/media?parent=5636"}],"wp:term":[{"taxonomy":"product_brand","embeddable":true,"href":"https:\/\/medicinasinc.com\/cs\/wp-json\/wp\/v2\/product_brand?post=5636"},{"taxonomy":"product_cat","embeddable":true,"href":"https:\/\/medicinasinc.com\/cs\/wp-json\/wp\/v2\/product_cat?post=5636"},{"taxonomy":"product_tag","embeddable":true,"href":"https:\/\/medicinasinc.com\/cs\/wp-json\/wp\/v2\/product_tag?post=5636"}],"curies":[{"name":"wp","href":"https:\/\/api.w.org\/{rel}","templated":true}]}}