{"id":5635,"date":"2022-02-22T03:07:02","date_gmt":"2022-02-22T03:07:02","guid":{"rendered":"https:\/\/medicinasinc.com\/cs\/?post_type=product&#038;p=5635"},"modified":"2022-08-03T12:24:42","modified_gmt":"2022-08-03T12:24:42","slug":"koupit-klid-koupel-sul","status":"publish","type":"product","link":"https:\/\/medicinasinc.com\/cs\/product\/koupit-klid-koupel-sul\/","title":{"rendered":"Kupte si s\u016fl do koupele Tranquility"},"content":{"rendered":"<p>Kupte si s\u016fl do koupele Tranquility online: Jak je koupit?<\/p>\n<p>Best Best Global Meds prod\u00e1v\u00e1 vysoce kvalitn\u00ed koupelov\u00e9 soli, kter\u00e9 v\u00e1m poskytnou hladkou, smyslnou koupel, kter\u00e1 v\u00e1m zanech\u00e1 pocit \u010distoty.<\/p>\n<p>Kdy\u017e si u n\u00e1s &#8220;koup\u00edte uklid\u0148uj\u00edc\u00ed koupelov\u00e9 soli online&#8221;, m\u016f\u017eete si b\u00fdt jisti, \u017ee jsou to nejlep\u0161\u00ed, co m\u016f\u017eete z\u00edskat. Prod\u00e1v\u00e1me a nakupujeme dal\u0161\u00ed koncentrovan\u00e9 koupelov\u00e9 soli za dobr\u00e9 ceny.<\/p>\n<p>Na\u0161e koupelov\u00e9 soli maj\u00ed siln\u00fd z\u00e1pach.<\/p>\n<p>Hled\u00e1te m\u00edsto, kde byste na webu nakoupili uklid\u0148uj\u00edc\u00ed koupelov\u00e9 soli? Chemicals Lab v\u00e1m d\u00e1v\u00e1 mo\u017enost koupit si uklid\u0148uj\u00edc\u00ed koupelov\u00e9 soli online, ani\u017e byste museli \u0159e\u0161it n\u011bjak\u00e9 probl\u00e9my nebo ne\u0161ikovnosti. Pracujeme nep\u0159etr\u017eit\u011b, abychom se ujistili, \u017ee u\u0161et\u0159\u00edte pen\u00edze poka\u017ed\u00e9, kdy\u017e si koup\u00edte uklid\u0148uj\u00edc\u00ed koupelov\u00e9 soli z na\u0161\u00ed online drogerie. Kdy\u017e si koup\u00edte n\u011bco od Chemicals Lab, chceme, abyste platili m\u00e9n\u011b a dostali v\u00edce.<\/p>\n<div class=\"product-next-previous\">\n<div class=\"product-prev\"><\/div>\n<\/div>\n","protected":false},"excerpt":{"rendered":"<p>Na na\u0161em webu medicinasinc.com si m\u016f\u017eete koupit s\u016fl do koupele Tranquility ze Spojen\u00e9ho kr\u00e1lovstv\u00ed, Evropy, Asie a \u010c\u00edny a nechat si ji rychle doru\u010dit do cel\u00e9ho sv\u011bta! Zde si m\u016f\u017eete koupit nejlep\u0161\u00ed koupelovou s\u016fl Tranquility na objedn\u00e1vku.<\/p>\n<p>S\u016fl do koupele Tranquility lze zakoupit online od renomovan\u00e9ho dodavatele. Prod\u00e1v\u00e1me ty nejlep\u0161\u00ed produkty ke koup\u00e1n\u00ed, jako jsou koupelov\u00e9 soli.<\/p>\n<p>Kupte si koupelov\u00e9 soli Tranquility online HNED! M\u00e1me pro v\u00e1s ty nejlep\u0161\u00ed produkty ke koup\u00e1n\u00ed, jako jsou koupelov\u00e9 soli.<\/p>\n","protected":false},"featured_media":5644,"comment_status":"open","ping_status":"closed","template":"","meta":[],"product_brand":[],"product_cat":[2014],"product_tag":[3356,3358,3351,3345,3344,3346,3347,3348,3355,3354,3353,3350,3352,3349,3357],"class_list":{"0":"post-5635","1":"product","2":"type-product","3":"status-publish","4":"has-post-thumbnail","6":"product_cat-koupit-vyzkumne-chemikalie","7":"product_tag-klid-koupel-soli-dodavatel","8":"product_tag-kde-koupit-klid-soli-do-koupele","9":"product_tag-klid-koupelov-soli-online","10":"product_tag-koupit-klid-koupelove-soli-online","11":"product_tag-koupit-klid-koupele-soli","12":"product_tag-koupit-klid-koupel-soli-uk","13":"product_tag-podek-klid-koupelov-soli","14":"product_tag-objednat-klid-koupelove-soli-online","15":"product_tag-klid-koupelov-soli-prodej","16":"product_tag-klid-koupelov-soli-prodejce","17":"product_tag-klid-koupel-soli-reddit","18":"product_tag-tranquility-bath-salts-for-sale","19":"product_tag-klid-koupelov-soli-podek-evropa","20":"product_tag-klid-koupelov-soli","21":"product_tag-klid-koupelov-soli-velkoobchod","23":"first","24":"instock","25":"shipping-taxable","26":"purchasable","27":"product-type-variable"},"yoast_head":"<!-- This site is optimized with the Yoast SEO plugin v27.3 - https:\/\/yoast.com\/product\/yoast-seo-wordpress\/ -->\n<title>Kupte si s\u016fl do koupele Tranquility \u2013 s\u016fl do koupele Tranquility \u2013 nejlep\u0161\u00ed glob\u00e1ln\u00ed l\u00e9ky<\/title>\n<meta name=\"description\" content=\"Kupte si s\u016fl do koupele Tranquility Velk\u00e1 Brit\u00e1nie, Evropa, Asie, \u010c\u00edna v na\u0161em online obchodu medicinasinc.com s rychl\u00fdm celosv\u011btov\u00fdm doru\u010den\u00edm! Nejlep\u0161\u00ed s\u016fl do koupele Tranquility k objedn\u00e1n\u00ed najdete zde!\" \/>\n<meta name=\"robots\" content=\"index, follow, max-snippet:-1, max-image-preview:large, max-video-preview:-1\" \/>\n<link rel=\"canonical\" href=\"https:\/\/medicinasinc.com\/cs\/product\/koupit-klid-koupel-sul\/\" \/>\n<meta property=\"og:locale\" content=\"en_US\" \/>\n<meta property=\"og:type\" content=\"article\" \/>\n<meta property=\"og:title\" content=\"Kupte si s\u016fl do koupele Tranquility \u2013 s\u016fl do koupele Tranquility \u2013 nejlep\u0161\u00ed glob\u00e1ln\u00ed l\u00e9ky\" \/>\n<meta property=\"og:description\" content=\"Kupte si s\u016fl do koupele Tranquility Velk\u00e1 Brit\u00e1nie, Evropa, Asie, \u010c\u00edna v na\u0161em online obchodu medicinasinc.com s rychl\u00fdm celosv\u011btov\u00fdm doru\u010den\u00edm! Nejlep\u0161\u00ed s\u016fl do koupele Tranquility k objedn\u00e1n\u00ed najdete zde!\" \/>\n<meta property=\"og:url\" content=\"https:\/\/medicinasinc.com\/cs\/product\/koupit-klid-koupel-sul\/\" \/>\n<meta property=\"og:site_name\" content=\"Medicinas Inc\" \/>\n<meta property=\"article:modified_time\" content=\"2022-08-03T12:24:42+00:00\" \/>\n<meta property=\"og:image\" content=\"https:\/\/medicinasinc.com\/cs\/wp-content\/uploads\/sites\/2\/2022\/02\/Buy-Tranquility-Bath-Salt.jpg\" \/>\n\t<meta property=\"og:image:width\" content=\"236\" \/>\n\t<meta property=\"og:image:height\" content=\"225\" \/>\n\t<meta property=\"og:image:type\" content=\"image\/jpeg\" \/>\n<meta name=\"twitter:card\" content=\"summary_large_image\" \/>\n<meta name=\"twitter:label1\" content=\"Est. reading time\" \/>\n\t<meta name=\"twitter:data1\" content=\"1 minute\" \/>\n<script type=\"application\/ld+json\" class=\"yoast-schema-graph\">{\"@context\":\"https:\\\/\\\/schema.org\",\"@graph\":[{\"@type\":\"WebPage\",\"@id\":\"https:\\\/\\\/medicinasinc.com\\\/cs\\\/product\\\/koupit-klid-koupel-sul\\\/\",\"url\":\"https:\\\/\\\/medicinasinc.com\\\/cs\\\/product\\\/koupit-klid-koupel-sul\\\/\",\"name\":\"Kupte si s\u016fl do koupele Tranquility \u2013 s\u016fl do koupele Tranquility \u2013 nejlep\u0161\u00ed glob\u00e1ln\u00ed l\u00e9ky\",\"isPartOf\":{\"@id\":\"https:\\\/\\\/medicinasinc.com\\\/cs\\\/#website\"},\"primaryImageOfPage\":{\"@id\":\"https:\\\/\\\/medicinasinc.com\\\/cs\\\/product\\\/koupit-klid-koupel-sul\\\/#primaryimage\"},\"image\":{\"@id\":\"https:\\\/\\\/medicinasinc.com\\\/cs\\\/product\\\/koupit-klid-koupel-sul\\\/#primaryimage\"},\"thumbnailUrl\":\"https:\\\/\\\/medicinasinc.com\\\/cs\\\/wp-content\\\/uploads\\\/sites\\\/2\\\/2022\\\/02\\\/Buy-Tranquility-Bath-Salt.jpg\",\"datePublished\":\"2022-02-22T03:07:02+00:00\",\"dateModified\":\"2022-08-03T12:24:42+00:00\",\"description\":\"Kupte si s\u016fl do koupele Tranquility Velk\u00e1 Brit\u00e1nie, Evropa, Asie, \u010c\u00edna v na\u0161em online obchodu medicinasinc.com s rychl\u00fdm celosv\u011btov\u00fdm doru\u010den\u00edm! Nejlep\u0161\u00ed s\u016fl do koupele Tranquility k objedn\u00e1n\u00ed najdete zde!\",\"breadcrumb\":{\"@id\":\"https:\\\/\\\/medicinasinc.com\\\/cs\\\/product\\\/koupit-klid-koupel-sul\\\/#breadcrumb\"},\"inLanguage\":\"en-US\",\"potentialAction\":[{\"@type\":\"ReadAction\",\"target\":[\"https:\\\/\\\/medicinasinc.com\\\/cs\\\/product\\\/koupit-klid-koupel-sul\\\/\"]}]},{\"@type\":\"ImageObject\",\"inLanguage\":\"en-US\",\"@id\":\"https:\\\/\\\/medicinasinc.com\\\/cs\\\/product\\\/koupit-klid-koupel-sul\\\/#primaryimage\",\"url\":\"https:\\\/\\\/medicinasinc.com\\\/cs\\\/wp-content\\\/uploads\\\/sites\\\/2\\\/2022\\\/02\\\/Buy-Tranquility-Bath-Salt.jpg\",\"contentUrl\":\"https:\\\/\\\/medicinasinc.com\\\/cs\\\/wp-content\\\/uploads\\\/sites\\\/2\\\/2022\\\/02\\\/Buy-Tranquility-Bath-Salt.jpg\",\"width\":236,\"height\":225},{\"@type\":\"BreadcrumbList\",\"@id\":\"https:\\\/\\\/medicinasinc.com\\\/cs\\\/product\\\/koupit-klid-koupel-sul\\\/#breadcrumb\",\"itemListElement\":[{\"@type\":\"ListItem\",\"position\":1,\"name\":\"Obchod\",\"item\":\"https:\\\/\\\/medicinasinc.com\\\/cs\\\/obchod\\\/\"},{\"@type\":\"ListItem\",\"position\":2,\"name\":\"Kupte si s\u016fl do koupele Tranquility\"}]},{\"@type\":\"WebSite\",\"@id\":\"https:\\\/\\\/medicinasinc.com\\\/cs\\\/#website\",\"url\":\"https:\\\/\\\/medicinasinc.com\\\/cs\\\/\",\"name\":\"Medicinas Inc\",\"description\":\"Health Medical Clinic\",\"potentialAction\":[{\"@type\":\"SearchAction\",\"target\":{\"@type\":\"EntryPoint\",\"urlTemplate\":\"https:\\\/\\\/medicinasinc.com\\\/cs\\\/?s={search_term_string}\"},\"query-input\":{\"@type\":\"PropertyValueSpecification\",\"valueRequired\":true,\"valueName\":\"search_term_string\"}}],\"inLanguage\":\"en-US\"}]}<\/script>\n<!-- \/ Yoast SEO plugin. -->","yoast_head_json":{"title":"Kupte si s\u016fl do koupele Tranquility \u2013 s\u016fl do koupele Tranquility \u2013 nejlep\u0161\u00ed glob\u00e1ln\u00ed l\u00e9ky","description":"Kupte si s\u016fl do koupele Tranquility Velk\u00e1 Brit\u00e1nie, Evropa, Asie, \u010c\u00edna v na\u0161em online obchodu medicinasinc.com s rychl\u00fdm celosv\u011btov\u00fdm doru\u010den\u00edm! Nejlep\u0161\u00ed s\u016fl do koupele Tranquility k objedn\u00e1n\u00ed najdete zde!","robots":{"index":"index","follow":"follow","max-snippet":"max-snippet:-1","max-image-preview":"max-image-preview:large","max-video-preview":"max-video-preview:-1"},"canonical":"https:\/\/medicinasinc.com\/cs\/product\/koupit-klid-koupel-sul\/","og_locale":"en_US","og_type":"article","og_title":"Kupte si s\u016fl do koupele Tranquility \u2013 s\u016fl do koupele Tranquility \u2013 nejlep\u0161\u00ed glob\u00e1ln\u00ed l\u00e9ky","og_description":"Kupte si s\u016fl do koupele Tranquility Velk\u00e1 Brit\u00e1nie, Evropa, Asie, \u010c\u00edna v na\u0161em online obchodu medicinasinc.com s rychl\u00fdm celosv\u011btov\u00fdm doru\u010den\u00edm! Nejlep\u0161\u00ed s\u016fl do koupele Tranquility k objedn\u00e1n\u00ed najdete zde!","og_url":"https:\/\/medicinasinc.com\/cs\/product\/koupit-klid-koupel-sul\/","og_site_name":"Medicinas Inc","article_modified_time":"2022-08-03T12:24:42+00:00","og_image":[{"width":236,"height":225,"url":"https:\/\/medicinasinc.com\/cs\/wp-content\/uploads\/sites\/2\/2022\/02\/Buy-Tranquility-Bath-Salt.jpg","type":"image\/jpeg"}],"twitter_card":"summary_large_image","twitter_misc":{"Est. reading time":"1 minute"},"schema":{"@context":"https:\/\/schema.org","@graph":[{"@type":"WebPage","@id":"https:\/\/medicinasinc.com\/cs\/product\/koupit-klid-koupel-sul\/","url":"https:\/\/medicinasinc.com\/cs\/product\/koupit-klid-koupel-sul\/","name":"Kupte si s\u016fl do koupele Tranquility \u2013 s\u016fl do koupele Tranquility \u2013 nejlep\u0161\u00ed glob\u00e1ln\u00ed l\u00e9ky","isPartOf":{"@id":"https:\/\/medicinasinc.com\/cs\/#website"},"primaryImageOfPage":{"@id":"https:\/\/medicinasinc.com\/cs\/product\/koupit-klid-koupel-sul\/#primaryimage"},"image":{"@id":"https:\/\/medicinasinc.com\/cs\/product\/koupit-klid-koupel-sul\/#primaryimage"},"thumbnailUrl":"https:\/\/medicinasinc.com\/cs\/wp-content\/uploads\/sites\/2\/2022\/02\/Buy-Tranquility-Bath-Salt.jpg","datePublished":"2022-02-22T03:07:02+00:00","dateModified":"2022-08-03T12:24:42+00:00","description":"Kupte si s\u016fl do koupele Tranquility Velk\u00e1 Brit\u00e1nie, Evropa, Asie, \u010c\u00edna v na\u0161em online obchodu medicinasinc.com s rychl\u00fdm celosv\u011btov\u00fdm doru\u010den\u00edm! Nejlep\u0161\u00ed s\u016fl do koupele Tranquility k objedn\u00e1n\u00ed najdete zde!","breadcrumb":{"@id":"https:\/\/medicinasinc.com\/cs\/product\/koupit-klid-koupel-sul\/#breadcrumb"},"inLanguage":"en-US","potentialAction":[{"@type":"ReadAction","target":["https:\/\/medicinasinc.com\/cs\/product\/koupit-klid-koupel-sul\/"]}]},{"@type":"ImageObject","inLanguage":"en-US","@id":"https:\/\/medicinasinc.com\/cs\/product\/koupit-klid-koupel-sul\/#primaryimage","url":"https:\/\/medicinasinc.com\/cs\/wp-content\/uploads\/sites\/2\/2022\/02\/Buy-Tranquility-Bath-Salt.jpg","contentUrl":"https:\/\/medicinasinc.com\/cs\/wp-content\/uploads\/sites\/2\/2022\/02\/Buy-Tranquility-Bath-Salt.jpg","width":236,"height":225},{"@type":"BreadcrumbList","@id":"https:\/\/medicinasinc.com\/cs\/product\/koupit-klid-koupel-sul\/#breadcrumb","itemListElement":[{"@type":"ListItem","position":1,"name":"Obchod","item":"https:\/\/medicinasinc.com\/cs\/obchod\/"},{"@type":"ListItem","position":2,"name":"Kupte si s\u016fl do koupele Tranquility"}]},{"@type":"WebSite","@id":"https:\/\/medicinasinc.com\/cs\/#website","url":"https:\/\/medicinasinc.com\/cs\/","name":"Medicinas Inc","description":"Health Medical Clinic","potentialAction":[{"@type":"SearchAction","target":{"@type":"EntryPoint","urlTemplate":"https:\/\/medicinasinc.com\/cs\/?s={search_term_string}"},"query-input":{"@type":"PropertyValueSpecification","valueRequired":true,"valueName":"search_term_string"}}],"inLanguage":"en-US"}]}},"_links":{"self":[{"href":"https:\/\/medicinasinc.com\/cs\/wp-json\/wp\/v2\/product\/5635","targetHints":{"allow":["GET"]}}],"collection":[{"href":"https:\/\/medicinasinc.com\/cs\/wp-json\/wp\/v2\/product"}],"about":[{"href":"https:\/\/medicinasinc.com\/cs\/wp-json\/wp\/v2\/types\/product"}],"replies":[{"embeddable":true,"href":"https:\/\/medicinasinc.com\/cs\/wp-json\/wp\/v2\/comments?post=5635"}],"wp:featuredmedia":[{"embeddable":true,"href":"https:\/\/medicinasinc.com\/cs\/wp-json\/wp\/v2\/media\/5644"}],"wp:attachment":[{"href":"https:\/\/medicinasinc.com\/cs\/wp-json\/wp\/v2\/media?parent=5635"}],"wp:term":[{"taxonomy":"product_brand","embeddable":true,"href":"https:\/\/medicinasinc.com\/cs\/wp-json\/wp\/v2\/product_brand?post=5635"},{"taxonomy":"product_cat","embeddable":true,"href":"https:\/\/medicinasinc.com\/cs\/wp-json\/wp\/v2\/product_cat?post=5635"},{"taxonomy":"product_tag","embeddable":true,"href":"https:\/\/medicinasinc.com\/cs\/wp-json\/wp\/v2\/product_tag?post=5635"}],"curies":[{"name":"wp","href":"https:\/\/api.w.org\/{rel}","templated":true}]}}