{"id":5617,"date":"2022-02-22T02:48:56","date_gmt":"2022-02-22T02:48:56","guid":{"rendered":"https:\/\/medicinasinc.com\/cs\/?post_type=product&#038;p=5617"},"modified":"2022-03-14T11:33:56","modified_gmt":"2022-03-14T11:33:56","slug":"buy-u-47700-prasek","status":"publish","type":"product","link":"https:\/\/medicinasinc.com\/cs\/product\/buy-u-47700-prasek\/","title":{"rendered":"Koupit U-47700 Powder"},"content":{"rendered":"<p>Online si m\u016f\u017eete koupit pr\u00e1\u0161ek U-47700 za velmi n\u00edzkou cenu.<\/p>\n<p>Kupte si U-47700 od bestglobalmeds.com.<br \/> L\u00e9k proti bolesti naz\u00fdvan\u00fd U-47700 je sou\u010d\u00e1st\u00ed opioidu rodina. Poprv\u00e9 byl vyroben spole\u010dnost\u00ed Upjohn asi p\u0159ed 40 lety. Byl vyroben z AH-7921, co\u017e je podobn\u00fd opioid. U-47700 byl d\u016fle\u017eit\u00fd p\u0159i v\u00fdvoji t\u00e9to t\u0159\u00eddy opioid\u016f, ale nebyl testov\u00e1n na lidech ani na zv\u00ed\u0159atech.<\/p>\n<p>Farmakologie: U-47700 je velmi dobr\u00fd v c\u00edlen\u00ed na -opioidn\u00ed receptor. P\u0159edpokl\u00e1d\u00e1 se, \u017ee je 7 a\u017e 8kr\u00e1t siln\u011bj\u0161\u00ed ne\u017e d\u00e1vka morfinu na d\u00e1vku. P\u0159edpokl\u00e1d\u00e1 se, \u017ee je to siln\u00fd kappa agonista, co\u017e znamen\u00e1, \u017ee by nem\u011bl zp\u016fsobovat mnoho dysfori\u00ed nebo jin\u00fdch probl\u00e9m\u016f.<\/p>\n<p>Lid\u00e9, kte\u0159\u00ed vyr\u00e1b\u011bj\u00ed stejn\u00e9 druhy chemik\u00e1li\u00ed<\/p>\n<p>U-50488<br \/> AH-7921<br \/> U-69,593<br \/> \u0160v\u00e9dsko zak\u00e1zalo U-47700 od ledna 2016, ale \u017e\u00e1dn\u00e1 jin\u00e1 velk\u00e1 zem\u011b neud\u011blala tot\u00e9\u017e.<\/p>\n<p>U-47700, jako v\u011bt\u0161ina opioidy a jejich deriv\u00e1ty, nen\u00ed pro lidi bezpe\u010dn\u00e9. Prod\u00e1v\u00e1 se pouze v\u00fdzkumn\u00fdm chemik\u016fm a lidem, kte\u0159\u00ed pracuj\u00ed v laborato\u0159\u00edch.<\/p>\n","protected":false},"excerpt":{"rendered":"<div class=\"woocommerce-product-details__short-description\">\n<p>Je snadn\u00e9 koupit U-47700 Powder online z na\u0161eho obchodu bestglobalmeds.com a nechat si jej rychle doru\u010dit do jak\u00e9koli zem\u011b na sv\u011bt\u011b! Nejlep\u0161\u00ed pr\u00e1\u0161ek U-47700, kter\u00fd si m\u016f\u017eete koupit, je zde!<\/p>\n<p>Kupte si pr\u00e1\u0161ek u-47700 online. Tento hn\u011bd\u00fd pr\u00e1\u0161ek je velmi \u010dist\u00fd. V 99,8 % p\u0159\u00edpad\u016f je to p\u0159irozen\u00e9.<\/p>\n<p>Online si m\u016f\u017eete levn\u011b koupit 1 unci pr\u00e1\u0161ku U-47700. Typick\u00e1 d\u00e1vka je n\u011bkolik miligram\u016f. Pod\u00edvejte se, do \u010deho jdete.<\/p>\n<div class=\"char\">SPECIFIKACE<\/div>\n<div class=\"specification\">\n<div class=\"sprow\"><span class=\"spname \">N\u00e1zev produktu:<\/span><span class=\"sptext\">U-47700<\/span><\/div>\n<div class=\"sprow\"><span class=\"spname\">N\u00e1zev IUPAC:<\/span><span class=\"sptext\">trans-3,4-dichlor-N-(2-(dimethylamino)cyklohexyl)-N-methylbenzamid<\/span><\/div>\n<div class=\"sprow\"><span class=\"spname\">Dal\u0161\u00ed jm\u00e9na:<\/span><span class=\"sptext\">Pink, Pinky, U-47700<\/span><\/div>\n<div class=\"sprow\"><span class=\"spname\">\u010c\u00edslo Cas:<\/span><span class=\"sptext\">121348-98-9<\/span><\/div>\n<div class=\"sprow\"><span class=\"spname\">Molekul\u00e1rn\u00ed vzorec:<\/span><span class=\"sptext\">C16H22Cl2N2O<\/span><\/div>\n<div class=\"sprow\"><span class=\"spname\">Mol\u00e1rn\u00ed hmotnost:<\/span><span class=\"sptext\"> 329,265 g\/mol<\/span><\/div>\n<div class=\"sprow\"><span class=\"spname\">\u00da\u010dinek:<\/span><span class=\"sptext\">sedativn\u00ed<\/span><\/div>\n<div class=\"sprow\"><span class=\"spname\">\u010cistota l\u00e1tky:<\/span><span class=\"sptext\"> 99,9 %<\/span><\/div>\n<div class=\"sprow\"><span class=\"spname\">Fyzik\u00e1ln\u00ed vlastnosti:<\/span><span class=\"sptext\">Krystalick\u00fd pr\u00e1\u0161ek<\/span><\/div>\n<\/p><\/div>\n<\/p><\/div>\n","protected":false},"featured_media":5629,"comment_status":"open","ping_status":"closed","template":"","meta":[],"product_brand":[],"product_cat":[2014],"product_tag":[3323,3324,3325,3342,3327,3322,3326,3341,3339,3329,3330,3331,3335,3336,3337,3328,3332,3333,3334,3338,3340,3343],"class_list":{"0":"post-5617","1":"product","2":"type-product","3":"status-publish","4":"has-post-thumbnail","6":"product_cat-koupit-vyzkumne-chemikalie","7":"product_tag-buy-u-47700-powder","8":"product_tag-buy-u-47700-powder-europe","9":"product_tag-buy-u-47700-powder-uk","10":"product_tag-kde-koupit-u-47700-prek","11":"product_tag-maloobchodn-u-47700-prek","12":"product_tag-nejlep-msto-k-koupit-u-47700-prek","13":"product_tag-objednvka-u-47700-prek","14":"product_tag-u-47700-prek-prodej","15":"product_tag-u-47700-prek-objednvka","16":"product_tag-u-47700-powder-buy-uk","17":"product_tag-u-47700-powder-effect","18":"product_tag-u-47700-powder-europe","19":"product_tag-u-47700-powder-google","20":"product_tag-u-47700-powder-lithuania","21":"product_tag-u-47700-powder-near-me","22":"product_tag-u-47700-prek-koupit","23":"product_tag-u-47700-prek-na-prodej","24":"product_tag-u-47700-prek-na-prodej-online","25":"product_tag-u-47700-prek-nmecko","26":"product_tag-u-47700-prek-online","27":"product_tag-u-47700-powder-reddit","28":"product_tag-velkoobchod-u-47700-prek","30":"first","31":"instock","32":"shipping-taxable","33":"purchasable","34":"product-type-variable","35":"has-default-attributes"},"yoast_head":"<!-- This site is optimized with the Yoast SEO plugin v27.3 - https:\/\/yoast.com\/product\/yoast-seo-wordpress\/ -->\n<title>Koupit pr\u00e1\u0161ek U-47700 \u2013 pr\u00e1\u0161ek U-47700 online \u2013 nejlep\u0161\u00ed glob\u00e1ln\u00ed l\u00e9ky<\/title>\n<meta name=\"description\" content=\"Kupte si U-47700 Powder Velk\u00e1 Brit\u00e1nie, Evropa, Asie, \u010c\u00edna v na\u0161em online obchodu bestglobalmeds.com s rychl\u00fdm celosv\u011btov\u00fdm doru\u010den\u00edm! Nejlep\u0161\u00ed pr\u00e1\u0161ek U-47700 pro objedn\u00e1n\u00ed najdete zde!\" \/>\n<meta name=\"robots\" content=\"index, follow, max-snippet:-1, max-image-preview:large, max-video-preview:-1\" \/>\n<link rel=\"canonical\" href=\"https:\/\/medicinasinc.com\/cs\/product\/buy-u-47700-prasek\/\" \/>\n<meta property=\"og:locale\" content=\"en_US\" \/>\n<meta property=\"og:type\" content=\"article\" \/>\n<meta property=\"og:title\" content=\"Koupit pr\u00e1\u0161ek U-47700 \u2013 pr\u00e1\u0161ek U-47700 online \u2013 nejlep\u0161\u00ed glob\u00e1ln\u00ed l\u00e9ky\" \/>\n<meta property=\"og:description\" content=\"Kupte si U-47700 Powder Velk\u00e1 Brit\u00e1nie, Evropa, Asie, \u010c\u00edna v na\u0161em online obchodu bestglobalmeds.com s rychl\u00fdm celosv\u011btov\u00fdm doru\u010den\u00edm! Nejlep\u0161\u00ed pr\u00e1\u0161ek U-47700 pro objedn\u00e1n\u00ed najdete zde!\" \/>\n<meta property=\"og:url\" content=\"https:\/\/medicinasinc.com\/cs\/product\/buy-u-47700-prasek\/\" \/>\n<meta property=\"og:site_name\" content=\"Medicinas Inc\" \/>\n<meta property=\"article:modified_time\" content=\"2022-03-14T11:33:56+00:00\" \/>\n<meta property=\"og:image\" content=\"https:\/\/medicinasinc.com\/cs\/wp-content\/uploads\/sites\/2\/2022\/02\/Buy-U-47700-POWDER.jpg\" \/>\n\t<meta property=\"og:image:width\" content=\"600\" \/>\n\t<meta property=\"og:image:height\" content=\"600\" \/>\n\t<meta property=\"og:image:type\" content=\"image\/jpeg\" \/>\n<meta name=\"twitter:card\" content=\"summary_large_image\" \/>\n<meta name=\"twitter:label1\" content=\"Est. reading time\" \/>\n\t<meta name=\"twitter:data1\" content=\"1 minute\" \/>\n<script type=\"application\/ld+json\" class=\"yoast-schema-graph\">{\"@context\":\"https:\\\/\\\/schema.org\",\"@graph\":[{\"@type\":\"WebPage\",\"@id\":\"https:\\\/\\\/medicinasinc.com\\\/cs\\\/product\\\/buy-u-47700-prasek\\\/\",\"url\":\"https:\\\/\\\/medicinasinc.com\\\/cs\\\/product\\\/buy-u-47700-prasek\\\/\",\"name\":\"Koupit pr\u00e1\u0161ek U-47700 \u2013 pr\u00e1\u0161ek U-47700 online \u2013 nejlep\u0161\u00ed glob\u00e1ln\u00ed l\u00e9ky\",\"isPartOf\":{\"@id\":\"https:\\\/\\\/medicinasinc.com\\\/cs\\\/#website\"},\"primaryImageOfPage\":{\"@id\":\"https:\\\/\\\/medicinasinc.com\\\/cs\\\/product\\\/buy-u-47700-prasek\\\/#primaryimage\"},\"image\":{\"@id\":\"https:\\\/\\\/medicinasinc.com\\\/cs\\\/product\\\/buy-u-47700-prasek\\\/#primaryimage\"},\"thumbnailUrl\":\"https:\\\/\\\/medicinasinc.com\\\/cs\\\/wp-content\\\/uploads\\\/sites\\\/2\\\/2022\\\/02\\\/Buy-U-47700-POWDER.jpg\",\"datePublished\":\"2022-02-22T02:48:56+00:00\",\"dateModified\":\"2022-03-14T11:33:56+00:00\",\"description\":\"Kupte si U-47700 Powder Velk\u00e1 Brit\u00e1nie, Evropa, Asie, \u010c\u00edna v na\u0161em online obchodu bestglobalmeds.com s rychl\u00fdm celosv\u011btov\u00fdm doru\u010den\u00edm! Nejlep\u0161\u00ed pr\u00e1\u0161ek U-47700 pro objedn\u00e1n\u00ed najdete zde!\",\"breadcrumb\":{\"@id\":\"https:\\\/\\\/medicinasinc.com\\\/cs\\\/product\\\/buy-u-47700-prasek\\\/#breadcrumb\"},\"inLanguage\":\"en-US\",\"potentialAction\":[{\"@type\":\"ReadAction\",\"target\":[\"https:\\\/\\\/medicinasinc.com\\\/cs\\\/product\\\/buy-u-47700-prasek\\\/\"]}]},{\"@type\":\"ImageObject\",\"inLanguage\":\"en-US\",\"@id\":\"https:\\\/\\\/medicinasinc.com\\\/cs\\\/product\\\/buy-u-47700-prasek\\\/#primaryimage\",\"url\":\"https:\\\/\\\/medicinasinc.com\\\/cs\\\/wp-content\\\/uploads\\\/sites\\\/2\\\/2022\\\/02\\\/Buy-U-47700-POWDER.jpg\",\"contentUrl\":\"https:\\\/\\\/medicinasinc.com\\\/cs\\\/wp-content\\\/uploads\\\/sites\\\/2\\\/2022\\\/02\\\/Buy-U-47700-POWDER.jpg\",\"width\":600,\"height\":600},{\"@type\":\"BreadcrumbList\",\"@id\":\"https:\\\/\\\/medicinasinc.com\\\/cs\\\/product\\\/buy-u-47700-prasek\\\/#breadcrumb\",\"itemListElement\":[{\"@type\":\"ListItem\",\"position\":1,\"name\":\"Obchod\",\"item\":\"https:\\\/\\\/medicinasinc.com\\\/cs\\\/obchod\\\/\"},{\"@type\":\"ListItem\",\"position\":2,\"name\":\"Koupit U-47700 Powder\"}]},{\"@type\":\"WebSite\",\"@id\":\"https:\\\/\\\/medicinasinc.com\\\/cs\\\/#website\",\"url\":\"https:\\\/\\\/medicinasinc.com\\\/cs\\\/\",\"name\":\"Medicinas Inc\",\"description\":\"Health Medical Clinic\",\"potentialAction\":[{\"@type\":\"SearchAction\",\"target\":{\"@type\":\"EntryPoint\",\"urlTemplate\":\"https:\\\/\\\/medicinasinc.com\\\/cs\\\/?s={search_term_string}\"},\"query-input\":{\"@type\":\"PropertyValueSpecification\",\"valueRequired\":true,\"valueName\":\"search_term_string\"}}],\"inLanguage\":\"en-US\"}]}<\/script>\n<!-- \/ Yoast SEO plugin. -->","yoast_head_json":{"title":"Koupit pr\u00e1\u0161ek U-47700 \u2013 pr\u00e1\u0161ek U-47700 online \u2013 nejlep\u0161\u00ed glob\u00e1ln\u00ed l\u00e9ky","description":"Kupte si U-47700 Powder Velk\u00e1 Brit\u00e1nie, Evropa, Asie, \u010c\u00edna v na\u0161em online obchodu bestglobalmeds.com s rychl\u00fdm celosv\u011btov\u00fdm doru\u010den\u00edm! Nejlep\u0161\u00ed pr\u00e1\u0161ek U-47700 pro objedn\u00e1n\u00ed najdete zde!","robots":{"index":"index","follow":"follow","max-snippet":"max-snippet:-1","max-image-preview":"max-image-preview:large","max-video-preview":"max-video-preview:-1"},"canonical":"https:\/\/medicinasinc.com\/cs\/product\/buy-u-47700-prasek\/","og_locale":"en_US","og_type":"article","og_title":"Koupit pr\u00e1\u0161ek U-47700 \u2013 pr\u00e1\u0161ek U-47700 online \u2013 nejlep\u0161\u00ed glob\u00e1ln\u00ed l\u00e9ky","og_description":"Kupte si U-47700 Powder Velk\u00e1 Brit\u00e1nie, Evropa, Asie, \u010c\u00edna v na\u0161em online obchodu bestglobalmeds.com s rychl\u00fdm celosv\u011btov\u00fdm doru\u010den\u00edm! Nejlep\u0161\u00ed pr\u00e1\u0161ek U-47700 pro objedn\u00e1n\u00ed najdete zde!","og_url":"https:\/\/medicinasinc.com\/cs\/product\/buy-u-47700-prasek\/","og_site_name":"Medicinas Inc","article_modified_time":"2022-03-14T11:33:56+00:00","og_image":[{"width":600,"height":600,"url":"https:\/\/medicinasinc.com\/cs\/wp-content\/uploads\/sites\/2\/2022\/02\/Buy-U-47700-POWDER.jpg","type":"image\/jpeg"}],"twitter_card":"summary_large_image","twitter_misc":{"Est. reading time":"1 minute"},"schema":{"@context":"https:\/\/schema.org","@graph":[{"@type":"WebPage","@id":"https:\/\/medicinasinc.com\/cs\/product\/buy-u-47700-prasek\/","url":"https:\/\/medicinasinc.com\/cs\/product\/buy-u-47700-prasek\/","name":"Koupit pr\u00e1\u0161ek U-47700 \u2013 pr\u00e1\u0161ek U-47700 online \u2013 nejlep\u0161\u00ed glob\u00e1ln\u00ed l\u00e9ky","isPartOf":{"@id":"https:\/\/medicinasinc.com\/cs\/#website"},"primaryImageOfPage":{"@id":"https:\/\/medicinasinc.com\/cs\/product\/buy-u-47700-prasek\/#primaryimage"},"image":{"@id":"https:\/\/medicinasinc.com\/cs\/product\/buy-u-47700-prasek\/#primaryimage"},"thumbnailUrl":"https:\/\/medicinasinc.com\/cs\/wp-content\/uploads\/sites\/2\/2022\/02\/Buy-U-47700-POWDER.jpg","datePublished":"2022-02-22T02:48:56+00:00","dateModified":"2022-03-14T11:33:56+00:00","description":"Kupte si U-47700 Powder Velk\u00e1 Brit\u00e1nie, Evropa, Asie, \u010c\u00edna v na\u0161em online obchodu bestglobalmeds.com s rychl\u00fdm celosv\u011btov\u00fdm doru\u010den\u00edm! Nejlep\u0161\u00ed pr\u00e1\u0161ek U-47700 pro objedn\u00e1n\u00ed najdete zde!","breadcrumb":{"@id":"https:\/\/medicinasinc.com\/cs\/product\/buy-u-47700-prasek\/#breadcrumb"},"inLanguage":"en-US","potentialAction":[{"@type":"ReadAction","target":["https:\/\/medicinasinc.com\/cs\/product\/buy-u-47700-prasek\/"]}]},{"@type":"ImageObject","inLanguage":"en-US","@id":"https:\/\/medicinasinc.com\/cs\/product\/buy-u-47700-prasek\/#primaryimage","url":"https:\/\/medicinasinc.com\/cs\/wp-content\/uploads\/sites\/2\/2022\/02\/Buy-U-47700-POWDER.jpg","contentUrl":"https:\/\/medicinasinc.com\/cs\/wp-content\/uploads\/sites\/2\/2022\/02\/Buy-U-47700-POWDER.jpg","width":600,"height":600},{"@type":"BreadcrumbList","@id":"https:\/\/medicinasinc.com\/cs\/product\/buy-u-47700-prasek\/#breadcrumb","itemListElement":[{"@type":"ListItem","position":1,"name":"Obchod","item":"https:\/\/medicinasinc.com\/cs\/obchod\/"},{"@type":"ListItem","position":2,"name":"Koupit U-47700 Powder"}]},{"@type":"WebSite","@id":"https:\/\/medicinasinc.com\/cs\/#website","url":"https:\/\/medicinasinc.com\/cs\/","name":"Medicinas Inc","description":"Health Medical Clinic","potentialAction":[{"@type":"SearchAction","target":{"@type":"EntryPoint","urlTemplate":"https:\/\/medicinasinc.com\/cs\/?s={search_term_string}"},"query-input":{"@type":"PropertyValueSpecification","valueRequired":true,"valueName":"search_term_string"}}],"inLanguage":"en-US"}]}},"_links":{"self":[{"href":"https:\/\/medicinasinc.com\/cs\/wp-json\/wp\/v2\/product\/5617","targetHints":{"allow":["GET"]}}],"collection":[{"href":"https:\/\/medicinasinc.com\/cs\/wp-json\/wp\/v2\/product"}],"about":[{"href":"https:\/\/medicinasinc.com\/cs\/wp-json\/wp\/v2\/types\/product"}],"replies":[{"embeddable":true,"href":"https:\/\/medicinasinc.com\/cs\/wp-json\/wp\/v2\/comments?post=5617"}],"wp:featuredmedia":[{"embeddable":true,"href":"https:\/\/medicinasinc.com\/cs\/wp-json\/wp\/v2\/media\/5629"}],"wp:attachment":[{"href":"https:\/\/medicinasinc.com\/cs\/wp-json\/wp\/v2\/media?parent=5617"}],"wp:term":[{"taxonomy":"product_brand","embeddable":true,"href":"https:\/\/medicinasinc.com\/cs\/wp-json\/wp\/v2\/product_brand?post=5617"},{"taxonomy":"product_cat","embeddable":true,"href":"https:\/\/medicinasinc.com\/cs\/wp-json\/wp\/v2\/product_cat?post=5617"},{"taxonomy":"product_tag","embeddable":true,"href":"https:\/\/medicinasinc.com\/cs\/wp-json\/wp\/v2\/product_tag?post=5617"}],"curies":[{"name":"wp","href":"https:\/\/api.w.org\/{rel}","templated":true}]}}