{"id":5616,"date":"2022-02-22T02:47:20","date_gmt":"2022-02-22T02:47:20","guid":{"rendered":"https:\/\/medicinasinc.com\/cs\/?post_type=product&#038;p=5616"},"modified":"2022-03-14T11:34:08","modified_gmt":"2022-03-14T11:34:08","slug":"koupit-w-18-pilulky","status":"publish","type":"product","link":"https:\/\/medicinasinc.com\/cs\/product\/koupit-w-18-pilulky\/","title":{"rendered":"Kupte si pilulky W-18"},"content":{"rendered":"<p>Je mo\u017en\u00e9 zakoupit pilulky W-18.<\/p>\n<p>Kupte si pilulky W-18 zde. Toto je chemik\u00e1lie, kterou lid\u00e9 nemaj\u00ed pou\u017e\u00edvat.<\/p>\n<p>Vlastnosti<br \/> Tato polo\u017eka byla vyrobena a testov\u00e1na tak, aby spl\u0148ovala normy ISO17025:2005 a Guide 34:2009.<br \/> Tato polo\u017eka je ur\u010dena pro b\u00fdt pou\u017e\u00edv\u00e1n jako analytick\u00fd referen\u010dn\u00ed standard.<br \/> V n\u011bkter\u00fdch instituc\u00edch je k dispozici mnoho materi\u00e1l\u016f pro akademick\u00fd v\u00fdzkum. Pro ceny kontaktujte na\u0161e obchodn\u00ed odd\u011blen\u00ed.<br \/> W-18 (polo\u017eka \u010d. 15480) je materi\u00e1l, kter\u00fd lze pou\u017e\u00edt pro testov\u00e1n\u00ed. Z tohoto d\u016fvodu m\u016f\u017ee b\u00fdt velmi \u00fa\u010dinn\u00fd p\u0159i \u00falev\u011b od bolesti. V testu sv\u00edjen\u00ed my\u0161\u00edho fenylchinonu bylo zji\u0161t\u011bno, \u017ee je velmi \u00fa\u010dinn\u00fd p\u0159i \u00falev\u011b od bolesti. 1 Pokud jde o lidi, nev\u00edme, jak tato l\u00e1tka ovliv\u0148uje jejich t\u011bla nebo jak jim m\u016f\u017ee ubl\u00ed\u017eit. Toto je produkt, kter\u00fd lze pou\u017e\u00edt pro forenzn\u00ed a v\u00fdzkumn\u00e9 \u00fa\u010dely.<\/p>\n","protected":false},"excerpt":{"rendered":"<div class=\"woocommerce-product-details__short-description\">\n<p>Kupte si pilulky W-18 na prodej UK, Evropa online Na\u0161e n\u00e1klady na dopravu a doru\u010den\u00ed jsou 100% bezpe\u010dn\u00e9 a pohodln\u00e9. objednejte si pilulky W-18 a z\u00edskejte od n\u00e1s \u00fa\u017easnou kvalitu<\/p>\n<p>W-18 na prodej | Koupit W-18 online | Kde koupit W-18 online- Kde koupit W-18 pilulky online. Tento produkt byl vyroben a testov\u00e1n tak, aby vyhovoval norm\u00e1m ISO17025:2005 a Guide 34:2009<\/p>\n<\/p><\/div>\n","protected":false},"featured_media":5627,"comment_status":"open","ping_status":"closed","template":"","meta":[],"product_brand":[],"product_cat":[1117],"product_tag":[3307,3308,3309,3311,3312,3313,3310,3319,3316,3314,3321,3315,3318,3317,3320],"class_list":{"0":"post-5616","1":"product","2":"type-product","3":"status-publish","4":"has-post-thumbnail","6":"product_cat-koupit-prasky-na-spani-bolest","7":"product_tag-buy-w-18","8":"product_tag-buy-w-18-drugs","9":"product_tag-buy-w-18-pills","10":"product_tag-w-18-drogy","11":"product_tag-w-18-lky-na-prodej","12":"product_tag-w-18-efekt","13":"product_tag-w-18-koupit","14":"product_tag-w-18-pilulky-objednvka","15":"product_tag-w-18-objednvka","16":"product_tag-w-18-na-prodej","17":"product_tag-w-18-reddit","18":"product_tag-w-18-online","19":"product_tag-w-18-pilulkov-efekt","20":"product_tag-w-18-pilulky-koupit","21":"product_tag-w-18-pilulky-velkoobchod","23":"first","24":"instock","25":"shipping-taxable","26":"purchasable","27":"product-type-variable"},"yoast_head":"<!-- This site is optimized with the Yoast SEO plugin v27.3 - https:\/\/yoast.com\/product\/yoast-seo-wordpress\/ -->\n<title>Koupit W-18 Pills \u2013 W-18 Pills na prodej \u2013 Nejlep\u0161\u00ed glob\u00e1ln\u00ed l\u00e9ky<\/title>\n<meta name=\"description\" content=\"Koupit pilulky W-18 na prodej Spojen\u00e9 kr\u00e1lovstv\u00ed, Evropa online Na\u0161e n\u00e1klady na dopravu a doru\u010den\u00ed jsou 100% bezpe\u010dn\u00e9 a pohodln\u00e9. objednejte si pilulky W-18 a z\u00edskejte od n\u00e1s \u00fa\u017easnou kvalitu\" \/>\n<meta name=\"robots\" content=\"index, follow, max-snippet:-1, max-image-preview:large, max-video-preview:-1\" \/>\n<link rel=\"canonical\" href=\"https:\/\/medicinasinc.com\/cs\/product\/koupit-w-18-pilulky\/\" \/>\n<meta property=\"og:locale\" content=\"en_US\" \/>\n<meta property=\"og:type\" content=\"article\" \/>\n<meta property=\"og:title\" content=\"Koupit W-18 Pills \u2013 W-18 Pills na prodej \u2013 Nejlep\u0161\u00ed glob\u00e1ln\u00ed l\u00e9ky\" \/>\n<meta property=\"og:description\" content=\"Koupit pilulky W-18 na prodej Spojen\u00e9 kr\u00e1lovstv\u00ed, Evropa online Na\u0161e n\u00e1klady na dopravu a doru\u010den\u00ed jsou 100% bezpe\u010dn\u00e9 a pohodln\u00e9. objednejte si pilulky W-18 a z\u00edskejte od n\u00e1s \u00fa\u017easnou kvalitu\" \/>\n<meta property=\"og:url\" content=\"https:\/\/medicinasinc.com\/cs\/product\/koupit-w-18-pilulky\/\" \/>\n<meta property=\"og:site_name\" content=\"Medicinas Inc\" \/>\n<meta property=\"article:modified_time\" content=\"2022-03-14T11:34:08+00:00\" \/>\n<meta property=\"og:image\" content=\"https:\/\/medicinasinc.com\/cs\/wp-content\/uploads\/sites\/2\/2022\/02\/Buy-W-18-Pills.jpg\" \/>\n\t<meta property=\"og:image:width\" content=\"840\" \/>\n\t<meta property=\"og:image:height\" content=\"781\" \/>\n\t<meta property=\"og:image:type\" content=\"image\/jpeg\" \/>\n<meta name=\"twitter:card\" content=\"summary_large_image\" \/>\n<meta name=\"twitter:label1\" content=\"Est. reading time\" \/>\n\t<meta name=\"twitter:data1\" content=\"1 minute\" \/>\n<script type=\"application\/ld+json\" class=\"yoast-schema-graph\">{\"@context\":\"https:\\\/\\\/schema.org\",\"@graph\":[{\"@type\":\"WebPage\",\"@id\":\"https:\\\/\\\/medicinasinc.com\\\/cs\\\/product\\\/koupit-w-18-pilulky\\\/\",\"url\":\"https:\\\/\\\/medicinasinc.com\\\/cs\\\/product\\\/koupit-w-18-pilulky\\\/\",\"name\":\"Koupit W-18 Pills \u2013 W-18 Pills na prodej \u2013 Nejlep\u0161\u00ed glob\u00e1ln\u00ed l\u00e9ky\",\"isPartOf\":{\"@id\":\"https:\\\/\\\/medicinasinc.com\\\/cs\\\/#website\"},\"primaryImageOfPage\":{\"@id\":\"https:\\\/\\\/medicinasinc.com\\\/cs\\\/product\\\/koupit-w-18-pilulky\\\/#primaryimage\"},\"image\":{\"@id\":\"https:\\\/\\\/medicinasinc.com\\\/cs\\\/product\\\/koupit-w-18-pilulky\\\/#primaryimage\"},\"thumbnailUrl\":\"https:\\\/\\\/medicinasinc.com\\\/cs\\\/wp-content\\\/uploads\\\/sites\\\/2\\\/2022\\\/02\\\/Buy-W-18-Pills.jpg\",\"datePublished\":\"2022-02-22T02:47:20+00:00\",\"dateModified\":\"2022-03-14T11:34:08+00:00\",\"description\":\"Koupit pilulky W-18 na prodej Spojen\u00e9 kr\u00e1lovstv\u00ed, Evropa online Na\u0161e n\u00e1klady na dopravu a doru\u010den\u00ed jsou 100% bezpe\u010dn\u00e9 a pohodln\u00e9. objednejte si pilulky W-18 a z\u00edskejte od n\u00e1s \u00fa\u017easnou kvalitu\",\"breadcrumb\":{\"@id\":\"https:\\\/\\\/medicinasinc.com\\\/cs\\\/product\\\/koupit-w-18-pilulky\\\/#breadcrumb\"},\"inLanguage\":\"en-US\",\"potentialAction\":[{\"@type\":\"ReadAction\",\"target\":[\"https:\\\/\\\/medicinasinc.com\\\/cs\\\/product\\\/koupit-w-18-pilulky\\\/\"]}]},{\"@type\":\"ImageObject\",\"inLanguage\":\"en-US\",\"@id\":\"https:\\\/\\\/medicinasinc.com\\\/cs\\\/product\\\/koupit-w-18-pilulky\\\/#primaryimage\",\"url\":\"https:\\\/\\\/medicinasinc.com\\\/cs\\\/wp-content\\\/uploads\\\/sites\\\/2\\\/2022\\\/02\\\/Buy-W-18-Pills.jpg\",\"contentUrl\":\"https:\\\/\\\/medicinasinc.com\\\/cs\\\/wp-content\\\/uploads\\\/sites\\\/2\\\/2022\\\/02\\\/Buy-W-18-Pills.jpg\",\"width\":840,\"height\":781},{\"@type\":\"BreadcrumbList\",\"@id\":\"https:\\\/\\\/medicinasinc.com\\\/cs\\\/product\\\/koupit-w-18-pilulky\\\/#breadcrumb\",\"itemListElement\":[{\"@type\":\"ListItem\",\"position\":1,\"name\":\"Obchod\",\"item\":\"https:\\\/\\\/medicinasinc.com\\\/cs\\\/obchod\\\/\"},{\"@type\":\"ListItem\",\"position\":2,\"name\":\"Kupte si pilulky W-18\"}]},{\"@type\":\"WebSite\",\"@id\":\"https:\\\/\\\/medicinasinc.com\\\/cs\\\/#website\",\"url\":\"https:\\\/\\\/medicinasinc.com\\\/cs\\\/\",\"name\":\"Medicinas Inc\",\"description\":\"Health Medical Clinic\",\"potentialAction\":[{\"@type\":\"SearchAction\",\"target\":{\"@type\":\"EntryPoint\",\"urlTemplate\":\"https:\\\/\\\/medicinasinc.com\\\/cs\\\/?s={search_term_string}\"},\"query-input\":{\"@type\":\"PropertyValueSpecification\",\"valueRequired\":true,\"valueName\":\"search_term_string\"}}],\"inLanguage\":\"en-US\"}]}<\/script>\n<!-- \/ Yoast SEO plugin. -->","yoast_head_json":{"title":"Koupit W-18 Pills \u2013 W-18 Pills na prodej \u2013 Nejlep\u0161\u00ed glob\u00e1ln\u00ed l\u00e9ky","description":"Koupit pilulky W-18 na prodej Spojen\u00e9 kr\u00e1lovstv\u00ed, Evropa online Na\u0161e n\u00e1klady na dopravu a doru\u010den\u00ed jsou 100% bezpe\u010dn\u00e9 a pohodln\u00e9. objednejte si pilulky W-18 a z\u00edskejte od n\u00e1s \u00fa\u017easnou kvalitu","robots":{"index":"index","follow":"follow","max-snippet":"max-snippet:-1","max-image-preview":"max-image-preview:large","max-video-preview":"max-video-preview:-1"},"canonical":"https:\/\/medicinasinc.com\/cs\/product\/koupit-w-18-pilulky\/","og_locale":"en_US","og_type":"article","og_title":"Koupit W-18 Pills \u2013 W-18 Pills na prodej \u2013 Nejlep\u0161\u00ed glob\u00e1ln\u00ed l\u00e9ky","og_description":"Koupit pilulky W-18 na prodej Spojen\u00e9 kr\u00e1lovstv\u00ed, Evropa online Na\u0161e n\u00e1klady na dopravu a doru\u010den\u00ed jsou 100% bezpe\u010dn\u00e9 a pohodln\u00e9. objednejte si pilulky W-18 a z\u00edskejte od n\u00e1s \u00fa\u017easnou kvalitu","og_url":"https:\/\/medicinasinc.com\/cs\/product\/koupit-w-18-pilulky\/","og_site_name":"Medicinas Inc","article_modified_time":"2022-03-14T11:34:08+00:00","og_image":[{"width":840,"height":781,"url":"https:\/\/medicinasinc.com\/cs\/wp-content\/uploads\/sites\/2\/2022\/02\/Buy-W-18-Pills.jpg","type":"image\/jpeg"}],"twitter_card":"summary_large_image","twitter_misc":{"Est. reading time":"1 minute"},"schema":{"@context":"https:\/\/schema.org","@graph":[{"@type":"WebPage","@id":"https:\/\/medicinasinc.com\/cs\/product\/koupit-w-18-pilulky\/","url":"https:\/\/medicinasinc.com\/cs\/product\/koupit-w-18-pilulky\/","name":"Koupit W-18 Pills \u2013 W-18 Pills na prodej \u2013 Nejlep\u0161\u00ed glob\u00e1ln\u00ed l\u00e9ky","isPartOf":{"@id":"https:\/\/medicinasinc.com\/cs\/#website"},"primaryImageOfPage":{"@id":"https:\/\/medicinasinc.com\/cs\/product\/koupit-w-18-pilulky\/#primaryimage"},"image":{"@id":"https:\/\/medicinasinc.com\/cs\/product\/koupit-w-18-pilulky\/#primaryimage"},"thumbnailUrl":"https:\/\/medicinasinc.com\/cs\/wp-content\/uploads\/sites\/2\/2022\/02\/Buy-W-18-Pills.jpg","datePublished":"2022-02-22T02:47:20+00:00","dateModified":"2022-03-14T11:34:08+00:00","description":"Koupit pilulky W-18 na prodej Spojen\u00e9 kr\u00e1lovstv\u00ed, Evropa online Na\u0161e n\u00e1klady na dopravu a doru\u010den\u00ed jsou 100% bezpe\u010dn\u00e9 a pohodln\u00e9. objednejte si pilulky W-18 a z\u00edskejte od n\u00e1s \u00fa\u017easnou kvalitu","breadcrumb":{"@id":"https:\/\/medicinasinc.com\/cs\/product\/koupit-w-18-pilulky\/#breadcrumb"},"inLanguage":"en-US","potentialAction":[{"@type":"ReadAction","target":["https:\/\/medicinasinc.com\/cs\/product\/koupit-w-18-pilulky\/"]}]},{"@type":"ImageObject","inLanguage":"en-US","@id":"https:\/\/medicinasinc.com\/cs\/product\/koupit-w-18-pilulky\/#primaryimage","url":"https:\/\/medicinasinc.com\/cs\/wp-content\/uploads\/sites\/2\/2022\/02\/Buy-W-18-Pills.jpg","contentUrl":"https:\/\/medicinasinc.com\/cs\/wp-content\/uploads\/sites\/2\/2022\/02\/Buy-W-18-Pills.jpg","width":840,"height":781},{"@type":"BreadcrumbList","@id":"https:\/\/medicinasinc.com\/cs\/product\/koupit-w-18-pilulky\/#breadcrumb","itemListElement":[{"@type":"ListItem","position":1,"name":"Obchod","item":"https:\/\/medicinasinc.com\/cs\/obchod\/"},{"@type":"ListItem","position":2,"name":"Kupte si pilulky W-18"}]},{"@type":"WebSite","@id":"https:\/\/medicinasinc.com\/cs\/#website","url":"https:\/\/medicinasinc.com\/cs\/","name":"Medicinas Inc","description":"Health Medical Clinic","potentialAction":[{"@type":"SearchAction","target":{"@type":"EntryPoint","urlTemplate":"https:\/\/medicinasinc.com\/cs\/?s={search_term_string}"},"query-input":{"@type":"PropertyValueSpecification","valueRequired":true,"valueName":"search_term_string"}}],"inLanguage":"en-US"}]}},"_links":{"self":[{"href":"https:\/\/medicinasinc.com\/cs\/wp-json\/wp\/v2\/product\/5616","targetHints":{"allow":["GET"]}}],"collection":[{"href":"https:\/\/medicinasinc.com\/cs\/wp-json\/wp\/v2\/product"}],"about":[{"href":"https:\/\/medicinasinc.com\/cs\/wp-json\/wp\/v2\/types\/product"}],"replies":[{"embeddable":true,"href":"https:\/\/medicinasinc.com\/cs\/wp-json\/wp\/v2\/comments?post=5616"}],"wp:featuredmedia":[{"embeddable":true,"href":"https:\/\/medicinasinc.com\/cs\/wp-json\/wp\/v2\/media\/5627"}],"wp:attachment":[{"href":"https:\/\/medicinasinc.com\/cs\/wp-json\/wp\/v2\/media?parent=5616"}],"wp:term":[{"taxonomy":"product_brand","embeddable":true,"href":"https:\/\/medicinasinc.com\/cs\/wp-json\/wp\/v2\/product_brand?post=5616"},{"taxonomy":"product_cat","embeddable":true,"href":"https:\/\/medicinasinc.com\/cs\/wp-json\/wp\/v2\/product_cat?post=5616"},{"taxonomy":"product_tag","embeddable":true,"href":"https:\/\/medicinasinc.com\/cs\/wp-json\/wp\/v2\/product_tag?post=5616"}],"curies":[{"name":"wp","href":"https:\/\/api.w.org\/{rel}","templated":true}]}}