{"id":5615,"date":"2022-02-22T02:46:09","date_gmt":"2022-02-22T02:46:09","guid":{"rendered":"https:\/\/medicinasinc.com\/cs\/?post_type=product&#038;p=5615"},"modified":"2022-08-03T12:05:37","modified_gmt":"2022-08-03T12:05:37","slug":"koupit-bila-divka-koupelova-sul","status":"publish","type":"product","link":"https:\/\/medicinasinc.com\/cs\/product\/koupit-bila-divka-koupelova-sul\/","title":{"rendered":"Koupit White Girl Koupelov\u00e1 s\u016fl"},"content":{"rendered":"<p>S\u016fl do koupele White Girl m\u016f\u017eete zakoupit na webu.<br \/>\nKoupelovou s\u016fl White Girl lze zakoupit online. Jak je koup\u00edm?<\/p>\n<p>Kde chcete koupit koupelov\u00e9 soli pro b\u00edl\u00e9 d\u00edvky? Kdy\u017e si koup\u00edte koupelov\u00e9 soli pro b\u00edlou d\u00edvku od Best Global Meds, nejsou \u017e\u00e1dn\u00e9 pot\u00ed\u017ee ani ne\u0161ikovnost. Abychom se ujistili, \u017ee u\u0161et\u0159\u00edte pen\u00edze, kdy\u017e si koup\u00edte koupelov\u00e9 soli pro b\u00edl\u00e9 d\u00edvky z na\u0161\u00ed online drogerie, tvrd\u011b pracujeme. Kdy\u017e si koup\u00edte n\u011bco od Chemicals Lab, chceme, abyste platili m\u00e9n\u011b a dostali v\u00edce.<\/p>\n<p>Kupte si koupelov\u00e9 soli pro White Girl.<\/p>\n<p>Z legitimn\u00edho zdroje si m\u016f\u017eete koupit White Girl Bath Soli online. Prod\u00e1v\u00e1me ty nejlep\u0161\u00ed produkty do koupele, jako jsou koupelov\u00e9 soli. Koupelov\u00e9 soli v\u00e1m poskytnou hladkou, smyslnou koupel, kter\u00e1 v\u00e1m po pou\u017eit\u00ed zanech\u00e1 pocit \u010distoty. Na\u0161i z\u00e1kazn\u00edci si v\u0161ak mohou b\u00fdt jisti, \u017ee dostanou ty nejlep\u0161\u00ed produkty na trhu. Prod\u00e1v\u00e1me a nakupujeme v\u0161ak i jin\u00e9 koncentrovan\u00e9 koupelov\u00e9 soli za dobr\u00e9 ceny.<\/p>\n<p>Na\u0161e koupelov\u00e9 soli maj\u00ed siln\u00fd z\u00e1pach.<\/p>\n<p>Existuje mnoho r\u016fzn\u00fdch druh\u016f koupelov\u00fdch sol\u00ed White Girl, a jsou ur\u010deny k tomu, aby v\u00e1\u0161 z\u00e1\u017eitek z koup\u00e1n\u00ed byl je\u0161t\u011b lep\u0161\u00ed. K dosa\u017een\u00ed velk\u00e9ho rozd\u00edlu sta\u010d\u00ed mal\u00e9 mno\u017estv\u00ed. M\u016f\u017eete v\u0161ak p\u0159idat jen mal\u00e9 mno\u017estv\u00ed do hork\u00e9 koupele, aby se voda p\u0159irozen\u011b zm\u011bk\u010dila, a budete se po n\u00ed c\u00edtit velmi energi\u010dt\u00ed a \u0161\u0165astn\u00ed. Pou\u017e\u00edv\u00e1 se v\u0161ak k tomu, aby vypadal jako p\u0159\u00edrodn\u00ed hork\u00e9 prameny \u0159eck\u00e9ho mo\u0159e. Zpo\u010d\u00e1tku pou\u017e\u00edvejte jen velmi m\u00e1lo koupelov\u00e9 soli White Girl, proto\u017ee p\u0159\u00edli\u0161 mnoho za\u0161pin\u00ed vodu ve van\u011b a budete ne\u0161\u0165astn\u00ed. B\u00edl\u00e1 d\u00edv\u010d\u00ed koupelov\u00e1 s\u016fl v\u00e1m naproti tomu m\u016f\u017ee pomoci dostat se na m\u00edsta, o kter\u00fdch jste si mysleli, \u017ee jsou nemo\u017en\u00e1.<\/p>\n","protected":false},"excerpt":{"rendered":"<p>N\u00e1\u0161 obchod medicinasinc.com prod\u00e1v\u00e1 koupelovou s\u016fl White Girl na prodej ve Velk\u00e9 Brit\u00e1nii, Evrop\u011b a po cel\u00e9m sv\u011bt\u011b! Nejlep\u0161\u00ed koupelovou s\u016fl pro b\u00edlou d\u00edvku si m\u016f\u017eete koupit zde!<\/p>\n<p>Cena koupelov\u00fdch sol\u00ed pro b\u00edl\u00e9 d\u00edvky na internetu m\u016f\u017ee b\u00fdt p\u0159\u00edli\u0161 vysok\u00e1.<\/p>\n<p>V Best global medis si m\u016f\u017eete koupit b\u00edlou d\u00edvku koupelov\u00e9 soli z pohodl\u00ed va\u0161eho domova. Koupelov\u00e9 soli pro b\u00edl\u00e9 d\u00edvky jsou na prodej.<\/p>\n<p>V tomto p\u0159\u00edpad\u011b si m\u016f\u017eete koupit koupelov\u00e9 soli na internetu White Girl 500mg Koupelov\u00e1 s\u016fl<\/p>\n<p>Best Global Meds prod\u00e1v\u00e1 vysoce kvalitn\u00ed koupelov\u00e9 soli, kter\u00e9 Dop\u0159ejte v\u00e1m hladkou, smyslnou koupel, kter\u00e1 v\u00e1m zanech\u00e1 pocit \u010distoty.<\/p>\n<p>Kdy\u017e si u n\u00e1s koup\u00edte b\u00edl\u00e9 koupelov\u00e9 soli pro d\u00edvky online, m\u016f\u017eete si b\u00fdt jisti, \u017ee budou to nejlep\u0161\u00ed, co m\u016f\u017eete z\u00edskat. Prod\u00e1v\u00e1me a nakupujeme dal\u0161\u00ed koncentrovan\u00e9 koupelov\u00e9 soli za dobr\u00e9 ceny.<\/p>\n<p>Na\u0161e koupelov\u00e9 soli maj\u00ed siln\u00fd z\u00e1pach.<\/p>\n<div class=\"product-next-previous\">\n<div class=\"product- p\u0159edchoz\u00ed\"><\/div>\n<\/div>\n","protected":false},"featured_media":5625,"comment_status":"open","ping_status":"closed","template":"","meta":[],"product_brand":[],"product_cat":[2014],"product_tag":[3304,3299,3300,3303,3301,3305,3302,3306],"class_list":{"0":"post-5615","1":"product","2":"type-product","3":"status-publish","4":"has-post-thumbnail","6":"product_cat-koupit-vyzkumne-chemikalie","7":"product_tag-bl-dvka-500mg-soli-do-koupele-online","8":"product_tag-buy-concentrated-white-girl-500mg-bath-salt-online","9":"product_tag-buy-white-girl-bath-salts-online","10":"product_tag-kde-koupit-bl-dv-koupelov-soli","11":"product_tag-koncentrovan-c3-a1-b-c3-adl-c3-a1-500-mg-koupel-c3-a9-sl","12":"product_tag-bl-dv-koupelov-soli","13":"product_tag-objednat-bl-dvka-koupelov-soli-online","14":"product_tag-bl-dv-koupelov-soli-na-prodej","16":"first","17":"instock","18":"shipping-taxable","19":"purchasable","20":"product-type-variable","21":"has-default-attributes"},"yoast_head":"<!-- This site is optimized with the Yoast SEO plugin v27.3 - https:\/\/yoast.com\/product\/yoast-seo-wordpress\/ -->\n<title>Prod\u00e1m White Girl Koupelov\u00e1 s\u016fl - Koupelov\u00e1 s\u016fl na prodej - Nejlep\u0161\u00ed glob\u00e1ln\u00ed l\u00e9ky<\/title>\n<meta name=\"description\" content=\"chcete koupit White Girl Bath Salt na prodej ve Velk\u00e9 Brit\u00e1nii, Evrop\u011b v na\u0161em obchod\u011b medicinasinc.com s rychlou celosv\u011btovou dopravou! Nejlep\u0161\u00ed White Girl Koupelov\u00e1 s\u016fl k objedn\u00e1n\u00ed najdete zde!\" \/>\n<meta name=\"robots\" content=\"index, follow, max-snippet:-1, max-image-preview:large, max-video-preview:-1\" \/>\n<link rel=\"canonical\" href=\"https:\/\/medicinasinc.com\/cs\/product\/koupit-bila-divka-koupelova-sul\/\" \/>\n<meta property=\"og:locale\" content=\"en_US\" \/>\n<meta property=\"og:type\" content=\"article\" \/>\n<meta property=\"og:title\" content=\"Prod\u00e1m White Girl Koupelov\u00e1 s\u016fl - Koupelov\u00e1 s\u016fl na prodej - Nejlep\u0161\u00ed glob\u00e1ln\u00ed l\u00e9ky\" \/>\n<meta property=\"og:description\" content=\"chcete koupit White Girl Bath Salt na prodej ve Velk\u00e9 Brit\u00e1nii, Evrop\u011b v na\u0161em obchod\u011b medicinasinc.com s rychlou celosv\u011btovou dopravou! Nejlep\u0161\u00ed White Girl Koupelov\u00e1 s\u016fl k objedn\u00e1n\u00ed najdete zde!\" \/>\n<meta property=\"og:url\" content=\"https:\/\/medicinasinc.com\/cs\/product\/koupit-bila-divka-koupelova-sul\/\" \/>\n<meta property=\"og:site_name\" content=\"Medicinas Inc\" \/>\n<meta property=\"article:modified_time\" content=\"2022-08-03T12:05:37+00:00\" \/>\n<meta property=\"og:image\" content=\"https:\/\/medicinasinc.com\/cs\/wp-content\/uploads\/sites\/2\/2022\/02\/Buy-White-Girl-Bath-Salt.jpg\" \/>\n\t<meta property=\"og:image:width\" content=\"600\" \/>\n\t<meta property=\"og:image:height\" content=\"600\" \/>\n\t<meta property=\"og:image:type\" content=\"image\/jpeg\" \/>\n<meta name=\"twitter:card\" content=\"summary_large_image\" \/>\n<meta name=\"twitter:label1\" content=\"Est. reading time\" \/>\n\t<meta name=\"twitter:data1\" content=\"2 minutes\" \/>\n<script type=\"application\/ld+json\" class=\"yoast-schema-graph\">{\"@context\":\"https:\\\/\\\/schema.org\",\"@graph\":[{\"@type\":\"WebPage\",\"@id\":\"https:\\\/\\\/medicinasinc.com\\\/cs\\\/product\\\/koupit-bila-divka-koupelova-sul\\\/\",\"url\":\"https:\\\/\\\/medicinasinc.com\\\/cs\\\/product\\\/koupit-bila-divka-koupelova-sul\\\/\",\"name\":\"Prod\u00e1m White Girl Koupelov\u00e1 s\u016fl - Koupelov\u00e1 s\u016fl na prodej - Nejlep\u0161\u00ed glob\u00e1ln\u00ed l\u00e9ky\",\"isPartOf\":{\"@id\":\"https:\\\/\\\/medicinasinc.com\\\/cs\\\/#website\"},\"primaryImageOfPage\":{\"@id\":\"https:\\\/\\\/medicinasinc.com\\\/cs\\\/product\\\/koupit-bila-divka-koupelova-sul\\\/#primaryimage\"},\"image\":{\"@id\":\"https:\\\/\\\/medicinasinc.com\\\/cs\\\/product\\\/koupit-bila-divka-koupelova-sul\\\/#primaryimage\"},\"thumbnailUrl\":\"https:\\\/\\\/medicinasinc.com\\\/cs\\\/wp-content\\\/uploads\\\/sites\\\/2\\\/2022\\\/02\\\/Buy-White-Girl-Bath-Salt.jpg\",\"datePublished\":\"2022-02-22T02:46:09+00:00\",\"dateModified\":\"2022-08-03T12:05:37+00:00\",\"description\":\"chcete koupit White Girl Bath Salt na prodej ve Velk\u00e9 Brit\u00e1nii, Evrop\u011b v na\u0161em obchod\u011b medicinasinc.com s rychlou celosv\u011btovou dopravou! Nejlep\u0161\u00ed White Girl Koupelov\u00e1 s\u016fl k objedn\u00e1n\u00ed najdete zde!\",\"breadcrumb\":{\"@id\":\"https:\\\/\\\/medicinasinc.com\\\/cs\\\/product\\\/koupit-bila-divka-koupelova-sul\\\/#breadcrumb\"},\"inLanguage\":\"en-US\",\"potentialAction\":[{\"@type\":\"ReadAction\",\"target\":[\"https:\\\/\\\/medicinasinc.com\\\/cs\\\/product\\\/koupit-bila-divka-koupelova-sul\\\/\"]}]},{\"@type\":\"ImageObject\",\"inLanguage\":\"en-US\",\"@id\":\"https:\\\/\\\/medicinasinc.com\\\/cs\\\/product\\\/koupit-bila-divka-koupelova-sul\\\/#primaryimage\",\"url\":\"https:\\\/\\\/medicinasinc.com\\\/cs\\\/wp-content\\\/uploads\\\/sites\\\/2\\\/2022\\\/02\\\/Buy-White-Girl-Bath-Salt.jpg\",\"contentUrl\":\"https:\\\/\\\/medicinasinc.com\\\/cs\\\/wp-content\\\/uploads\\\/sites\\\/2\\\/2022\\\/02\\\/Buy-White-Girl-Bath-Salt.jpg\",\"width\":600,\"height\":600},{\"@type\":\"BreadcrumbList\",\"@id\":\"https:\\\/\\\/medicinasinc.com\\\/cs\\\/product\\\/koupit-bila-divka-koupelova-sul\\\/#breadcrumb\",\"itemListElement\":[{\"@type\":\"ListItem\",\"position\":1,\"name\":\"Obchod\",\"item\":\"https:\\\/\\\/medicinasinc.com\\\/cs\\\/obchod\\\/\"},{\"@type\":\"ListItem\",\"position\":2,\"name\":\"Koupit White Girl Koupelov\u00e1 s\u016fl\"}]},{\"@type\":\"WebSite\",\"@id\":\"https:\\\/\\\/medicinasinc.com\\\/cs\\\/#website\",\"url\":\"https:\\\/\\\/medicinasinc.com\\\/cs\\\/\",\"name\":\"Medicinas Inc\",\"description\":\"Health Medical Clinic\",\"potentialAction\":[{\"@type\":\"SearchAction\",\"target\":{\"@type\":\"EntryPoint\",\"urlTemplate\":\"https:\\\/\\\/medicinasinc.com\\\/cs\\\/?s={search_term_string}\"},\"query-input\":{\"@type\":\"PropertyValueSpecification\",\"valueRequired\":true,\"valueName\":\"search_term_string\"}}],\"inLanguage\":\"en-US\"}]}<\/script>\n<!-- \/ Yoast SEO plugin. -->","yoast_head_json":{"title":"Prod\u00e1m White Girl Koupelov\u00e1 s\u016fl - Koupelov\u00e1 s\u016fl na prodej - Nejlep\u0161\u00ed glob\u00e1ln\u00ed l\u00e9ky","description":"chcete koupit White Girl Bath Salt na prodej ve Velk\u00e9 Brit\u00e1nii, Evrop\u011b v na\u0161em obchod\u011b medicinasinc.com s rychlou celosv\u011btovou dopravou! Nejlep\u0161\u00ed White Girl Koupelov\u00e1 s\u016fl k objedn\u00e1n\u00ed najdete zde!","robots":{"index":"index","follow":"follow","max-snippet":"max-snippet:-1","max-image-preview":"max-image-preview:large","max-video-preview":"max-video-preview:-1"},"canonical":"https:\/\/medicinasinc.com\/cs\/product\/koupit-bila-divka-koupelova-sul\/","og_locale":"en_US","og_type":"article","og_title":"Prod\u00e1m White Girl Koupelov\u00e1 s\u016fl - Koupelov\u00e1 s\u016fl na prodej - Nejlep\u0161\u00ed glob\u00e1ln\u00ed l\u00e9ky","og_description":"chcete koupit White Girl Bath Salt na prodej ve Velk\u00e9 Brit\u00e1nii, Evrop\u011b v na\u0161em obchod\u011b medicinasinc.com s rychlou celosv\u011btovou dopravou! Nejlep\u0161\u00ed White Girl Koupelov\u00e1 s\u016fl k objedn\u00e1n\u00ed najdete zde!","og_url":"https:\/\/medicinasinc.com\/cs\/product\/koupit-bila-divka-koupelova-sul\/","og_site_name":"Medicinas Inc","article_modified_time":"2022-08-03T12:05:37+00:00","og_image":[{"width":600,"height":600,"url":"https:\/\/medicinasinc.com\/cs\/wp-content\/uploads\/sites\/2\/2022\/02\/Buy-White-Girl-Bath-Salt.jpg","type":"image\/jpeg"}],"twitter_card":"summary_large_image","twitter_misc":{"Est. reading time":"2 minutes"},"schema":{"@context":"https:\/\/schema.org","@graph":[{"@type":"WebPage","@id":"https:\/\/medicinasinc.com\/cs\/product\/koupit-bila-divka-koupelova-sul\/","url":"https:\/\/medicinasinc.com\/cs\/product\/koupit-bila-divka-koupelova-sul\/","name":"Prod\u00e1m White Girl Koupelov\u00e1 s\u016fl - Koupelov\u00e1 s\u016fl na prodej - Nejlep\u0161\u00ed glob\u00e1ln\u00ed l\u00e9ky","isPartOf":{"@id":"https:\/\/medicinasinc.com\/cs\/#website"},"primaryImageOfPage":{"@id":"https:\/\/medicinasinc.com\/cs\/product\/koupit-bila-divka-koupelova-sul\/#primaryimage"},"image":{"@id":"https:\/\/medicinasinc.com\/cs\/product\/koupit-bila-divka-koupelova-sul\/#primaryimage"},"thumbnailUrl":"https:\/\/medicinasinc.com\/cs\/wp-content\/uploads\/sites\/2\/2022\/02\/Buy-White-Girl-Bath-Salt.jpg","datePublished":"2022-02-22T02:46:09+00:00","dateModified":"2022-08-03T12:05:37+00:00","description":"chcete koupit White Girl Bath Salt na prodej ve Velk\u00e9 Brit\u00e1nii, Evrop\u011b v na\u0161em obchod\u011b medicinasinc.com s rychlou celosv\u011btovou dopravou! Nejlep\u0161\u00ed White Girl Koupelov\u00e1 s\u016fl k objedn\u00e1n\u00ed najdete zde!","breadcrumb":{"@id":"https:\/\/medicinasinc.com\/cs\/product\/koupit-bila-divka-koupelova-sul\/#breadcrumb"},"inLanguage":"en-US","potentialAction":[{"@type":"ReadAction","target":["https:\/\/medicinasinc.com\/cs\/product\/koupit-bila-divka-koupelova-sul\/"]}]},{"@type":"ImageObject","inLanguage":"en-US","@id":"https:\/\/medicinasinc.com\/cs\/product\/koupit-bila-divka-koupelova-sul\/#primaryimage","url":"https:\/\/medicinasinc.com\/cs\/wp-content\/uploads\/sites\/2\/2022\/02\/Buy-White-Girl-Bath-Salt.jpg","contentUrl":"https:\/\/medicinasinc.com\/cs\/wp-content\/uploads\/sites\/2\/2022\/02\/Buy-White-Girl-Bath-Salt.jpg","width":600,"height":600},{"@type":"BreadcrumbList","@id":"https:\/\/medicinasinc.com\/cs\/product\/koupit-bila-divka-koupelova-sul\/#breadcrumb","itemListElement":[{"@type":"ListItem","position":1,"name":"Obchod","item":"https:\/\/medicinasinc.com\/cs\/obchod\/"},{"@type":"ListItem","position":2,"name":"Koupit White Girl Koupelov\u00e1 s\u016fl"}]},{"@type":"WebSite","@id":"https:\/\/medicinasinc.com\/cs\/#website","url":"https:\/\/medicinasinc.com\/cs\/","name":"Medicinas Inc","description":"Health Medical Clinic","potentialAction":[{"@type":"SearchAction","target":{"@type":"EntryPoint","urlTemplate":"https:\/\/medicinasinc.com\/cs\/?s={search_term_string}"},"query-input":{"@type":"PropertyValueSpecification","valueRequired":true,"valueName":"search_term_string"}}],"inLanguage":"en-US"}]}},"_links":{"self":[{"href":"https:\/\/medicinasinc.com\/cs\/wp-json\/wp\/v2\/product\/5615","targetHints":{"allow":["GET"]}}],"collection":[{"href":"https:\/\/medicinasinc.com\/cs\/wp-json\/wp\/v2\/product"}],"about":[{"href":"https:\/\/medicinasinc.com\/cs\/wp-json\/wp\/v2\/types\/product"}],"replies":[{"embeddable":true,"href":"https:\/\/medicinasinc.com\/cs\/wp-json\/wp\/v2\/comments?post=5615"}],"wp:featuredmedia":[{"embeddable":true,"href":"https:\/\/medicinasinc.com\/cs\/wp-json\/wp\/v2\/media\/5625"}],"wp:attachment":[{"href":"https:\/\/medicinasinc.com\/cs\/wp-json\/wp\/v2\/media?parent=5615"}],"wp:term":[{"taxonomy":"product_brand","embeddable":true,"href":"https:\/\/medicinasinc.com\/cs\/wp-json\/wp\/v2\/product_brand?post=5615"},{"taxonomy":"product_cat","embeddable":true,"href":"https:\/\/medicinasinc.com\/cs\/wp-json\/wp\/v2\/product_cat?post=5615"},{"taxonomy":"product_tag","embeddable":true,"href":"https:\/\/medicinasinc.com\/cs\/wp-json\/wp\/v2\/product_tag?post=5615"}],"curies":[{"name":"wp","href":"https:\/\/api.w.org\/{rel}","templated":true}]}}