{"id":5614,"date":"2022-02-22T02:44:39","date_gmt":"2022-02-22T02:44:39","guid":{"rendered":"https:\/\/medicinasinc.com\/cs\/?post_type=product&#038;p=5614"},"modified":"2022-08-03T12:16:42","modified_gmt":"2022-08-03T12:16:42","slug":"koupit-bk-ethyl-k-krystaly","status":"publish","type":"product","link":"https:\/\/medicinasinc.com\/cs\/product\/koupit-bk-ethyl-k-krystaly\/","title":{"rendered":"Kupte si krystaly bk-Ethyl-K"},"content":{"rendered":"<p>Nakupte bk-Ethyl-K Chemical online od velkoobchodn\u00edka.<\/p>\n<p>chemik\u00e1lii bk-Ethyl-K lze zakoupit ve velk\u00e9m.<\/p>\n<p>BKK-ethyl-k<\/p>\n<p>Je tak\u00e9 zn\u00e1m\u00fd jako Ethylone, co\u017e je entaktogenn\u00ed energiz\u00e9r. \u010casto se naz\u00fdv\u00e1 3,4-methylendioxy-N-ethylcathinone, ale tento n\u00e1zev nen\u00ed v\u017edy spr\u00e1vn\u00fd. Ethylon se naz\u00fdv\u00e1 1-(1,3-benzodioxol-5-yl)-2-(methylamino)-1-propanon, proto\u017ee m\u00e1 u\u017eite\u010dn\u00fd n\u00e1zev. Vzorec: C12H15NO3 m\u00e1 norm\u00e1ln\u00ed hmotnost 221,251999 Da a monoizotopickou hmotnost 221,104996 Da. Toto je subjadern\u00fd vzorec. Nejlep\u0161\u00edm m\u00edstem pro n\u00e1kup etylenu je \u010c\u00edna. Ethylon je cenn\u00fd k\u00e1men, kter\u00fd lze koupit. Kupte si ethylov\u00e9 kameny, kter\u00e9 jsou cenn\u00e9. Dodavatel etylonu. Kupte si etylen se slevou. sleva Ethylone<\/p>\n<p>Nov\u00fd stimulant bk-Ethyl-K je l\u00e9k vyroben\u00fd design\u00e9rem. Je to analog amfetaminu. S nov\u00fdm vzorcem nejsou na celn\u00edch \u00fa\u0159adech \u017e\u00e1dn\u00e9 probl\u00e9my.<\/p>\n<table class=\"t1\" cellspacing=\"0\" cellpadding=\"0\">\n<tbody>\n<tr>\n<td class=\"td1\" valign=\"top \">\n<p class=\"p3\"><span class=\"s1\"><b>Synonyma<\/b><\/span><\/p>\n<\/td>\n<td class=\"td2\" valign=\"top\">\n<p class=\"p3\"><span class=\"s1\"> bk-Ethyl-K<\/span><\/p>\n<\/td>\n<\/tr>\n<tr>\n<td class=\"td3\" valign=\"top\">\n<p class=\"p3\"><span class=\"s1\"><b>IUPAC<\/b><\/span><\/p>\n<\/td>\n<td class=\"td4\" valign=\"top\">\n<p class=\"p3\"><span class=\"s1\">1-(benzo[d][1,3]dioxol-5-yl)-2-(ethylamino)pentan-1-on<\/span><\/p>\n<\/td>\n<\/tr>\n<tr>\n<td class=\"td1\" valign=\"top\">\n<p class=\"p3\"><span class=\"s1\"><b>Vzorec<\/b><\/span><\/p>\n<\/td>\n<td class=\"td2\" valign=\"top\">\n<p class=\"p3\"><span class=\"s1\">Ne<\/span><\/p>\n<\/td>\n<\/tr>\n<tr>\n<td class=\"td3\" valign=\"top\">\n<p class=\"p3\"><span class=\"s1\"><b>Molekul\u00e1rn\u00ed hmotnost<\/b><\/span><\/p>\n<\/td>\n<td class=\"td4\" valign=\"top\">\n<p class=\"p3\"><span class=\"s1\">Ne <\/span><\/p>\n<\/td>\n<\/tr>\n<tr>\n<td class=\"td1\" valign=\"top\">\n<p class=\"p3\"><span class=\"s1\"><b>CAS<\/b><\/span><\/p>\n<\/td>\n<td class=\"td2\" valign=\"top\">\n<p class=\"p3\"><span class=\"s1\">Ne<\/span><\/p>\n<\/td>\n<\/tr>\n<tr>\n<td class=\"td3\" valign=\"top\">\n<p class=\"p3\"><span class=\"s1\"><b>Vzhled <\/b><\/span><\/p>\n<\/td>\n<td class=\"td4\" valign=\"top\">\n<p class=\"p3\"><span class=\"s1\">Ne<\/span><\/p>\n<\/td>\n<\/tr>\n<tr>\n<td class=\"td1\" valign=\"top\">\n<p class=\"p3\"><span class=\"s1\"><b>\u010cistota<\/b><\/span><\/p>\n<\/td>\n<td class=\"td2\" valign=\"top\">\n<p class=\"p3\"><span class=\"s1\">\u2265 99 %<\/span><\/p>\n<\/td>\n<\/tr>\n<\/tbody>\n<\/table>\n<p><img loading=\"lazy\" decoding=\"async\" class=\"alignnone wp-image-923 size-full lazyloaded\" style=\"border: 0px;vertical-align: middle;height: auto;max-width: 100%\" src=\"https:\/\/i2.wp.com\/chemspro.com\/wp-content\/uploads\/sites\/2\/2017\/04\/bk-ethyl-k- e1570866136196.jpg?resize=260%2C185&amp;ssl=1\" alt=\"bk-Ethyl-K\" width=\"260\" height=\"185\" data-attachment-id=\"923\" data-permalink=\"https:\/ \/chemspro.com\/stimulants\/bk-ethyl-k-crystals.html \/attachment\/bk-ethyl-k\" data-orig-file=\"https:\/\/i2.wp.com\/chemspro.com\/wp-content\/uploads\/sites\/2\/2017\/04\/bk-ethyl-k- e1570866136196.jpg?fit=260%2C185&amp;ssl=1\" data-orig-size=\"260,185\" data-comments-opened=\"1\" \/><\/p>\n<p>Lid\u00e9, kte\u0159\u00ed nakupuj\u00ed Bk-Ethyl-K z tohoto web by jej m\u011bl pou\u017e\u00edvat pro v\u00fdzkum a forenzn\u00ed anal\u00fdzu. Bk- Ethyl-K je sou\u010d\u00e1st\u00ed chemick\u00fdch skupin kathinon\u016f a amfetamin\u016f. Toto je hmotnost vzorce: 285,8 g-mol<\/p>\n<p>Nikdo nev\u00ed, co se s v\u00e1mi stane po u\u017eit\u00ed bk-Ethyl-K, ale n\u011bjak\u00e9 mohou b\u00fdt.<\/p>\n<p>\u00dapln\u00e9 chemick\u00fd n\u00e1zev je bk-Ethyl-K: 1-(benzo[d][1,3]dioxol-5-yl)-2-(ethylamino)pentan-1-on je prvn\u00ed.<\/p>\n<p>Skladov\u00e1n\u00ed: na chladn\u00e9m a such\u00e9m m\u00edst\u011b. Term\u00edny bk-Ethyl-K mohou vydr\u017eet a\u017e dva roky, pokud jsou skladov\u00e1ny spr\u00e1vn\u00fdm zp\u016fsobem.<\/p>\n","protected":false},"excerpt":{"rendered":"<div class=\"woocommerce-product-details__short-description\">\n<p>V na\u0161em obchod\u011b medicinasinc.com si m\u016f\u017eete koupit levn\u00e9 krystaly bk-Ethyl-K na prodej ve Velk\u00e9 Brit\u00e1nii, Evrop\u011b a po cel\u00e9m sv\u011bt\u011b! Zde si m\u016f\u017eete koupit nejlep\u0161\u00ed krystaly bk-Ethyl-K na objedn\u00e1vku.<\/p>\n<p>Nakupte bk-Ethyl-K Chemical online od velkoobchodn\u00edka. levn\u00e9 v\u00fdzkumn\u00e9 chemik\u00e1lie, kter\u00e9 maj\u00ed nejlep\u0161\u00ed \u010distotu pro v\u00fdzkum<\/p>\n<p>.<\/p>\n<\/div>\n","protected":false},"featured_media":5623,"comment_status":"open","ping_status":"closed","template":"","meta":[],"product_brand":[],"product_cat":[2014],"product_tag":[3281,3282,3283,3288,3286,3285,3289,3291,3284,3293,3294,3287,3292,3297,3296,3295,3290,3298],"class_list":{"0":"post-5614","1":"product","2":"type-product","3":"status-publish","4":"has-post-thumbnail","6":"product_cat-koupit-vyzkumne-chemikalie","7":"product_tag-best-bk-ethyl-k-crystals-wholesale","8":"product_tag-best-place-to-buy-bk-ethyl-k-crystals","9":"product_tag-best-place-to-buy-mxe","10":"product_tag-bk-ethyl-k-crystals-for-sale","11":"product_tag-bk-ethyl-k-crystals-buy-europe","12":"product_tag-bk-ethyl-k-crystals-buy","13":"product_tag-bk-ethyl-k-crystals-kufen","14":"product_tag-bk-ethyl-k-crystals-reddit","15":"product_tag-bk-ethyl-k-krystaly","16":"product_tag-buy-bk-ethyl-k-crystals-europe","17":"product_tag-buy-bk-ethyl-k-crystals-uk","18":"product_tag-bk-ethyl-k-crystals-efekt","19":"product_tag-koupit-bk-ethyl-k-krystaly","20":"product_tag-maloobchodn-bk-ethyl-k-krystaly","21":"product_tag-order-bk-ethyl-k-crystals-uk","22":"product_tag-dmt-objednvka","23":"product_tag-bk-ethyl-k-crystals-order","24":"product_tag-velkoobchod-bk-ethyl-k-krystaly","26":"first","27":"instock","28":"shipping-taxable","29":"purchasable","30":"product-type-variable","31":"has-default-attributes"},"yoast_head":"<!-- This site is optimized with the Yoast SEO plugin v27.3 - https:\/\/yoast.com\/product\/yoast-seo-wordpress\/ -->\n<title>Kupte si krystaly bk-Ethyl-K - bk-Ethyl-K online- Nejlep\u0161\u00ed glob\u00e1ln\u00ed l\u00e9ky<\/title>\n<meta name=\"description\" content=\"chcete koupit levn\u00e9 krystaly bk-Ethyl-K na prodej ve Velk\u00e9 Brit\u00e1nii, Evrop\u011b v na\u0161em obchod\u011b medicinasinc.com s rychlou celosv\u011btovou dopravou! Nejlep\u0161\u00ed krystaly bk-Ethyl-K pro objedn\u00e1n\u00ed najdete zde!\" \/>\n<meta name=\"robots\" content=\"index, follow, max-snippet:-1, max-image-preview:large, max-video-preview:-1\" \/>\n<link rel=\"canonical\" href=\"https:\/\/medicinasinc.com\/cs\/product\/koupit-bk-ethyl-k-krystaly\/\" \/>\n<meta property=\"og:locale\" content=\"en_US\" \/>\n<meta property=\"og:type\" content=\"article\" \/>\n<meta property=\"og:title\" content=\"Kupte si krystaly bk-Ethyl-K - bk-Ethyl-K online- Nejlep\u0161\u00ed glob\u00e1ln\u00ed l\u00e9ky\" \/>\n<meta property=\"og:description\" content=\"chcete koupit levn\u00e9 krystaly bk-Ethyl-K na prodej ve Velk\u00e9 Brit\u00e1nii, Evrop\u011b v na\u0161em obchod\u011b medicinasinc.com s rychlou celosv\u011btovou dopravou! Nejlep\u0161\u00ed krystaly bk-Ethyl-K pro objedn\u00e1n\u00ed najdete zde!\" \/>\n<meta property=\"og:url\" content=\"https:\/\/medicinasinc.com\/cs\/product\/koupit-bk-ethyl-k-krystaly\/\" \/>\n<meta property=\"og:site_name\" content=\"Medicinas Inc\" \/>\n<meta property=\"article:modified_time\" content=\"2022-08-03T12:16:42+00:00\" \/>\n<meta property=\"og:image\" content=\"https:\/\/medicinasinc.com\/cs\/wp-content\/uploads\/sites\/2\/2022\/02\/Buy-bk-Ethyl-K-Crystals.jpg\" \/>\n\t<meta property=\"og:image:width\" content=\"600\" \/>\n\t<meta property=\"og:image:height\" content=\"600\" \/>\n\t<meta property=\"og:image:type\" content=\"image\/jpeg\" \/>\n<meta name=\"twitter:card\" content=\"summary_large_image\" \/>\n<meta name=\"twitter:label1\" content=\"Est. reading time\" \/>\n\t<meta name=\"twitter:data1\" content=\"2 minutes\" \/>\n<script type=\"application\/ld+json\" class=\"yoast-schema-graph\">{\"@context\":\"https:\\\/\\\/schema.org\",\"@graph\":[{\"@type\":\"WebPage\",\"@id\":\"https:\\\/\\\/medicinasinc.com\\\/cs\\\/product\\\/koupit-bk-ethyl-k-krystaly\\\/\",\"url\":\"https:\\\/\\\/medicinasinc.com\\\/cs\\\/product\\\/koupit-bk-ethyl-k-krystaly\\\/\",\"name\":\"Kupte si krystaly bk-Ethyl-K - bk-Ethyl-K online- Nejlep\u0161\u00ed glob\u00e1ln\u00ed l\u00e9ky\",\"isPartOf\":{\"@id\":\"https:\\\/\\\/medicinasinc.com\\\/cs\\\/#website\"},\"primaryImageOfPage\":{\"@id\":\"https:\\\/\\\/medicinasinc.com\\\/cs\\\/product\\\/koupit-bk-ethyl-k-krystaly\\\/#primaryimage\"},\"image\":{\"@id\":\"https:\\\/\\\/medicinasinc.com\\\/cs\\\/product\\\/koupit-bk-ethyl-k-krystaly\\\/#primaryimage\"},\"thumbnailUrl\":\"https:\\\/\\\/medicinasinc.com\\\/cs\\\/wp-content\\\/uploads\\\/sites\\\/2\\\/2022\\\/02\\\/Buy-bk-Ethyl-K-Crystals.jpg\",\"datePublished\":\"2022-02-22T02:44:39+00:00\",\"dateModified\":\"2022-08-03T12:16:42+00:00\",\"description\":\"chcete koupit levn\u00e9 krystaly bk-Ethyl-K na prodej ve Velk\u00e9 Brit\u00e1nii, Evrop\u011b v na\u0161em obchod\u011b medicinasinc.com s rychlou celosv\u011btovou dopravou! Nejlep\u0161\u00ed krystaly bk-Ethyl-K pro objedn\u00e1n\u00ed najdete zde!\",\"breadcrumb\":{\"@id\":\"https:\\\/\\\/medicinasinc.com\\\/cs\\\/product\\\/koupit-bk-ethyl-k-krystaly\\\/#breadcrumb\"},\"inLanguage\":\"en-US\",\"potentialAction\":[{\"@type\":\"ReadAction\",\"target\":[\"https:\\\/\\\/medicinasinc.com\\\/cs\\\/product\\\/koupit-bk-ethyl-k-krystaly\\\/\"]}]},{\"@type\":\"ImageObject\",\"inLanguage\":\"en-US\",\"@id\":\"https:\\\/\\\/medicinasinc.com\\\/cs\\\/product\\\/koupit-bk-ethyl-k-krystaly\\\/#primaryimage\",\"url\":\"https:\\\/\\\/medicinasinc.com\\\/cs\\\/wp-content\\\/uploads\\\/sites\\\/2\\\/2022\\\/02\\\/Buy-bk-Ethyl-K-Crystals.jpg\",\"contentUrl\":\"https:\\\/\\\/medicinasinc.com\\\/cs\\\/wp-content\\\/uploads\\\/sites\\\/2\\\/2022\\\/02\\\/Buy-bk-Ethyl-K-Crystals.jpg\",\"width\":600,\"height\":600},{\"@type\":\"BreadcrumbList\",\"@id\":\"https:\\\/\\\/medicinasinc.com\\\/cs\\\/product\\\/koupit-bk-ethyl-k-krystaly\\\/#breadcrumb\",\"itemListElement\":[{\"@type\":\"ListItem\",\"position\":1,\"name\":\"Obchod\",\"item\":\"https:\\\/\\\/medicinasinc.com\\\/cs\\\/obchod\\\/\"},{\"@type\":\"ListItem\",\"position\":2,\"name\":\"Kupte si krystaly bk-Ethyl-K\"}]},{\"@type\":\"WebSite\",\"@id\":\"https:\\\/\\\/medicinasinc.com\\\/cs\\\/#website\",\"url\":\"https:\\\/\\\/medicinasinc.com\\\/cs\\\/\",\"name\":\"Medicinas Inc\",\"description\":\"Health Medical Clinic\",\"potentialAction\":[{\"@type\":\"SearchAction\",\"target\":{\"@type\":\"EntryPoint\",\"urlTemplate\":\"https:\\\/\\\/medicinasinc.com\\\/cs\\\/?s={search_term_string}\"},\"query-input\":{\"@type\":\"PropertyValueSpecification\",\"valueRequired\":true,\"valueName\":\"search_term_string\"}}],\"inLanguage\":\"en-US\"}]}<\/script>\n<!-- \/ Yoast SEO plugin. -->","yoast_head_json":{"title":"Kupte si krystaly bk-Ethyl-K - bk-Ethyl-K online- Nejlep\u0161\u00ed glob\u00e1ln\u00ed l\u00e9ky","description":"chcete koupit levn\u00e9 krystaly bk-Ethyl-K na prodej ve Velk\u00e9 Brit\u00e1nii, Evrop\u011b v na\u0161em obchod\u011b medicinasinc.com s rychlou celosv\u011btovou dopravou! Nejlep\u0161\u00ed krystaly bk-Ethyl-K pro objedn\u00e1n\u00ed najdete zde!","robots":{"index":"index","follow":"follow","max-snippet":"max-snippet:-1","max-image-preview":"max-image-preview:large","max-video-preview":"max-video-preview:-1"},"canonical":"https:\/\/medicinasinc.com\/cs\/product\/koupit-bk-ethyl-k-krystaly\/","og_locale":"en_US","og_type":"article","og_title":"Kupte si krystaly bk-Ethyl-K - bk-Ethyl-K online- Nejlep\u0161\u00ed glob\u00e1ln\u00ed l\u00e9ky","og_description":"chcete koupit levn\u00e9 krystaly bk-Ethyl-K na prodej ve Velk\u00e9 Brit\u00e1nii, Evrop\u011b v na\u0161em obchod\u011b medicinasinc.com s rychlou celosv\u011btovou dopravou! Nejlep\u0161\u00ed krystaly bk-Ethyl-K pro objedn\u00e1n\u00ed najdete zde!","og_url":"https:\/\/medicinasinc.com\/cs\/product\/koupit-bk-ethyl-k-krystaly\/","og_site_name":"Medicinas Inc","article_modified_time":"2022-08-03T12:16:42+00:00","og_image":[{"width":600,"height":600,"url":"https:\/\/medicinasinc.com\/cs\/wp-content\/uploads\/sites\/2\/2022\/02\/Buy-bk-Ethyl-K-Crystals.jpg","type":"image\/jpeg"}],"twitter_card":"summary_large_image","twitter_misc":{"Est. reading time":"2 minutes"},"schema":{"@context":"https:\/\/schema.org","@graph":[{"@type":"WebPage","@id":"https:\/\/medicinasinc.com\/cs\/product\/koupit-bk-ethyl-k-krystaly\/","url":"https:\/\/medicinasinc.com\/cs\/product\/koupit-bk-ethyl-k-krystaly\/","name":"Kupte si krystaly bk-Ethyl-K - bk-Ethyl-K online- Nejlep\u0161\u00ed glob\u00e1ln\u00ed l\u00e9ky","isPartOf":{"@id":"https:\/\/medicinasinc.com\/cs\/#website"},"primaryImageOfPage":{"@id":"https:\/\/medicinasinc.com\/cs\/product\/koupit-bk-ethyl-k-krystaly\/#primaryimage"},"image":{"@id":"https:\/\/medicinasinc.com\/cs\/product\/koupit-bk-ethyl-k-krystaly\/#primaryimage"},"thumbnailUrl":"https:\/\/medicinasinc.com\/cs\/wp-content\/uploads\/sites\/2\/2022\/02\/Buy-bk-Ethyl-K-Crystals.jpg","datePublished":"2022-02-22T02:44:39+00:00","dateModified":"2022-08-03T12:16:42+00:00","description":"chcete koupit levn\u00e9 krystaly bk-Ethyl-K na prodej ve Velk\u00e9 Brit\u00e1nii, Evrop\u011b v na\u0161em obchod\u011b medicinasinc.com s rychlou celosv\u011btovou dopravou! Nejlep\u0161\u00ed krystaly bk-Ethyl-K pro objedn\u00e1n\u00ed najdete zde!","breadcrumb":{"@id":"https:\/\/medicinasinc.com\/cs\/product\/koupit-bk-ethyl-k-krystaly\/#breadcrumb"},"inLanguage":"en-US","potentialAction":[{"@type":"ReadAction","target":["https:\/\/medicinasinc.com\/cs\/product\/koupit-bk-ethyl-k-krystaly\/"]}]},{"@type":"ImageObject","inLanguage":"en-US","@id":"https:\/\/medicinasinc.com\/cs\/product\/koupit-bk-ethyl-k-krystaly\/#primaryimage","url":"https:\/\/medicinasinc.com\/cs\/wp-content\/uploads\/sites\/2\/2022\/02\/Buy-bk-Ethyl-K-Crystals.jpg","contentUrl":"https:\/\/medicinasinc.com\/cs\/wp-content\/uploads\/sites\/2\/2022\/02\/Buy-bk-Ethyl-K-Crystals.jpg","width":600,"height":600},{"@type":"BreadcrumbList","@id":"https:\/\/medicinasinc.com\/cs\/product\/koupit-bk-ethyl-k-krystaly\/#breadcrumb","itemListElement":[{"@type":"ListItem","position":1,"name":"Obchod","item":"https:\/\/medicinasinc.com\/cs\/obchod\/"},{"@type":"ListItem","position":2,"name":"Kupte si krystaly bk-Ethyl-K"}]},{"@type":"WebSite","@id":"https:\/\/medicinasinc.com\/cs\/#website","url":"https:\/\/medicinasinc.com\/cs\/","name":"Medicinas Inc","description":"Health Medical Clinic","potentialAction":[{"@type":"SearchAction","target":{"@type":"EntryPoint","urlTemplate":"https:\/\/medicinasinc.com\/cs\/?s={search_term_string}"},"query-input":{"@type":"PropertyValueSpecification","valueRequired":true,"valueName":"search_term_string"}}],"inLanguage":"en-US"}]}},"_links":{"self":[{"href":"https:\/\/medicinasinc.com\/cs\/wp-json\/wp\/v2\/product\/5614","targetHints":{"allow":["GET"]}}],"collection":[{"href":"https:\/\/medicinasinc.com\/cs\/wp-json\/wp\/v2\/product"}],"about":[{"href":"https:\/\/medicinasinc.com\/cs\/wp-json\/wp\/v2\/types\/product"}],"replies":[{"embeddable":true,"href":"https:\/\/medicinasinc.com\/cs\/wp-json\/wp\/v2\/comments?post=5614"}],"wp:featuredmedia":[{"embeddable":true,"href":"https:\/\/medicinasinc.com\/cs\/wp-json\/wp\/v2\/media\/5623"}],"wp:attachment":[{"href":"https:\/\/medicinasinc.com\/cs\/wp-json\/wp\/v2\/media?parent=5614"}],"wp:term":[{"taxonomy":"product_brand","embeddable":true,"href":"https:\/\/medicinasinc.com\/cs\/wp-json\/wp\/v2\/product_brand?post=5614"},{"taxonomy":"product_cat","embeddable":true,"href":"https:\/\/medicinasinc.com\/cs\/wp-json\/wp\/v2\/product_cat?post=5614"},{"taxonomy":"product_tag","embeddable":true,"href":"https:\/\/medicinasinc.com\/cs\/wp-json\/wp\/v2\/product_tag?post=5614"}],"curies":[{"name":"wp","href":"https:\/\/api.w.org\/{rel}","templated":true}]}}