{"id":5592,"date":"2022-02-22T02:23:26","date_gmt":"2022-02-22T02:23:26","guid":{"rendered":"https:\/\/medicinasinc.com\/cs\/?post_type=product&#038;p=5592"},"modified":"2022-03-14T11:36:53","modified_gmt":"2022-03-14T11:36:53","slug":"buy-eth-lad-powder","status":"publish","type":"product","link":"https:\/\/medicinasinc.com\/cs\/product\/buy-eth-lad-powder\/","title":{"rendered":"Kupte si pr\u00e1\u0161ek ETH-LAD"},"content":{"rendered":"<p>Zdroj pro z\u00edsk\u00e1n\u00ed pr\u00e1\u0161ku ETH-LAD, ETH-LAD na prodej<\/p>\n<p>V\u00fdrobce pr\u00e1\u0161ku ETH-LAD v \u010c\u00edn\u011b. Dodavatel\u00e9 a velkoobchodn\u00edci pr\u00e1\u0161ku ETH-LAD. \u010c\u00ednsk\u00e9 v\u00fdzkumn\u00e9 chemik\u00e1lie na prodej: ETH-LAD Powder<\/p>\n<p>Ladd, tak\u00e9 zn\u00e1m\u00fd jako ETH-LAD, je cyklick\u00fd tetrahydroindol (tak\u00e9 zn\u00e1m\u00fd jako ETH-LAD nebo ETH-LAD).<\/p>\n<p> \u010clen rodiny lysergamidu chinolin-9-karboxamid. ETH-LAD je analog LSD, kter\u00fd byl v\u00fdzkumn\u00e9 komunit\u011b k dispozici teprve ned\u00e1vno, \u010d\u00edm\u017e se otev\u0159ela spousta mo\u017enost\u00ed pro studium jeho \u00fa\u010dink\u016f. Jak je podrobn\u011b pops\u00e1no v knize TiHKAL Alexandra Shulgina ze 70. let, ETH-LAD byl syntetizov\u00e1n japonskou v\u00fdzkumnou skupinou v 70. letech.<\/p>\n<p>Popis produktu:<\/p>\n<p>Zem\u011b p\u016fvodu: \u010c\u00edna; Holandsko; Litva; Spojen\u00e9 st\u00e1ty americk\u00e9<br \/> ETH-LAD Powder je jeho ofici\u00e1ln\u00ed n\u00e1zev.<br \/> MF: V tuto chv\u00edli \u017e\u00e1dn\u00e9.<br \/> \u010distota: v\u011bt\u0161\u00ed nebo rovna 99,5 procenta<br \/> Vzhled blotter\u016f<br \/> Plastov\u00fd nebo hlin\u00edkov\u00fd s\u00e1\u010dek pro balen\u00ed<\/p>\n<p>Platebn\u00ed podm\u00ednky:<\/p>\n<p>Minim\u00e1ln\u00ed mno\u017estv\u00ed pro objedn\u00e1vku je deset jednotek. Pla\u0165te bitcoiny, Money Gram, bankovn\u00edm p\u0159evodem nebo jakoukoli jinou metodou, kterou chcete.<\/p>\n<p>Uk\u00e1zky jsou k dispozici zdarma.<\/p>\n<p>Ke ka\u017ed\u00e9 objedn\u00e1vce jsou v\u017edy zahrnuty bezplatn\u00e9 bonusov\u00e9 vzorky. P\u011bt r\u016fzn\u00fdch polo\u017eek, z nich\u017e ka\u017ed\u00e1 v\u00e1\u017e\u00ed dva gramy.<br \/> Vzorov\u00e1 sada 10 nebo v\u00edce zbo\u017e\u00ed, ka\u017ed\u00e1 o hmotnosti 5\u201310 gram\u016f, stoj\u00ed 400 USD a zahrnuje dopravu. Chcete-li zadat objedn\u00e1vku, kontaktujte n\u00e1s.<\/p>\n<p>Dodac\u00ed a p\u0159epravn\u00ed podm\u00ednky:<\/p>\n<p>Po obdr\u017een\u00ed platby budou produkty odesl\u00e1ny do jednoho pracovn\u00edho dne.<br \/> UPS, EMS, K odesl\u00e1n\u00ed polo\u017eek budou pou\u017eity DHL, TNT nebo FEDEX. Pro ka\u017edou zemi vybereme nejlep\u0161\u00edho kur\u00fdra a nejbezpe\u010dn\u011bj\u0161\u00ed zp\u016fsob dopravy pro v\u00e1s.<br \/> 5,-14 dn\u00ed pro dodac\u00ed lh\u016ftu EMS. 4\u20137 dn\u00ed pro DHL, UPS a FedEx.<br \/> Rusko, Austr\u00e1lie a Kanada maj\u00ed p\u0159\u00edsn\u00e9 celn\u00ed p\u0159edpisy, se kter\u00fdmi v\u00e1m m\u016f\u017eeme pomoci.<br \/> Ve v\u011bt\u0161in\u011b p\u0159\u00edpad\u016f svou objedn\u00e1vku obdr\u017e\u00edte do \u010dty\u0159 do sedmi dn\u016f. Pokud polo\u017eky ztrat\u00edte nebo nebudou z jak\u00e9hokoli d\u016fvodu p\u0159ijaty, budou v\u00e1m znovu odesl\u00e1ny.<\/p>\n<p>Pokud po\u017eadujete jak\u00e9koli dal\u0161\u00ed informace, kontaktujte n\u00e1s.<\/p>\n<p>Pozn\u00e1mka:<\/p>\n<p>My m\u00e1me velkou glob\u00e1ln\u00ed z\u00e1kaznickou z\u00e1kladnu a t\u011b\u0161\u00edme se na dlouhodobou spolupr\u00e1ci s v\u00e1mi. Pro dal\u0161\u00ed informace n\u00e1s pros\u00edm nev\u00e1hejte kontaktovat. Ud\u011bl\u00e1me v\u0161e, co je v na\u0161ich sil\u00e1ch, abychom v\u00e1m pomohli. D\u011bkuji mnohokr\u00e1t!<\/p>\n","protected":false},"excerpt":{"rendered":"<div class=\"g\">\n<div data-hveid=\"CAUQAA\" data-ved=\"2ahUKEwiXmcfFl6nzAhVLQEEAHXkQAPMQFSgAegQIBRAA\">\n<div class=\"tF2Cxc\">\n<div class=\"IsZvec\">\n<div>\n<p>Na\u0161i nejlep\u0161\u00ed GlobalMeds online shop nab\u00edz\u00ed rychlou celosv\u011btovou dod\u00e1vku pr\u00e1\u0161ku ETH-LAD, kter\u00fd se vyr\u00e1b\u00ed v Evrop\u011b a Spojen\u00e9m kr\u00e1lovstv\u00ed. Najd\u011bte nejlep\u0161\u00ed pr\u00e1\u0161ek ETH-LAD na trhu p\u0159\u00edmo zde.<br \/> Distributor farmaceutick\u00fdch meziprodukt\u016f a v\u00fdzkumn\u00fdch chemik\u00e1li\u00ed od \u010d\u00ednsk\u00e9ho dodavatele pr\u00e1\u0161ku ETH-LAD<br \/> Na t\u00e9to str\u00e1nce m\u016f\u017eete zakoupit pr\u00e1\u0161ek ETH-LAD. <br \/> Evropsk\u00fd dodavatel pr\u00e1\u0161ku ETH-LAD.<br \/> Analog LSD s n\u00e1zvem ETH-LAD Powder lze zakoupit online.<br \/> Podobn\u011b jako LSD je ETH-LAD halucinogenn\u00ed l\u00e1tka.<\/p>\n<p>LSD analogov\u00fd pr\u00e1\u0161ek ETH-LAD. Aktivn\u00ed d\u00e1vka ETH-LAD, psychedelick\u00e9 drogy s rozsahem potenc\u00ed mezi 20 a 150 mikrogramy, je srovnateln\u00e1 s d\u00e1vkou LSD.<\/p>\n<p>ETH-LAD Powder je mo\u017en\u00e9 zakoupit.<\/p>\n<p>diethylamid kyseliny 6-ethyl-6-nor-lysergov\u00e9 IUPAC je pr\u00e1\u0161ek ETH-LAD<\/p>\n<p>Objedn\u00e1vky budou odesl\u00e1ny z n\u00e1sleduj\u00edc\u00edch zem\u00ed: Francie, N\u011bmecko, Spojen\u00e9 kr\u00e1lovstv\u00ed a \u0160v\u00e9dsko.<\/p>\n<\/p><\/div>\n<\/p><\/div>\n<\/p><\/div>\n<\/p><\/div>\n<\/p><\/div>\n","protected":false},"featured_media":5604,"comment_status":"open","ping_status":"closed","template":"","meta":[],"product_brand":[],"product_cat":[2014],"product_tag":[3263,3264,3265,3266,3270,3271,3272,3268,3273,3269,3275,3280,3276,3267,3279,3277,3278,3274],"class_list":{"0":"post-5592","1":"product","2":"type-product","3":"status-publish","4":"has-post-thumbnail","6":"product_cat-koupit-vyzkumne-chemikalie","7":"product_tag-buy-eth-lad-powder","8":"product_tag-buy-eth-lad-powder-uk","9":"product_tag-eth-lad-buy","10":"product_tag-eth-lad-efekt","11":"product_tag-eth-lad-powder-europe","12":"product_tag-eth-lad-powder-for-sale","13":"product_tag-eth-lad-powder-retail","14":"product_tag-eth-lad-powder","15":"product_tag-eth-lad-powder-uk","16":"product_tag-eth-lad-powder-efekt","17":"product_tag-eth-lad-reddit","18":"product_tag-kde-koupit-eth-lad-prach","19":"product_tag-eth-lad-retails","20":"product_tag-eth-lad-order","21":"product_tag-objednvka-eth-lad-prek","22":"product_tag-eth-lad-review","23":"product_tag-eth-lad-velkoobchod","24":"product_tag-eth-lad-powder-velkoobchod","26":"first","27":"instock","28":"shipping-taxable","29":"purchasable","30":"product-type-variable","31":"has-default-attributes"},"yoast_head":"<!-- This site is optimized with the Yoast SEO plugin v27.3 - https:\/\/yoast.com\/product\/yoast-seo-wordpress\/ -->\n<title>Koupit pr\u00e1\u0161ek ETH-LAD - pr\u00e1\u0161ek ETH-LAD online - Nejlep\u0161\u00ed glob\u00e1ln\u00ed l\u00e9ky<\/title>\n<meta name=\"description\" content=\"Kupte si pr\u00e1\u0161ek ETH-LAD Europe, UK Online v na\u0161em online obchod\u011b Bestglobalmeds s rychl\u00fdm celosv\u011btov\u00fdm doru\u010den\u00edm! Nejlep\u0161\u00ed pr\u00e1\u0161ek ETH-LAD pro objedn\u00e1n\u00ed najdete zde!\" \/>\n<meta name=\"robots\" content=\"index, follow, max-snippet:-1, max-image-preview:large, max-video-preview:-1\" \/>\n<link rel=\"canonical\" href=\"https:\/\/medicinasinc.com\/cs\/product\/buy-eth-lad-powder\/\" \/>\n<meta property=\"og:locale\" content=\"en_US\" \/>\n<meta property=\"og:type\" content=\"article\" \/>\n<meta property=\"og:title\" content=\"Koupit pr\u00e1\u0161ek ETH-LAD - pr\u00e1\u0161ek ETH-LAD online - Nejlep\u0161\u00ed glob\u00e1ln\u00ed l\u00e9ky\" \/>\n<meta property=\"og:description\" content=\"Kupte si pr\u00e1\u0161ek ETH-LAD Europe, UK Online v na\u0161em online obchod\u011b Bestglobalmeds s rychl\u00fdm celosv\u011btov\u00fdm doru\u010den\u00edm! Nejlep\u0161\u00ed pr\u00e1\u0161ek ETH-LAD pro objedn\u00e1n\u00ed najdete zde!\" \/>\n<meta property=\"og:url\" content=\"https:\/\/medicinasinc.com\/cs\/product\/buy-eth-lad-powder\/\" \/>\n<meta property=\"og:site_name\" content=\"Medicinas Inc\" \/>\n<meta property=\"article:modified_time\" content=\"2022-03-14T11:36:53+00:00\" \/>\n<meta property=\"og:image\" content=\"https:\/\/medicinasinc.com\/cs\/wp-content\/uploads\/sites\/2\/2022\/02\/Buy-ETH-LAD-Powder.jpg\" \/>\n\t<meta property=\"og:image:width\" content=\"600\" \/>\n\t<meta property=\"og:image:height\" content=\"600\" \/>\n\t<meta property=\"og:image:type\" content=\"image\/jpeg\" \/>\n<meta name=\"twitter:card\" content=\"summary_large_image\" \/>\n<meta name=\"twitter:label1\" content=\"Est. reading time\" \/>\n\t<meta name=\"twitter:data1\" content=\"2 minutes\" \/>\n<script type=\"application\/ld+json\" class=\"yoast-schema-graph\">{\"@context\":\"https:\\\/\\\/schema.org\",\"@graph\":[{\"@type\":\"WebPage\",\"@id\":\"https:\\\/\\\/medicinasinc.com\\\/cs\\\/product\\\/buy-eth-lad-powder\\\/\",\"url\":\"https:\\\/\\\/medicinasinc.com\\\/cs\\\/product\\\/buy-eth-lad-powder\\\/\",\"name\":\"Koupit pr\u00e1\u0161ek ETH-LAD - pr\u00e1\u0161ek ETH-LAD online - Nejlep\u0161\u00ed glob\u00e1ln\u00ed l\u00e9ky\",\"isPartOf\":{\"@id\":\"https:\\\/\\\/medicinasinc.com\\\/cs\\\/#website\"},\"primaryImageOfPage\":{\"@id\":\"https:\\\/\\\/medicinasinc.com\\\/cs\\\/product\\\/buy-eth-lad-powder\\\/#primaryimage\"},\"image\":{\"@id\":\"https:\\\/\\\/medicinasinc.com\\\/cs\\\/product\\\/buy-eth-lad-powder\\\/#primaryimage\"},\"thumbnailUrl\":\"https:\\\/\\\/medicinasinc.com\\\/cs\\\/wp-content\\\/uploads\\\/sites\\\/2\\\/2022\\\/02\\\/Buy-ETH-LAD-Powder.jpg\",\"datePublished\":\"2022-02-22T02:23:26+00:00\",\"dateModified\":\"2022-03-14T11:36:53+00:00\",\"description\":\"Kupte si pr\u00e1\u0161ek ETH-LAD Europe, UK Online v na\u0161em online obchod\u011b Bestglobalmeds s rychl\u00fdm celosv\u011btov\u00fdm doru\u010den\u00edm! Nejlep\u0161\u00ed pr\u00e1\u0161ek ETH-LAD pro objedn\u00e1n\u00ed najdete zde!\",\"breadcrumb\":{\"@id\":\"https:\\\/\\\/medicinasinc.com\\\/cs\\\/product\\\/buy-eth-lad-powder\\\/#breadcrumb\"},\"inLanguage\":\"en-US\",\"potentialAction\":[{\"@type\":\"ReadAction\",\"target\":[\"https:\\\/\\\/medicinasinc.com\\\/cs\\\/product\\\/buy-eth-lad-powder\\\/\"]}]},{\"@type\":\"ImageObject\",\"inLanguage\":\"en-US\",\"@id\":\"https:\\\/\\\/medicinasinc.com\\\/cs\\\/product\\\/buy-eth-lad-powder\\\/#primaryimage\",\"url\":\"https:\\\/\\\/medicinasinc.com\\\/cs\\\/wp-content\\\/uploads\\\/sites\\\/2\\\/2022\\\/02\\\/Buy-ETH-LAD-Powder.jpg\",\"contentUrl\":\"https:\\\/\\\/medicinasinc.com\\\/cs\\\/wp-content\\\/uploads\\\/sites\\\/2\\\/2022\\\/02\\\/Buy-ETH-LAD-Powder.jpg\",\"width\":600,\"height\":600},{\"@type\":\"BreadcrumbList\",\"@id\":\"https:\\\/\\\/medicinasinc.com\\\/cs\\\/product\\\/buy-eth-lad-powder\\\/#breadcrumb\",\"itemListElement\":[{\"@type\":\"ListItem\",\"position\":1,\"name\":\"Obchod\",\"item\":\"https:\\\/\\\/medicinasinc.com\\\/cs\\\/obchod\\\/\"},{\"@type\":\"ListItem\",\"position\":2,\"name\":\"Kupte si pr\u00e1\u0161ek ETH-LAD\"}]},{\"@type\":\"WebSite\",\"@id\":\"https:\\\/\\\/medicinasinc.com\\\/cs\\\/#website\",\"url\":\"https:\\\/\\\/medicinasinc.com\\\/cs\\\/\",\"name\":\"Medicinas Inc\",\"description\":\"Health Medical Clinic\",\"potentialAction\":[{\"@type\":\"SearchAction\",\"target\":{\"@type\":\"EntryPoint\",\"urlTemplate\":\"https:\\\/\\\/medicinasinc.com\\\/cs\\\/?s={search_term_string}\"},\"query-input\":{\"@type\":\"PropertyValueSpecification\",\"valueRequired\":true,\"valueName\":\"search_term_string\"}}],\"inLanguage\":\"en-US\"}]}<\/script>\n<!-- \/ Yoast SEO plugin. -->","yoast_head_json":{"title":"Koupit pr\u00e1\u0161ek ETH-LAD - pr\u00e1\u0161ek ETH-LAD online - Nejlep\u0161\u00ed glob\u00e1ln\u00ed l\u00e9ky","description":"Kupte si pr\u00e1\u0161ek ETH-LAD Europe, UK Online v na\u0161em online obchod\u011b Bestglobalmeds s rychl\u00fdm celosv\u011btov\u00fdm doru\u010den\u00edm! Nejlep\u0161\u00ed pr\u00e1\u0161ek ETH-LAD pro objedn\u00e1n\u00ed najdete zde!","robots":{"index":"index","follow":"follow","max-snippet":"max-snippet:-1","max-image-preview":"max-image-preview:large","max-video-preview":"max-video-preview:-1"},"canonical":"https:\/\/medicinasinc.com\/cs\/product\/buy-eth-lad-powder\/","og_locale":"en_US","og_type":"article","og_title":"Koupit pr\u00e1\u0161ek ETH-LAD - pr\u00e1\u0161ek ETH-LAD online - Nejlep\u0161\u00ed glob\u00e1ln\u00ed l\u00e9ky","og_description":"Kupte si pr\u00e1\u0161ek ETH-LAD Europe, UK Online v na\u0161em online obchod\u011b Bestglobalmeds s rychl\u00fdm celosv\u011btov\u00fdm doru\u010den\u00edm! Nejlep\u0161\u00ed pr\u00e1\u0161ek ETH-LAD pro objedn\u00e1n\u00ed najdete zde!","og_url":"https:\/\/medicinasinc.com\/cs\/product\/buy-eth-lad-powder\/","og_site_name":"Medicinas Inc","article_modified_time":"2022-03-14T11:36:53+00:00","og_image":[{"width":600,"height":600,"url":"https:\/\/medicinasinc.com\/cs\/wp-content\/uploads\/sites\/2\/2022\/02\/Buy-ETH-LAD-Powder.jpg","type":"image\/jpeg"}],"twitter_card":"summary_large_image","twitter_misc":{"Est. reading time":"2 minutes"},"schema":{"@context":"https:\/\/schema.org","@graph":[{"@type":"WebPage","@id":"https:\/\/medicinasinc.com\/cs\/product\/buy-eth-lad-powder\/","url":"https:\/\/medicinasinc.com\/cs\/product\/buy-eth-lad-powder\/","name":"Koupit pr\u00e1\u0161ek ETH-LAD - pr\u00e1\u0161ek ETH-LAD online - Nejlep\u0161\u00ed glob\u00e1ln\u00ed l\u00e9ky","isPartOf":{"@id":"https:\/\/medicinasinc.com\/cs\/#website"},"primaryImageOfPage":{"@id":"https:\/\/medicinasinc.com\/cs\/product\/buy-eth-lad-powder\/#primaryimage"},"image":{"@id":"https:\/\/medicinasinc.com\/cs\/product\/buy-eth-lad-powder\/#primaryimage"},"thumbnailUrl":"https:\/\/medicinasinc.com\/cs\/wp-content\/uploads\/sites\/2\/2022\/02\/Buy-ETH-LAD-Powder.jpg","datePublished":"2022-02-22T02:23:26+00:00","dateModified":"2022-03-14T11:36:53+00:00","description":"Kupte si pr\u00e1\u0161ek ETH-LAD Europe, UK Online v na\u0161em online obchod\u011b Bestglobalmeds s rychl\u00fdm celosv\u011btov\u00fdm doru\u010den\u00edm! Nejlep\u0161\u00ed pr\u00e1\u0161ek ETH-LAD pro objedn\u00e1n\u00ed najdete zde!","breadcrumb":{"@id":"https:\/\/medicinasinc.com\/cs\/product\/buy-eth-lad-powder\/#breadcrumb"},"inLanguage":"en-US","potentialAction":[{"@type":"ReadAction","target":["https:\/\/medicinasinc.com\/cs\/product\/buy-eth-lad-powder\/"]}]},{"@type":"ImageObject","inLanguage":"en-US","@id":"https:\/\/medicinasinc.com\/cs\/product\/buy-eth-lad-powder\/#primaryimage","url":"https:\/\/medicinasinc.com\/cs\/wp-content\/uploads\/sites\/2\/2022\/02\/Buy-ETH-LAD-Powder.jpg","contentUrl":"https:\/\/medicinasinc.com\/cs\/wp-content\/uploads\/sites\/2\/2022\/02\/Buy-ETH-LAD-Powder.jpg","width":600,"height":600},{"@type":"BreadcrumbList","@id":"https:\/\/medicinasinc.com\/cs\/product\/buy-eth-lad-powder\/#breadcrumb","itemListElement":[{"@type":"ListItem","position":1,"name":"Obchod","item":"https:\/\/medicinasinc.com\/cs\/obchod\/"},{"@type":"ListItem","position":2,"name":"Kupte si pr\u00e1\u0161ek ETH-LAD"}]},{"@type":"WebSite","@id":"https:\/\/medicinasinc.com\/cs\/#website","url":"https:\/\/medicinasinc.com\/cs\/","name":"Medicinas Inc","description":"Health Medical Clinic","potentialAction":[{"@type":"SearchAction","target":{"@type":"EntryPoint","urlTemplate":"https:\/\/medicinasinc.com\/cs\/?s={search_term_string}"},"query-input":{"@type":"PropertyValueSpecification","valueRequired":true,"valueName":"search_term_string"}}],"inLanguage":"en-US"}]}},"_links":{"self":[{"href":"https:\/\/medicinasinc.com\/cs\/wp-json\/wp\/v2\/product\/5592","targetHints":{"allow":["GET"]}}],"collection":[{"href":"https:\/\/medicinasinc.com\/cs\/wp-json\/wp\/v2\/product"}],"about":[{"href":"https:\/\/medicinasinc.com\/cs\/wp-json\/wp\/v2\/types\/product"}],"replies":[{"embeddable":true,"href":"https:\/\/medicinasinc.com\/cs\/wp-json\/wp\/v2\/comments?post=5592"}],"wp:featuredmedia":[{"embeddable":true,"href":"https:\/\/medicinasinc.com\/cs\/wp-json\/wp\/v2\/media\/5604"}],"wp:attachment":[{"href":"https:\/\/medicinasinc.com\/cs\/wp-json\/wp\/v2\/media?parent=5592"}],"wp:term":[{"taxonomy":"product_brand","embeddable":true,"href":"https:\/\/medicinasinc.com\/cs\/wp-json\/wp\/v2\/product_brand?post=5592"},{"taxonomy":"product_cat","embeddable":true,"href":"https:\/\/medicinasinc.com\/cs\/wp-json\/wp\/v2\/product_cat?post=5592"},{"taxonomy":"product_tag","embeddable":true,"href":"https:\/\/medicinasinc.com\/cs\/wp-json\/wp\/v2\/product_tag?post=5592"}],"curies":[{"name":"wp","href":"https:\/\/api.w.org\/{rel}","templated":true}]}}