{"id":5590,"date":"2022-02-22T02:20:06","date_gmt":"2022-02-22T02:20:06","guid":{"rendered":"https:\/\/medicinasinc.com\/cs\/?post_type=product&#038;p=5590"},"modified":"2022-08-03T11:57:57","modified_gmt":"2022-08-03T11:57:57","slug":"koupit-methiopropamin-prasek","status":"publish","type":"product","link":"https:\/\/medicinasinc.com\/cs\/product\/koupit-methiopropamin-prasek\/","title":{"rendered":"Koupit Methiopropamin Powder"},"content":{"rendered":"<p><strong>Nakupujte MPA Methiopropamin Powder na internetu.<\/strong><\/p>\n<p>Methiopropamin, tak\u00e9 zn\u00e1m\u00fd jako MPA, Methedrene a Syndrax, je struktur\u00e1ln\u00ed analog metamfetaminu. M\u00e1 thiofenov\u00fd kruh jako metamfetamin. Methiopropamin pr\u00fd mimo jin\u00e9 zp\u016fsobuje m\u00edrnou euforii a zv\u00fd\u0161en\u00ed pov\u011bdom\u00ed. Je asi z jedn\u00e9 t\u0159etiny siln\u011bj\u0161\u00ed ne\u017e dextroamfetamin.<\/p>\n<p>Cas number: 801156-47-8<br \/>\nVzorec funguje takto: C8H13NS<br \/>\nIUPAC: 1-(Thiofen-2- yl) N\u00e1zev je 2-methylaminopropan.<br \/>\nVzhled:<br \/>\n\u010cistota:<\/p>\n<div class=\"product-next-previous\">\n<div class=\"product-prev\"><\/div>\n<\/div>\n","protected":false},"excerpt":{"rendered":"<p>V na\u0161em internetov\u00e9m obchod\u011b medicinasinc.com si m\u016f\u017eete koupit pr\u00e1\u0161ek MPA Methiopropamin na prodej ve Velk\u00e9 Brit\u00e1nii, Evrop\u011b a po cel\u00e9m sv\u011bt\u011b! M\u00e1me nejlep\u0161\u00ed MPA methiopropamin na prodej a m\u016f\u017eete si ho u n\u00e1s koupit!<\/p>\n<p>Nakupujte MPA Methiopropamin Powder na webu. Methiopropamin je n\u00e1zev l\u00e9ku. Stejn\u011b jako metamfetamin<br \/>\nje doporu\u010den\u00e1 d\u00e1vka 100 a\u017e 200 mg.<\/p>\n<p>Nakupte \u010dist\u00fd, vysoce kvalitn\u00ed methiopropaminov\u00fd pr\u00e1\u0161ek online s bitcoiny \u2013 m\u016f\u017eete to ud\u011blat.<\/p>\n<p>Nakupujte leg\u00e1ln\u011b drogy online, nakupujte v\u00fdzkumn\u00e9 chemik\u00e1lie, surov\u00e9 farmaceutick\u00e9 pr\u00e1\u0161ky a dal\u0161\u00ed v obchod\u011b.<\/p>\n<p>Methiopropamin (MPA) je syntetick\u00e1 droga, kter\u00e1 se hodn\u011b podob\u00e1 amfetaminu a d\u0159\u00edve se prod\u00e1vala jako \u201cleg\u00e1ln\u00ed alternativn\u00ed\u201d na kokain. Poradn\u00ed sbor pro zneu\u017e\u00edv\u00e1n\u00ed drog doporu\u010dil, aby byl MPA klasifikov\u00e1n jako l\u00e9k t\u0159\u00eddy B (ACMD).<\/p>\n","protected":false},"featured_media":5600,"comment_status":"open","ping_status":"closed","template":"","meta":[],"product_brand":[],"product_cat":[2014],"product_tag":[3232,3242,3246,3233,3248,3245,3236,3237,3241,3234,3239,3240,3235,3247,3238,3244,3243],"class_list":{"0":"post-5590","1":"product","2":"type-product","3":"status-publish","4":"has-post-thumbnail","6":"product_cat-koupit-vyzkumne-chemikalie","7":"product_tag-buy-methiopropamine-online","8":"product_tag-dodavatel-methiopropaminu","9":"product_tag-dodavatelem-methiopropaminu","10":"product_tag-how-to-buy-methiopropamine-online","11":"product_tag-kde-na-koupit-methiopropamin-online","12":"product_tag-nkup-methiopropamin-online","13":"product_tag-methiopropamin-europe-velkoobchod","14":"product_tag-methiopropamin-na-prodej","15":"product_tag-methiopropamin-recenze","16":"product_tag-methiopropamine-buy","17":"product_tag-methiopropamine-reddit","18":"product_tag-methiopropamine-retail","19":"product_tag-methiopropaminov-efekt","20":"product_tag-nejlep-msto-k-koupit-methiopropamin-online","21":"product_tag-methiopropamin-d","22":"product_tag-objednat-methiopropamin-online","23":"product_tag-methiopropamin-velkoobchod","25":"first","26":"instock","27":"shipping-taxable","28":"purchasable","29":"product-type-variable","30":"has-default-attributes"},"yoast_head":"<!-- This site is optimized with the Yoast SEO plugin v27.3 - https:\/\/yoast.com\/product\/yoast-seo-wordpress\/ -->\n<title>Koupit methiopropaminov\u00fd pr\u00e1\u0161ek \u2013 Koupit MPA \u2013 nejlep\u0161\u00ed glob\u00e1ln\u00ed l\u00e9ky<\/title>\n<meta name=\"description\" content=\"Kupte si MPA Methiopropamin powder UK, Europe v na\u0161em online obchodu medicinasinc.com s rychl\u00fdm celosv\u011btov\u00fdm doru\u010den\u00edm! Nejlep\u0161\u00ed MPA methiopropamin na prodej najdete zde!\" \/>\n<meta name=\"robots\" content=\"index, follow, max-snippet:-1, max-image-preview:large, max-video-preview:-1\" \/>\n<link rel=\"canonical\" href=\"https:\/\/medicinasinc.com\/cs\/product\/koupit-methiopropamin-prasek\/\" \/>\n<meta property=\"og:locale\" content=\"en_US\" \/>\n<meta property=\"og:type\" content=\"article\" \/>\n<meta property=\"og:title\" content=\"Koupit methiopropaminov\u00fd pr\u00e1\u0161ek \u2013 Koupit MPA \u2013 nejlep\u0161\u00ed glob\u00e1ln\u00ed l\u00e9ky\" \/>\n<meta property=\"og:description\" content=\"Kupte si MPA Methiopropamin powder UK, Europe v na\u0161em online obchodu medicinasinc.com s rychl\u00fdm celosv\u011btov\u00fdm doru\u010den\u00edm! Nejlep\u0161\u00ed MPA methiopropamin na prodej najdete zde!\" \/>\n<meta property=\"og:url\" content=\"https:\/\/medicinasinc.com\/cs\/product\/koupit-methiopropamin-prasek\/\" \/>\n<meta property=\"og:site_name\" content=\"Medicinas Inc\" \/>\n<meta property=\"article:modified_time\" content=\"2022-08-03T11:57:57+00:00\" \/>\n<meta property=\"og:image\" content=\"https:\/\/medicinasinc.com\/cs\/wp-content\/uploads\/sites\/2\/2022\/02\/Buy-Methiopropamine-powder.png\" \/>\n\t<meta property=\"og:image:width\" content=\"457\" \/>\n\t<meta property=\"og:image:height\" content=\"323\" \/>\n\t<meta property=\"og:image:type\" content=\"image\/png\" \/>\n<meta name=\"twitter:card\" content=\"summary_large_image\" \/>\n<meta name=\"twitter:label1\" content=\"Est. reading time\" \/>\n\t<meta name=\"twitter:data1\" content=\"1 minute\" \/>\n<script type=\"application\/ld+json\" class=\"yoast-schema-graph\">{\"@context\":\"https:\\\/\\\/schema.org\",\"@graph\":[{\"@type\":\"WebPage\",\"@id\":\"https:\\\/\\\/medicinasinc.com\\\/cs\\\/product\\\/koupit-methiopropamin-prasek\\\/\",\"url\":\"https:\\\/\\\/medicinasinc.com\\\/cs\\\/product\\\/koupit-methiopropamin-prasek\\\/\",\"name\":\"Koupit methiopropaminov\u00fd pr\u00e1\u0161ek \u2013 Koupit MPA \u2013 nejlep\u0161\u00ed glob\u00e1ln\u00ed l\u00e9ky\",\"isPartOf\":{\"@id\":\"https:\\\/\\\/medicinasinc.com\\\/cs\\\/#website\"},\"primaryImageOfPage\":{\"@id\":\"https:\\\/\\\/medicinasinc.com\\\/cs\\\/product\\\/koupit-methiopropamin-prasek\\\/#primaryimage\"},\"image\":{\"@id\":\"https:\\\/\\\/medicinasinc.com\\\/cs\\\/product\\\/koupit-methiopropamin-prasek\\\/#primaryimage\"},\"thumbnailUrl\":\"https:\\\/\\\/medicinasinc.com\\\/cs\\\/wp-content\\\/uploads\\\/sites\\\/2\\\/2022\\\/02\\\/Buy-Methiopropamine-powder.png\",\"datePublished\":\"2022-02-22T02:20:06+00:00\",\"dateModified\":\"2022-08-03T11:57:57+00:00\",\"description\":\"Kupte si MPA Methiopropamin powder UK, Europe v na\u0161em online obchodu medicinasinc.com s rychl\u00fdm celosv\u011btov\u00fdm doru\u010den\u00edm! Nejlep\u0161\u00ed MPA methiopropamin na prodej najdete zde!\",\"breadcrumb\":{\"@id\":\"https:\\\/\\\/medicinasinc.com\\\/cs\\\/product\\\/koupit-methiopropamin-prasek\\\/#breadcrumb\"},\"inLanguage\":\"en-US\",\"potentialAction\":[{\"@type\":\"ReadAction\",\"target\":[\"https:\\\/\\\/medicinasinc.com\\\/cs\\\/product\\\/koupit-methiopropamin-prasek\\\/\"]}]},{\"@type\":\"ImageObject\",\"inLanguage\":\"en-US\",\"@id\":\"https:\\\/\\\/medicinasinc.com\\\/cs\\\/product\\\/koupit-methiopropamin-prasek\\\/#primaryimage\",\"url\":\"https:\\\/\\\/medicinasinc.com\\\/cs\\\/wp-content\\\/uploads\\\/sites\\\/2\\\/2022\\\/02\\\/Buy-Methiopropamine-powder.png\",\"contentUrl\":\"https:\\\/\\\/medicinasinc.com\\\/cs\\\/wp-content\\\/uploads\\\/sites\\\/2\\\/2022\\\/02\\\/Buy-Methiopropamine-powder.png\",\"width\":457,\"height\":323},{\"@type\":\"BreadcrumbList\",\"@id\":\"https:\\\/\\\/medicinasinc.com\\\/cs\\\/product\\\/koupit-methiopropamin-prasek\\\/#breadcrumb\",\"itemListElement\":[{\"@type\":\"ListItem\",\"position\":1,\"name\":\"Obchod\",\"item\":\"https:\\\/\\\/medicinasinc.com\\\/cs\\\/obchod\\\/\"},{\"@type\":\"ListItem\",\"position\":2,\"name\":\"Koupit Methiopropamin Powder\"}]},{\"@type\":\"WebSite\",\"@id\":\"https:\\\/\\\/medicinasinc.com\\\/cs\\\/#website\",\"url\":\"https:\\\/\\\/medicinasinc.com\\\/cs\\\/\",\"name\":\"Medicinas Inc\",\"description\":\"Health Medical Clinic\",\"potentialAction\":[{\"@type\":\"SearchAction\",\"target\":{\"@type\":\"EntryPoint\",\"urlTemplate\":\"https:\\\/\\\/medicinasinc.com\\\/cs\\\/?s={search_term_string}\"},\"query-input\":{\"@type\":\"PropertyValueSpecification\",\"valueRequired\":true,\"valueName\":\"search_term_string\"}}],\"inLanguage\":\"en-US\"}]}<\/script>\n<!-- \/ Yoast SEO plugin. -->","yoast_head_json":{"title":"Koupit methiopropaminov\u00fd pr\u00e1\u0161ek \u2013 Koupit MPA \u2013 nejlep\u0161\u00ed glob\u00e1ln\u00ed l\u00e9ky","description":"Kupte si MPA Methiopropamin powder UK, Europe v na\u0161em online obchodu medicinasinc.com s rychl\u00fdm celosv\u011btov\u00fdm doru\u010den\u00edm! Nejlep\u0161\u00ed MPA methiopropamin na prodej najdete zde!","robots":{"index":"index","follow":"follow","max-snippet":"max-snippet:-1","max-image-preview":"max-image-preview:large","max-video-preview":"max-video-preview:-1"},"canonical":"https:\/\/medicinasinc.com\/cs\/product\/koupit-methiopropamin-prasek\/","og_locale":"en_US","og_type":"article","og_title":"Koupit methiopropaminov\u00fd pr\u00e1\u0161ek \u2013 Koupit MPA \u2013 nejlep\u0161\u00ed glob\u00e1ln\u00ed l\u00e9ky","og_description":"Kupte si MPA Methiopropamin powder UK, Europe v na\u0161em online obchodu medicinasinc.com s rychl\u00fdm celosv\u011btov\u00fdm doru\u010den\u00edm! Nejlep\u0161\u00ed MPA methiopropamin na prodej najdete zde!","og_url":"https:\/\/medicinasinc.com\/cs\/product\/koupit-methiopropamin-prasek\/","og_site_name":"Medicinas Inc","article_modified_time":"2022-08-03T11:57:57+00:00","og_image":[{"width":457,"height":323,"url":"https:\/\/medicinasinc.com\/cs\/wp-content\/uploads\/sites\/2\/2022\/02\/Buy-Methiopropamine-powder.png","type":"image\/png"}],"twitter_card":"summary_large_image","twitter_misc":{"Est. reading time":"1 minute"},"schema":{"@context":"https:\/\/schema.org","@graph":[{"@type":"WebPage","@id":"https:\/\/medicinasinc.com\/cs\/product\/koupit-methiopropamin-prasek\/","url":"https:\/\/medicinasinc.com\/cs\/product\/koupit-methiopropamin-prasek\/","name":"Koupit methiopropaminov\u00fd pr\u00e1\u0161ek \u2013 Koupit MPA \u2013 nejlep\u0161\u00ed glob\u00e1ln\u00ed l\u00e9ky","isPartOf":{"@id":"https:\/\/medicinasinc.com\/cs\/#website"},"primaryImageOfPage":{"@id":"https:\/\/medicinasinc.com\/cs\/product\/koupit-methiopropamin-prasek\/#primaryimage"},"image":{"@id":"https:\/\/medicinasinc.com\/cs\/product\/koupit-methiopropamin-prasek\/#primaryimage"},"thumbnailUrl":"https:\/\/medicinasinc.com\/cs\/wp-content\/uploads\/sites\/2\/2022\/02\/Buy-Methiopropamine-powder.png","datePublished":"2022-02-22T02:20:06+00:00","dateModified":"2022-08-03T11:57:57+00:00","description":"Kupte si MPA Methiopropamin powder UK, Europe v na\u0161em online obchodu medicinasinc.com s rychl\u00fdm celosv\u011btov\u00fdm doru\u010den\u00edm! Nejlep\u0161\u00ed MPA methiopropamin na prodej najdete zde!","breadcrumb":{"@id":"https:\/\/medicinasinc.com\/cs\/product\/koupit-methiopropamin-prasek\/#breadcrumb"},"inLanguage":"en-US","potentialAction":[{"@type":"ReadAction","target":["https:\/\/medicinasinc.com\/cs\/product\/koupit-methiopropamin-prasek\/"]}]},{"@type":"ImageObject","inLanguage":"en-US","@id":"https:\/\/medicinasinc.com\/cs\/product\/koupit-methiopropamin-prasek\/#primaryimage","url":"https:\/\/medicinasinc.com\/cs\/wp-content\/uploads\/sites\/2\/2022\/02\/Buy-Methiopropamine-powder.png","contentUrl":"https:\/\/medicinasinc.com\/cs\/wp-content\/uploads\/sites\/2\/2022\/02\/Buy-Methiopropamine-powder.png","width":457,"height":323},{"@type":"BreadcrumbList","@id":"https:\/\/medicinasinc.com\/cs\/product\/koupit-methiopropamin-prasek\/#breadcrumb","itemListElement":[{"@type":"ListItem","position":1,"name":"Obchod","item":"https:\/\/medicinasinc.com\/cs\/obchod\/"},{"@type":"ListItem","position":2,"name":"Koupit Methiopropamin Powder"}]},{"@type":"WebSite","@id":"https:\/\/medicinasinc.com\/cs\/#website","url":"https:\/\/medicinasinc.com\/cs\/","name":"Medicinas Inc","description":"Health Medical Clinic","potentialAction":[{"@type":"SearchAction","target":{"@type":"EntryPoint","urlTemplate":"https:\/\/medicinasinc.com\/cs\/?s={search_term_string}"},"query-input":{"@type":"PropertyValueSpecification","valueRequired":true,"valueName":"search_term_string"}}],"inLanguage":"en-US"}]}},"_links":{"self":[{"href":"https:\/\/medicinasinc.com\/cs\/wp-json\/wp\/v2\/product\/5590","targetHints":{"allow":["GET"]}}],"collection":[{"href":"https:\/\/medicinasinc.com\/cs\/wp-json\/wp\/v2\/product"}],"about":[{"href":"https:\/\/medicinasinc.com\/cs\/wp-json\/wp\/v2\/types\/product"}],"replies":[{"embeddable":true,"href":"https:\/\/medicinasinc.com\/cs\/wp-json\/wp\/v2\/comments?post=5590"}],"wp:featuredmedia":[{"embeddable":true,"href":"https:\/\/medicinasinc.com\/cs\/wp-json\/wp\/v2\/media\/5600"}],"wp:attachment":[{"href":"https:\/\/medicinasinc.com\/cs\/wp-json\/wp\/v2\/media?parent=5590"}],"wp:term":[{"taxonomy":"product_brand","embeddable":true,"href":"https:\/\/medicinasinc.com\/cs\/wp-json\/wp\/v2\/product_brand?post=5590"},{"taxonomy":"product_cat","embeddable":true,"href":"https:\/\/medicinasinc.com\/cs\/wp-json\/wp\/v2\/product_cat?post=5590"},{"taxonomy":"product_tag","embeddable":true,"href":"https:\/\/medicinasinc.com\/cs\/wp-json\/wp\/v2\/product_tag?post=5590"}],"curies":[{"name":"wp","href":"https:\/\/api.w.org\/{rel}","templated":true}]}}