{"id":5589,"date":"2022-02-22T02:18:17","date_gmt":"2022-02-22T02:18:17","guid":{"rendered":"https:\/\/medicinasinc.com\/cs\/?post_type=product&#038;p=5589"},"modified":"2022-08-03T11:57:42","modified_gmt":"2022-08-03T11:57:42","slug":"koupit-metizolam-2mg-pelety-online","status":"publish","type":"product","link":"https:\/\/medicinasinc.com\/cs\/product\/koupit-metizolam-2mg-pelety-online\/","title":{"rendered":"Koupit Metizolam 2 mg pelety online"},"content":{"rendered":"<p>Nejlep\u0161\u00ed m\u00edsto pro n\u00e1kup Metizolamu 2 mg pelety je online.<\/p>\n<p>Kupte si 2 mg pelety metizolamu. Zkratka pro 4-(2-chlorfenyl)-2-ethyl-6H-thieno. [3,2-f] [1,2,4] triazolo[4,3-a][1,4] Diazepin, kter\u00fd se tak\u00e9 naz\u00fdv\u00e1 etizolam, je jeho N-desmethylovou verz\u00ed. proto si kupte 2 mg pelety metizolamu. Metizolam je alosterick\u00fd modul\u00e1tor pro Gaba receptory v laborato\u0159i. metizolamov\u00fd pr\u00e1\u0161ek se prod\u00e1v\u00e1 na webu.<\/p>\n<p>M\u00e1me tak\u00e9 chemik\u00e1lie, kter\u00e9 nejsou schv\u00e1leny pro v\u00fdzkum in vivo. Kupte si pelety Metizolam 2 mg, tak\u017ee pokud je n\u011bkdo n\u00e1hodou po\u017eije, m\u011bl by okam\u017eit\u011b j\u00edt k l\u00e9ka\u0159i a z\u00edskat pomoc. Dodr\u017eujte pros\u00edm standardn\u00ed laboratorn\u00ed bezpe\u010dnostn\u00ed pravidla, jako je no\u0161en\u00ed spr\u00e1vn\u00e9 ochrany k\u016f\u017ee, o\u010d\u00ed a od\u011bvu.<\/p>\n<p>Kupte si 2 mg metizolamu. Pelety metizolamu lze zakoupit v obchod\u011b.<br \/>\nKoupit\u00a0Metizolam\u00a02 mg Pelety klonazolamu jsou na prodej online.<br \/>\nPr\u00e1\u0161ek pyrazolamu lze zakoupit online.<br \/>\nonline si m\u016f\u017eete koupit diclazepam pro v\u00fdzkum.<br \/>\nnakupujte etizolam online<br \/>\nFluclotizolam lze zakoupit.<br \/>\nMetizolamov\u00fd pr\u00e1\u0161ek je k prodeji na webu.<br \/>\nPr\u00e1\u0161ek metizolamu je k prodeji na webu. Metizolam, kter\u00fd se tak\u00e9 naz\u00fdv\u00e1 desmethyletizolam, je thienodiazepin, kter\u00fd je velmi podobn\u00fd Etizolamu. K dispozici jsou pouze 2 mg pelety metizolamu. Pro pokro\u010dilej\u0161\u00ed v\u00fdzkumn\u00edky, kte\u0159\u00ed si cht\u011bj\u00ed vyrobit vlastn\u00ed pr\u00e1\u0161ek, jej m\u00e1me i v \u010dist\u00e9 pr\u00e1\u0161kov\u00e9 form\u011b. Metizolam, stejn\u011b jako v\u0161echny na\u0161e ostatn\u00ed produkty, by m\u011bl b\u00fdt v\u00fdzkumn\u00edky pou\u017e\u00edv\u00e1n bezpe\u010dn\u00fdm zp\u016fsobem. Tento produkt se prod\u00e1v\u00e1 pouze v\u00fdzkumn\u00fdm st\u0159edisk\u016fm, kter\u00e1 ji\u017e byla z\u0159\u00edzena. metizolamov\u00fd pr\u00e1\u0161ek se prod\u00e1v\u00e1 na webu.<\/p>\n<p>Etizolam je mate\u0159sk\u00fdm zdrojem metizolamu, kter\u00fd se tak\u00e9 naz\u00fdv\u00e1 desmethyletizolam.<\/p>\n<p>Prod\u00e1vaj\u00ed se ve form\u011b pelet. Pouze pro v\u00fdzkum! Bestglobalmeds nechce, aby lid\u00e9 pou\u017e\u00edvali v\u00fdzkumn\u00e9 chemik\u00e1lie k n\u011b\u010demu jin\u00e9mu ne\u017e k v\u00fdzkumu. Metizolam prod\u00e1vaj\u00ed pouze pro v\u00fdzkumn\u00e9 \u00fa\u010dely.<\/p>\n","protected":false},"excerpt":{"rendered":"<p>Nejlep\u0161\u00edm m\u00edstem pro n\u00e1kup pelety Metizolam 2 mg na prodej ve Spojen\u00e9m kr\u00e1lovstv\u00ed a Evrop\u011b je medicinasinc.com. M\u00e1me rychl\u00e9 celosv\u011btov\u00e9 doru\u010den\u00ed. Zde si m\u016f\u017eete koupit nejlep\u0161\u00ed pelety Metizolam 2 mg na prodej.<\/p>\n<p>2mg pelety pr\u00e1\u0161ku metizolamu na prodej online. Pelety Clonazolam jsou skladem a lze je poslat kamkoli na sv\u011bt\u011b. Dnes si m\u016f\u017eete v obchod\u011b koupit pelety Clonazolam 0,5 mg.<\/p>\n<p>Kupte si pelety 2 mg metizolamu online nyn\u00ed. Je to velmi levn\u00e9 s dopravou zdarma u hromadn\u00fdch objedn\u00e1vek. Prvot\u0159\u00eddn\u00ed kvalita je samoz\u0159ejmost\u00ed.<\/p>\n<p>Metizolam, tak\u00e9 zn\u00e1m\u00fd jako Desmethyletizolam, je syntetick\u00fd tlumiv\u00fd prost\u0159edek z chemick\u00e9 t\u0159\u00eddy thienodiazepin\u016f. P\u0159i u\u017e\u00edv\u00e1n\u00ed se uv\u00e1d\u00ed, \u017ee m\u00e1 \u00fa\u010dinky podobn\u00e9 etizolamu, jako je potla\u010den\u00ed \u00fazkosti, dezinhibice, sedace, svalov\u00e1 relaxace a potla\u010den\u00ed pam\u011bti.<\/p>\n","protected":false},"featured_media":5598,"comment_status":"open","ping_status":"closed","template":"","meta":[],"product_brand":[],"product_cat":[2014],"product_tag":[3211,3212,3213,3214,3218,3219,3210,3229,3215,3216,3217,3222,3227,3225,3228,3221,3223,3226,3230,3220,3224,3231],"class_list":{"0":"post-5589","1":"product","2":"type-product","3":"status-publish","4":"has-post-thumbnail","6":"product_cat-koupit-vyzkumne-chemikalie","7":"product_tag-buy-fluclotizolam","8":"product_tag-buy-metizolam-2mg-pellets","9":"product_tag-buy-metizolam-powder-online","10":"product_tag-buy-metizolam-powder-online-australia","11":"product_tag-buy-pyrazolam-powder-online","12":"product_tag-klonazolam-na-prodej-online","13":"product_tag-koupit-diclazepam-online","14":"product_tag-metizolam-koupit","15":"product_tag-koupit-metizolam-prek-online-kanada","16":"product_tag-buy-metizolam-powder-online-uk","17":"product_tag-koupit-metizolam-prek-online-usa","18":"product_tag-metizolam-2mg-pelety-inek","19":"product_tag-metizolam-2mg-pelety-maloobchod","20":"product_tag-metizolam-2mg-pelety-obj","21":"product_tag-metizolam-2mg-pelety-velkoobchod","22":"product_tag-metizolam-2mg-pellets-buy","23":"product_tag-metizolam-2mg-pelety-europe","24":"product_tag-metizolam-2mg-pellets-reddit","25":"product_tag-metizolam-prek-na-prodej-online","26":"product_tag-etizolam-shop-online","27":"product_tag-metizolam-2mg-pelety-na-prodej","28":"product_tag-vzkum-chemiklie-na-prodej","30":"first","31":"instock","32":"shipping-taxable","33":"purchasable","34":"product-type-variable"},"yoast_head":"<!-- This site is optimized with the Yoast SEO plugin v27.3 - https:\/\/yoast.com\/product\/yoast-seo-wordpress\/ -->\n<title>Koupit Metizolam 2 mg pelety online - Nejlep\u0161\u00ed glob\u00e1ln\u00ed l\u00e9ky<\/title>\n<meta name=\"description\" content=\"chcete koupit pelety Metizolam 2 mg na prodej ve Velk\u00e9 Brit\u00e1nii, Evrop\u011b v na\u0161em obchod\u011b medicinasinc.com s rychlou celosv\u011btovou dopravou! Nejlep\u0161\u00ed pelety Metizolam 2 mg k objedn\u00e1n\u00ed najdete zde!\" \/>\n<meta name=\"robots\" content=\"index, follow, max-snippet:-1, max-image-preview:large, max-video-preview:-1\" \/>\n<link rel=\"canonical\" href=\"https:\/\/medicinasinc.com\/cs\/product\/koupit-metizolam-2mg-pelety-online\/\" \/>\n<meta property=\"og:locale\" content=\"en_US\" \/>\n<meta property=\"og:type\" content=\"article\" \/>\n<meta property=\"og:title\" content=\"Koupit Metizolam 2 mg pelety online - Nejlep\u0161\u00ed glob\u00e1ln\u00ed l\u00e9ky\" \/>\n<meta property=\"og:description\" content=\"chcete koupit pelety Metizolam 2 mg na prodej ve Velk\u00e9 Brit\u00e1nii, Evrop\u011b v na\u0161em obchod\u011b medicinasinc.com s rychlou celosv\u011btovou dopravou! Nejlep\u0161\u00ed pelety Metizolam 2 mg k objedn\u00e1n\u00ed najdete zde!\" \/>\n<meta property=\"og:url\" content=\"https:\/\/medicinasinc.com\/cs\/product\/koupit-metizolam-2mg-pelety-online\/\" \/>\n<meta property=\"og:site_name\" content=\"Medicinas Inc\" \/>\n<meta property=\"article:modified_time\" content=\"2022-08-03T11:57:42+00:00\" \/>\n<meta property=\"og:image\" content=\"https:\/\/medicinasinc.com\/cs\/wp-content\/uploads\/sites\/2\/2022\/02\/Buy-Metizolam-2mg-Pellets.jpg\" \/>\n\t<meta property=\"og:image:width\" content=\"600\" \/>\n\t<meta property=\"og:image:height\" content=\"600\" \/>\n\t<meta property=\"og:image:type\" content=\"image\/jpeg\" \/>\n<meta name=\"twitter:card\" content=\"summary_large_image\" \/>\n<meta name=\"twitter:label1\" content=\"Est. reading time\" \/>\n\t<meta name=\"twitter:data1\" content=\"2 minutes\" \/>\n<script type=\"application\/ld+json\" class=\"yoast-schema-graph\">{\"@context\":\"https:\\\/\\\/schema.org\",\"@graph\":[{\"@type\":\"WebPage\",\"@id\":\"https:\\\/\\\/medicinasinc.com\\\/cs\\\/product\\\/koupit-metizolam-2mg-pelety-online\\\/\",\"url\":\"https:\\\/\\\/medicinasinc.com\\\/cs\\\/product\\\/koupit-metizolam-2mg-pelety-online\\\/\",\"name\":\"Koupit Metizolam 2 mg pelety online - Nejlep\u0161\u00ed glob\u00e1ln\u00ed l\u00e9ky\",\"isPartOf\":{\"@id\":\"https:\\\/\\\/medicinasinc.com\\\/cs\\\/#website\"},\"primaryImageOfPage\":{\"@id\":\"https:\\\/\\\/medicinasinc.com\\\/cs\\\/product\\\/koupit-metizolam-2mg-pelety-online\\\/#primaryimage\"},\"image\":{\"@id\":\"https:\\\/\\\/medicinasinc.com\\\/cs\\\/product\\\/koupit-metizolam-2mg-pelety-online\\\/#primaryimage\"},\"thumbnailUrl\":\"https:\\\/\\\/medicinasinc.com\\\/cs\\\/wp-content\\\/uploads\\\/sites\\\/2\\\/2022\\\/02\\\/Buy-Metizolam-2mg-Pellets.jpg\",\"datePublished\":\"2022-02-22T02:18:17+00:00\",\"dateModified\":\"2022-08-03T11:57:42+00:00\",\"description\":\"chcete koupit pelety Metizolam 2 mg na prodej ve Velk\u00e9 Brit\u00e1nii, Evrop\u011b v na\u0161em obchod\u011b medicinasinc.com s rychlou celosv\u011btovou dopravou! Nejlep\u0161\u00ed pelety Metizolam 2 mg k objedn\u00e1n\u00ed najdete zde!\",\"breadcrumb\":{\"@id\":\"https:\\\/\\\/medicinasinc.com\\\/cs\\\/product\\\/koupit-metizolam-2mg-pelety-online\\\/#breadcrumb\"},\"inLanguage\":\"en-US\",\"potentialAction\":[{\"@type\":\"ReadAction\",\"target\":[\"https:\\\/\\\/medicinasinc.com\\\/cs\\\/product\\\/koupit-metizolam-2mg-pelety-online\\\/\"]}]},{\"@type\":\"ImageObject\",\"inLanguage\":\"en-US\",\"@id\":\"https:\\\/\\\/medicinasinc.com\\\/cs\\\/product\\\/koupit-metizolam-2mg-pelety-online\\\/#primaryimage\",\"url\":\"https:\\\/\\\/medicinasinc.com\\\/cs\\\/wp-content\\\/uploads\\\/sites\\\/2\\\/2022\\\/02\\\/Buy-Metizolam-2mg-Pellets.jpg\",\"contentUrl\":\"https:\\\/\\\/medicinasinc.com\\\/cs\\\/wp-content\\\/uploads\\\/sites\\\/2\\\/2022\\\/02\\\/Buy-Metizolam-2mg-Pellets.jpg\",\"width\":600,\"height\":600},{\"@type\":\"BreadcrumbList\",\"@id\":\"https:\\\/\\\/medicinasinc.com\\\/cs\\\/product\\\/koupit-metizolam-2mg-pelety-online\\\/#breadcrumb\",\"itemListElement\":[{\"@type\":\"ListItem\",\"position\":1,\"name\":\"Obchod\",\"item\":\"https:\\\/\\\/medicinasinc.com\\\/cs\\\/obchod\\\/\"},{\"@type\":\"ListItem\",\"position\":2,\"name\":\"Koupit Metizolam 2 mg pelety online\"}]},{\"@type\":\"WebSite\",\"@id\":\"https:\\\/\\\/medicinasinc.com\\\/cs\\\/#website\",\"url\":\"https:\\\/\\\/medicinasinc.com\\\/cs\\\/\",\"name\":\"Medicinas Inc\",\"description\":\"Health Medical Clinic\",\"potentialAction\":[{\"@type\":\"SearchAction\",\"target\":{\"@type\":\"EntryPoint\",\"urlTemplate\":\"https:\\\/\\\/medicinasinc.com\\\/cs\\\/?s={search_term_string}\"},\"query-input\":{\"@type\":\"PropertyValueSpecification\",\"valueRequired\":true,\"valueName\":\"search_term_string\"}}],\"inLanguage\":\"en-US\"}]}<\/script>\n<!-- \/ Yoast SEO plugin. -->","yoast_head_json":{"title":"Koupit Metizolam 2 mg pelety online - Nejlep\u0161\u00ed glob\u00e1ln\u00ed l\u00e9ky","description":"chcete koupit pelety Metizolam 2 mg na prodej ve Velk\u00e9 Brit\u00e1nii, Evrop\u011b v na\u0161em obchod\u011b medicinasinc.com s rychlou celosv\u011btovou dopravou! Nejlep\u0161\u00ed pelety Metizolam 2 mg k objedn\u00e1n\u00ed najdete zde!","robots":{"index":"index","follow":"follow","max-snippet":"max-snippet:-1","max-image-preview":"max-image-preview:large","max-video-preview":"max-video-preview:-1"},"canonical":"https:\/\/medicinasinc.com\/cs\/product\/koupit-metizolam-2mg-pelety-online\/","og_locale":"en_US","og_type":"article","og_title":"Koupit Metizolam 2 mg pelety online - Nejlep\u0161\u00ed glob\u00e1ln\u00ed l\u00e9ky","og_description":"chcete koupit pelety Metizolam 2 mg na prodej ve Velk\u00e9 Brit\u00e1nii, Evrop\u011b v na\u0161em obchod\u011b medicinasinc.com s rychlou celosv\u011btovou dopravou! Nejlep\u0161\u00ed pelety Metizolam 2 mg k objedn\u00e1n\u00ed najdete zde!","og_url":"https:\/\/medicinasinc.com\/cs\/product\/koupit-metizolam-2mg-pelety-online\/","og_site_name":"Medicinas Inc","article_modified_time":"2022-08-03T11:57:42+00:00","og_image":[{"width":600,"height":600,"url":"https:\/\/medicinasinc.com\/cs\/wp-content\/uploads\/sites\/2\/2022\/02\/Buy-Metizolam-2mg-Pellets.jpg","type":"image\/jpeg"}],"twitter_card":"summary_large_image","twitter_misc":{"Est. reading time":"2 minutes"},"schema":{"@context":"https:\/\/schema.org","@graph":[{"@type":"WebPage","@id":"https:\/\/medicinasinc.com\/cs\/product\/koupit-metizolam-2mg-pelety-online\/","url":"https:\/\/medicinasinc.com\/cs\/product\/koupit-metizolam-2mg-pelety-online\/","name":"Koupit Metizolam 2 mg pelety online - Nejlep\u0161\u00ed glob\u00e1ln\u00ed l\u00e9ky","isPartOf":{"@id":"https:\/\/medicinasinc.com\/cs\/#website"},"primaryImageOfPage":{"@id":"https:\/\/medicinasinc.com\/cs\/product\/koupit-metizolam-2mg-pelety-online\/#primaryimage"},"image":{"@id":"https:\/\/medicinasinc.com\/cs\/product\/koupit-metizolam-2mg-pelety-online\/#primaryimage"},"thumbnailUrl":"https:\/\/medicinasinc.com\/cs\/wp-content\/uploads\/sites\/2\/2022\/02\/Buy-Metizolam-2mg-Pellets.jpg","datePublished":"2022-02-22T02:18:17+00:00","dateModified":"2022-08-03T11:57:42+00:00","description":"chcete koupit pelety Metizolam 2 mg na prodej ve Velk\u00e9 Brit\u00e1nii, Evrop\u011b v na\u0161em obchod\u011b medicinasinc.com s rychlou celosv\u011btovou dopravou! Nejlep\u0161\u00ed pelety Metizolam 2 mg k objedn\u00e1n\u00ed najdete zde!","breadcrumb":{"@id":"https:\/\/medicinasinc.com\/cs\/product\/koupit-metizolam-2mg-pelety-online\/#breadcrumb"},"inLanguage":"en-US","potentialAction":[{"@type":"ReadAction","target":["https:\/\/medicinasinc.com\/cs\/product\/koupit-metizolam-2mg-pelety-online\/"]}]},{"@type":"ImageObject","inLanguage":"en-US","@id":"https:\/\/medicinasinc.com\/cs\/product\/koupit-metizolam-2mg-pelety-online\/#primaryimage","url":"https:\/\/medicinasinc.com\/cs\/wp-content\/uploads\/sites\/2\/2022\/02\/Buy-Metizolam-2mg-Pellets.jpg","contentUrl":"https:\/\/medicinasinc.com\/cs\/wp-content\/uploads\/sites\/2\/2022\/02\/Buy-Metizolam-2mg-Pellets.jpg","width":600,"height":600},{"@type":"BreadcrumbList","@id":"https:\/\/medicinasinc.com\/cs\/product\/koupit-metizolam-2mg-pelety-online\/#breadcrumb","itemListElement":[{"@type":"ListItem","position":1,"name":"Obchod","item":"https:\/\/medicinasinc.com\/cs\/obchod\/"},{"@type":"ListItem","position":2,"name":"Koupit Metizolam 2 mg pelety online"}]},{"@type":"WebSite","@id":"https:\/\/medicinasinc.com\/cs\/#website","url":"https:\/\/medicinasinc.com\/cs\/","name":"Medicinas Inc","description":"Health Medical Clinic","potentialAction":[{"@type":"SearchAction","target":{"@type":"EntryPoint","urlTemplate":"https:\/\/medicinasinc.com\/cs\/?s={search_term_string}"},"query-input":{"@type":"PropertyValueSpecification","valueRequired":true,"valueName":"search_term_string"}}],"inLanguage":"en-US"}]}},"_links":{"self":[{"href":"https:\/\/medicinasinc.com\/cs\/wp-json\/wp\/v2\/product\/5589","targetHints":{"allow":["GET"]}}],"collection":[{"href":"https:\/\/medicinasinc.com\/cs\/wp-json\/wp\/v2\/product"}],"about":[{"href":"https:\/\/medicinasinc.com\/cs\/wp-json\/wp\/v2\/types\/product"}],"replies":[{"embeddable":true,"href":"https:\/\/medicinasinc.com\/cs\/wp-json\/wp\/v2\/comments?post=5589"}],"wp:featuredmedia":[{"embeddable":true,"href":"https:\/\/medicinasinc.com\/cs\/wp-json\/wp\/v2\/media\/5598"}],"wp:attachment":[{"href":"https:\/\/medicinasinc.com\/cs\/wp-json\/wp\/v2\/media?parent=5589"}],"wp:term":[{"taxonomy":"product_brand","embeddable":true,"href":"https:\/\/medicinasinc.com\/cs\/wp-json\/wp\/v2\/product_brand?post=5589"},{"taxonomy":"product_cat","embeddable":true,"href":"https:\/\/medicinasinc.com\/cs\/wp-json\/wp\/v2\/product_cat?post=5589"},{"taxonomy":"product_tag","embeddable":true,"href":"https:\/\/medicinasinc.com\/cs\/wp-json\/wp\/v2\/product_tag?post=5589"}],"curies":[{"name":"wp","href":"https:\/\/api.w.org\/{rel}","templated":true}]}}