{"id":5566,"date":"2022-02-22T01:53:35","date_gmt":"2022-02-22T01:53:35","guid":{"rendered":"https:\/\/medicinasinc.com\/cs\/?post_type=product&#038;p=5566"},"modified":"2022-03-14T11:37:39","modified_gmt":"2022-03-14T11:37:39","slug":"methadon-hydrochlorid-usp-prasek-pro-oralni-pouziti","status":"publish","type":"product","link":"https:\/\/medicinasinc.com\/cs\/product\/methadon-hydrochlorid-usp-prasek-pro-oralni-pouziti\/","title":{"rendered":"Methadone Hydrochloride USP PR\u00c1\u0160EK PRO PEROR\u00c1LN\u00cd POD\u00c1N\u00cd"},"content":{"rendered":"<p>N\u00e1kup methomethadone hydrochloridu v pr\u00e1\u0161ku<\/p>\n<p>Metadon je opioidn\u00ed l\u00e9k, kter\u00fd se pou\u017e\u00edv\u00e1 k l\u00e9\u010db\u011b z\u00e1vislosti na opioidech a siln\u00e9 bolesti.<\/p>\n<p>Metadon lze u\u017e\u00edvat jako pilulku nebo peror\u00e1ln\u00ed roztok k zm\u00edr\u0148uj\u00ed silnou bolest.<\/p>\n<p>N\u00e1poje s ovocnou p\u0159\u00edchut\u00ed jsou nejb\u011b\u017en\u011bj\u0161\u00ed formou metadonu, kdy\u017e se pou\u017e\u00edv\u00e1 k l\u00e9\u010db\u011b z\u00e1vislosti na opi\u00e1tech. Jednou denn\u011b se pr\u00e1\u0161ek rozpust\u00ed a spolkne cel\u00fd.<\/p>\n<p>Metadon je droga, kter\u00e1 se pou\u017e\u00edv\u00e1 k l\u00e9\u010db\u011b z\u00e1vislosti.<\/p>\n<p>Heroin, oxykodon, fentanyl a hydromorfon lze nahradit metadonem p\u0159i l\u00e9\u010db\u011b z\u00e1vislosti na opioidech. Term\u00edn &#8220;dlouhodob\u011b p\u016fsob\u00edc\u00ed&#8221; ozna\u010duje l\u00e9k, kter\u00fd m\u00e1 pomalej\u0161\u00ed n\u00e1stup \u00fa\u010dinku a v t\u011ble vydr\u017e\u00ed d\u00e9le. \u00da\u010dinky metadonu mohou trvat 24 a\u017e 36 hodin, v z\u00e1vislosti na d\u00e1vce. Na druhou stranu kr\u00e1tkodob\u011b p\u016fsob\u00edc\u00ed opioidy mus\u00ed n\u011bkdo, kdo se sna\u017e\u00ed vyhnout abstinen\u010dn\u00edmu syndromu, u\u017e\u00edvat t\u0159ikr\u00e1t a\u017e \u010dty\u0159ikr\u00e1t denn\u011b.<\/p>\n<p>Pokud se pou\u017e\u00edv\u00e1 spr\u00e1vn\u00e1 d\u00e1vka metadonu, m\u016f\u017ee zm\u00edrnit touhu po drog\u00e1ch a zabr\u00e1nit abstinen\u010dn\u00edm p\u0159\u00edznak\u016fm. Rizika zneu\u017e\u00edv\u00e1n\u00ed opioid\u016f se sni\u017euj\u00ed a ti, kte\u0159\u00ed jsou na opioidech z\u00e1visl\u00ed, maj\u00ed v\u011bt\u0161\u00ed \u0161anci, \u017ee se jejich \u017eivoty vr\u00e1t\u00ed do star\u00fdch kolej\u00ed. Metadonov\u00e1 udr\u017eovac\u00ed l\u00e9\u010dba je typ l\u00e9\u010dby opioidn\u00edmi agonisty, kter\u00fd se pou\u017e\u00edv\u00e1 k l\u00e9\u010db\u011b z\u00e1vislosti na opioidech. Buprenorfin, dal\u0161\u00ed opioidn\u00ed agonista, se pou\u017e\u00edv\u00e1 p\u0159i l\u00e9\u010db\u011b z\u00e1vislosti na opioidech, stejn\u011b jako metadon.<\/p>\n<p>Metadon i buprenorfin jsou \u00fa\u010dinn\u00e9 terapie z\u00e1vislosti na opioidech, pokud se pou\u017e\u00edvaj\u00ed ve spojen\u00ed s l\u00e9ka\u0159skou a podp\u016frnou p\u00e9\u010d\u00ed, jakkoli m\u016f\u017ee b\u00fdt u n\u011bkter\u00fdch lid\u00ed \u00fasp\u011b\u0161n\u011bj\u0161\u00ed ne\u017e ostatn\u00ed.<\/p>\n<p>Je nutn\u00e1 dlouhodob\u00e1 metadonov\u00e1 l\u00e9\u010dba. D\u00e9lka l\u00e9\u010dby se pohybuje od n\u011bkolika m\u011bs\u00edc\u016f a\u017e po dv\u011b desetilet\u00ed. Kdy\u017e se u\u017eivatel metadonu rozhodne p\u0159estat u\u017e\u00edvat drogu, jeho l\u00e9ka\u0159 postupn\u011b sni\u017euje mno\u017estv\u00ed metadonu, kter\u00e9 u\u017e\u00edv\u00e1, po dobu t\u00fddn\u016f nebo m\u011bs\u00edc\u016f.<\/p>\n<p>Ne\u017e\u00e1douc\u00ed \u00fa\u010dinky metadonu<\/p>\n<p>Mezi mo\u017en\u00e9 vedlej\u0161\u00ed \u00fa\u010dinky:<\/p>\n<p>To\u010den\u00ed hlavy je zp\u016fsobeno z\u00e1cpou siln\u00e9 pocen\u00ed sucho v \u00fastech a zm\u011bny pohlav\u00ed.<\/p>\n<p>&nbsp;<\/p>\n","protected":false},"excerpt":{"rendered":"<p>Kupte si pr\u00e1\u0161ek Metho Methadone HCL online. Metho Methadone HCL pr\u00e1\u0161ek velkoobchodn\u00ed 99,8% Pure @ velkoobchodn\u00ed ceny. Metho (Methadone HCL) l\u00e9\u010d\u00ed st\u0159edn\u011b silnou a\u017e silnou bolest.<\/p>\n","protected":false},"featured_media":5578,"comment_status":"open","ping_status":"closed","template":"","meta":[],"product_brand":[],"product_cat":[2014],"product_tag":[3190,3191,3192,3207,3208,3197,3193,3204,3199,3200,3203,3195,3196,3201,3206,3202,3205,3194,3198,3209],"class_list":{"0":"post-5566","1":"product","2":"type-product","3":"status-publish","4":"has-post-thumbnail","6":"product_cat-koupit-vyzkumne-chemikalie","7":"product_tag-buy-methadone-hydrochloride","8":"product_tag-buy-methadone-powder","9":"product_tag-buy-metho-hcl","10":"product_tag-kde-koupit-methadon-prek","11":"product_tag-kde-k-objednat-methadon-prek","12":"product_tag-metadon-prek-koupit","13":"product_tag-koupit-metho-prek","14":"product_tag-metadonov-prek-maloobchodn-prodej","15":"product_tag-metadonov-prek-na-prodej","16":"product_tag-metadonov-prek-na-prodej-online","17":"product_tag-metadon-powder-reddit","18":"product_tag-methadone-hydrochloride-wholesale","19":"product_tag-methadone-powder","20":"product_tag-methadone-powder-online","21":"product_tag-methadone-powder-sell","22":"product_tag-metadon-prek-objednvka","23":"product_tag-metadonov-prek-prodej","24":"product_tag-metadon-hydrochloridov-c3-bd-c3-ba-c4-8dinek","25":"product_tag-metadon-prkov-efekt","26":"product_tag-velkoobchod-methadon-prek","28":"first","29":"instock","30":"shipping-taxable","31":"purchasable","32":"product-type-variable","33":"has-default-attributes"},"yoast_head":"<!-- This site is optimized with the Yoast SEO plugin v27.3 - https:\/\/yoast.com\/product\/yoast-seo-wordpress\/ -->\n<title>Methadone Hydrochloride USP PR\u00c1\u0160EK PRO PEROR\u00c1LN\u00cd POD\u00c1N\u00cd<\/title>\n<meta name=\"description\" content=\"Koupit Metho Methadone HCL pr\u00e1\u0161ek online. Metho Methadone HCL pr\u00e1\u0161ek velkoobchodn\u00ed 99,8% Pure @ velkoobchodn\u00ed ceny. Metho (Metadon HCL) l\u00e9\u010d\u00ed st\u0159edn\u011b silnou a\u017e silnou bolest.\" \/>\n<meta name=\"robots\" content=\"index, follow, max-snippet:-1, max-image-preview:large, max-video-preview:-1\" \/>\n<link rel=\"canonical\" href=\"https:\/\/medicinasinc.com\/cs\/product\/methadon-hydrochlorid-usp-prasek-pro-oralni-pouziti\/\" \/>\n<meta property=\"og:locale\" content=\"en_US\" \/>\n<meta property=\"og:type\" content=\"article\" \/>\n<meta property=\"og:title\" content=\"Methadone Hydrochloride USP PR\u00c1\u0160EK PRO PEROR\u00c1LN\u00cd POD\u00c1N\u00cd\" \/>\n<meta property=\"og:description\" content=\"Koupit Metho Methadone HCL pr\u00e1\u0161ek online. Metho Methadone HCL pr\u00e1\u0161ek velkoobchodn\u00ed 99,8% Pure @ velkoobchodn\u00ed ceny. Metho (Metadon HCL) l\u00e9\u010d\u00ed st\u0159edn\u011b silnou a\u017e silnou bolest.\" \/>\n<meta property=\"og:url\" content=\"https:\/\/medicinasinc.com\/cs\/product\/methadon-hydrochlorid-usp-prasek-pro-oralni-pouziti\/\" \/>\n<meta property=\"og:site_name\" content=\"Medicinas Inc\" \/>\n<meta property=\"article:modified_time\" content=\"2022-03-14T11:37:39+00:00\" \/>\n<meta property=\"og:image\" content=\"https:\/\/medicinasinc.com\/cs\/wp-content\/uploads\/sites\/2\/2022\/02\/Buy-Methadone.jpg\" \/>\n\t<meta property=\"og:image:width\" content=\"600\" \/>\n\t<meta property=\"og:image:height\" content=\"600\" \/>\n\t<meta property=\"og:image:type\" content=\"image\/jpeg\" \/>\n<meta name=\"twitter:card\" content=\"summary_large_image\" \/>\n<meta name=\"twitter:label1\" content=\"Est. reading time\" \/>\n\t<meta name=\"twitter:data1\" content=\"2 minutes\" \/>\n<script type=\"application\/ld+json\" class=\"yoast-schema-graph\">{\"@context\":\"https:\\\/\\\/schema.org\",\"@graph\":[{\"@type\":\"WebPage\",\"@id\":\"https:\\\/\\\/medicinasinc.com\\\/cs\\\/product\\\/methadon-hydrochlorid-usp-prasek-pro-oralni-pouziti\\\/\",\"url\":\"https:\\\/\\\/medicinasinc.com\\\/cs\\\/product\\\/methadon-hydrochlorid-usp-prasek-pro-oralni-pouziti\\\/\",\"name\":\"Methadone Hydrochloride USP PR\u00c1\u0160EK PRO PEROR\u00c1LN\u00cd POD\u00c1N\u00cd\",\"isPartOf\":{\"@id\":\"https:\\\/\\\/medicinasinc.com\\\/cs\\\/#website\"},\"primaryImageOfPage\":{\"@id\":\"https:\\\/\\\/medicinasinc.com\\\/cs\\\/product\\\/methadon-hydrochlorid-usp-prasek-pro-oralni-pouziti\\\/#primaryimage\"},\"image\":{\"@id\":\"https:\\\/\\\/medicinasinc.com\\\/cs\\\/product\\\/methadon-hydrochlorid-usp-prasek-pro-oralni-pouziti\\\/#primaryimage\"},\"thumbnailUrl\":\"https:\\\/\\\/medicinasinc.com\\\/cs\\\/wp-content\\\/uploads\\\/sites\\\/2\\\/2022\\\/02\\\/Buy-Methadone.jpg\",\"datePublished\":\"2022-02-22T01:53:35+00:00\",\"dateModified\":\"2022-03-14T11:37:39+00:00\",\"description\":\"Koupit Metho Methadone HCL pr\u00e1\u0161ek online. Metho Methadone HCL pr\u00e1\u0161ek velkoobchodn\u00ed 99,8% Pure @ velkoobchodn\u00ed ceny. Metho (Metadon HCL) l\u00e9\u010d\u00ed st\u0159edn\u011b silnou a\u017e silnou bolest.\",\"breadcrumb\":{\"@id\":\"https:\\\/\\\/medicinasinc.com\\\/cs\\\/product\\\/methadon-hydrochlorid-usp-prasek-pro-oralni-pouziti\\\/#breadcrumb\"},\"inLanguage\":\"en-US\",\"potentialAction\":[{\"@type\":\"ReadAction\",\"target\":[\"https:\\\/\\\/medicinasinc.com\\\/cs\\\/product\\\/methadon-hydrochlorid-usp-prasek-pro-oralni-pouziti\\\/\"]}]},{\"@type\":\"ImageObject\",\"inLanguage\":\"en-US\",\"@id\":\"https:\\\/\\\/medicinasinc.com\\\/cs\\\/product\\\/methadon-hydrochlorid-usp-prasek-pro-oralni-pouziti\\\/#primaryimage\",\"url\":\"https:\\\/\\\/medicinasinc.com\\\/cs\\\/wp-content\\\/uploads\\\/sites\\\/2\\\/2022\\\/02\\\/Buy-Methadone.jpg\",\"contentUrl\":\"https:\\\/\\\/medicinasinc.com\\\/cs\\\/wp-content\\\/uploads\\\/sites\\\/2\\\/2022\\\/02\\\/Buy-Methadone.jpg\",\"width\":600,\"height\":600},{\"@type\":\"BreadcrumbList\",\"@id\":\"https:\\\/\\\/medicinasinc.com\\\/cs\\\/product\\\/methadon-hydrochlorid-usp-prasek-pro-oralni-pouziti\\\/#breadcrumb\",\"itemListElement\":[{\"@type\":\"ListItem\",\"position\":1,\"name\":\"Obchod\",\"item\":\"https:\\\/\\\/medicinasinc.com\\\/cs\\\/obchod\\\/\"},{\"@type\":\"ListItem\",\"position\":2,\"name\":\"Methadone Hydrochloride USP PR\u00c1\u0160EK PRO PEROR\u00c1LN\u00cd POD\u00c1N\u00cd\"}]},{\"@type\":\"WebSite\",\"@id\":\"https:\\\/\\\/medicinasinc.com\\\/cs\\\/#website\",\"url\":\"https:\\\/\\\/medicinasinc.com\\\/cs\\\/\",\"name\":\"Medicinas Inc\",\"description\":\"Health Medical Clinic\",\"potentialAction\":[{\"@type\":\"SearchAction\",\"target\":{\"@type\":\"EntryPoint\",\"urlTemplate\":\"https:\\\/\\\/medicinasinc.com\\\/cs\\\/?s={search_term_string}\"},\"query-input\":{\"@type\":\"PropertyValueSpecification\",\"valueRequired\":true,\"valueName\":\"search_term_string\"}}],\"inLanguage\":\"en-US\"}]}<\/script>\n<!-- \/ Yoast SEO plugin. -->","yoast_head_json":{"title":"Methadone Hydrochloride USP PR\u00c1\u0160EK PRO PEROR\u00c1LN\u00cd POD\u00c1N\u00cd","description":"Koupit Metho Methadone HCL pr\u00e1\u0161ek online. Metho Methadone HCL pr\u00e1\u0161ek velkoobchodn\u00ed 99,8% Pure @ velkoobchodn\u00ed ceny. Metho (Metadon HCL) l\u00e9\u010d\u00ed st\u0159edn\u011b silnou a\u017e silnou bolest.","robots":{"index":"index","follow":"follow","max-snippet":"max-snippet:-1","max-image-preview":"max-image-preview:large","max-video-preview":"max-video-preview:-1"},"canonical":"https:\/\/medicinasinc.com\/cs\/product\/methadon-hydrochlorid-usp-prasek-pro-oralni-pouziti\/","og_locale":"en_US","og_type":"article","og_title":"Methadone Hydrochloride USP PR\u00c1\u0160EK PRO PEROR\u00c1LN\u00cd POD\u00c1N\u00cd","og_description":"Koupit Metho Methadone HCL pr\u00e1\u0161ek online. Metho Methadone HCL pr\u00e1\u0161ek velkoobchodn\u00ed 99,8% Pure @ velkoobchodn\u00ed ceny. Metho (Metadon HCL) l\u00e9\u010d\u00ed st\u0159edn\u011b silnou a\u017e silnou bolest.","og_url":"https:\/\/medicinasinc.com\/cs\/product\/methadon-hydrochlorid-usp-prasek-pro-oralni-pouziti\/","og_site_name":"Medicinas Inc","article_modified_time":"2022-03-14T11:37:39+00:00","og_image":[{"width":600,"height":600,"url":"https:\/\/medicinasinc.com\/cs\/wp-content\/uploads\/sites\/2\/2022\/02\/Buy-Methadone.jpg","type":"image\/jpeg"}],"twitter_card":"summary_large_image","twitter_misc":{"Est. reading time":"2 minutes"},"schema":{"@context":"https:\/\/schema.org","@graph":[{"@type":"WebPage","@id":"https:\/\/medicinasinc.com\/cs\/product\/methadon-hydrochlorid-usp-prasek-pro-oralni-pouziti\/","url":"https:\/\/medicinasinc.com\/cs\/product\/methadon-hydrochlorid-usp-prasek-pro-oralni-pouziti\/","name":"Methadone Hydrochloride USP PR\u00c1\u0160EK PRO PEROR\u00c1LN\u00cd POD\u00c1N\u00cd","isPartOf":{"@id":"https:\/\/medicinasinc.com\/cs\/#website"},"primaryImageOfPage":{"@id":"https:\/\/medicinasinc.com\/cs\/product\/methadon-hydrochlorid-usp-prasek-pro-oralni-pouziti\/#primaryimage"},"image":{"@id":"https:\/\/medicinasinc.com\/cs\/product\/methadon-hydrochlorid-usp-prasek-pro-oralni-pouziti\/#primaryimage"},"thumbnailUrl":"https:\/\/medicinasinc.com\/cs\/wp-content\/uploads\/sites\/2\/2022\/02\/Buy-Methadone.jpg","datePublished":"2022-02-22T01:53:35+00:00","dateModified":"2022-03-14T11:37:39+00:00","description":"Koupit Metho Methadone HCL pr\u00e1\u0161ek online. Metho Methadone HCL pr\u00e1\u0161ek velkoobchodn\u00ed 99,8% Pure @ velkoobchodn\u00ed ceny. Metho (Metadon HCL) l\u00e9\u010d\u00ed st\u0159edn\u011b silnou a\u017e silnou bolest.","breadcrumb":{"@id":"https:\/\/medicinasinc.com\/cs\/product\/methadon-hydrochlorid-usp-prasek-pro-oralni-pouziti\/#breadcrumb"},"inLanguage":"en-US","potentialAction":[{"@type":"ReadAction","target":["https:\/\/medicinasinc.com\/cs\/product\/methadon-hydrochlorid-usp-prasek-pro-oralni-pouziti\/"]}]},{"@type":"ImageObject","inLanguage":"en-US","@id":"https:\/\/medicinasinc.com\/cs\/product\/methadon-hydrochlorid-usp-prasek-pro-oralni-pouziti\/#primaryimage","url":"https:\/\/medicinasinc.com\/cs\/wp-content\/uploads\/sites\/2\/2022\/02\/Buy-Methadone.jpg","contentUrl":"https:\/\/medicinasinc.com\/cs\/wp-content\/uploads\/sites\/2\/2022\/02\/Buy-Methadone.jpg","width":600,"height":600},{"@type":"BreadcrumbList","@id":"https:\/\/medicinasinc.com\/cs\/product\/methadon-hydrochlorid-usp-prasek-pro-oralni-pouziti\/#breadcrumb","itemListElement":[{"@type":"ListItem","position":1,"name":"Obchod","item":"https:\/\/medicinasinc.com\/cs\/obchod\/"},{"@type":"ListItem","position":2,"name":"Methadone Hydrochloride USP PR\u00c1\u0160EK PRO PEROR\u00c1LN\u00cd POD\u00c1N\u00cd"}]},{"@type":"WebSite","@id":"https:\/\/medicinasinc.com\/cs\/#website","url":"https:\/\/medicinasinc.com\/cs\/","name":"Medicinas Inc","description":"Health Medical Clinic","potentialAction":[{"@type":"SearchAction","target":{"@type":"EntryPoint","urlTemplate":"https:\/\/medicinasinc.com\/cs\/?s={search_term_string}"},"query-input":{"@type":"PropertyValueSpecification","valueRequired":true,"valueName":"search_term_string"}}],"inLanguage":"en-US"}]}},"_links":{"self":[{"href":"https:\/\/medicinasinc.com\/cs\/wp-json\/wp\/v2\/product\/5566","targetHints":{"allow":["GET"]}}],"collection":[{"href":"https:\/\/medicinasinc.com\/cs\/wp-json\/wp\/v2\/product"}],"about":[{"href":"https:\/\/medicinasinc.com\/cs\/wp-json\/wp\/v2\/types\/product"}],"replies":[{"embeddable":true,"href":"https:\/\/medicinasinc.com\/cs\/wp-json\/wp\/v2\/comments?post=5566"}],"wp:featuredmedia":[{"embeddable":true,"href":"https:\/\/medicinasinc.com\/cs\/wp-json\/wp\/v2\/media\/5578"}],"wp:attachment":[{"href":"https:\/\/medicinasinc.com\/cs\/wp-json\/wp\/v2\/media?parent=5566"}],"wp:term":[{"taxonomy":"product_brand","embeddable":true,"href":"https:\/\/medicinasinc.com\/cs\/wp-json\/wp\/v2\/product_brand?post=5566"},{"taxonomy":"product_cat","embeddable":true,"href":"https:\/\/medicinasinc.com\/cs\/wp-json\/wp\/v2\/product_cat?post=5566"},{"taxonomy":"product_tag","embeddable":true,"href":"https:\/\/medicinasinc.com\/cs\/wp-json\/wp\/v2\/product_tag?post=5566"}],"curies":[{"name":"wp","href":"https:\/\/api.w.org\/{rel}","templated":true}]}}