{"id":5565,"date":"2022-02-22T01:51:04","date_gmt":"2022-02-22T01:51:04","guid":{"rendered":"https:\/\/medicinasinc.com\/cs\/?post_type=product&#038;p=5565"},"modified":"2022-08-03T11:56:32","modified_gmt":"2022-08-03T11:56:32","slug":"koupit-mdpv-methylendioxypyrovaleron-prasek","status":"publish","type":"product","link":"https:\/\/medicinasinc.com\/cs\/product\/koupit-mdpv-methylendioxypyrovaleron-prasek\/","title":{"rendered":"Koupit MDPV (Methylendioxypyrovalerone) pr\u00e1\u0161ek"},"content":{"rendered":"<p>MDPV je k dispozici ke koupi zde.<\/p>\n<p>zakupte si MDPV online pro vlastn\u00ed pot\u0159ebu nebo za \u00fa\u010delem dal\u0161\u00edho prodeje. M\u016f\u017eeme zaru\u010dit, \u017ee n\u00e1\u0161 MDPV pr\u00e1\u0161ek na prodej je t\u00e9 nejvy\u0161\u0161\u00ed kvality, kter\u00e1 je v sou\u010dasnosti na trhu dostupn\u00e1. Western Union, MoneyGram a bitcoiny pat\u0159\u00ed mezi platebn\u00ed metody, kter\u00e9 p\u0159ij\u00edm\u00e1me. M\u00e1me tak\u00e9 \u0161irokou \u0161k\u00e1lu r\u016fzn\u00fdch v\u00fdzkumn\u00fdch chemik\u00e1li\u00ed na prodej, v\u010detn\u011b JWH-018. M\u011bjte pros\u00edm na pam\u011bti, \u017ee nejsme zodpov\u011bdn\u00ed za to, jak na\u0161i z\u00e1kazn\u00edci pou\u017e\u00edvaj\u00ed na\u0161e MDPV na prodej ve Spojen\u00fdch st\u00e1tech.<\/p>\n<p>Stimulant t\u0159\u00eddy katinon\u016f, pr\u00e1\u0161ek MDPV (Methylendioxypyrovalerone), lze zakoupit online. Je to inhibitor zp\u011btn\u00e9ho vychyt\u00e1v\u00e1n\u00ed noradrenalinu a dopaminu a psychotropn\u00ed stimulant. V 60. letech 20. stolet\u00ed ji vytvo\u0159il t\u00fdm spole\u010dnosti Boehringer Ingelheim.<br \/>\nPR\u00c1\u0160KOV\u00c1 FORMA MDPV (METHYLENEDIOXYPYROVALERONE):<br \/>\nKv\u016fli sv\u00e9 jemn\u00e9 struktu\u0159e a tendenci slepovat se p\u0159i vystaven\u00ed vlhkosti je hydrochloridov\u00e1 s\u016fl \u010dasto myln\u011b pova\u017eov\u00e1na za cukrov\u00fd pr\u00e1\u0161ek.<br \/>\nStimula\u010dn\u00ed vlastnosti MDPV byly porovn\u00e1ny s vlastnostmi kokainu, methylfenid\u00e1tu a amfetamin\u016f.<\/p>\n<div class=\"entry-content gbtr_product_description\">\n<h3 class=\"fusion-responsive-typography-calculated \" data-fontsize=\"16\" data-lineheight=\"24px\"><\/h3>\n<\/div>\n","protected":false},"excerpt":{"rendered":"<div class=\"woocommerce-product-details__short-description\">\n<p>Nakupte MDPV na prodej online ve Velk\u00e9 Brit\u00e1nii, Evrop\u011b zde na medicinasinc.com. N\u00e1kup v\u00fdzkumn\u00fdch chemik\u00e1li\u00ed Methylendioxypyrovaleron online je velmi obt\u00ed\u017en\u00fd. Ale m\u016f\u017eeme poskytnout \u0161pi\u010dkovou kvalitu MDPV k prodeji za velmi n\u00edzk\u00e9 ceny. Nic dobr\u00e9ho nep\u0159ijde snadno a d\u00e1 n\u00e1m to hodn\u011b pr\u00e1ce, abychom m\u011bli na prodej MDPV nejlep\u0161\u00ed kvality.<\/p>\n<p><b>Methylendioxypyrovalerone<\/b>\u00a0(MDPV) je stimulant t\u0159\u00eddy kathinon\u016f, kter\u00fd p\u016fsob\u00ed jako inhibitor zp\u011btn\u00e9ho vychyt\u00e1v\u00e1n\u00ed norepinefrinu a dopaminu (NDRI). Poprv\u00e9 byl vyvinut v 60. letech 20. stolet\u00ed t\u00fdmem spole\u010dnosti Boehringer Ingelheim.<\/p>\n<h3 class=\"fusion-responsive-typography-calculated\" data-fontsize=\"16\" data-lineheight=\"24px\">MDPV (Methylendioxypyrovalerone) pr\u00e1\u0161ek je stimulant t\u0159\u00eddy kathinon\u016f.<\/h3>\n<\/div>\n","protected":false},"featured_media":5576,"comment_status":"open","ping_status":"closed","template":"","meta":[],"product_brand":[],"product_cat":[2014],"product_tag":[3137,3141,3142,3143,3144,3149,3150,3151,3152,3154,3155,3156,3157,3162,3189,3163,3164,3138,3139,3140,3148,3145,3146,3153,3160,3161,3158,3147,3159,3167,3168,3166,3172,3173,3174,3179,3180,3181,3182,3170,3171,3176,3175,3178,3177,3183,3184,3185,3186,3187,3169,3165,3188,3136],"class_list":{"0":"post-5565","1":"product","2":"type-product","3":"status-publish","4":"has-post-thumbnail","6":"product_cat-koupit-vyzkumne-chemikalie","7":"product_tag-buy-dextromethorphan-powder-online","8":"product_tag-buy-mdpv-europe","9":"product_tag-buy-mdpv-online","10":"product_tag-buy-mdpv-online-usa","11":"product_tag-buy-mdpv-plant-food","12":"product_tag-buy-mdpv-powdera-online-ecouter","13":"product_tag-buy-mdpv-powdera-online-fr","14":"product_tag-buy-mdpv-power-online","15":"product_tag-buy-mdpv-uk","16":"product_tag-buy-methylenedioxypyrovalerone-powder-online-indonesia","17":"product_tag-buy-methylenedioxypyrovalerone-powder-online-review","18":"product_tag-buy-methylenedioxypyrovalerone-powder-online-reviews","19":"product_tag-buy-methylenedioxypyrovalerone-powdera-online","20":"product_tag-how-to-buy-mdpv","21":"product_tag-kde-na-koupit-mdpv","22":"product_tag-mdpv-koupel-soli-koupit","23":"product_tag-mdpv-koupel-soli-koupit-online","24":"product_tag-buy-mdpv","25":"product_tag-buy-mdpv-1g","26":"product_tag-koupit-mdpv-levn","27":"product_tag-buy-mdpv-powdera-online-casino","28":"product_tag-koupit-mdpv-prek-online-2019","29":"product_tag-buy-mdpv-powder-online-free","30":"product_tag-buy-mdpv-usa","31":"product_tag-koupit-methylendioxypyrovaleron-powdera-online-fr","32":"product_tag-koupit-methylendioxypyrovaleron-power-online","33":"product_tag-koupit-methylendioxypyrovaleron-powdera-online-ecouter","34":"product_tag-buy-mdpv-powdera-online","35":"product_tag-koupit-methylendioxypyrovaleron-powdera-online-com","36":"product_tag-mdpv-buy-usa","37":"product_tag-mdpv-drug","38":"product_tag-mdpv-buy-uk","39":"product_tag-mdpv-powder-for-sale-amazon","40":"product_tag-mdpv-powder-for-sale-craigslist","41":"product_tag-mdpv-powder-for-sale-ebay","42":"product_tag-mdpv-powder-for-sale-united-states","43":"product_tag-mdpv-powder-for-sale-usa","44":"product_tag-mdpv-powder-for-sale-walmart","45":"product_tag-mdpv-powder-for-sale-without","46":"product_tag-mdpv-prek-na-prodej","47":"product_tag-mdpv-prek-na-prodej-2019","48":"product_tag-mdpv-prek-na-prodej-michigan","49":"product_tag-mdpv-prek-na-prodej-florida","50":"product_tag-mdpv-powder-for-sale-uk","51":"product_tag-mdpv-prasek-na-prodej-nedaleko-me","52":"product_tag-mdpv-prky","53":"product_tag-methylendioxypyrovaleron-koupit","54":"product_tag-methylendioxypyrovaleron-koupit-online","55":"product_tag-methylendioxypyrovaleron-prek","56":"product_tag-methylendioxypyrovaleron-prkov-zklad","57":"product_tag-mdpv-online-buy","58":"product_tag-mdpv-koupelov-soli-na-prodej","59":"product_tag-methylendioxypyrovaleron-prek-recenze","60":"product_tag-koupelov-sl-na-prodej","62":"first","63":"instock","64":"shipping-taxable","65":"purchasable","66":"product-type-variable","67":"has-default-attributes"},"yoast_head":"<!-- This site is optimized with the Yoast SEO plugin v27.3 - https:\/\/yoast.com\/product\/yoast-seo-wordpress\/ -->\n<title>Koupit MDPV (Methylendioxypyrovalerone) pr\u00e1\u0161ek \u2013 nejlep\u0161\u00ed glob\u00e1ln\u00ed l\u00e9ky<\/title>\n<meta name=\"description\" content=\"Koupit MDPV na prodej online ve Velk\u00e9 Brit\u00e1nii, Evrop\u011b zde na medicinasinc.com. N\u00e1kup v\u00fdzkumn\u00fdch chemik\u00e1li\u00ed Methylendioxypyrovaleron online je velmi obt\u00ed\u017en\u00fd. Ale m\u016f\u017eeme poskytnout \u0161pi\u010dkovou kvalitu MDPV k prodeji za velmi n\u00edzk\u00e9 ceny.\" \/>\n<meta name=\"robots\" content=\"index, follow, max-snippet:-1, max-image-preview:large, max-video-preview:-1\" \/>\n<link rel=\"canonical\" href=\"https:\/\/medicinasinc.com\/cs\/product\/koupit-mdpv-methylendioxypyrovaleron-prasek\/\" \/>\n<meta property=\"og:locale\" content=\"en_US\" \/>\n<meta property=\"og:type\" content=\"article\" \/>\n<meta property=\"og:title\" content=\"Koupit MDPV (Methylendioxypyrovalerone) pr\u00e1\u0161ek \u2013 nejlep\u0161\u00ed glob\u00e1ln\u00ed l\u00e9ky\" \/>\n<meta property=\"og:description\" content=\"Koupit MDPV na prodej online ve Velk\u00e9 Brit\u00e1nii, Evrop\u011b zde na medicinasinc.com. N\u00e1kup v\u00fdzkumn\u00fdch chemik\u00e1li\u00ed Methylendioxypyrovaleron online je velmi obt\u00ed\u017en\u00fd. Ale m\u016f\u017eeme poskytnout \u0161pi\u010dkovou kvalitu MDPV k prodeji za velmi n\u00edzk\u00e9 ceny.\" \/>\n<meta property=\"og:url\" content=\"https:\/\/medicinasinc.com\/cs\/product\/koupit-mdpv-methylendioxypyrovaleron-prasek\/\" \/>\n<meta property=\"og:site_name\" content=\"Medicinas Inc\" \/>\n<meta property=\"article:modified_time\" content=\"2022-08-03T11:56:32+00:00\" \/>\n<meta property=\"og:image\" content=\"https:\/\/medicinasinc.com\/cs\/wp-content\/uploads\/sites\/2\/2022\/02\/buy-methylenedioxypyrovalerone.jpg\" \/>\n\t<meta property=\"og:image:width\" content=\"1400\" \/>\n\t<meta property=\"og:image:height\" content=\"700\" \/>\n\t<meta property=\"og:image:type\" content=\"image\/jpeg\" \/>\n<meta name=\"twitter:card\" content=\"summary_large_image\" \/>\n<meta name=\"twitter:label1\" content=\"Est. reading time\" \/>\n\t<meta name=\"twitter:data1\" content=\"1 minute\" \/>\n<script type=\"application\/ld+json\" class=\"yoast-schema-graph\">{\"@context\":\"https:\\\/\\\/schema.org\",\"@graph\":[{\"@type\":\"WebPage\",\"@id\":\"https:\\\/\\\/medicinasinc.com\\\/cs\\\/product\\\/koupit-mdpv-methylendioxypyrovaleron-prasek\\\/\",\"url\":\"https:\\\/\\\/medicinasinc.com\\\/cs\\\/product\\\/koupit-mdpv-methylendioxypyrovaleron-prasek\\\/\",\"name\":\"Koupit MDPV (Methylendioxypyrovalerone) pr\u00e1\u0161ek \u2013 nejlep\u0161\u00ed glob\u00e1ln\u00ed l\u00e9ky\",\"isPartOf\":{\"@id\":\"https:\\\/\\\/medicinasinc.com\\\/cs\\\/#website\"},\"primaryImageOfPage\":{\"@id\":\"https:\\\/\\\/medicinasinc.com\\\/cs\\\/product\\\/koupit-mdpv-methylendioxypyrovaleron-prasek\\\/#primaryimage\"},\"image\":{\"@id\":\"https:\\\/\\\/medicinasinc.com\\\/cs\\\/product\\\/koupit-mdpv-methylendioxypyrovaleron-prasek\\\/#primaryimage\"},\"thumbnailUrl\":\"https:\\\/\\\/medicinasinc.com\\\/cs\\\/wp-content\\\/uploads\\\/sites\\\/2\\\/2022\\\/02\\\/buy-methylenedioxypyrovalerone.jpg\",\"datePublished\":\"2022-02-22T01:51:04+00:00\",\"dateModified\":\"2022-08-03T11:56:32+00:00\",\"description\":\"Koupit MDPV na prodej online ve Velk\u00e9 Brit\u00e1nii, Evrop\u011b zde na medicinasinc.com. N\u00e1kup v\u00fdzkumn\u00fdch chemik\u00e1li\u00ed Methylendioxypyrovaleron online je velmi obt\u00ed\u017en\u00fd. Ale m\u016f\u017eeme poskytnout \u0161pi\u010dkovou kvalitu MDPV k prodeji za velmi n\u00edzk\u00e9 ceny.\",\"breadcrumb\":{\"@id\":\"https:\\\/\\\/medicinasinc.com\\\/cs\\\/product\\\/koupit-mdpv-methylendioxypyrovaleron-prasek\\\/#breadcrumb\"},\"inLanguage\":\"en-US\",\"potentialAction\":[{\"@type\":\"ReadAction\",\"target\":[\"https:\\\/\\\/medicinasinc.com\\\/cs\\\/product\\\/koupit-mdpv-methylendioxypyrovaleron-prasek\\\/\"]}]},{\"@type\":\"ImageObject\",\"inLanguage\":\"en-US\",\"@id\":\"https:\\\/\\\/medicinasinc.com\\\/cs\\\/product\\\/koupit-mdpv-methylendioxypyrovaleron-prasek\\\/#primaryimage\",\"url\":\"https:\\\/\\\/medicinasinc.com\\\/cs\\\/wp-content\\\/uploads\\\/sites\\\/2\\\/2022\\\/02\\\/buy-methylenedioxypyrovalerone.jpg\",\"contentUrl\":\"https:\\\/\\\/medicinasinc.com\\\/cs\\\/wp-content\\\/uploads\\\/sites\\\/2\\\/2022\\\/02\\\/buy-methylenedioxypyrovalerone.jpg\",\"width\":1400,\"height\":700},{\"@type\":\"BreadcrumbList\",\"@id\":\"https:\\\/\\\/medicinasinc.com\\\/cs\\\/product\\\/koupit-mdpv-methylendioxypyrovaleron-prasek\\\/#breadcrumb\",\"itemListElement\":[{\"@type\":\"ListItem\",\"position\":1,\"name\":\"Obchod\",\"item\":\"https:\\\/\\\/medicinasinc.com\\\/cs\\\/obchod\\\/\"},{\"@type\":\"ListItem\",\"position\":2,\"name\":\"Koupit MDPV (Methylendioxypyrovalerone) pr\u00e1\u0161ek\"}]},{\"@type\":\"WebSite\",\"@id\":\"https:\\\/\\\/medicinasinc.com\\\/cs\\\/#website\",\"url\":\"https:\\\/\\\/medicinasinc.com\\\/cs\\\/\",\"name\":\"Medicinas Inc\",\"description\":\"Health Medical Clinic\",\"potentialAction\":[{\"@type\":\"SearchAction\",\"target\":{\"@type\":\"EntryPoint\",\"urlTemplate\":\"https:\\\/\\\/medicinasinc.com\\\/cs\\\/?s={search_term_string}\"},\"query-input\":{\"@type\":\"PropertyValueSpecification\",\"valueRequired\":true,\"valueName\":\"search_term_string\"}}],\"inLanguage\":\"en-US\"}]}<\/script>\n<!-- \/ Yoast SEO plugin. -->","yoast_head_json":{"title":"Koupit MDPV (Methylendioxypyrovalerone) pr\u00e1\u0161ek \u2013 nejlep\u0161\u00ed glob\u00e1ln\u00ed l\u00e9ky","description":"Koupit MDPV na prodej online ve Velk\u00e9 Brit\u00e1nii, Evrop\u011b zde na medicinasinc.com. N\u00e1kup v\u00fdzkumn\u00fdch chemik\u00e1li\u00ed Methylendioxypyrovaleron online je velmi obt\u00ed\u017en\u00fd. Ale m\u016f\u017eeme poskytnout \u0161pi\u010dkovou kvalitu MDPV k prodeji za velmi n\u00edzk\u00e9 ceny.","robots":{"index":"index","follow":"follow","max-snippet":"max-snippet:-1","max-image-preview":"max-image-preview:large","max-video-preview":"max-video-preview:-1"},"canonical":"https:\/\/medicinasinc.com\/cs\/product\/koupit-mdpv-methylendioxypyrovaleron-prasek\/","og_locale":"en_US","og_type":"article","og_title":"Koupit MDPV (Methylendioxypyrovalerone) pr\u00e1\u0161ek \u2013 nejlep\u0161\u00ed glob\u00e1ln\u00ed l\u00e9ky","og_description":"Koupit MDPV na prodej online ve Velk\u00e9 Brit\u00e1nii, Evrop\u011b zde na medicinasinc.com. N\u00e1kup v\u00fdzkumn\u00fdch chemik\u00e1li\u00ed Methylendioxypyrovaleron online je velmi obt\u00ed\u017en\u00fd. Ale m\u016f\u017eeme poskytnout \u0161pi\u010dkovou kvalitu MDPV k prodeji za velmi n\u00edzk\u00e9 ceny.","og_url":"https:\/\/medicinasinc.com\/cs\/product\/koupit-mdpv-methylendioxypyrovaleron-prasek\/","og_site_name":"Medicinas Inc","article_modified_time":"2022-08-03T11:56:32+00:00","og_image":[{"width":1400,"height":700,"url":"https:\/\/medicinasinc.com\/cs\/wp-content\/uploads\/sites\/2\/2022\/02\/buy-methylenedioxypyrovalerone.jpg","type":"image\/jpeg"}],"twitter_card":"summary_large_image","twitter_misc":{"Est. reading time":"1 minute"},"schema":{"@context":"https:\/\/schema.org","@graph":[{"@type":"WebPage","@id":"https:\/\/medicinasinc.com\/cs\/product\/koupit-mdpv-methylendioxypyrovaleron-prasek\/","url":"https:\/\/medicinasinc.com\/cs\/product\/koupit-mdpv-methylendioxypyrovaleron-prasek\/","name":"Koupit MDPV (Methylendioxypyrovalerone) pr\u00e1\u0161ek \u2013 nejlep\u0161\u00ed glob\u00e1ln\u00ed l\u00e9ky","isPartOf":{"@id":"https:\/\/medicinasinc.com\/cs\/#website"},"primaryImageOfPage":{"@id":"https:\/\/medicinasinc.com\/cs\/product\/koupit-mdpv-methylendioxypyrovaleron-prasek\/#primaryimage"},"image":{"@id":"https:\/\/medicinasinc.com\/cs\/product\/koupit-mdpv-methylendioxypyrovaleron-prasek\/#primaryimage"},"thumbnailUrl":"https:\/\/medicinasinc.com\/cs\/wp-content\/uploads\/sites\/2\/2022\/02\/buy-methylenedioxypyrovalerone.jpg","datePublished":"2022-02-22T01:51:04+00:00","dateModified":"2022-08-03T11:56:32+00:00","description":"Koupit MDPV na prodej online ve Velk\u00e9 Brit\u00e1nii, Evrop\u011b zde na medicinasinc.com. N\u00e1kup v\u00fdzkumn\u00fdch chemik\u00e1li\u00ed Methylendioxypyrovaleron online je velmi obt\u00ed\u017en\u00fd. Ale m\u016f\u017eeme poskytnout \u0161pi\u010dkovou kvalitu MDPV k prodeji za velmi n\u00edzk\u00e9 ceny.","breadcrumb":{"@id":"https:\/\/medicinasinc.com\/cs\/product\/koupit-mdpv-methylendioxypyrovaleron-prasek\/#breadcrumb"},"inLanguage":"en-US","potentialAction":[{"@type":"ReadAction","target":["https:\/\/medicinasinc.com\/cs\/product\/koupit-mdpv-methylendioxypyrovaleron-prasek\/"]}]},{"@type":"ImageObject","inLanguage":"en-US","@id":"https:\/\/medicinasinc.com\/cs\/product\/koupit-mdpv-methylendioxypyrovaleron-prasek\/#primaryimage","url":"https:\/\/medicinasinc.com\/cs\/wp-content\/uploads\/sites\/2\/2022\/02\/buy-methylenedioxypyrovalerone.jpg","contentUrl":"https:\/\/medicinasinc.com\/cs\/wp-content\/uploads\/sites\/2\/2022\/02\/buy-methylenedioxypyrovalerone.jpg","width":1400,"height":700},{"@type":"BreadcrumbList","@id":"https:\/\/medicinasinc.com\/cs\/product\/koupit-mdpv-methylendioxypyrovaleron-prasek\/#breadcrumb","itemListElement":[{"@type":"ListItem","position":1,"name":"Obchod","item":"https:\/\/medicinasinc.com\/cs\/obchod\/"},{"@type":"ListItem","position":2,"name":"Koupit MDPV (Methylendioxypyrovalerone) pr\u00e1\u0161ek"}]},{"@type":"WebSite","@id":"https:\/\/medicinasinc.com\/cs\/#website","url":"https:\/\/medicinasinc.com\/cs\/","name":"Medicinas Inc","description":"Health Medical Clinic","potentialAction":[{"@type":"SearchAction","target":{"@type":"EntryPoint","urlTemplate":"https:\/\/medicinasinc.com\/cs\/?s={search_term_string}"},"query-input":{"@type":"PropertyValueSpecification","valueRequired":true,"valueName":"search_term_string"}}],"inLanguage":"en-US"}]}},"_links":{"self":[{"href":"https:\/\/medicinasinc.com\/cs\/wp-json\/wp\/v2\/product\/5565","targetHints":{"allow":["GET"]}}],"collection":[{"href":"https:\/\/medicinasinc.com\/cs\/wp-json\/wp\/v2\/product"}],"about":[{"href":"https:\/\/medicinasinc.com\/cs\/wp-json\/wp\/v2\/types\/product"}],"replies":[{"embeddable":true,"href":"https:\/\/medicinasinc.com\/cs\/wp-json\/wp\/v2\/comments?post=5565"}],"wp:featuredmedia":[{"embeddable":true,"href":"https:\/\/medicinasinc.com\/cs\/wp-json\/wp\/v2\/media\/5576"}],"wp:attachment":[{"href":"https:\/\/medicinasinc.com\/cs\/wp-json\/wp\/v2\/media?parent=5565"}],"wp:term":[{"taxonomy":"product_brand","embeddable":true,"href":"https:\/\/medicinasinc.com\/cs\/wp-json\/wp\/v2\/product_brand?post=5565"},{"taxonomy":"product_cat","embeddable":true,"href":"https:\/\/medicinasinc.com\/cs\/wp-json\/wp\/v2\/product_cat?post=5565"},{"taxonomy":"product_tag","embeddable":true,"href":"https:\/\/medicinasinc.com\/cs\/wp-json\/wp\/v2\/product_tag?post=5565"}],"curies":[{"name":"wp","href":"https:\/\/api.w.org\/{rel}","templated":true}]}}