{"id":5564,"date":"2022-02-22T01:48:50","date_gmt":"2022-02-22T01:48:50","guid":{"rendered":"https:\/\/medicinasinc.com\/cs\/?post_type=product&#038;p=5564"},"modified":"2022-03-14T11:38:02","modified_gmt":"2022-03-14T11:38:02","slug":"buy-mdai-crystal-powder","status":"publish","type":"product","link":"https:\/\/medicinasinc.com\/cs\/product\/buy-mdai-crystal-powder\/","title":{"rendered":"Koupit MDAI Crystal &amp; Pr\u00e1\u0161ek"},"content":{"rendered":"<p>Nakupujte online krystal a pr\u00e1\u0161ek MDAI.<\/p>\n<p>Krystaly a pr\u00e1\u0161ky MDAI na prodej za zv\u00fdhodn\u011bn\u00e9 ceny.<\/p>\n<p>Nakupte u n\u00e1s MDAI.<\/p>\n<p>Na\u0161\u00edm hlavn\u00edm c\u00edlem je poskytovat klient\u016fm \u0161pi\u010dkov\u00e9 informace a prvot\u0159\u00eddn\u00ed slu\u017eby. Pr\u016fzkumn\u00e9 skupiny a plnohodnotn\u00e1 v\u00fdrobn\u00ed za\u0159\u00edzen\u00ed mohou naj\u00edt RC v mno\u017estv\u00ed a kvalit\u011b, kterou pot\u0159ebuj\u00ed. P\u0159ehled RC, kter\u00fd uspokoj\u00ed v\u0161echny va\u0161e z\u00e1jmy a c\u00edle, naleznete p\u0159\u00edmo zde. Na\u0161e firma navrhuje sv\u011btov\u00e9 hnac\u00ed chemik\u00e1lie na z\u00e1klad\u011b nejnov\u011bj\u0161\u00edch technologick\u00fdch pokrok\u016f. V\u0161echny polo\u017eky na tomto seznamu nemaj\u00ed pro lidi praktick\u00e9 vyu\u017eit\u00ed.<\/p>\n<p>M\u011blo by se podporovat pou\u017e\u00edv\u00e1n\u00ed l\u00e9k\u016f v laborato\u0159i, pro v\u011bdeck\u00e9 \u00fa\u010dely a pro studium. Zaznamenan\u00e9 chemick\u00e9 l\u00e1tky lze pou\u017e\u00edt pouze pro pr\u016fzkumy, pokusy a testy. Bal\u00ed\u010dky ned\u00e1vno vyroben\u00e9 p\u0159edn\u00edmi \u010d\u00ednsk\u00fdmi v\u00fdzkumn\u00fdmi za\u0159\u00edzen\u00edmi na trhu RC jsou nyn\u00ed k dispozici.<\/p>\n<p>Pokud se nyn\u00ed dohodnete, doru\u010d\u00edme v\u00e1\u0161 bal\u00ed\u010dek kamkoli do Spojen\u00fdch st\u00e1t\u016f, Evropy nebo sv\u011bta. Abychom vyhov\u011bli va\u0161im pot\u0159eb\u00e1m, spolupracujeme s \u0159adou p\u0159edn\u00edch sv\u011btov\u00fdch laborato\u0159\u00ed, kter\u00e9 pl\u00e1nuj\u00ed vybudovat RC, a v\u00e1\u0161 po\u017eadavek je pro na\u0161i firmu nanejv\u00fd\u0161 d\u016fle\u017eit\u00fd.<\/p>\n<p>N\u00e1\u0161 prodejce s\u00eddl\u00ed ve Spojen\u00fdch st\u00e1tech americk\u00fdch. a p\u016fsob\u00ed po cel\u00e9m sv\u011bt\u011b. Na webu si spot\u0159ebitel\u00e9 mohou snadno ov\u011b\u0159it odhad a dostupnost RC pro sv\u00e9 vlastn\u00ed pot\u0159eby. Z\u00e1kazn\u00edci. Obra\u0165te se pros\u00edm na na\u0161i p\u0159\u00e1telskou a v\u00edcejazy\u010dnou z\u00e1kaznickou slu\u017ebu a zjist\u011bte, jak zadat po\u017eadavek. Pokud m\u00e1te z\u00e1jem o hled\u00e1n\u00ed sm\u011bsn\u00fdch nebo zlevn\u011bn\u00fdch l\u00e1tek, kontaktujte n\u00e1s pro v\u00edce informac\u00ed. Pokud na na\u0161ich str\u00e1nk\u00e1ch nem\u016f\u017eete naj\u00edt to, co hled\u00e1te, nev\u00e1hejte n\u00e1s kontaktovat s \u017e\u00e1dost\u00ed o pomoc. Kvalita je nejd\u016fle\u017eit\u011bj\u0161\u00edm faktorem p\u0159i z\u00edsk\u00e1v\u00e1n\u00ed chemik\u00e1li\u00ed pro studium.<\/p>\n","protected":false},"excerpt":{"rendered":"<p>Koupit MDAI Crystal &amp; Pr\u00e1\u0161ek na prodej ve Velk\u00e9 Brit\u00e1nii, Evrop\u011b levn\u011b online. MDAI nebo 5,6-methylendioxy-2-aminoindanKoupit MDAI nebo 5,6-methylendioxy-2-aminoindan.<\/p>\n","protected":false},"featured_media":5574,"comment_status":"open","ping_status":"closed","template":"","meta":[],"product_brand":[],"product_cat":[2014],"product_tag":[3093,3094,3096,3103,2525,2532,3104,3105,3106,3107,3133,3135,3095,3097,3110,2530,3118,3102,3111,3108,2522,3099,3100,3101,3098,3109,3114,3115,3117,3120,3121,3119,517,2549,3123,3124,3122,3113,3127,3125,3126,3128,3131,3132,3130,3129,3112,3134,3116],"class_list":{"0":"post-5564","1":"product","2":"type-product","3":"status-publish","4":"has-post-thumbnail","6":"product_cat-koupit-vyzkumne-chemikalie","7":"product_tag-4mmc-na-prodej","8":"product_tag-amphetamine-for-sale","9":"product_tag-buy-amphetamine-speed","10":"product_tag-buy-meow-meow","11":"product_tag-buy-mephedrone","12":"product_tag-buy-mephedrone-plant-food","13":"product_tag-buy-methylone","14":"product_tag-buy-mkat","15":"product_tag-buy-phenethylamine","16":"product_tag-buy-tryptamine","17":"product_tag-fenetylamin-na-prodej","18":"product_tag-kde-koupit-mdai-prek","19":"product_tag-koupelov-soli-na-prodej","20":"product_tag-koupit-koupelov-soli","21":"product_tag-mdai-crystal-buy","22":"product_tag-koupit-mefedron-online","23":"product_tag-mdai-powder-buy","24":"product_tag-buy-mdai-powder","25":"product_tag-mdai-crystal-efekt","26":"product_tag-krystal-meth-na-prodej","27":"product_tag-koupit-4mmc","28":"product_tag-buy-lsd","29":"product_tag-buy-mdai","30":"product_tag-buy-mdai-crystal","31":"product_tag-koupit-krystal-meth","32":"product_tag-lsd-na-prodej","33":"product_tag-mdai-crystal-reddit","34":"product_tag-mdai-crystal-retail","35":"product_tag-mdai-na-prodej","36":"product_tag-mdai-powder-online","37":"product_tag-mdai-powder-order","38":"product_tag-mdai-prek-na-prodej","39":"product_tag-mdma-na-prodej","40":"product_tag-mefedron-na-prodej","41":"product_tag-methylon-na-prodej","42":"product_tag-mkat-na-prodej","43":"product_tag-mau-mau-prodej","44":"product_tag-mdai-crystal-order","45":"product_tag-rozkaz-mau-mau","46":"product_tag-order-mdai-crystal","47":"product_tag-objednvka-mdma","48":"product_tag-d-mefedron","49":"product_tag-d-methylon","50":"product_tag-objednvka-mkat","51":"product_tag-objednat-meth-online","52":"product_tag-objednvka-mefedron-rostlinn-potrava","53":"product_tag-mdai-crystal-na-prodej","54":"product_tag-tryptamin-na-prodej","55":"product_tag-mdai-crystal-velkoobchod","57":"first","58":"instock","59":"shipping-taxable","60":"purchasable","61":"product-type-variable","62":"has-default-attributes"},"yoast_head":"<!-- This site is optimized with the Yoast SEO plugin v27.3 - https:\/\/yoast.com\/product\/yoast-seo-wordpress\/ -->\n<title>Koupit MDAI Crystal &amp; Levn\u00fd pr\u00e1\u0161ek online \u2013 nejlep\u0161\u00ed glob\u00e1ln\u00ed l\u00e9ky<\/title>\n<meta name=\"description\" content=\"Koupit MDAI Crystal &amp; Pr\u00e1\u0161ek na prodej ve Velk\u00e9 Brit\u00e1nii, Evrop\u011b levn\u011b online. MDAI nebo 5,6-methylendioxy-2-aminoindanKoupit MDAI nebo 5,6-methylendioxy-2-aminoindan.\" \/>\n<meta name=\"robots\" content=\"index, follow, max-snippet:-1, max-image-preview:large, max-video-preview:-1\" \/>\n<link rel=\"canonical\" href=\"https:\/\/medicinasinc.com\/cs\/product\/buy-mdai-crystal-powder\/\" \/>\n<meta property=\"og:locale\" content=\"en_US\" \/>\n<meta property=\"og:type\" content=\"article\" \/>\n<meta property=\"og:title\" content=\"Koupit MDAI Crystal &amp; Levn\u00fd pr\u00e1\u0161ek online \u2013 nejlep\u0161\u00ed glob\u00e1ln\u00ed l\u00e9ky\" \/>\n<meta property=\"og:description\" content=\"Koupit MDAI Crystal &amp; Pr\u00e1\u0161ek na prodej ve Velk\u00e9 Brit\u00e1nii, Evrop\u011b levn\u011b online. MDAI nebo 5,6-methylendioxy-2-aminoindanKoupit MDAI nebo 5,6-methylendioxy-2-aminoindan.\" \/>\n<meta property=\"og:url\" content=\"https:\/\/medicinasinc.com\/cs\/product\/buy-mdai-crystal-powder\/\" \/>\n<meta property=\"og:site_name\" content=\"Medicinas Inc\" \/>\n<meta property=\"article:modified_time\" content=\"2022-03-14T11:38:02+00:00\" \/>\n<meta property=\"og:image\" content=\"https:\/\/medicinasinc.com\/cs\/wp-content\/uploads\/sites\/2\/2022\/02\/buy-mdai-crystal-powder-cheap-online.jpg\" \/>\n\t<meta property=\"og:image:width\" content=\"600\" \/>\n\t<meta property=\"og:image:height\" content=\"600\" \/>\n\t<meta property=\"og:image:type\" content=\"image\/jpeg\" \/>\n<meta name=\"twitter:card\" content=\"summary_large_image\" \/>\n<meta name=\"twitter:label1\" content=\"Est. reading time\" \/>\n\t<meta name=\"twitter:data1\" content=\"2 minutes\" \/>\n<script type=\"application\/ld+json\" class=\"yoast-schema-graph\">{\"@context\":\"https:\\\/\\\/schema.org\",\"@graph\":[{\"@type\":\"WebPage\",\"@id\":\"https:\\\/\\\/medicinasinc.com\\\/cs\\\/product\\\/buy-mdai-crystal-powder\\\/\",\"url\":\"https:\\\/\\\/medicinasinc.com\\\/cs\\\/product\\\/buy-mdai-crystal-powder\\\/\",\"name\":\"Koupit MDAI Crystal &amp; Levn\u00fd pr\u00e1\u0161ek online \u2013 nejlep\u0161\u00ed glob\u00e1ln\u00ed l\u00e9ky\",\"isPartOf\":{\"@id\":\"https:\\\/\\\/medicinasinc.com\\\/cs\\\/#website\"},\"primaryImageOfPage\":{\"@id\":\"https:\\\/\\\/medicinasinc.com\\\/cs\\\/product\\\/buy-mdai-crystal-powder\\\/#primaryimage\"},\"image\":{\"@id\":\"https:\\\/\\\/medicinasinc.com\\\/cs\\\/product\\\/buy-mdai-crystal-powder\\\/#primaryimage\"},\"thumbnailUrl\":\"https:\\\/\\\/medicinasinc.com\\\/cs\\\/wp-content\\\/uploads\\\/sites\\\/2\\\/2022\\\/02\\\/buy-mdai-crystal-powder-cheap-online.jpg\",\"datePublished\":\"2022-02-22T01:48:50+00:00\",\"dateModified\":\"2022-03-14T11:38:02+00:00\",\"description\":\"Koupit MDAI Crystal &amp; Pr\u00e1\u0161ek na prodej ve Velk\u00e9 Brit\u00e1nii, Evrop\u011b levn\u011b online. MDAI nebo 5,6-methylendioxy-2-aminoindanKoupit MDAI nebo 5,6-methylendioxy-2-aminoindan.\",\"breadcrumb\":{\"@id\":\"https:\\\/\\\/medicinasinc.com\\\/cs\\\/product\\\/buy-mdai-crystal-powder\\\/#breadcrumb\"},\"inLanguage\":\"en-US\",\"potentialAction\":[{\"@type\":\"ReadAction\",\"target\":[\"https:\\\/\\\/medicinasinc.com\\\/cs\\\/product\\\/buy-mdai-crystal-powder\\\/\"]}]},{\"@type\":\"ImageObject\",\"inLanguage\":\"en-US\",\"@id\":\"https:\\\/\\\/medicinasinc.com\\\/cs\\\/product\\\/buy-mdai-crystal-powder\\\/#primaryimage\",\"url\":\"https:\\\/\\\/medicinasinc.com\\\/cs\\\/wp-content\\\/uploads\\\/sites\\\/2\\\/2022\\\/02\\\/buy-mdai-crystal-powder-cheap-online.jpg\",\"contentUrl\":\"https:\\\/\\\/medicinasinc.com\\\/cs\\\/wp-content\\\/uploads\\\/sites\\\/2\\\/2022\\\/02\\\/buy-mdai-crystal-powder-cheap-online.jpg\",\"width\":600,\"height\":600},{\"@type\":\"BreadcrumbList\",\"@id\":\"https:\\\/\\\/medicinasinc.com\\\/cs\\\/product\\\/buy-mdai-crystal-powder\\\/#breadcrumb\",\"itemListElement\":[{\"@type\":\"ListItem\",\"position\":1,\"name\":\"Obchod\",\"item\":\"https:\\\/\\\/medicinasinc.com\\\/cs\\\/obchod\\\/\"},{\"@type\":\"ListItem\",\"position\":2,\"name\":\"Koupit MDAI Crystal &amp; Pr\u00e1\u0161ek\"}]},{\"@type\":\"WebSite\",\"@id\":\"https:\\\/\\\/medicinasinc.com\\\/cs\\\/#website\",\"url\":\"https:\\\/\\\/medicinasinc.com\\\/cs\\\/\",\"name\":\"Medicinas Inc\",\"description\":\"Health Medical Clinic\",\"potentialAction\":[{\"@type\":\"SearchAction\",\"target\":{\"@type\":\"EntryPoint\",\"urlTemplate\":\"https:\\\/\\\/medicinasinc.com\\\/cs\\\/?s={search_term_string}\"},\"query-input\":{\"@type\":\"PropertyValueSpecification\",\"valueRequired\":true,\"valueName\":\"search_term_string\"}}],\"inLanguage\":\"en-US\"}]}<\/script>\n<!-- \/ Yoast SEO plugin. -->","yoast_head_json":{"title":"Koupit MDAI Crystal &amp; Levn\u00fd pr\u00e1\u0161ek online \u2013 nejlep\u0161\u00ed glob\u00e1ln\u00ed l\u00e9ky","description":"Koupit MDAI Crystal &amp; Pr\u00e1\u0161ek na prodej ve Velk\u00e9 Brit\u00e1nii, Evrop\u011b levn\u011b online. MDAI nebo 5,6-methylendioxy-2-aminoindanKoupit MDAI nebo 5,6-methylendioxy-2-aminoindan.","robots":{"index":"index","follow":"follow","max-snippet":"max-snippet:-1","max-image-preview":"max-image-preview:large","max-video-preview":"max-video-preview:-1"},"canonical":"https:\/\/medicinasinc.com\/cs\/product\/buy-mdai-crystal-powder\/","og_locale":"en_US","og_type":"article","og_title":"Koupit MDAI Crystal &amp; Levn\u00fd pr\u00e1\u0161ek online \u2013 nejlep\u0161\u00ed glob\u00e1ln\u00ed l\u00e9ky","og_description":"Koupit MDAI Crystal &amp; Pr\u00e1\u0161ek na prodej ve Velk\u00e9 Brit\u00e1nii, Evrop\u011b levn\u011b online. MDAI nebo 5,6-methylendioxy-2-aminoindanKoupit MDAI nebo 5,6-methylendioxy-2-aminoindan.","og_url":"https:\/\/medicinasinc.com\/cs\/product\/buy-mdai-crystal-powder\/","og_site_name":"Medicinas Inc","article_modified_time":"2022-03-14T11:38:02+00:00","og_image":[{"width":600,"height":600,"url":"https:\/\/medicinasinc.com\/cs\/wp-content\/uploads\/sites\/2\/2022\/02\/buy-mdai-crystal-powder-cheap-online.jpg","type":"image\/jpeg"}],"twitter_card":"summary_large_image","twitter_misc":{"Est. reading time":"2 minutes"},"schema":{"@context":"https:\/\/schema.org","@graph":[{"@type":"WebPage","@id":"https:\/\/medicinasinc.com\/cs\/product\/buy-mdai-crystal-powder\/","url":"https:\/\/medicinasinc.com\/cs\/product\/buy-mdai-crystal-powder\/","name":"Koupit MDAI Crystal &amp; Levn\u00fd pr\u00e1\u0161ek online \u2013 nejlep\u0161\u00ed glob\u00e1ln\u00ed l\u00e9ky","isPartOf":{"@id":"https:\/\/medicinasinc.com\/cs\/#website"},"primaryImageOfPage":{"@id":"https:\/\/medicinasinc.com\/cs\/product\/buy-mdai-crystal-powder\/#primaryimage"},"image":{"@id":"https:\/\/medicinasinc.com\/cs\/product\/buy-mdai-crystal-powder\/#primaryimage"},"thumbnailUrl":"https:\/\/medicinasinc.com\/cs\/wp-content\/uploads\/sites\/2\/2022\/02\/buy-mdai-crystal-powder-cheap-online.jpg","datePublished":"2022-02-22T01:48:50+00:00","dateModified":"2022-03-14T11:38:02+00:00","description":"Koupit MDAI Crystal &amp; Pr\u00e1\u0161ek na prodej ve Velk\u00e9 Brit\u00e1nii, Evrop\u011b levn\u011b online. MDAI nebo 5,6-methylendioxy-2-aminoindanKoupit MDAI nebo 5,6-methylendioxy-2-aminoindan.","breadcrumb":{"@id":"https:\/\/medicinasinc.com\/cs\/product\/buy-mdai-crystal-powder\/#breadcrumb"},"inLanguage":"en-US","potentialAction":[{"@type":"ReadAction","target":["https:\/\/medicinasinc.com\/cs\/product\/buy-mdai-crystal-powder\/"]}]},{"@type":"ImageObject","inLanguage":"en-US","@id":"https:\/\/medicinasinc.com\/cs\/product\/buy-mdai-crystal-powder\/#primaryimage","url":"https:\/\/medicinasinc.com\/cs\/wp-content\/uploads\/sites\/2\/2022\/02\/buy-mdai-crystal-powder-cheap-online.jpg","contentUrl":"https:\/\/medicinasinc.com\/cs\/wp-content\/uploads\/sites\/2\/2022\/02\/buy-mdai-crystal-powder-cheap-online.jpg","width":600,"height":600},{"@type":"BreadcrumbList","@id":"https:\/\/medicinasinc.com\/cs\/product\/buy-mdai-crystal-powder\/#breadcrumb","itemListElement":[{"@type":"ListItem","position":1,"name":"Obchod","item":"https:\/\/medicinasinc.com\/cs\/obchod\/"},{"@type":"ListItem","position":2,"name":"Koupit MDAI Crystal &amp; Pr\u00e1\u0161ek"}]},{"@type":"WebSite","@id":"https:\/\/medicinasinc.com\/cs\/#website","url":"https:\/\/medicinasinc.com\/cs\/","name":"Medicinas Inc","description":"Health Medical Clinic","potentialAction":[{"@type":"SearchAction","target":{"@type":"EntryPoint","urlTemplate":"https:\/\/medicinasinc.com\/cs\/?s={search_term_string}"},"query-input":{"@type":"PropertyValueSpecification","valueRequired":true,"valueName":"search_term_string"}}],"inLanguage":"en-US"}]}},"_links":{"self":[{"href":"https:\/\/medicinasinc.com\/cs\/wp-json\/wp\/v2\/product\/5564","targetHints":{"allow":["GET"]}}],"collection":[{"href":"https:\/\/medicinasinc.com\/cs\/wp-json\/wp\/v2\/product"}],"about":[{"href":"https:\/\/medicinasinc.com\/cs\/wp-json\/wp\/v2\/types\/product"}],"replies":[{"embeddable":true,"href":"https:\/\/medicinasinc.com\/cs\/wp-json\/wp\/v2\/comments?post=5564"}],"wp:featuredmedia":[{"embeddable":true,"href":"https:\/\/medicinasinc.com\/cs\/wp-json\/wp\/v2\/media\/5574"}],"wp:attachment":[{"href":"https:\/\/medicinasinc.com\/cs\/wp-json\/wp\/v2\/media?parent=5564"}],"wp:term":[{"taxonomy":"product_brand","embeddable":true,"href":"https:\/\/medicinasinc.com\/cs\/wp-json\/wp\/v2\/product_brand?post=5564"},{"taxonomy":"product_cat","embeddable":true,"href":"https:\/\/medicinasinc.com\/cs\/wp-json\/wp\/v2\/product_cat?post=5564"},{"taxonomy":"product_tag","embeddable":true,"href":"https:\/\/medicinasinc.com\/cs\/wp-json\/wp\/v2\/product_tag?post=5564"}],"curies":[{"name":"wp","href":"https:\/\/api.w.org\/{rel}","templated":true}]}}