{"id":5563,"date":"2022-02-22T01:47:13","date_gmt":"2022-02-22T01:47:13","guid":{"rendered":"https:\/\/medicinasinc.com\/cs\/?post_type=product&#038;p=5563"},"modified":"2022-03-14T11:38:14","modified_gmt":"2022-03-14T11:38:14","slug":"koupit-slonovina-vlna-koupelova-sol","status":"publish","type":"product","link":"https:\/\/medicinasinc.com\/cs\/product\/koupit-slonovina-vlna-koupelova-sol\/","title":{"rendered":"Kupte si s\u016fl do koupele Wave Salt"},"content":{"rendered":"<p>Soli do koupele od Best Global Meds jsou t\u00e9 nejlep\u0161\u00ed kvality a po relaxa\u010dn\u00ed koupeli zanechaj\u00ed pocit \u010distoty a osv\u011b\u017een\u00ed. Proto\u017ee prod\u00e1v\u00e1me pouze produkty nejvy\u0161\u0161\u00ed kvality, m\u016f\u017eete si b\u00fdt jisti, \u017ee v\u00e1\u0161 n\u00e1kup \u201ekoupit slonovinovou s\u016fl do koupele online\u201c doraz\u00ed v bezvadn\u00e9m stavu. Za rozumn\u00e9 ceny ve velk\u00e9m i v maloobchod\u011b je tak\u00e9 k dispozici n\u011bkolik druh\u016f koncentrovan\u00fdch koupelov\u00fdch sol\u00ed.<\/p>\n<p>V\u016fn\u011b na\u0161ich koupelov\u00fdch sol\u00ed napln\u00ed m\u00edstnost!<\/p>\n<p>Koupelov\u00e9 soli Ivory Wave lze zakoupit online.<\/p>\n<p>Kde m\u016f\u017eete z\u00edskat koupelov\u00e9 soli Ivory Wave p\u0159es internet? Ivory vlnovou koupelovou s\u016fl lze zakoupit online od Chemicals Lab bez jak\u00e9koli n\u00e1mahy nebo ne\u0161ikovnosti. Poka\u017ed\u00e9, kdy\u017e si v na\u0161\u00ed online l\u00e9k\u00e1rn\u011b koup\u00edte s\u016fl do koupele se slonovinou, jdeme nad r\u00e1mec toho, abychom se ujistili, \u017ee z\u00edsk\u00e1te nejlep\u0161\u00ed mo\u017enou cenu. Na\u0161\u00edm posl\u00e1n\u00edm v Best Global Meds je sni\u017eovat n\u00e1klady na\u0161ich klient\u016f a z\u00e1rove\u0148 zvy\u0161ovat hodnotu, kterou dost\u00e1vaj\u00ed.<\/p>\n","protected":false},"excerpt":{"rendered":"<div class=\"woocommerce-product-details__short-description\">\n<p>Neplat\u00edte online za koupelov\u00e9 soli slonovinov\u00e9 barvy? Kupte si slonovinov\u00e9 soli do koupele na prodej ve Velk\u00e9 Brit\u00e1nii, Evrop\u011b online na Best Global Meds. Seznamte se se slonovinov\u00fdmi koupelov\u00fdmi solemi na prodej<\/p>\n<p>&nbsp;<\/p>\n<\/p><\/div>\n","protected":false},"featured_media":5572,"comment_status":"open","ping_status":"closed","template":"","meta":[],"product_brand":[],"product_cat":[2014],"product_tag":[3082,3086,3092,3085,3088,3083,3081,3089,3087,3091,3084,3090],"class_list":{"0":"post-5563","1":"product","2":"type-product","3":"status-publish","4":"has-post-thumbnail","6":"product_cat-koupit-vyzkumne-chemikalie","7":"product_tag-buy-lvory-wave-bath-salt","8":"product_tag-slonovinov-vlna-koupel-soln-efekt","9":"product_tag-kde-koupit-soli-do-koupele-slonovina-vlna","10":"product_tag-slonovina-vlna-koupel-soli-koupit","11":"product_tag-lvory-vlna-soli-do-koupele-online","12":"product_tag-slonovinov-vlnov-koupelov-soli","13":"product_tag-koupit-slonovinov-c3-a9-vlnov-c3-a9-koupelov-c3-a9-soli-online","14":"product_tag-slonovina-vlna-koupel-soli-objednat","15":"product_tag-slonovina-vlna-koupel-sl-evropa","16":"product_tag-objednat-slonovinovu-vlnovu-koupelovou-soli-online","17":"product_tag-slonovinov-vlnov-koupelov-soli-na-prodej","18":"product_tag-slonovina-vlna-koupel-soli-velkoobchod","20":"first","21":"instock","22":"shipping-taxable","23":"purchasable","24":"product-type-variable"},"yoast_head":"<!-- This site is optimized with the Yoast SEO plugin v27.3 - https:\/\/yoast.com\/product\/yoast-seo-wordpress\/ -->\n<title>Koupit Ivory Wave S\u016fl do koupele - Lvory Wave S\u016fl do koupele - Nejlep\u0161\u00ed glob\u00e1ln\u00ed l\u00e9ky<\/title>\n<meta name=\"description\" content=\"P\u0159epl\u00e1c\u00edte online koupelov\u00e9 soli se slonovinou? Kupte si slonovinov\u00e9 soli do koupele na prodej ve Velk\u00e9 Brit\u00e1nii, Evrop\u011b online na Best Global Meds. Seznamte se s prodejem sol\u00ed do koupele se slonovinou\" \/>\n<meta name=\"robots\" content=\"index, follow, max-snippet:-1, max-image-preview:large, max-video-preview:-1\" \/>\n<link rel=\"canonical\" href=\"https:\/\/medicinasinc.com\/cs\/product\/koupit-slonovina-vlna-koupelova-sol\/\" \/>\n<meta property=\"og:locale\" content=\"en_US\" \/>\n<meta property=\"og:type\" content=\"article\" \/>\n<meta property=\"og:title\" content=\"Koupit Ivory Wave S\u016fl do koupele - Lvory Wave S\u016fl do koupele - Nejlep\u0161\u00ed glob\u00e1ln\u00ed l\u00e9ky\" \/>\n<meta property=\"og:description\" content=\"P\u0159epl\u00e1c\u00edte online koupelov\u00e9 soli se slonovinou? Kupte si slonovinov\u00e9 soli do koupele na prodej ve Velk\u00e9 Brit\u00e1nii, Evrop\u011b online na Best Global Meds. Seznamte se s prodejem sol\u00ed do koupele se slonovinou\" \/>\n<meta property=\"og:url\" content=\"https:\/\/medicinasinc.com\/cs\/product\/koupit-slonovina-vlna-koupelova-sol\/\" \/>\n<meta property=\"og:site_name\" content=\"Medicinas Inc\" \/>\n<meta property=\"article:modified_time\" content=\"2022-03-14T11:38:14+00:00\" \/>\n<meta property=\"og:image\" content=\"https:\/\/medicinasinc.com\/cs\/wp-content\/uploads\/sites\/2\/2022\/02\/Buy-Lvory-Wave-Bath-Salt.jpg\" \/>\n\t<meta property=\"og:image:width\" content=\"450\" \/>\n\t<meta property=\"og:image:height\" content=\"316\" \/>\n\t<meta property=\"og:image:type\" content=\"image\/jpeg\" \/>\n<meta name=\"twitter:card\" content=\"summary_large_image\" \/>\n<meta name=\"twitter:label1\" content=\"Est. reading time\" \/>\n\t<meta name=\"twitter:data1\" content=\"1 minute\" \/>\n<script type=\"application\/ld+json\" class=\"yoast-schema-graph\">{\"@context\":\"https:\\\/\\\/schema.org\",\"@graph\":[{\"@type\":\"WebPage\",\"@id\":\"https:\\\/\\\/medicinasinc.com\\\/cs\\\/product\\\/koupit-slonovina-vlna-koupelova-sol\\\/\",\"url\":\"https:\\\/\\\/medicinasinc.com\\\/cs\\\/product\\\/koupit-slonovina-vlna-koupelova-sol\\\/\",\"name\":\"Koupit Ivory Wave S\u016fl do koupele - Lvory Wave S\u016fl do koupele - Nejlep\u0161\u00ed glob\u00e1ln\u00ed l\u00e9ky\",\"isPartOf\":{\"@id\":\"https:\\\/\\\/medicinasinc.com\\\/cs\\\/#website\"},\"primaryImageOfPage\":{\"@id\":\"https:\\\/\\\/medicinasinc.com\\\/cs\\\/product\\\/koupit-slonovina-vlna-koupelova-sol\\\/#primaryimage\"},\"image\":{\"@id\":\"https:\\\/\\\/medicinasinc.com\\\/cs\\\/product\\\/koupit-slonovina-vlna-koupelova-sol\\\/#primaryimage\"},\"thumbnailUrl\":\"https:\\\/\\\/medicinasinc.com\\\/cs\\\/wp-content\\\/uploads\\\/sites\\\/2\\\/2022\\\/02\\\/Buy-Lvory-Wave-Bath-Salt.jpg\",\"datePublished\":\"2022-02-22T01:47:13+00:00\",\"dateModified\":\"2022-03-14T11:38:14+00:00\",\"description\":\"P\u0159epl\u00e1c\u00edte online koupelov\u00e9 soli se slonovinou? Kupte si slonovinov\u00e9 soli do koupele na prodej ve Velk\u00e9 Brit\u00e1nii, Evrop\u011b online na Best Global Meds. Seznamte se s prodejem sol\u00ed do koupele se slonovinou\",\"breadcrumb\":{\"@id\":\"https:\\\/\\\/medicinasinc.com\\\/cs\\\/product\\\/koupit-slonovina-vlna-koupelova-sol\\\/#breadcrumb\"},\"inLanguage\":\"en-US\",\"potentialAction\":[{\"@type\":\"ReadAction\",\"target\":[\"https:\\\/\\\/medicinasinc.com\\\/cs\\\/product\\\/koupit-slonovina-vlna-koupelova-sol\\\/\"]}]},{\"@type\":\"ImageObject\",\"inLanguage\":\"en-US\",\"@id\":\"https:\\\/\\\/medicinasinc.com\\\/cs\\\/product\\\/koupit-slonovina-vlna-koupelova-sol\\\/#primaryimage\",\"url\":\"https:\\\/\\\/medicinasinc.com\\\/cs\\\/wp-content\\\/uploads\\\/sites\\\/2\\\/2022\\\/02\\\/Buy-Lvory-Wave-Bath-Salt.jpg\",\"contentUrl\":\"https:\\\/\\\/medicinasinc.com\\\/cs\\\/wp-content\\\/uploads\\\/sites\\\/2\\\/2022\\\/02\\\/Buy-Lvory-Wave-Bath-Salt.jpg\",\"width\":450,\"height\":316},{\"@type\":\"BreadcrumbList\",\"@id\":\"https:\\\/\\\/medicinasinc.com\\\/cs\\\/product\\\/koupit-slonovina-vlna-koupelova-sol\\\/#breadcrumb\",\"itemListElement\":[{\"@type\":\"ListItem\",\"position\":1,\"name\":\"Obchod\",\"item\":\"https:\\\/\\\/medicinasinc.com\\\/cs\\\/obchod\\\/\"},{\"@type\":\"ListItem\",\"position\":2,\"name\":\"Kupte si s\u016fl do koupele Wave Salt\"}]},{\"@type\":\"WebSite\",\"@id\":\"https:\\\/\\\/medicinasinc.com\\\/cs\\\/#website\",\"url\":\"https:\\\/\\\/medicinasinc.com\\\/cs\\\/\",\"name\":\"Medicinas Inc\",\"description\":\"Health Medical Clinic\",\"potentialAction\":[{\"@type\":\"SearchAction\",\"target\":{\"@type\":\"EntryPoint\",\"urlTemplate\":\"https:\\\/\\\/medicinasinc.com\\\/cs\\\/?s={search_term_string}\"},\"query-input\":{\"@type\":\"PropertyValueSpecification\",\"valueRequired\":true,\"valueName\":\"search_term_string\"}}],\"inLanguage\":\"en-US\"}]}<\/script>\n<!-- \/ Yoast SEO plugin. -->","yoast_head_json":{"title":"Koupit Ivory Wave S\u016fl do koupele - Lvory Wave S\u016fl do koupele - Nejlep\u0161\u00ed glob\u00e1ln\u00ed l\u00e9ky","description":"P\u0159epl\u00e1c\u00edte online koupelov\u00e9 soli se slonovinou? Kupte si slonovinov\u00e9 soli do koupele na prodej ve Velk\u00e9 Brit\u00e1nii, Evrop\u011b online na Best Global Meds. Seznamte se s prodejem sol\u00ed do koupele se slonovinou","robots":{"index":"index","follow":"follow","max-snippet":"max-snippet:-1","max-image-preview":"max-image-preview:large","max-video-preview":"max-video-preview:-1"},"canonical":"https:\/\/medicinasinc.com\/cs\/product\/koupit-slonovina-vlna-koupelova-sol\/","og_locale":"en_US","og_type":"article","og_title":"Koupit Ivory Wave S\u016fl do koupele - Lvory Wave S\u016fl do koupele - Nejlep\u0161\u00ed glob\u00e1ln\u00ed l\u00e9ky","og_description":"P\u0159epl\u00e1c\u00edte online koupelov\u00e9 soli se slonovinou? Kupte si slonovinov\u00e9 soli do koupele na prodej ve Velk\u00e9 Brit\u00e1nii, Evrop\u011b online na Best Global Meds. Seznamte se s prodejem sol\u00ed do koupele se slonovinou","og_url":"https:\/\/medicinasinc.com\/cs\/product\/koupit-slonovina-vlna-koupelova-sol\/","og_site_name":"Medicinas Inc","article_modified_time":"2022-03-14T11:38:14+00:00","og_image":[{"width":450,"height":316,"url":"https:\/\/medicinasinc.com\/cs\/wp-content\/uploads\/sites\/2\/2022\/02\/Buy-Lvory-Wave-Bath-Salt.jpg","type":"image\/jpeg"}],"twitter_card":"summary_large_image","twitter_misc":{"Est. reading time":"1 minute"},"schema":{"@context":"https:\/\/schema.org","@graph":[{"@type":"WebPage","@id":"https:\/\/medicinasinc.com\/cs\/product\/koupit-slonovina-vlna-koupelova-sol\/","url":"https:\/\/medicinasinc.com\/cs\/product\/koupit-slonovina-vlna-koupelova-sol\/","name":"Koupit Ivory Wave S\u016fl do koupele - Lvory Wave S\u016fl do koupele - Nejlep\u0161\u00ed glob\u00e1ln\u00ed l\u00e9ky","isPartOf":{"@id":"https:\/\/medicinasinc.com\/cs\/#website"},"primaryImageOfPage":{"@id":"https:\/\/medicinasinc.com\/cs\/product\/koupit-slonovina-vlna-koupelova-sol\/#primaryimage"},"image":{"@id":"https:\/\/medicinasinc.com\/cs\/product\/koupit-slonovina-vlna-koupelova-sol\/#primaryimage"},"thumbnailUrl":"https:\/\/medicinasinc.com\/cs\/wp-content\/uploads\/sites\/2\/2022\/02\/Buy-Lvory-Wave-Bath-Salt.jpg","datePublished":"2022-02-22T01:47:13+00:00","dateModified":"2022-03-14T11:38:14+00:00","description":"P\u0159epl\u00e1c\u00edte online koupelov\u00e9 soli se slonovinou? Kupte si slonovinov\u00e9 soli do koupele na prodej ve Velk\u00e9 Brit\u00e1nii, Evrop\u011b online na Best Global Meds. Seznamte se s prodejem sol\u00ed do koupele se slonovinou","breadcrumb":{"@id":"https:\/\/medicinasinc.com\/cs\/product\/koupit-slonovina-vlna-koupelova-sol\/#breadcrumb"},"inLanguage":"en-US","potentialAction":[{"@type":"ReadAction","target":["https:\/\/medicinasinc.com\/cs\/product\/koupit-slonovina-vlna-koupelova-sol\/"]}]},{"@type":"ImageObject","inLanguage":"en-US","@id":"https:\/\/medicinasinc.com\/cs\/product\/koupit-slonovina-vlna-koupelova-sol\/#primaryimage","url":"https:\/\/medicinasinc.com\/cs\/wp-content\/uploads\/sites\/2\/2022\/02\/Buy-Lvory-Wave-Bath-Salt.jpg","contentUrl":"https:\/\/medicinasinc.com\/cs\/wp-content\/uploads\/sites\/2\/2022\/02\/Buy-Lvory-Wave-Bath-Salt.jpg","width":450,"height":316},{"@type":"BreadcrumbList","@id":"https:\/\/medicinasinc.com\/cs\/product\/koupit-slonovina-vlna-koupelova-sol\/#breadcrumb","itemListElement":[{"@type":"ListItem","position":1,"name":"Obchod","item":"https:\/\/medicinasinc.com\/cs\/obchod\/"},{"@type":"ListItem","position":2,"name":"Kupte si s\u016fl do koupele Wave Salt"}]},{"@type":"WebSite","@id":"https:\/\/medicinasinc.com\/cs\/#website","url":"https:\/\/medicinasinc.com\/cs\/","name":"Medicinas Inc","description":"Health Medical Clinic","potentialAction":[{"@type":"SearchAction","target":{"@type":"EntryPoint","urlTemplate":"https:\/\/medicinasinc.com\/cs\/?s={search_term_string}"},"query-input":{"@type":"PropertyValueSpecification","valueRequired":true,"valueName":"search_term_string"}}],"inLanguage":"en-US"}]}},"_links":{"self":[{"href":"https:\/\/medicinasinc.com\/cs\/wp-json\/wp\/v2\/product\/5563","targetHints":{"allow":["GET"]}}],"collection":[{"href":"https:\/\/medicinasinc.com\/cs\/wp-json\/wp\/v2\/product"}],"about":[{"href":"https:\/\/medicinasinc.com\/cs\/wp-json\/wp\/v2\/types\/product"}],"replies":[{"embeddable":true,"href":"https:\/\/medicinasinc.com\/cs\/wp-json\/wp\/v2\/comments?post=5563"}],"wp:featuredmedia":[{"embeddable":true,"href":"https:\/\/medicinasinc.com\/cs\/wp-json\/wp\/v2\/media\/5572"}],"wp:attachment":[{"href":"https:\/\/medicinasinc.com\/cs\/wp-json\/wp\/v2\/media?parent=5563"}],"wp:term":[{"taxonomy":"product_brand","embeddable":true,"href":"https:\/\/medicinasinc.com\/cs\/wp-json\/wp\/v2\/product_brand?post=5563"},{"taxonomy":"product_cat","embeddable":true,"href":"https:\/\/medicinasinc.com\/cs\/wp-json\/wp\/v2\/product_cat?post=5563"},{"taxonomy":"product_tag","embeddable":true,"href":"https:\/\/medicinasinc.com\/cs\/wp-json\/wp\/v2\/product_tag?post=5563"}],"curies":[{"name":"wp","href":"https:\/\/api.w.org\/{rel}","templated":true}]}}