{"id":5549,"date":"2022-02-22T01:34:03","date_gmt":"2022-02-22T01:34:03","guid":{"rendered":"https:\/\/medicinasinc.com\/cs\/?post_type=product&#038;p=5549"},"modified":"2022-03-14T11:38:25","modified_gmt":"2022-03-14T11:38:25","slug":"koupit-jwh-210-chemicky-prasek","status":"publish","type":"product","link":"https:\/\/medicinasinc.com\/cs\/product\/koupit-jwh-210-chemicky-prasek\/","title":{"rendered":"Koupit chemick\u00fd pr\u00e1\u0161ek JWH-210"},"content":{"rendered":"<p>Chemick\u00fd pr\u00e1\u0161ek JWH-210 lze zakoupit online.<\/p>\n<p>Nakupujte chemick\u00fd pr\u00e1\u0161ek JWH-210 na internetu. Jedn\u00edm z nej\u010dast\u011bji pou\u017e\u00edvan\u00fdch antidepresiv ve Spojen\u00fdch st\u00e1tech je JWH-210. Kanabinoid m\u00e1 siln\u00fd \u00fa\u010dinek.<\/p>\n<p>online pr\u00e1\u0161ek WH-210<\/p>\n<p>Pro \u00falevu od bolesti funguje pr\u00e1\u0161ek JWH-210 z rodiny naftoylindol\u016f jako kanabinoidn\u00ed agonista na receptorech CB1 i CB2 s hodnotou Ki 0,46 nM pro CB1 a 0,69 nM pro CB2. Jako 4-substituovan\u00fd naftoylov\u00fd deriv\u00e1t m\u00e1 siln\u011bj\u0161\u00ed vazebnou afinitu (tj. ni\u017e\u0161\u00ed Ki) na CB1 ne\u017e oba jeho 4-methyl a 4-N-propyl homology, JWH-122 (CB1 Ki 0,69 nM), stejn\u011b jako JWH-182 (CB1 Ki 0,65 nM) a 4-methoxy molekula JWH-081 (CB1 Ki 1,2 nM). John W. Huffman, kter\u00fd objev u\u010dinil, byl poct\u011bn t\u00edm, \u017ee jeho n\u00e1lez byl pojmenov\u00e1n po n\u011bm.<\/p>\n<p>V t\u011ble jsou dva typy kanabinoidn\u00edch receptor\u016f: CB1 a CB2. JWH-210 je analgetikum a p\u016fsob\u00ed jako agonista obou. CB1 Ki je 0,46 nM a CB2 Ki je 0,69 nM. Siln\u00fd 4-substituovan\u00fd naftoylov\u00fd deriv\u00e1t naftoylindolov\u00e9 \u0159ady m\u00e1 vy\u0161\u0161\u00ed afinitu k vazb\u011b CB1 ne\u017e JWH-122, JWH-182 a JWH-081 syntetick\u00fdch kanabinoid\u016f prvn\u00ed generace (1).<\/p>\n<p> Metabolick\u00e9 cesty: JWH-210 m\u00e1 n\u011bkolik zn\u00e1m\u00fdch metabolit\u016f, v\u010detn\u011b metabolitu N-pentanov\u00e9 kyseliny (detekovateln\u00e9 v mo\u010di), N-(4-hydroxypentyl) metabolitu (detekovateln\u00e9ho v mo\u010di a s\u00e9ru), N-(5-hydroxypentyl) metabolitu (detekovateln\u00e9ho v mo\u010d a s\u00e9rum) a 5-hydroxyindolov\u00fd metabolit (detekovateln\u00fd v mo\u010di a s\u00e9ru) (detekovateln\u00fd v mo\u010di a s\u00e9ru). Bylo tak\u00e9 uvedeno, \u017ee naftoylov\u00fd kruh byl hydroxylov\u00e1n (2).<\/p>\n<p>P\u0159i post\u0159iku na rostliny m\u00e1 JWH-210 podle u\u017eivatel\u016f stejn\u00e9 \u00fa\u010dinky a toxicitu jako marihuana. B\u011bhem 2-5 minut po injekci se \u00fa\u010dinky za\u010dnou projevovat. O \u00fa\u010dinc\u00edch samotn\u00e9ho JWH-210 je zn\u00e1mo jen m\u00e1lo, nicm\u00e9n\u011b syntetick\u00e9 kanabinoidy b\u011b\u017en\u011b zp\u016fsobuj\u00ed zm\u011bny n\u00e1lady a vn\u00edm\u00e1n\u00ed, z\u00e1chvaty paniky a agitovanost, co\u017e jsou podobn\u00e9 \u00fa\u010dinky jako u konop\u00ed, a men\u0161\u00ed halucinogenn\u00ed \u00fa\u010dinky (vizu\u00e1ln\u00ed a sluchov\u00e9).<\/p>\n","protected":false},"excerpt":{"rendered":"<p>Koupit chemick\u00fd pr\u00e1\u0161ek JWH-210 na prodej online ve Velk\u00e9 Brit\u00e1nii, Evrop\u011b, EU. JWH-210 Chemical Powder je analgetick\u00e1 chemik\u00e1lie z rodiny naftoylindol\u016f. <\/p>\n<h3 class=\"product_title\"> Pr\u00e1\u0161ek JWH-210 online koupit origin\u00e1ln\u00ed JWH-210 99% \u010distota <\/h3>\n","protected":false},"featured_media":5560,"comment_status":"open","ping_status":"closed","template":"","meta":[],"product_brand":[],"product_cat":[2014],"product_tag":[3073,3075,3034,3074,3077,3076,3078,3079,3047,3072,3070,3071,3080],"class_list":{"0":"post-5549","1":"product","2":"type-product","3":"status-publish","4":"has-post-thumbnail","6":"product_cat-koupit-vyzkumne-chemikalie","7":"product_tag-buy-jwh-210-usa","8":"product_tag-jwh-210-dvkovn","9":"product_tag-jwh-018","10":"product_tag-jwh-210-buy","11":"product_tag-jwh-210-order","12":"product_tag-jwh-210-prvn-status-usa","13":"product_tag-jwh-210-psychonaut","14":"product_tag-jwh-210-reddit","15":"product_tag-jwh-250","16":"product_tag-buy-jwh-210-uk","17":"product_tag-buy-jwh-210","18":"product_tag-buy-jwh-210-europe","19":"product_tag-jwh-210-recenze","21":"first","22":"instock","23":"shipping-taxable","24":"purchasable","25":"product-type-variable","26":"has-default-attributes"},"yoast_head":"<!-- This site is optimized with the Yoast SEO plugin v27.2 - https:\/\/yoast.com\/product\/yoast-seo-wordpress\/ -->\n<title>Koupit chemick\u00fd pr\u00e1\u0161ek JWH-210 \u2013 nejlep\u0161\u00ed glob\u00e1ln\u00ed l\u00e9ky<\/title>\n<meta name=\"description\" content=\"Koupit chemick\u00fd pr\u00e1\u0161ek JWH-210 na prodej online ve Velk\u00e9 Brit\u00e1nii, Evrop\u011b. JWH-210 Chemical Powder je analgetick\u00e1 chemik\u00e1lie z rodiny naftoylindol\u016f.\" \/>\n<meta name=\"robots\" content=\"index, follow, max-snippet:-1, max-image-preview:large, max-video-preview:-1\" \/>\n<link rel=\"canonical\" href=\"https:\/\/medicinasinc.com\/cs\/product\/koupit-jwh-210-chemicky-prasek\/\" \/>\n<meta property=\"og:locale\" content=\"en_US\" \/>\n<meta property=\"og:type\" content=\"article\" \/>\n<meta property=\"og:title\" content=\"Koupit chemick\u00fd pr\u00e1\u0161ek JWH-210 \u2013 nejlep\u0161\u00ed glob\u00e1ln\u00ed l\u00e9ky\" \/>\n<meta property=\"og:description\" content=\"Koupit chemick\u00fd pr\u00e1\u0161ek JWH-210 na prodej online ve Velk\u00e9 Brit\u00e1nii, Evrop\u011b. JWH-210 Chemical Powder je analgetick\u00e1 chemik\u00e1lie z rodiny naftoylindol\u016f.\" \/>\n<meta property=\"og:url\" content=\"https:\/\/medicinasinc.com\/cs\/product\/koupit-jwh-210-chemicky-prasek\/\" \/>\n<meta property=\"og:site_name\" content=\"Medicinas Inc\" \/>\n<meta property=\"article:modified_time\" content=\"2022-03-14T11:38:25+00:00\" \/>\n<meta property=\"og:image\" content=\"https:\/\/medicinasinc.com\/cs\/wp-content\/uploads\/sites\/2\/2022\/02\/Buy-JWH-210-Chemical-Powder-Online.jpg\" \/>\n\t<meta property=\"og:image:width\" content=\"600\" \/>\n\t<meta property=\"og:image:height\" content=\"600\" \/>\n\t<meta property=\"og:image:type\" content=\"image\/jpeg\" \/>\n<meta name=\"twitter:card\" content=\"summary_large_image\" \/>\n<meta name=\"twitter:label1\" content=\"Est. reading time\" \/>\n\t<meta name=\"twitter:data1\" content=\"2 minutes\" \/>\n<script type=\"application\/ld+json\" class=\"yoast-schema-graph\">{\"@context\":\"https:\/\/schema.org\",\"@graph\":[{\"@type\":\"WebPage\",\"@id\":\"https:\/\/medicinasinc.com\/cs\/product\/koupit-jwh-210-chemicky-prasek\/\",\"url\":\"https:\/\/medicinasinc.com\/cs\/product\/koupit-jwh-210-chemicky-prasek\/\",\"name\":\"Koupit chemick\u00fd pr\u00e1\u0161ek JWH-210 \u2013 nejlep\u0161\u00ed glob\u00e1ln\u00ed l\u00e9ky\",\"isPartOf\":{\"@id\":\"https:\/\/medicinasinc.com\/cs\/#website\"},\"primaryImageOfPage\":{\"@id\":\"https:\/\/medicinasinc.com\/cs\/product\/koupit-jwh-210-chemicky-prasek\/#primaryimage\"},\"image\":{\"@id\":\"https:\/\/medicinasinc.com\/cs\/product\/koupit-jwh-210-chemicky-prasek\/#primaryimage\"},\"thumbnailUrl\":\"https:\/\/medicinasinc.com\/cs\/wp-content\/uploads\/sites\/2\/2022\/02\/Buy-JWH-210-Chemical-Powder-Online.jpg\",\"datePublished\":\"2022-02-22T01:34:03+00:00\",\"dateModified\":\"2022-03-14T11:38:25+00:00\",\"description\":\"Koupit chemick\u00fd pr\u00e1\u0161ek JWH-210 na prodej online ve Velk\u00e9 Brit\u00e1nii, Evrop\u011b. JWH-210 Chemical Powder je analgetick\u00e1 chemik\u00e1lie z rodiny naftoylindol\u016f.\",\"breadcrumb\":{\"@id\":\"https:\/\/medicinasinc.com\/cs\/product\/koupit-jwh-210-chemicky-prasek\/#breadcrumb\"},\"inLanguage\":\"en-US\",\"potentialAction\":[{\"@type\":\"ReadAction\",\"target\":[\"https:\/\/medicinasinc.com\/cs\/product\/koupit-jwh-210-chemicky-prasek\/\"]}]},{\"@type\":\"ImageObject\",\"inLanguage\":\"en-US\",\"@id\":\"https:\/\/medicinasinc.com\/cs\/product\/koupit-jwh-210-chemicky-prasek\/#primaryimage\",\"url\":\"https:\/\/medicinasinc.com\/cs\/wp-content\/uploads\/sites\/2\/2022\/02\/Buy-JWH-210-Chemical-Powder-Online.jpg\",\"contentUrl\":\"https:\/\/medicinasinc.com\/cs\/wp-content\/uploads\/sites\/2\/2022\/02\/Buy-JWH-210-Chemical-Powder-Online.jpg\",\"width\":600,\"height\":600},{\"@type\":\"BreadcrumbList\",\"@id\":\"https:\/\/medicinasinc.com\/cs\/product\/koupit-jwh-210-chemicky-prasek\/#breadcrumb\",\"itemListElement\":[{\"@type\":\"ListItem\",\"position\":1,\"name\":\"Obchod\",\"item\":\"https:\/\/medicinasinc.com\/cs\/obchod\/\"},{\"@type\":\"ListItem\",\"position\":2,\"name\":\"Koupit chemick\u00fd pr\u00e1\u0161ek JWH-210\"}]},{\"@type\":\"WebSite\",\"@id\":\"https:\/\/medicinasinc.com\/cs\/#website\",\"url\":\"https:\/\/medicinasinc.com\/cs\/\",\"name\":\"Medicinas Inc\",\"description\":\"Health Medical Clinic\",\"potentialAction\":[{\"@type\":\"SearchAction\",\"target\":{\"@type\":\"EntryPoint\",\"urlTemplate\":\"https:\/\/medicinasinc.com\/cs\/?s={search_term_string}\"},\"query-input\":{\"@type\":\"PropertyValueSpecification\",\"valueRequired\":true,\"valueName\":\"search_term_string\"}}],\"inLanguage\":\"en-US\"}]}<\/script>\n<!-- \/ Yoast SEO plugin. -->","yoast_head_json":{"title":"Koupit chemick\u00fd pr\u00e1\u0161ek JWH-210 \u2013 nejlep\u0161\u00ed glob\u00e1ln\u00ed l\u00e9ky","description":"Koupit chemick\u00fd pr\u00e1\u0161ek JWH-210 na prodej online ve Velk\u00e9 Brit\u00e1nii, Evrop\u011b. JWH-210 Chemical Powder je analgetick\u00e1 chemik\u00e1lie z rodiny naftoylindol\u016f.","robots":{"index":"index","follow":"follow","max-snippet":"max-snippet:-1","max-image-preview":"max-image-preview:large","max-video-preview":"max-video-preview:-1"},"canonical":"https:\/\/medicinasinc.com\/cs\/product\/koupit-jwh-210-chemicky-prasek\/","og_locale":"en_US","og_type":"article","og_title":"Koupit chemick\u00fd pr\u00e1\u0161ek JWH-210 \u2013 nejlep\u0161\u00ed glob\u00e1ln\u00ed l\u00e9ky","og_description":"Koupit chemick\u00fd pr\u00e1\u0161ek JWH-210 na prodej online ve Velk\u00e9 Brit\u00e1nii, Evrop\u011b. JWH-210 Chemical Powder je analgetick\u00e1 chemik\u00e1lie z rodiny naftoylindol\u016f.","og_url":"https:\/\/medicinasinc.com\/cs\/product\/koupit-jwh-210-chemicky-prasek\/","og_site_name":"Medicinas Inc","article_modified_time":"2022-03-14T11:38:25+00:00","og_image":[{"width":600,"height":600,"url":"https:\/\/medicinasinc.com\/cs\/wp-content\/uploads\/sites\/2\/2022\/02\/Buy-JWH-210-Chemical-Powder-Online.jpg","type":"image\/jpeg"}],"twitter_card":"summary_large_image","twitter_misc":{"Est. reading time":"2 minutes"},"schema":{"@context":"https:\/\/schema.org","@graph":[{"@type":"WebPage","@id":"https:\/\/medicinasinc.com\/cs\/product\/koupit-jwh-210-chemicky-prasek\/","url":"https:\/\/medicinasinc.com\/cs\/product\/koupit-jwh-210-chemicky-prasek\/","name":"Koupit chemick\u00fd pr\u00e1\u0161ek JWH-210 \u2013 nejlep\u0161\u00ed glob\u00e1ln\u00ed l\u00e9ky","isPartOf":{"@id":"https:\/\/medicinasinc.com\/cs\/#website"},"primaryImageOfPage":{"@id":"https:\/\/medicinasinc.com\/cs\/product\/koupit-jwh-210-chemicky-prasek\/#primaryimage"},"image":{"@id":"https:\/\/medicinasinc.com\/cs\/product\/koupit-jwh-210-chemicky-prasek\/#primaryimage"},"thumbnailUrl":"https:\/\/medicinasinc.com\/cs\/wp-content\/uploads\/sites\/2\/2022\/02\/Buy-JWH-210-Chemical-Powder-Online.jpg","datePublished":"2022-02-22T01:34:03+00:00","dateModified":"2022-03-14T11:38:25+00:00","description":"Koupit chemick\u00fd pr\u00e1\u0161ek JWH-210 na prodej online ve Velk\u00e9 Brit\u00e1nii, Evrop\u011b. JWH-210 Chemical Powder je analgetick\u00e1 chemik\u00e1lie z rodiny naftoylindol\u016f.","breadcrumb":{"@id":"https:\/\/medicinasinc.com\/cs\/product\/koupit-jwh-210-chemicky-prasek\/#breadcrumb"},"inLanguage":"en-US","potentialAction":[{"@type":"ReadAction","target":["https:\/\/medicinasinc.com\/cs\/product\/koupit-jwh-210-chemicky-prasek\/"]}]},{"@type":"ImageObject","inLanguage":"en-US","@id":"https:\/\/medicinasinc.com\/cs\/product\/koupit-jwh-210-chemicky-prasek\/#primaryimage","url":"https:\/\/medicinasinc.com\/cs\/wp-content\/uploads\/sites\/2\/2022\/02\/Buy-JWH-210-Chemical-Powder-Online.jpg","contentUrl":"https:\/\/medicinasinc.com\/cs\/wp-content\/uploads\/sites\/2\/2022\/02\/Buy-JWH-210-Chemical-Powder-Online.jpg","width":600,"height":600},{"@type":"BreadcrumbList","@id":"https:\/\/medicinasinc.com\/cs\/product\/koupit-jwh-210-chemicky-prasek\/#breadcrumb","itemListElement":[{"@type":"ListItem","position":1,"name":"Obchod","item":"https:\/\/medicinasinc.com\/cs\/obchod\/"},{"@type":"ListItem","position":2,"name":"Koupit chemick\u00fd pr\u00e1\u0161ek JWH-210"}]},{"@type":"WebSite","@id":"https:\/\/medicinasinc.com\/cs\/#website","url":"https:\/\/medicinasinc.com\/cs\/","name":"Medicinas Inc","description":"Health Medical Clinic","potentialAction":[{"@type":"SearchAction","target":{"@type":"EntryPoint","urlTemplate":"https:\/\/medicinasinc.com\/cs\/?s={search_term_string}"},"query-input":{"@type":"PropertyValueSpecification","valueRequired":true,"valueName":"search_term_string"}}],"inLanguage":"en-US"}]}},"_links":{"self":[{"href":"https:\/\/medicinasinc.com\/cs\/wp-json\/wp\/v2\/product\/5549","targetHints":{"allow":["GET"]}}],"collection":[{"href":"https:\/\/medicinasinc.com\/cs\/wp-json\/wp\/v2\/product"}],"about":[{"href":"https:\/\/medicinasinc.com\/cs\/wp-json\/wp\/v2\/types\/product"}],"replies":[{"embeddable":true,"href":"https:\/\/medicinasinc.com\/cs\/wp-json\/wp\/v2\/comments?post=5549"}],"wp:featuredmedia":[{"embeddable":true,"href":"https:\/\/medicinasinc.com\/cs\/wp-json\/wp\/v2\/media\/5560"}],"wp:attachment":[{"href":"https:\/\/medicinasinc.com\/cs\/wp-json\/wp\/v2\/media?parent=5549"}],"wp:term":[{"taxonomy":"product_brand","embeddable":true,"href":"https:\/\/medicinasinc.com\/cs\/wp-json\/wp\/v2\/product_brand?post=5549"},{"taxonomy":"product_cat","embeddable":true,"href":"https:\/\/medicinasinc.com\/cs\/wp-json\/wp\/v2\/product_cat?post=5549"},{"taxonomy":"product_tag","embeddable":true,"href":"https:\/\/medicinasinc.com\/cs\/wp-json\/wp\/v2\/product_tag?post=5549"}],"curies":[{"name":"wp","href":"https:\/\/api.w.org\/{rel}","templated":true}]}}