{"id":5548,"date":"2022-02-22T01:32:32","date_gmt":"2022-02-22T01:32:32","guid":{"rendered":"https:\/\/medicinasinc.com\/cs\/?post_type=product&#038;p=5548"},"modified":"2022-08-03T11:54:22","modified_gmt":"2022-08-03T11:54:22","slug":"buy-jwh-018-chemical","status":"publish","type":"product","link":"https:\/\/medicinasinc.com\/cs\/product\/buy-jwh-018-chemical\/","title":{"rendered":"Koupit JWH-018 Chemical"},"content":{"rendered":"<p>Pr\u00e1\u0161ek JWH-018 lze zakoupit pomoc\u00ed Western Union\/MoneyGram nebo bitcoin\u016f p\u0159\u00edmo zde na na\u0161em webu. Je zaru\u010deno, \u017ee bude m\u00edt \u010distotu alespo\u0148 99,8 procenta. Jak\u00e1koli \u0161ar\u017ee na\u0161ich v\u00fdzkumn\u00fdch chemik\u00e1li\u00ed m\u016f\u017ee b\u00fdt opat\u0159ena Certifik\u00e1tem anal\u00fdzy (COA).<\/p>\n<p>Jeden gram JWH-018 v ka\u017ed\u00e9 objedn\u00e1vkov\u00e9 jednotce obsahuje minim\u00e1ln\u011b 99,8% \u010distotu JWH-018.<\/p>\n<p>Na prodej je sprej JWH 018.<\/p>\n<p>Ne\u017e se pust\u00edme do JWH-018, r\u00e1di bychom v\u00e1m kr\u00e1tce p\u0159edstavili CBD.<br \/>\nPodle americk\u00e9 Public Library of Medicine, CBD, zkratka pro cannabidiol, je syntetick\u00e1 chemick\u00e1 l\u00e1tka odvozen\u00e1 z rostliny Cannabis sativa, n\u011bkdy zn\u00e1m\u00e9 jako cannabis nebo help.<br \/>\nV produktech, jako jsou oleje a po\u017eivatiny, se pou\u017e\u00edv\u00e1 k navozen\u00ed pocitu klidu a relaxace. Stejn\u011b jako jeho p\u0159\u00edbuzn\u00fd, THC (delta-9-tetrahydrokanabinoidy), CBD nem\u00e1 na t\u011blo psychotropn\u00ed \u00fa\u010dinek.<br \/>\nZestova dom\u00e1c\u00ed sm\u011bs \u201eZest\u201c obsahuje um\u011bl\u00fd kanabinoid zn\u00e1m\u00fd jako JWH-018. Vzhledem k podobn\u00fdm opojn\u00fdm \u00fa\u010dink\u016fm jako 9-THC je tento kanabinoid Zest u\u017e\u00edv\u00e1n neleg\u00e1ln\u011b. Zat\u00edmco JWH-018 je znateln\u011b \u00fa\u010dinn\u011bj\u0161\u00ed ne\u017e ekvivalentn\u00ed m\u011b\u0159en\u00ed konop\u00ed, p\u0159edstavuje tak\u00e9 obrovsk\u00e9 probl\u00e9my pro detekci standardn\u00edmi studiemi testov\u00e1n\u00ed 9-THC. JWH-018<br \/>\nJWH-018 byl p\u0159id\u00e1n na seznam l\u00e9k\u016f a syntetick\u00fdch l\u00e1tek, kter\u00e9 jsou p\u0159edm\u011btem z\u00e1jmu DEA v \u010dervenci 2009. N\u011bkter\u00e9 jurisdikce p\u0159ijaly opat\u0159en\u00ed k z\u00e1kazu prodeje nebo vlastnictv\u00ed Flavour (JWH-018), v\u010detn\u011b Alabamy, Arkansas , Georgia, Kansas, Kentucky, Severn\u00ed Dakota a Tennessee bez ohledu na hl\u00e1\u0161en\u00e9 \u00falovky Flavor v Ohiu a na Florid\u011b.<br \/>\nPokud jde o sprej jwh-018, pokud chcete to nejlep\u0161\u00ed, p\u0159i\u0161li jste na spr\u00e1vn\u00e9 m\u00edsto. Zas\u00edl\u00e1me vysoce kvalitn\u00ed zbo\u017e\u00ed ve velk\u00e9m mno\u017estv\u00ed po cel\u00e9m sv\u011bt\u011b. Sprej jwh-018 m\u016f\u017ee b\u00fdt v\u00e1\u0161 do p\u011bti pracovn\u00edch dn\u016f, pokud si objedn\u00e1te nyn\u00ed. Online n\u00e1kup jwh-018.<\/p>\n","protected":false},"excerpt":{"rendered":"<div class=\"woocommerce-product-details__short-description\">\n<p>Na na\u0161em webu m\u00e1me k prodeji JWH-018. Dosud nev\u00eddan\u00e9 v\u00fddaje. Verze ve spreji a pr\u00e1\u0161ku Best JWH-018 Essence je nyn\u00ed k dispozici ke koupi. medicinasinc.com je m\u00edsto, kde m\u016f\u017eete koupit JWH-018 online.<\/p>\n<p>Nakupte JWH-018 od renomovan\u00e9ho prodejce online. Chcete si koupit vysoce kvalitn\u00ed jwh-018 za n\u00edzkou cenu. Objednejte si u n\u00e1s a p\u0159idejte se k \u0159ad\u00e1m spokojen\u00fdch z\u00e1kazn\u00edk\u016f.<\/p>\n<p>JWH-018<\/p>\n<p>Produkt je zcela nov\u00fd.<\/p>\n<p>Kupte si JWH-018<\/p>\n<p>\u00da\u010dinn\u00e1 l\u00e1tka:<br \/>\nAktivn\u00ed po:<br \/>\nDoba p\u016fsoben\u00ed:<br \/>\nJedna objednac\u00ed jednotka:<\/p>\n<p>JWH-018<br \/>\n20-30 min. po pou\u017eit\u00ed<br \/>\n4\u20135 hodin<br \/>\n1 g min 99<\/p>\n<\/div>\n","protected":false},"featured_media":5558,"comment_status":"open","ping_status":"closed","template":"","meta":[],"product_brand":[],"product_cat":[2014],"product_tag":[3055,3051,3052,3061,3060,3053,3054,3058,3059,3064,3065,3067,3066,3068,3050,4176,3057,4175,3063,3062],"class_list":{"0":"post-5548","1":"product","2":"type-product","3":"status-publish","4":"has-post-thumbnail","6":"product_cat-koupit-vyzkumne-chemikalie","7":"product_tag-jwh-018-alternativa","8":"product_tag-buy-jwh-018-chemical","9":"product_tag-buy-jwh-018-powder","10":"product_tag-jwh-018-cena","11":"product_tag-jwh-018-prek-cena","12":"product_tag-how-to-make-jwh-018-spray","13":"product_tag-jwh-prek","14":"product_tag-jwh-018-online-buy","15":"product_tag-jwh-018-order","16":"product_tag-jwh-018-sale","17":"product_tag-jwh-018-spray-for-sale-uk","18":"product_tag-jwh-018-velkoobchod","19":"product_tag-jwh-018-walmart","20":"product_tag-jwh-250-spray","21":"product_tag-buy-jwh-018","22":"product_tag-ktere-obsahuji-jwh-018","23":"product_tag-jwh-018-na-prodej","24":"product_tag-produkty","25":"product_tag-recenze-jwh-018","26":"product_tag-jwh-018-reddit","28":"first","29":"instock","30":"shipping-taxable","31":"purchasable","32":"product-type-variable","33":"has-default-attributes"},"yoast_head":"<!-- This site is optimized with the Yoast SEO plugin v27.3 - https:\/\/yoast.com\/product\/yoast-seo-wordpress\/ -->\n<title>Koupit JWH-018 Chemical - JWH-018 Chemical Online - Nejlep\u0161\u00ed glob\u00e1ln\u00ed l\u00e9ky<\/title>\n<meta name=\"description\" content=\"Kupte si JWH-018 Chemical Powder Velk\u00e1 Brit\u00e1nie, Spojen\u00e9 arabsk\u00e9 emir\u00e1ty, Evropa, \u010c\u00edna v na\u0161em online obchodu medicinasinc.com s rychl\u00fdm celosv\u011btov\u00fdm doru\u010den\u00edm! Nejlep\u0161\u00ed JWH-018 pro objedn\u00e1n\u00ed najdete zde!\" \/>\n<meta name=\"robots\" content=\"index, follow, max-snippet:-1, max-image-preview:large, max-video-preview:-1\" \/>\n<link rel=\"canonical\" href=\"https:\/\/medicinasinc.com\/cs\/product\/buy-jwh-018-chemical\/\" \/>\n<meta property=\"og:locale\" content=\"en_US\" \/>\n<meta property=\"og:type\" content=\"article\" \/>\n<meta property=\"og:title\" content=\"Koupit JWH-018 Chemical - JWH-018 Chemical Online - Nejlep\u0161\u00ed glob\u00e1ln\u00ed l\u00e9ky\" \/>\n<meta property=\"og:description\" content=\"Kupte si JWH-018 Chemical Powder Velk\u00e1 Brit\u00e1nie, Spojen\u00e9 arabsk\u00e9 emir\u00e1ty, Evropa, \u010c\u00edna v na\u0161em online obchodu medicinasinc.com s rychl\u00fdm celosv\u011btov\u00fdm doru\u010den\u00edm! Nejlep\u0161\u00ed JWH-018 pro objedn\u00e1n\u00ed najdete zde!\" \/>\n<meta property=\"og:url\" content=\"https:\/\/medicinasinc.com\/cs\/product\/buy-jwh-018-chemical\/\" \/>\n<meta property=\"og:site_name\" content=\"Medicinas Inc\" \/>\n<meta property=\"article:modified_time\" content=\"2022-08-03T11:54:22+00:00\" \/>\n<meta property=\"og:image\" content=\"https:\/\/medicinasinc.com\/cs\/wp-content\/uploads\/sites\/2\/2022\/02\/Buy-JWH-018-Chemical.jpg\" \/>\n\t<meta property=\"og:image:width\" content=\"593\" \/>\n\t<meta property=\"og:image:height\" content=\"400\" \/>\n\t<meta property=\"og:image:type\" content=\"image\/jpeg\" \/>\n<meta name=\"twitter:card\" content=\"summary_large_image\" \/>\n<meta name=\"twitter:label1\" content=\"Est. reading time\" \/>\n\t<meta name=\"twitter:data1\" content=\"2 minutes\" \/>\n<script type=\"application\/ld+json\" class=\"yoast-schema-graph\">{\"@context\":\"https:\\\/\\\/schema.org\",\"@graph\":[{\"@type\":\"WebPage\",\"@id\":\"https:\\\/\\\/medicinasinc.com\\\/cs\\\/product\\\/buy-jwh-018-chemical\\\/\",\"url\":\"https:\\\/\\\/medicinasinc.com\\\/cs\\\/product\\\/buy-jwh-018-chemical\\\/\",\"name\":\"Koupit JWH-018 Chemical - JWH-018 Chemical Online - Nejlep\u0161\u00ed glob\u00e1ln\u00ed l\u00e9ky\",\"isPartOf\":{\"@id\":\"https:\\\/\\\/medicinasinc.com\\\/cs\\\/#website\"},\"primaryImageOfPage\":{\"@id\":\"https:\\\/\\\/medicinasinc.com\\\/cs\\\/product\\\/buy-jwh-018-chemical\\\/#primaryimage\"},\"image\":{\"@id\":\"https:\\\/\\\/medicinasinc.com\\\/cs\\\/product\\\/buy-jwh-018-chemical\\\/#primaryimage\"},\"thumbnailUrl\":\"https:\\\/\\\/medicinasinc.com\\\/cs\\\/wp-content\\\/uploads\\\/sites\\\/2\\\/2022\\\/02\\\/Buy-JWH-018-Chemical.jpg\",\"datePublished\":\"2022-02-22T01:32:32+00:00\",\"dateModified\":\"2022-08-03T11:54:22+00:00\",\"description\":\"Kupte si JWH-018 Chemical Powder Velk\u00e1 Brit\u00e1nie, Spojen\u00e9 arabsk\u00e9 emir\u00e1ty, Evropa, \u010c\u00edna v na\u0161em online obchodu medicinasinc.com s rychl\u00fdm celosv\u011btov\u00fdm doru\u010den\u00edm! Nejlep\u0161\u00ed JWH-018 pro objedn\u00e1n\u00ed najdete zde!\",\"breadcrumb\":{\"@id\":\"https:\\\/\\\/medicinasinc.com\\\/cs\\\/product\\\/buy-jwh-018-chemical\\\/#breadcrumb\"},\"inLanguage\":\"en-US\",\"potentialAction\":[{\"@type\":\"ReadAction\",\"target\":[\"https:\\\/\\\/medicinasinc.com\\\/cs\\\/product\\\/buy-jwh-018-chemical\\\/\"]}]},{\"@type\":\"ImageObject\",\"inLanguage\":\"en-US\",\"@id\":\"https:\\\/\\\/medicinasinc.com\\\/cs\\\/product\\\/buy-jwh-018-chemical\\\/#primaryimage\",\"url\":\"https:\\\/\\\/medicinasinc.com\\\/cs\\\/wp-content\\\/uploads\\\/sites\\\/2\\\/2022\\\/02\\\/Buy-JWH-018-Chemical.jpg\",\"contentUrl\":\"https:\\\/\\\/medicinasinc.com\\\/cs\\\/wp-content\\\/uploads\\\/sites\\\/2\\\/2022\\\/02\\\/Buy-JWH-018-Chemical.jpg\",\"width\":593,\"height\":400},{\"@type\":\"BreadcrumbList\",\"@id\":\"https:\\\/\\\/medicinasinc.com\\\/cs\\\/product\\\/buy-jwh-018-chemical\\\/#breadcrumb\",\"itemListElement\":[{\"@type\":\"ListItem\",\"position\":1,\"name\":\"Obchod\",\"item\":\"https:\\\/\\\/medicinasinc.com\\\/cs\\\/obchod\\\/\"},{\"@type\":\"ListItem\",\"position\":2,\"name\":\"Koupit JWH-018 Chemical\"}]},{\"@type\":\"WebSite\",\"@id\":\"https:\\\/\\\/medicinasinc.com\\\/cs\\\/#website\",\"url\":\"https:\\\/\\\/medicinasinc.com\\\/cs\\\/\",\"name\":\"Medicinas Inc\",\"description\":\"Health Medical Clinic\",\"potentialAction\":[{\"@type\":\"SearchAction\",\"target\":{\"@type\":\"EntryPoint\",\"urlTemplate\":\"https:\\\/\\\/medicinasinc.com\\\/cs\\\/?s={search_term_string}\"},\"query-input\":{\"@type\":\"PropertyValueSpecification\",\"valueRequired\":true,\"valueName\":\"search_term_string\"}}],\"inLanguage\":\"en-US\"}]}<\/script>\n<!-- \/ Yoast SEO plugin. -->","yoast_head_json":{"title":"Koupit JWH-018 Chemical - JWH-018 Chemical Online - Nejlep\u0161\u00ed glob\u00e1ln\u00ed l\u00e9ky","description":"Kupte si JWH-018 Chemical Powder Velk\u00e1 Brit\u00e1nie, Spojen\u00e9 arabsk\u00e9 emir\u00e1ty, Evropa, \u010c\u00edna v na\u0161em online obchodu medicinasinc.com s rychl\u00fdm celosv\u011btov\u00fdm doru\u010den\u00edm! Nejlep\u0161\u00ed JWH-018 pro objedn\u00e1n\u00ed najdete zde!","robots":{"index":"index","follow":"follow","max-snippet":"max-snippet:-1","max-image-preview":"max-image-preview:large","max-video-preview":"max-video-preview:-1"},"canonical":"https:\/\/medicinasinc.com\/cs\/product\/buy-jwh-018-chemical\/","og_locale":"en_US","og_type":"article","og_title":"Koupit JWH-018 Chemical - JWH-018 Chemical Online - Nejlep\u0161\u00ed glob\u00e1ln\u00ed l\u00e9ky","og_description":"Kupte si JWH-018 Chemical Powder Velk\u00e1 Brit\u00e1nie, Spojen\u00e9 arabsk\u00e9 emir\u00e1ty, Evropa, \u010c\u00edna v na\u0161em online obchodu medicinasinc.com s rychl\u00fdm celosv\u011btov\u00fdm doru\u010den\u00edm! Nejlep\u0161\u00ed JWH-018 pro objedn\u00e1n\u00ed najdete zde!","og_url":"https:\/\/medicinasinc.com\/cs\/product\/buy-jwh-018-chemical\/","og_site_name":"Medicinas Inc","article_modified_time":"2022-08-03T11:54:22+00:00","og_image":[{"width":593,"height":400,"url":"https:\/\/medicinasinc.com\/cs\/wp-content\/uploads\/sites\/2\/2022\/02\/Buy-JWH-018-Chemical.jpg","type":"image\/jpeg"}],"twitter_card":"summary_large_image","twitter_misc":{"Est. reading time":"2 minutes"},"schema":{"@context":"https:\/\/schema.org","@graph":[{"@type":"WebPage","@id":"https:\/\/medicinasinc.com\/cs\/product\/buy-jwh-018-chemical\/","url":"https:\/\/medicinasinc.com\/cs\/product\/buy-jwh-018-chemical\/","name":"Koupit JWH-018 Chemical - JWH-018 Chemical Online - Nejlep\u0161\u00ed glob\u00e1ln\u00ed l\u00e9ky","isPartOf":{"@id":"https:\/\/medicinasinc.com\/cs\/#website"},"primaryImageOfPage":{"@id":"https:\/\/medicinasinc.com\/cs\/product\/buy-jwh-018-chemical\/#primaryimage"},"image":{"@id":"https:\/\/medicinasinc.com\/cs\/product\/buy-jwh-018-chemical\/#primaryimage"},"thumbnailUrl":"https:\/\/medicinasinc.com\/cs\/wp-content\/uploads\/sites\/2\/2022\/02\/Buy-JWH-018-Chemical.jpg","datePublished":"2022-02-22T01:32:32+00:00","dateModified":"2022-08-03T11:54:22+00:00","description":"Kupte si JWH-018 Chemical Powder Velk\u00e1 Brit\u00e1nie, Spojen\u00e9 arabsk\u00e9 emir\u00e1ty, Evropa, \u010c\u00edna v na\u0161em online obchodu medicinasinc.com s rychl\u00fdm celosv\u011btov\u00fdm doru\u010den\u00edm! Nejlep\u0161\u00ed JWH-018 pro objedn\u00e1n\u00ed najdete zde!","breadcrumb":{"@id":"https:\/\/medicinasinc.com\/cs\/product\/buy-jwh-018-chemical\/#breadcrumb"},"inLanguage":"en-US","potentialAction":[{"@type":"ReadAction","target":["https:\/\/medicinasinc.com\/cs\/product\/buy-jwh-018-chemical\/"]}]},{"@type":"ImageObject","inLanguage":"en-US","@id":"https:\/\/medicinasinc.com\/cs\/product\/buy-jwh-018-chemical\/#primaryimage","url":"https:\/\/medicinasinc.com\/cs\/wp-content\/uploads\/sites\/2\/2022\/02\/Buy-JWH-018-Chemical.jpg","contentUrl":"https:\/\/medicinasinc.com\/cs\/wp-content\/uploads\/sites\/2\/2022\/02\/Buy-JWH-018-Chemical.jpg","width":593,"height":400},{"@type":"BreadcrumbList","@id":"https:\/\/medicinasinc.com\/cs\/product\/buy-jwh-018-chemical\/#breadcrumb","itemListElement":[{"@type":"ListItem","position":1,"name":"Obchod","item":"https:\/\/medicinasinc.com\/cs\/obchod\/"},{"@type":"ListItem","position":2,"name":"Koupit JWH-018 Chemical"}]},{"@type":"WebSite","@id":"https:\/\/medicinasinc.com\/cs\/#website","url":"https:\/\/medicinasinc.com\/cs\/","name":"Medicinas Inc","description":"Health Medical Clinic","potentialAction":[{"@type":"SearchAction","target":{"@type":"EntryPoint","urlTemplate":"https:\/\/medicinasinc.com\/cs\/?s={search_term_string}"},"query-input":{"@type":"PropertyValueSpecification","valueRequired":true,"valueName":"search_term_string"}}],"inLanguage":"en-US"}]}},"_links":{"self":[{"href":"https:\/\/medicinasinc.com\/cs\/wp-json\/wp\/v2\/product\/5548","targetHints":{"allow":["GET"]}}],"collection":[{"href":"https:\/\/medicinasinc.com\/cs\/wp-json\/wp\/v2\/product"}],"about":[{"href":"https:\/\/medicinasinc.com\/cs\/wp-json\/wp\/v2\/types\/product"}],"replies":[{"embeddable":true,"href":"https:\/\/medicinasinc.com\/cs\/wp-json\/wp\/v2\/comments?post=5548"}],"wp:featuredmedia":[{"embeddable":true,"href":"https:\/\/medicinasinc.com\/cs\/wp-json\/wp\/v2\/media\/5558"}],"wp:attachment":[{"href":"https:\/\/medicinasinc.com\/cs\/wp-json\/wp\/v2\/media?parent=5548"}],"wp:term":[{"taxonomy":"product_brand","embeddable":true,"href":"https:\/\/medicinasinc.com\/cs\/wp-json\/wp\/v2\/product_brand?post=5548"},{"taxonomy":"product_cat","embeddable":true,"href":"https:\/\/medicinasinc.com\/cs\/wp-json\/wp\/v2\/product_cat?post=5548"},{"taxonomy":"product_tag","embeddable":true,"href":"https:\/\/medicinasinc.com\/cs\/wp-json\/wp\/v2\/product_tag?post=5548"}],"curies":[{"name":"wp","href":"https:\/\/api.w.org\/{rel}","templated":true}]}}