{"id":5547,"date":"2022-02-22T01:30:48","date_gmt":"2022-02-22T01:30:48","guid":{"rendered":"https:\/\/medicinasinc.com\/cs\/?post_type=product&#038;p=5547"},"modified":"2022-03-14T11:38:54","modified_gmt":"2022-03-14T11:38:54","slug":"buy-jwh-200-chemical","status":"publish","type":"product","link":"https:\/\/medicinasinc.com\/cs\/product\/buy-jwh-200-chemical\/","title":{"rendered":"Koupit JWH-200 Chemical"},"content":{"rendered":"<p>Zeptejte se na n\u00e1kup chemik\u00e1lie JWH-200<\/p>\n<p>V rodin\u011b naftoylindol\u016f je AM-678 (1-pentyl-3-(1-naftoyl)indol) analgetikum, kter\u00e9 je \u00fapln\u00fdm agonistou kanabinoidn\u00ed receptory CB1 i CB2, s m\u00edrnou preferenc\u00ed pro receptor CB2. Pou\u017e\u00edv\u00e1 se v syntetick\u00fdch konopn\u00fdch produktech, kter\u00e9 se v n\u011bkter\u00fdch zem\u00edch leg\u00e1ln\u011b prod\u00e1vaj\u00ed jako \u201esm\u011bsi kadidla\u201c, proto\u017ee m\u00e1 na zv\u00ed\u0159ata \u00fa\u010dinky srovnateln\u00e9 s \u00fa\u010dinky tetrahydrokanabinolu (THC), kanabinoidu p\u0159irozen\u011b se vyskytuj\u00edc\u00edho v konop\u00ed. Research Chemicals JWH-200<\/p>\n<p>Na krys\u00e1ch Wistar, kter\u00fdm byl pod\u00e1n etanolov\u00fd extrakt obsahuj\u00edc\u00ed JWH-200, byla studov\u00e1na metabolick\u00e1 aktivita l\u00e9ku. Pot\u00e9 n\u00e1sledovala extrakce metabolit\u016f JWH-200 z 24hodinov\u00fdch vzork\u016f mo\u010di za pou\u017eit\u00ed separa\u010dn\u00ed kapaln\u00e9 i pevn\u00e9 f\u00e1ze. Extrahovan\u00e9 chemik\u00e1lie byly separov\u00e1ny a identifikov\u00e1ny pomoc\u00ed GC-MS. Hlavn\u00edm sign\u00e1lem byly hydroxylovan\u00e9 N-dealkylovan\u00e9 metabolity, nikoli JWH-200 nebo jeho N-dealkylovan\u00fd metabolit. Pozorovan\u00fd posun hmoty nazna\u010duje, \u017ee naftalenov\u00e9 a indolov\u00e9 hydroxylov\u00e9 skupiny molekuly pravd\u011bpodobn\u011b podl\u00e9haj\u00ed hydroxylaci. Hydroxylovan\u00e9 metabolity byly u lid\u00ed \u0161iroce konjugov\u00e1ny s glukuronidem, a\u010dkoli prim\u00e1rn\u00edmi m\u00edsty metabolismu byly indolov\u00fd kruh a pentylov\u00fd postrann\u00ed \u0159et\u011bzec.<\/p>\n<p>V\u00fdzkum chemick\u00e9ho pou\u017eit\u00ed JWH-200<\/p>\n<p>M\u00e9dia maj\u00ed hl\u00e1\u0161eny alespo\u0148 jeden p\u0159\u00edpad z\u00e1vislosti na JWH-200. Po dobu osmi m\u011bs\u00edc\u016f u\u017eivatel denn\u011b pil JWH-018. Ve srovn\u00e1n\u00ed s \u00fa\u010dinky z\u00e1vislosti na konop\u00ed zde byly abstinen\u010dn\u00ed p\u0159\u00edznaky z\u00e1va\u017en\u011bj\u0161\u00ed. Po l\u00e9\u010db\u011b bylo prok\u00e1z\u00e1no, \u017ee JWH-200 vytv\u00e1\u0159\u00ed v\u00fdznamn\u00e9 zm\u011bny v hustot\u011b receptoru CB1. M\u00e9n\u011b rychle ne\u017e srovnateln\u00e9 kanabinoidy zp\u016fsobuje toleranci k jeho \u00fa\u010dink\u016fm.<\/p>\n","protected":false},"excerpt":{"rendered":"<div class=\"woocommerce-product-details__short-description\">\n<p>Kupte si chemick\u00fd pr\u00e1\u0161ek JWH-200 na prodej ve Velk\u00e9 Brit\u00e1nii a Evrop\u011b online. (1-(2-morfolin-4-ylethyl)indol-3-yl)naftalen-1-ylmethanon je jin\u00fd n\u00e1zev. P\u0159ij\u010fte a nakupujte hned!. M\u00e1me nejlep\u0161\u00ed diskr\u00e9tn\u00ed zp\u016fsob balen\u00ed a dopravy.<\/p>\n<\/p><\/div>\n","protected":false},"featured_media":5556,"comment_status":"open","ping_status":"closed","template":"","meta":[],"product_brand":[],"product_cat":[2014],"product_tag":[3030,3031,3033,3034,3035,3037,3042,3043,3044,3045,3047,3049,3036,3032,3048,3040,3039,3029,3041,3038,3046],"class_list":{"0":"post-5547","1":"product","2":"type-product","3":"status-publish","4":"has-post-thumbnail","6":"product_cat-koupit-vyzkumne-chemikalie","7":"product_tag-buy-jwh-200-chemical","8":"product_tag-buy-jwh-200-online","9":"product_tag-jak-objednat-jwh-200-online","10":"product_tag-jwh-018","11":"product_tag-jwh-073","12":"product_tag-jwh-200-effect","13":"product_tag-jwh-200-retail","14":"product_tag-jwh-200-review","15":"product_tag-jwh-200-sale","16":"product_tag-jwh-200-sell","17":"product_tag-jwh-250","18":"product_tag-kde-k-objednat-jwh-200-chemiklie-pro-vzkum","19":"product_tag-jwh-200-buy","20":"product_tag-buy-jwh-200-research-chemicals","21":"product_tag-nkup-jwh-200-vzkumnch-chemikli","22":"product_tag-jwh-200-objednvka","23":"product_tag-jwh-200-na-prodej","24":"product_tag-rno-2233","25":"product_tag-jwh-200-reddit","26":"product_tag-efekt-jwh-200","27":"product_tag-jwh-200-velkoobchod","29":"first","30":"instock","31":"shipping-taxable","32":"purchasable","33":"product-type-variable","34":"has-default-attributes"},"yoast_head":"<!-- This site is optimized with the Yoast SEO plugin v27.3 - https:\/\/yoast.com\/product\/yoast-seo-wordpress\/ -->\n<title>Koupit JWH-200 Chemical - JWH-200 Chemical - Nejlep\u0161\u00ed glob\u00e1ln\u00ed l\u00e9ky<\/title>\n<meta name=\"description\" content=\"Koupit chemick\u00fd pr\u00e1\u0161ek JWH-200 na prodej ve Velk\u00e9 Brit\u00e1nii, Evrop\u011b online. (1-(2-morfolin-4-ylethyl)indol-3-yl)naftalen-1-ylmethanon je jin\u00fd n\u00e1zev. P\u0159ij\u010fte a nakupujte hned!. M\u00e1me nejlep\u0161\u00ed diskr\u00e9tn\u00ed zp\u016fsob balen\u00ed a dopravy.\" \/>\n<meta name=\"robots\" content=\"index, follow, max-snippet:-1, max-image-preview:large, max-video-preview:-1\" \/>\n<link rel=\"canonical\" href=\"https:\/\/medicinasinc.com\/cs\/product\/buy-jwh-200-chemical\/\" \/>\n<meta property=\"og:locale\" content=\"en_US\" \/>\n<meta property=\"og:type\" content=\"article\" \/>\n<meta property=\"og:title\" content=\"Koupit JWH-200 Chemical - JWH-200 Chemical - Nejlep\u0161\u00ed glob\u00e1ln\u00ed l\u00e9ky\" \/>\n<meta property=\"og:description\" content=\"Koupit chemick\u00fd pr\u00e1\u0161ek JWH-200 na prodej ve Velk\u00e9 Brit\u00e1nii, Evrop\u011b online. (1-(2-morfolin-4-ylethyl)indol-3-yl)naftalen-1-ylmethanon je jin\u00fd n\u00e1zev. P\u0159ij\u010fte a nakupujte hned!. M\u00e1me nejlep\u0161\u00ed diskr\u00e9tn\u00ed zp\u016fsob balen\u00ed a dopravy.\" \/>\n<meta property=\"og:url\" content=\"https:\/\/medicinasinc.com\/cs\/product\/buy-jwh-200-chemical\/\" \/>\n<meta property=\"og:site_name\" content=\"Medicinas Inc\" \/>\n<meta property=\"article:modified_time\" content=\"2022-03-14T11:38:54+00:00\" \/>\n<meta property=\"og:image\" content=\"https:\/\/medicinasinc.com\/cs\/wp-content\/uploads\/sites\/2\/2022\/02\/Buy-JWH-200-Chemical.jpg\" \/>\n\t<meta property=\"og:image:width\" content=\"458\" \/>\n\t<meta property=\"og:image:height\" content=\"458\" \/>\n\t<meta property=\"og:image:type\" content=\"image\/jpeg\" \/>\n<meta name=\"twitter:card\" content=\"summary_large_image\" \/>\n<meta name=\"twitter:label1\" content=\"Est. reading time\" \/>\n\t<meta name=\"twitter:data1\" content=\"2 minutes\" \/>\n<script type=\"application\/ld+json\" class=\"yoast-schema-graph\">{\"@context\":\"https:\\\/\\\/schema.org\",\"@graph\":[{\"@type\":\"WebPage\",\"@id\":\"https:\\\/\\\/medicinasinc.com\\\/cs\\\/product\\\/buy-jwh-200-chemical\\\/\",\"url\":\"https:\\\/\\\/medicinasinc.com\\\/cs\\\/product\\\/buy-jwh-200-chemical\\\/\",\"name\":\"Koupit JWH-200 Chemical - JWH-200 Chemical - Nejlep\u0161\u00ed glob\u00e1ln\u00ed l\u00e9ky\",\"isPartOf\":{\"@id\":\"https:\\\/\\\/medicinasinc.com\\\/cs\\\/#website\"},\"primaryImageOfPage\":{\"@id\":\"https:\\\/\\\/medicinasinc.com\\\/cs\\\/product\\\/buy-jwh-200-chemical\\\/#primaryimage\"},\"image\":{\"@id\":\"https:\\\/\\\/medicinasinc.com\\\/cs\\\/product\\\/buy-jwh-200-chemical\\\/#primaryimage\"},\"thumbnailUrl\":\"https:\\\/\\\/medicinasinc.com\\\/cs\\\/wp-content\\\/uploads\\\/sites\\\/2\\\/2022\\\/02\\\/Buy-JWH-200-Chemical.jpg\",\"datePublished\":\"2022-02-22T01:30:48+00:00\",\"dateModified\":\"2022-03-14T11:38:54+00:00\",\"description\":\"Koupit chemick\u00fd pr\u00e1\u0161ek JWH-200 na prodej ve Velk\u00e9 Brit\u00e1nii, Evrop\u011b online. (1-(2-morfolin-4-ylethyl)indol-3-yl)naftalen-1-ylmethanon je jin\u00fd n\u00e1zev. P\u0159ij\u010fte a nakupujte hned!. M\u00e1me nejlep\u0161\u00ed diskr\u00e9tn\u00ed zp\u016fsob balen\u00ed a dopravy.\",\"breadcrumb\":{\"@id\":\"https:\\\/\\\/medicinasinc.com\\\/cs\\\/product\\\/buy-jwh-200-chemical\\\/#breadcrumb\"},\"inLanguage\":\"en-US\",\"potentialAction\":[{\"@type\":\"ReadAction\",\"target\":[\"https:\\\/\\\/medicinasinc.com\\\/cs\\\/product\\\/buy-jwh-200-chemical\\\/\"]}]},{\"@type\":\"ImageObject\",\"inLanguage\":\"en-US\",\"@id\":\"https:\\\/\\\/medicinasinc.com\\\/cs\\\/product\\\/buy-jwh-200-chemical\\\/#primaryimage\",\"url\":\"https:\\\/\\\/medicinasinc.com\\\/cs\\\/wp-content\\\/uploads\\\/sites\\\/2\\\/2022\\\/02\\\/Buy-JWH-200-Chemical.jpg\",\"contentUrl\":\"https:\\\/\\\/medicinasinc.com\\\/cs\\\/wp-content\\\/uploads\\\/sites\\\/2\\\/2022\\\/02\\\/Buy-JWH-200-Chemical.jpg\",\"width\":458,\"height\":458},{\"@type\":\"BreadcrumbList\",\"@id\":\"https:\\\/\\\/medicinasinc.com\\\/cs\\\/product\\\/buy-jwh-200-chemical\\\/#breadcrumb\",\"itemListElement\":[{\"@type\":\"ListItem\",\"position\":1,\"name\":\"Obchod\",\"item\":\"https:\\\/\\\/medicinasinc.com\\\/cs\\\/obchod\\\/\"},{\"@type\":\"ListItem\",\"position\":2,\"name\":\"Koupit JWH-200 Chemical\"}]},{\"@type\":\"WebSite\",\"@id\":\"https:\\\/\\\/medicinasinc.com\\\/cs\\\/#website\",\"url\":\"https:\\\/\\\/medicinasinc.com\\\/cs\\\/\",\"name\":\"Medicinas Inc\",\"description\":\"Health Medical Clinic\",\"potentialAction\":[{\"@type\":\"SearchAction\",\"target\":{\"@type\":\"EntryPoint\",\"urlTemplate\":\"https:\\\/\\\/medicinasinc.com\\\/cs\\\/?s={search_term_string}\"},\"query-input\":{\"@type\":\"PropertyValueSpecification\",\"valueRequired\":true,\"valueName\":\"search_term_string\"}}],\"inLanguage\":\"en-US\"}]}<\/script>\n<!-- \/ Yoast SEO plugin. -->","yoast_head_json":{"title":"Koupit JWH-200 Chemical - JWH-200 Chemical - Nejlep\u0161\u00ed glob\u00e1ln\u00ed l\u00e9ky","description":"Koupit chemick\u00fd pr\u00e1\u0161ek JWH-200 na prodej ve Velk\u00e9 Brit\u00e1nii, Evrop\u011b online. (1-(2-morfolin-4-ylethyl)indol-3-yl)naftalen-1-ylmethanon je jin\u00fd n\u00e1zev. P\u0159ij\u010fte a nakupujte hned!. M\u00e1me nejlep\u0161\u00ed diskr\u00e9tn\u00ed zp\u016fsob balen\u00ed a dopravy.","robots":{"index":"index","follow":"follow","max-snippet":"max-snippet:-1","max-image-preview":"max-image-preview:large","max-video-preview":"max-video-preview:-1"},"canonical":"https:\/\/medicinasinc.com\/cs\/product\/buy-jwh-200-chemical\/","og_locale":"en_US","og_type":"article","og_title":"Koupit JWH-200 Chemical - JWH-200 Chemical - Nejlep\u0161\u00ed glob\u00e1ln\u00ed l\u00e9ky","og_description":"Koupit chemick\u00fd pr\u00e1\u0161ek JWH-200 na prodej ve Velk\u00e9 Brit\u00e1nii, Evrop\u011b online. (1-(2-morfolin-4-ylethyl)indol-3-yl)naftalen-1-ylmethanon je jin\u00fd n\u00e1zev. P\u0159ij\u010fte a nakupujte hned!. M\u00e1me nejlep\u0161\u00ed diskr\u00e9tn\u00ed zp\u016fsob balen\u00ed a dopravy.","og_url":"https:\/\/medicinasinc.com\/cs\/product\/buy-jwh-200-chemical\/","og_site_name":"Medicinas Inc","article_modified_time":"2022-03-14T11:38:54+00:00","og_image":[{"width":458,"height":458,"url":"https:\/\/medicinasinc.com\/cs\/wp-content\/uploads\/sites\/2\/2022\/02\/Buy-JWH-200-Chemical.jpg","type":"image\/jpeg"}],"twitter_card":"summary_large_image","twitter_misc":{"Est. reading time":"2 minutes"},"schema":{"@context":"https:\/\/schema.org","@graph":[{"@type":"WebPage","@id":"https:\/\/medicinasinc.com\/cs\/product\/buy-jwh-200-chemical\/","url":"https:\/\/medicinasinc.com\/cs\/product\/buy-jwh-200-chemical\/","name":"Koupit JWH-200 Chemical - JWH-200 Chemical - Nejlep\u0161\u00ed glob\u00e1ln\u00ed l\u00e9ky","isPartOf":{"@id":"https:\/\/medicinasinc.com\/cs\/#website"},"primaryImageOfPage":{"@id":"https:\/\/medicinasinc.com\/cs\/product\/buy-jwh-200-chemical\/#primaryimage"},"image":{"@id":"https:\/\/medicinasinc.com\/cs\/product\/buy-jwh-200-chemical\/#primaryimage"},"thumbnailUrl":"https:\/\/medicinasinc.com\/cs\/wp-content\/uploads\/sites\/2\/2022\/02\/Buy-JWH-200-Chemical.jpg","datePublished":"2022-02-22T01:30:48+00:00","dateModified":"2022-03-14T11:38:54+00:00","description":"Koupit chemick\u00fd pr\u00e1\u0161ek JWH-200 na prodej ve Velk\u00e9 Brit\u00e1nii, Evrop\u011b online. (1-(2-morfolin-4-ylethyl)indol-3-yl)naftalen-1-ylmethanon je jin\u00fd n\u00e1zev. P\u0159ij\u010fte a nakupujte hned!. M\u00e1me nejlep\u0161\u00ed diskr\u00e9tn\u00ed zp\u016fsob balen\u00ed a dopravy.","breadcrumb":{"@id":"https:\/\/medicinasinc.com\/cs\/product\/buy-jwh-200-chemical\/#breadcrumb"},"inLanguage":"en-US","potentialAction":[{"@type":"ReadAction","target":["https:\/\/medicinasinc.com\/cs\/product\/buy-jwh-200-chemical\/"]}]},{"@type":"ImageObject","inLanguage":"en-US","@id":"https:\/\/medicinasinc.com\/cs\/product\/buy-jwh-200-chemical\/#primaryimage","url":"https:\/\/medicinasinc.com\/cs\/wp-content\/uploads\/sites\/2\/2022\/02\/Buy-JWH-200-Chemical.jpg","contentUrl":"https:\/\/medicinasinc.com\/cs\/wp-content\/uploads\/sites\/2\/2022\/02\/Buy-JWH-200-Chemical.jpg","width":458,"height":458},{"@type":"BreadcrumbList","@id":"https:\/\/medicinasinc.com\/cs\/product\/buy-jwh-200-chemical\/#breadcrumb","itemListElement":[{"@type":"ListItem","position":1,"name":"Obchod","item":"https:\/\/medicinasinc.com\/cs\/obchod\/"},{"@type":"ListItem","position":2,"name":"Koupit JWH-200 Chemical"}]},{"@type":"WebSite","@id":"https:\/\/medicinasinc.com\/cs\/#website","url":"https:\/\/medicinasinc.com\/cs\/","name":"Medicinas Inc","description":"Health Medical Clinic","potentialAction":[{"@type":"SearchAction","target":{"@type":"EntryPoint","urlTemplate":"https:\/\/medicinasinc.com\/cs\/?s={search_term_string}"},"query-input":{"@type":"PropertyValueSpecification","valueRequired":true,"valueName":"search_term_string"}}],"inLanguage":"en-US"}]}},"_links":{"self":[{"href":"https:\/\/medicinasinc.com\/cs\/wp-json\/wp\/v2\/product\/5547","targetHints":{"allow":["GET"]}}],"collection":[{"href":"https:\/\/medicinasinc.com\/cs\/wp-json\/wp\/v2\/product"}],"about":[{"href":"https:\/\/medicinasinc.com\/cs\/wp-json\/wp\/v2\/types\/product"}],"replies":[{"embeddable":true,"href":"https:\/\/medicinasinc.com\/cs\/wp-json\/wp\/v2\/comments?post=5547"}],"wp:featuredmedia":[{"embeddable":true,"href":"https:\/\/medicinasinc.com\/cs\/wp-json\/wp\/v2\/media\/5556"}],"wp:attachment":[{"href":"https:\/\/medicinasinc.com\/cs\/wp-json\/wp\/v2\/media?parent=5547"}],"wp:term":[{"taxonomy":"product_brand","embeddable":true,"href":"https:\/\/medicinasinc.com\/cs\/wp-json\/wp\/v2\/product_brand?post=5547"},{"taxonomy":"product_cat","embeddable":true,"href":"https:\/\/medicinasinc.com\/cs\/wp-json\/wp\/v2\/product_cat?post=5547"},{"taxonomy":"product_tag","embeddable":true,"href":"https:\/\/medicinasinc.com\/cs\/wp-json\/wp\/v2\/product_tag?post=5547"}],"curies":[{"name":"wp","href":"https:\/\/api.w.org\/{rel}","templated":true}]}}